{"id":24217,"date":"2025-01-02T10:10:32","date_gmt":"2025-01-02T10:10:32","guid":{"rendered":"https:\/\/escolagrancapita.wpcomstaging.com\/?page_id=24217"},"modified":"2025-01-02T10:13:10","modified_gmt":"2025-01-02T10:13:10","slug":"taller-de-primers-auxilis-2","status":"publish","type":"page","link":"https:\/\/escolagrancapita.wpcomstaging.com\/?page_id=24217","title":{"rendered":"Taller de primers auxilis"},"content":{"rendered":"<p style=\"text-align: justify;\">El passat 29 de novembre, 3r d\u2019ESO va participar en un <strong>taller intensiu de primers auxilis<\/strong> organitzat per la <a href=\"https:\/\/www2.cruzroja.es\/web\/creu-roja\/que-fem\" target=\"_blank\" rel=\"noopener\">Creu Roja<\/a>, una experi\u00e8ncia educativa i enriquidora. Durant aquesta jornada, l\u2019alumnat va tenir l&#8217;oportunitat d&#8217;aprendre i practicar t\u00e8cniques essencials per actuar en situacions d&#8217;emerg\u00e8ncia, sota la supervisi\u00f3 d\u2019un t\u00e8cnic especialitzat.<\/p>\n<p style=\"text-align: justify;\">L&#8217;objectiu principal del taller va ser dotar-los de nocions b\u00e0siques necess\u00e0ries per respondre de manera efectiva davant incidents que requereixin primers auxilis. Entre les pr\u00e0ctiques realitzades, van aprendre la <a href=\"https:\/\/ca.wikipedia.org\/wiki\/Maniobra_de_Heimlich\" target=\"_blank\" rel=\"noopener\">maniobra de Heimlich<\/a>, dissenyada per desobstruir les vies respirat\u00f2ries en casos d\u2019asf\u00edxia, i la <a href=\"https:\/\/ca.wikipedia.org\/wiki\/Reanimaci%C3%B3_cardiopulmonar\" target=\"_blank\" rel=\"noopener\">reanimaci\u00f3 cardiovascular (RCP)<\/a>, una habilitat vital en situacions de parada card\u00edaca.<\/p>\n<div id='gallery-1' class='gallery galleryid-24217 gallery-columns-3 gallery-size-full'><figure class='gallery-item'>\n\t\t\t<div class='gallery-icon landscape'>\n\t\t\t\t<img loading=\"lazy\" decoding=\"async\" width=\"1600\" height=\"1200\" src=\"https:\/\/i0.wp.com\/escolagrancapita.wpcomstaging.com\/wp-content\/uploads\/2025\/01\/3ESO_Auxilis-2.jpeg?fit=1600%2C1200&amp;ssl=1\" class=\"attachment-full size-full\" alt=\"\" srcset=\"https:\/\/i0.wp.com\/escolagrancapita.wpcomstaging.com\/wp-content\/uploads\/2025\/01\/3ESO_Auxilis-2.jpeg?w=1600&amp;ssl=1 1600w, https:\/\/i0.wp.com\/escolagrancapita.wpcomstaging.com\/wp-content\/uploads\/2025\/01\/3ESO_Auxilis-2.jpeg?resize=300%2C225&amp;ssl=1 300w, https:\/\/i0.wp.com\/escolagrancapita.wpcomstaging.com\/wp-content\/uploads\/2025\/01\/3ESO_Auxilis-2.jpeg?resize=1024%2C768&amp;ssl=1 1024w, https:\/\/i0.wp.com\/escolagrancapita.wpcomstaging.com\/wp-content\/uploads\/2025\/01\/3ESO_Auxilis-2.jpeg?resize=768%2C576&amp;ssl=1 768w, https:\/\/i0.wp.com\/escolagrancapita.wpcomstaging.com\/wp-content\/uploads\/2025\/01\/3ESO_Auxilis-2.jpeg?resize=1536%2C1152&amp;ssl=1 1536w\" sizes=\"auto, (max-width: 750px) 100vw, 750px\" \/>\n\t\t\t<\/div><\/figure><figure class='gallery-item'>\n\t\t\t<div class='gallery-icon landscape'>\n\t\t\t\t<img loading=\"lazy\" decoding=\"async\" width=\"1600\" height=\"1200\" src=\"https:\/\/i0.wp.com\/escolagrancapita.wpcomstaging.com\/wp-content\/uploads\/2025\/01\/3ESO_Auxilis-1.jpeg?fit=1600%2C1200&amp;ssl=1\" class=\"attachment-full size-full\" alt=\"\" srcset=\"https:\/\/i0.wp.com\/escolagrancapita.wpcomstaging.com\/wp-content\/uploads\/2025\/01\/3ESO_Auxilis-1.jpeg?w=1600&amp;ssl=1 1600w, https:\/\/i0.wp.com\/escolagrancapita.wpcomstaging.com\/wp-content\/uploads\/2025\/01\/3ESO_Auxilis-1.jpeg?resize=300%2C225&amp;ssl=1 300w, https:\/\/i0.wp.com\/escolagrancapita.wpcomstaging.com\/wp-content\/uploads\/2025\/01\/3ESO_Auxilis-1.jpeg?resize=1024%2C768&amp;ssl=1 1024w, https:\/\/i0.wp.com\/escolagrancapita.wpcomstaging.com\/wp-content\/uploads\/2025\/01\/3ESO_Auxilis-1.jpeg?resize=768%2C576&amp;ssl=1 768w, https:\/\/i0.wp.com\/escolagrancapita.wpcomstaging.com\/wp-content\/uploads\/2025\/01\/3ESO_Auxilis-1.jpeg?resize=1536%2C1152&amp;ssl=1 1536w\" sizes=\"auto, (max-width: 750px) 100vw, 750px\" \/>\n\t\t\t<\/div><\/figure><figure class='gallery-item'>\n\t\t\t<div class='gallery-icon landscape'>\n\t\t\t\t<img loading=\"lazy\" decoding=\"async\" width=\"1600\" height=\"1200\" src=\"https:\/\/i0.wp.com\/escolagrancapita.wpcomstaging.com\/wp-content\/uploads\/2025\/01\/3ESO_Auxilis-3.jpeg?fit=1600%2C1200&amp;ssl=1\" class=\"attachment-full size-full\" alt=\"\" srcset=\"https:\/\/i0.wp.com\/escolagrancapita.wpcomstaging.com\/wp-content\/uploads\/2025\/01\/3ESO_Auxilis-3.jpeg?w=1600&amp;ssl=1 1600w, https:\/\/i0.wp.com\/escolagrancapita.wpcomstaging.com\/wp-content\/uploads\/2025\/01\/3ESO_Auxilis-3.jpeg?resize=300%2C225&amp;ssl=1 300w, https:\/\/i0.wp.com\/escolagrancapita.wpcomstaging.com\/wp-content\/uploads\/2025\/01\/3ESO_Auxilis-3.jpeg?resize=1024%2C768&amp;ssl=1 1024w, https:\/\/i0.wp.com\/escolagrancapita.wpcomstaging.com\/wp-content\/uploads\/2025\/01\/3ESO_Auxilis-3.jpeg?resize=768%2C576&amp;ssl=1 768w, https:\/\/i0.wp.com\/escolagrancapita.wpcomstaging.com\/wp-content\/uploads\/2025\/01\/3ESO_Auxilis-3.jpeg?resize=1536%2C1152&amp;ssl=1 1536w\" sizes=\"auto, (max-width: 750px) 100vw, 750px\" \/>\n\t\t\t<\/div><\/figure>\n\t\t<\/div>\n\n<p style=\"text-align: justify;\">Els participants van mostrar gran inter\u00e8s i comprom\u00eds durant tot el taller, i els instructors de la Creu Roja van destacar l\u2019actitud positiva i la disposici\u00f3 a aprendre dels nois i noies. Aquesta formaci\u00f3 no nom\u00e9s els ha proporcionat coneixements pr\u00e0ctics, sin\u00f3 que tamb\u00e9 ha refor\u00e7at la seva confian\u00e7a per actuar en moments cr\u00edtics.<\/p>\n<p style=\"text-align: center;\"><iframe loading=\"lazy\" title=\"Taller de primers auxilis\" src=\"https:\/\/www.youtube.com\/embed\/InZWf46I2ew\" width=\"895\" height=\"507\" frameborder=\"0\" allowfullscreen=\"allowfullscreen\"><\/iframe><\/p>\n<p style=\"text-align: justify;\">Des de l\u2019escola, valorem molt iniciatives com aquesta, que fomenten la formaci\u00f3 en primers auxilis i contribueixen a la seguretat personal i col\u00b7lectiva.<strong> Estem orgullosos de 3r d\u2019ESO i els animem a continuar aprenent i preparant-se per afrontar qualsevol situaci\u00f3 d\u2019emerg\u00e8ncia amb determinaci\u00f3 i efic\u00e0cia.<\/strong><\/p>\n","protected":false},"excerpt":{"rendered":"<p>El passat 29 de novembre, 3r d\u2019ESO va participar en un taller intensiu de primers auxilis organitzat per la Creu Roja, una experi\u00e8ncia educativa i enriquidora. Durant aquesta jornada, l\u2019alumnat va tenir l&#8217;oportunitat d&#8217;aprendre i practicar t\u00e8cniques essencials per actuar<\/p>\n","protected":false},"author":1,"featured_media":0,"parent":0,"menu_order":0,"comment_status":"closed","ping_status":"closed","template":"","meta":{"_crdt_document":"","footnotes":""},"categories":[75],"tags":[149,43,126],"class_list":["post-24217","page","type-page","status-publish","hentry","category-activitats","tag-curs-2024-25","tag-ed-secundaria","tag-salut"],"jetpack_sharing_enabled":true,"_links":{"self":[{"href":"https:\/\/escolagrancapita.wpcomstaging.com\/index.php?rest_route=\/wp\/v2\/pages\/24217","targetHints":{"allow":["GET"]}}],"collection":[{"href":"https:\/\/escolagrancapita.wpcomstaging.com\/index.php?rest_route=\/wp\/v2\/pages"}],"about":[{"href":"https:\/\/escolagrancapita.wpcomstaging.com\/index.php?rest_route=\/wp\/v2\/types\/page"}],"author":[{"embeddable":true,"href":"https:\/\/escolagrancapita.wpcomstaging.com\/index.php?rest_route=\/wp\/v2\/users\/1"}],"replies":[{"embeddable":true,"href":"https:\/\/escolagrancapita.wpcomstaging.com\/index.php?rest_route=%2Fwp%2Fv2%2Fcomments&post=24217"}],"version-history":[{"count":3,"href":"https:\/\/escolagrancapita.wpcomstaging.com\/index.php?rest_route=\/wp\/v2\/pages\/24217\/revisions"}],"predecessor-version":[{"id":24223,"href":"https:\/\/escolagrancapita.wpcomstaging.com\/index.php?rest_route=\/wp\/v2\/pages\/24217\/revisions\/24223"}],"wp:attachment":[{"href":"https:\/\/escolagrancapita.wpcomstaging.com\/index.php?rest_route=%2Fwp%2Fv2%2Fmedia&parent=24217"}],"wp:term":[{"taxonomy":"category","embeddable":true,"href":"https:\/\/escolagrancapita.wpcomstaging.com\/index.php?rest_route=%2Fwp%2Fv2%2Fcategories&post=24217"},{"taxonomy":"post_tag","embeddable":true,"href":"https:\/\/escolagrancapita.wpcomstaging.com\/index.php?rest_route=%2Fwp%2Fv2%2Ftags&post=24217"}],"curies":[{"name":"wp","href":"https:\/\/api.w.org\/{rel}","templated":true}]}}