{"id":24239,"date":"2025-01-02T10:36:38","date_gmt":"2025-01-02T10:36:38","guid":{"rendered":"https:\/\/escolagrancapita.wpcomstaging.com\/?page_id=24239"},"modified":"2025-01-02T10:41:44","modified_gmt":"2025-01-02T10:41:44","slug":"sorprenent-a-les-families-amb-poemes-de-nadal","status":"publish","type":"page","link":"https:\/\/escolagrancapita.wpcomstaging.com\/?page_id=24239","title":{"rendered":"Sorprenent a les fam\u00edlies amb poemes de Nadal"},"content":{"rendered":"<p style=\"text-align: justify;\">Aquest Nadal, Infantil ha preparat una sorpresa molt especial per a les fam\u00edlies. Amb entusiasme i dedicaci\u00f3, han apr\u00e8s i recitat poemes nadalencs que van gravar per regalar-los un record ple de m\u00e0gia en la nit de Nadal.<\/p>\n<p style=\"text-align: justify;\">Durant les darreres setmanes, han treballat amb les seves mestres per memoritzar les paraules dels poemes, que parlen de l\u2019esperit nadalenc, l\u2019amor familiar i la il\u00b7lusi\u00f3 d\u2019aquesta \u00e8poca. Tot i la seva edat, es van esfor\u00e7ar per recitar-los amb emoci\u00f3 i expressivitat.<\/p>\n<p style=\"text-align: justify;\">Els v\u00eddeos sorpresa, compartits amb les fam\u00edlies a trav\u00e9s de les xarxes socials, van emocionar tothom. Els petits, orgullosos de la seva feina, van gaudir molt veient la reacci\u00f3 dels seus \u00e9ssers estimats. Aquesta activitat no nom\u00e9s va potenciar la seva expressi\u00f3 art\u00edstica, sin\u00f3 que tamb\u00e9 va enfortir els vincles afectius, convertint aquest Nadal en un moment inoblidable.<\/p>\n<hr \/>\n<h4 style=\"text-align: center;\"><strong>I3<\/strong><\/h4>\n<p style=\"text-align: center;\"><span style=\"font-size: 18pt; font-family: georgia, palatino, serif;\"><em>Avui \u00e9s Nadal<\/em><\/span><br \/>\n<span style=\"font-size: 18pt; font-family: georgia, palatino, serif;\"><em>I us vull fer un regal.<\/em><\/span><br \/>\n<span style=\"font-size: 18pt; font-family: georgia, palatino, serif;\"><em>No \u00e9s petit ni gran,<\/em><\/span><br \/>\n<span style=\"font-size: 18pt; font-family: georgia, palatino, serif;\"><em>\u00c9s un pet\u00f3 gegant!<\/em><\/span><\/p>\n<p style=\"text-align: center;\"><iframe loading=\"lazy\" title=\"Sorprenent a les fam\u00edlies amb poemes de Nadal\" src=\"https:\/\/www.youtube.com\/embed\/ZY5opws97jI\" width=\"487\" height=\"865\" frameborder=\"0\" allowfullscreen=\"allowfullscreen\"><\/iframe><\/p>\n<hr \/>\n<h4 style=\"text-align: center;\"><strong>I4<\/strong><\/h4>\n<p style=\"text-align: center;\"><em><span style=\"font-size: 18pt;\">Nadal ja ha arribat!<\/span><\/em><br \/>\n<em><span style=\"font-size: 18pt;\">Tinc quatre anys i s\u00f3c buf\u00f3<\/span><\/em><br \/>\n<em><span style=\"font-size: 18pt;\">i de coses en s\u00e9 un pil\u00f3,<\/span><\/em><br \/>\n<em><span style=\"font-size: 18pt;\">s\u00e9 cantar, jugar i saltar<\/span><\/em><br \/>\n<em><span style=\"font-size: 18pt;\">per\u00f2&#8230; que bonic \u00e9s estimar.<\/span><\/em><\/p>\n<p style=\"text-align: center;\"><em><span style=\"font-size: 18pt;\">Estimo els peixos,<\/span><\/em><br \/>\n<em><span style=\"font-size: 18pt;\">estimo les flors<\/span><\/em><br \/>\n<em><span style=\"font-size: 18pt;\">i els nens de tots colors.<\/span><\/em><\/p>\n<p style=\"text-align: center;\"><em><span style=\"font-size: 18pt;\">Nadal ja ha arribat,<\/span><\/em><br \/>\n<em><span style=\"font-size: 18pt;\">quina il\u00b7lusi\u00f3,<\/span><\/em><br \/>\n<em><span style=\"font-size: 18pt;\">i per a tots vosaltres<\/span><\/em><br \/>\n<em><span style=\"font-size: 18pt;\">aquest pet\u00f3.<\/span><\/em><\/p>\n<p style=\"text-align: center;\"><iframe loading=\"lazy\" title=\"Sorprenent a les fam\u00edlies amb poemes de Nadal\" src=\"https:\/\/www.youtube.com\/embed\/zDi5qVBSch4\" width=\"487\" height=\"865\" frameborder=\"0\" allowfullscreen=\"allowfullscreen\"><\/iframe><\/p>\n<hr \/>\n<h4 style=\"text-align: center;\"><strong>I5<\/strong><\/h4>\n<p style=\"text-align: center;\"><em><span style=\"font-size: 18pt;\">De totes les festes,<\/span><\/em><br \/>\n<em><span style=\"font-size: 18pt;\">m\u2019agrada el Nadal.<\/span><\/em><br \/>\n<em><span style=\"font-size: 18pt;\">Preparo el pessebre<\/span><\/em><br \/>\n<em><span style=\"font-size: 18pt;\">i encenc el fanal.<\/span><\/em><\/p>\n<p style=\"text-align: center;\"><em><span style=\"font-size: 18pt;\">Tinc ganes que arribin<\/span><\/em><br \/>\n<em><span style=\"font-size: 18pt;\">els Reis de l\u2019Orient,<\/span><\/em><br \/>\n<em><span style=\"font-size: 18pt;\">em venen a veure<\/span><\/em><br \/>\n<em><span style=\"font-size: 18pt;\">i estic molt content.<\/span><\/em><\/p>\n<p style=\"text-align: center;\"><em><span style=\"font-size: 18pt;\">Per\u00f2 el que m\u00e9s m\u2019agrada<\/span><\/em><br \/>\n<em><span style=\"font-size: 18pt;\">de veritat,<\/span><\/em><br \/>\n<em><span style=\"font-size: 18pt;\">\u00e9s que us tinc a vosaltres<\/span><\/em><br \/>\n<em><span style=\"font-size: 18pt;\">al meu costat.<\/span><\/em><\/p>\n<p style=\"text-align: center;\"><iframe loading=\"lazy\" title=\"Sorprenent a les fam\u00edlies amb poemes de Nadal\" src=\"https:\/\/www.youtube.com\/embed\/mtzvWV07YIw\" width=\"895\" height=\"503\" frameborder=\"0\" allowfullscreen=\"allowfullscreen\"><\/iframe><\/p>\n<p style=\"text-align: center;\"><span style=\"font-size: 36pt;\"><strong><span style=\"font-family: 'arial black', sans-serif;\">BON NADAL!<\/span> <\/strong><\/span><\/p>\n<p style=\"text-align: justify;\">Aquest gest ple de tendresa i il\u00b7lusi\u00f3 ser\u00e0 un record que tothom portar\u00e0 al cor durant molt de temps.<\/p>\n","protected":false},"excerpt":{"rendered":"<p>Aquest Nadal, Infantil ha preparat una sorpresa molt especial per a les fam\u00edlies. Amb entusiasme i dedicaci\u00f3, han apr\u00e8s i recitat poemes nadalencs que van gravar per regalar-los un record ple de m\u00e0gia en la nit de Nadal. Durant les<\/p>\n","protected":false},"author":1,"featured_media":0,"parent":0,"menu_order":0,"comment_status":"closed","ping_status":"closed","template":"","meta":{"_crdt_document":"","footnotes":""},"categories":[75],"tags":[149,77,84],"class_list":["post-24239","page","type-page","status-publish","hentry","category-activitats","tag-curs-2024-25","tag-ed-infantil","tag-nadal"],"jetpack_sharing_enabled":true,"_links":{"self":[{"href":"https:\/\/escolagrancapita.wpcomstaging.com\/index.php?rest_route=\/wp\/v2\/pages\/24239","targetHints":{"allow":["GET"]}}],"collection":[{"href":"https:\/\/escolagrancapita.wpcomstaging.com\/index.php?rest_route=\/wp\/v2\/pages"}],"about":[{"href":"https:\/\/escolagrancapita.wpcomstaging.com\/index.php?rest_route=\/wp\/v2\/types\/page"}],"author":[{"embeddable":true,"href":"https:\/\/escolagrancapita.wpcomstaging.com\/index.php?rest_route=\/wp\/v2\/users\/1"}],"replies":[{"embeddable":true,"href":"https:\/\/escolagrancapita.wpcomstaging.com\/index.php?rest_route=%2Fwp%2Fv2%2Fcomments&post=24239"}],"version-history":[{"count":7,"href":"https:\/\/escolagrancapita.wpcomstaging.com\/index.php?rest_route=\/wp\/v2\/pages\/24239\/revisions"}],"predecessor-version":[{"id":24246,"href":"https:\/\/escolagrancapita.wpcomstaging.com\/index.php?rest_route=\/wp\/v2\/pages\/24239\/revisions\/24246"}],"wp:attachment":[{"href":"https:\/\/escolagrancapita.wpcomstaging.com\/index.php?rest_route=%2Fwp%2Fv2%2Fmedia&parent=24239"}],"wp:term":[{"taxonomy":"category","embeddable":true,"href":"https:\/\/escolagrancapita.wpcomstaging.com\/index.php?rest_route=%2Fwp%2Fv2%2Fcategories&post=24239"},{"taxonomy":"post_tag","embeddable":true,"href":"https:\/\/escolagrancapita.wpcomstaging.com\/index.php?rest_route=%2Fwp%2Fv2%2Ftags&post=24239"}],"curies":[{"name":"wp","href":"https:\/\/api.w.org\/{rel}","templated":true}]}}