{"id":2431,"date":"2016-07-19T17:19:12","date_gmt":"2016-07-19T17:19:12","guid":{"rendered":"http:\/\/escolagrancapita.wpcomstaging.com\/?page_id=2431"},"modified":"2019-06-02T09:13:23","modified_gmt":"2019-06-02T09:13:23","slug":"be-an-entrepreneur","status":"publish","type":"page","link":"https:\/\/escolagrancapita.wpcomstaging.com\/?page_id=2431","title":{"rendered":"Be an entrepreneur"},"content":{"rendered":"<p style=\"text-align: justify;\">El programa &#8220;<em>Be an entrepreneur<\/em>&#8221; (Ser emprenedor\/a) \u00e9s una iniciativa impulsada per l\u2019<a href=\"http:\/\/www.sjdespi.com\/\" target=\"_blank\" rel=\"noopener noreferrer\">Ajuntament de Sant Joan Desp\u00ed<\/a> amb la\u00a0<a href=\"http:\/\/www.escolaemprenedors.org\/?lang=es\">Fundaci\u00f3 Escola Emprenedors<\/a>.<\/p>\n<p style=\"text-align: justify;\">El seu objectiu principal \u00e9s fomentar el car\u00e0cter emprenedor dels estudiants mitjan\u00e7ant una exclusiva i innovadora metodologia que enforteix la iniciativa, l&#8217;autoestima i la confian\u00e7a.<\/p>\n<p style=\"text-align: justify;\">El programa s&#8217;imparteix \u00edntegrament en angl\u00e8s per professors especialitzats que s\u00f3n\u00a0veritables emprenedors.<\/p>\n<p style=\"text-align: justify;\">Des del curs 2015-16, l\u2019alumnat participa en horari lectiu d&#8217;una s\u00e8rie de sessions que, partint del descobriment per part dels alumnes de les seves passions i interessos, els condueix a elaborar un pla d&#8217;empresa complet, que es presenta en p\u00fablic en angl\u00e8s en la sessi\u00f3 final.<\/p>\n<p><img data-recalc-dims=\"1\" loading=\"lazy\" decoding=\"async\" class=\"size-full wp-image-7003 alignleft\" src=\"https:\/\/i0.wp.com\/escolagrancapita.wpcomstaging.com\/wp-content\/uploads\/2018\/10\/BeAnEntrepreneur_3.png?resize=565%2C91&#038;ssl=1\" alt=\"\" width=\"565\" height=\"91\" srcset=\"https:\/\/i0.wp.com\/escolagrancapita.wpcomstaging.com\/wp-content\/uploads\/2018\/10\/BeAnEntrepreneur_3.png?w=565&amp;ssl=1 565w, https:\/\/i0.wp.com\/escolagrancapita.wpcomstaging.com\/wp-content\/uploads\/2018\/10\/BeAnEntrepreneur_3.png?resize=300%2C48&amp;ssl=1 300w\" sizes=\"auto, (max-width: 565px) 100vw, 565px\" \/><\/p>\n","protected":false},"excerpt":{"rendered":"<p>El programa &#8220;Be an entrepreneur&#8221; (Ser emprenedor\/a) \u00e9s una iniciativa impulsada per l\u2019Ajuntament de Sant Joan Desp\u00ed amb la\u00a0Fundaci\u00f3 Escola Emprenedors. El seu objectiu principal \u00e9s fomentar el car\u00e0cter emprenedor dels estudiants mitjan\u00e7ant una exclusiva i innovadora metodologia que enforteix<\/p>\n","protected":false},"author":1,"featured_media":0,"parent":407,"menu_order":4,"comment_status":"closed","ping_status":"closed","template":"","meta":{"_crdt_document":"","footnotes":""},"categories":[92],"tags":[],"class_list":["post-2431","page","type-page","status-publish","hentry","category-projectes"],"jetpack_sharing_enabled":true,"_links":{"self":[{"href":"https:\/\/escolagrancapita.wpcomstaging.com\/index.php?rest_route=\/wp\/v2\/pages\/2431","targetHints":{"allow":["GET"]}}],"collection":[{"href":"https:\/\/escolagrancapita.wpcomstaging.com\/index.php?rest_route=\/wp\/v2\/pages"}],"about":[{"href":"https:\/\/escolagrancapita.wpcomstaging.com\/index.php?rest_route=\/wp\/v2\/types\/page"}],"author":[{"embeddable":true,"href":"https:\/\/escolagrancapita.wpcomstaging.com\/index.php?rest_route=\/wp\/v2\/users\/1"}],"replies":[{"embeddable":true,"href":"https:\/\/escolagrancapita.wpcomstaging.com\/index.php?rest_route=%2Fwp%2Fv2%2Fcomments&post=2431"}],"version-history":[{"count":0,"href":"https:\/\/escolagrancapita.wpcomstaging.com\/index.php?rest_route=\/wp\/v2\/pages\/2431\/revisions"}],"up":[{"embeddable":true,"href":"https:\/\/escolagrancapita.wpcomstaging.com\/index.php?rest_route=\/wp\/v2\/pages\/407"}],"wp:attachment":[{"href":"https:\/\/escolagrancapita.wpcomstaging.com\/index.php?rest_route=%2Fwp%2Fv2%2Fmedia&parent=2431"}],"wp:term":[{"taxonomy":"category","embeddable":true,"href":"https:\/\/escolagrancapita.wpcomstaging.com\/index.php?rest_route=%2Fwp%2Fv2%2Fcategories&post=2431"},{"taxonomy":"post_tag","embeddable":true,"href":"https:\/\/escolagrancapita.wpcomstaging.com\/index.php?rest_route=%2Fwp%2Fv2%2Ftags&post=2431"}],"curies":[{"name":"wp","href":"https:\/\/api.w.org\/{rel}","templated":true}]}}