{"id":24580,"date":"2025-01-25T10:26:51","date_gmt":"2025-01-25T10:26:51","guid":{"rendered":"https:\/\/escolagrancapita.wpcomstaging.com\/?page_id=24580"},"modified":"2025-01-25T12:02:27","modified_gmt":"2025-01-25T12:02:27","slug":"politica-de-privacitat-en-xarxes-socials","status":"publish","type":"page","link":"https:\/\/escolagrancapita.wpcomstaging.com\/?page_id=24580","title":{"rendered":"Pol\u00edtica de privacitat en xarxes socials"},"content":{"rendered":"<h5 style=\"text-align: justify;\"><strong><span style=\"font-size: 12pt;\">INFORMACI\u00d3 A L\u2019USUARI<\/span><\/strong><\/h5>\n<h6 style=\"text-align: justify;\"><span style=\"font-size: 12pt;\"><b>Qui \u00e9s el responsable del tractament de les teves dades personals?<\/b><\/span><\/h6>\n<p style=\"text-align: justify;\"><span style=\"font-size: 12pt;\"><span style=\"font-weight: 400;\">INSTITUCI\u00d3 EDUCATIVA GRAN CAPIT\u00c1 S.L., d\u2019ara endavant, el <\/span><b>RESPONSABLE, <\/b><span style=\"font-weight: 400;\">informa l\u2019<\/span><b>USUARI <\/b><span style=\"font-weight: 400;\">que ha procedit a crear un perfil a les xarxes socials Facebook, Instagram, Twitter, LinkedIn, Youtube, Vimeo i Google+, que \u00e9s el responsable del tractament de les dades personals de l\u2019usuari que es dugui a terme en aquestes xarxes socials i l\u2019informa que aquestes dades es tractaran de conformitat amb el que disposa el Reglament (UE) 2016\/679, de 27 d\u2019abril (GDPR), i la Llei Org\u00e0nica 3\/2018, de 5 de desembre (LOPDGDD), per la qual cosa se li facilita la seg\u00fcent informaci\u00f3 del tractament:<\/span><\/span><\/p>\n<h6 style=\"text-align: justify;\"><span style=\"font-size: 12pt;\"><b>Perqu\u00e8 tractem les teves dades personals?<\/b><\/span><\/h6>\n<p style=\"text-align: justify;\"><span style=\"font-size: 12pt;\"><b>Finalitat del tractament<\/b><span style=\"font-weight: 400;\">: <\/span><\/span><\/p>\n<p style=\"text-align: justify;\"><span style=\"font-size: 12pt;\"><span style=\"font-weight: 400;\">Mantenir una relaci\u00f3 entre l\u2019USUARI i el RESPONSABLE que pot incloure les seg\u00fcents operacions: <\/span><\/span><\/p>\n<ul>\n<li style=\"text-align: justify;\"><span style=\"font-size: 12pt;\"> <span style=\"font-weight: 400;\">Tramitar sol\u00b7licituds i consultes plantejades al responsable<\/span><\/span><\/li>\n<li style=\"text-align: justify;\"><span style=\"font-size: 12pt;\"><span style=\"font-weight: 400;\">Informar sobre activitats i esdeveniments organitzats pel responsable<\/span><\/span><\/li>\n<li style=\"text-align: justify;\"><span style=\"font-size: 12pt;\"><span style=\"font-weight: 400;\">Informar sobre productes o serveis oferts pel responsable<\/span><\/span><\/li>\n<li style=\"text-align: justify;\"><span style=\"font-weight: 400; font-size: 12pt;\">Interactuar a trav\u00e9s dels perfils oficials<\/span><\/li>\n<\/ul>\n<h6 style=\"text-align: justify;\"><span style=\"font-size: 12pt;\"><b>Per quin motiu podem tractar les teves dades personals?<\/b><\/span><\/h6>\n<p style=\"text-align: justify;\"><span style=\"font-size: 12pt;\"><b>Base jur\u00eddica del tractament<\/b><span style=\"font-weight: 400;\">: <\/span><\/span><\/p>\n<p style=\"text-align: justify;\"><span style=\"font-size: 12pt;\"><span style=\"font-weight: 400;\">Article 6.1.a GDPR, l\u2019interessat ha donat el seu consentiment per al tractament de les seves dades personals per a una o diverses finalitats espec\u00edfiques. L\u2019usuari disposa d\u2019un perfil a la mateixa xarxa social i ha decidit unir-se a la xarxa social del RESPONSABLE, tot mostrant inter\u00e8s en la informaci\u00f3 que s\u2019hi publiqui, per tant, a l\u2019hora de sol\u00b7licitar seguir els nostres perfils oficials, ens facilita el consentiment per al tractament de les dades personals publicades en el seu perfil.<\/span><\/span><\/p>\n<p style=\"text-align: justify;\"><span style=\"font-weight: 400; font-size: 12pt;\">L\u2019USUARI pot accedir en qualsevol moment a les pol\u00edtiques de privacitat de la mateixa xarxa social,i configurar el seu perfil per garantir la seva privacitat.<\/span><\/p>\n<p style=\"text-align: justify;\"><span style=\"font-weight: 400; font-size: 12pt;\">El RESPONSABLE t\u00e9 acc\u00e9s i tracta la informaci\u00f3 p\u00fablica de l\u2019USUARI, especialment, el seu nom de contacte. Aquestes dades nom\u00e9s s\u2019utilitzen dins de la pr\u00f2pia xarxa social \u00fanicament s\u2019incorporaran a un fitxer del RESPONSABLE quan sigui necessari per tramitar la sol\u00b7licitud de l\u2019USUARI.<\/span><\/p>\n<h6 style=\"text-align: justify;\"><span style=\"font-size: 12pt;\"><b>Durant quant de temps guardarem les teves dades personals?<\/b><\/span><\/h6>\n<p style=\"text-align: justify;\"><span style=\"font-size: 12pt;\"><b>Criteris de conservaci\u00f3 de les dades<\/b><span style=\"font-weight: 400;\">: <\/span><\/span><\/p>\n<p style=\"text-align: justify;\"><span style=\"font-size: 12pt;\"><span style=\"font-weight: 400;\">Es conservaran mentre l\u2019USUARI no revoqui el consentiment prestat tal com s\u2019indica en aquesta pol\u00edtica de privacitat.<\/span><\/span><\/p>\n<h6 style=\"text-align: justify;\"><span style=\"font-size: 12pt;\"><b>A qui facilitem les teves dades personals?<\/b><\/span><\/h6>\n<p style=\"text-align: justify;\"><span style=\"font-size: 12pt;\"><b>Comunicaci\u00f3 de les dades<\/b><span style=\"font-weight: 400;\">: <\/span><\/span><\/p>\n<p style=\"text-align: justify;\"><span style=\"font-size: 12pt;\"><span style=\"font-weight: 400;\">L<\/span><\/span><span style=\"font-size: 12pt;\"><span style=\"font-weight: 400;\">a informaci\u00f3 facilitada per l\u2019usuari a trav\u00e9s de les xarxes socials del RESPONSABLE, incloses les seves dades personals, pot ser publicada, sempre en funci\u00f3 dels serveis que l\u2019USUARI faci servir, de manera que podr\u00e0 quedar a disposici\u00f3 p\u00fablica d\u2019altres tercers usuaris de les xarxes socials. Des del perfil de cada xarxa social, l\u2019USUARI pot configurar la informaci\u00f3 que vulgui fer p\u00fablica en cada cas, veure els permisos que s\u2019han concedit, eliminar-los o desactivar-los, com ara qualsevol aplicaci\u00f3 d\u2019un tercer que ja no es vulgui utilitzar.<\/span><\/span><\/p>\n<p style=\"text-align: justify;\"><span style=\"font-size: 12pt;\"><span style=\"font-weight: 400;\">No est\u00e0 prevista cap comunicaci\u00f3 de dades personals a tercers fora de la xarxa social excepte, si fos imprescindible per al desenvolupament i execuci\u00f3 de les finalitats del tractament, als nostres prove\u00efdors de serveis relacionats amb comunicacions, amb els quals el RESPONSABLE ha formalitzat els contractes de confidencialitat i d\u2019encarregat de tractament exigits per la normativa vigent de privacitat.<\/span><span style=\"font-weight: 400;\"><br \/>\n<\/span><\/span><\/p>\n<h6 style=\"text-align: justify;\"><span style=\"font-size: 12pt;\"><b>Quins s\u00f3n els teus drets?<\/b><\/span><\/h6>\n<p style=\"text-align: justify;\"><span style=\"font-size: 12pt;\"><b>Drets que t\u00e9 l\u2019usuari<\/b><span style=\"font-weight: 400;\">: <\/span><\/span><\/p>\n<p style=\"text-align: justify;\"><span style=\"font-size: 12pt;\"><span style=\"font-weight: 400;\">Nom\u00e9s es podran exercir en relaci\u00f3 a la informaci\u00f3 que es trobi sota el control del RESPONSABLE. <\/span><\/span><\/p>\n<ul>\n<li style=\"text-align: justify;\"><span style=\"font-size: 12pt;\"> <span style=\"font-weight: 400;\">Dret a retirar el consentiment en qualsevol moment<\/span><\/span><\/li>\n<li style=\"text-align: justify;\"><span style=\"font-weight: 400; font-size: 12pt;\">Dret d\u2019acc\u00e9s, rectificaci\u00f3, portabilitat i supressi\u00f3 de les seves dades i de limitaci\u00f3 o oposici\u00f3 al seu tractament<\/span><\/li>\n<li style=\"text-align: justify;\"><span style=\"font-size: 12pt;\"><span style=\"font-weight: 400;\">Dret a presentar una reclamaci\u00f3 davant l\u2019autoritat de control <\/span><a href=\"http:\/\/www.aepd.es\/\"><span style=\"font-weight: 400;\">(www.aepd.es)<\/span><\/a><span style=\"font-weight: 400;\"> si considera que el tractament no s\u2019ajusta a la normativa vigent<\/span><\/span><\/li>\n<\/ul>\n<p style=\"text-align: justify;\"><span style=\"font-size: 12pt;\"><b>Dades de contacte per exercir els seus drets<\/b><span style=\"font-weight: 400;\">:<\/span><\/span><\/p>\n<p style=\"text-align: justify; padding-left: 40px;\"><span style=\"font-size: 12pt;\"><span style=\"font-weight: 400;\">INSTITUCI\u00d3 EDUCATIVA GRAN CAPIT\u00c1 S.L.<br \/>\nCarrer Josep M\u00aa Trias de Bes, 11 &#8211; 08970 Sant Joan Desp\u00ed (Barcelona)<br \/>\nE-mail: <a href=\"mailto:col-grancapita@xtec.cat\">col-grancapita@xtec.cat<\/a><\/span><\/span><\/p>\n<p style=\"text-align: justify;\"><span style=\"font-size: 12pt;\"><b>Dades de contacte del delegat de protecci\u00f3 de dades: <\/b><\/span><\/p>\n<p style=\"text-align: justify; padding-left: 40px;\"><span style=\"font-size: 12pt;\"><a href=\"mailto:javier.bujalance@grancapita.com\"><span style=\"font-weight: 400;\">javier.bujalance@grancapita.com<\/span><\/a><\/span><\/p>\n<h5><span style=\"font-size: 12pt;\"><b>\u00daS DEL PERFIL<\/b><\/span><\/h5>\n<p style=\"text-align: justify;\"><span style=\"font-weight: 400; font-size: 12pt;\">El RESPONSABLE far\u00e0 les seg\u00fcents accions:<\/span><\/p>\n<ul>\n<li style=\"text-align: justify;\"><span style=\"font-weight: 400; font-size: 12pt;\">Acc\u00e9s a la informaci\u00f3 p\u00fablica del perfil<\/span><\/li>\n<li style=\"text-align: justify;\"><span style=\"font-size: 12pt;\"><span style=\"font-weight: 400;\">Publicaci\u00f3 en el perfil de l\u2019USUARI de tota aquella informaci\u00f3 ja publicada a la xarxa social del RESPONSABLE <\/span><\/span><\/li>\n<li style=\"text-align: justify;\"><span style=\"font-size: 12pt;\"> <span style=\"font-weight: 400;\">Enviar missatges personals i individuals a trav\u00e9s dels canals de la xarxa social<\/span><\/span><\/li>\n<li style=\"text-align: justify;\"><span style=\"font-weight: 400; font-size: 12pt;\">Actualitzacions de l\u2019estat de la p\u00e0gina que es publicaran en el perfil de l\u2019USUARI<\/span><\/li>\n<\/ul>\n<p style=\"text-align: justify;\"><span style=\"font-weight: 400; font-size: 12pt;\">L\u2019USUARI sempre pot controlar les seves connexions, eliminar els continguts que deixin d\u2019interessar-li i restringir amb qui comparteix les seves connexions; per aix\u00f2 haur\u00e0 d\u2019accedir a la seva configuraci\u00f3 de privacitat.<\/span><\/p>\n<h5><span style=\"font-size: 12pt;\"><b>PUBLICACIONS<\/b><\/span><\/h5>\n<p style=\"text-align: justify;\"><span style=\"font-weight: 400; font-size: 12pt;\">L\u2019USUARI, un cop sigui seguidor o s\u2019hagi unit a la xarxa social del RESPONSABLE, podr\u00e0 publicar-hi comentaris, enlla\u00e7os, imatges, fotografies o qualsevol altre tipus de contingut multim\u00e8dia adm\u00e8s per la xarxa. L\u2019USUARI, en tots els casos, ha de ser el titular del contingut publicat, gaudir dels drets d\u2019autor i de propietat intel\u00b7lectual o comptar amb el consentiment dels tercers afectats.<\/span><\/p>\n<p style=\"text-align: justify;\"><span style=\"font-weight: 400; font-size: 12pt;\">Queda expressament prohibida qualsevol publicaci\u00f3 a la xarxa social, ja siguin textos, gr\u00e0fics, fotografies, v\u00eddeos, etc. que atemptin o siguin susceptibles d\u2019atemptar contra la moral, l\u2019\u00e8tica, el bon gust o el dec\u00f2rum, i\/o que infringeixin o violin els drets de propietat intel\u00b7lectual o industrial, el dret a la imatge o la Llei.<\/span><\/p>\n<p style=\"text-align: justify;\"><span style=\"font-weight: 400; font-size: 12pt;\">En aquests casos, el RESPONSABLE es reserva el dret a retirar immediatament el contingut, sense comunicaci\u00f3 pr\u00e8via, i pot sol\u00b7licitar el bloqueig permanent de l\u2019USUARI.<\/span><\/p>\n<p style=\"text-align: justify;\"><span style=\"font-weight: 400; font-size: 12pt;\">El RESPONSABLE no es far\u00e0 responsable dels continguts que ha publicat lliurement un USUARI.<\/span><\/p>\n<p style=\"text-align: justify;\"><span style=\"font-weight: 400; font-size: 12pt;\">L\u2019USUARI ha de tenir present que les seves publicacions seran visualitzades pels altres usuaris, de manera que ell mateix \u00e9s el principal responsable de la seva privacitat.<\/span><\/p>\n<p style=\"text-align: justify;\"><span style=\"font-weight: 400; font-size: 12pt;\">Les imatges que puguin publicar-se a la xarxa social no s\u2019emmagatzemaran en cap fitxer per part del RESPONSABLE, per\u00f2 s\u00ed que romandran a la xarxa social.<\/span><\/p>\n<h5><span style=\"font-size: 12pt;\"><b>DADES DE MENORS D\u2019EDAT O PERSONES AMB CAPACITATS ESPECIALS<\/b><\/span><\/h5>\n<p style=\"text-align: justify;\"><span style=\"font-weight: 400; font-size: 12pt;\">Es prohibeix als menors de 14 anys accedir i registrar-se a les xarxes socials del RESPONSABLE. Per la seva banda, si l\u2019USUARI t\u00e9 capacitats especials, ser\u00e0 necess\u00e0ria la intervenci\u00f3 del titular de la seva p\u00e0tria potestat o tutela, o del seu representant legal mitjan\u00e7ant un document v\u00e0lid que acrediti la representaci\u00f3.<\/span><\/p>\n<p style=\"text-align: justify;\"><span style=\"font-size: 12pt;\"><span style=\"font-weight: 400;\">El RESPONSABLE queda expressament exonerat de qualsevol responsabilitat que pogu\u00e9s derivar de l\u2019\u00fas de les xarxes socials per<\/span><span style=\"font-weight: 400;\"><br \/>\n<\/span><\/span><\/p>\n<p style=\"text-align: justify;\"><span style=\"font-weight: 400; font-size: 12pt;\">part de menors o persones amb capacitats especials. Les xarxes socials del RESPONSABLE no recullen conscientment cap informaci\u00f3 personal de menors d\u2019edat, per aix\u00f2, si l\u2019USUARI \u00e9s menor d\u2019edat, no ha de registrar-se, ni utilitzar les xarxes socials del RESPONSABLE ni tampoc proporcionar cap informaci\u00f3 personal.<\/span><\/p>\n","protected":false},"excerpt":{"rendered":"<p>INFORMACI\u00d3 A L\u2019USUARI Qui \u00e9s el responsable del tractament de les teves dades personals? INSTITUCI\u00d3 EDUCATIVA GRAN CAPIT\u00c1 S.L., d\u2019ara endavant, el RESPONSABLE, informa l\u2019USUARI que ha procedit a crear un perfil a les xarxes socials Facebook, Instagram, Twitter, LinkedIn,<\/p>\n","protected":false},"author":1,"featured_media":0,"parent":0,"menu_order":0,"comment_status":"closed","ping_status":"closed","template":"","meta":{"_crdt_document":"","footnotes":""},"categories":[],"tags":[],"class_list":["post-24580","page","type-page","status-publish","hentry"],"jetpack_sharing_enabled":true,"_links":{"self":[{"href":"https:\/\/escolagrancapita.wpcomstaging.com\/index.php?rest_route=\/wp\/v2\/pages\/24580","targetHints":{"allow":["GET"]}}],"collection":[{"href":"https:\/\/escolagrancapita.wpcomstaging.com\/index.php?rest_route=\/wp\/v2\/pages"}],"about":[{"href":"https:\/\/escolagrancapita.wpcomstaging.com\/index.php?rest_route=\/wp\/v2\/types\/page"}],"author":[{"embeddable":true,"href":"https:\/\/escolagrancapita.wpcomstaging.com\/index.php?rest_route=\/wp\/v2\/users\/1"}],"replies":[{"embeddable":true,"href":"https:\/\/escolagrancapita.wpcomstaging.com\/index.php?rest_route=%2Fwp%2Fv2%2Fcomments&post=24580"}],"version-history":[{"count":10,"href":"https:\/\/escolagrancapita.wpcomstaging.com\/index.php?rest_route=\/wp\/v2\/pages\/24580\/revisions"}],"predecessor-version":[{"id":24597,"href":"https:\/\/escolagrancapita.wpcomstaging.com\/index.php?rest_route=\/wp\/v2\/pages\/24580\/revisions\/24597"}],"wp:attachment":[{"href":"https:\/\/escolagrancapita.wpcomstaging.com\/index.php?rest_route=%2Fwp%2Fv2%2Fmedia&parent=24580"}],"wp:term":[{"taxonomy":"category","embeddable":true,"href":"https:\/\/escolagrancapita.wpcomstaging.com\/index.php?rest_route=%2Fwp%2Fv2%2Fcategories&post=24580"},{"taxonomy":"post_tag","embeddable":true,"href":"https:\/\/escolagrancapita.wpcomstaging.com\/index.php?rest_route=%2Fwp%2Fv2%2Ftags&post=24580"}],"curies":[{"name":"wp","href":"https:\/\/api.w.org\/{rel}","templated":true}]}}