{"id":24613,"date":"2025-01-26T09:53:43","date_gmt":"2025-01-26T09:53:43","guid":{"rendered":"https:\/\/escolagrancapita.wpcomstaging.com\/?page_id=24613"},"modified":"2025-01-26T09:53:43","modified_gmt":"2025-01-26T09:53:43","slug":"consells-per-adquirir-habits-saludables","status":"publish","type":"page","link":"https:\/\/escolagrancapita.wpcomstaging.com\/?page_id=24613","title":{"rendered":"Consells per adquirir h\u00e0bits saludables"},"content":{"rendered":"<p style=\"text-align: justify;\">L\u2019alumnat de Cicle Inicial ha compartit una s\u00e8rie de consells per establir uns <strong>h\u00e0bits saludables<\/strong>. Aqu\u00ed els teniu:<\/p>\n<ul style=\"text-align: justify;\">\n<li>Rentar-se les mans abans de cada \u00e0pat i sempre que sigui necessari.<\/li>\n<li>Rentar-se les dents despr\u00e9s de cada \u00e0pat.<\/li>\n<li>Aprendre a gestionar les emocions.<\/li>\n<li>Adequar l\u2019espai a l\u2019hora de treballar.<\/li>\n<li>Practicar esport i gaudir de la companyia.<\/li>\n<li>Anar a dormir aviat.<\/li>\n<\/ul>\n<p style=\"text-align: center;\"><iframe loading=\"lazy\" title=\"Consells per adquirir h\u00e0bits saludables\" src=\"https:\/\/www.youtube.com\/embed\/miaDdh8EzKM\" width=\"487\" height=\"865\" frameborder=\"0\" allowfullscreen=\"allowfullscreen\"><\/iframe><\/p>\n<p style=\"text-align: justify;\">Des de l\u2019escola us animem a posar en pr\u00e0ctica aquests h\u00e0bits per millorar el vostre benestar!<\/p>\n","protected":false},"excerpt":{"rendered":"<p>L\u2019alumnat de Cicle Inicial ha compartit una s\u00e8rie de consells per establir uns h\u00e0bits saludables. Aqu\u00ed els teniu: Rentar-se les mans abans de cada \u00e0pat i sempre que sigui necessari. Rentar-se les dents despr\u00e9s de cada \u00e0pat. Aprendre a gestionar<\/p>\n","protected":false},"author":1,"featured_media":0,"parent":0,"menu_order":0,"comment_status":"closed","ping_status":"closed","template":"","meta":{"_crdt_document":"","footnotes":""},"categories":[75],"tags":[149,86,126],"class_list":["post-24613","page","type-page","status-publish","hentry","category-activitats","tag-curs-2024-25","tag-ed-primaria","tag-salut"],"jetpack_sharing_enabled":true,"_links":{"self":[{"href":"https:\/\/escolagrancapita.wpcomstaging.com\/index.php?rest_route=\/wp\/v2\/pages\/24613","targetHints":{"allow":["GET"]}}],"collection":[{"href":"https:\/\/escolagrancapita.wpcomstaging.com\/index.php?rest_route=\/wp\/v2\/pages"}],"about":[{"href":"https:\/\/escolagrancapita.wpcomstaging.com\/index.php?rest_route=\/wp\/v2\/types\/page"}],"author":[{"embeddable":true,"href":"https:\/\/escolagrancapita.wpcomstaging.com\/index.php?rest_route=\/wp\/v2\/users\/1"}],"replies":[{"embeddable":true,"href":"https:\/\/escolagrancapita.wpcomstaging.com\/index.php?rest_route=%2Fwp%2Fv2%2Fcomments&post=24613"}],"version-history":[{"count":2,"href":"https:\/\/escolagrancapita.wpcomstaging.com\/index.php?rest_route=\/wp\/v2\/pages\/24613\/revisions"}],"predecessor-version":[{"id":24615,"href":"https:\/\/escolagrancapita.wpcomstaging.com\/index.php?rest_route=\/wp\/v2\/pages\/24613\/revisions\/24615"}],"wp:attachment":[{"href":"https:\/\/escolagrancapita.wpcomstaging.com\/index.php?rest_route=%2Fwp%2Fv2%2Fmedia&parent=24613"}],"wp:term":[{"taxonomy":"category","embeddable":true,"href":"https:\/\/escolagrancapita.wpcomstaging.com\/index.php?rest_route=%2Fwp%2Fv2%2Fcategories&post=24613"},{"taxonomy":"post_tag","embeddable":true,"href":"https:\/\/escolagrancapita.wpcomstaging.com\/index.php?rest_route=%2Fwp%2Fv2%2Ftags&post=24613"}],"curies":[{"name":"wp","href":"https:\/\/api.w.org\/{rel}","templated":true}]}}