{"id":24645,"date":"2025-02-02T09:03:08","date_gmt":"2025-02-02T09:03:08","guid":{"rendered":"https:\/\/escolagrancapita.wpcomstaging.com\/?page_id=24645"},"modified":"2025-02-02T09:03:08","modified_gmt":"2025-02-02T09:03:08","slug":"disseccio-dun-cor-de-vaca-aprenentatge-practic-sobre-la-circulacio-sanguinia","status":"publish","type":"page","link":"https:\/\/escolagrancapita.wpcomstaging.com\/?page_id=24645","title":{"rendered":"Dissecci\u00f3 d&#8217;un cor de vaca: aprenentatge pr\u00e0ctic sobre la circulaci\u00f3 sangu\u00ednia"},"content":{"rendered":"<p style=\"text-align: justify;\">3r d&#8217;ESO ha tingut l&#8217;oportunitat de realitzar una pr\u00e0ctica molt interessant durant aquest primer trimestre de l&#8217;assignatura de Biologia, centrada en l&#8217;observaci\u00f3 i dissecci\u00f3 d&#8217;un cor de vaca. Aquesta activitat els ha perm\u00e8s aprofundir en el coneixement de la morfologia del cor i entendre millor com funciona aquest \u00f2rgan vital.<\/p>\n<div id='gallery-1' class='gallery galleryid-24645 gallery-columns-3 gallery-size-full'><figure class='gallery-item'>\n\t\t\t<div class='gallery-icon landscape'>\n\t\t\t\t<img loading=\"lazy\" decoding=\"async\" width=\"1600\" height=\"1200\" src=\"https:\/\/i0.wp.com\/escolagrancapita.wpcomstaging.com\/wp-content\/uploads\/2025\/02\/3ESO_vaca-1.jpeg?fit=1600%2C1200&amp;ssl=1\" class=\"attachment-full size-full\" alt=\"\" srcset=\"https:\/\/i0.wp.com\/escolagrancapita.wpcomstaging.com\/wp-content\/uploads\/2025\/02\/3ESO_vaca-1.jpeg?w=1600&amp;ssl=1 1600w, https:\/\/i0.wp.com\/escolagrancapita.wpcomstaging.com\/wp-content\/uploads\/2025\/02\/3ESO_vaca-1.jpeg?resize=300%2C225&amp;ssl=1 300w, https:\/\/i0.wp.com\/escolagrancapita.wpcomstaging.com\/wp-content\/uploads\/2025\/02\/3ESO_vaca-1.jpeg?resize=1024%2C768&amp;ssl=1 1024w, https:\/\/i0.wp.com\/escolagrancapita.wpcomstaging.com\/wp-content\/uploads\/2025\/02\/3ESO_vaca-1.jpeg?resize=768%2C576&amp;ssl=1 768w, https:\/\/i0.wp.com\/escolagrancapita.wpcomstaging.com\/wp-content\/uploads\/2025\/02\/3ESO_vaca-1.jpeg?resize=1536%2C1152&amp;ssl=1 1536w\" sizes=\"auto, (max-width: 750px) 100vw, 750px\" \/>\n\t\t\t<\/div><\/figure><figure class='gallery-item'>\n\t\t\t<div class='gallery-icon landscape'>\n\t\t\t\t<img loading=\"lazy\" decoding=\"async\" width=\"1600\" height=\"1200\" src=\"https:\/\/i0.wp.com\/escolagrancapita.wpcomstaging.com\/wp-content\/uploads\/2025\/02\/3ESO_vaca-4.jpeg?fit=1600%2C1200&amp;ssl=1\" class=\"attachment-full size-full\" alt=\"\" srcset=\"https:\/\/i0.wp.com\/escolagrancapita.wpcomstaging.com\/wp-content\/uploads\/2025\/02\/3ESO_vaca-4.jpeg?w=1600&amp;ssl=1 1600w, https:\/\/i0.wp.com\/escolagrancapita.wpcomstaging.com\/wp-content\/uploads\/2025\/02\/3ESO_vaca-4.jpeg?resize=300%2C225&amp;ssl=1 300w, https:\/\/i0.wp.com\/escolagrancapita.wpcomstaging.com\/wp-content\/uploads\/2025\/02\/3ESO_vaca-4.jpeg?resize=1024%2C768&amp;ssl=1 1024w, https:\/\/i0.wp.com\/escolagrancapita.wpcomstaging.com\/wp-content\/uploads\/2025\/02\/3ESO_vaca-4.jpeg?resize=768%2C576&amp;ssl=1 768w, https:\/\/i0.wp.com\/escolagrancapita.wpcomstaging.com\/wp-content\/uploads\/2025\/02\/3ESO_vaca-4.jpeg?resize=1536%2C1152&amp;ssl=1 1536w\" sizes=\"auto, (max-width: 750px) 100vw, 750px\" \/>\n\t\t\t<\/div><\/figure><figure class='gallery-item'>\n\t\t\t<div class='gallery-icon landscape'>\n\t\t\t\t<img loading=\"lazy\" decoding=\"async\" width=\"1600\" height=\"1200\" src=\"https:\/\/i0.wp.com\/escolagrancapita.wpcomstaging.com\/wp-content\/uploads\/2025\/02\/3ESO_vaca-2.jpeg?fit=1600%2C1200&amp;ssl=1\" class=\"attachment-full size-full\" alt=\"\" srcset=\"https:\/\/i0.wp.com\/escolagrancapita.wpcomstaging.com\/wp-content\/uploads\/2025\/02\/3ESO_vaca-2.jpeg?w=1600&amp;ssl=1 1600w, https:\/\/i0.wp.com\/escolagrancapita.wpcomstaging.com\/wp-content\/uploads\/2025\/02\/3ESO_vaca-2.jpeg?resize=300%2C225&amp;ssl=1 300w, https:\/\/i0.wp.com\/escolagrancapita.wpcomstaging.com\/wp-content\/uploads\/2025\/02\/3ESO_vaca-2.jpeg?resize=1024%2C768&amp;ssl=1 1024w, https:\/\/i0.wp.com\/escolagrancapita.wpcomstaging.com\/wp-content\/uploads\/2025\/02\/3ESO_vaca-2.jpeg?resize=768%2C576&amp;ssl=1 768w, https:\/\/i0.wp.com\/escolagrancapita.wpcomstaging.com\/wp-content\/uploads\/2025\/02\/3ESO_vaca-2.jpeg?resize=1536%2C1152&amp;ssl=1 1536w\" sizes=\"auto, (max-width: 750px) 100vw, 750px\" \/>\n\t\t\t<\/div><\/figure>\n\t\t<\/div>\n\n<p style=\"text-align: justify;\">Dividits en petits grups, han tingut la possibilitat de treballar de manera activa al laboratori, estudiant detalladament els diferents elements que conformen el cor. Han observat la disposici\u00f3 i funci\u00f3 dels vasos sanguinis que arriben i surten del cor, aix\u00ed com les v\u00e0lvules que separen les aur\u00edcules i els ventricles, una part essencial del sistema circulatori. A m\u00e9s, han estudiat com es disposen els pulmons en relaci\u00f3 amb el cor, fet que els ha ajudat a entendre millor el sistema cardiovascular en conjunt.<\/p>\n<div id='gallery-2' class='gallery galleryid-24645 gallery-columns-2 gallery-size-full'><figure class='gallery-item'>\n\t\t\t<div class='gallery-icon landscape'>\n\t\t\t\t<img loading=\"lazy\" decoding=\"async\" width=\"1600\" height=\"1200\" src=\"https:\/\/i0.wp.com\/escolagrancapita.wpcomstaging.com\/wp-content\/uploads\/2025\/02\/3ESO_vaca-5.jpeg?fit=1600%2C1200&amp;ssl=1\" class=\"attachment-full size-full\" alt=\"\" srcset=\"https:\/\/i0.wp.com\/escolagrancapita.wpcomstaging.com\/wp-content\/uploads\/2025\/02\/3ESO_vaca-5.jpeg?w=1600&amp;ssl=1 1600w, https:\/\/i0.wp.com\/escolagrancapita.wpcomstaging.com\/wp-content\/uploads\/2025\/02\/3ESO_vaca-5.jpeg?resize=300%2C225&amp;ssl=1 300w, https:\/\/i0.wp.com\/escolagrancapita.wpcomstaging.com\/wp-content\/uploads\/2025\/02\/3ESO_vaca-5.jpeg?resize=1024%2C768&amp;ssl=1 1024w, https:\/\/i0.wp.com\/escolagrancapita.wpcomstaging.com\/wp-content\/uploads\/2025\/02\/3ESO_vaca-5.jpeg?resize=768%2C576&amp;ssl=1 768w, https:\/\/i0.wp.com\/escolagrancapita.wpcomstaging.com\/wp-content\/uploads\/2025\/02\/3ESO_vaca-5.jpeg?resize=1536%2C1152&amp;ssl=1 1536w\" sizes=\"auto, (max-width: 750px) 100vw, 750px\" \/>\n\t\t\t<\/div><\/figure><figure class='gallery-item'>\n\t\t\t<div class='gallery-icon landscape'>\n\t\t\t\t<img loading=\"lazy\" decoding=\"async\" width=\"1600\" height=\"1200\" src=\"https:\/\/i0.wp.com\/escolagrancapita.wpcomstaging.com\/wp-content\/uploads\/2025\/02\/3ESO_vaca-3.jpeg?fit=1600%2C1200&amp;ssl=1\" class=\"attachment-full size-full\" alt=\"\" srcset=\"https:\/\/i0.wp.com\/escolagrancapita.wpcomstaging.com\/wp-content\/uploads\/2025\/02\/3ESO_vaca-3.jpeg?w=1600&amp;ssl=1 1600w, https:\/\/i0.wp.com\/escolagrancapita.wpcomstaging.com\/wp-content\/uploads\/2025\/02\/3ESO_vaca-3.jpeg?resize=300%2C225&amp;ssl=1 300w, https:\/\/i0.wp.com\/escolagrancapita.wpcomstaging.com\/wp-content\/uploads\/2025\/02\/3ESO_vaca-3.jpeg?resize=1024%2C768&amp;ssl=1 1024w, https:\/\/i0.wp.com\/escolagrancapita.wpcomstaging.com\/wp-content\/uploads\/2025\/02\/3ESO_vaca-3.jpeg?resize=768%2C576&amp;ssl=1 768w, https:\/\/i0.wp.com\/escolagrancapita.wpcomstaging.com\/wp-content\/uploads\/2025\/02\/3ESO_vaca-3.jpeg?resize=1536%2C1152&amp;ssl=1 1536w\" sizes=\"auto, (max-width: 750px) 100vw, 750px\" \/>\n\t\t\t<\/div><\/figure>\n\t\t<\/div>\n\n<p style=\"text-align: justify;\">Aquest tipus de pr\u00e0ctiques no nom\u00e9s permet con\u00e8ixer millor la biologia del cos hum\u00e0, sin\u00f3 que tamb\u00e9 ajuda a familiaritzar-se amb el treball en un laboratori cient\u00edfic. Durant la sessi\u00f3, han apr\u00e8s a utilitzar els estris i les eines adequades, a seguir les normes de seguretat essencials per a la manipulaci\u00f3 d&#8217;\u00f2rgans i instruments, i a desenvolupar les bones pr\u00e0ctiques que s\u00f3n fonamentals en qualsevol experiment cient\u00edfic. Aquesta experi\u00e8ncia pr\u00e0ctica resulta molt valuosa, ja que no nom\u00e9s treballen en teoria, sin\u00f3 que tamb\u00e9 tenen l&#8217;oportunitat de veure de primera m\u00e0 com funciona el cos hum\u00e0 i aprendre en un entorn de treball real.<\/p>\n","protected":false},"excerpt":{"rendered":"<p>3r d&#8217;ESO ha tingut l&#8217;oportunitat de realitzar una pr\u00e0ctica molt interessant durant aquest primer trimestre de l&#8217;assignatura de Biologia, centrada en l&#8217;observaci\u00f3 i dissecci\u00f3 d&#8217;un cor de vaca. Aquesta activitat els ha perm\u00e8s aprofundir en el coneixement de la morfologia<\/p>\n","protected":false},"author":1,"featured_media":0,"parent":0,"menu_order":0,"comment_status":"closed","ping_status":"closed","template":"","meta":{"_crdt_document":"","footnotes":""},"categories":[75],"tags":[149,43],"class_list":["post-24645","page","type-page","status-publish","hentry","category-activitats","tag-curs-2024-25","tag-ed-secundaria"],"jetpack_sharing_enabled":true,"_links":{"self":[{"href":"https:\/\/escolagrancapita.wpcomstaging.com\/index.php?rest_route=\/wp\/v2\/pages\/24645","targetHints":{"allow":["GET"]}}],"collection":[{"href":"https:\/\/escolagrancapita.wpcomstaging.com\/index.php?rest_route=\/wp\/v2\/pages"}],"about":[{"href":"https:\/\/escolagrancapita.wpcomstaging.com\/index.php?rest_route=\/wp\/v2\/types\/page"}],"author":[{"embeddable":true,"href":"https:\/\/escolagrancapita.wpcomstaging.com\/index.php?rest_route=\/wp\/v2\/users\/1"}],"replies":[{"embeddable":true,"href":"https:\/\/escolagrancapita.wpcomstaging.com\/index.php?rest_route=%2Fwp%2Fv2%2Fcomments&post=24645"}],"version-history":[{"count":2,"href":"https:\/\/escolagrancapita.wpcomstaging.com\/index.php?rest_route=\/wp\/v2\/pages\/24645\/revisions"}],"predecessor-version":[{"id":24653,"href":"https:\/\/escolagrancapita.wpcomstaging.com\/index.php?rest_route=\/wp\/v2\/pages\/24645\/revisions\/24653"}],"wp:attachment":[{"href":"https:\/\/escolagrancapita.wpcomstaging.com\/index.php?rest_route=%2Fwp%2Fv2%2Fmedia&parent=24645"}],"wp:term":[{"taxonomy":"category","embeddable":true,"href":"https:\/\/escolagrancapita.wpcomstaging.com\/index.php?rest_route=%2Fwp%2Fv2%2Fcategories&post=24645"},{"taxonomy":"post_tag","embeddable":true,"href":"https:\/\/escolagrancapita.wpcomstaging.com\/index.php?rest_route=%2Fwp%2Fv2%2Ftags&post=24645"}],"curies":[{"name":"wp","href":"https:\/\/api.w.org\/{rel}","templated":true}]}}