{"id":24725,"date":"2025-02-16T10:32:50","date_gmt":"2025-02-16T10:32:50","guid":{"rendered":"https:\/\/escolagrancapita.wpcomstaging.com\/?page_id=24725"},"modified":"2025-02-16T10:32:50","modified_gmt":"2025-02-16T10:32:50","slug":"la-dona-a-la-ciencia-2","status":"publish","type":"page","link":"https:\/\/escolagrancapita.wpcomstaging.com\/?page_id=24725","title":{"rendered":"La dona a la ci\u00e8ncia"},"content":{"rendered":"<p style=\"text-align: justify;\">\n<p style=\"text-align: justify;\">L&#8217;11 de febrer han pres consci\u00e8ncia sobre el paper de les dones en la ci\u00e8ncia al llarg del temps.<\/p>\n<p style=\"text-align: justify;\">Per fer-ho possible, Cicle Inicial s\u2019ha endinsat en la figura de <a href=\"https:\/\/ca.wikipedia.org\/wiki\/Wangari_Maathai\" target=\"_blank\" rel=\"noopener\">Wangari Maathai<\/a>, cient\u00edfica que va rebre el Premi Nobel de la Pau per impulsar la plantaci\u00f3 de milions d\u2019arbres per dones.<\/p>\n<p style=\"text-align: justify;\">En commemoraci\u00f3 a aquesta cient\u00edfica, han dut a terme diverses activitats:<\/p>\n<p style=\"text-align: justify;\"><strong>\u201cPosa\u2019t a plantar\u201d<\/strong><br \/>\nHan elaborat un Cesp\u00edn seguint les passes del m\u00e8tode cient\u00edfic.<\/p>\n<div id='gallery-1' class='gallery galleryid-24725 gallery-columns-2 gallery-size-full'><figure class='gallery-item'>\n\t\t\t<div class='gallery-icon landscape'>\n\t\t\t\t<img loading=\"lazy\" decoding=\"async\" width=\"5712\" height=\"4284\" src=\"https:\/\/i0.wp.com\/escolagrancapita.wpcomstaging.com\/wp-content\/uploads\/2025\/02\/IMG_3194-Paula-Barbara-Bujalance.jpeg?fit=5712%2C4284&amp;ssl=1\" class=\"attachment-full size-full\" alt=\"\" srcset=\"https:\/\/i0.wp.com\/escolagrancapita.wpcomstaging.com\/wp-content\/uploads\/2025\/02\/IMG_3194-Paula-Barbara-Bujalance.jpeg?w=5712&amp;ssl=1 5712w, https:\/\/i0.wp.com\/escolagrancapita.wpcomstaging.com\/wp-content\/uploads\/2025\/02\/IMG_3194-Paula-Barbara-Bujalance.jpeg?resize=300%2C225&amp;ssl=1 300w, https:\/\/i0.wp.com\/escolagrancapita.wpcomstaging.com\/wp-content\/uploads\/2025\/02\/IMG_3194-Paula-Barbara-Bujalance.jpeg?resize=1024%2C768&amp;ssl=1 1024w, https:\/\/i0.wp.com\/escolagrancapita.wpcomstaging.com\/wp-content\/uploads\/2025\/02\/IMG_3194-Paula-Barbara-Bujalance.jpeg?resize=768%2C576&amp;ssl=1 768w, https:\/\/i0.wp.com\/escolagrancapita.wpcomstaging.com\/wp-content\/uploads\/2025\/02\/IMG_3194-Paula-Barbara-Bujalance.jpeg?resize=1536%2C1152&amp;ssl=1 1536w, https:\/\/i0.wp.com\/escolagrancapita.wpcomstaging.com\/wp-content\/uploads\/2025\/02\/IMG_3194-Paula-Barbara-Bujalance.jpeg?resize=2048%2C1536&amp;ssl=1 2048w, https:\/\/i0.wp.com\/escolagrancapita.wpcomstaging.com\/wp-content\/uploads\/2025\/02\/IMG_3194-Paula-Barbara-Bujalance.jpeg?w=2250&amp;ssl=1 2250w\" sizes=\"auto, (max-width: 750px) 100vw, 750px\" \/>\n\t\t\t<\/div><\/figure><figure class='gallery-item'>\n\t\t\t<div class='gallery-icon landscape'>\n\t\t\t\t<img loading=\"lazy\" decoding=\"async\" width=\"1600\" height=\"1200\" src=\"https:\/\/i0.wp.com\/escolagrancapita.wpcomstaging.com\/wp-content\/uploads\/2025\/02\/708bec39-4d3f-4c6c-ba0e-daecba2e8c73-Paula-Barbara-Bujalance.jpeg?fit=1600%2C1200&amp;ssl=1\" class=\"attachment-full size-full\" alt=\"\" srcset=\"https:\/\/i0.wp.com\/escolagrancapita.wpcomstaging.com\/wp-content\/uploads\/2025\/02\/708bec39-4d3f-4c6c-ba0e-daecba2e8c73-Paula-Barbara-Bujalance.jpeg?w=1600&amp;ssl=1 1600w, https:\/\/i0.wp.com\/escolagrancapita.wpcomstaging.com\/wp-content\/uploads\/2025\/02\/708bec39-4d3f-4c6c-ba0e-daecba2e8c73-Paula-Barbara-Bujalance.jpeg?resize=300%2C225&amp;ssl=1 300w, https:\/\/i0.wp.com\/escolagrancapita.wpcomstaging.com\/wp-content\/uploads\/2025\/02\/708bec39-4d3f-4c6c-ba0e-daecba2e8c73-Paula-Barbara-Bujalance.jpeg?resize=1024%2C768&amp;ssl=1 1024w, https:\/\/i0.wp.com\/escolagrancapita.wpcomstaging.com\/wp-content\/uploads\/2025\/02\/708bec39-4d3f-4c6c-ba0e-daecba2e8c73-Paula-Barbara-Bujalance.jpeg?resize=768%2C576&amp;ssl=1 768w, https:\/\/i0.wp.com\/escolagrancapita.wpcomstaging.com\/wp-content\/uploads\/2025\/02\/708bec39-4d3f-4c6c-ba0e-daecba2e8c73-Paula-Barbara-Bujalance.jpeg?resize=1536%2C1152&amp;ssl=1 1536w\" sizes=\"auto, (max-width: 750px) 100vw, 750px\" \/>\n\t\t\t<\/div><\/figure><figure class='gallery-item'>\n\t\t\t<div class='gallery-icon portrait'>\n\t\t\t\t<img loading=\"lazy\" decoding=\"async\" width=\"3024\" height=\"4032\" src=\"https:\/\/i0.wp.com\/escolagrancapita.wpcomstaging.com\/wp-content\/uploads\/2025\/02\/IMG_3175-Paula-Barbara-Bujalance-rotated.jpeg?fit=3024%2C4032&amp;ssl=1\" class=\"attachment-full size-full\" alt=\"\" srcset=\"https:\/\/i0.wp.com\/escolagrancapita.wpcomstaging.com\/wp-content\/uploads\/2025\/02\/IMG_3175-Paula-Barbara-Bujalance-rotated.jpeg?w=3024&amp;ssl=1 3024w, https:\/\/i0.wp.com\/escolagrancapita.wpcomstaging.com\/wp-content\/uploads\/2025\/02\/IMG_3175-Paula-Barbara-Bujalance-rotated.jpeg?resize=225%2C300&amp;ssl=1 225w, https:\/\/i0.wp.com\/escolagrancapita.wpcomstaging.com\/wp-content\/uploads\/2025\/02\/IMG_3175-Paula-Barbara-Bujalance-rotated.jpeg?resize=768%2C1024&amp;ssl=1 768w, https:\/\/i0.wp.com\/escolagrancapita.wpcomstaging.com\/wp-content\/uploads\/2025\/02\/IMG_3175-Paula-Barbara-Bujalance-rotated.jpeg?resize=1152%2C1536&amp;ssl=1 1152w, https:\/\/i0.wp.com\/escolagrancapita.wpcomstaging.com\/wp-content\/uploads\/2025\/02\/IMG_3175-Paula-Barbara-Bujalance-rotated.jpeg?resize=1536%2C2048&amp;ssl=1 1536w, https:\/\/i0.wp.com\/escolagrancapita.wpcomstaging.com\/wp-content\/uploads\/2025\/02\/IMG_3175-Paula-Barbara-Bujalance-rotated.jpeg?w=2250&amp;ssl=1 2250w\" sizes=\"auto, (max-width: 750px) 100vw, 750px\" \/>\n\t\t\t<\/div><\/figure><figure class='gallery-item'>\n\t\t\t<div class='gallery-icon portrait'>\n\t\t\t\t<img loading=\"lazy\" decoding=\"async\" width=\"3024\" height=\"4032\" src=\"https:\/\/i0.wp.com\/escolagrancapita.wpcomstaging.com\/wp-content\/uploads\/2025\/02\/IMG_3191-Paula-Barbara-Bujalance-rotated.jpeg?fit=3024%2C4032&amp;ssl=1\" class=\"attachment-full size-full\" alt=\"\" srcset=\"https:\/\/i0.wp.com\/escolagrancapita.wpcomstaging.com\/wp-content\/uploads\/2025\/02\/IMG_3191-Paula-Barbara-Bujalance-rotated.jpeg?w=3024&amp;ssl=1 3024w, https:\/\/i0.wp.com\/escolagrancapita.wpcomstaging.com\/wp-content\/uploads\/2025\/02\/IMG_3191-Paula-Barbara-Bujalance-rotated.jpeg?resize=225%2C300&amp;ssl=1 225w, https:\/\/i0.wp.com\/escolagrancapita.wpcomstaging.com\/wp-content\/uploads\/2025\/02\/IMG_3191-Paula-Barbara-Bujalance-rotated.jpeg?resize=768%2C1024&amp;ssl=1 768w, https:\/\/i0.wp.com\/escolagrancapita.wpcomstaging.com\/wp-content\/uploads\/2025\/02\/IMG_3191-Paula-Barbara-Bujalance-rotated.jpeg?resize=1152%2C1536&amp;ssl=1 1152w, https:\/\/i0.wp.com\/escolagrancapita.wpcomstaging.com\/wp-content\/uploads\/2025\/02\/IMG_3191-Paula-Barbara-Bujalance-rotated.jpeg?resize=1536%2C2048&amp;ssl=1 1536w, https:\/\/i0.wp.com\/escolagrancapita.wpcomstaging.com\/wp-content\/uploads\/2025\/02\/IMG_3191-Paula-Barbara-Bujalance-rotated.jpeg?w=2250&amp;ssl=1 2250w\" sizes=\"auto, (max-width: 750px) 100vw, 750px\" \/>\n\t\t\t<\/div><\/figure>\n\t\t<\/div>\n\n<div id='gallery-2' class='gallery galleryid-24725 gallery-columns-1 gallery-size-full'><figure class='gallery-item'>\n\t\t\t<div class='gallery-icon landscape'>\n\t\t\t\t<img loading=\"lazy\" decoding=\"async\" width=\"3710\" height=\"2244\" src=\"https:\/\/i0.wp.com\/escolagrancapita.wpcomstaging.com\/wp-content\/uploads\/2025\/02\/IMG_3239-Paula-Barbara-Bujalance-e1739701954947.jpeg?fit=3710%2C2244&amp;ssl=1\" class=\"attachment-full size-full\" alt=\"\" srcset=\"https:\/\/i0.wp.com\/escolagrancapita.wpcomstaging.com\/wp-content\/uploads\/2025\/02\/IMG_3239-Paula-Barbara-Bujalance-e1739701954947.jpeg?w=3710&amp;ssl=1 3710w, https:\/\/i0.wp.com\/escolagrancapita.wpcomstaging.com\/wp-content\/uploads\/2025\/02\/IMG_3239-Paula-Barbara-Bujalance-e1739701954947.jpeg?resize=300%2C181&amp;ssl=1 300w, https:\/\/i0.wp.com\/escolagrancapita.wpcomstaging.com\/wp-content\/uploads\/2025\/02\/IMG_3239-Paula-Barbara-Bujalance-e1739701954947.jpeg?resize=1024%2C619&amp;ssl=1 1024w, https:\/\/i0.wp.com\/escolagrancapita.wpcomstaging.com\/wp-content\/uploads\/2025\/02\/IMG_3239-Paula-Barbara-Bujalance-e1739701954947.jpeg?resize=768%2C465&amp;ssl=1 768w, https:\/\/i0.wp.com\/escolagrancapita.wpcomstaging.com\/wp-content\/uploads\/2025\/02\/IMG_3239-Paula-Barbara-Bujalance-e1739701954947.jpeg?resize=1536%2C929&amp;ssl=1 1536w, https:\/\/i0.wp.com\/escolagrancapita.wpcomstaging.com\/wp-content\/uploads\/2025\/02\/IMG_3239-Paula-Barbara-Bujalance-e1739701954947.jpeg?resize=2048%2C1239&amp;ssl=1 2048w, https:\/\/i0.wp.com\/escolagrancapita.wpcomstaging.com\/wp-content\/uploads\/2025\/02\/IMG_3239-Paula-Barbara-Bujalance-e1739701954947.jpeg?w=2250&amp;ssl=1 2250w\" sizes=\"auto, (max-width: 750px) 100vw, 750px\" \/>\n\t\t\t<\/div><\/figure>\n\t\t<\/div>\n\n<p style=\"text-align: justify;\"><strong>Plantaci\u00f3 a l\u2019hort urb\u00e0<\/strong><br \/>\nHan plantat diferents esp\u00e8cies a l\u2019hort urb\u00e0 de l\u2019escola.<\/p>\n<div id='gallery-3' class='gallery galleryid-24725 gallery-columns-2 gallery-size-full'><figure class='gallery-item'>\n\t\t\t<div class='gallery-icon landscape'>\n\t\t\t\t<img loading=\"lazy\" decoding=\"async\" width=\"2040\" height=\"1530\" src=\"https:\/\/i0.wp.com\/escolagrancapita.wpcomstaging.com\/wp-content\/uploads\/2025\/02\/aab33c37-d42d-4b40-af57-1a26f1574bc1-Paula-Barbara-Bujalance.jpeg?fit=2040%2C1530&amp;ssl=1\" class=\"attachment-full size-full\" alt=\"\" srcset=\"https:\/\/i0.wp.com\/escolagrancapita.wpcomstaging.com\/wp-content\/uploads\/2025\/02\/aab33c37-d42d-4b40-af57-1a26f1574bc1-Paula-Barbara-Bujalance.jpeg?w=2040&amp;ssl=1 2040w, https:\/\/i0.wp.com\/escolagrancapita.wpcomstaging.com\/wp-content\/uploads\/2025\/02\/aab33c37-d42d-4b40-af57-1a26f1574bc1-Paula-Barbara-Bujalance.jpeg?resize=300%2C225&amp;ssl=1 300w, https:\/\/i0.wp.com\/escolagrancapita.wpcomstaging.com\/wp-content\/uploads\/2025\/02\/aab33c37-d42d-4b40-af57-1a26f1574bc1-Paula-Barbara-Bujalance.jpeg?resize=1024%2C768&amp;ssl=1 1024w, https:\/\/i0.wp.com\/escolagrancapita.wpcomstaging.com\/wp-content\/uploads\/2025\/02\/aab33c37-d42d-4b40-af57-1a26f1574bc1-Paula-Barbara-Bujalance.jpeg?resize=768%2C576&amp;ssl=1 768w, https:\/\/i0.wp.com\/escolagrancapita.wpcomstaging.com\/wp-content\/uploads\/2025\/02\/aab33c37-d42d-4b40-af57-1a26f1574bc1-Paula-Barbara-Bujalance.jpeg?resize=1536%2C1152&amp;ssl=1 1536w\" sizes=\"auto, (max-width: 750px) 100vw, 750px\" \/>\n\t\t\t<\/div><\/figure><figure class='gallery-item'>\n\t\t\t<div class='gallery-icon landscape'>\n\t\t\t\t<img loading=\"lazy\" decoding=\"async\" width=\"2040\" height=\"1530\" src=\"https:\/\/i0.wp.com\/escolagrancapita.wpcomstaging.com\/wp-content\/uploads\/2025\/02\/70659050-06e8-449b-b9b4-5054369f2eb2-Paula-Barbara-Bujalance.jpeg?fit=2040%2C1530&amp;ssl=1\" class=\"attachment-full size-full\" alt=\"\" srcset=\"https:\/\/i0.wp.com\/escolagrancapita.wpcomstaging.com\/wp-content\/uploads\/2025\/02\/70659050-06e8-449b-b9b4-5054369f2eb2-Paula-Barbara-Bujalance.jpeg?w=2040&amp;ssl=1 2040w, https:\/\/i0.wp.com\/escolagrancapita.wpcomstaging.com\/wp-content\/uploads\/2025\/02\/70659050-06e8-449b-b9b4-5054369f2eb2-Paula-Barbara-Bujalance.jpeg?resize=300%2C225&amp;ssl=1 300w, https:\/\/i0.wp.com\/escolagrancapita.wpcomstaging.com\/wp-content\/uploads\/2025\/02\/70659050-06e8-449b-b9b4-5054369f2eb2-Paula-Barbara-Bujalance.jpeg?resize=1024%2C768&amp;ssl=1 1024w, https:\/\/i0.wp.com\/escolagrancapita.wpcomstaging.com\/wp-content\/uploads\/2025\/02\/70659050-06e8-449b-b9b4-5054369f2eb2-Paula-Barbara-Bujalance.jpeg?resize=768%2C576&amp;ssl=1 768w, https:\/\/i0.wp.com\/escolagrancapita.wpcomstaging.com\/wp-content\/uploads\/2025\/02\/70659050-06e8-449b-b9b4-5054369f2eb2-Paula-Barbara-Bujalance.jpeg?resize=1536%2C1152&amp;ssl=1 1536w\" sizes=\"auto, (max-width: 750px) 100vw, 750px\" \/>\n\t\t\t<\/div><\/figure>\n\t\t<\/div>\n\n<div id='gallery-4' class='gallery galleryid-24725 gallery-columns-3 gallery-size-full'><figure class='gallery-item'>\n\t\t\t<div class='gallery-icon portrait'>\n\t\t\t\t<img loading=\"lazy\" decoding=\"async\" width=\"1530\" height=\"2040\" src=\"https:\/\/i0.wp.com\/escolagrancapita.wpcomstaging.com\/wp-content\/uploads\/2025\/02\/5b409221-f4e0-426d-b8c8-e8db95506e6e-Paula-Barbara-Bujalance.jpeg?fit=1530%2C2040&amp;ssl=1\" class=\"attachment-full size-full\" alt=\"\" srcset=\"https:\/\/i0.wp.com\/escolagrancapita.wpcomstaging.com\/wp-content\/uploads\/2025\/02\/5b409221-f4e0-426d-b8c8-e8db95506e6e-Paula-Barbara-Bujalance.jpeg?w=1530&amp;ssl=1 1530w, https:\/\/i0.wp.com\/escolagrancapita.wpcomstaging.com\/wp-content\/uploads\/2025\/02\/5b409221-f4e0-426d-b8c8-e8db95506e6e-Paula-Barbara-Bujalance.jpeg?resize=225%2C300&amp;ssl=1 225w, https:\/\/i0.wp.com\/escolagrancapita.wpcomstaging.com\/wp-content\/uploads\/2025\/02\/5b409221-f4e0-426d-b8c8-e8db95506e6e-Paula-Barbara-Bujalance.jpeg?resize=768%2C1024&amp;ssl=1 768w, https:\/\/i0.wp.com\/escolagrancapita.wpcomstaging.com\/wp-content\/uploads\/2025\/02\/5b409221-f4e0-426d-b8c8-e8db95506e6e-Paula-Barbara-Bujalance.jpeg?resize=1152%2C1536&amp;ssl=1 1152w\" sizes=\"auto, (max-width: 750px) 100vw, 750px\" \/>\n\t\t\t<\/div><\/figure><figure class='gallery-item'>\n\t\t\t<div class='gallery-icon portrait'>\n\t\t\t\t<img loading=\"lazy\" decoding=\"async\" width=\"3024\" height=\"4032\" src=\"https:\/\/i0.wp.com\/escolagrancapita.wpcomstaging.com\/wp-content\/uploads\/2025\/02\/ec74fb87-d5ab-45bc-ad39-33df83254311-Paula-Barbara-Bujalance.jpeg?fit=3024%2C4032&amp;ssl=1\" class=\"attachment-full size-full\" alt=\"\" srcset=\"https:\/\/i0.wp.com\/escolagrancapita.wpcomstaging.com\/wp-content\/uploads\/2025\/02\/ec74fb87-d5ab-45bc-ad39-33df83254311-Paula-Barbara-Bujalance.jpeg?w=3024&amp;ssl=1 3024w, https:\/\/i0.wp.com\/escolagrancapita.wpcomstaging.com\/wp-content\/uploads\/2025\/02\/ec74fb87-d5ab-45bc-ad39-33df83254311-Paula-Barbara-Bujalance.jpeg?resize=225%2C300&amp;ssl=1 225w, https:\/\/i0.wp.com\/escolagrancapita.wpcomstaging.com\/wp-content\/uploads\/2025\/02\/ec74fb87-d5ab-45bc-ad39-33df83254311-Paula-Barbara-Bujalance.jpeg?resize=768%2C1024&amp;ssl=1 768w, https:\/\/i0.wp.com\/escolagrancapita.wpcomstaging.com\/wp-content\/uploads\/2025\/02\/ec74fb87-d5ab-45bc-ad39-33df83254311-Paula-Barbara-Bujalance.jpeg?resize=1152%2C1536&amp;ssl=1 1152w, https:\/\/i0.wp.com\/escolagrancapita.wpcomstaging.com\/wp-content\/uploads\/2025\/02\/ec74fb87-d5ab-45bc-ad39-33df83254311-Paula-Barbara-Bujalance.jpeg?resize=1536%2C2048&amp;ssl=1 1536w, https:\/\/i0.wp.com\/escolagrancapita.wpcomstaging.com\/wp-content\/uploads\/2025\/02\/ec74fb87-d5ab-45bc-ad39-33df83254311-Paula-Barbara-Bujalance.jpeg?w=2250&amp;ssl=1 2250w\" sizes=\"auto, (max-width: 750px) 100vw, 750px\" \/>\n\t\t\t<\/div><\/figure><figure class='gallery-item'>\n\t\t\t<div class='gallery-icon portrait'>\n\t\t\t\t<img loading=\"lazy\" decoding=\"async\" width=\"3024\" height=\"4032\" src=\"https:\/\/i0.wp.com\/escolagrancapita.wpcomstaging.com\/wp-content\/uploads\/2025\/02\/d51b443a-dcbf-48c4-a7fc-8421fd90ec96-Paula-Barbara-Bujalance.jpeg?fit=3024%2C4032&amp;ssl=1\" class=\"attachment-full size-full\" alt=\"\" srcset=\"https:\/\/i0.wp.com\/escolagrancapita.wpcomstaging.com\/wp-content\/uploads\/2025\/02\/d51b443a-dcbf-48c4-a7fc-8421fd90ec96-Paula-Barbara-Bujalance.jpeg?w=3024&amp;ssl=1 3024w, https:\/\/i0.wp.com\/escolagrancapita.wpcomstaging.com\/wp-content\/uploads\/2025\/02\/d51b443a-dcbf-48c4-a7fc-8421fd90ec96-Paula-Barbara-Bujalance.jpeg?resize=225%2C300&amp;ssl=1 225w, https:\/\/i0.wp.com\/escolagrancapita.wpcomstaging.com\/wp-content\/uploads\/2025\/02\/d51b443a-dcbf-48c4-a7fc-8421fd90ec96-Paula-Barbara-Bujalance.jpeg?resize=768%2C1024&amp;ssl=1 768w, https:\/\/i0.wp.com\/escolagrancapita.wpcomstaging.com\/wp-content\/uploads\/2025\/02\/d51b443a-dcbf-48c4-a7fc-8421fd90ec96-Paula-Barbara-Bujalance.jpeg?resize=1152%2C1536&amp;ssl=1 1152w, https:\/\/i0.wp.com\/escolagrancapita.wpcomstaging.com\/wp-content\/uploads\/2025\/02\/d51b443a-dcbf-48c4-a7fc-8421fd90ec96-Paula-Barbara-Bujalance.jpeg?resize=1536%2C2048&amp;ssl=1 1536w, https:\/\/i0.wp.com\/escolagrancapita.wpcomstaging.com\/wp-content\/uploads\/2025\/02\/d51b443a-dcbf-48c4-a7fc-8421fd90ec96-Paula-Barbara-Bujalance.jpeg?w=2250&amp;ssl=1 2250w\" sizes=\"auto, (max-width: 750px) 100vw, 750px\" \/>\n\t\t\t<\/div><\/figure>\n\t\t<\/div>\n\n<p style=\"text-align: justify;\">Amb esfor\u00e7, aconsegueixen posar en valor esdeveniments significatius i continuar aprenent!<\/p>\n","protected":false},"excerpt":{"rendered":"<p>L&#8217;11 de febrer han pres consci\u00e8ncia sobre el paper de les dones en la ci\u00e8ncia al llarg del temps. Per fer-ho possible, Cicle Inicial s\u2019ha endinsat en la figura de Wangari Maathai, cient\u00edfica que va rebre el Premi Nobel de<\/p>\n","protected":false},"author":1,"featured_media":0,"parent":0,"menu_order":0,"comment_status":"closed","ping_status":"closed","template":"","meta":{"_crdt_document":"","footnotes":""},"categories":[75],"tags":[149,86,118],"class_list":["post-24725","page","type-page","status-publish","hentry","category-activitats","tag-curs-2024-25","tag-ed-primaria","tag-sostenibilitat"],"jetpack_sharing_enabled":true,"_links":{"self":[{"href":"https:\/\/escolagrancapita.wpcomstaging.com\/index.php?rest_route=\/wp\/v2\/pages\/24725","targetHints":{"allow":["GET"]}}],"collection":[{"href":"https:\/\/escolagrancapita.wpcomstaging.com\/index.php?rest_route=\/wp\/v2\/pages"}],"about":[{"href":"https:\/\/escolagrancapita.wpcomstaging.com\/index.php?rest_route=\/wp\/v2\/types\/page"}],"author":[{"embeddable":true,"href":"https:\/\/escolagrancapita.wpcomstaging.com\/index.php?rest_route=\/wp\/v2\/users\/1"}],"replies":[{"embeddable":true,"href":"https:\/\/escolagrancapita.wpcomstaging.com\/index.php?rest_route=%2Fwp%2Fv2%2Fcomments&post=24725"}],"version-history":[{"count":3,"href":"https:\/\/escolagrancapita.wpcomstaging.com\/index.php?rest_route=\/wp\/v2\/pages\/24725\/revisions"}],"predecessor-version":[{"id":24825,"href":"https:\/\/escolagrancapita.wpcomstaging.com\/index.php?rest_route=\/wp\/v2\/pages\/24725\/revisions\/24825"}],"wp:attachment":[{"href":"https:\/\/escolagrancapita.wpcomstaging.com\/index.php?rest_route=%2Fwp%2Fv2%2Fmedia&parent=24725"}],"wp:term":[{"taxonomy":"category","embeddable":true,"href":"https:\/\/escolagrancapita.wpcomstaging.com\/index.php?rest_route=%2Fwp%2Fv2%2Fcategories&post=24725"},{"taxonomy":"post_tag","embeddable":true,"href":"https:\/\/escolagrancapita.wpcomstaging.com\/index.php?rest_route=%2Fwp%2Fv2%2Ftags&post=24725"}],"curies":[{"name":"wp","href":"https:\/\/api.w.org\/{rel}","templated":true}]}}