{"id":24858,"date":"2025-03-02T09:08:44","date_gmt":"2025-03-02T09:08:44","guid":{"rendered":"https:\/\/escolagrancapita.wpcomstaging.com\/?page_id=24858"},"modified":"2025-03-02T09:10:17","modified_gmt":"2025-03-02T09:10:17","slug":"descobrint-la-magia-dels-jocs-tradicionals","status":"publish","type":"page","link":"https:\/\/escolagrancapita.wpcomstaging.com\/?page_id=24858","title":{"rendered":"Descobrint la m\u00e0gia dels jocs tradicionals"},"content":{"rendered":"<p style=\"text-align: justify;\" data-start=\"154\" data-end=\"557\">Durant el segon trimestre, l\u2019alumnat de Cicle Superior ha dut a terme un emocionant projecte sobre <strong>Jocs Tradicionals<\/strong>, una experi\u00e8ncia que ha perm\u00e8s con\u00e8ixer i practicar diferents jocs populars d\u2019arreu del m\u00f3n. Aquesta iniciativa no nom\u00e9s ha servit per redescobrir antics passatemps, sin\u00f3 tamb\u00e9 per entendre com el joc ha estat, des de sempre, un element clau en la cultura i el desenvolupament social.<\/p>\n<p style=\"text-align: justify;\" data-start=\"559\" data-end=\"937\">Han investigat la hist\u00f2ria i les regles de jocs emblem\u00e0tics de diversos pa\u00efsos, com la xarranca, la corda, la ratlleta i el mocador, entre molts altres. Cada joc ha estat analitzat des d\u2019una perspectiva hist\u00f2rica i cultural, destacant la seva evoluci\u00f3 al llarg del temps i les seves particularitats segons la regi\u00f3 d\u2019origen.<\/p>\n<p style=\"text-align: justify;\" data-start=\"939\" data-end=\"1265\">L\u2019activitat no s\u2019ha limitat nom\u00e9s a la teoria. Han tingut l\u2019oportunitat de posar en pr\u00e0ctica aquests jocs a l\u2019escola, compartint moments de diversi\u00f3 i aprenentatge amb els companys. Aquest intercanvi ha fomentat valors fonamentals com la cooperaci\u00f3, el respecte per les normes i la import\u00e0ncia del treball en equip.<\/p>\n<div id='gallery-1' class='gallery galleryid-24858 gallery-columns-5 gallery-size-full'><figure class='gallery-item'>\n\t\t\t<div class='gallery-icon landscape'>\n\t\t\t\t<img loading=\"lazy\" decoding=\"async\" width=\"640\" height=\"480\" src=\"https:\/\/i0.wp.com\/escolagrancapita.wpcomstaging.com\/wp-content\/uploads\/2025\/03\/IMG_1880-miriam-Sanchez-Alfaro.jpg?fit=640%2C480&amp;ssl=1\" class=\"attachment-full size-full\" alt=\"\" srcset=\"https:\/\/i0.wp.com\/escolagrancapita.wpcomstaging.com\/wp-content\/uploads\/2025\/03\/IMG_1880-miriam-Sanchez-Alfaro.jpg?w=640&amp;ssl=1 640w, https:\/\/i0.wp.com\/escolagrancapita.wpcomstaging.com\/wp-content\/uploads\/2025\/03\/IMG_1880-miriam-Sanchez-Alfaro.jpg?resize=300%2C225&amp;ssl=1 300w\" sizes=\"auto, (max-width: 640px) 100vw, 640px\" \/>\n\t\t\t<\/div><\/figure><figure class='gallery-item'>\n\t\t\t<div class='gallery-icon landscape'>\n\t\t\t\t<img loading=\"lazy\" decoding=\"async\" width=\"640\" height=\"480\" src=\"https:\/\/i0.wp.com\/escolagrancapita.wpcomstaging.com\/wp-content\/uploads\/2025\/03\/IMG_1876-miriam-Sanchez-Alfaro.jpg?fit=640%2C480&amp;ssl=1\" class=\"attachment-full size-full\" alt=\"\" srcset=\"https:\/\/i0.wp.com\/escolagrancapita.wpcomstaging.com\/wp-content\/uploads\/2025\/03\/IMG_1876-miriam-Sanchez-Alfaro.jpg?w=640&amp;ssl=1 640w, https:\/\/i0.wp.com\/escolagrancapita.wpcomstaging.com\/wp-content\/uploads\/2025\/03\/IMG_1876-miriam-Sanchez-Alfaro.jpg?resize=300%2C225&amp;ssl=1 300w\" sizes=\"auto, (max-width: 640px) 100vw, 640px\" \/>\n\t\t\t<\/div><\/figure><figure class='gallery-item'>\n\t\t\t<div class='gallery-icon landscape'>\n\t\t\t\t<img loading=\"lazy\" decoding=\"async\" width=\"640\" height=\"480\" src=\"https:\/\/i0.wp.com\/escolagrancapita.wpcomstaging.com\/wp-content\/uploads\/2025\/03\/IMG_1845-miriam-Sanchez-Alfaro.jpg?fit=640%2C480&amp;ssl=1\" class=\"attachment-full size-full\" alt=\"\" srcset=\"https:\/\/i0.wp.com\/escolagrancapita.wpcomstaging.com\/wp-content\/uploads\/2025\/03\/IMG_1845-miriam-Sanchez-Alfaro.jpg?w=640&amp;ssl=1 640w, https:\/\/i0.wp.com\/escolagrancapita.wpcomstaging.com\/wp-content\/uploads\/2025\/03\/IMG_1845-miriam-Sanchez-Alfaro.jpg?resize=300%2C225&amp;ssl=1 300w\" sizes=\"auto, (max-width: 640px) 100vw, 640px\" \/>\n\t\t\t<\/div><\/figure><figure class='gallery-item'>\n\t\t\t<div class='gallery-icon landscape'>\n\t\t\t\t<img loading=\"lazy\" decoding=\"async\" width=\"640\" height=\"480\" src=\"https:\/\/i0.wp.com\/escolagrancapita.wpcomstaging.com\/wp-content\/uploads\/2025\/03\/IMG_1844-miriam-Sanchez-Alfaro.jpg?fit=640%2C480&amp;ssl=1\" class=\"attachment-full size-full\" alt=\"\" srcset=\"https:\/\/i0.wp.com\/escolagrancapita.wpcomstaging.com\/wp-content\/uploads\/2025\/03\/IMG_1844-miriam-Sanchez-Alfaro.jpg?w=640&amp;ssl=1 640w, https:\/\/i0.wp.com\/escolagrancapita.wpcomstaging.com\/wp-content\/uploads\/2025\/03\/IMG_1844-miriam-Sanchez-Alfaro.jpg?resize=300%2C225&amp;ssl=1 300w\" sizes=\"auto, (max-width: 640px) 100vw, 640px\" \/>\n\t\t\t<\/div><\/figure><figure class='gallery-item'>\n\t\t\t<div class='gallery-icon landscape'>\n\t\t\t\t<img loading=\"lazy\" decoding=\"async\" width=\"640\" height=\"480\" src=\"https:\/\/i0.wp.com\/escolagrancapita.wpcomstaging.com\/wp-content\/uploads\/2025\/03\/IMG_1819-miriam-Sanchez-Alfaro.jpg?fit=640%2C480&amp;ssl=1\" class=\"attachment-full size-full\" alt=\"\" srcset=\"https:\/\/i0.wp.com\/escolagrancapita.wpcomstaging.com\/wp-content\/uploads\/2025\/03\/IMG_1819-miriam-Sanchez-Alfaro.jpg?w=640&amp;ssl=1 640w, https:\/\/i0.wp.com\/escolagrancapita.wpcomstaging.com\/wp-content\/uploads\/2025\/03\/IMG_1819-miriam-Sanchez-Alfaro.jpg?resize=300%2C225&amp;ssl=1 300w\" sizes=\"auto, (max-width: 640px) 100vw, 640px\" \/>\n\t\t\t<\/div><\/figure><figure class='gallery-item'>\n\t\t\t<div class='gallery-icon landscape'>\n\t\t\t\t<img loading=\"lazy\" decoding=\"async\" width=\"640\" height=\"480\" src=\"https:\/\/i0.wp.com\/escolagrancapita.wpcomstaging.com\/wp-content\/uploads\/2025\/03\/IMG_1766-miriam-Sanchez-Alfaro.jpg?fit=640%2C480&amp;ssl=1\" class=\"attachment-full size-full\" alt=\"\" srcset=\"https:\/\/i0.wp.com\/escolagrancapita.wpcomstaging.com\/wp-content\/uploads\/2025\/03\/IMG_1766-miriam-Sanchez-Alfaro.jpg?w=640&amp;ssl=1 640w, https:\/\/i0.wp.com\/escolagrancapita.wpcomstaging.com\/wp-content\/uploads\/2025\/03\/IMG_1766-miriam-Sanchez-Alfaro.jpg?resize=300%2C225&amp;ssl=1 300w\" sizes=\"auto, (max-width: 640px) 100vw, 640px\" \/>\n\t\t\t<\/div><\/figure><figure class='gallery-item'>\n\t\t\t<div class='gallery-icon landscape'>\n\t\t\t\t<img loading=\"lazy\" decoding=\"async\" width=\"640\" height=\"480\" src=\"https:\/\/i0.wp.com\/escolagrancapita.wpcomstaging.com\/wp-content\/uploads\/2025\/03\/IMG_1757-miriam-Sanchez-Alfaro.jpg?fit=640%2C480&amp;ssl=1\" class=\"attachment-full size-full\" alt=\"\" srcset=\"https:\/\/i0.wp.com\/escolagrancapita.wpcomstaging.com\/wp-content\/uploads\/2025\/03\/IMG_1757-miriam-Sanchez-Alfaro.jpg?w=640&amp;ssl=1 640w, https:\/\/i0.wp.com\/escolagrancapita.wpcomstaging.com\/wp-content\/uploads\/2025\/03\/IMG_1757-miriam-Sanchez-Alfaro.jpg?resize=300%2C225&amp;ssl=1 300w\" sizes=\"auto, (max-width: 640px) 100vw, 640px\" \/>\n\t\t\t<\/div><\/figure><figure class='gallery-item'>\n\t\t\t<div class='gallery-icon landscape'>\n\t\t\t\t<img loading=\"lazy\" decoding=\"async\" width=\"640\" height=\"480\" src=\"https:\/\/i0.wp.com\/escolagrancapita.wpcomstaging.com\/wp-content\/uploads\/2025\/03\/IMG_1756-miriam-Sanchez-Alfaro.jpg?fit=640%2C480&amp;ssl=1\" class=\"attachment-full size-full\" alt=\"\" srcset=\"https:\/\/i0.wp.com\/escolagrancapita.wpcomstaging.com\/wp-content\/uploads\/2025\/03\/IMG_1756-miriam-Sanchez-Alfaro.jpg?w=640&amp;ssl=1 640w, https:\/\/i0.wp.com\/escolagrancapita.wpcomstaging.com\/wp-content\/uploads\/2025\/03\/IMG_1756-miriam-Sanchez-Alfaro.jpg?resize=300%2C225&amp;ssl=1 300w\" sizes=\"auto, (max-width: 640px) 100vw, 640px\" \/>\n\t\t\t<\/div><\/figure><figure class='gallery-item'>\n\t\t\t<div class='gallery-icon landscape'>\n\t\t\t\t<img loading=\"lazy\" decoding=\"async\" width=\"640\" height=\"480\" src=\"https:\/\/i0.wp.com\/escolagrancapita.wpcomstaging.com\/wp-content\/uploads\/2025\/03\/IMG_1754-miriam-Sanchez-Alfaro.jpg?fit=640%2C480&amp;ssl=1\" class=\"attachment-full size-full\" alt=\"\" srcset=\"https:\/\/i0.wp.com\/escolagrancapita.wpcomstaging.com\/wp-content\/uploads\/2025\/03\/IMG_1754-miriam-Sanchez-Alfaro.jpg?w=640&amp;ssl=1 640w, https:\/\/i0.wp.com\/escolagrancapita.wpcomstaging.com\/wp-content\/uploads\/2025\/03\/IMG_1754-miriam-Sanchez-Alfaro.jpg?resize=300%2C225&amp;ssl=1 300w\" sizes=\"auto, (max-width: 640px) 100vw, 640px\" \/>\n\t\t\t<\/div><\/figure><figure class='gallery-item'>\n\t\t\t<div class='gallery-icon landscape'>\n\t\t\t\t<img loading=\"lazy\" decoding=\"async\" width=\"640\" height=\"480\" src=\"https:\/\/i0.wp.com\/escolagrancapita.wpcomstaging.com\/wp-content\/uploads\/2025\/03\/IMG_1750-miriam-Sanchez-Alfaro.jpg?fit=640%2C480&amp;ssl=1\" class=\"attachment-full size-full\" alt=\"\" srcset=\"https:\/\/i0.wp.com\/escolagrancapita.wpcomstaging.com\/wp-content\/uploads\/2025\/03\/IMG_1750-miriam-Sanchez-Alfaro.jpg?w=640&amp;ssl=1 640w, https:\/\/i0.wp.com\/escolagrancapita.wpcomstaging.com\/wp-content\/uploads\/2025\/03\/IMG_1750-miriam-Sanchez-Alfaro.jpg?resize=300%2C225&amp;ssl=1 300w\" sizes=\"auto, (max-width: 640px) 100vw, 640px\" \/>\n\t\t\t<\/div><\/figure>\n\t\t<\/div>\n\n<p style=\"text-align: justify;\" data-start=\"1267\" data-end=\"1576\">En definitiva, aquesta experi\u00e8ncia ha estat molt enriquidora, ja que no nom\u00e9s ha potenciat les seves habilitats f\u00edsiques i motores, sin\u00f3 que tamb\u00e9 ha obert una finestra a les tradicions l\u00fadiques d\u2019altres cultures, ajudant a comprendre la import\u00e0ncia del <strong>joc com a eina d\u2019aprenentatge i socialitzaci\u00f3<\/strong>.<\/p>\n","protected":false},"excerpt":{"rendered":"<p>Durant el segon trimestre, l\u2019alumnat de Cicle Superior ha dut a terme un emocionant projecte sobre Jocs Tradicionals, una experi\u00e8ncia que ha perm\u00e8s con\u00e8ixer i practicar diferents jocs populars d\u2019arreu del m\u00f3n. Aquesta iniciativa no nom\u00e9s ha servit per redescobrir<\/p>\n","protected":false},"author":1,"featured_media":0,"parent":0,"menu_order":0,"comment_status":"closed","ping_status":"closed","template":"","meta":{"_crdt_document":"","footnotes":""},"categories":[75],"tags":[149,86],"class_list":["post-24858","page","type-page","status-publish","hentry","category-activitats","tag-curs-2024-25","tag-ed-primaria"],"jetpack_sharing_enabled":true,"_links":{"self":[{"href":"https:\/\/escolagrancapita.wpcomstaging.com\/index.php?rest_route=\/wp\/v2\/pages\/24858","targetHints":{"allow":["GET"]}}],"collection":[{"href":"https:\/\/escolagrancapita.wpcomstaging.com\/index.php?rest_route=\/wp\/v2\/pages"}],"about":[{"href":"https:\/\/escolagrancapita.wpcomstaging.com\/index.php?rest_route=\/wp\/v2\/types\/page"}],"author":[{"embeddable":true,"href":"https:\/\/escolagrancapita.wpcomstaging.com\/index.php?rest_route=\/wp\/v2\/users\/1"}],"replies":[{"embeddable":true,"href":"https:\/\/escolagrancapita.wpcomstaging.com\/index.php?rest_route=%2Fwp%2Fv2%2Fcomments&post=24858"}],"version-history":[{"count":2,"href":"https:\/\/escolagrancapita.wpcomstaging.com\/index.php?rest_route=\/wp\/v2\/pages\/24858\/revisions"}],"predecessor-version":[{"id":24875,"href":"https:\/\/escolagrancapita.wpcomstaging.com\/index.php?rest_route=\/wp\/v2\/pages\/24858\/revisions\/24875"}],"wp:attachment":[{"href":"https:\/\/escolagrancapita.wpcomstaging.com\/index.php?rest_route=%2Fwp%2Fv2%2Fmedia&parent=24858"}],"wp:term":[{"taxonomy":"category","embeddable":true,"href":"https:\/\/escolagrancapita.wpcomstaging.com\/index.php?rest_route=%2Fwp%2Fv2%2Fcategories&post=24858"},{"taxonomy":"post_tag","embeddable":true,"href":"https:\/\/escolagrancapita.wpcomstaging.com\/index.php?rest_route=%2Fwp%2Fv2%2Ftags&post=24858"}],"curies":[{"name":"wp","href":"https:\/\/api.w.org\/{rel}","templated":true}]}}