{"id":25173,"date":"2025-03-30T15:06:21","date_gmt":"2025-03-30T15:06:21","guid":{"rendered":"https:\/\/escolagrancapita.wpcomstaging.com\/?page_id=25173"},"modified":"2025-03-30T15:11:27","modified_gmt":"2025-03-30T15:11:27","slug":"celebracio-del-dia-del-pare-amb-postals-plenes-destima","status":"publish","type":"page","link":"https:\/\/escolagrancapita.wpcomstaging.com\/?page_id=25173","title":{"rendered":"Celebraci\u00f3 del Dia del Pare amb postals plenes d\u2019estima"},"content":{"rendered":"<p class=\"\" style=\"text-align: justify;\" data-start=\"61\" data-end=\"216\">El 19 de mar\u00e7, aprofitant la celebraci\u00f3 del dia del <strong>Dia del Pare<\/strong>, es va dur a terme una activitat especial centrada en l\u2019elaboraci\u00f3 de postals carregades d\u2019afecte i gratitud.<\/p>\n<p class=\"\" style=\"text-align: justify;\" data-start=\"218\" data-end=\"442\">4t de Prim\u00e0ria va col\u00b7laborar amb els cursos d\u2019Infantil i 1r de Prim\u00e0ria en la redacci\u00f3 de missatges plens de tendresa, compartint paraules que reflectien<strong> l\u2019amor i la gratitud cap a les persones especials que ens cuiden i ens acompanyen<\/strong>.<\/p>\n<div id='gallery-1' class='gallery galleryid-25173 gallery-columns-2 gallery-size-full'><figure class='gallery-item'>\n\t\t\t<div class='gallery-icon landscape'>\n\t\t\t\t<img loading=\"lazy\" decoding=\"async\" width=\"4032\" height=\"3024\" src=\"https:\/\/i0.wp.com\/escolagrancapita.wpcomstaging.com\/wp-content\/uploads\/2025\/03\/PRI_DiaPare25-1.jpeg?fit=4032%2C3024&amp;ssl=1\" class=\"attachment-full size-full\" alt=\"\" srcset=\"https:\/\/i0.wp.com\/escolagrancapita.wpcomstaging.com\/wp-content\/uploads\/2025\/03\/PRI_DiaPare25-1.jpeg?w=4032&amp;ssl=1 4032w, https:\/\/i0.wp.com\/escolagrancapita.wpcomstaging.com\/wp-content\/uploads\/2025\/03\/PRI_DiaPare25-1.jpeg?resize=300%2C225&amp;ssl=1 300w, https:\/\/i0.wp.com\/escolagrancapita.wpcomstaging.com\/wp-content\/uploads\/2025\/03\/PRI_DiaPare25-1.jpeg?resize=1024%2C768&amp;ssl=1 1024w, https:\/\/i0.wp.com\/escolagrancapita.wpcomstaging.com\/wp-content\/uploads\/2025\/03\/PRI_DiaPare25-1.jpeg?resize=768%2C576&amp;ssl=1 768w, https:\/\/i0.wp.com\/escolagrancapita.wpcomstaging.com\/wp-content\/uploads\/2025\/03\/PRI_DiaPare25-1.jpeg?resize=1536%2C1152&amp;ssl=1 1536w, https:\/\/i0.wp.com\/escolagrancapita.wpcomstaging.com\/wp-content\/uploads\/2025\/03\/PRI_DiaPare25-1.jpeg?resize=2048%2C1536&amp;ssl=1 2048w, https:\/\/i0.wp.com\/escolagrancapita.wpcomstaging.com\/wp-content\/uploads\/2025\/03\/PRI_DiaPare25-1.jpeg?w=2250&amp;ssl=1 2250w\" sizes=\"auto, (max-width: 750px) 100vw, 750px\" \/>\n\t\t\t<\/div><\/figure><figure class='gallery-item'>\n\t\t\t<div class='gallery-icon landscape'>\n\t\t\t\t<img loading=\"lazy\" decoding=\"async\" width=\"4032\" height=\"3024\" src=\"https:\/\/i0.wp.com\/escolagrancapita.wpcomstaging.com\/wp-content\/uploads\/2025\/03\/PRI_DiaPare25-4.jpeg?fit=4032%2C3024&amp;ssl=1\" class=\"attachment-full size-full\" alt=\"\" srcset=\"https:\/\/i0.wp.com\/escolagrancapita.wpcomstaging.com\/wp-content\/uploads\/2025\/03\/PRI_DiaPare25-4.jpeg?w=4032&amp;ssl=1 4032w, https:\/\/i0.wp.com\/escolagrancapita.wpcomstaging.com\/wp-content\/uploads\/2025\/03\/PRI_DiaPare25-4.jpeg?resize=300%2C225&amp;ssl=1 300w, https:\/\/i0.wp.com\/escolagrancapita.wpcomstaging.com\/wp-content\/uploads\/2025\/03\/PRI_DiaPare25-4.jpeg?resize=1024%2C768&amp;ssl=1 1024w, https:\/\/i0.wp.com\/escolagrancapita.wpcomstaging.com\/wp-content\/uploads\/2025\/03\/PRI_DiaPare25-4.jpeg?resize=768%2C576&amp;ssl=1 768w, https:\/\/i0.wp.com\/escolagrancapita.wpcomstaging.com\/wp-content\/uploads\/2025\/03\/PRI_DiaPare25-4.jpeg?resize=1536%2C1152&amp;ssl=1 1536w, https:\/\/i0.wp.com\/escolagrancapita.wpcomstaging.com\/wp-content\/uploads\/2025\/03\/PRI_DiaPare25-4.jpeg?resize=2048%2C1536&amp;ssl=1 2048w, https:\/\/i0.wp.com\/escolagrancapita.wpcomstaging.com\/wp-content\/uploads\/2025\/03\/PRI_DiaPare25-4.jpeg?w=2250&amp;ssl=1 2250w\" sizes=\"auto, (max-width: 750px) 100vw, 750px\" \/>\n\t\t\t<\/div><\/figure>\n\t\t<\/div>\n\n<p class=\"\" style=\"text-align: justify;\" data-start=\"444\" data-end=\"688\">Alhora, 4t i 5\u00e8 de Prim\u00e0ria van dedicar temps a expressar els seus sentiments a trav\u00e9s de missatges creatius i personals. La imaginaci\u00f3 i la sensibilitat es van posar al servei de l\u2019agra\u00efment, reconeixent l\u2019esfor\u00e7 i l\u2019estima que reben cada dia.<\/p>\n<div id='gallery-2' class='gallery galleryid-25173 gallery-columns-2 gallery-size-full'><figure class='gallery-item'>\n\t\t\t<div class='gallery-icon portrait'>\n\t\t\t\t<img loading=\"lazy\" decoding=\"async\" width=\"1116\" height=\"1458\" src=\"https:\/\/i0.wp.com\/escolagrancapita.wpcomstaging.com\/wp-content\/uploads\/2025\/03\/PRI_DiaPare25-2.png?fit=1116%2C1458&amp;ssl=1\" class=\"attachment-full size-full\" alt=\"\" srcset=\"https:\/\/i0.wp.com\/escolagrancapita.wpcomstaging.com\/wp-content\/uploads\/2025\/03\/PRI_DiaPare25-2.png?w=1116&amp;ssl=1 1116w, https:\/\/i0.wp.com\/escolagrancapita.wpcomstaging.com\/wp-content\/uploads\/2025\/03\/PRI_DiaPare25-2.png?resize=230%2C300&amp;ssl=1 230w, https:\/\/i0.wp.com\/escolagrancapita.wpcomstaging.com\/wp-content\/uploads\/2025\/03\/PRI_DiaPare25-2.png?resize=784%2C1024&amp;ssl=1 784w, https:\/\/i0.wp.com\/escolagrancapita.wpcomstaging.com\/wp-content\/uploads\/2025\/03\/PRI_DiaPare25-2.png?resize=768%2C1003&amp;ssl=1 768w\" sizes=\"auto, (max-width: 750px) 100vw, 750px\" \/>\n\t\t\t<\/div><\/figure><figure class='gallery-item'>\n\t\t\t<div class='gallery-icon portrait'>\n\t\t\t\t<img loading=\"lazy\" decoding=\"async\" width=\"1130\" height=\"1488\" src=\"https:\/\/i0.wp.com\/escolagrancapita.wpcomstaging.com\/wp-content\/uploads\/2025\/03\/PRI_DiaPare25-3.png?fit=1130%2C1488&amp;ssl=1\" class=\"attachment-full size-full\" alt=\"\" srcset=\"https:\/\/i0.wp.com\/escolagrancapita.wpcomstaging.com\/wp-content\/uploads\/2025\/03\/PRI_DiaPare25-3.png?w=1130&amp;ssl=1 1130w, https:\/\/i0.wp.com\/escolagrancapita.wpcomstaging.com\/wp-content\/uploads\/2025\/03\/PRI_DiaPare25-3.png?resize=228%2C300&amp;ssl=1 228w, https:\/\/i0.wp.com\/escolagrancapita.wpcomstaging.com\/wp-content\/uploads\/2025\/03\/PRI_DiaPare25-3.png?resize=778%2C1024&amp;ssl=1 778w, https:\/\/i0.wp.com\/escolagrancapita.wpcomstaging.com\/wp-content\/uploads\/2025\/03\/PRI_DiaPare25-3.png?resize=768%2C1011&amp;ssl=1 768w\" sizes=\"auto, (max-width: 750px) 100vw, 750px\" \/>\n\t\t\t<\/div><\/figure><figure class='gallery-item'>\n\t\t\t<div class='gallery-icon portrait'>\n\t\t\t\t<img loading=\"lazy\" decoding=\"async\" width=\"1512\" height=\"2016\" src=\"https:\/\/i0.wp.com\/escolagrancapita.wpcomstaging.com\/wp-content\/uploads\/2025\/03\/PRI_DiaPare25-2.jpeg?fit=1512%2C2016&amp;ssl=1\" class=\"attachment-full size-full\" alt=\"\" srcset=\"https:\/\/i0.wp.com\/escolagrancapita.wpcomstaging.com\/wp-content\/uploads\/2025\/03\/PRI_DiaPare25-2.jpeg?w=1512&amp;ssl=1 1512w, https:\/\/i0.wp.com\/escolagrancapita.wpcomstaging.com\/wp-content\/uploads\/2025\/03\/PRI_DiaPare25-2.jpeg?resize=225%2C300&amp;ssl=1 225w, https:\/\/i0.wp.com\/escolagrancapita.wpcomstaging.com\/wp-content\/uploads\/2025\/03\/PRI_DiaPare25-2.jpeg?resize=768%2C1024&amp;ssl=1 768w, https:\/\/i0.wp.com\/escolagrancapita.wpcomstaging.com\/wp-content\/uploads\/2025\/03\/PRI_DiaPare25-2.jpeg?resize=1152%2C1536&amp;ssl=1 1152w\" sizes=\"auto, (max-width: 750px) 100vw, 750px\" \/>\n\t\t\t<\/div><\/figure><figure class='gallery-item'>\n\t\t\t<div class='gallery-icon portrait'>\n\t\t\t\t<img loading=\"lazy\" decoding=\"async\" width=\"1512\" height=\"2016\" src=\"https:\/\/i0.wp.com\/escolagrancapita.wpcomstaging.com\/wp-content\/uploads\/2025\/03\/PRI_DiaPare25-3.jpeg?fit=1512%2C2016&amp;ssl=1\" class=\"attachment-full size-full\" alt=\"\" srcset=\"https:\/\/i0.wp.com\/escolagrancapita.wpcomstaging.com\/wp-content\/uploads\/2025\/03\/PRI_DiaPare25-3.jpeg?w=1512&amp;ssl=1 1512w, https:\/\/i0.wp.com\/escolagrancapita.wpcomstaging.com\/wp-content\/uploads\/2025\/03\/PRI_DiaPare25-3.jpeg?resize=225%2C300&amp;ssl=1 225w, https:\/\/i0.wp.com\/escolagrancapita.wpcomstaging.com\/wp-content\/uploads\/2025\/03\/PRI_DiaPare25-3.jpeg?resize=768%2C1024&amp;ssl=1 768w, https:\/\/i0.wp.com\/escolagrancapita.wpcomstaging.com\/wp-content\/uploads\/2025\/03\/PRI_DiaPare25-3.jpeg?resize=1152%2C1536&amp;ssl=1 1152w\" sizes=\"auto, (max-width: 750px) 100vw, 750px\" \/>\n\t\t\t<\/div><\/figure>\n\t\t<\/div>\n\n<p class=\"\" style=\"text-align: justify;\" data-start=\"690\" data-end=\"857\">Aquesta proposta va <strong>afavorir la capacitat d\u2019expressar emocions i va refor\u00e7ar els vincles familiars<\/strong>, tot destacant la import\u00e0ncia de valors com l\u2019empatia i l\u2019agra\u00efment.<\/p>\n","protected":false},"excerpt":{"rendered":"<p>El 19 de mar\u00e7, aprofitant la celebraci\u00f3 del dia del Dia del Pare, es va dur a terme una activitat especial centrada en l\u2019elaboraci\u00f3 de postals carregades d\u2019afecte i gratitud. 4t de Prim\u00e0ria va col\u00b7laborar amb els cursos d\u2019Infantil i<\/p>\n","protected":false},"author":1,"featured_media":0,"parent":0,"menu_order":0,"comment_status":"closed","ping_status":"closed","template":"","meta":{"_crdt_document":"","footnotes":""},"categories":[75],"tags":[149,77,86],"class_list":["post-25173","page","type-page","status-publish","hentry","category-activitats","tag-curs-2024-25","tag-ed-infantil","tag-ed-primaria"],"jetpack_sharing_enabled":true,"_links":{"self":[{"href":"https:\/\/escolagrancapita.wpcomstaging.com\/index.php?rest_route=\/wp\/v2\/pages\/25173","targetHints":{"allow":["GET"]}}],"collection":[{"href":"https:\/\/escolagrancapita.wpcomstaging.com\/index.php?rest_route=\/wp\/v2\/pages"}],"about":[{"href":"https:\/\/escolagrancapita.wpcomstaging.com\/index.php?rest_route=\/wp\/v2\/types\/page"}],"author":[{"embeddable":true,"href":"https:\/\/escolagrancapita.wpcomstaging.com\/index.php?rest_route=\/wp\/v2\/users\/1"}],"replies":[{"embeddable":true,"href":"https:\/\/escolagrancapita.wpcomstaging.com\/index.php?rest_route=%2Fwp%2Fv2%2Fcomments&post=25173"}],"version-history":[{"count":5,"href":"https:\/\/escolagrancapita.wpcomstaging.com\/index.php?rest_route=\/wp\/v2\/pages\/25173\/revisions"}],"predecessor-version":[{"id":25318,"href":"https:\/\/escolagrancapita.wpcomstaging.com\/index.php?rest_route=\/wp\/v2\/pages\/25173\/revisions\/25318"}],"wp:attachment":[{"href":"https:\/\/escolagrancapita.wpcomstaging.com\/index.php?rest_route=%2Fwp%2Fv2%2Fmedia&parent=25173"}],"wp:term":[{"taxonomy":"category","embeddable":true,"href":"https:\/\/escolagrancapita.wpcomstaging.com\/index.php?rest_route=%2Fwp%2Fv2%2Fcategories&post=25173"},{"taxonomy":"post_tag","embeddable":true,"href":"https:\/\/escolagrancapita.wpcomstaging.com\/index.php?rest_route=%2Fwp%2Fv2%2Ftags&post=25173"}],"curies":[{"name":"wp","href":"https:\/\/api.w.org\/{rel}","templated":true}]}}