{"id":25338,"date":"2025-04-06T08:09:00","date_gmt":"2025-04-06T08:09:00","guid":{"rendered":"https:\/\/escolagrancapita.wpcomstaging.com\/?page_id=25338"},"modified":"2025-04-06T08:09:00","modified_gmt":"2025-04-06T08:09:00","slug":"abs-descobrint-sant-joan-despi","status":"publish","type":"page","link":"https:\/\/escolagrancapita.wpcomstaging.com\/?page_id=25338","title":{"rendered":"ABS: Descobrint Sant Joan Desp\u00ed"},"content":{"rendered":"<p class=\"\" style=\"text-align: justify;\" data-start=\"75\" data-end=\"328\">Durant el segon trimestre, 3r de Prim\u00e0ria ha dut a terme un emocionant projecte d\u2019Aprenentatge Basat en Situacions (ABS) <strong>centrat en la ciutat de Sant Joan Desp<\/strong>\u00ed. Aquesta proposta ha perm\u00e8s con\u00e8ixer a fons l\u2019entorn i descobrir aspectes clau de la ciutat.<\/p>\n<p class=\"\" style=\"text-align: justify;\" data-start=\"330\" data-end=\"532\">Han investigat la hist\u00f2ria de Sant Joan Desp\u00ed, des dels seus or\u00edgens fins al desenvolupament actual, i han aprofundit en els diferents barris que la conformen, incloent-hi Les Planes, on es troba l\u2019escola.<\/p>\n<p class=\"\" style=\"text-align: justify;\" data-start=\"534\" data-end=\"820\">Una part destacada del projecte ha estat l\u2019exploraci\u00f3 del funcionament de l\u2019ajuntament. Han conegut els serveis municipals i les funcions del govern local, i han tingut l\u2019oportunitat de visitar l\u2019alcaldessa, a qui han fet preguntes sobre la seva feina i el dia a dia de l\u2019administraci\u00f3.<\/p>\n<div id='gallery-1' class='gallery galleryid-25338 gallery-columns-3 gallery-size-full'><figure class='gallery-item'>\n\t\t\t<div class='gallery-icon portrait'>\n\t\t\t\t<img loading=\"lazy\" decoding=\"async\" width=\"3024\" height=\"4032\" src=\"https:\/\/i0.wp.com\/escolagrancapita.wpcomstaging.com\/wp-content\/uploads\/2025\/04\/IMG_0082-MARTA-CORTES-BUJALANCE-rotated.jpeg?fit=3024%2C4032&amp;ssl=1\" class=\"attachment-full size-full\" alt=\"\" srcset=\"https:\/\/i0.wp.com\/escolagrancapita.wpcomstaging.com\/wp-content\/uploads\/2025\/04\/IMG_0082-MARTA-CORTES-BUJALANCE-rotated.jpeg?w=3024&amp;ssl=1 3024w, https:\/\/i0.wp.com\/escolagrancapita.wpcomstaging.com\/wp-content\/uploads\/2025\/04\/IMG_0082-MARTA-CORTES-BUJALANCE-rotated.jpeg?resize=225%2C300&amp;ssl=1 225w, https:\/\/i0.wp.com\/escolagrancapita.wpcomstaging.com\/wp-content\/uploads\/2025\/04\/IMG_0082-MARTA-CORTES-BUJALANCE-rotated.jpeg?resize=768%2C1024&amp;ssl=1 768w, https:\/\/i0.wp.com\/escolagrancapita.wpcomstaging.com\/wp-content\/uploads\/2025\/04\/IMG_0082-MARTA-CORTES-BUJALANCE-rotated.jpeg?resize=1152%2C1536&amp;ssl=1 1152w, https:\/\/i0.wp.com\/escolagrancapita.wpcomstaging.com\/wp-content\/uploads\/2025\/04\/IMG_0082-MARTA-CORTES-BUJALANCE-rotated.jpeg?resize=1536%2C2048&amp;ssl=1 1536w, https:\/\/i0.wp.com\/escolagrancapita.wpcomstaging.com\/wp-content\/uploads\/2025\/04\/IMG_0082-MARTA-CORTES-BUJALANCE-rotated.jpeg?w=2250&amp;ssl=1 2250w\" sizes=\"auto, (max-width: 750px) 100vw, 750px\" \/>\n\t\t\t<\/div><\/figure><figure class='gallery-item'>\n\t\t\t<div class='gallery-icon portrait'>\n\t\t\t\t<img loading=\"lazy\" decoding=\"async\" width=\"3024\" height=\"4032\" src=\"https:\/\/i0.wp.com\/escolagrancapita.wpcomstaging.com\/wp-content\/uploads\/2025\/04\/IMG_0079-MARTA-CORTES-BUJALANCE-rotated.jpeg?fit=3024%2C4032&amp;ssl=1\" class=\"attachment-full size-full\" alt=\"\" srcset=\"https:\/\/i0.wp.com\/escolagrancapita.wpcomstaging.com\/wp-content\/uploads\/2025\/04\/IMG_0079-MARTA-CORTES-BUJALANCE-rotated.jpeg?w=3024&amp;ssl=1 3024w, https:\/\/i0.wp.com\/escolagrancapita.wpcomstaging.com\/wp-content\/uploads\/2025\/04\/IMG_0079-MARTA-CORTES-BUJALANCE-rotated.jpeg?resize=225%2C300&amp;ssl=1 225w, https:\/\/i0.wp.com\/escolagrancapita.wpcomstaging.com\/wp-content\/uploads\/2025\/04\/IMG_0079-MARTA-CORTES-BUJALANCE-rotated.jpeg?resize=768%2C1024&amp;ssl=1 768w, https:\/\/i0.wp.com\/escolagrancapita.wpcomstaging.com\/wp-content\/uploads\/2025\/04\/IMG_0079-MARTA-CORTES-BUJALANCE-rotated.jpeg?resize=1152%2C1536&amp;ssl=1 1152w, https:\/\/i0.wp.com\/escolagrancapita.wpcomstaging.com\/wp-content\/uploads\/2025\/04\/IMG_0079-MARTA-CORTES-BUJALANCE-rotated.jpeg?resize=1536%2C2048&amp;ssl=1 1536w, https:\/\/i0.wp.com\/escolagrancapita.wpcomstaging.com\/wp-content\/uploads\/2025\/04\/IMG_0079-MARTA-CORTES-BUJALANCE-rotated.jpeg?w=2250&amp;ssl=1 2250w\" sizes=\"auto, (max-width: 750px) 100vw, 750px\" \/>\n\t\t\t<\/div><\/figure><figure class='gallery-item'>\n\t\t\t<div class='gallery-icon portrait'>\n\t\t\t\t<img loading=\"lazy\" decoding=\"async\" width=\"3024\" height=\"4032\" src=\"https:\/\/i0.wp.com\/escolagrancapita.wpcomstaging.com\/wp-content\/uploads\/2025\/04\/IMG_0085-MARTA-CORTES-BUJALANCE-rotated.jpeg?fit=3024%2C4032&amp;ssl=1\" class=\"attachment-full size-full\" alt=\"\" srcset=\"https:\/\/i0.wp.com\/escolagrancapita.wpcomstaging.com\/wp-content\/uploads\/2025\/04\/IMG_0085-MARTA-CORTES-BUJALANCE-rotated.jpeg?w=3024&amp;ssl=1 3024w, https:\/\/i0.wp.com\/escolagrancapita.wpcomstaging.com\/wp-content\/uploads\/2025\/04\/IMG_0085-MARTA-CORTES-BUJALANCE-rotated.jpeg?resize=225%2C300&amp;ssl=1 225w, https:\/\/i0.wp.com\/escolagrancapita.wpcomstaging.com\/wp-content\/uploads\/2025\/04\/IMG_0085-MARTA-CORTES-BUJALANCE-rotated.jpeg?resize=768%2C1024&amp;ssl=1 768w, https:\/\/i0.wp.com\/escolagrancapita.wpcomstaging.com\/wp-content\/uploads\/2025\/04\/IMG_0085-MARTA-CORTES-BUJALANCE-rotated.jpeg?resize=1152%2C1536&amp;ssl=1 1152w, https:\/\/i0.wp.com\/escolagrancapita.wpcomstaging.com\/wp-content\/uploads\/2025\/04\/IMG_0085-MARTA-CORTES-BUJALANCE-rotated.jpeg?resize=1536%2C2048&amp;ssl=1 1536w, https:\/\/i0.wp.com\/escolagrancapita.wpcomstaging.com\/wp-content\/uploads\/2025\/04\/IMG_0085-MARTA-CORTES-BUJALANCE-rotated.jpeg?w=2250&amp;ssl=1 2250w\" sizes=\"auto, (max-width: 750px) 100vw, 750px\" \/>\n\t\t\t<\/div><\/figure>\n\t\t<\/div>\n\n<p class=\"\" style=\"text-align: justify;\" data-start=\"822\" data-end=\"1021\">Com a activitat creativa, han constru\u00eft una maqueta del barri de Les Planes, representant amb detall els carrers i edificis propers. Aquest exercici ha afavorit la connexi\u00f3 amb l\u2019entorn m\u00e9s immediat.<\/p>\n<div id='gallery-2' class='gallery galleryid-25338 gallery-columns-3 gallery-size-full'><figure class='gallery-item'>\n\t\t\t<div class='gallery-icon portrait'>\n\t\t\t\t<img loading=\"lazy\" decoding=\"async\" width=\"3024\" height=\"4032\" src=\"https:\/\/i0.wp.com\/escolagrancapita.wpcomstaging.com\/wp-content\/uploads\/2025\/04\/IMG_0317-MARTA-CORTES-BUJALANCE-rotated.jpeg?fit=3024%2C4032&amp;ssl=1\" class=\"attachment-full size-full\" alt=\"\" srcset=\"https:\/\/i0.wp.com\/escolagrancapita.wpcomstaging.com\/wp-content\/uploads\/2025\/04\/IMG_0317-MARTA-CORTES-BUJALANCE-rotated.jpeg?w=3024&amp;ssl=1 3024w, https:\/\/i0.wp.com\/escolagrancapita.wpcomstaging.com\/wp-content\/uploads\/2025\/04\/IMG_0317-MARTA-CORTES-BUJALANCE-rotated.jpeg?resize=225%2C300&amp;ssl=1 225w, https:\/\/i0.wp.com\/escolagrancapita.wpcomstaging.com\/wp-content\/uploads\/2025\/04\/IMG_0317-MARTA-CORTES-BUJALANCE-rotated.jpeg?resize=768%2C1024&amp;ssl=1 768w, https:\/\/i0.wp.com\/escolagrancapita.wpcomstaging.com\/wp-content\/uploads\/2025\/04\/IMG_0317-MARTA-CORTES-BUJALANCE-rotated.jpeg?resize=1152%2C1536&amp;ssl=1 1152w, https:\/\/i0.wp.com\/escolagrancapita.wpcomstaging.com\/wp-content\/uploads\/2025\/04\/IMG_0317-MARTA-CORTES-BUJALANCE-rotated.jpeg?resize=1536%2C2048&amp;ssl=1 1536w, https:\/\/i0.wp.com\/escolagrancapita.wpcomstaging.com\/wp-content\/uploads\/2025\/04\/IMG_0317-MARTA-CORTES-BUJALANCE-rotated.jpeg?w=2250&amp;ssl=1 2250w\" sizes=\"auto, (max-width: 750px) 100vw, 750px\" \/>\n\t\t\t<\/div><\/figure><figure class='gallery-item'>\n\t\t\t<div class='gallery-icon portrait'>\n\t\t\t\t<img loading=\"lazy\" decoding=\"async\" width=\"3024\" height=\"4032\" src=\"https:\/\/i0.wp.com\/escolagrancapita.wpcomstaging.com\/wp-content\/uploads\/2025\/04\/IMG_0323-MARTA-CORTES-BUJALANCE-rotated.jpeg?fit=3024%2C4032&amp;ssl=1\" class=\"attachment-full size-full\" alt=\"\" srcset=\"https:\/\/i0.wp.com\/escolagrancapita.wpcomstaging.com\/wp-content\/uploads\/2025\/04\/IMG_0323-MARTA-CORTES-BUJALANCE-rotated.jpeg?w=3024&amp;ssl=1 3024w, https:\/\/i0.wp.com\/escolagrancapita.wpcomstaging.com\/wp-content\/uploads\/2025\/04\/IMG_0323-MARTA-CORTES-BUJALANCE-rotated.jpeg?resize=225%2C300&amp;ssl=1 225w, https:\/\/i0.wp.com\/escolagrancapita.wpcomstaging.com\/wp-content\/uploads\/2025\/04\/IMG_0323-MARTA-CORTES-BUJALANCE-rotated.jpeg?resize=768%2C1024&amp;ssl=1 768w, https:\/\/i0.wp.com\/escolagrancapita.wpcomstaging.com\/wp-content\/uploads\/2025\/04\/IMG_0323-MARTA-CORTES-BUJALANCE-rotated.jpeg?resize=1152%2C1536&amp;ssl=1 1152w, https:\/\/i0.wp.com\/escolagrancapita.wpcomstaging.com\/wp-content\/uploads\/2025\/04\/IMG_0323-MARTA-CORTES-BUJALANCE-rotated.jpeg?resize=1536%2C2048&amp;ssl=1 1536w, https:\/\/i0.wp.com\/escolagrancapita.wpcomstaging.com\/wp-content\/uploads\/2025\/04\/IMG_0323-MARTA-CORTES-BUJALANCE-rotated.jpeg?w=2250&amp;ssl=1 2250w\" sizes=\"auto, (max-width: 750px) 100vw, 750px\" \/>\n\t\t\t<\/div><\/figure><figure class='gallery-item'>\n\t\t\t<div class='gallery-icon portrait'>\n\t\t\t\t<img loading=\"lazy\" decoding=\"async\" width=\"3024\" height=\"4032\" src=\"https:\/\/i0.wp.com\/escolagrancapita.wpcomstaging.com\/wp-content\/uploads\/2025\/04\/IMG_0326-MARTA-CORTES-BUJALANCE-rotated.jpeg?fit=3024%2C4032&amp;ssl=1\" class=\"attachment-full size-full\" alt=\"\" srcset=\"https:\/\/i0.wp.com\/escolagrancapita.wpcomstaging.com\/wp-content\/uploads\/2025\/04\/IMG_0326-MARTA-CORTES-BUJALANCE-rotated.jpeg?w=3024&amp;ssl=1 3024w, https:\/\/i0.wp.com\/escolagrancapita.wpcomstaging.com\/wp-content\/uploads\/2025\/04\/IMG_0326-MARTA-CORTES-BUJALANCE-rotated.jpeg?resize=225%2C300&amp;ssl=1 225w, https:\/\/i0.wp.com\/escolagrancapita.wpcomstaging.com\/wp-content\/uploads\/2025\/04\/IMG_0326-MARTA-CORTES-BUJALANCE-rotated.jpeg?resize=768%2C1024&amp;ssl=1 768w, https:\/\/i0.wp.com\/escolagrancapita.wpcomstaging.com\/wp-content\/uploads\/2025\/04\/IMG_0326-MARTA-CORTES-BUJALANCE-rotated.jpeg?resize=1152%2C1536&amp;ssl=1 1152w, https:\/\/i0.wp.com\/escolagrancapita.wpcomstaging.com\/wp-content\/uploads\/2025\/04\/IMG_0326-MARTA-CORTES-BUJALANCE-rotated.jpeg?resize=1536%2C2048&amp;ssl=1 1536w, https:\/\/i0.wp.com\/escolagrancapita.wpcomstaging.com\/wp-content\/uploads\/2025\/04\/IMG_0326-MARTA-CORTES-BUJALANCE-rotated.jpeg?w=2250&amp;ssl=1 2250w\" sizes=\"auto, (max-width: 750px) 100vw, 750px\" \/>\n\t\t\t<\/div><\/figure>\n\t\t<\/div>\n\n<p class=\"\" style=\"text-align: justify;\" data-start=\"1023\" data-end=\"1199\">El projecte ha estat una experi\u00e8ncia educativa i divertida, que ha despertat l\u2019inter\u00e8s per la realitat local i ha deixat una empremta significativa en el proc\u00e9s d\u2019aprenentatge.<\/p>\n<div id='gallery-3' class='gallery galleryid-25338 gallery-columns-1 gallery-size-full'><figure class='gallery-item'>\n\t\t\t<div class='gallery-icon landscape'>\n\t\t\t\t<img loading=\"lazy\" decoding=\"async\" width=\"3024\" height=\"2775\" src=\"https:\/\/i0.wp.com\/escolagrancapita.wpcomstaging.com\/wp-content\/uploads\/2025\/04\/IMG_0360-MARTA-CORTES-BUJALANCE-rotated-e1743926901811.jpeg?fit=3024%2C2775&amp;ssl=1\" class=\"attachment-full size-full\" alt=\"\" srcset=\"https:\/\/i0.wp.com\/escolagrancapita.wpcomstaging.com\/wp-content\/uploads\/2025\/04\/IMG_0360-MARTA-CORTES-BUJALANCE-rotated-e1743926901811.jpeg?w=3024&amp;ssl=1 3024w, https:\/\/i0.wp.com\/escolagrancapita.wpcomstaging.com\/wp-content\/uploads\/2025\/04\/IMG_0360-MARTA-CORTES-BUJALANCE-rotated-e1743926901811.jpeg?resize=300%2C275&amp;ssl=1 300w, https:\/\/i0.wp.com\/escolagrancapita.wpcomstaging.com\/wp-content\/uploads\/2025\/04\/IMG_0360-MARTA-CORTES-BUJALANCE-rotated-e1743926901811.jpeg?resize=1024%2C940&amp;ssl=1 1024w, https:\/\/i0.wp.com\/escolagrancapita.wpcomstaging.com\/wp-content\/uploads\/2025\/04\/IMG_0360-MARTA-CORTES-BUJALANCE-rotated-e1743926901811.jpeg?resize=768%2C705&amp;ssl=1 768w, https:\/\/i0.wp.com\/escolagrancapita.wpcomstaging.com\/wp-content\/uploads\/2025\/04\/IMG_0360-MARTA-CORTES-BUJALANCE-rotated-e1743926901811.jpeg?resize=1536%2C1410&amp;ssl=1 1536w, https:\/\/i0.wp.com\/escolagrancapita.wpcomstaging.com\/wp-content\/uploads\/2025\/04\/IMG_0360-MARTA-CORTES-BUJALANCE-rotated-e1743926901811.jpeg?resize=2048%2C1879&amp;ssl=1 2048w, https:\/\/i0.wp.com\/escolagrancapita.wpcomstaging.com\/wp-content\/uploads\/2025\/04\/IMG_0360-MARTA-CORTES-BUJALANCE-rotated-e1743926901811.jpeg?w=2250&amp;ssl=1 2250w\" sizes=\"auto, (max-width: 750px) 100vw, 750px\" \/>\n\t\t\t<\/div><\/figure>\n\t\t<\/div>\n\n","protected":false},"excerpt":{"rendered":"<p>Durant el segon trimestre, 3r de Prim\u00e0ria ha dut a terme un emocionant projecte d\u2019Aprenentatge Basat en Situacions (ABS) centrat en la ciutat de Sant Joan Desp\u00ed. Aquesta proposta ha perm\u00e8s con\u00e8ixer a fons l\u2019entorn i descobrir aspectes clau de<\/p>\n","protected":false},"author":1,"featured_media":0,"parent":0,"menu_order":0,"comment_status":"closed","ping_status":"closed","template":"","meta":{"_crdt_document":"","footnotes":""},"categories":[75],"tags":[149,86,79],"class_list":["post-25338","page","type-page","status-publish","hentry","category-activitats","tag-curs-2024-25","tag-ed-primaria","tag-projectes"],"jetpack_sharing_enabled":true,"_links":{"self":[{"href":"https:\/\/escolagrancapita.wpcomstaging.com\/index.php?rest_route=\/wp\/v2\/pages\/25338","targetHints":{"allow":["GET"]}}],"collection":[{"href":"https:\/\/escolagrancapita.wpcomstaging.com\/index.php?rest_route=\/wp\/v2\/pages"}],"about":[{"href":"https:\/\/escolagrancapita.wpcomstaging.com\/index.php?rest_route=\/wp\/v2\/types\/page"}],"author":[{"embeddable":true,"href":"https:\/\/escolagrancapita.wpcomstaging.com\/index.php?rest_route=\/wp\/v2\/users\/1"}],"replies":[{"embeddable":true,"href":"https:\/\/escolagrancapita.wpcomstaging.com\/index.php?rest_route=%2Fwp%2Fv2%2Fcomments&post=25338"}],"version-history":[{"count":2,"href":"https:\/\/escolagrancapita.wpcomstaging.com\/index.php?rest_route=\/wp\/v2\/pages\/25338\/revisions"}],"predecessor-version":[{"id":25355,"href":"https:\/\/escolagrancapita.wpcomstaging.com\/index.php?rest_route=\/wp\/v2\/pages\/25338\/revisions\/25355"}],"wp:attachment":[{"href":"https:\/\/escolagrancapita.wpcomstaging.com\/index.php?rest_route=%2Fwp%2Fv2%2Fmedia&parent=25338"}],"wp:term":[{"taxonomy":"category","embeddable":true,"href":"https:\/\/escolagrancapita.wpcomstaging.com\/index.php?rest_route=%2Fwp%2Fv2%2Fcategories&post=25338"},{"taxonomy":"post_tag","embeddable":true,"href":"https:\/\/escolagrancapita.wpcomstaging.com\/index.php?rest_route=%2Fwp%2Fv2%2Ftags&post=25338"}],"curies":[{"name":"wp","href":"https:\/\/api.w.org\/{rel}","templated":true}]}}