{"id":25444,"date":"2025-04-13T09:45:21","date_gmt":"2025-04-13T09:45:21","guid":{"rendered":"https:\/\/escolagrancapita.wpcomstaging.com\/?page_id=25444"},"modified":"2025-04-13T10:27:01","modified_gmt":"2025-04-13T10:27:01","slug":"els-somnis-es-fan-realitat-de-que-fa-gust-la-lluna","status":"publish","type":"page","link":"https:\/\/escolagrancapita.wpcomstaging.com\/?page_id=25444","title":{"rendered":"Els somnis es fan realitat amb \u201cDe qu\u00e8 fa gust la Lluna?\u201d"},"content":{"rendered":"<p style=\"text-align: justify;\">A l&#8217;abril, I3 ha viscut una experi\u00e8ncia m\u00e0gica al Taller del Conte amb la hist\u00f2ria <strong><em>De qu\u00e8 fa gust la lluna?<\/em><\/strong>, de <a href=\"https:\/\/www.casadellibro.com\/libros-ebooks\/michael-grejniec\/71177?srsltid=AfmBOooug0hV-98dv7vaz21iLtTy5_wgt3FVdFKaxOR4XkmVvCkD0AE6\" target=\"_blank\" rel=\"noopener\">Michael Grejniec<\/a>.<\/p>\n<p style=\"text-align: justify;\">A trav\u00e9s d\u2019aquest relat ple de tendresa, han descobert la import\u00e0ncia del treball en equip, l\u2019amistat i la il\u00b7lusi\u00f3 per fer realitat els somnis. Des del gran elefant fins al petit ratol\u00ed, cada animal ha estat protagonista d\u2019aquesta aventura col\u00b7laborativa per arribar, finalment, a tocar la lluna tan desitjada.<\/p>\n<div id='gallery-1' class='gallery galleryid-25444 gallery-columns-1 gallery-size-full'><figure class='gallery-item'>\n\t\t\t<div class='gallery-icon landscape'>\n\t\t\t\t<img loading=\"lazy\" decoding=\"async\" width=\"2048\" height=\"1536\" src=\"https:\/\/i0.wp.com\/escolagrancapita.wpcomstaging.com\/wp-content\/uploads\/2025\/04\/1744221392599-Ana-Ma-Bujalance-Jurado.jpg?fit=2048%2C1536&amp;ssl=1\" class=\"attachment-full size-full\" alt=\"\" srcset=\"https:\/\/i0.wp.com\/escolagrancapita.wpcomstaging.com\/wp-content\/uploads\/2025\/04\/1744221392599-Ana-Ma-Bujalance-Jurado.jpg?w=2048&amp;ssl=1 2048w, https:\/\/i0.wp.com\/escolagrancapita.wpcomstaging.com\/wp-content\/uploads\/2025\/04\/1744221392599-Ana-Ma-Bujalance-Jurado.jpg?resize=300%2C225&amp;ssl=1 300w, https:\/\/i0.wp.com\/escolagrancapita.wpcomstaging.com\/wp-content\/uploads\/2025\/04\/1744221392599-Ana-Ma-Bujalance-Jurado.jpg?resize=1024%2C768&amp;ssl=1 1024w, https:\/\/i0.wp.com\/escolagrancapita.wpcomstaging.com\/wp-content\/uploads\/2025\/04\/1744221392599-Ana-Ma-Bujalance-Jurado.jpg?resize=768%2C576&amp;ssl=1 768w, https:\/\/i0.wp.com\/escolagrancapita.wpcomstaging.com\/wp-content\/uploads\/2025\/04\/1744221392599-Ana-Ma-Bujalance-Jurado.jpg?resize=1536%2C1152&amp;ssl=1 1536w\" sizes=\"auto, (max-width: 750px) 100vw, 750px\" \/>\n\t\t\t<\/div><\/figure><figure class='gallery-item'>\n\t\t\t<div class='gallery-icon portrait'>\n\t\t\t\t<img loading=\"lazy\" decoding=\"async\" width=\"1536\" height=\"2048\" src=\"https:\/\/i0.wp.com\/escolagrancapita.wpcomstaging.com\/wp-content\/uploads\/2025\/04\/1744221392953-Ana-Ma-Bujalance-Jurado.jpg?fit=1536%2C2048&amp;ssl=1\" class=\"attachment-full size-full\" alt=\"\" srcset=\"https:\/\/i0.wp.com\/escolagrancapita.wpcomstaging.com\/wp-content\/uploads\/2025\/04\/1744221392953-Ana-Ma-Bujalance-Jurado.jpg?w=1536&amp;ssl=1 1536w, https:\/\/i0.wp.com\/escolagrancapita.wpcomstaging.com\/wp-content\/uploads\/2025\/04\/1744221392953-Ana-Ma-Bujalance-Jurado.jpg?resize=225%2C300&amp;ssl=1 225w, https:\/\/i0.wp.com\/escolagrancapita.wpcomstaging.com\/wp-content\/uploads\/2025\/04\/1744221392953-Ana-Ma-Bujalance-Jurado.jpg?resize=768%2C1024&amp;ssl=1 768w, https:\/\/i0.wp.com\/escolagrancapita.wpcomstaging.com\/wp-content\/uploads\/2025\/04\/1744221392953-Ana-Ma-Bujalance-Jurado.jpg?resize=1152%2C1536&amp;ssl=1 1152w\" sizes=\"auto, (max-width: 750px) 100vw, 750px\" \/>\n\t\t\t<\/div><\/figure>\n\t\t<\/div>\n\n<p style=\"text-align: justify;\">Durant el taller, s\u2019ha fet la lectura del conte en un ambient acollidor, acompanyada de joguines que han estimulat la imaginaci\u00f3 i la participaci\u00f3 activa. L\u2019activitat ha estat una oportunitat per gaudir de la lectura i per treballar valors com la cooperaci\u00f3, el respecte i l\u2019ajuda m\u00fatua.<\/p>\n<div id='gallery-2' class='gallery galleryid-25444 gallery-columns-2 gallery-size-full'><figure class='gallery-item'>\n\t\t\t<div class='gallery-icon portrait'>\n\t\t\t\t<img loading=\"lazy\" decoding=\"async\" width=\"1536\" height=\"2048\" src=\"https:\/\/i0.wp.com\/escolagrancapita.wpcomstaging.com\/wp-content\/uploads\/2025\/04\/1744221392829-Ana-Ma-Bujalance-Jurado.jpg?fit=1536%2C2048&amp;ssl=1\" class=\"attachment-full size-full\" alt=\"\" srcset=\"https:\/\/i0.wp.com\/escolagrancapita.wpcomstaging.com\/wp-content\/uploads\/2025\/04\/1744221392829-Ana-Ma-Bujalance-Jurado.jpg?w=1536&amp;ssl=1 1536w, https:\/\/i0.wp.com\/escolagrancapita.wpcomstaging.com\/wp-content\/uploads\/2025\/04\/1744221392829-Ana-Ma-Bujalance-Jurado.jpg?resize=225%2C300&amp;ssl=1 225w, https:\/\/i0.wp.com\/escolagrancapita.wpcomstaging.com\/wp-content\/uploads\/2025\/04\/1744221392829-Ana-Ma-Bujalance-Jurado.jpg?resize=768%2C1024&amp;ssl=1 768w, https:\/\/i0.wp.com\/escolagrancapita.wpcomstaging.com\/wp-content\/uploads\/2025\/04\/1744221392829-Ana-Ma-Bujalance-Jurado.jpg?resize=1152%2C1536&amp;ssl=1 1152w\" sizes=\"auto, (max-width: 750px) 100vw, 750px\" \/>\n\t\t\t<\/div><\/figure><figure class='gallery-item'>\n\t\t\t<div class='gallery-icon portrait'>\n\t\t\t\t<img loading=\"lazy\" decoding=\"async\" width=\"1536\" height=\"2048\" src=\"https:\/\/i0.wp.com\/escolagrancapita.wpcomstaging.com\/wp-content\/uploads\/2025\/04\/1744221392896-Ana-Ma-Bujalance-Jurado.jpg?fit=1536%2C2048&amp;ssl=1\" class=\"attachment-full size-full\" alt=\"\" srcset=\"https:\/\/i0.wp.com\/escolagrancapita.wpcomstaging.com\/wp-content\/uploads\/2025\/04\/1744221392896-Ana-Ma-Bujalance-Jurado.jpg?w=1536&amp;ssl=1 1536w, https:\/\/i0.wp.com\/escolagrancapita.wpcomstaging.com\/wp-content\/uploads\/2025\/04\/1744221392896-Ana-Ma-Bujalance-Jurado.jpg?resize=225%2C300&amp;ssl=1 225w, https:\/\/i0.wp.com\/escolagrancapita.wpcomstaging.com\/wp-content\/uploads\/2025\/04\/1744221392896-Ana-Ma-Bujalance-Jurado.jpg?resize=768%2C1024&amp;ssl=1 768w, https:\/\/i0.wp.com\/escolagrancapita.wpcomstaging.com\/wp-content\/uploads\/2025\/04\/1744221392896-Ana-Ma-Bujalance-Jurado.jpg?resize=1152%2C1536&amp;ssl=1 1152w\" sizes=\"auto, (max-width: 750px) 100vw, 750px\" \/>\n\t\t\t<\/div><\/figure>\n\t\t<\/div>\n\n<p style=\"text-align: justify;\">Una experi\u00e8ncia entranyable que continua alimentant l\u2019amor per les grans hist\u00f2ries i el creixement dels petits lectors.<\/p>\n","protected":false},"excerpt":{"rendered":"<p>A l&#8217;abril, I3 ha viscut una experi\u00e8ncia m\u00e0gica al Taller del Conte amb la hist\u00f2ria De qu\u00e8 fa gust la lluna?, de Michael Grejniec. A trav\u00e9s d\u2019aquest relat ple de tendresa, han descobert la import\u00e0ncia del treball en equip, l\u2019amistat<\/p>\n","protected":false},"author":1,"featured_media":0,"parent":0,"menu_order":0,"comment_status":"closed","ping_status":"closed","template":"","meta":{"_crdt_document":"","footnotes":""},"categories":[75],"tags":[149,77],"class_list":["post-25444","page","type-page","status-publish","hentry","category-activitats","tag-curs-2024-25","tag-ed-infantil"],"jetpack_sharing_enabled":true,"_links":{"self":[{"href":"https:\/\/escolagrancapita.wpcomstaging.com\/index.php?rest_route=\/wp\/v2\/pages\/25444","targetHints":{"allow":["GET"]}}],"collection":[{"href":"https:\/\/escolagrancapita.wpcomstaging.com\/index.php?rest_route=\/wp\/v2\/pages"}],"about":[{"href":"https:\/\/escolagrancapita.wpcomstaging.com\/index.php?rest_route=\/wp\/v2\/types\/page"}],"author":[{"embeddable":true,"href":"https:\/\/escolagrancapita.wpcomstaging.com\/index.php?rest_route=\/wp\/v2\/users\/1"}],"replies":[{"embeddable":true,"href":"https:\/\/escolagrancapita.wpcomstaging.com\/index.php?rest_route=%2Fwp%2Fv2%2Fcomments&post=25444"}],"version-history":[{"count":5,"href":"https:\/\/escolagrancapita.wpcomstaging.com\/index.php?rest_route=\/wp\/v2\/pages\/25444\/revisions"}],"predecessor-version":[{"id":25630,"href":"https:\/\/escolagrancapita.wpcomstaging.com\/index.php?rest_route=\/wp\/v2\/pages\/25444\/revisions\/25630"}],"wp:attachment":[{"href":"https:\/\/escolagrancapita.wpcomstaging.com\/index.php?rest_route=%2Fwp%2Fv2%2Fmedia&parent=25444"}],"wp:term":[{"taxonomy":"category","embeddable":true,"href":"https:\/\/escolagrancapita.wpcomstaging.com\/index.php?rest_route=%2Fwp%2Fv2%2Fcategories&post=25444"},{"taxonomy":"post_tag","embeddable":true,"href":"https:\/\/escolagrancapita.wpcomstaging.com\/index.php?rest_route=%2Fwp%2Fv2%2Ftags&post=25444"}],"curies":[{"name":"wp","href":"https:\/\/api.w.org\/{rel}","templated":true}]}}