{"id":25633,"date":"2025-04-14T18:02:24","date_gmt":"2025-04-14T18:02:24","guid":{"rendered":"https:\/\/escolagrancapita.wpcomstaging.com\/?page_id=25633"},"modified":"2025-04-14T18:05:49","modified_gmt":"2025-04-14T18:05:49","slug":"ara-en-3d","status":"publish","type":"page","link":"https:\/\/escolagrancapita.wpcomstaging.com\/?page_id=25633","title":{"rendered":"Ara en 3D!"},"content":{"rendered":"<p style=\"text-align: justify;\">Aquest curs s\u2019ha fet una aposta decidida per la tecnologia i el treball transversal dins del marc <a href=\"https:\/\/escolagrancapita.wpcomstaging.com\/web\/?page_id=2387\" target=\"_blank\" rel=\"noopener\">STEAM<\/a> amb la incorporaci\u00f3 de dues<strong> impressores 3D<\/strong>. L\u2019\u00fas d\u2019aquests dispositius est\u00e0 pensat per a tota l\u2019escola, per\u00f2 \u00e9s 4t d\u2019ESO qui ha comen\u00e7at a integrar-los curricularment a l\u2019assignatura de Tecnologia.<\/p>\n<p><img data-recalc-dims=\"1\" loading=\"lazy\" decoding=\"async\" class=\"aligncenter wp-image-25662 size-medium\" src=\"https:\/\/i0.wp.com\/escolagrancapita.wpcomstaging.com\/wp-content\/uploads\/2025\/04\/Untitled-3.png?resize=197%2C300&#038;ssl=1\" alt=\"\" width=\"197\" height=\"300\" srcset=\"https:\/\/i0.wp.com\/escolagrancapita.wpcomstaging.com\/wp-content\/uploads\/2025\/04\/Untitled-3.png?resize=197%2C300&amp;ssl=1 197w, https:\/\/i0.wp.com\/escolagrancapita.wpcomstaging.com\/wp-content\/uploads\/2025\/04\/Untitled-3.png?w=658&amp;ssl=1 658w\" sizes=\"auto, (max-width: 197px) 100vw, 197px\" \/><\/p>\n<p style=\"text-align: justify;\">Durant el segon trimestre, han conegut de prop el funcionament de les impressores 3D i totes les possibilitats que ofereixen, tant en el present com en un futur immediat. Aquesta tecnologia, en constant evoluci\u00f3, forma part del moviment global de la <a href=\"https:\/\/ca.wikipedia.org\/wiki\/Cultura_maker\" target=\"_blank\" rel=\"noopener\">cultura <em>maker<\/em><\/a>, que promou la creativitat, la innovaci\u00f3 i l\u2019aprenentatge pr\u00e0ctic a trav\u00e9s de la fabricaci\u00f3 digital. Aquest moviment anima persones de totes les edats a dissenyar, experimentar i construir objectes propis d\u2019una manera accessible.<\/p>\n<p style=\"text-align: justify;\">Paral\u00b7lelament, han descobert com la impressi\u00f3 3D s\u2019ha consolidat com una eina essencial en sectors com l\u2019enginyeria, la medicina, l\u2019arquitectura, la moda o la gastronomia. Han pogut explorar exemples reals i inspiradors que els han ajudat a entendre millor com aquesta tecnologia est\u00e0 transformant la manera de viure i treballar.<\/p>\n<p style=\"text-align: justify;\">Per comen\u00e7ar, han treballat amb <a href=\"https:\/\/www.tinkercad.com\/\" target=\"_blank\" rel=\"noopener\">TinkerCAD<\/a>, una eina senzilla per\u00f2 molt potent per dissenyar objectes tridimensionals a partir de formes b\u00e0siques. Despr\u00e9s d\u2019una primera fase de formaci\u00f3 i pr\u00e0ctica, cada grup o persona ha creat dissenys propis des de zero.<\/p>\n<p style=\"text-align: justify;\"><img loading=\"lazy\" decoding=\"async\" class=\"aligncenter\" src=\"https:\/\/upload.wikimedia.org\/wikipedia\/commons\/thumb\/4\/4c\/Logo-tinkercad-wordmark.svg\/2560px-Logo-tinkercad-wordmark.svg.png\" alt=\"Archivo:Logo-tinkercad-wordmark.svg - Wikipedia, la enciclopedia libre\" width=\"385\" height=\"126\" \/><\/p>\n<p style=\"text-align: justify;\">Un dels projectes m\u00e9s destacables ha estat<strong> el repte de dissenyar un clip per a documents<\/strong>: una tasca aparentment senzilla que ha esdevingut una gran lli\u00e7\u00f3 de disseny industrial.<\/p>\n<div id='gallery-1' class='gallery galleryid-25633 gallery-columns-3 gallery-size-full'><figure class='gallery-item'>\n\t\t\t<div class='gallery-icon landscape'>\n\t\t\t\t<img loading=\"lazy\" decoding=\"async\" width=\"872\" height=\"470\" src=\"https:\/\/i0.wp.com\/escolagrancapita.wpcomstaging.com\/wp-content\/uploads\/2025\/04\/Untitled-2.png?fit=872%2C470&amp;ssl=1\" class=\"attachment-full size-full\" alt=\"\" srcset=\"https:\/\/i0.wp.com\/escolagrancapita.wpcomstaging.com\/wp-content\/uploads\/2025\/04\/Untitled-2.png?w=872&amp;ssl=1 872w, https:\/\/i0.wp.com\/escolagrancapita.wpcomstaging.com\/wp-content\/uploads\/2025\/04\/Untitled-2.png?resize=300%2C162&amp;ssl=1 300w, https:\/\/i0.wp.com\/escolagrancapita.wpcomstaging.com\/wp-content\/uploads\/2025\/04\/Untitled-2.png?resize=768%2C414&amp;ssl=1 768w\" sizes=\"auto, (max-width: 750px) 100vw, 750px\" \/>\n\t\t\t<\/div><\/figure><figure class='gallery-item'>\n\t\t\t<div class='gallery-icon landscape'>\n\t\t\t\t<img loading=\"lazy\" decoding=\"async\" width=\"872\" height=\"470\" src=\"https:\/\/i0.wp.com\/escolagrancapita.wpcomstaging.com\/wp-content\/uploads\/2025\/04\/Untitled-22.png?fit=872%2C470&amp;ssl=1\" class=\"attachment-full size-full\" alt=\"\" srcset=\"https:\/\/i0.wp.com\/escolagrancapita.wpcomstaging.com\/wp-content\/uploads\/2025\/04\/Untitled-22.png?w=872&amp;ssl=1 872w, https:\/\/i0.wp.com\/escolagrancapita.wpcomstaging.com\/wp-content\/uploads\/2025\/04\/Untitled-22.png?resize=300%2C162&amp;ssl=1 300w, https:\/\/i0.wp.com\/escolagrancapita.wpcomstaging.com\/wp-content\/uploads\/2025\/04\/Untitled-22.png?resize=768%2C414&amp;ssl=1 768w\" sizes=\"auto, (max-width: 750px) 100vw, 750px\" \/>\n\t\t\t<\/div><\/figure><figure class='gallery-item'>\n\t\t\t<div class='gallery-icon landscape'>\n\t\t\t\t<img loading=\"lazy\" decoding=\"async\" width=\"872\" height=\"470\" src=\"https:\/\/i0.wp.com\/escolagrancapita.wpcomstaging.com\/wp-content\/uploads\/2025\/04\/Untitled-23.png?fit=872%2C470&amp;ssl=1\" class=\"attachment-full size-full\" alt=\"\" srcset=\"https:\/\/i0.wp.com\/escolagrancapita.wpcomstaging.com\/wp-content\/uploads\/2025\/04\/Untitled-23.png?w=872&amp;ssl=1 872w, https:\/\/i0.wp.com\/escolagrancapita.wpcomstaging.com\/wp-content\/uploads\/2025\/04\/Untitled-23.png?resize=300%2C162&amp;ssl=1 300w, https:\/\/i0.wp.com\/escolagrancapita.wpcomstaging.com\/wp-content\/uploads\/2025\/04\/Untitled-23.png?resize=768%2C414&amp;ssl=1 768w\" sizes=\"auto, (max-width: 750px) 100vw, 750px\" \/>\n\t\t\t<\/div><\/figure>\n\t\t<\/div>\n\n<p style=\"text-align: justify;\">Cada proposta ha estat avaluada per comprovar-ne la viabilitat, evitant errors estructurals abans de<strong> passar a la impressi\u00f3<\/strong> i <strong>al test de funcionament<\/strong>.<\/p>\n<div id='gallery-2' class='gallery galleryid-25633 gallery-columns-4 gallery-size-full'><figure class='gallery-item'>\n\t\t\t<div class='gallery-icon portrait'>\n\t\t\t\t<img loading=\"lazy\" decoding=\"async\" width=\"3472\" height=\"4624\" src=\"https:\/\/i0.wp.com\/escolagrancapita.wpcomstaging.com\/wp-content\/uploads\/2025\/04\/IMG_20250414_120421-rotated.jpg?fit=3472%2C4624&amp;ssl=1\" class=\"attachment-full size-full\" alt=\"\" srcset=\"https:\/\/i0.wp.com\/escolagrancapita.wpcomstaging.com\/wp-content\/uploads\/2025\/04\/IMG_20250414_120421-rotated.jpg?w=3472&amp;ssl=1 3472w, https:\/\/i0.wp.com\/escolagrancapita.wpcomstaging.com\/wp-content\/uploads\/2025\/04\/IMG_20250414_120421-rotated.jpg?resize=225%2C300&amp;ssl=1 225w, https:\/\/i0.wp.com\/escolagrancapita.wpcomstaging.com\/wp-content\/uploads\/2025\/04\/IMG_20250414_120421-rotated.jpg?resize=769%2C1024&amp;ssl=1 769w, https:\/\/i0.wp.com\/escolagrancapita.wpcomstaging.com\/wp-content\/uploads\/2025\/04\/IMG_20250414_120421-rotated.jpg?resize=768%2C1023&amp;ssl=1 768w, https:\/\/i0.wp.com\/escolagrancapita.wpcomstaging.com\/wp-content\/uploads\/2025\/04\/IMG_20250414_120421-rotated.jpg?resize=1153%2C1536&amp;ssl=1 1153w, https:\/\/i0.wp.com\/escolagrancapita.wpcomstaging.com\/wp-content\/uploads\/2025\/04\/IMG_20250414_120421-rotated.jpg?resize=1538%2C2048&amp;ssl=1 1538w, https:\/\/i0.wp.com\/escolagrancapita.wpcomstaging.com\/wp-content\/uploads\/2025\/04\/IMG_20250414_120421-rotated.jpg?w=2250&amp;ssl=1 2250w\" sizes=\"auto, (max-width: 750px) 100vw, 750px\" \/>\n\t\t\t<\/div><\/figure><figure class='gallery-item'>\n\t\t\t<div class='gallery-icon portrait'>\n\t\t\t\t<img loading=\"lazy\" decoding=\"async\" width=\"3472\" height=\"4624\" src=\"https:\/\/i0.wp.com\/escolagrancapita.wpcomstaging.com\/wp-content\/uploads\/2025\/04\/IMG_20250414_120609-rotated.jpg?fit=3472%2C4624&amp;ssl=1\" class=\"attachment-full size-full\" alt=\"\" srcset=\"https:\/\/i0.wp.com\/escolagrancapita.wpcomstaging.com\/wp-content\/uploads\/2025\/04\/IMG_20250414_120609-rotated.jpg?w=3472&amp;ssl=1 3472w, https:\/\/i0.wp.com\/escolagrancapita.wpcomstaging.com\/wp-content\/uploads\/2025\/04\/IMG_20250414_120609-rotated.jpg?resize=225%2C300&amp;ssl=1 225w, https:\/\/i0.wp.com\/escolagrancapita.wpcomstaging.com\/wp-content\/uploads\/2025\/04\/IMG_20250414_120609-rotated.jpg?resize=769%2C1024&amp;ssl=1 769w, https:\/\/i0.wp.com\/escolagrancapita.wpcomstaging.com\/wp-content\/uploads\/2025\/04\/IMG_20250414_120609-rotated.jpg?resize=768%2C1023&amp;ssl=1 768w, https:\/\/i0.wp.com\/escolagrancapita.wpcomstaging.com\/wp-content\/uploads\/2025\/04\/IMG_20250414_120609-rotated.jpg?resize=1153%2C1536&amp;ssl=1 1153w, https:\/\/i0.wp.com\/escolagrancapita.wpcomstaging.com\/wp-content\/uploads\/2025\/04\/IMG_20250414_120609-rotated.jpg?resize=1538%2C2048&amp;ssl=1 1538w, https:\/\/i0.wp.com\/escolagrancapita.wpcomstaging.com\/wp-content\/uploads\/2025\/04\/IMG_20250414_120609-rotated.jpg?w=2250&amp;ssl=1 2250w\" sizes=\"auto, (max-width: 750px) 100vw, 750px\" \/>\n\t\t\t<\/div><\/figure><figure class='gallery-item'>\n\t\t\t<div class='gallery-icon portrait'>\n\t\t\t\t<img loading=\"lazy\" decoding=\"async\" width=\"3472\" height=\"4624\" src=\"https:\/\/i0.wp.com\/escolagrancapita.wpcomstaging.com\/wp-content\/uploads\/2025\/04\/IMG_20250414_120620-rotated.jpg?fit=3472%2C4624&amp;ssl=1\" class=\"attachment-full size-full\" alt=\"\" srcset=\"https:\/\/i0.wp.com\/escolagrancapita.wpcomstaging.com\/wp-content\/uploads\/2025\/04\/IMG_20250414_120620-rotated.jpg?w=3472&amp;ssl=1 3472w, https:\/\/i0.wp.com\/escolagrancapita.wpcomstaging.com\/wp-content\/uploads\/2025\/04\/IMG_20250414_120620-rotated.jpg?resize=225%2C300&amp;ssl=1 225w, https:\/\/i0.wp.com\/escolagrancapita.wpcomstaging.com\/wp-content\/uploads\/2025\/04\/IMG_20250414_120620-rotated.jpg?resize=769%2C1024&amp;ssl=1 769w, https:\/\/i0.wp.com\/escolagrancapita.wpcomstaging.com\/wp-content\/uploads\/2025\/04\/IMG_20250414_120620-rotated.jpg?resize=768%2C1023&amp;ssl=1 768w, https:\/\/i0.wp.com\/escolagrancapita.wpcomstaging.com\/wp-content\/uploads\/2025\/04\/IMG_20250414_120620-rotated.jpg?resize=1153%2C1536&amp;ssl=1 1153w, https:\/\/i0.wp.com\/escolagrancapita.wpcomstaging.com\/wp-content\/uploads\/2025\/04\/IMG_20250414_120620-rotated.jpg?resize=1538%2C2048&amp;ssl=1 1538w, https:\/\/i0.wp.com\/escolagrancapita.wpcomstaging.com\/wp-content\/uploads\/2025\/04\/IMG_20250414_120620-rotated.jpg?w=2250&amp;ssl=1 2250w\" sizes=\"auto, (max-width: 750px) 100vw, 750px\" \/>\n\t\t\t<\/div><\/figure><figure class='gallery-item'>\n\t\t\t<div class='gallery-icon portrait'>\n\t\t\t\t<img loading=\"lazy\" decoding=\"async\" width=\"3472\" height=\"4624\" src=\"https:\/\/i0.wp.com\/escolagrancapita.wpcomstaging.com\/wp-content\/uploads\/2025\/04\/IMG_20250414_120628-rotated.jpg?fit=3472%2C4624&amp;ssl=1\" class=\"attachment-full size-full\" alt=\"\" srcset=\"https:\/\/i0.wp.com\/escolagrancapita.wpcomstaging.com\/wp-content\/uploads\/2025\/04\/IMG_20250414_120628-rotated.jpg?w=3472&amp;ssl=1 3472w, https:\/\/i0.wp.com\/escolagrancapita.wpcomstaging.com\/wp-content\/uploads\/2025\/04\/IMG_20250414_120628-rotated.jpg?resize=225%2C300&amp;ssl=1 225w, https:\/\/i0.wp.com\/escolagrancapita.wpcomstaging.com\/wp-content\/uploads\/2025\/04\/IMG_20250414_120628-rotated.jpg?resize=769%2C1024&amp;ssl=1 769w, https:\/\/i0.wp.com\/escolagrancapita.wpcomstaging.com\/wp-content\/uploads\/2025\/04\/IMG_20250414_120628-rotated.jpg?resize=768%2C1023&amp;ssl=1 768w, https:\/\/i0.wp.com\/escolagrancapita.wpcomstaging.com\/wp-content\/uploads\/2025\/04\/IMG_20250414_120628-rotated.jpg?resize=1153%2C1536&amp;ssl=1 1153w, https:\/\/i0.wp.com\/escolagrancapita.wpcomstaging.com\/wp-content\/uploads\/2025\/04\/IMG_20250414_120628-rotated.jpg?resize=1538%2C2048&amp;ssl=1 1538w, https:\/\/i0.wp.com\/escolagrancapita.wpcomstaging.com\/wp-content\/uploads\/2025\/04\/IMG_20250414_120628-rotated.jpg?w=2250&amp;ssl=1 2250w\" sizes=\"auto, (max-width: 750px) 100vw, 750px\" \/>\n\t\t\t<\/div><\/figure>\n\t\t<\/div>\n\n<p style=\"text-align: justify;\">Aquesta prova ha evidenciat com <strong>un bon disseny va molt m\u00e9s enll\u00e0 de l\u2019est\u00e8tica<\/strong>: clips visualment atractius no sempre funcionaven b\u00e9, mentre que dissenys m\u00e9s simples resultaven molt m\u00e9s eficients. Aix\u00f2 ha perm\u00e8s comprendre la import\u00e0ncia del proc\u00e9s iteratiu propi de l\u2019enginyeria, on la millora cont\u00ednua i el test de prototips s\u00f3n clau per assolir solucions ben resoltes.<\/p>\n<div id='gallery-3' class='gallery galleryid-25633 gallery-columns-4 gallery-size-full'><figure class='gallery-item'>\n\t\t\t<div class='gallery-icon landscape'>\n\t\t\t\t<img loading=\"lazy\" decoding=\"async\" width=\"2500\" height=\"2500\" src=\"https:\/\/i0.wp.com\/escolagrancapita.wpcomstaging.com\/wp-content\/uploads\/2025\/04\/clips1.png?fit=2500%2C2500&amp;ssl=1\" class=\"attachment-full size-full\" alt=\"\" srcset=\"https:\/\/i0.wp.com\/escolagrancapita.wpcomstaging.com\/wp-content\/uploads\/2025\/04\/clips1.png?w=2500&amp;ssl=1 2500w, https:\/\/i0.wp.com\/escolagrancapita.wpcomstaging.com\/wp-content\/uploads\/2025\/04\/clips1.png?resize=300%2C300&amp;ssl=1 300w, https:\/\/i0.wp.com\/escolagrancapita.wpcomstaging.com\/wp-content\/uploads\/2025\/04\/clips1.png?resize=1024%2C1024&amp;ssl=1 1024w, https:\/\/i0.wp.com\/escolagrancapita.wpcomstaging.com\/wp-content\/uploads\/2025\/04\/clips1.png?resize=150%2C150&amp;ssl=1 150w, https:\/\/i0.wp.com\/escolagrancapita.wpcomstaging.com\/wp-content\/uploads\/2025\/04\/clips1.png?resize=768%2C768&amp;ssl=1 768w, https:\/\/i0.wp.com\/escolagrancapita.wpcomstaging.com\/wp-content\/uploads\/2025\/04\/clips1.png?resize=1536%2C1536&amp;ssl=1 1536w, https:\/\/i0.wp.com\/escolagrancapita.wpcomstaging.com\/wp-content\/uploads\/2025\/04\/clips1.png?resize=2048%2C2048&amp;ssl=1 2048w, https:\/\/i0.wp.com\/escolagrancapita.wpcomstaging.com\/wp-content\/uploads\/2025\/04\/clips1.png?resize=270%2C270&amp;ssl=1 270w, https:\/\/i0.wp.com\/escolagrancapita.wpcomstaging.com\/wp-content\/uploads\/2025\/04\/clips1.png?resize=230%2C230&amp;ssl=1 230w, https:\/\/i0.wp.com\/escolagrancapita.wpcomstaging.com\/wp-content\/uploads\/2025\/04\/clips1.png?w=2250&amp;ssl=1 2250w\" sizes=\"auto, (max-width: 750px) 100vw, 750px\" \/>\n\t\t\t<\/div><\/figure><figure class='gallery-item'>\n\t\t\t<div class='gallery-icon landscape'>\n\t\t\t\t<img loading=\"lazy\" decoding=\"async\" width=\"2500\" height=\"2500\" src=\"https:\/\/i0.wp.com\/escolagrancapita.wpcomstaging.com\/wp-content\/uploads\/2025\/04\/clips2.png?fit=2500%2C2500&amp;ssl=1\" class=\"attachment-full size-full\" alt=\"\" srcset=\"https:\/\/i0.wp.com\/escolagrancapita.wpcomstaging.com\/wp-content\/uploads\/2025\/04\/clips2.png?w=2500&amp;ssl=1 2500w, https:\/\/i0.wp.com\/escolagrancapita.wpcomstaging.com\/wp-content\/uploads\/2025\/04\/clips2.png?resize=300%2C300&amp;ssl=1 300w, https:\/\/i0.wp.com\/escolagrancapita.wpcomstaging.com\/wp-content\/uploads\/2025\/04\/clips2.png?resize=1024%2C1024&amp;ssl=1 1024w, https:\/\/i0.wp.com\/escolagrancapita.wpcomstaging.com\/wp-content\/uploads\/2025\/04\/clips2.png?resize=150%2C150&amp;ssl=1 150w, https:\/\/i0.wp.com\/escolagrancapita.wpcomstaging.com\/wp-content\/uploads\/2025\/04\/clips2.png?resize=768%2C768&amp;ssl=1 768w, https:\/\/i0.wp.com\/escolagrancapita.wpcomstaging.com\/wp-content\/uploads\/2025\/04\/clips2.png?resize=1536%2C1536&amp;ssl=1 1536w, https:\/\/i0.wp.com\/escolagrancapita.wpcomstaging.com\/wp-content\/uploads\/2025\/04\/clips2.png?resize=2048%2C2048&amp;ssl=1 2048w, https:\/\/i0.wp.com\/escolagrancapita.wpcomstaging.com\/wp-content\/uploads\/2025\/04\/clips2.png?resize=270%2C270&amp;ssl=1 270w, https:\/\/i0.wp.com\/escolagrancapita.wpcomstaging.com\/wp-content\/uploads\/2025\/04\/clips2.png?resize=230%2C230&amp;ssl=1 230w, https:\/\/i0.wp.com\/escolagrancapita.wpcomstaging.com\/wp-content\/uploads\/2025\/04\/clips2.png?w=2250&amp;ssl=1 2250w\" sizes=\"auto, (max-width: 750px) 100vw, 750px\" \/>\n\t\t\t<\/div><\/figure><figure class='gallery-item'>\n\t\t\t<div class='gallery-icon landscape'>\n\t\t\t\t<img loading=\"lazy\" decoding=\"async\" width=\"2500\" height=\"2500\" src=\"https:\/\/i0.wp.com\/escolagrancapita.wpcomstaging.com\/wp-content\/uploads\/2025\/04\/clips3.png?fit=2500%2C2500&amp;ssl=1\" class=\"attachment-full size-full\" alt=\"\" srcset=\"https:\/\/i0.wp.com\/escolagrancapita.wpcomstaging.com\/wp-content\/uploads\/2025\/04\/clips3.png?w=2500&amp;ssl=1 2500w, https:\/\/i0.wp.com\/escolagrancapita.wpcomstaging.com\/wp-content\/uploads\/2025\/04\/clips3.png?resize=300%2C300&amp;ssl=1 300w, https:\/\/i0.wp.com\/escolagrancapita.wpcomstaging.com\/wp-content\/uploads\/2025\/04\/clips3.png?resize=1024%2C1024&amp;ssl=1 1024w, https:\/\/i0.wp.com\/escolagrancapita.wpcomstaging.com\/wp-content\/uploads\/2025\/04\/clips3.png?resize=150%2C150&amp;ssl=1 150w, https:\/\/i0.wp.com\/escolagrancapita.wpcomstaging.com\/wp-content\/uploads\/2025\/04\/clips3.png?resize=768%2C768&amp;ssl=1 768w, https:\/\/i0.wp.com\/escolagrancapita.wpcomstaging.com\/wp-content\/uploads\/2025\/04\/clips3.png?resize=1536%2C1536&amp;ssl=1 1536w, https:\/\/i0.wp.com\/escolagrancapita.wpcomstaging.com\/wp-content\/uploads\/2025\/04\/clips3.png?resize=2048%2C2048&amp;ssl=1 2048w, https:\/\/i0.wp.com\/escolagrancapita.wpcomstaging.com\/wp-content\/uploads\/2025\/04\/clips3.png?resize=270%2C270&amp;ssl=1 270w, https:\/\/i0.wp.com\/escolagrancapita.wpcomstaging.com\/wp-content\/uploads\/2025\/04\/clips3.png?resize=230%2C230&amp;ssl=1 230w, https:\/\/i0.wp.com\/escolagrancapita.wpcomstaging.com\/wp-content\/uploads\/2025\/04\/clips3.png?w=2250&amp;ssl=1 2250w\" sizes=\"auto, (max-width: 750px) 100vw, 750px\" \/>\n\t\t\t<\/div><\/figure><figure class='gallery-item'>\n\t\t\t<div class='gallery-icon landscape'>\n\t\t\t\t<img loading=\"lazy\" decoding=\"async\" width=\"2500\" height=\"2500\" src=\"https:\/\/i0.wp.com\/escolagrancapita.wpcomstaging.com\/wp-content\/uploads\/2025\/04\/clips4.png?fit=2500%2C2500&amp;ssl=1\" class=\"attachment-full size-full\" alt=\"\" srcset=\"https:\/\/i0.wp.com\/escolagrancapita.wpcomstaging.com\/wp-content\/uploads\/2025\/04\/clips4.png?w=2500&amp;ssl=1 2500w, https:\/\/i0.wp.com\/escolagrancapita.wpcomstaging.com\/wp-content\/uploads\/2025\/04\/clips4.png?resize=300%2C300&amp;ssl=1 300w, https:\/\/i0.wp.com\/escolagrancapita.wpcomstaging.com\/wp-content\/uploads\/2025\/04\/clips4.png?resize=1024%2C1024&amp;ssl=1 1024w, https:\/\/i0.wp.com\/escolagrancapita.wpcomstaging.com\/wp-content\/uploads\/2025\/04\/clips4.png?resize=150%2C150&amp;ssl=1 150w, https:\/\/i0.wp.com\/escolagrancapita.wpcomstaging.com\/wp-content\/uploads\/2025\/04\/clips4.png?resize=768%2C768&amp;ssl=1 768w, https:\/\/i0.wp.com\/escolagrancapita.wpcomstaging.com\/wp-content\/uploads\/2025\/04\/clips4.png?resize=1536%2C1536&amp;ssl=1 1536w, https:\/\/i0.wp.com\/escolagrancapita.wpcomstaging.com\/wp-content\/uploads\/2025\/04\/clips4.png?resize=2048%2C2048&amp;ssl=1 2048w, https:\/\/i0.wp.com\/escolagrancapita.wpcomstaging.com\/wp-content\/uploads\/2025\/04\/clips4.png?resize=270%2C270&amp;ssl=1 270w, https:\/\/i0.wp.com\/escolagrancapita.wpcomstaging.com\/wp-content\/uploads\/2025\/04\/clips4.png?resize=230%2C230&amp;ssl=1 230w, https:\/\/i0.wp.com\/escolagrancapita.wpcomstaging.com\/wp-content\/uploads\/2025\/04\/clips4.png?w=2250&amp;ssl=1 2250w\" sizes=\"auto, (max-width: 750px) 100vw, 750px\" \/>\n\t\t\t<\/div><\/figure>\n\t\t<\/div>\n\n<p style=\"text-align: justify;\">Al llarg del trimestre<strong> tamb\u00e9 han creat altres dissenys \u00fatils<\/strong>, com suports per a m\u00f2bils o etiquetes per a maletes, aplicant coneixements t\u00e8cnics i potenciant la seva creativitat i sentit pr\u00e0ctic.<\/p>\n<div id='gallery-4' class='gallery galleryid-25633 gallery-columns-2 gallery-size-full'><figure class='gallery-item'>\n\t\t\t<div class='gallery-icon portrait'>\n\t\t\t\t<img loading=\"lazy\" decoding=\"async\" width=\"3472\" height=\"4624\" src=\"https:\/\/i0.wp.com\/escolagrancapita.wpcomstaging.com\/wp-content\/uploads\/2025\/04\/IMG_20250414_111826-rotated.jpg?fit=3472%2C4624&amp;ssl=1\" class=\"attachment-full size-full\" alt=\"\" srcset=\"https:\/\/i0.wp.com\/escolagrancapita.wpcomstaging.com\/wp-content\/uploads\/2025\/04\/IMG_20250414_111826-rotated.jpg?w=3472&amp;ssl=1 3472w, https:\/\/i0.wp.com\/escolagrancapita.wpcomstaging.com\/wp-content\/uploads\/2025\/04\/IMG_20250414_111826-rotated.jpg?resize=225%2C300&amp;ssl=1 225w, https:\/\/i0.wp.com\/escolagrancapita.wpcomstaging.com\/wp-content\/uploads\/2025\/04\/IMG_20250414_111826-rotated.jpg?resize=769%2C1024&amp;ssl=1 769w, https:\/\/i0.wp.com\/escolagrancapita.wpcomstaging.com\/wp-content\/uploads\/2025\/04\/IMG_20250414_111826-rotated.jpg?resize=768%2C1023&amp;ssl=1 768w, https:\/\/i0.wp.com\/escolagrancapita.wpcomstaging.com\/wp-content\/uploads\/2025\/04\/IMG_20250414_111826-rotated.jpg?resize=1153%2C1536&amp;ssl=1 1153w, https:\/\/i0.wp.com\/escolagrancapita.wpcomstaging.com\/wp-content\/uploads\/2025\/04\/IMG_20250414_111826-rotated.jpg?resize=1538%2C2048&amp;ssl=1 1538w, https:\/\/i0.wp.com\/escolagrancapita.wpcomstaging.com\/wp-content\/uploads\/2025\/04\/IMG_20250414_111826-rotated.jpg?w=2250&amp;ssl=1 2250w\" sizes=\"auto, (max-width: 750px) 100vw, 750px\" \/>\n\t\t\t<\/div><\/figure><figure class='gallery-item'>\n\t\t\t<div class='gallery-icon portrait'>\n\t\t\t\t<img loading=\"lazy\" decoding=\"async\" width=\"3472\" height=\"4624\" src=\"https:\/\/i0.wp.com\/escolagrancapita.wpcomstaging.com\/wp-content\/uploads\/2025\/04\/IMG_20250414_111757-rotated.jpg?fit=3472%2C4624&amp;ssl=1\" class=\"attachment-full size-full\" alt=\"\" srcset=\"https:\/\/i0.wp.com\/escolagrancapita.wpcomstaging.com\/wp-content\/uploads\/2025\/04\/IMG_20250414_111757-rotated.jpg?w=3472&amp;ssl=1 3472w, https:\/\/i0.wp.com\/escolagrancapita.wpcomstaging.com\/wp-content\/uploads\/2025\/04\/IMG_20250414_111757-rotated.jpg?resize=225%2C300&amp;ssl=1 225w, https:\/\/i0.wp.com\/escolagrancapita.wpcomstaging.com\/wp-content\/uploads\/2025\/04\/IMG_20250414_111757-rotated.jpg?resize=769%2C1024&amp;ssl=1 769w, https:\/\/i0.wp.com\/escolagrancapita.wpcomstaging.com\/wp-content\/uploads\/2025\/04\/IMG_20250414_111757-rotated.jpg?resize=768%2C1023&amp;ssl=1 768w, https:\/\/i0.wp.com\/escolagrancapita.wpcomstaging.com\/wp-content\/uploads\/2025\/04\/IMG_20250414_111757-rotated.jpg?resize=1153%2C1536&amp;ssl=1 1153w, https:\/\/i0.wp.com\/escolagrancapita.wpcomstaging.com\/wp-content\/uploads\/2025\/04\/IMG_20250414_111757-rotated.jpg?resize=1538%2C2048&amp;ssl=1 1538w, https:\/\/i0.wp.com\/escolagrancapita.wpcomstaging.com\/wp-content\/uploads\/2025\/04\/IMG_20250414_111757-rotated.jpg?w=2250&amp;ssl=1 2250w\" sizes=\"auto, (max-width: 750px) 100vw, 750px\" \/>\n\t\t\t<\/div><\/figure>\n\t\t<\/div>\n\n<p style=\"text-align: justify;\">La introducci\u00f3 de la impressi\u00f3 3D a l\u2019aula suposa molt m\u00e9s que incorporar una nova eina: significa <strong>obrir la porta a un aprenentatge significatiu, connectat amb el m\u00f3n real<\/strong> i que prepara per ser part activa en la seva transformaci\u00f3.<\/p>\n","protected":false},"excerpt":{"rendered":"<p>Aquest curs s\u2019ha fet una aposta decidida per la tecnologia i el treball transversal dins del marc STEAM amb la incorporaci\u00f3 de dues impressores 3D. L\u2019\u00fas d\u2019aquests dispositius est\u00e0 pensat per a tota l\u2019escola, per\u00f2 \u00e9s 4t d\u2019ESO qui ha<\/p>\n","protected":false},"author":1,"featured_media":0,"parent":0,"menu_order":0,"comment_status":"closed","ping_status":"closed","template":"","meta":{"_crdt_document":"","footnotes":""},"categories":[75],"tags":[149,43,111],"class_list":["post-25633","page","type-page","status-publish","hentry","category-activitats","tag-curs-2024-25","tag-ed-secundaria","tag-steam"],"jetpack_sharing_enabled":true,"_links":{"self":[{"href":"https:\/\/escolagrancapita.wpcomstaging.com\/index.php?rest_route=\/wp\/v2\/pages\/25633","targetHints":{"allow":["GET"]}}],"collection":[{"href":"https:\/\/escolagrancapita.wpcomstaging.com\/index.php?rest_route=\/wp\/v2\/pages"}],"about":[{"href":"https:\/\/escolagrancapita.wpcomstaging.com\/index.php?rest_route=\/wp\/v2\/types\/page"}],"author":[{"embeddable":true,"href":"https:\/\/escolagrancapita.wpcomstaging.com\/index.php?rest_route=\/wp\/v2\/users\/1"}],"replies":[{"embeddable":true,"href":"https:\/\/escolagrancapita.wpcomstaging.com\/index.php?rest_route=%2Fwp%2Fv2%2Fcomments&post=25633"}],"version-history":[{"count":11,"href":"https:\/\/escolagrancapita.wpcomstaging.com\/index.php?rest_route=\/wp\/v2\/pages\/25633\/revisions"}],"predecessor-version":[{"id":25667,"href":"https:\/\/escolagrancapita.wpcomstaging.com\/index.php?rest_route=\/wp\/v2\/pages\/25633\/revisions\/25667"}],"wp:attachment":[{"href":"https:\/\/escolagrancapita.wpcomstaging.com\/index.php?rest_route=%2Fwp%2Fv2%2Fmedia&parent=25633"}],"wp:term":[{"taxonomy":"category","embeddable":true,"href":"https:\/\/escolagrancapita.wpcomstaging.com\/index.php?rest_route=%2Fwp%2Fv2%2Fcategories&post=25633"},{"taxonomy":"post_tag","embeddable":true,"href":"https:\/\/escolagrancapita.wpcomstaging.com\/index.php?rest_route=%2Fwp%2Fv2%2Ftags&post=25633"}],"curies":[{"name":"wp","href":"https:\/\/api.w.org\/{rel}","templated":true}]}}