{"id":25876,"date":"2025-05-11T09:22:41","date_gmt":"2025-05-11T09:22:41","guid":{"rendered":"https:\/\/escolagrancapita.wpcomstaging.com\/?page_id=25876"},"modified":"2025-05-11T09:25:37","modified_gmt":"2025-05-11T09:25:37","slug":"edudansa-2025","status":"publish","type":"page","link":"https:\/\/escolagrancapita.wpcomstaging.com\/?page_id=25876","title":{"rendered":"Edudansa 2025"},"content":{"rendered":"<p class=\"\" style=\"text-align: justify;\" data-start=\"255\" data-end=\"478\">2n de Prim\u00e0ria ha participat en una nova edici\u00f3 d\u2019<strong>Edudansa<\/strong>, una iniciativa compartida amb la resta de grups de segon de set escoles de Sant Joan Desp\u00ed que promou la dansa i la m\u00fasica com a eines educatives i de conviv\u00e8ncia.<\/p>\n<div id='gallery-1' class='gallery galleryid-25876 gallery-columns-3 gallery-size-full'><figure class='gallery-item'>\n\t\t\t<div class='gallery-icon landscape'>\n\t\t\t\t<img loading=\"lazy\" decoding=\"async\" width=\"4080\" height=\"3060\" src=\"https:\/\/i0.wp.com\/escolagrancapita.wpcomstaging.com\/wp-content\/uploads\/2025\/05\/20250508_155127-Ana-Abajo.jpg?fit=4080%2C3060&amp;ssl=1\" class=\"attachment-full size-full\" alt=\"\" srcset=\"https:\/\/i0.wp.com\/escolagrancapita.wpcomstaging.com\/wp-content\/uploads\/2025\/05\/20250508_155127-Ana-Abajo.jpg?w=4080&amp;ssl=1 4080w, https:\/\/i0.wp.com\/escolagrancapita.wpcomstaging.com\/wp-content\/uploads\/2025\/05\/20250508_155127-Ana-Abajo.jpg?resize=300%2C225&amp;ssl=1 300w, https:\/\/i0.wp.com\/escolagrancapita.wpcomstaging.com\/wp-content\/uploads\/2025\/05\/20250508_155127-Ana-Abajo.jpg?resize=1024%2C768&amp;ssl=1 1024w, https:\/\/i0.wp.com\/escolagrancapita.wpcomstaging.com\/wp-content\/uploads\/2025\/05\/20250508_155127-Ana-Abajo.jpg?resize=768%2C576&amp;ssl=1 768w, https:\/\/i0.wp.com\/escolagrancapita.wpcomstaging.com\/wp-content\/uploads\/2025\/05\/20250508_155127-Ana-Abajo.jpg?resize=1536%2C1152&amp;ssl=1 1536w, https:\/\/i0.wp.com\/escolagrancapita.wpcomstaging.com\/wp-content\/uploads\/2025\/05\/20250508_155127-Ana-Abajo.jpg?resize=2048%2C1536&amp;ssl=1 2048w, https:\/\/i0.wp.com\/escolagrancapita.wpcomstaging.com\/wp-content\/uploads\/2025\/05\/20250508_155127-Ana-Abajo.jpg?w=2250&amp;ssl=1 2250w\" sizes=\"auto, (max-width: 750px) 100vw, 750px\" \/>\n\t\t\t<\/div><\/figure><figure class='gallery-item'>\n\t\t\t<div class='gallery-icon landscape'>\n\t\t\t\t<img loading=\"lazy\" decoding=\"async\" width=\"4080\" height=\"3060\" src=\"https:\/\/i0.wp.com\/escolagrancapita.wpcomstaging.com\/wp-content\/uploads\/2025\/05\/20250508_155940-Ana-Abajo.jpg?fit=4080%2C3060&amp;ssl=1\" class=\"attachment-full size-full\" alt=\"\" srcset=\"https:\/\/i0.wp.com\/escolagrancapita.wpcomstaging.com\/wp-content\/uploads\/2025\/05\/20250508_155940-Ana-Abajo.jpg?w=4080&amp;ssl=1 4080w, https:\/\/i0.wp.com\/escolagrancapita.wpcomstaging.com\/wp-content\/uploads\/2025\/05\/20250508_155940-Ana-Abajo.jpg?resize=300%2C225&amp;ssl=1 300w, https:\/\/i0.wp.com\/escolagrancapita.wpcomstaging.com\/wp-content\/uploads\/2025\/05\/20250508_155940-Ana-Abajo.jpg?resize=1024%2C768&amp;ssl=1 1024w, https:\/\/i0.wp.com\/escolagrancapita.wpcomstaging.com\/wp-content\/uploads\/2025\/05\/20250508_155940-Ana-Abajo.jpg?resize=768%2C576&amp;ssl=1 768w, https:\/\/i0.wp.com\/escolagrancapita.wpcomstaging.com\/wp-content\/uploads\/2025\/05\/20250508_155940-Ana-Abajo.jpg?resize=1536%2C1152&amp;ssl=1 1536w, https:\/\/i0.wp.com\/escolagrancapita.wpcomstaging.com\/wp-content\/uploads\/2025\/05\/20250508_155940-Ana-Abajo.jpg?resize=2048%2C1536&amp;ssl=1 2048w, https:\/\/i0.wp.com\/escolagrancapita.wpcomstaging.com\/wp-content\/uploads\/2025\/05\/20250508_155940-Ana-Abajo.jpg?w=2250&amp;ssl=1 2250w\" sizes=\"auto, (max-width: 750px) 100vw, 750px\" \/>\n\t\t\t<\/div><\/figure><figure class='gallery-item'>\n\t\t\t<div class='gallery-icon landscape'>\n\t\t\t\t<img loading=\"lazy\" decoding=\"async\" width=\"2048\" height=\"1536\" src=\"https:\/\/i0.wp.com\/escolagrancapita.wpcomstaging.com\/wp-content\/uploads\/2025\/05\/IMG-20250508-WA0009-Ana-Abajo.jpg?fit=2048%2C1536&amp;ssl=1\" class=\"attachment-full size-full\" alt=\"\" srcset=\"https:\/\/i0.wp.com\/escolagrancapita.wpcomstaging.com\/wp-content\/uploads\/2025\/05\/IMG-20250508-WA0009-Ana-Abajo.jpg?w=2048&amp;ssl=1 2048w, https:\/\/i0.wp.com\/escolagrancapita.wpcomstaging.com\/wp-content\/uploads\/2025\/05\/IMG-20250508-WA0009-Ana-Abajo.jpg?resize=300%2C225&amp;ssl=1 300w, https:\/\/i0.wp.com\/escolagrancapita.wpcomstaging.com\/wp-content\/uploads\/2025\/05\/IMG-20250508-WA0009-Ana-Abajo.jpg?resize=1024%2C768&amp;ssl=1 1024w, https:\/\/i0.wp.com\/escolagrancapita.wpcomstaging.com\/wp-content\/uploads\/2025\/05\/IMG-20250508-WA0009-Ana-Abajo.jpg?resize=768%2C576&amp;ssl=1 768w, https:\/\/i0.wp.com\/escolagrancapita.wpcomstaging.com\/wp-content\/uploads\/2025\/05\/IMG-20250508-WA0009-Ana-Abajo.jpg?resize=1536%2C1152&amp;ssl=1 1536w\" sizes=\"auto, (max-width: 750px) 100vw, 750px\" \/>\n\t\t\t<\/div><\/figure>\n\t\t<\/div>\n\n<div id='gallery-2' class='gallery galleryid-25876 gallery-columns-1 gallery-size-full'><figure class='gallery-item'>\n\t\t\t<div class='gallery-icon portrait'>\n\t\t\t\t<img loading=\"lazy\" decoding=\"async\" width=\"1536\" height=\"2048\" src=\"https:\/\/i0.wp.com\/escolagrancapita.wpcomstaging.com\/wp-content\/uploads\/2025\/05\/IMG-20250508-WA0011-Ana-Abajo.jpg?fit=1536%2C2048&amp;ssl=1\" class=\"attachment-full size-full\" alt=\"\" srcset=\"https:\/\/i0.wp.com\/escolagrancapita.wpcomstaging.com\/wp-content\/uploads\/2025\/05\/IMG-20250508-WA0011-Ana-Abajo.jpg?w=1536&amp;ssl=1 1536w, https:\/\/i0.wp.com\/escolagrancapita.wpcomstaging.com\/wp-content\/uploads\/2025\/05\/IMG-20250508-WA0011-Ana-Abajo.jpg?resize=225%2C300&amp;ssl=1 225w, https:\/\/i0.wp.com\/escolagrancapita.wpcomstaging.com\/wp-content\/uploads\/2025\/05\/IMG-20250508-WA0011-Ana-Abajo.jpg?resize=768%2C1024&amp;ssl=1 768w, https:\/\/i0.wp.com\/escolagrancapita.wpcomstaging.com\/wp-content\/uploads\/2025\/05\/IMG-20250508-WA0011-Ana-Abajo.jpg?resize=1152%2C1536&amp;ssl=1 1152w\" sizes=\"auto, (max-width: 750px) 100vw, 750px\" \/>\n\t\t\t<\/div><\/figure>\n\t\t<\/div>\n\n<p class=\"\" style=\"text-align: justify;\" data-start=\"480\" data-end=\"696\">Han compartit una tarda plena de ritme ballant danses com el <a href=\"https:\/\/ca.wikipedia.org\/wiki\/Ball_de_gitanes\" target=\"_blank\" rel=\"noopener\"><em data-start=\"541\" data-end=\"558\">Ball de Gitanes<\/em><\/a>, el <a href=\"https:\/\/ca.wikipedia.org\/wiki\/Patatuf\" target=\"_blank\" rel=\"noopener\"><em data-start=\"563\" data-end=\"572\">Patatuf<\/em><\/a>, la <em data-start=\"577\" data-end=\"590\">Dansa Russa<\/em>, el <em data-start=\"595\" data-end=\"607\">Monkey Man<\/em> i, per acabar, la can\u00e7\u00f3 <em data-start=\"632\" data-end=\"647\">Pluja de sons<\/em>, interpretada conjuntament per tots els infants.<\/p>\n<p style=\"text-align: center;\" data-start=\"480\" data-end=\"696\"><iframe loading=\"lazy\" title=\"Edudansa 2025 (1\/4)\" src=\"https:\/\/www.youtube.com\/embed\/lkDzJs_ufIs\" width=\"1302\" height=\"737\" frameborder=\"0\" allowfullscreen=\"allowfullscreen\"><\/iframe><br \/>\n<iframe loading=\"lazy\" title=\"Edudansa 2025 (2\/4)\" src=\"https:\/\/www.youtube.com\/embed\/b-cmmlllHn4\" width=\"487\" height=\"865\" frameborder=\"0\" allowfullscreen=\"allowfullscreen\"><\/iframe><br \/>\n<iframe loading=\"lazy\" title=\"Edudansa 2025 (3\/4)\" src=\"https:\/\/www.youtube.com\/embed\/aWKswJCDQQY\" width=\"897\" height=\"508\" frameborder=\"0\" allowfullscreen=\"allowfullscreen\"><\/iframe><br \/>\n<iframe loading=\"lazy\" title=\"Edudansa 2025 (4\/4)\" src=\"https:\/\/www.youtube.com\/embed\/daAxAt81SQM\" width=\"897\" height=\"508\" frameborder=\"0\" allowfullscreen=\"allowfullscreen\"><\/iframe><\/p>\n<p class=\"\" style=\"text-align: justify;\" data-start=\"698\" data-end=\"778\">Una experi\u00e8ncia divertida i enriquidora, plena de somriures i molta companyonia.<\/p>\n<div id='gallery-3' class='gallery galleryid-25876 gallery-columns-1 gallery-size-full'><figure class='gallery-item'>\n\t\t\t<div class='gallery-icon landscape'>\n\t\t\t\t<img loading=\"lazy\" decoding=\"async\" width=\"4080\" height=\"2420\" src=\"https:\/\/i0.wp.com\/escolagrancapita.wpcomstaging.com\/wp-content\/uploads\/2025\/05\/20250508_161508-Ana-Abajo-e1746954429514.jpg?fit=4080%2C2420&amp;ssl=1\" class=\"attachment-full size-full\" alt=\"\" srcset=\"https:\/\/i0.wp.com\/escolagrancapita.wpcomstaging.com\/wp-content\/uploads\/2025\/05\/20250508_161508-Ana-Abajo-e1746954429514.jpg?w=4080&amp;ssl=1 4080w, https:\/\/i0.wp.com\/escolagrancapita.wpcomstaging.com\/wp-content\/uploads\/2025\/05\/20250508_161508-Ana-Abajo-e1746954429514.jpg?resize=300%2C178&amp;ssl=1 300w, https:\/\/i0.wp.com\/escolagrancapita.wpcomstaging.com\/wp-content\/uploads\/2025\/05\/20250508_161508-Ana-Abajo-e1746954429514.jpg?resize=1024%2C607&amp;ssl=1 1024w, https:\/\/i0.wp.com\/escolagrancapita.wpcomstaging.com\/wp-content\/uploads\/2025\/05\/20250508_161508-Ana-Abajo-e1746954429514.jpg?resize=768%2C456&amp;ssl=1 768w, https:\/\/i0.wp.com\/escolagrancapita.wpcomstaging.com\/wp-content\/uploads\/2025\/05\/20250508_161508-Ana-Abajo-e1746954429514.jpg?resize=1536%2C911&amp;ssl=1 1536w, https:\/\/i0.wp.com\/escolagrancapita.wpcomstaging.com\/wp-content\/uploads\/2025\/05\/20250508_161508-Ana-Abajo-e1746954429514.jpg?resize=2048%2C1215&amp;ssl=1 2048w, https:\/\/i0.wp.com\/escolagrancapita.wpcomstaging.com\/wp-content\/uploads\/2025\/05\/20250508_161508-Ana-Abajo-e1746954429514.jpg?w=2250&amp;ssl=1 2250w\" sizes=\"auto, (max-width: 750px) 100vw, 750px\" \/>\n\t\t\t<\/div><\/figure>\n\t\t<\/div>\n\n","protected":false},"excerpt":{"rendered":"<p>2n de Prim\u00e0ria ha participat en una nova edici\u00f3 d\u2019Edudansa, una iniciativa compartida amb la resta de grups de segon de set escoles de Sant Joan Desp\u00ed que promou la dansa i la m\u00fasica com a eines educatives i de<\/p>\n","protected":false},"author":1,"featured_media":0,"parent":0,"menu_order":0,"comment_status":"closed","ping_status":"closed","template":"","meta":{"_crdt_document":"","footnotes":""},"categories":[75],"tags":[149,86,56,82],"class_list":["post-25876","page","type-page","status-publish","hentry","category-activitats","tag-curs-2024-25","tag-ed-primaria","tag-sant-joan-despi","tag-sortides"],"jetpack_sharing_enabled":true,"_links":{"self":[{"href":"https:\/\/escolagrancapita.wpcomstaging.com\/index.php?rest_route=\/wp\/v2\/pages\/25876","targetHints":{"allow":["GET"]}}],"collection":[{"href":"https:\/\/escolagrancapita.wpcomstaging.com\/index.php?rest_route=\/wp\/v2\/pages"}],"about":[{"href":"https:\/\/escolagrancapita.wpcomstaging.com\/index.php?rest_route=\/wp\/v2\/types\/page"}],"author":[{"embeddable":true,"href":"https:\/\/escolagrancapita.wpcomstaging.com\/index.php?rest_route=\/wp\/v2\/users\/1"}],"replies":[{"embeddable":true,"href":"https:\/\/escolagrancapita.wpcomstaging.com\/index.php?rest_route=%2Fwp%2Fv2%2Fcomments&post=25876"}],"version-history":[{"count":7,"href":"https:\/\/escolagrancapita.wpcomstaging.com\/index.php?rest_route=\/wp\/v2\/pages\/25876\/revisions"}],"predecessor-version":[{"id":25899,"href":"https:\/\/escolagrancapita.wpcomstaging.com\/index.php?rest_route=\/wp\/v2\/pages\/25876\/revisions\/25899"}],"wp:attachment":[{"href":"https:\/\/escolagrancapita.wpcomstaging.com\/index.php?rest_route=%2Fwp%2Fv2%2Fmedia&parent=25876"}],"wp:term":[{"taxonomy":"category","embeddable":true,"href":"https:\/\/escolagrancapita.wpcomstaging.com\/index.php?rest_route=%2Fwp%2Fv2%2Fcategories&post=25876"},{"taxonomy":"post_tag","embeddable":true,"href":"https:\/\/escolagrancapita.wpcomstaging.com\/index.php?rest_route=%2Fwp%2Fv2%2Ftags&post=25876"}],"curies":[{"name":"wp","href":"https:\/\/api.w.org\/{rel}","templated":true}]}}