{"id":25922,"date":"2025-06-01T08:58:17","date_gmt":"2025-06-01T08:58:17","guid":{"rendered":"https:\/\/escolagrancapita.wpcomstaging.com\/?page_id=25922"},"modified":"2025-06-01T08:58:17","modified_gmt":"2025-06-01T08:58:17","slug":"les-abelles-petites-pero-imprescindibles","status":"publish","type":"page","link":"https:\/\/escolagrancapita.wpcomstaging.com\/?page_id=25922","title":{"rendered":"Les abelles: petites per\u00f2 imprescindibles!"},"content":{"rendered":"<p style=\"text-align: justify;\" data-start=\"84\" data-end=\"287\">Dilluns 20 de maig, I4 ha commemorat el <a href=\"https:\/\/ca.wikipedia.org\/wiki\/Dia_Mundial_de_les_Abelles\" target=\"_blank\" rel=\"noopener\"><strong>Dia Mundial de les Abelles<\/strong><\/a> amb una jornada dedicada a descobrir la import\u00e0ncia d\u2019aquests petits insectes que tenen un paper clau en l\u2019equilibri del nostre planeta.<\/p>\n<p style=\"text-align: justify;\" data-start=\"289\" data-end=\"510\">Al llarg del mat\u00ed, han gaudit de v\u00eddeos educatius, contes plens de curiositats i activitats din\u00e0miques com imitar el vol de les abelles o elaborar una manualitat per recordar com s\u00f3n d\u2019essencials per a la vida a la Terra.<\/p>\n<div id='gallery-1' class='gallery galleryid-25922 gallery-columns-2 gallery-size-full'><figure class='gallery-item'>\n\t\t\t<div class='gallery-icon portrait'>\n\t\t\t\t<img loading=\"lazy\" decoding=\"async\" width=\"1200\" height=\"1600\" src=\"https:\/\/i0.wp.com\/escolagrancapita.wpcomstaging.com\/wp-content\/uploads\/2025\/06\/4f491fa5-5fcf-4e32-b331-8af552f89b1d-Carol-Garcia-Martinez.jpeg?fit=1200%2C1600&amp;ssl=1\" class=\"attachment-full size-full\" alt=\"\" srcset=\"https:\/\/i0.wp.com\/escolagrancapita.wpcomstaging.com\/wp-content\/uploads\/2025\/06\/4f491fa5-5fcf-4e32-b331-8af552f89b1d-Carol-Garcia-Martinez.jpeg?w=1200&amp;ssl=1 1200w, https:\/\/i0.wp.com\/escolagrancapita.wpcomstaging.com\/wp-content\/uploads\/2025\/06\/4f491fa5-5fcf-4e32-b331-8af552f89b1d-Carol-Garcia-Martinez.jpeg?resize=225%2C300&amp;ssl=1 225w, https:\/\/i0.wp.com\/escolagrancapita.wpcomstaging.com\/wp-content\/uploads\/2025\/06\/4f491fa5-5fcf-4e32-b331-8af552f89b1d-Carol-Garcia-Martinez.jpeg?resize=768%2C1024&amp;ssl=1 768w, https:\/\/i0.wp.com\/escolagrancapita.wpcomstaging.com\/wp-content\/uploads\/2025\/06\/4f491fa5-5fcf-4e32-b331-8af552f89b1d-Carol-Garcia-Martinez.jpeg?resize=1152%2C1536&amp;ssl=1 1152w\" sizes=\"auto, (max-width: 750px) 100vw, 750px\" \/>\n\t\t\t<\/div><\/figure><figure class='gallery-item'>\n\t\t\t<div class='gallery-icon portrait'>\n\t\t\t\t<img loading=\"lazy\" decoding=\"async\" width=\"3024\" height=\"4032\" src=\"https:\/\/i0.wp.com\/escolagrancapita.wpcomstaging.com\/wp-content\/uploads\/2025\/06\/IMG_3007-Carol-Garcia-Martinez-1-rotated.jpeg?fit=3024%2C4032&amp;ssl=1\" class=\"attachment-full size-full\" alt=\"\" srcset=\"https:\/\/i0.wp.com\/escolagrancapita.wpcomstaging.com\/wp-content\/uploads\/2025\/06\/IMG_3007-Carol-Garcia-Martinez-1-rotated.jpeg?w=3024&amp;ssl=1 3024w, https:\/\/i0.wp.com\/escolagrancapita.wpcomstaging.com\/wp-content\/uploads\/2025\/06\/IMG_3007-Carol-Garcia-Martinez-1-rotated.jpeg?resize=225%2C300&amp;ssl=1 225w, https:\/\/i0.wp.com\/escolagrancapita.wpcomstaging.com\/wp-content\/uploads\/2025\/06\/IMG_3007-Carol-Garcia-Martinez-1-rotated.jpeg?resize=768%2C1024&amp;ssl=1 768w, https:\/\/i0.wp.com\/escolagrancapita.wpcomstaging.com\/wp-content\/uploads\/2025\/06\/IMG_3007-Carol-Garcia-Martinez-1-rotated.jpeg?resize=1152%2C1536&amp;ssl=1 1152w, https:\/\/i0.wp.com\/escolagrancapita.wpcomstaging.com\/wp-content\/uploads\/2025\/06\/IMG_3007-Carol-Garcia-Martinez-1-rotated.jpeg?resize=1536%2C2048&amp;ssl=1 1536w, https:\/\/i0.wp.com\/escolagrancapita.wpcomstaging.com\/wp-content\/uploads\/2025\/06\/IMG_3007-Carol-Garcia-Martinez-1-rotated.jpeg?w=2250&amp;ssl=1 2250w\" sizes=\"auto, (max-width: 750px) 100vw, 750px\" \/>\n\t\t\t<\/div><\/figure>\n\t\t<\/div>\n\n<p style=\"text-align: justify;\" data-start=\"512\" data-end=\"871\">Han apr\u00e8s que les abelles no nom\u00e9s ens proporcionen aliments com la mel, el pol\u00b7len o la gelea reial, sin\u00f3 que tamb\u00e9 s\u00f3n imprescindibles per a la pol\u00b7linitzaci\u00f3 de molts cultius, millorant el rendiment i la qualitat de les fruites i verdures. La seva desaparici\u00f3 tindria conseq\u00fc\u00e8ncies molt greus per a la biodiversitat i per a la seguretat aliment\u00e0ria global.<\/p>\n<div id='gallery-2' class='gallery galleryid-25922 gallery-columns-2 gallery-size-full'><figure class='gallery-item'>\n\t\t\t<div class='gallery-icon portrait'>\n\t\t\t\t<img loading=\"lazy\" decoding=\"async\" width=\"3024\" height=\"4032\" src=\"https:\/\/i0.wp.com\/escolagrancapita.wpcomstaging.com\/wp-content\/uploads\/2025\/06\/IMG_3020-Carol-Garcia-Martinez-1-rotated.jpeg?fit=3024%2C4032&amp;ssl=1\" class=\"attachment-full size-full\" alt=\"\" srcset=\"https:\/\/i0.wp.com\/escolagrancapita.wpcomstaging.com\/wp-content\/uploads\/2025\/06\/IMG_3020-Carol-Garcia-Martinez-1-rotated.jpeg?w=3024&amp;ssl=1 3024w, https:\/\/i0.wp.com\/escolagrancapita.wpcomstaging.com\/wp-content\/uploads\/2025\/06\/IMG_3020-Carol-Garcia-Martinez-1-rotated.jpeg?resize=225%2C300&amp;ssl=1 225w, https:\/\/i0.wp.com\/escolagrancapita.wpcomstaging.com\/wp-content\/uploads\/2025\/06\/IMG_3020-Carol-Garcia-Martinez-1-rotated.jpeg?resize=768%2C1024&amp;ssl=1 768w, https:\/\/i0.wp.com\/escolagrancapita.wpcomstaging.com\/wp-content\/uploads\/2025\/06\/IMG_3020-Carol-Garcia-Martinez-1-rotated.jpeg?resize=1152%2C1536&amp;ssl=1 1152w, https:\/\/i0.wp.com\/escolagrancapita.wpcomstaging.com\/wp-content\/uploads\/2025\/06\/IMG_3020-Carol-Garcia-Martinez-1-rotated.jpeg?resize=1536%2C2048&amp;ssl=1 1536w, https:\/\/i0.wp.com\/escolagrancapita.wpcomstaging.com\/wp-content\/uploads\/2025\/06\/IMG_3020-Carol-Garcia-Martinez-1-rotated.jpeg?w=2250&amp;ssl=1 2250w\" sizes=\"auto, (max-width: 750px) 100vw, 750px\" \/>\n\t\t\t<\/div><\/figure><figure class='gallery-item'>\n\t\t\t<div class='gallery-icon portrait'>\n\t\t\t\t<img loading=\"lazy\" decoding=\"async\" width=\"3024\" height=\"4032\" src=\"https:\/\/i0.wp.com\/escolagrancapita.wpcomstaging.com\/wp-content\/uploads\/2025\/06\/IMG_3021-Carol-Garcia-Martinez-rotated.jpeg?fit=3024%2C4032&amp;ssl=1\" class=\"attachment-full size-full\" alt=\"\" srcset=\"https:\/\/i0.wp.com\/escolagrancapita.wpcomstaging.com\/wp-content\/uploads\/2025\/06\/IMG_3021-Carol-Garcia-Martinez-rotated.jpeg?w=3024&amp;ssl=1 3024w, https:\/\/i0.wp.com\/escolagrancapita.wpcomstaging.com\/wp-content\/uploads\/2025\/06\/IMG_3021-Carol-Garcia-Martinez-rotated.jpeg?resize=225%2C300&amp;ssl=1 225w, https:\/\/i0.wp.com\/escolagrancapita.wpcomstaging.com\/wp-content\/uploads\/2025\/06\/IMG_3021-Carol-Garcia-Martinez-rotated.jpeg?resize=768%2C1024&amp;ssl=1 768w, https:\/\/i0.wp.com\/escolagrancapita.wpcomstaging.com\/wp-content\/uploads\/2025\/06\/IMG_3021-Carol-Garcia-Martinez-rotated.jpeg?resize=1152%2C1536&amp;ssl=1 1152w, https:\/\/i0.wp.com\/escolagrancapita.wpcomstaging.com\/wp-content\/uploads\/2025\/06\/IMG_3021-Carol-Garcia-Martinez-rotated.jpeg?resize=1536%2C2048&amp;ssl=1 1536w, https:\/\/i0.wp.com\/escolagrancapita.wpcomstaging.com\/wp-content\/uploads\/2025\/06\/IMG_3021-Carol-Garcia-Martinez-rotated.jpeg?w=2250&amp;ssl=1 2250w\" sizes=\"auto, (max-width: 750px) 100vw, 750px\" \/>\n\t\t\t<\/div><\/figure>\n\t\t<\/div>\n\n<div id='gallery-3' class='gallery galleryid-25922 gallery-columns-1 gallery-size-full'><figure class='gallery-item'>\n\t\t\t<div class='gallery-icon landscape'>\n\t\t\t\t<img loading=\"lazy\" decoding=\"async\" width=\"4032\" height=\"3024\" src=\"https:\/\/i0.wp.com\/escolagrancapita.wpcomstaging.com\/wp-content\/uploads\/2025\/06\/IMG_3017-Carol-Garcia-Martinez-1.jpeg?fit=4032%2C3024&amp;ssl=1\" class=\"attachment-full size-full\" alt=\"\" srcset=\"https:\/\/i0.wp.com\/escolagrancapita.wpcomstaging.com\/wp-content\/uploads\/2025\/06\/IMG_3017-Carol-Garcia-Martinez-1.jpeg?w=4032&amp;ssl=1 4032w, https:\/\/i0.wp.com\/escolagrancapita.wpcomstaging.com\/wp-content\/uploads\/2025\/06\/IMG_3017-Carol-Garcia-Martinez-1.jpeg?resize=300%2C225&amp;ssl=1 300w, https:\/\/i0.wp.com\/escolagrancapita.wpcomstaging.com\/wp-content\/uploads\/2025\/06\/IMG_3017-Carol-Garcia-Martinez-1.jpeg?resize=1024%2C768&amp;ssl=1 1024w, https:\/\/i0.wp.com\/escolagrancapita.wpcomstaging.com\/wp-content\/uploads\/2025\/06\/IMG_3017-Carol-Garcia-Martinez-1.jpeg?resize=768%2C576&amp;ssl=1 768w, https:\/\/i0.wp.com\/escolagrancapita.wpcomstaging.com\/wp-content\/uploads\/2025\/06\/IMG_3017-Carol-Garcia-Martinez-1.jpeg?resize=1536%2C1152&amp;ssl=1 1536w, https:\/\/i0.wp.com\/escolagrancapita.wpcomstaging.com\/wp-content\/uploads\/2025\/06\/IMG_3017-Carol-Garcia-Martinez-1.jpeg?resize=2048%2C1536&amp;ssl=1 2048w, https:\/\/i0.wp.com\/escolagrancapita.wpcomstaging.com\/wp-content\/uploads\/2025\/06\/IMG_3017-Carol-Garcia-Martinez-1.jpeg?w=2250&amp;ssl=1 2250w\" sizes=\"auto, (max-width: 750px) 100vw, 750px\" \/>\n\t\t\t<\/div><\/figure>\n\t\t<\/div>\n\n<p style=\"text-align: justify;\" data-start=\"873\" data-end=\"1133\">Durant la jornada, han descobert que les abelles s\u00f3n responsables del 60% de la pol\u00b7linitzaci\u00f3 global. Sense elles, el m\u00f3n canviaria dr\u00e0sticament en pocs anys. Per aix\u00f2, \u00e9s fonamental educar des de ben petits per valorar i protegir aquests \u00e9ssers tan valuosos.<\/p>\n<p style=\"text-align: justify;\" data-start=\"1135\" data-end=\"1193\" data-is-last-node=\"\" data-is-only-node=\"\">Una gran lli\u00e7\u00f3 sobre la natura que segur que no oblidaran.<\/p>\n<p style=\"text-align: center;\" data-start=\"1135\" data-end=\"1193\" data-is-last-node=\"\" data-is-only-node=\"\"><iframe loading=\"lazy\" title=\"Les abelles: petites per\u00f2 imprescindibles!\" src=\"https:\/\/www.youtube.com\/embed\/i5xzjdrnRJA\" width=\"482\" height=\"857\" frameborder=\"0\" allowfullscreen=\"allowfullscreen\"><\/iframe><\/p>\n","protected":false},"excerpt":{"rendered":"<p>Dilluns 20 de maig, I4 ha commemorat el Dia Mundial de les Abelles amb una jornada dedicada a descobrir la import\u00e0ncia d\u2019aquests petits insectes que tenen un paper clau en l\u2019equilibri del nostre planeta. Al llarg del mat\u00ed, han gaudit<\/p>\n","protected":false},"author":1,"featured_media":0,"parent":0,"menu_order":0,"comment_status":"closed","ping_status":"closed","template":"","meta":{"_crdt_document":"","footnotes":""},"categories":[75],"tags":[149,77],"class_list":["post-25922","page","type-page","status-publish","hentry","category-activitats","tag-curs-2024-25","tag-ed-infantil"],"jetpack_sharing_enabled":true,"_links":{"self":[{"href":"https:\/\/escolagrancapita.wpcomstaging.com\/index.php?rest_route=\/wp\/v2\/pages\/25922","targetHints":{"allow":["GET"]}}],"collection":[{"href":"https:\/\/escolagrancapita.wpcomstaging.com\/index.php?rest_route=\/wp\/v2\/pages"}],"about":[{"href":"https:\/\/escolagrancapita.wpcomstaging.com\/index.php?rest_route=\/wp\/v2\/types\/page"}],"author":[{"embeddable":true,"href":"https:\/\/escolagrancapita.wpcomstaging.com\/index.php?rest_route=\/wp\/v2\/users\/1"}],"replies":[{"embeddable":true,"href":"https:\/\/escolagrancapita.wpcomstaging.com\/index.php?rest_route=%2Fwp%2Fv2%2Fcomments&post=25922"}],"version-history":[{"count":4,"href":"https:\/\/escolagrancapita.wpcomstaging.com\/index.php?rest_route=\/wp\/v2\/pages\/25922\/revisions"}],"predecessor-version":[{"id":26084,"href":"https:\/\/escolagrancapita.wpcomstaging.com\/index.php?rest_route=\/wp\/v2\/pages\/25922\/revisions\/26084"}],"wp:attachment":[{"href":"https:\/\/escolagrancapita.wpcomstaging.com\/index.php?rest_route=%2Fwp%2Fv2%2Fmedia&parent=25922"}],"wp:term":[{"taxonomy":"category","embeddable":true,"href":"https:\/\/escolagrancapita.wpcomstaging.com\/index.php?rest_route=%2Fwp%2Fv2%2Fcategories&post=25922"},{"taxonomy":"post_tag","embeddable":true,"href":"https:\/\/escolagrancapita.wpcomstaging.com\/index.php?rest_route=%2Fwp%2Fv2%2Ftags&post=25922"}],"curies":[{"name":"wp","href":"https:\/\/api.w.org\/{rel}","templated":true}]}}