{"id":25931,"date":"2025-06-01T09:09:44","date_gmt":"2025-06-01T09:09:44","guid":{"rendered":"https:\/\/escolagrancapita.wpcomstaging.com\/?page_id=25931"},"modified":"2025-06-01T09:09:44","modified_gmt":"2025-06-01T09:09:44","slug":"descobrint-llegendes-i-historia-al-cor-de-barcelona","status":"publish","type":"page","link":"https:\/\/escolagrancapita.wpcomstaging.com\/?page_id=25931","title":{"rendered":"Descobrint llegendes i hist\u00f2ria al cor de Barcelona"},"content":{"rendered":"<p style=\"text-align: justify;\" data-start=\"72\" data-end=\"240\">Cicle Superior ha viscut una jornada fascinant al <strong>centre hist\u00f2ric de Barcelona<\/strong>, immersos en un itinerari cultural ple de misteri, llegendes i racons amb molta hist\u00f2ria.<\/p>\n<p style=\"text-align: justify;\" data-start=\"242\" data-end=\"602\">L\u2019itinerari va comen\u00e7ar a la pla\u00e7a de la Catedral amb la hist\u00f2ria de Santa Eul\u00e0lia, copatrona de la ciutat, que segons la tradici\u00f3 va patir tretze tortures per defensar la seva fe. La ruta va continuar fins a la pla\u00e7a de Sant Felip Neri, on les marques de metralla a les parets recorden els bombardejos de la Guerra Civil i on s\u2019han rodat diverses pel\u00b7l\u00edcules.<\/p>\n<div id='gallery-1' class='gallery galleryid-25931 gallery-columns-2 gallery-size-full'><figure class='gallery-item'>\n\t\t\t<div class='gallery-icon landscape'>\n\t\t\t\t<img loading=\"lazy\" decoding=\"async\" width=\"1600\" height=\"719\" src=\"https:\/\/i0.wp.com\/escolagrancapita.wpcomstaging.com\/wp-content\/uploads\/2025\/06\/WhatsApp-Image-2025-05-23-at-18.12.42-Rebeca-Villamayor.jpeg?fit=1600%2C719&amp;ssl=1\" class=\"attachment-full size-full\" alt=\"\" srcset=\"https:\/\/i0.wp.com\/escolagrancapita.wpcomstaging.com\/wp-content\/uploads\/2025\/06\/WhatsApp-Image-2025-05-23-at-18.12.42-Rebeca-Villamayor.jpeg?w=1600&amp;ssl=1 1600w, https:\/\/i0.wp.com\/escolagrancapita.wpcomstaging.com\/wp-content\/uploads\/2025\/06\/WhatsApp-Image-2025-05-23-at-18.12.42-Rebeca-Villamayor.jpeg?resize=300%2C135&amp;ssl=1 300w, https:\/\/i0.wp.com\/escolagrancapita.wpcomstaging.com\/wp-content\/uploads\/2025\/06\/WhatsApp-Image-2025-05-23-at-18.12.42-Rebeca-Villamayor.jpeg?resize=1024%2C460&amp;ssl=1 1024w, https:\/\/i0.wp.com\/escolagrancapita.wpcomstaging.com\/wp-content\/uploads\/2025\/06\/WhatsApp-Image-2025-05-23-at-18.12.42-Rebeca-Villamayor.jpeg?resize=768%2C345&amp;ssl=1 768w, https:\/\/i0.wp.com\/escolagrancapita.wpcomstaging.com\/wp-content\/uploads\/2025\/06\/WhatsApp-Image-2025-05-23-at-18.12.42-Rebeca-Villamayor.jpeg?resize=1536%2C690&amp;ssl=1 1536w\" sizes=\"auto, (max-width: 750px) 100vw, 750px\" \/>\n\t\t\t<\/div><\/figure><figure class='gallery-item'>\n\t\t\t<div class='gallery-icon landscape'>\n\t\t\t\t<img loading=\"lazy\" decoding=\"async\" width=\"1600\" height=\"719\" src=\"https:\/\/i0.wp.com\/escolagrancapita.wpcomstaging.com\/wp-content\/uploads\/2025\/06\/WhatsApp-Image-2025-05-23-at-18.12.44-1-Rebeca-Villamayor.jpeg?fit=1600%2C719&amp;ssl=1\" class=\"attachment-full size-full\" alt=\"\" srcset=\"https:\/\/i0.wp.com\/escolagrancapita.wpcomstaging.com\/wp-content\/uploads\/2025\/06\/WhatsApp-Image-2025-05-23-at-18.12.44-1-Rebeca-Villamayor.jpeg?w=1600&amp;ssl=1 1600w, https:\/\/i0.wp.com\/escolagrancapita.wpcomstaging.com\/wp-content\/uploads\/2025\/06\/WhatsApp-Image-2025-05-23-at-18.12.44-1-Rebeca-Villamayor.jpeg?resize=300%2C135&amp;ssl=1 300w, https:\/\/i0.wp.com\/escolagrancapita.wpcomstaging.com\/wp-content\/uploads\/2025\/06\/WhatsApp-Image-2025-05-23-at-18.12.44-1-Rebeca-Villamayor.jpeg?resize=1024%2C460&amp;ssl=1 1024w, https:\/\/i0.wp.com\/escolagrancapita.wpcomstaging.com\/wp-content\/uploads\/2025\/06\/WhatsApp-Image-2025-05-23-at-18.12.44-1-Rebeca-Villamayor.jpeg?resize=768%2C345&amp;ssl=1 768w, https:\/\/i0.wp.com\/escolagrancapita.wpcomstaging.com\/wp-content\/uploads\/2025\/06\/WhatsApp-Image-2025-05-23-at-18.12.44-1-Rebeca-Villamayor.jpeg?resize=1536%2C690&amp;ssl=1 1536w\" sizes=\"auto, (max-width: 750px) 100vw, 750px\" \/>\n\t\t\t<\/div><\/figure>\n\t\t<\/div>\n\n<div id='gallery-2' class='gallery galleryid-25931 gallery-columns-1 gallery-size-full'><figure class='gallery-item'>\n\t\t\t<div class='gallery-icon portrait'>\n\t\t\t\t<img loading=\"lazy\" decoding=\"async\" width=\"757\" height=\"1266\" src=\"https:\/\/i0.wp.com\/escolagrancapita.wpcomstaging.com\/wp-content\/uploads\/2025\/06\/WhatsApp-Image-2025-05-26-at-15.26.33-2-Rebeca-Villamayor-e1748768728215.jpeg?fit=757%2C1266&amp;ssl=1\" class=\"attachment-full size-full\" alt=\"\" srcset=\"https:\/\/i0.wp.com\/escolagrancapita.wpcomstaging.com\/wp-content\/uploads\/2025\/06\/WhatsApp-Image-2025-05-26-at-15.26.33-2-Rebeca-Villamayor-e1748768728215.jpeg?w=757&amp;ssl=1 757w, https:\/\/i0.wp.com\/escolagrancapita.wpcomstaging.com\/wp-content\/uploads\/2025\/06\/WhatsApp-Image-2025-05-26-at-15.26.33-2-Rebeca-Villamayor-e1748768728215.jpeg?resize=179%2C300&amp;ssl=1 179w, https:\/\/i0.wp.com\/escolagrancapita.wpcomstaging.com\/wp-content\/uploads\/2025\/06\/WhatsApp-Image-2025-05-26-at-15.26.33-2-Rebeca-Villamayor-e1748768728215.jpeg?resize=612%2C1024&amp;ssl=1 612w\" sizes=\"auto, (max-width: 750px) 100vw, 750px\" \/>\n\t\t\t<\/div><\/figure>\n\t\t<\/div>\n\n<p style=\"text-align: justify;\" data-start=\"604\" data-end=\"968\">Al llarg del recorregut, han visitat espais emblem\u00e0tics com l\u2019Arxiu de la Corona d\u2019Arag\u00f3, el Palau de la Generalitat i l\u2019Ajuntament de Barcelona, s\u00edmbols del poder institucional. Tamb\u00e9 han descobert les columnes del Temple d\u2019August, amagades entre els edificis del barri g\u00f2tic, i la misteriosa \u201cCasa del Verdugo\u201d, plena de llegendes sobre l\u2019antic ofici d\u2019executor.<\/p>\n<div id='gallery-3' class='gallery galleryid-25931 gallery-columns-2 gallery-size-full'><figure class='gallery-item'>\n\t\t\t<div class='gallery-icon landscape'>\n\t\t\t\t<img loading=\"lazy\" decoding=\"async\" width=\"1600\" height=\"719\" src=\"https:\/\/i0.wp.com\/escolagrancapita.wpcomstaging.com\/wp-content\/uploads\/2025\/06\/WhatsApp-Image-2025-05-23-at-18.12.44-Rebeca-Villamayor.jpeg?fit=1600%2C719&amp;ssl=1\" class=\"attachment-full size-full\" alt=\"\" srcset=\"https:\/\/i0.wp.com\/escolagrancapita.wpcomstaging.com\/wp-content\/uploads\/2025\/06\/WhatsApp-Image-2025-05-23-at-18.12.44-Rebeca-Villamayor.jpeg?w=1600&amp;ssl=1 1600w, https:\/\/i0.wp.com\/escolagrancapita.wpcomstaging.com\/wp-content\/uploads\/2025\/06\/WhatsApp-Image-2025-05-23-at-18.12.44-Rebeca-Villamayor.jpeg?resize=300%2C135&amp;ssl=1 300w, https:\/\/i0.wp.com\/escolagrancapita.wpcomstaging.com\/wp-content\/uploads\/2025\/06\/WhatsApp-Image-2025-05-23-at-18.12.44-Rebeca-Villamayor.jpeg?resize=1024%2C460&amp;ssl=1 1024w, https:\/\/i0.wp.com\/escolagrancapita.wpcomstaging.com\/wp-content\/uploads\/2025\/06\/WhatsApp-Image-2025-05-23-at-18.12.44-Rebeca-Villamayor.jpeg?resize=768%2C345&amp;ssl=1 768w, https:\/\/i0.wp.com\/escolagrancapita.wpcomstaging.com\/wp-content\/uploads\/2025\/06\/WhatsApp-Image-2025-05-23-at-18.12.44-Rebeca-Villamayor.jpeg?resize=1536%2C690&amp;ssl=1 1536w\" sizes=\"auto, (max-width: 750px) 100vw, 750px\" \/>\n\t\t\t<\/div><\/figure><figure class='gallery-item'>\n\t\t\t<div class='gallery-icon landscape'>\n\t\t\t\t<img loading=\"lazy\" decoding=\"async\" width=\"1600\" height=\"719\" src=\"https:\/\/i0.wp.com\/escolagrancapita.wpcomstaging.com\/wp-content\/uploads\/2025\/06\/WhatsApp-Image-2025-05-23-at-18.12.44-2-Rebeca-Villamayor.jpeg?fit=1600%2C719&amp;ssl=1\" class=\"attachment-full size-full\" alt=\"\" srcset=\"https:\/\/i0.wp.com\/escolagrancapita.wpcomstaging.com\/wp-content\/uploads\/2025\/06\/WhatsApp-Image-2025-05-23-at-18.12.44-2-Rebeca-Villamayor.jpeg?w=1600&amp;ssl=1 1600w, https:\/\/i0.wp.com\/escolagrancapita.wpcomstaging.com\/wp-content\/uploads\/2025\/06\/WhatsApp-Image-2025-05-23-at-18.12.44-2-Rebeca-Villamayor.jpeg?resize=300%2C135&amp;ssl=1 300w, https:\/\/i0.wp.com\/escolagrancapita.wpcomstaging.com\/wp-content\/uploads\/2025\/06\/WhatsApp-Image-2025-05-23-at-18.12.44-2-Rebeca-Villamayor.jpeg?resize=1024%2C460&amp;ssl=1 1024w, https:\/\/i0.wp.com\/escolagrancapita.wpcomstaging.com\/wp-content\/uploads\/2025\/06\/WhatsApp-Image-2025-05-23-at-18.12.44-2-Rebeca-Villamayor.jpeg?resize=768%2C345&amp;ssl=1 768w, https:\/\/i0.wp.com\/escolagrancapita.wpcomstaging.com\/wp-content\/uploads\/2025\/06\/WhatsApp-Image-2025-05-23-at-18.12.44-2-Rebeca-Villamayor.jpeg?resize=1536%2C690&amp;ssl=1 1536w\" sizes=\"auto, (max-width: 750px) 100vw, 750px\" \/>\n\t\t\t<\/div><\/figure>\n\t\t<\/div>\n\n<div id='gallery-4' class='gallery galleryid-25931 gallery-columns-4 gallery-size-full'><figure class='gallery-item'>\n\t\t\t<div class='gallery-icon portrait'>\n\t\t\t\t<img loading=\"lazy\" decoding=\"async\" width=\"757\" height=\"1600\" src=\"https:\/\/i0.wp.com\/escolagrancapita.wpcomstaging.com\/wp-content\/uploads\/2025\/06\/WhatsApp-Image-2025-05-26-at-15.26.24-Rebeca-Villamayor.jpeg?fit=757%2C1600&amp;ssl=1\" class=\"attachment-full size-full\" alt=\"\" srcset=\"https:\/\/i0.wp.com\/escolagrancapita.wpcomstaging.com\/wp-content\/uploads\/2025\/06\/WhatsApp-Image-2025-05-26-at-15.26.24-Rebeca-Villamayor.jpeg?w=757&amp;ssl=1 757w, https:\/\/i0.wp.com\/escolagrancapita.wpcomstaging.com\/wp-content\/uploads\/2025\/06\/WhatsApp-Image-2025-05-26-at-15.26.24-Rebeca-Villamayor.jpeg?resize=142%2C300&amp;ssl=1 142w, https:\/\/i0.wp.com\/escolagrancapita.wpcomstaging.com\/wp-content\/uploads\/2025\/06\/WhatsApp-Image-2025-05-26-at-15.26.24-Rebeca-Villamayor.jpeg?resize=484%2C1024&amp;ssl=1 484w, https:\/\/i0.wp.com\/escolagrancapita.wpcomstaging.com\/wp-content\/uploads\/2025\/06\/WhatsApp-Image-2025-05-26-at-15.26.24-Rebeca-Villamayor.jpeg?resize=727%2C1536&amp;ssl=1 727w\" sizes=\"auto, (max-width: 750px) 100vw, 750px\" \/>\n\t\t\t<\/div><\/figure><figure class='gallery-item'>\n\t\t\t<div class='gallery-icon portrait'>\n\t\t\t\t<img loading=\"lazy\" decoding=\"async\" width=\"758\" height=\"1599\" src=\"https:\/\/i0.wp.com\/escolagrancapita.wpcomstaging.com\/wp-content\/uploads\/2025\/06\/WhatsApp-Image-2025-05-26-at-15.26.26-Rebeca-Villamayor.jpeg?fit=758%2C1599&amp;ssl=1\" class=\"attachment-full size-full\" alt=\"\" srcset=\"https:\/\/i0.wp.com\/escolagrancapita.wpcomstaging.com\/wp-content\/uploads\/2025\/06\/WhatsApp-Image-2025-05-26-at-15.26.26-Rebeca-Villamayor.jpeg?w=758&amp;ssl=1 758w, https:\/\/i0.wp.com\/escolagrancapita.wpcomstaging.com\/wp-content\/uploads\/2025\/06\/WhatsApp-Image-2025-05-26-at-15.26.26-Rebeca-Villamayor.jpeg?resize=142%2C300&amp;ssl=1 142w, https:\/\/i0.wp.com\/escolagrancapita.wpcomstaging.com\/wp-content\/uploads\/2025\/06\/WhatsApp-Image-2025-05-26-at-15.26.26-Rebeca-Villamayor.jpeg?resize=485%2C1024&amp;ssl=1 485w, https:\/\/i0.wp.com\/escolagrancapita.wpcomstaging.com\/wp-content\/uploads\/2025\/06\/WhatsApp-Image-2025-05-26-at-15.26.26-Rebeca-Villamayor.jpeg?resize=728%2C1536&amp;ssl=1 728w\" sizes=\"auto, (max-width: 750px) 100vw, 750px\" \/>\n\t\t\t<\/div><\/figure><figure class='gallery-item'>\n\t\t\t<div class='gallery-icon portrait'>\n\t\t\t\t<img loading=\"lazy\" decoding=\"async\" width=\"758\" height=\"1599\" src=\"https:\/\/i0.wp.com\/escolagrancapita.wpcomstaging.com\/wp-content\/uploads\/2025\/06\/WhatsApp-Image-2025-05-26-at-15.26.33-Rebeca-Villamayor.jpeg?fit=758%2C1599&amp;ssl=1\" class=\"attachment-full size-full\" alt=\"\" srcset=\"https:\/\/i0.wp.com\/escolagrancapita.wpcomstaging.com\/wp-content\/uploads\/2025\/06\/WhatsApp-Image-2025-05-26-at-15.26.33-Rebeca-Villamayor.jpeg?w=758&amp;ssl=1 758w, https:\/\/i0.wp.com\/escolagrancapita.wpcomstaging.com\/wp-content\/uploads\/2025\/06\/WhatsApp-Image-2025-05-26-at-15.26.33-Rebeca-Villamayor.jpeg?resize=142%2C300&amp;ssl=1 142w, https:\/\/i0.wp.com\/escolagrancapita.wpcomstaging.com\/wp-content\/uploads\/2025\/06\/WhatsApp-Image-2025-05-26-at-15.26.33-Rebeca-Villamayor.jpeg?resize=485%2C1024&amp;ssl=1 485w, https:\/\/i0.wp.com\/escolagrancapita.wpcomstaging.com\/wp-content\/uploads\/2025\/06\/WhatsApp-Image-2025-05-26-at-15.26.33-Rebeca-Villamayor.jpeg?resize=728%2C1536&amp;ssl=1 728w\" sizes=\"auto, (max-width: 750px) 100vw, 750px\" \/>\n\t\t\t<\/div><\/figure><figure class='gallery-item'>\n\t\t\t<div class='gallery-icon portrait'>\n\t\t\t\t<img loading=\"lazy\" decoding=\"async\" width=\"758\" height=\"1599\" src=\"https:\/\/i0.wp.com\/escolagrancapita.wpcomstaging.com\/wp-content\/uploads\/2025\/06\/WhatsApp-Image-2025-05-26-at-15.26.33-1-Rebeca-Villamayor.jpeg?fit=758%2C1599&amp;ssl=1\" class=\"attachment-full size-full\" alt=\"\" srcset=\"https:\/\/i0.wp.com\/escolagrancapita.wpcomstaging.com\/wp-content\/uploads\/2025\/06\/WhatsApp-Image-2025-05-26-at-15.26.33-1-Rebeca-Villamayor.jpeg?w=758&amp;ssl=1 758w, https:\/\/i0.wp.com\/escolagrancapita.wpcomstaging.com\/wp-content\/uploads\/2025\/06\/WhatsApp-Image-2025-05-26-at-15.26.33-1-Rebeca-Villamayor.jpeg?resize=142%2C300&amp;ssl=1 142w, https:\/\/i0.wp.com\/escolagrancapita.wpcomstaging.com\/wp-content\/uploads\/2025\/06\/WhatsApp-Image-2025-05-26-at-15.26.33-1-Rebeca-Villamayor.jpeg?resize=485%2C1024&amp;ssl=1 485w, https:\/\/i0.wp.com\/escolagrancapita.wpcomstaging.com\/wp-content\/uploads\/2025\/06\/WhatsApp-Image-2025-05-26-at-15.26.33-1-Rebeca-Villamayor.jpeg?resize=728%2C1536&amp;ssl=1 728w\" sizes=\"auto, (max-width: 750px) 100vw, 750px\" \/>\n\t\t\t<\/div><\/figure>\n\t\t<\/div>\n\n<p style=\"text-align: justify;\" data-start=\"970\" data-end=\"1278\">Han passat per l&#8217;Arc dels Canonges, on han escoltat la llegenda de la calavera amb el punyal, una hist\u00f2ria que ha captivat la seva imaginaci\u00f3. El recorregut ha culminat al Born, Centre de Cultura i Mem\u00f2ria, un espai clau per entendre el passat de la ciutat i la caiguda de Barcelona l\u201911 de setembre de 1714.<\/p>\n<div id='gallery-5' class='gallery galleryid-25931 gallery-columns-2 gallery-size-full'><figure class='gallery-item'>\n\t\t\t<div class='gallery-icon portrait'>\n\t\t\t\t<img loading=\"lazy\" decoding=\"async\" width=\"757\" height=\"1600\" src=\"https:\/\/i0.wp.com\/escolagrancapita.wpcomstaging.com\/wp-content\/uploads\/2025\/06\/WhatsApp-Image-2025-05-26-at-15.26.34-1-Rebeca-Villamayor.jpeg?fit=757%2C1600&amp;ssl=1\" class=\"attachment-full size-full\" alt=\"\" srcset=\"https:\/\/i0.wp.com\/escolagrancapita.wpcomstaging.com\/wp-content\/uploads\/2025\/06\/WhatsApp-Image-2025-05-26-at-15.26.34-1-Rebeca-Villamayor.jpeg?w=757&amp;ssl=1 757w, https:\/\/i0.wp.com\/escolagrancapita.wpcomstaging.com\/wp-content\/uploads\/2025\/06\/WhatsApp-Image-2025-05-26-at-15.26.34-1-Rebeca-Villamayor.jpeg?resize=142%2C300&amp;ssl=1 142w, https:\/\/i0.wp.com\/escolagrancapita.wpcomstaging.com\/wp-content\/uploads\/2025\/06\/WhatsApp-Image-2025-05-26-at-15.26.34-1-Rebeca-Villamayor.jpeg?resize=484%2C1024&amp;ssl=1 484w, https:\/\/i0.wp.com\/escolagrancapita.wpcomstaging.com\/wp-content\/uploads\/2025\/06\/WhatsApp-Image-2025-05-26-at-15.26.34-1-Rebeca-Villamayor.jpeg?resize=727%2C1536&amp;ssl=1 727w\" sizes=\"auto, (max-width: 750px) 100vw, 750px\" \/>\n\t\t\t<\/div><\/figure><figure class='gallery-item'>\n\t\t\t<div class='gallery-icon portrait'>\n\t\t\t\t<img loading=\"lazy\" decoding=\"async\" width=\"758\" height=\"1599\" src=\"https:\/\/i0.wp.com\/escolagrancapita.wpcomstaging.com\/wp-content\/uploads\/2025\/06\/WhatsApp-Image-2025-05-26-at-15.26.34-Rebeca-Villamayor.jpeg?fit=758%2C1599&amp;ssl=1\" class=\"attachment-full size-full\" alt=\"\" srcset=\"https:\/\/i0.wp.com\/escolagrancapita.wpcomstaging.com\/wp-content\/uploads\/2025\/06\/WhatsApp-Image-2025-05-26-at-15.26.34-Rebeca-Villamayor.jpeg?w=758&amp;ssl=1 758w, https:\/\/i0.wp.com\/escolagrancapita.wpcomstaging.com\/wp-content\/uploads\/2025\/06\/WhatsApp-Image-2025-05-26-at-15.26.34-Rebeca-Villamayor.jpeg?resize=142%2C300&amp;ssl=1 142w, https:\/\/i0.wp.com\/escolagrancapita.wpcomstaging.com\/wp-content\/uploads\/2025\/06\/WhatsApp-Image-2025-05-26-at-15.26.34-Rebeca-Villamayor.jpeg?resize=485%2C1024&amp;ssl=1 485w, https:\/\/i0.wp.com\/escolagrancapita.wpcomstaging.com\/wp-content\/uploads\/2025\/06\/WhatsApp-Image-2025-05-26-at-15.26.34-Rebeca-Villamayor.jpeg?resize=728%2C1536&amp;ssl=1 728w\" sizes=\"auto, (max-width: 750px) 100vw, 750px\" \/>\n\t\t\t<\/div><\/figure>\n\t\t<\/div>\n\n<p style=\"text-align: justify;\" data-start=\"1280\" data-end=\"1409\" data-is-last-node=\"\" data-is-only-node=\"\">Una activitat \u00fanica per descobrir el patrimoni de la ciutat i entendre com la hist\u00f2ria i les llegendes conviuen als seus carrers.<\/p>\n<div id='gallery-6' class='gallery galleryid-25931 gallery-columns-4 gallery-size-full'><figure class='gallery-item'>\n\t\t\t<div class='gallery-icon portrait'>\n\t\t\t\t<img loading=\"lazy\" decoding=\"async\" width=\"757\" height=\"880\" src=\"https:\/\/i0.wp.com\/escolagrancapita.wpcomstaging.com\/wp-content\/uploads\/2025\/06\/WhatsApp-Image-2025-05-26-at-15.26.35-Rebeca-Villamayor-e1748768432592.jpeg?fit=757%2C880&amp;ssl=1\" class=\"attachment-full size-full\" alt=\"\" srcset=\"https:\/\/i0.wp.com\/escolagrancapita.wpcomstaging.com\/wp-content\/uploads\/2025\/06\/WhatsApp-Image-2025-05-26-at-15.26.35-Rebeca-Villamayor-e1748768432592.jpeg?w=757&amp;ssl=1 757w, https:\/\/i0.wp.com\/escolagrancapita.wpcomstaging.com\/wp-content\/uploads\/2025\/06\/WhatsApp-Image-2025-05-26-at-15.26.35-Rebeca-Villamayor-e1748768432592.jpeg?resize=258%2C300&amp;ssl=1 258w\" sizes=\"auto, (max-width: 750px) 100vw, 750px\" \/>\n\t\t\t<\/div><\/figure><figure class='gallery-item'>\n\t\t\t<div class='gallery-icon portrait'>\n\t\t\t\t<img loading=\"lazy\" decoding=\"async\" width=\"757\" height=\"880\" src=\"https:\/\/i0.wp.com\/escolagrancapita.wpcomstaging.com\/wp-content\/uploads\/2025\/06\/WhatsApp-Image-2025-05-26-at-15.26.35-1-Rebeca-Villamayor-e1748768462213.jpeg?fit=757%2C880&amp;ssl=1\" class=\"attachment-full size-full\" alt=\"\" srcset=\"https:\/\/i0.wp.com\/escolagrancapita.wpcomstaging.com\/wp-content\/uploads\/2025\/06\/WhatsApp-Image-2025-05-26-at-15.26.35-1-Rebeca-Villamayor-e1748768462213.jpeg?w=757&amp;ssl=1 757w, https:\/\/i0.wp.com\/escolagrancapita.wpcomstaging.com\/wp-content\/uploads\/2025\/06\/WhatsApp-Image-2025-05-26-at-15.26.35-1-Rebeca-Villamayor-e1748768462213.jpeg?resize=258%2C300&amp;ssl=1 258w\" sizes=\"auto, (max-width: 750px) 100vw, 750px\" \/>\n\t\t\t<\/div><\/figure><figure class='gallery-item'>\n\t\t\t<div class='gallery-icon portrait'>\n\t\t\t\t<img loading=\"lazy\" decoding=\"async\" width=\"757\" height=\"880\" src=\"https:\/\/i0.wp.com\/escolagrancapita.wpcomstaging.com\/wp-content\/uploads\/2025\/06\/WhatsApp-Image-2025-05-26-at-15.26.35-2-Rebeca-Villamayor-e1748768496620.jpeg?fit=757%2C880&amp;ssl=1\" class=\"attachment-full size-full\" alt=\"\" srcset=\"https:\/\/i0.wp.com\/escolagrancapita.wpcomstaging.com\/wp-content\/uploads\/2025\/06\/WhatsApp-Image-2025-05-26-at-15.26.35-2-Rebeca-Villamayor-e1748768496620.jpeg?w=757&amp;ssl=1 757w, https:\/\/i0.wp.com\/escolagrancapita.wpcomstaging.com\/wp-content\/uploads\/2025\/06\/WhatsApp-Image-2025-05-26-at-15.26.35-2-Rebeca-Villamayor-e1748768496620.jpeg?resize=258%2C300&amp;ssl=1 258w\" sizes=\"auto, (max-width: 750px) 100vw, 750px\" \/>\n\t\t\t<\/div><\/figure><figure class='gallery-item'>\n\t\t\t<div class='gallery-icon portrait'>\n\t\t\t\t<img loading=\"lazy\" decoding=\"async\" width=\"757\" height=\"880\" src=\"https:\/\/i0.wp.com\/escolagrancapita.wpcomstaging.com\/wp-content\/uploads\/2025\/06\/WhatsApp-Image-2025-05-26-at-15.26.35-3-Rebeca-Villamayor-e1748768521830.jpeg?fit=757%2C880&amp;ssl=1\" class=\"attachment-full size-full\" alt=\"\" srcset=\"https:\/\/i0.wp.com\/escolagrancapita.wpcomstaging.com\/wp-content\/uploads\/2025\/06\/WhatsApp-Image-2025-05-26-at-15.26.35-3-Rebeca-Villamayor-e1748768521830.jpeg?w=757&amp;ssl=1 757w, https:\/\/i0.wp.com\/escolagrancapita.wpcomstaging.com\/wp-content\/uploads\/2025\/06\/WhatsApp-Image-2025-05-26-at-15.26.35-3-Rebeca-Villamayor-e1748768521830.jpeg?resize=258%2C300&amp;ssl=1 258w\" sizes=\"auto, (max-width: 750px) 100vw, 750px\" \/>\n\t\t\t<\/div><\/figure>\n\t\t<\/div>\n\n<div id='gallery-7' class='gallery galleryid-25931 gallery-columns-1 gallery-size-full'><figure class='gallery-item'>\n\t\t\t<div class='gallery-icon landscape'>\n\t\t\t\t<img loading=\"lazy\" decoding=\"async\" width=\"1600\" height=\"719\" src=\"https:\/\/i0.wp.com\/escolagrancapita.wpcomstaging.com\/wp-content\/uploads\/2025\/06\/WhatsApp-Image-2025-05-23-at-18.12.43-Rebeca-Villamayor.jpeg?fit=1600%2C719&amp;ssl=1\" class=\"attachment-full size-full\" alt=\"\" srcset=\"https:\/\/i0.wp.com\/escolagrancapita.wpcomstaging.com\/wp-content\/uploads\/2025\/06\/WhatsApp-Image-2025-05-23-at-18.12.43-Rebeca-Villamayor.jpeg?w=1600&amp;ssl=1 1600w, https:\/\/i0.wp.com\/escolagrancapita.wpcomstaging.com\/wp-content\/uploads\/2025\/06\/WhatsApp-Image-2025-05-23-at-18.12.43-Rebeca-Villamayor.jpeg?resize=300%2C135&amp;ssl=1 300w, https:\/\/i0.wp.com\/escolagrancapita.wpcomstaging.com\/wp-content\/uploads\/2025\/06\/WhatsApp-Image-2025-05-23-at-18.12.43-Rebeca-Villamayor.jpeg?resize=1024%2C460&amp;ssl=1 1024w, https:\/\/i0.wp.com\/escolagrancapita.wpcomstaging.com\/wp-content\/uploads\/2025\/06\/WhatsApp-Image-2025-05-23-at-18.12.43-Rebeca-Villamayor.jpeg?resize=768%2C345&amp;ssl=1 768w, https:\/\/i0.wp.com\/escolagrancapita.wpcomstaging.com\/wp-content\/uploads\/2025\/06\/WhatsApp-Image-2025-05-23-at-18.12.43-Rebeca-Villamayor.jpeg?resize=1536%2C690&amp;ssl=1 1536w\" sizes=\"auto, (max-width: 750px) 100vw, 750px\" \/>\n\t\t\t<\/div><\/figure>\n\t\t<\/div>\n\n<div id='gallery-8' class='gallery galleryid-25931 gallery-columns-2 gallery-size-full'><figure class='gallery-item'>\n\t\t\t<div class='gallery-icon portrait'>\n\t\t\t\t<img loading=\"lazy\" decoding=\"async\" width=\"719\" height=\"1599\" src=\"https:\/\/i0.wp.com\/escolagrancapita.wpcomstaging.com\/wp-content\/uploads\/2025\/06\/WhatsApp-Image-2025-05-23-at-18.12.43-2-Rebeca-Villamayor.jpeg?fit=719%2C1599&amp;ssl=1\" class=\"attachment-full size-full\" alt=\"\" srcset=\"https:\/\/i0.wp.com\/escolagrancapita.wpcomstaging.com\/wp-content\/uploads\/2025\/06\/WhatsApp-Image-2025-05-23-at-18.12.43-2-Rebeca-Villamayor.jpeg?w=719&amp;ssl=1 719w, https:\/\/i0.wp.com\/escolagrancapita.wpcomstaging.com\/wp-content\/uploads\/2025\/06\/WhatsApp-Image-2025-05-23-at-18.12.43-2-Rebeca-Villamayor.jpeg?resize=135%2C300&amp;ssl=1 135w, https:\/\/i0.wp.com\/escolagrancapita.wpcomstaging.com\/wp-content\/uploads\/2025\/06\/WhatsApp-Image-2025-05-23-at-18.12.43-2-Rebeca-Villamayor.jpeg?resize=460%2C1024&amp;ssl=1 460w, https:\/\/i0.wp.com\/escolagrancapita.wpcomstaging.com\/wp-content\/uploads\/2025\/06\/WhatsApp-Image-2025-05-23-at-18.12.43-2-Rebeca-Villamayor.jpeg?resize=691%2C1536&amp;ssl=1 691w\" sizes=\"auto, (max-width: 719px) 100vw, 719px\" \/>\n\t\t\t<\/div><\/figure><figure class='gallery-item'>\n\t\t\t<div class='gallery-icon portrait'>\n\t\t\t\t<img loading=\"lazy\" decoding=\"async\" width=\"720\" height=\"1599\" src=\"https:\/\/i0.wp.com\/escolagrancapita.wpcomstaging.com\/wp-content\/uploads\/2025\/06\/WhatsApp-Image-2025-05-26-at-15.26.34-2-Rebeca-Villamayor-e1748768946591.jpeg?fit=720%2C1599&amp;ssl=1\" class=\"attachment-full size-full\" alt=\"\" srcset=\"https:\/\/i0.wp.com\/escolagrancapita.wpcomstaging.com\/wp-content\/uploads\/2025\/06\/WhatsApp-Image-2025-05-26-at-15.26.34-2-Rebeca-Villamayor-e1748768946591.jpeg?w=720&amp;ssl=1 720w, https:\/\/i0.wp.com\/escolagrancapita.wpcomstaging.com\/wp-content\/uploads\/2025\/06\/WhatsApp-Image-2025-05-26-at-15.26.34-2-Rebeca-Villamayor-e1748768946591.jpeg?resize=135%2C300&amp;ssl=1 135w, https:\/\/i0.wp.com\/escolagrancapita.wpcomstaging.com\/wp-content\/uploads\/2025\/06\/WhatsApp-Image-2025-05-26-at-15.26.34-2-Rebeca-Villamayor-e1748768946591.jpeg?resize=461%2C1024&amp;ssl=1 461w, https:\/\/i0.wp.com\/escolagrancapita.wpcomstaging.com\/wp-content\/uploads\/2025\/06\/WhatsApp-Image-2025-05-26-at-15.26.34-2-Rebeca-Villamayor-e1748768946591.jpeg?resize=692%2C1536&amp;ssl=1 692w\" sizes=\"auto, (max-width: 720px) 100vw, 720px\" \/>\n\t\t\t<\/div><\/figure>\n\t\t<\/div>\n\n<p data-start=\"1280\" data-end=\"1409\" data-is-last-node=\"\" data-is-only-node=\"\">\n","protected":false},"excerpt":{"rendered":"<p>Cicle Superior ha viscut una jornada fascinant al centre hist\u00f2ric de Barcelona, immersos en un itinerari cultural ple de misteri, llegendes i racons amb molta hist\u00f2ria. L\u2019itinerari va comen\u00e7ar a la pla\u00e7a de la Catedral amb la hist\u00f2ria de Santa<\/p>\n","protected":false},"author":1,"featured_media":0,"parent":0,"menu_order":0,"comment_status":"closed","ping_status":"closed","template":"","meta":{"_crdt_document":"","footnotes":""},"categories":[75],"tags":[149,86,82],"class_list":["post-25931","page","type-page","status-publish","hentry","category-activitats","tag-curs-2024-25","tag-ed-primaria","tag-sortides"],"jetpack_sharing_enabled":true,"_links":{"self":[{"href":"https:\/\/escolagrancapita.wpcomstaging.com\/index.php?rest_route=\/wp\/v2\/pages\/25931","targetHints":{"allow":["GET"]}}],"collection":[{"href":"https:\/\/escolagrancapita.wpcomstaging.com\/index.php?rest_route=\/wp\/v2\/pages"}],"about":[{"href":"https:\/\/escolagrancapita.wpcomstaging.com\/index.php?rest_route=\/wp\/v2\/types\/page"}],"author":[{"embeddable":true,"href":"https:\/\/escolagrancapita.wpcomstaging.com\/index.php?rest_route=\/wp\/v2\/users\/1"}],"replies":[{"embeddable":true,"href":"https:\/\/escolagrancapita.wpcomstaging.com\/index.php?rest_route=%2Fwp%2Fv2%2Fcomments&post=25931"}],"version-history":[{"count":4,"href":"https:\/\/escolagrancapita.wpcomstaging.com\/index.php?rest_route=\/wp\/v2\/pages\/25931\/revisions"}],"predecessor-version":[{"id":26086,"href":"https:\/\/escolagrancapita.wpcomstaging.com\/index.php?rest_route=\/wp\/v2\/pages\/25931\/revisions\/26086"}],"wp:attachment":[{"href":"https:\/\/escolagrancapita.wpcomstaging.com\/index.php?rest_route=%2Fwp%2Fv2%2Fmedia&parent=25931"}],"wp:term":[{"taxonomy":"category","embeddable":true,"href":"https:\/\/escolagrancapita.wpcomstaging.com\/index.php?rest_route=%2Fwp%2Fv2%2Fcategories&post=25931"},{"taxonomy":"post_tag","embeddable":true,"href":"https:\/\/escolagrancapita.wpcomstaging.com\/index.php?rest_route=%2Fwp%2Fv2%2Ftags&post=25931"}],"curies":[{"name":"wp","href":"https:\/\/api.w.org\/{rel}","templated":true}]}}