{"id":26,"date":"2013-10-18T16:17:22","date_gmt":"2013-10-18T16:17:22","guid":{"rendered":"http:\/\/escolagrancapita.wpcomstaging.com\/?page_id=26"},"modified":"2022-09-17T08:50:04","modified_gmt":"2022-09-17T08:50:04","slug":"qui-som","status":"publish","type":"page","link":"https:\/\/escolagrancapita.wpcomstaging.com\/?page_id=26","title":{"rendered":"El nostre projecte"},"content":{"rendered":"<p><iframe loading=\"lazy\" title=\"YouTube video player\" src=\"https:\/\/www.youtube.com\/embed\/McK5GH81i6A\" width=\"978\" height=\"550\" frameborder=\"0\" allowfullscreen=\"allowfullscreen\"><span data-mce-type=\"bookmark\" style=\"display: inline-block; width: 0px; overflow: hidden; line-height: 0;\" class=\"mce_SELRES_start\">\ufeff<\/span><span data-mce-type=\"bookmark\" style=\"display: inline-block; width: 0px; overflow: hidden; line-height: 0;\" class=\"mce_SELRES_start\">\ufeff<\/span><span data-mce-type=\"bookmark\" style=\"display: inline-block; width: 0px; overflow: hidden; line-height: 0;\" class=\"mce_SELRES_start\">\ufeff<\/span><span data-mce-type=\"bookmark\" style=\"display: inline-block; width: 0px; overflow: hidden; line-height: 0;\" class=\"mce_SELRES_start\">\ufeff<\/span><\/iframe><\/p>\n<hr \/>\n<p>El nostre projecte t\u00e9 per objectiu la formaci\u00f3 integral i plural dels nostres alumnes, tant en la vessant personal com en l&#8217;acad\u00e8mica. Per aix\u00f2 fonamentem la nostra actuaci\u00f3 en:<\/p>\n<ul>\n<li>L&#8217;educaci\u00f3 en valors tant d&#8217;\u00e0mbit personal com social<\/li>\n<li>L&#8217;aprenentatge actiu i significatiu<\/li>\n<li>Una atenci\u00f3 individualitzada que respongui a les necessitats personals de cada alumne\/a<\/li>\n<li>L&#8217;estreta col\u00b7laboraci\u00f3 amb les nostres fam\u00edlies<\/li>\n<li>La coordinaci\u00f3 amb els diferents professionals i agents socials del nostre entorn<\/li>\n<li>La participaci\u00f3 en activitats de car\u00e0cter social, cultural i solidari<\/li>\n<\/ul>\n<p>Per a aconseguir-lo:<\/p>\n<ul>\n<li>Disposem d&#8217;unes completes instal\u00b7lacions, dotades dels \u00faltims recursos digitals a cada aula.<\/li>\n<\/ul>\n<ul>\n<li>Comptem amb un equip expert i efica\u00e7 de professionals que inclou especialistes, psic\u00f2legs, psicopedagogs, etc.<\/li>\n<\/ul>\n<ul>\n<li>Incorporem l&#8217;aprenentatge de les lleng\u00fces estrangeres i de la inform\u00e0tica des del Parvulari.<\/li>\n<\/ul>\n<ul>\n<li>\u00a0Potenciem:\n<ul>\n<li>El treball cooperatiu i per projectes en les activitats d&#8217;aprenentatge.<\/li>\n<li>La inclusi\u00f3 de tots els nostres alumnes a la din\u00e0mica de l&#8217;aula<\/li>\n<li>L&#8217;atenci\u00f3 a la diversitat mitjan\u00e7ant el treball en grups d&#8217;ampliaci\u00f3, refor\u00e7 i\/o desdoblament en totes les \u00e0rees instrumentals<\/li>\n<li>La utilitzaci\u00f3 de la llengua estrangera en assignatures no ling\u00fc\u00edstiques (Naturals, Socials, Inform\u00e0tica, Tecnologia, Pl\u00e0stica&#8230;)<\/li>\n<li>L&#8217;autonomia personal i la capacitat d&#8217;investigaci\u00f3 dels nostres alumnes en els seus aprenentatges<\/li>\n<\/ul>\n<\/li>\n<\/ul>\n<ul>\n<li>Desenvolupem tot un seguit d&#8217;activitats complement\u00e0ries que s&#8217;integren en el nostre projecte curricular:\n<ul>\n<li>T\u00e8cniques d&#8217;estudi<\/li>\n<li>Orientaci\u00f3 acad\u00e8mica<\/li>\n<li>2n idioma estranger (franc\u00e8s des de 5\u00e8 de Prim\u00e0ria)<\/li>\n<li>Taller d&#8217;Expressi\u00f3<\/li>\n<li>Taller Num\u00e8ric<\/li>\n<li><a href=\"https:\/\/escolagrancapita.wpcomstaging.com\/?page_id=2387\" target=\"_blank\" rel=\"noopener\">Rob\u00f2tica educativa (educaci\u00f3 STEAM)<\/a><\/li>\n<\/ul>\n<\/li>\n<\/ul>\n<ul>\n<li>Participem en projectes espec\u00edfics d&#8217;aprenentatge i d&#8217;innovaci\u00f3:\n<ul>\n<li><a href=\"https:\/\/escolagrancapita.wpcomstaging.com\/?page_id=7032\" target=\"_blank\" rel=\"noopener\">Aula Actual<\/a><\/li>\n<li><a href=\"https:\/\/escolagrancapita.wpcomstaging.com\/?page_id=2431\" target=\"_blank\" rel=\"noopener\"><em>Be an entrepreneur<\/em><\/a><\/li>\n<li><a href=\"https:\/\/escolagrancapita.wpcomstaging.com\/?page_id=18265\" target=\"_blank\" rel=\"noopener\">Diploma Dual<span style=\"font-size: 8pt;\">\u00ae<\/span><\/a><\/li>\n<li><a href=\"https:\/\/escolagrancapita.wpcomstaging.com\/?page_id=2529\">Generaci\u00f3 Pluriling\u00fce (<\/a><a href=\"https:\/\/escolagrancapita.wpcomstaging.com\/?page_id=2529\" target=\"_blank\" rel=\"noopener\">GEP)<\/a><\/li>\n<li><a href=\"https:\/\/escolagrancapita.wpcomstaging.com\/?page_id=6990\" target=\"_blank\" rel=\"noopener\">Educaci\u00f3 Financera a les Escoles de Catalunya (EFEC)<\/a><\/li>\n<li><a href=\"https:\/\/escolagrancapita.wpcomstaging.com\/?page_id=7028\" target=\"_blank\" rel=\"noopener\">eTwinning<\/a><\/li>\n<li><a href=\"https:\/\/escolagrancapita.wpcomstaging.com\/?page_id=6994\" target=\"_blank\" rel=\"noopener\">Orienta-T<\/a><\/li>\n<li><a href=\"https:\/\/escolagrancapita.wpcomstaging.com\/?page_id=11523\" target=\"_blank\" rel=\"noopener\">Programa SI!<\/a><\/li>\n<li><a href=\"https:\/\/escolagrancapita.wpcomstaging.com\/?page_id=418\" target=\"_blank\" rel=\"noopener\"><em>Sharing to Learn<\/em><\/a><\/li>\n<li><a href=\"https:\/\/escolagrancapita.wpcomstaging.com\/?page_id=412\" target=\"_blank\" rel=\"noopener\">Xarxa d&#8217;Escoles Sostenibles<\/a><\/li>\n<\/ul>\n<\/li>\n<\/ul>\n<ul style=\"text-align: justify;\">\n<li>Realitzem tot un conjunt d&#8217; activitats al voltant del nostre projecte educatiu:\n<ul>\n<li>Col\u00f2nies (de P\u00e0rvuls a 5\u00e8 de Prim\u00e0ria)<\/li>\n<li>Escoles de Natura (a partir de 6\u00e8 de Prim\u00e0ria)<\/li>\n<li>Participaci\u00f3 en programes educatius municipals o en col\u00b7laboraci\u00f3 amb altres centres<\/li>\n<li>Sortides d&#8217;inter\u00e8s curricular<\/li>\n<li>Col\u00b7laboraci\u00f3 en campanyes solid\u00e0ries<\/li>\n<li style=\"text-align: left;\">Activitats extraescolars<\/li>\n<\/ul>\n<\/li>\n<\/ul>\n","protected":false},"excerpt":{"rendered":"<p>\ufeff\ufeff\ufeff\ufeff El nostre projecte t\u00e9 per objectiu la formaci\u00f3 integral i plural dels nostres alumnes, tant en la vessant personal com en l&#8217;acad\u00e8mica. Per aix\u00f2 fonamentem la nostra actuaci\u00f3 en: L&#8217;educaci\u00f3 en valors tant d&#8217;\u00e0mbit personal com social L&#8217;aprenentatge actiu<\/p>\n","protected":false},"author":1,"featured_media":0,"parent":17,"menu_order":1,"comment_status":"closed","ping_status":"closed","template":"","meta":{"_crdt_document":"","footnotes":""},"categories":[91],"tags":[],"class_list":["post-26","page","type-page","status-publish","hentry","category-web"],"jetpack_sharing_enabled":true,"_links":{"self":[{"href":"https:\/\/escolagrancapita.wpcomstaging.com\/index.php?rest_route=\/wp\/v2\/pages\/26","targetHints":{"allow":["GET"]}}],"collection":[{"href":"https:\/\/escolagrancapita.wpcomstaging.com\/index.php?rest_route=\/wp\/v2\/pages"}],"about":[{"href":"https:\/\/escolagrancapita.wpcomstaging.com\/index.php?rest_route=\/wp\/v2\/types\/page"}],"author":[{"embeddable":true,"href":"https:\/\/escolagrancapita.wpcomstaging.com\/index.php?rest_route=\/wp\/v2\/users\/1"}],"replies":[{"embeddable":true,"href":"https:\/\/escolagrancapita.wpcomstaging.com\/index.php?rest_route=%2Fwp%2Fv2%2Fcomments&post=26"}],"version-history":[{"count":0,"href":"https:\/\/escolagrancapita.wpcomstaging.com\/index.php?rest_route=\/wp\/v2\/pages\/26\/revisions"}],"up":[{"embeddable":true,"href":"https:\/\/escolagrancapita.wpcomstaging.com\/index.php?rest_route=\/wp\/v2\/pages\/17"}],"wp:attachment":[{"href":"https:\/\/escolagrancapita.wpcomstaging.com\/index.php?rest_route=%2Fwp%2Fv2%2Fmedia&parent=26"}],"wp:term":[{"taxonomy":"category","embeddable":true,"href":"https:\/\/escolagrancapita.wpcomstaging.com\/index.php?rest_route=%2Fwp%2Fv2%2Fcategories&post=26"},{"taxonomy":"post_tag","embeddable":true,"href":"https:\/\/escolagrancapita.wpcomstaging.com\/index.php?rest_route=%2Fwp%2Fv2%2Ftags&post=26"}],"curies":[{"name":"wp","href":"https:\/\/api.w.org\/{rel}","templated":true}]}}