{"id":26115,"date":"2025-06-15T09:25:48","date_gmt":"2025-06-15T09:25:48","guid":{"rendered":"https:\/\/escolagrancapita.wpcomstaging.com\/?page_id=26115"},"modified":"2025-06-15T09:40:52","modified_gmt":"2025-06-15T09:40:52","slug":"un-conte-mari-per-celebrar-el-dia-mundial-del-medi-ambient","status":"publish","type":"page","link":"https:\/\/escolagrancapita.wpcomstaging.com\/?page_id=26115","title":{"rendered":"Un conte mar\u00ed per celebrar el Dia Mundial del Medi Ambient"},"content":{"rendered":"<p style=\"text-align: justify;\">El 5 de juny, coincidint amb el <a href=\"https:\/\/ca.wikipedia.org\/wiki\/Dia_Mundial_del_Medi_Ambient\" target=\"_blank\" rel=\"noopener\"><strong>Dia Mundial del Medi Ambient<\/strong><\/a>, l\u2019escola ha celebrat una activitat molt especial que ha fet riure, emocionar i reflexionar petits i grans. La jornada s\u2019ha centrat en la reducci\u00f3 dels pl\u00e0stics, especialment aquells que arriben al mar i posen en perill la vida marina.<\/p>\n<p style=\"text-align: justify;\">Per fer arribar aquest missatge als infants d\u2019una manera propera i significativa, la mestra, amb l\u2019ajuda d\u2019I4, ha explicat un conte m\u00e0gic protagonitzat per un grup d\u2019entranyables personatges marins: una tortuga preocupada, un pop enginy\u00f3s, un peix cantaire, una medusa alegre i un cranc valent i rondinaire. A trav\u00e9s de les seves aventures, els infants han pogut entendre com els pl\u00e0stics que es llencen incorrectament poden acabar als oceans i afectar greument la fauna marina.<\/p>\n<div id='gallery-1' class='gallery galleryid-26115 gallery-columns-5 gallery-size-large'><figure class='gallery-item'>\n\t\t\t<div class='gallery-icon portrait'>\n\t\t\t\t<img loading=\"lazy\" decoding=\"async\" width=\"750\" height=\"1000\" src=\"https:\/\/i0.wp.com\/escolagrancapita.wpcomstaging.com\/wp-content\/uploads\/2025\/06\/363efc93-ff74-4093-8213-ce546346fe7d-Carol-Garcia-Martinez.jpeg?fit=750%2C1000&amp;ssl=1\" class=\"attachment-large size-large\" alt=\"\" srcset=\"https:\/\/i0.wp.com\/escolagrancapita.wpcomstaging.com\/wp-content\/uploads\/2025\/06\/363efc93-ff74-4093-8213-ce546346fe7d-Carol-Garcia-Martinez.jpeg?w=1200&amp;ssl=1 1200w, https:\/\/i0.wp.com\/escolagrancapita.wpcomstaging.com\/wp-content\/uploads\/2025\/06\/363efc93-ff74-4093-8213-ce546346fe7d-Carol-Garcia-Martinez.jpeg?resize=225%2C300&amp;ssl=1 225w, https:\/\/i0.wp.com\/escolagrancapita.wpcomstaging.com\/wp-content\/uploads\/2025\/06\/363efc93-ff74-4093-8213-ce546346fe7d-Carol-Garcia-Martinez.jpeg?resize=768%2C1024&amp;ssl=1 768w, https:\/\/i0.wp.com\/escolagrancapita.wpcomstaging.com\/wp-content\/uploads\/2025\/06\/363efc93-ff74-4093-8213-ce546346fe7d-Carol-Garcia-Martinez.jpeg?resize=1152%2C1536&amp;ssl=1 1152w\" sizes=\"auto, (max-width: 750px) 100vw, 750px\" \/>\n\t\t\t<\/div><\/figure><figure class='gallery-item'>\n\t\t\t<div class='gallery-icon portrait'>\n\t\t\t\t<img loading=\"lazy\" decoding=\"async\" width=\"750\" height=\"1000\" src=\"https:\/\/i0.wp.com\/escolagrancapita.wpcomstaging.com\/wp-content\/uploads\/2025\/06\/9169e425-e4b6-4d62-be47-019bb35c1ee8-Carol-Garcia-Martinez.jpeg?fit=750%2C1000&amp;ssl=1\" class=\"attachment-large size-large\" alt=\"\" srcset=\"https:\/\/i0.wp.com\/escolagrancapita.wpcomstaging.com\/wp-content\/uploads\/2025\/06\/9169e425-e4b6-4d62-be47-019bb35c1ee8-Carol-Garcia-Martinez.jpeg?w=1200&amp;ssl=1 1200w, https:\/\/i0.wp.com\/escolagrancapita.wpcomstaging.com\/wp-content\/uploads\/2025\/06\/9169e425-e4b6-4d62-be47-019bb35c1ee8-Carol-Garcia-Martinez.jpeg?resize=225%2C300&amp;ssl=1 225w, https:\/\/i0.wp.com\/escolagrancapita.wpcomstaging.com\/wp-content\/uploads\/2025\/06\/9169e425-e4b6-4d62-be47-019bb35c1ee8-Carol-Garcia-Martinez.jpeg?resize=768%2C1024&amp;ssl=1 768w, https:\/\/i0.wp.com\/escolagrancapita.wpcomstaging.com\/wp-content\/uploads\/2025\/06\/9169e425-e4b6-4d62-be47-019bb35c1ee8-Carol-Garcia-Martinez.jpeg?resize=1152%2C1536&amp;ssl=1 1152w\" sizes=\"auto, (max-width: 750px) 100vw, 750px\" \/>\n\t\t\t<\/div><\/figure><figure class='gallery-item'>\n\t\t\t<div class='gallery-icon portrait'>\n\t\t\t\t<img loading=\"lazy\" decoding=\"async\" width=\"750\" height=\"1000\" src=\"https:\/\/i0.wp.com\/escolagrancapita.wpcomstaging.com\/wp-content\/uploads\/2025\/06\/56935ffe-3180-4b24-88e6-996e423bce1e-Carol-Garcia-Martinez.jpeg?fit=750%2C1000&amp;ssl=1\" class=\"attachment-large size-large\" alt=\"\" srcset=\"https:\/\/i0.wp.com\/escolagrancapita.wpcomstaging.com\/wp-content\/uploads\/2025\/06\/56935ffe-3180-4b24-88e6-996e423bce1e-Carol-Garcia-Martinez.jpeg?w=1200&amp;ssl=1 1200w, https:\/\/i0.wp.com\/escolagrancapita.wpcomstaging.com\/wp-content\/uploads\/2025\/06\/56935ffe-3180-4b24-88e6-996e423bce1e-Carol-Garcia-Martinez.jpeg?resize=225%2C300&amp;ssl=1 225w, https:\/\/i0.wp.com\/escolagrancapita.wpcomstaging.com\/wp-content\/uploads\/2025\/06\/56935ffe-3180-4b24-88e6-996e423bce1e-Carol-Garcia-Martinez.jpeg?resize=768%2C1024&amp;ssl=1 768w, https:\/\/i0.wp.com\/escolagrancapita.wpcomstaging.com\/wp-content\/uploads\/2025\/06\/56935ffe-3180-4b24-88e6-996e423bce1e-Carol-Garcia-Martinez.jpeg?resize=1152%2C1536&amp;ssl=1 1152w\" sizes=\"auto, (max-width: 750px) 100vw, 750px\" \/>\n\t\t\t<\/div><\/figure><figure class='gallery-item'>\n\t\t\t<div class='gallery-icon portrait'>\n\t\t\t\t<img loading=\"lazy\" decoding=\"async\" width=\"750\" height=\"1000\" src=\"https:\/\/i0.wp.com\/escolagrancapita.wpcomstaging.com\/wp-content\/uploads\/2025\/06\/81484122-364d-46be-bc93-15cd9e7bdf86-Carol-Garcia-Martinez.jpeg?fit=750%2C1000&amp;ssl=1\" class=\"attachment-large size-large\" alt=\"\" srcset=\"https:\/\/i0.wp.com\/escolagrancapita.wpcomstaging.com\/wp-content\/uploads\/2025\/06\/81484122-364d-46be-bc93-15cd9e7bdf86-Carol-Garcia-Martinez.jpeg?w=1200&amp;ssl=1 1200w, https:\/\/i0.wp.com\/escolagrancapita.wpcomstaging.com\/wp-content\/uploads\/2025\/06\/81484122-364d-46be-bc93-15cd9e7bdf86-Carol-Garcia-Martinez.jpeg?resize=225%2C300&amp;ssl=1 225w, https:\/\/i0.wp.com\/escolagrancapita.wpcomstaging.com\/wp-content\/uploads\/2025\/06\/81484122-364d-46be-bc93-15cd9e7bdf86-Carol-Garcia-Martinez.jpeg?resize=768%2C1024&amp;ssl=1 768w, https:\/\/i0.wp.com\/escolagrancapita.wpcomstaging.com\/wp-content\/uploads\/2025\/06\/81484122-364d-46be-bc93-15cd9e7bdf86-Carol-Garcia-Martinez.jpeg?resize=1152%2C1536&amp;ssl=1 1152w\" sizes=\"auto, (max-width: 750px) 100vw, 750px\" \/>\n\t\t\t<\/div><\/figure><figure class='gallery-item'>\n\t\t\t<div class='gallery-icon portrait'>\n\t\t\t\t<img loading=\"lazy\" decoding=\"async\" width=\"750\" height=\"1000\" src=\"https:\/\/i0.wp.com\/escolagrancapita.wpcomstaging.com\/wp-content\/uploads\/2025\/06\/d53031dd-be4c-4c27-a200-e8574f57257e-Carol-Garcia-Martinez.jpeg?fit=750%2C1000&amp;ssl=1\" class=\"attachment-large size-large\" alt=\"\" srcset=\"https:\/\/i0.wp.com\/escolagrancapita.wpcomstaging.com\/wp-content\/uploads\/2025\/06\/d53031dd-be4c-4c27-a200-e8574f57257e-Carol-Garcia-Martinez.jpeg?w=1200&amp;ssl=1 1200w, https:\/\/i0.wp.com\/escolagrancapita.wpcomstaging.com\/wp-content\/uploads\/2025\/06\/d53031dd-be4c-4c27-a200-e8574f57257e-Carol-Garcia-Martinez.jpeg?resize=225%2C300&amp;ssl=1 225w, https:\/\/i0.wp.com\/escolagrancapita.wpcomstaging.com\/wp-content\/uploads\/2025\/06\/d53031dd-be4c-4c27-a200-e8574f57257e-Carol-Garcia-Martinez.jpeg?resize=768%2C1024&amp;ssl=1 768w, https:\/\/i0.wp.com\/escolagrancapita.wpcomstaging.com\/wp-content\/uploads\/2025\/06\/d53031dd-be4c-4c27-a200-e8574f57257e-Carol-Garcia-Martinez.jpeg?resize=1152%2C1536&amp;ssl=1 1152w\" sizes=\"auto, (max-width: 750px) 100vw, 750px\" \/>\n\t\t\t<\/div><\/figure>\n\t\t<\/div>\n\n<p>Aquest conte l\u2019han treballat a l\u2019aula i, posteriorment, l\u2019han presentat a la resta de companys d\u2019Infantil i de Cicle Inicial.<\/p>\n<div id='gallery-2' class='gallery galleryid-26115 gallery-columns-2 gallery-size-large'><figure class='gallery-item'>\n\t\t\t<div class='gallery-icon portrait'>\n\t\t\t\t<img loading=\"lazy\" decoding=\"async\" width=\"750\" height=\"1000\" src=\"https:\/\/i0.wp.com\/escolagrancapita.wpcomstaging.com\/wp-content\/uploads\/2025\/06\/4e3025fe-7534-4f9b-99ec-986bc1a1ad20-Carol-Garcia-Martinez.jpeg?fit=750%2C1000&amp;ssl=1\" class=\"attachment-large size-large\" alt=\"\" srcset=\"https:\/\/i0.wp.com\/escolagrancapita.wpcomstaging.com\/wp-content\/uploads\/2025\/06\/4e3025fe-7534-4f9b-99ec-986bc1a1ad20-Carol-Garcia-Martinez.jpeg?w=1200&amp;ssl=1 1200w, https:\/\/i0.wp.com\/escolagrancapita.wpcomstaging.com\/wp-content\/uploads\/2025\/06\/4e3025fe-7534-4f9b-99ec-986bc1a1ad20-Carol-Garcia-Martinez.jpeg?resize=225%2C300&amp;ssl=1 225w, https:\/\/i0.wp.com\/escolagrancapita.wpcomstaging.com\/wp-content\/uploads\/2025\/06\/4e3025fe-7534-4f9b-99ec-986bc1a1ad20-Carol-Garcia-Martinez.jpeg?resize=768%2C1024&amp;ssl=1 768w, https:\/\/i0.wp.com\/escolagrancapita.wpcomstaging.com\/wp-content\/uploads\/2025\/06\/4e3025fe-7534-4f9b-99ec-986bc1a1ad20-Carol-Garcia-Martinez.jpeg?resize=1152%2C1536&amp;ssl=1 1152w\" sizes=\"auto, (max-width: 750px) 100vw, 750px\" \/>\n\t\t\t<\/div><\/figure><figure class='gallery-item'>\n\t\t\t<div class='gallery-icon portrait'>\n\t\t\t\t<img loading=\"lazy\" decoding=\"async\" width=\"750\" height=\"1000\" src=\"https:\/\/i0.wp.com\/escolagrancapita.wpcomstaging.com\/wp-content\/uploads\/2025\/06\/95a57b9d-9cbf-40bf-a667-5d8eca0d216c-Carol-Garcia-Martinez.jpeg?fit=750%2C1000&amp;ssl=1\" class=\"attachment-large size-large\" alt=\"\" srcset=\"https:\/\/i0.wp.com\/escolagrancapita.wpcomstaging.com\/wp-content\/uploads\/2025\/06\/95a57b9d-9cbf-40bf-a667-5d8eca0d216c-Carol-Garcia-Martinez.jpeg?w=1200&amp;ssl=1 1200w, https:\/\/i0.wp.com\/escolagrancapita.wpcomstaging.com\/wp-content\/uploads\/2025\/06\/95a57b9d-9cbf-40bf-a667-5d8eca0d216c-Carol-Garcia-Martinez.jpeg?resize=225%2C300&amp;ssl=1 225w, https:\/\/i0.wp.com\/escolagrancapita.wpcomstaging.com\/wp-content\/uploads\/2025\/06\/95a57b9d-9cbf-40bf-a667-5d8eca0d216c-Carol-Garcia-Martinez.jpeg?resize=768%2C1024&amp;ssl=1 768w, https:\/\/i0.wp.com\/escolagrancapita.wpcomstaging.com\/wp-content\/uploads\/2025\/06\/95a57b9d-9cbf-40bf-a667-5d8eca0d216c-Carol-Garcia-Martinez.jpeg?resize=1152%2C1536&amp;ssl=1 1152w\" sizes=\"auto, (max-width: 750px) 100vw, 750px\" \/>\n\t\t\t<\/div><\/figure><figure class='gallery-item'>\n\t\t\t<div class='gallery-icon landscape'>\n\t\t\t\t<img loading=\"lazy\" decoding=\"async\" width=\"750\" height=\"563\" src=\"https:\/\/i0.wp.com\/escolagrancapita.wpcomstaging.com\/wp-content\/uploads\/2025\/06\/IMG_0567-Carol-Garcia-Martinez.jpeg?fit=750%2C563&amp;ssl=1\" class=\"attachment-large size-large\" alt=\"\" srcset=\"https:\/\/i0.wp.com\/escolagrancapita.wpcomstaging.com\/wp-content\/uploads\/2025\/06\/IMG_0567-Carol-Garcia-Martinez.jpeg?w=4032&amp;ssl=1 4032w, https:\/\/i0.wp.com\/escolagrancapita.wpcomstaging.com\/wp-content\/uploads\/2025\/06\/IMG_0567-Carol-Garcia-Martinez.jpeg?resize=300%2C225&amp;ssl=1 300w, https:\/\/i0.wp.com\/escolagrancapita.wpcomstaging.com\/wp-content\/uploads\/2025\/06\/IMG_0567-Carol-Garcia-Martinez.jpeg?resize=1024%2C768&amp;ssl=1 1024w, https:\/\/i0.wp.com\/escolagrancapita.wpcomstaging.com\/wp-content\/uploads\/2025\/06\/IMG_0567-Carol-Garcia-Martinez.jpeg?resize=768%2C576&amp;ssl=1 768w, https:\/\/i0.wp.com\/escolagrancapita.wpcomstaging.com\/wp-content\/uploads\/2025\/06\/IMG_0567-Carol-Garcia-Martinez.jpeg?resize=1536%2C1152&amp;ssl=1 1536w, https:\/\/i0.wp.com\/escolagrancapita.wpcomstaging.com\/wp-content\/uploads\/2025\/06\/IMG_0567-Carol-Garcia-Martinez.jpeg?resize=2048%2C1536&amp;ssl=1 2048w, https:\/\/i0.wp.com\/escolagrancapita.wpcomstaging.com\/wp-content\/uploads\/2025\/06\/IMG_0567-Carol-Garcia-Martinez.jpeg?w=2250&amp;ssl=1 2250w\" sizes=\"auto, (max-width: 750px) 100vw, 750px\" \/>\n\t\t\t<\/div><\/figure><figure class='gallery-item'>\n\t\t\t<div class='gallery-icon landscape'>\n\t\t\t\t<img loading=\"lazy\" decoding=\"async\" width=\"750\" height=\"563\" src=\"https:\/\/i0.wp.com\/escolagrancapita.wpcomstaging.com\/wp-content\/uploads\/2025\/06\/IMG_0637-Carol-Garcia-Martinez.jpeg?fit=750%2C563&amp;ssl=1\" class=\"attachment-large size-large\" alt=\"\" srcset=\"https:\/\/i0.wp.com\/escolagrancapita.wpcomstaging.com\/wp-content\/uploads\/2025\/06\/IMG_0637-Carol-Garcia-Martinez.jpeg?w=4032&amp;ssl=1 4032w, https:\/\/i0.wp.com\/escolagrancapita.wpcomstaging.com\/wp-content\/uploads\/2025\/06\/IMG_0637-Carol-Garcia-Martinez.jpeg?resize=300%2C225&amp;ssl=1 300w, https:\/\/i0.wp.com\/escolagrancapita.wpcomstaging.com\/wp-content\/uploads\/2025\/06\/IMG_0637-Carol-Garcia-Martinez.jpeg?resize=1024%2C768&amp;ssl=1 1024w, https:\/\/i0.wp.com\/escolagrancapita.wpcomstaging.com\/wp-content\/uploads\/2025\/06\/IMG_0637-Carol-Garcia-Martinez.jpeg?resize=768%2C576&amp;ssl=1 768w, https:\/\/i0.wp.com\/escolagrancapita.wpcomstaging.com\/wp-content\/uploads\/2025\/06\/IMG_0637-Carol-Garcia-Martinez.jpeg?resize=1536%2C1152&amp;ssl=1 1536w, https:\/\/i0.wp.com\/escolagrancapita.wpcomstaging.com\/wp-content\/uploads\/2025\/06\/IMG_0637-Carol-Garcia-Martinez.jpeg?resize=2048%2C1536&amp;ssl=1 2048w, https:\/\/i0.wp.com\/escolagrancapita.wpcomstaging.com\/wp-content\/uploads\/2025\/06\/IMG_0637-Carol-Garcia-Martinez.jpeg?w=2250&amp;ssl=1 2250w\" sizes=\"auto, (max-width: 750px) 100vw, 750px\" \/>\n\t\t\t<\/div><\/figure>\n\t\t<\/div>\n\n<p style=\"text-align: justify;\">Tothom ha escoltat amb atenci\u00f3 i il\u00b7lusi\u00f3, i ha participat activament plantejant preguntes i proposant idees per tenir cura del planeta, com portar carmanyola o reciclar correctament.<\/p>\n<div id='gallery-3' class='gallery galleryid-26115 gallery-columns-1 gallery-size-full'><figure class='gallery-item'>\n\t\t\t<div class='gallery-icon landscape'>\n\t\t\t\t<img loading=\"lazy\" decoding=\"async\" width=\"4032\" height=\"3024\" src=\"https:\/\/i0.wp.com\/escolagrancapita.wpcomstaging.com\/wp-content\/uploads\/2025\/06\/IMG_0653-Carol-Garcia-Martinez.jpeg?fit=4032%2C3024&amp;ssl=1\" class=\"attachment-full size-full\" alt=\"\" srcset=\"https:\/\/i0.wp.com\/escolagrancapita.wpcomstaging.com\/wp-content\/uploads\/2025\/06\/IMG_0653-Carol-Garcia-Martinez.jpeg?w=4032&amp;ssl=1 4032w, https:\/\/i0.wp.com\/escolagrancapita.wpcomstaging.com\/wp-content\/uploads\/2025\/06\/IMG_0653-Carol-Garcia-Martinez.jpeg?resize=300%2C225&amp;ssl=1 300w, https:\/\/i0.wp.com\/escolagrancapita.wpcomstaging.com\/wp-content\/uploads\/2025\/06\/IMG_0653-Carol-Garcia-Martinez.jpeg?resize=1024%2C768&amp;ssl=1 1024w, https:\/\/i0.wp.com\/escolagrancapita.wpcomstaging.com\/wp-content\/uploads\/2025\/06\/IMG_0653-Carol-Garcia-Martinez.jpeg?resize=768%2C576&amp;ssl=1 768w, https:\/\/i0.wp.com\/escolagrancapita.wpcomstaging.com\/wp-content\/uploads\/2025\/06\/IMG_0653-Carol-Garcia-Martinez.jpeg?resize=1536%2C1152&amp;ssl=1 1536w, https:\/\/i0.wp.com\/escolagrancapita.wpcomstaging.com\/wp-content\/uploads\/2025\/06\/IMG_0653-Carol-Garcia-Martinez.jpeg?resize=2048%2C1536&amp;ssl=1 2048w, https:\/\/i0.wp.com\/escolagrancapita.wpcomstaging.com\/wp-content\/uploads\/2025\/06\/IMG_0653-Carol-Garcia-Martinez.jpeg?w=2250&amp;ssl=1 2250w\" sizes=\"auto, (max-width: 750px) 100vw, 750px\" \/>\n\t\t\t<\/div><\/figure>\n\t\t<\/div>\n\n<p>Cicle Inicial, per la seva banda, tamb\u00e9 ha realitzat activitats a l\u2019aula, com ara p\u00f2sters il\u00b7lustrats amb lemes per ser m\u00e9s sostenibles i conscients amb el medi ambient.<\/p>\n<div id='gallery-4' class='gallery galleryid-26115 gallery-columns-3 gallery-size-large'><figure class='gallery-item'>\n\t\t\t<div class='gallery-icon landscape'>\n\t\t\t\t<img loading=\"lazy\" decoding=\"async\" width=\"750\" height=\"563\" src=\"https:\/\/i0.wp.com\/escolagrancapita.wpcomstaging.com\/wp-content\/uploads\/2025\/06\/4cc01224-d3c1-4577-9614-9d5de55bfbf4-Carol-Garcia-Martinez.jpeg?fit=750%2C563&amp;ssl=1\" class=\"attachment-large size-large\" alt=\"\" srcset=\"https:\/\/i0.wp.com\/escolagrancapita.wpcomstaging.com\/wp-content\/uploads\/2025\/06\/4cc01224-d3c1-4577-9614-9d5de55bfbf4-Carol-Garcia-Martinez.jpeg?w=2040&amp;ssl=1 2040w, https:\/\/i0.wp.com\/escolagrancapita.wpcomstaging.com\/wp-content\/uploads\/2025\/06\/4cc01224-d3c1-4577-9614-9d5de55bfbf4-Carol-Garcia-Martinez.jpeg?resize=300%2C225&amp;ssl=1 300w, https:\/\/i0.wp.com\/escolagrancapita.wpcomstaging.com\/wp-content\/uploads\/2025\/06\/4cc01224-d3c1-4577-9614-9d5de55bfbf4-Carol-Garcia-Martinez.jpeg?resize=1024%2C768&amp;ssl=1 1024w, https:\/\/i0.wp.com\/escolagrancapita.wpcomstaging.com\/wp-content\/uploads\/2025\/06\/4cc01224-d3c1-4577-9614-9d5de55bfbf4-Carol-Garcia-Martinez.jpeg?resize=768%2C576&amp;ssl=1 768w, https:\/\/i0.wp.com\/escolagrancapita.wpcomstaging.com\/wp-content\/uploads\/2025\/06\/4cc01224-d3c1-4577-9614-9d5de55bfbf4-Carol-Garcia-Martinez.jpeg?resize=1536%2C1152&amp;ssl=1 1536w\" sizes=\"auto, (max-width: 750px) 100vw, 750px\" \/>\n\t\t\t<\/div><\/figure><figure class='gallery-item'>\n\t\t\t<div class='gallery-icon landscape'>\n\t\t\t\t<img loading=\"lazy\" decoding=\"async\" width=\"750\" height=\"563\" src=\"https:\/\/i0.wp.com\/escolagrancapita.wpcomstaging.com\/wp-content\/uploads\/2025\/06\/ce79f5f6-3161-4a5f-872e-97d8c49c4b5d-Carol-Garcia-Martinez.jpeg?fit=750%2C563&amp;ssl=1\" class=\"attachment-large size-large\" alt=\"\" srcset=\"https:\/\/i0.wp.com\/escolagrancapita.wpcomstaging.com\/wp-content\/uploads\/2025\/06\/ce79f5f6-3161-4a5f-872e-97d8c49c4b5d-Carol-Garcia-Martinez.jpeg?w=2040&amp;ssl=1 2040w, https:\/\/i0.wp.com\/escolagrancapita.wpcomstaging.com\/wp-content\/uploads\/2025\/06\/ce79f5f6-3161-4a5f-872e-97d8c49c4b5d-Carol-Garcia-Martinez.jpeg?resize=300%2C225&amp;ssl=1 300w, https:\/\/i0.wp.com\/escolagrancapita.wpcomstaging.com\/wp-content\/uploads\/2025\/06\/ce79f5f6-3161-4a5f-872e-97d8c49c4b5d-Carol-Garcia-Martinez.jpeg?resize=1024%2C768&amp;ssl=1 1024w, https:\/\/i0.wp.com\/escolagrancapita.wpcomstaging.com\/wp-content\/uploads\/2025\/06\/ce79f5f6-3161-4a5f-872e-97d8c49c4b5d-Carol-Garcia-Martinez.jpeg?resize=768%2C576&amp;ssl=1 768w, https:\/\/i0.wp.com\/escolagrancapita.wpcomstaging.com\/wp-content\/uploads\/2025\/06\/ce79f5f6-3161-4a5f-872e-97d8c49c4b5d-Carol-Garcia-Martinez.jpeg?resize=1536%2C1152&amp;ssl=1 1536w\" sizes=\"auto, (max-width: 750px) 100vw, 750px\" \/>\n\t\t\t<\/div><\/figure><figure class='gallery-item'>\n\t\t\t<div class='gallery-icon landscape'>\n\t\t\t\t<img loading=\"lazy\" decoding=\"async\" width=\"750\" height=\"563\" src=\"https:\/\/i0.wp.com\/escolagrancapita.wpcomstaging.com\/wp-content\/uploads\/2025\/06\/e00f2d77-dea1-47dc-9fc4-beba3cd27dcc-Carol-Garcia-Martinez.jpeg?fit=750%2C563&amp;ssl=1\" class=\"attachment-large size-large\" alt=\"\" srcset=\"https:\/\/i0.wp.com\/escolagrancapita.wpcomstaging.com\/wp-content\/uploads\/2025\/06\/e00f2d77-dea1-47dc-9fc4-beba3cd27dcc-Carol-Garcia-Martinez.jpeg?w=2040&amp;ssl=1 2040w, https:\/\/i0.wp.com\/escolagrancapita.wpcomstaging.com\/wp-content\/uploads\/2025\/06\/e00f2d77-dea1-47dc-9fc4-beba3cd27dcc-Carol-Garcia-Martinez.jpeg?resize=300%2C225&amp;ssl=1 300w, https:\/\/i0.wp.com\/escolagrancapita.wpcomstaging.com\/wp-content\/uploads\/2025\/06\/e00f2d77-dea1-47dc-9fc4-beba3cd27dcc-Carol-Garcia-Martinez.jpeg?resize=1024%2C768&amp;ssl=1 1024w, https:\/\/i0.wp.com\/escolagrancapita.wpcomstaging.com\/wp-content\/uploads\/2025\/06\/e00f2d77-dea1-47dc-9fc4-beba3cd27dcc-Carol-Garcia-Martinez.jpeg?resize=768%2C576&amp;ssl=1 768w, https:\/\/i0.wp.com\/escolagrancapita.wpcomstaging.com\/wp-content\/uploads\/2025\/06\/e00f2d77-dea1-47dc-9fc4-beba3cd27dcc-Carol-Garcia-Martinez.jpeg?resize=1536%2C1152&amp;ssl=1 1536w\" sizes=\"auto, (max-width: 750px) 100vw, 750px\" \/>\n\t\t\t<\/div><\/figure>\n\t\t<\/div>\n\n<p style=\"text-align: justify;\">Amb aquesta activitat, l\u2019escola referma el seu comprom\u00eds amb una educaci\u00f3 ambiental vivencial i transformadora, tot sembrant consci\u00e8ncia des de ben petits. Perqu\u00e8 <strong>cuidar la Terra \u00e9s responsabilitat de tothom\u2026<span style=\"color: #339966;\"> i els m\u00e9s petits ja han comen\u00e7at a fer-ho!<\/span><\/strong><\/p>\n","protected":false},"excerpt":{"rendered":"<p>El 5 de juny, coincidint amb el Dia Mundial del Medi Ambient, l\u2019escola ha celebrat una activitat molt especial que ha fet riure, emocionar i reflexionar petits i grans. La jornada s\u2019ha centrat en la reducci\u00f3 dels pl\u00e0stics, especialment aquells<\/p>\n","protected":false},"author":1,"featured_media":0,"parent":0,"menu_order":0,"comment_status":"closed","ping_status":"closed","template":"","meta":{"_crdt_document":"","footnotes":""},"categories":[75],"tags":[149,77,86,118],"class_list":["post-26115","page","type-page","status-publish","hentry","category-activitats","tag-curs-2024-25","tag-ed-infantil","tag-ed-primaria","tag-sostenibilitat"],"jetpack_sharing_enabled":true,"_links":{"self":[{"href":"https:\/\/escolagrancapita.wpcomstaging.com\/index.php?rest_route=\/wp\/v2\/pages\/26115","targetHints":{"allow":["GET"]}}],"collection":[{"href":"https:\/\/escolagrancapita.wpcomstaging.com\/index.php?rest_route=\/wp\/v2\/pages"}],"about":[{"href":"https:\/\/escolagrancapita.wpcomstaging.com\/index.php?rest_route=\/wp\/v2\/types\/page"}],"author":[{"embeddable":true,"href":"https:\/\/escolagrancapita.wpcomstaging.com\/index.php?rest_route=\/wp\/v2\/users\/1"}],"replies":[{"embeddable":true,"href":"https:\/\/escolagrancapita.wpcomstaging.com\/index.php?rest_route=%2Fwp%2Fv2%2Fcomments&post=26115"}],"version-history":[{"count":4,"href":"https:\/\/escolagrancapita.wpcomstaging.com\/index.php?rest_route=\/wp\/v2\/pages\/26115\/revisions"}],"predecessor-version":[{"id":26286,"href":"https:\/\/escolagrancapita.wpcomstaging.com\/index.php?rest_route=\/wp\/v2\/pages\/26115\/revisions\/26286"}],"wp:attachment":[{"href":"https:\/\/escolagrancapita.wpcomstaging.com\/index.php?rest_route=%2Fwp%2Fv2%2Fmedia&parent=26115"}],"wp:term":[{"taxonomy":"category","embeddable":true,"href":"https:\/\/escolagrancapita.wpcomstaging.com\/index.php?rest_route=%2Fwp%2Fv2%2Fcategories&post=26115"},{"taxonomy":"post_tag","embeddable":true,"href":"https:\/\/escolagrancapita.wpcomstaging.com\/index.php?rest_route=%2Fwp%2Fv2%2Ftags&post=26115"}],"curies":[{"name":"wp","href":"https:\/\/api.w.org\/{rel}","templated":true}]}}