{"id":26622,"date":"2025-10-04T09:59:18","date_gmt":"2025-10-04T09:59:18","guid":{"rendered":"https:\/\/escolagrancapita.wpcomstaging.com\/?page_id=26622"},"modified":"2025-10-26T09:07:57","modified_gmt":"2025-10-26T09:07:57","slug":"1r-de-primaria-descobreixen-les-papallones-a-la-fontsanta","status":"publish","type":"page","link":"https:\/\/escolagrancapita.wpcomstaging.com\/?page_id=26622","title":{"rendered":"1r de Prim\u00e0ria descobreixen les papallones a la Fontsanta"},"content":{"rendered":"<p style=\"text-align: justify;\">1r de Prim\u00e0ria ha viscut una experi\u00e8ncia molt especial durant la sortida al parc de la Fontsanta, dedicada a con\u00e8ixer de prop el m\u00f3n de les papallones.<\/p>\n<div id='gallery-1' class='gallery galleryid-26622 gallery-columns-5 gallery-size-full'><figure class='gallery-item'>\n\t\t\t<div class='gallery-icon portrait'>\n\t\t\t\t<img loading=\"lazy\" decoding=\"async\" width=\"3060\" height=\"4080\" src=\"https:\/\/i0.wp.com\/escolagrancapita.wpcomstaging.com\/wp-content\/uploads\/2025\/10\/20251003_121234-Ana-Abajo-rotated.jpg?fit=3060%2C4080&amp;ssl=1\" class=\"attachment-full size-full\" alt=\"\" srcset=\"https:\/\/i0.wp.com\/escolagrancapita.wpcomstaging.com\/wp-content\/uploads\/2025\/10\/20251003_121234-Ana-Abajo-rotated.jpg?w=3060&amp;ssl=1 3060w, https:\/\/i0.wp.com\/escolagrancapita.wpcomstaging.com\/wp-content\/uploads\/2025\/10\/20251003_121234-Ana-Abajo-rotated.jpg?resize=225%2C300&amp;ssl=1 225w, https:\/\/i0.wp.com\/escolagrancapita.wpcomstaging.com\/wp-content\/uploads\/2025\/10\/20251003_121234-Ana-Abajo-rotated.jpg?resize=768%2C1024&amp;ssl=1 768w, https:\/\/i0.wp.com\/escolagrancapita.wpcomstaging.com\/wp-content\/uploads\/2025\/10\/20251003_121234-Ana-Abajo-rotated.jpg?resize=1152%2C1536&amp;ssl=1 1152w, https:\/\/i0.wp.com\/escolagrancapita.wpcomstaging.com\/wp-content\/uploads\/2025\/10\/20251003_121234-Ana-Abajo-rotated.jpg?resize=1536%2C2048&amp;ssl=1 1536w, https:\/\/i0.wp.com\/escolagrancapita.wpcomstaging.com\/wp-content\/uploads\/2025\/10\/20251003_121234-Ana-Abajo-rotated.jpg?w=2250&amp;ssl=1 2250w\" sizes=\"auto, (max-width: 750px) 100vw, 750px\" \/>\n\t\t\t<\/div><\/figure><figure class='gallery-item'>\n\t\t\t<div class='gallery-icon portrait'>\n\t\t\t\t<img loading=\"lazy\" decoding=\"async\" width=\"3060\" height=\"4080\" src=\"https:\/\/i0.wp.com\/escolagrancapita.wpcomstaging.com\/wp-content\/uploads\/2025\/10\/20251003_121120-Ana-Abajo-rotated.jpg?fit=3060%2C4080&amp;ssl=1\" class=\"attachment-full size-full\" alt=\"\" srcset=\"https:\/\/i0.wp.com\/escolagrancapita.wpcomstaging.com\/wp-content\/uploads\/2025\/10\/20251003_121120-Ana-Abajo-rotated.jpg?w=3060&amp;ssl=1 3060w, https:\/\/i0.wp.com\/escolagrancapita.wpcomstaging.com\/wp-content\/uploads\/2025\/10\/20251003_121120-Ana-Abajo-rotated.jpg?resize=225%2C300&amp;ssl=1 225w, https:\/\/i0.wp.com\/escolagrancapita.wpcomstaging.com\/wp-content\/uploads\/2025\/10\/20251003_121120-Ana-Abajo-rotated.jpg?resize=768%2C1024&amp;ssl=1 768w, https:\/\/i0.wp.com\/escolagrancapita.wpcomstaging.com\/wp-content\/uploads\/2025\/10\/20251003_121120-Ana-Abajo-rotated.jpg?resize=1152%2C1536&amp;ssl=1 1152w, https:\/\/i0.wp.com\/escolagrancapita.wpcomstaging.com\/wp-content\/uploads\/2025\/10\/20251003_121120-Ana-Abajo-rotated.jpg?resize=1536%2C2048&amp;ssl=1 1536w, https:\/\/i0.wp.com\/escolagrancapita.wpcomstaging.com\/wp-content\/uploads\/2025\/10\/20251003_121120-Ana-Abajo-rotated.jpg?w=2250&amp;ssl=1 2250w\" sizes=\"auto, (max-width: 750px) 100vw, 750px\" \/>\n\t\t\t<\/div><\/figure><figure class='gallery-item'>\n\t\t\t<div class='gallery-icon portrait'>\n\t\t\t\t<img loading=\"lazy\" decoding=\"async\" width=\"3060\" height=\"4080\" src=\"https:\/\/i0.wp.com\/escolagrancapita.wpcomstaging.com\/wp-content\/uploads\/2025\/10\/20251003_121102-Ana-Abajo-rotated.jpg?fit=3060%2C4080&amp;ssl=1\" class=\"attachment-full size-full\" alt=\"\" srcset=\"https:\/\/i0.wp.com\/escolagrancapita.wpcomstaging.com\/wp-content\/uploads\/2025\/10\/20251003_121102-Ana-Abajo-rotated.jpg?w=3060&amp;ssl=1 3060w, https:\/\/i0.wp.com\/escolagrancapita.wpcomstaging.com\/wp-content\/uploads\/2025\/10\/20251003_121102-Ana-Abajo-rotated.jpg?resize=225%2C300&amp;ssl=1 225w, https:\/\/i0.wp.com\/escolagrancapita.wpcomstaging.com\/wp-content\/uploads\/2025\/10\/20251003_121102-Ana-Abajo-rotated.jpg?resize=768%2C1024&amp;ssl=1 768w, https:\/\/i0.wp.com\/escolagrancapita.wpcomstaging.com\/wp-content\/uploads\/2025\/10\/20251003_121102-Ana-Abajo-rotated.jpg?resize=1152%2C1536&amp;ssl=1 1152w, https:\/\/i0.wp.com\/escolagrancapita.wpcomstaging.com\/wp-content\/uploads\/2025\/10\/20251003_121102-Ana-Abajo-rotated.jpg?resize=1536%2C2048&amp;ssl=1 1536w, https:\/\/i0.wp.com\/escolagrancapita.wpcomstaging.com\/wp-content\/uploads\/2025\/10\/20251003_121102-Ana-Abajo-rotated.jpg?w=2250&amp;ssl=1 2250w\" sizes=\"auto, (max-width: 750px) 100vw, 750px\" \/>\n\t\t\t<\/div><\/figure><figure class='gallery-item'>\n\t\t\t<div class='gallery-icon portrait'>\n\t\t\t\t<img loading=\"lazy\" decoding=\"async\" width=\"3060\" height=\"4080\" src=\"https:\/\/i0.wp.com\/escolagrancapita.wpcomstaging.com\/wp-content\/uploads\/2025\/10\/20251003_120856-Ana-Abajo-rotated.jpg?fit=3060%2C4080&amp;ssl=1\" class=\"attachment-full size-full\" alt=\"\" srcset=\"https:\/\/i0.wp.com\/escolagrancapita.wpcomstaging.com\/wp-content\/uploads\/2025\/10\/20251003_120856-Ana-Abajo-rotated.jpg?w=3060&amp;ssl=1 3060w, https:\/\/i0.wp.com\/escolagrancapita.wpcomstaging.com\/wp-content\/uploads\/2025\/10\/20251003_120856-Ana-Abajo-rotated.jpg?resize=225%2C300&amp;ssl=1 225w, https:\/\/i0.wp.com\/escolagrancapita.wpcomstaging.com\/wp-content\/uploads\/2025\/10\/20251003_120856-Ana-Abajo-rotated.jpg?resize=768%2C1024&amp;ssl=1 768w, https:\/\/i0.wp.com\/escolagrancapita.wpcomstaging.com\/wp-content\/uploads\/2025\/10\/20251003_120856-Ana-Abajo-rotated.jpg?resize=1152%2C1536&amp;ssl=1 1152w, https:\/\/i0.wp.com\/escolagrancapita.wpcomstaging.com\/wp-content\/uploads\/2025\/10\/20251003_120856-Ana-Abajo-rotated.jpg?resize=1536%2C2048&amp;ssl=1 1536w, https:\/\/i0.wp.com\/escolagrancapita.wpcomstaging.com\/wp-content\/uploads\/2025\/10\/20251003_120856-Ana-Abajo-rotated.jpg?w=2250&amp;ssl=1 2250w\" sizes=\"auto, (max-width: 750px) 100vw, 750px\" \/>\n\t\t\t<\/div><\/figure><figure class='gallery-item'>\n\t\t\t<div class='gallery-icon portrait'>\n\t\t\t\t<img loading=\"lazy\" decoding=\"async\" width=\"3060\" height=\"4080\" src=\"https:\/\/i0.wp.com\/escolagrancapita.wpcomstaging.com\/wp-content\/uploads\/2025\/10\/20251003_120843-Ana-Abajo-rotated.jpg?fit=3060%2C4080&amp;ssl=1\" class=\"attachment-full size-full\" alt=\"\" srcset=\"https:\/\/i0.wp.com\/escolagrancapita.wpcomstaging.com\/wp-content\/uploads\/2025\/10\/20251003_120843-Ana-Abajo-rotated.jpg?w=3060&amp;ssl=1 3060w, https:\/\/i0.wp.com\/escolagrancapita.wpcomstaging.com\/wp-content\/uploads\/2025\/10\/20251003_120843-Ana-Abajo-rotated.jpg?resize=225%2C300&amp;ssl=1 225w, https:\/\/i0.wp.com\/escolagrancapita.wpcomstaging.com\/wp-content\/uploads\/2025\/10\/20251003_120843-Ana-Abajo-rotated.jpg?resize=768%2C1024&amp;ssl=1 768w, https:\/\/i0.wp.com\/escolagrancapita.wpcomstaging.com\/wp-content\/uploads\/2025\/10\/20251003_120843-Ana-Abajo-rotated.jpg?resize=1152%2C1536&amp;ssl=1 1152w, https:\/\/i0.wp.com\/escolagrancapita.wpcomstaging.com\/wp-content\/uploads\/2025\/10\/20251003_120843-Ana-Abajo-rotated.jpg?resize=1536%2C2048&amp;ssl=1 1536w, https:\/\/i0.wp.com\/escolagrancapita.wpcomstaging.com\/wp-content\/uploads\/2025\/10\/20251003_120843-Ana-Abajo-rotated.jpg?w=2250&amp;ssl=1 2250w\" sizes=\"auto, (max-width: 750px) 100vw, 750px\" \/>\n\t\t\t<\/div><\/figure>\n\t\t<\/div>\n\n<div id='gallery-2' class='gallery galleryid-26622 gallery-columns-1 gallery-size-full'><figure class='gallery-item'>\n\t\t\t<div class='gallery-icon landscape'>\n\t\t\t\t<img loading=\"lazy\" decoding=\"async\" width=\"4080\" height=\"2100\" src=\"https:\/\/i0.wp.com\/escolagrancapita.wpcomstaging.com\/wp-content\/uploads\/2025\/10\/20251003_110549-Ana-Abajo-e1759571940874.jpg?fit=4080%2C2100&amp;ssl=1\" class=\"attachment-full size-full\" alt=\"\" srcset=\"https:\/\/i0.wp.com\/escolagrancapita.wpcomstaging.com\/wp-content\/uploads\/2025\/10\/20251003_110549-Ana-Abajo-e1759571940874.jpg?w=4080&amp;ssl=1 4080w, https:\/\/i0.wp.com\/escolagrancapita.wpcomstaging.com\/wp-content\/uploads\/2025\/10\/20251003_110549-Ana-Abajo-e1759571940874.jpg?resize=300%2C154&amp;ssl=1 300w, https:\/\/i0.wp.com\/escolagrancapita.wpcomstaging.com\/wp-content\/uploads\/2025\/10\/20251003_110549-Ana-Abajo-e1759571940874.jpg?resize=1024%2C527&amp;ssl=1 1024w, https:\/\/i0.wp.com\/escolagrancapita.wpcomstaging.com\/wp-content\/uploads\/2025\/10\/20251003_110549-Ana-Abajo-e1759571940874.jpg?resize=768%2C395&amp;ssl=1 768w, https:\/\/i0.wp.com\/escolagrancapita.wpcomstaging.com\/wp-content\/uploads\/2025\/10\/20251003_110549-Ana-Abajo-e1759571940874.jpg?resize=1536%2C791&amp;ssl=1 1536w, https:\/\/i0.wp.com\/escolagrancapita.wpcomstaging.com\/wp-content\/uploads\/2025\/10\/20251003_110549-Ana-Abajo-e1759571940874.jpg?resize=2048%2C1054&amp;ssl=1 2048w, https:\/\/i0.wp.com\/escolagrancapita.wpcomstaging.com\/wp-content\/uploads\/2025\/10\/20251003_110549-Ana-Abajo-e1759571940874.jpg?w=2250&amp;ssl=1 2250w\" sizes=\"auto, (max-width: 750px) 100vw, 750px\" \/>\n\t\t\t<\/div><\/figure>\n\t\t<\/div>\n\n<p style=\"text-align: justify;\">Primer, les criatures han apr\u00e8s com s\u00f3n aquests insectes, quin \u00e9s el seu cicle vital i de quina manera s\u2019alimenten. A continuaci\u00f3, s\u2019han organitzat en petits grups per observar-les i identificar-ne les diferents esp\u00e8cies amb l\u2019ajuda d\u2019un mapa-guia amb imatges.<\/p>\n<div id='gallery-3' class='gallery galleryid-26622 gallery-columns-3 gallery-size-full'><figure class='gallery-item'>\n\t\t\t<div class='gallery-icon landscape'>\n\t\t\t\t<img loading=\"lazy\" decoding=\"async\" width=\"4080\" height=\"3060\" src=\"https:\/\/i0.wp.com\/escolagrancapita.wpcomstaging.com\/wp-content\/uploads\/2025\/10\/20251003_105445-Ana-Abajo.jpg?fit=4080%2C3060&amp;ssl=1\" class=\"attachment-full size-full\" alt=\"\" srcset=\"https:\/\/i0.wp.com\/escolagrancapita.wpcomstaging.com\/wp-content\/uploads\/2025\/10\/20251003_105445-Ana-Abajo.jpg?w=4080&amp;ssl=1 4080w, https:\/\/i0.wp.com\/escolagrancapita.wpcomstaging.com\/wp-content\/uploads\/2025\/10\/20251003_105445-Ana-Abajo.jpg?resize=300%2C225&amp;ssl=1 300w, https:\/\/i0.wp.com\/escolagrancapita.wpcomstaging.com\/wp-content\/uploads\/2025\/10\/20251003_105445-Ana-Abajo.jpg?resize=1024%2C768&amp;ssl=1 1024w, https:\/\/i0.wp.com\/escolagrancapita.wpcomstaging.com\/wp-content\/uploads\/2025\/10\/20251003_105445-Ana-Abajo.jpg?resize=768%2C576&amp;ssl=1 768w, https:\/\/i0.wp.com\/escolagrancapita.wpcomstaging.com\/wp-content\/uploads\/2025\/10\/20251003_105445-Ana-Abajo.jpg?resize=1536%2C1152&amp;ssl=1 1536w, https:\/\/i0.wp.com\/escolagrancapita.wpcomstaging.com\/wp-content\/uploads\/2025\/10\/20251003_105445-Ana-Abajo.jpg?resize=2048%2C1536&amp;ssl=1 2048w, https:\/\/i0.wp.com\/escolagrancapita.wpcomstaging.com\/wp-content\/uploads\/2025\/10\/20251003_105445-Ana-Abajo.jpg?w=2250&amp;ssl=1 2250w\" sizes=\"auto, (max-width: 750px) 100vw, 750px\" \/>\n\t\t\t<\/div><\/figure><figure class='gallery-item'>\n\t\t\t<div class='gallery-icon landscape'>\n\t\t\t\t<img loading=\"lazy\" decoding=\"async\" width=\"4080\" height=\"3060\" src=\"https:\/\/i0.wp.com\/escolagrancapita.wpcomstaging.com\/wp-content\/uploads\/2025\/10\/20251003_105428-Ana-Abajo.jpg?fit=4080%2C3060&amp;ssl=1\" class=\"attachment-full size-full\" alt=\"\" srcset=\"https:\/\/i0.wp.com\/escolagrancapita.wpcomstaging.com\/wp-content\/uploads\/2025\/10\/20251003_105428-Ana-Abajo.jpg?w=4080&amp;ssl=1 4080w, https:\/\/i0.wp.com\/escolagrancapita.wpcomstaging.com\/wp-content\/uploads\/2025\/10\/20251003_105428-Ana-Abajo.jpg?resize=300%2C225&amp;ssl=1 300w, https:\/\/i0.wp.com\/escolagrancapita.wpcomstaging.com\/wp-content\/uploads\/2025\/10\/20251003_105428-Ana-Abajo.jpg?resize=1024%2C768&amp;ssl=1 1024w, https:\/\/i0.wp.com\/escolagrancapita.wpcomstaging.com\/wp-content\/uploads\/2025\/10\/20251003_105428-Ana-Abajo.jpg?resize=768%2C576&amp;ssl=1 768w, https:\/\/i0.wp.com\/escolagrancapita.wpcomstaging.com\/wp-content\/uploads\/2025\/10\/20251003_105428-Ana-Abajo.jpg?resize=1536%2C1152&amp;ssl=1 1536w, https:\/\/i0.wp.com\/escolagrancapita.wpcomstaging.com\/wp-content\/uploads\/2025\/10\/20251003_105428-Ana-Abajo.jpg?resize=2048%2C1536&amp;ssl=1 2048w, https:\/\/i0.wp.com\/escolagrancapita.wpcomstaging.com\/wp-content\/uploads\/2025\/10\/20251003_105428-Ana-Abajo.jpg?w=2250&amp;ssl=1 2250w\" sizes=\"auto, (max-width: 750px) 100vw, 750px\" \/>\n\t\t\t<\/div><\/figure><figure class='gallery-item'>\n\t\t\t<div class='gallery-icon landscape'>\n\t\t\t\t<img loading=\"lazy\" decoding=\"async\" width=\"4080\" height=\"3060\" src=\"https:\/\/i0.wp.com\/escolagrancapita.wpcomstaging.com\/wp-content\/uploads\/2025\/10\/20251003_102947-Ana-Abajo.jpg?fit=4080%2C3060&amp;ssl=1\" class=\"attachment-full size-full\" alt=\"\" srcset=\"https:\/\/i0.wp.com\/escolagrancapita.wpcomstaging.com\/wp-content\/uploads\/2025\/10\/20251003_102947-Ana-Abajo.jpg?w=4080&amp;ssl=1 4080w, https:\/\/i0.wp.com\/escolagrancapita.wpcomstaging.com\/wp-content\/uploads\/2025\/10\/20251003_102947-Ana-Abajo.jpg?resize=300%2C225&amp;ssl=1 300w, https:\/\/i0.wp.com\/escolagrancapita.wpcomstaging.com\/wp-content\/uploads\/2025\/10\/20251003_102947-Ana-Abajo.jpg?resize=1024%2C768&amp;ssl=1 1024w, https:\/\/i0.wp.com\/escolagrancapita.wpcomstaging.com\/wp-content\/uploads\/2025\/10\/20251003_102947-Ana-Abajo.jpg?resize=768%2C576&amp;ssl=1 768w, https:\/\/i0.wp.com\/escolagrancapita.wpcomstaging.com\/wp-content\/uploads\/2025\/10\/20251003_102947-Ana-Abajo.jpg?resize=1536%2C1152&amp;ssl=1 1536w, https:\/\/i0.wp.com\/escolagrancapita.wpcomstaging.com\/wp-content\/uploads\/2025\/10\/20251003_102947-Ana-Abajo.jpg?resize=2048%2C1536&amp;ssl=1 2048w, https:\/\/i0.wp.com\/escolagrancapita.wpcomstaging.com\/wp-content\/uploads\/2025\/10\/20251003_102947-Ana-Abajo.jpg?w=2250&amp;ssl=1 2250w\" sizes=\"auto, (max-width: 750px) 100vw, 750px\" \/>\n\t\t\t<\/div><\/figure>\n\t\t<\/div>\n\n<p style=\"text-align: justify;\">La jornada ha culminat amb un moment molt significatiu: l\u2019alliberament de papallones, una activitat simb\u00f2lica que ha perm\u00e8s posar en pr\u00e0ctica els coneixements adquirits i fomentar valors com el respecte per la natura i la cura de l\u2019entorn.<\/p>\n<div id='gallery-4' class='gallery galleryid-26622 gallery-columns-1 gallery-size-full'><figure class='gallery-item'>\n\t\t\t<div class='gallery-icon landscape'>\n\t\t\t\t<img loading=\"lazy\" decoding=\"async\" width=\"3937\" height=\"3060\" src=\"https:\/\/i0.wp.com\/escolagrancapita.wpcomstaging.com\/wp-content\/uploads\/2025\/10\/20251003_123608-Ana-Abajo-e1759571903319.jpg?fit=3937%2C3060&amp;ssl=1\" class=\"attachment-full size-full\" alt=\"\" srcset=\"https:\/\/i0.wp.com\/escolagrancapita.wpcomstaging.com\/wp-content\/uploads\/2025\/10\/20251003_123608-Ana-Abajo-e1759571903319.jpg?w=3937&amp;ssl=1 3937w, https:\/\/i0.wp.com\/escolagrancapita.wpcomstaging.com\/wp-content\/uploads\/2025\/10\/20251003_123608-Ana-Abajo-e1759571903319.jpg?resize=300%2C233&amp;ssl=1 300w, https:\/\/i0.wp.com\/escolagrancapita.wpcomstaging.com\/wp-content\/uploads\/2025\/10\/20251003_123608-Ana-Abajo-e1759571903319.jpg?resize=1024%2C796&amp;ssl=1 1024w, https:\/\/i0.wp.com\/escolagrancapita.wpcomstaging.com\/wp-content\/uploads\/2025\/10\/20251003_123608-Ana-Abajo-e1759571903319.jpg?resize=768%2C597&amp;ssl=1 768w, https:\/\/i0.wp.com\/escolagrancapita.wpcomstaging.com\/wp-content\/uploads\/2025\/10\/20251003_123608-Ana-Abajo-e1759571903319.jpg?resize=1536%2C1194&amp;ssl=1 1536w, https:\/\/i0.wp.com\/escolagrancapita.wpcomstaging.com\/wp-content\/uploads\/2025\/10\/20251003_123608-Ana-Abajo-e1759571903319.jpg?resize=2048%2C1592&amp;ssl=1 2048w, https:\/\/i0.wp.com\/escolagrancapita.wpcomstaging.com\/wp-content\/uploads\/2025\/10\/20251003_123608-Ana-Abajo-e1759571903319.jpg?w=2250&amp;ssl=1 2250w\" sizes=\"auto, (max-width: 750px) 100vw, 750px\" \/>\n\t\t\t<\/div><\/figure><figure class='gallery-item'>\n\t\t\t<div class='gallery-icon landscape'>\n\t\t\t\t<img loading=\"lazy\" decoding=\"async\" width=\"3815\" height=\"2320\" src=\"https:\/\/i0.wp.com\/escolagrancapita.wpcomstaging.com\/wp-content\/uploads\/2025\/10\/20251003_124542-Ana-Abajo-e1759571884902.jpg?fit=3815%2C2320&amp;ssl=1\" class=\"attachment-full size-full\" alt=\"\" srcset=\"https:\/\/i0.wp.com\/escolagrancapita.wpcomstaging.com\/wp-content\/uploads\/2025\/10\/20251003_124542-Ana-Abajo-e1759571884902.jpg?w=3815&amp;ssl=1 3815w, https:\/\/i0.wp.com\/escolagrancapita.wpcomstaging.com\/wp-content\/uploads\/2025\/10\/20251003_124542-Ana-Abajo-e1759571884902.jpg?resize=300%2C182&amp;ssl=1 300w, https:\/\/i0.wp.com\/escolagrancapita.wpcomstaging.com\/wp-content\/uploads\/2025\/10\/20251003_124542-Ana-Abajo-e1759571884902.jpg?resize=1024%2C623&amp;ssl=1 1024w, https:\/\/i0.wp.com\/escolagrancapita.wpcomstaging.com\/wp-content\/uploads\/2025\/10\/20251003_124542-Ana-Abajo-e1759571884902.jpg?resize=768%2C467&amp;ssl=1 768w, https:\/\/i0.wp.com\/escolagrancapita.wpcomstaging.com\/wp-content\/uploads\/2025\/10\/20251003_124542-Ana-Abajo-e1759571884902.jpg?resize=1536%2C934&amp;ssl=1 1536w, https:\/\/i0.wp.com\/escolagrancapita.wpcomstaging.com\/wp-content\/uploads\/2025\/10\/20251003_124542-Ana-Abajo-e1759571884902.jpg?resize=2048%2C1245&amp;ssl=1 2048w, https:\/\/i0.wp.com\/escolagrancapita.wpcomstaging.com\/wp-content\/uploads\/2025\/10\/20251003_124542-Ana-Abajo-e1759571884902.jpg?w=2250&amp;ssl=1 2250w\" sizes=\"auto, (max-width: 750px) 100vw, 750px\" \/>\n\t\t\t<\/div><\/figure>\n\t\t<\/div>\n\n","protected":false},"excerpt":{"rendered":"<p>1r de Prim\u00e0ria ha viscut una experi\u00e8ncia molt especial durant la sortida al parc de la Fontsanta, dedicada a con\u00e8ixer de prop el m\u00f3n de les papallones. Primer, les criatures han apr\u00e8s com s\u00f3n aquests insectes, quin \u00e9s el seu<\/p>\n","protected":false},"author":1,"featured_media":0,"parent":0,"menu_order":0,"comment_status":"closed","ping_status":"closed","template":"","meta":{"_crdt_document":"","footnotes":""},"categories":[],"tags":[151,86,82,118],"class_list":["post-26622","page","type-page","status-publish","hentry","tag-curs-2025-26","tag-ed-primaria","tag-sortides","tag-sostenibilitat"],"jetpack_sharing_enabled":true,"_links":{"self":[{"href":"https:\/\/escolagrancapita.wpcomstaging.com\/index.php?rest_route=\/wp\/v2\/pages\/26622","targetHints":{"allow":["GET"]}}],"collection":[{"href":"https:\/\/escolagrancapita.wpcomstaging.com\/index.php?rest_route=\/wp\/v2\/pages"}],"about":[{"href":"https:\/\/escolagrancapita.wpcomstaging.com\/index.php?rest_route=\/wp\/v2\/types\/page"}],"author":[{"embeddable":true,"href":"https:\/\/escolagrancapita.wpcomstaging.com\/index.php?rest_route=\/wp\/v2\/users\/1"}],"replies":[{"embeddable":true,"href":"https:\/\/escolagrancapita.wpcomstaging.com\/index.php?rest_route=%2Fwp%2Fv2%2Fcomments&post=26622"}],"version-history":[{"count":4,"href":"https:\/\/escolagrancapita.wpcomstaging.com\/index.php?rest_route=\/wp\/v2\/pages\/26622\/revisions"}],"predecessor-version":[{"id":26683,"href":"https:\/\/escolagrancapita.wpcomstaging.com\/index.php?rest_route=\/wp\/v2\/pages\/26622\/revisions\/26683"}],"wp:attachment":[{"href":"https:\/\/escolagrancapita.wpcomstaging.com\/index.php?rest_route=%2Fwp%2Fv2%2Fmedia&parent=26622"}],"wp:term":[{"taxonomy":"category","embeddable":true,"href":"https:\/\/escolagrancapita.wpcomstaging.com\/index.php?rest_route=%2Fwp%2Fv2%2Fcategories&post=26622"},{"taxonomy":"post_tag","embeddable":true,"href":"https:\/\/escolagrancapita.wpcomstaging.com\/index.php?rest_route=%2Fwp%2Fv2%2Ftags&post=26622"}],"curies":[{"name":"wp","href":"https:\/\/api.w.org\/{rel}","templated":true}]}}