{"id":26624,"date":"2025-10-04T10:28:44","date_gmt":"2025-10-04T10:28:44","guid":{"rendered":"https:\/\/escolagrancapita.wpcomstaging.com\/?page_id=26624"},"modified":"2025-10-04T10:28:44","modified_gmt":"2025-10-04T10:28:44","slug":"retrobar-se-es-molt-especial-a-i4","status":"publish","type":"page","link":"https:\/\/escolagrancapita.wpcomstaging.com\/?page_id=26624","title":{"rendered":"Retrobar-se \u00e9s molt especial a I4"},"content":{"rendered":"<p style=\"text-align: justify;\">Aquest setembre, el grup d\u2019I4 va viure una jornada molt especial. Despr\u00e9s de les vacances d\u2019estiu, era moment de retrobar-se, compartir viv\u00e8ncies i explicar com havia anat aquest temps de descans. Mitjan\u00e7ant una din\u00e0mica l\u00fadica i participativa, cada infant va poder expressar qu\u00e8 havia fet durant l\u2019estiu: excursions, jocs, viatges o moments viscuts en fam\u00edlia i amb amistats.<\/p>\n<p style=\"text-align: justify;\">Va ser un espai d\u2019escolta, complicitat i alegria que va afavorir la cohesi\u00f3 i la confian\u00e7a dins del grup. Per celebrar el retrobament, les criatures van elaborar dibuixos com a obsequi per als companys i companyes, una manera creativa de dir: <em>\u201cM\u2019agrada tornar a compartir amb tu!\u201d<\/em><\/p>\n<div id='gallery-1' class='gallery galleryid-26624 gallery-columns-3 gallery-size-full'><figure class='gallery-item'>\n\t\t\t<div class='gallery-icon landscape'>\n\t\t\t\t<img loading=\"lazy\" decoding=\"async\" width=\"5120\" height=\"3840\" src=\"https:\/\/i0.wp.com\/escolagrancapita.wpcomstaging.com\/wp-content\/uploads\/2025\/10\/1758868791113-Ana-Ma-Bujalance-Jurado.jpg?fit=5120%2C3840&amp;ssl=1\" class=\"attachment-full size-full\" alt=\"\" srcset=\"https:\/\/i0.wp.com\/escolagrancapita.wpcomstaging.com\/wp-content\/uploads\/2025\/10\/1758868791113-Ana-Ma-Bujalance-Jurado.jpg?w=5120&amp;ssl=1 5120w, https:\/\/i0.wp.com\/escolagrancapita.wpcomstaging.com\/wp-content\/uploads\/2025\/10\/1758868791113-Ana-Ma-Bujalance-Jurado.jpg?resize=300%2C225&amp;ssl=1 300w, https:\/\/i0.wp.com\/escolagrancapita.wpcomstaging.com\/wp-content\/uploads\/2025\/10\/1758868791113-Ana-Ma-Bujalance-Jurado.jpg?resize=1024%2C768&amp;ssl=1 1024w, https:\/\/i0.wp.com\/escolagrancapita.wpcomstaging.com\/wp-content\/uploads\/2025\/10\/1758868791113-Ana-Ma-Bujalance-Jurado.jpg?resize=768%2C576&amp;ssl=1 768w, https:\/\/i0.wp.com\/escolagrancapita.wpcomstaging.com\/wp-content\/uploads\/2025\/10\/1758868791113-Ana-Ma-Bujalance-Jurado.jpg?resize=1536%2C1152&amp;ssl=1 1536w, https:\/\/i0.wp.com\/escolagrancapita.wpcomstaging.com\/wp-content\/uploads\/2025\/10\/1758868791113-Ana-Ma-Bujalance-Jurado.jpg?resize=2048%2C1536&amp;ssl=1 2048w, https:\/\/i0.wp.com\/escolagrancapita.wpcomstaging.com\/wp-content\/uploads\/2025\/10\/1758868791113-Ana-Ma-Bujalance-Jurado.jpg?w=2250&amp;ssl=1 2250w\" sizes=\"auto, (max-width: 750px) 100vw, 750px\" \/>\n\t\t\t<\/div><\/figure><figure class='gallery-item'>\n\t\t\t<div class='gallery-icon landscape'>\n\t\t\t\t<img loading=\"lazy\" decoding=\"async\" width=\"5120\" height=\"3840\" src=\"https:\/\/i0.wp.com\/escolagrancapita.wpcomstaging.com\/wp-content\/uploads\/2025\/10\/1758868791022-Ana-Ma-Bujalance-Jurado.jpg?fit=5120%2C3840&amp;ssl=1\" class=\"attachment-full size-full\" alt=\"\" srcset=\"https:\/\/i0.wp.com\/escolagrancapita.wpcomstaging.com\/wp-content\/uploads\/2025\/10\/1758868791022-Ana-Ma-Bujalance-Jurado.jpg?w=5120&amp;ssl=1 5120w, https:\/\/i0.wp.com\/escolagrancapita.wpcomstaging.com\/wp-content\/uploads\/2025\/10\/1758868791022-Ana-Ma-Bujalance-Jurado.jpg?resize=300%2C225&amp;ssl=1 300w, https:\/\/i0.wp.com\/escolagrancapita.wpcomstaging.com\/wp-content\/uploads\/2025\/10\/1758868791022-Ana-Ma-Bujalance-Jurado.jpg?resize=1024%2C768&amp;ssl=1 1024w, https:\/\/i0.wp.com\/escolagrancapita.wpcomstaging.com\/wp-content\/uploads\/2025\/10\/1758868791022-Ana-Ma-Bujalance-Jurado.jpg?resize=768%2C576&amp;ssl=1 768w, https:\/\/i0.wp.com\/escolagrancapita.wpcomstaging.com\/wp-content\/uploads\/2025\/10\/1758868791022-Ana-Ma-Bujalance-Jurado.jpg?resize=1536%2C1152&amp;ssl=1 1536w, https:\/\/i0.wp.com\/escolagrancapita.wpcomstaging.com\/wp-content\/uploads\/2025\/10\/1758868791022-Ana-Ma-Bujalance-Jurado.jpg?resize=2048%2C1536&amp;ssl=1 2048w, https:\/\/i0.wp.com\/escolagrancapita.wpcomstaging.com\/wp-content\/uploads\/2025\/10\/1758868791022-Ana-Ma-Bujalance-Jurado.jpg?w=2250&amp;ssl=1 2250w\" sizes=\"auto, (max-width: 750px) 100vw, 750px\" \/>\n\t\t\t<\/div><\/figure><figure class='gallery-item'>\n\t\t\t<div class='gallery-icon landscape'>\n\t\t\t\t<img loading=\"lazy\" decoding=\"async\" width=\"5120\" height=\"3840\" src=\"https:\/\/i0.wp.com\/escolagrancapita.wpcomstaging.com\/wp-content\/uploads\/2025\/10\/1758868791068-Ana-Ma-Bujalance-Jurado.jpg?fit=5120%2C3840&amp;ssl=1\" class=\"attachment-full size-full\" alt=\"\" srcset=\"https:\/\/i0.wp.com\/escolagrancapita.wpcomstaging.com\/wp-content\/uploads\/2025\/10\/1758868791068-Ana-Ma-Bujalance-Jurado.jpg?w=5120&amp;ssl=1 5120w, https:\/\/i0.wp.com\/escolagrancapita.wpcomstaging.com\/wp-content\/uploads\/2025\/10\/1758868791068-Ana-Ma-Bujalance-Jurado.jpg?resize=300%2C225&amp;ssl=1 300w, https:\/\/i0.wp.com\/escolagrancapita.wpcomstaging.com\/wp-content\/uploads\/2025\/10\/1758868791068-Ana-Ma-Bujalance-Jurado.jpg?resize=1024%2C768&amp;ssl=1 1024w, https:\/\/i0.wp.com\/escolagrancapita.wpcomstaging.com\/wp-content\/uploads\/2025\/10\/1758868791068-Ana-Ma-Bujalance-Jurado.jpg?resize=768%2C576&amp;ssl=1 768w, https:\/\/i0.wp.com\/escolagrancapita.wpcomstaging.com\/wp-content\/uploads\/2025\/10\/1758868791068-Ana-Ma-Bujalance-Jurado.jpg?resize=1536%2C1152&amp;ssl=1 1536w, https:\/\/i0.wp.com\/escolagrancapita.wpcomstaging.com\/wp-content\/uploads\/2025\/10\/1758868791068-Ana-Ma-Bujalance-Jurado.jpg?resize=2048%2C1536&amp;ssl=1 2048w, https:\/\/i0.wp.com\/escolagrancapita.wpcomstaging.com\/wp-content\/uploads\/2025\/10\/1758868791068-Ana-Ma-Bujalance-Jurado.jpg?w=2250&amp;ssl=1 2250w\" sizes=\"auto, (max-width: 750px) 100vw, 750px\" \/>\n\t\t\t<\/div><\/figure>\n\t\t<\/div>\n\n<div id='gallery-2' class='gallery galleryid-26624 gallery-columns-1 gallery-size-full'><figure class='gallery-item'>\n\t\t\t<div class='gallery-icon landscape'>\n\t\t\t\t<img loading=\"lazy\" decoding=\"async\" width=\"3036\" height=\"1993\" src=\"https:\/\/i0.wp.com\/escolagrancapita.wpcomstaging.com\/wp-content\/uploads\/2025\/10\/1758868790973-Ana-Ma-Bujalance-Jurado-e1759573661631.jpg?fit=3036%2C1993&amp;ssl=1\" class=\"attachment-full size-full\" alt=\"\" srcset=\"https:\/\/i0.wp.com\/escolagrancapita.wpcomstaging.com\/wp-content\/uploads\/2025\/10\/1758868790973-Ana-Ma-Bujalance-Jurado-e1759573661631.jpg?w=3036&amp;ssl=1 3036w, https:\/\/i0.wp.com\/escolagrancapita.wpcomstaging.com\/wp-content\/uploads\/2025\/10\/1758868790973-Ana-Ma-Bujalance-Jurado-e1759573661631.jpg?resize=300%2C197&amp;ssl=1 300w, https:\/\/i0.wp.com\/escolagrancapita.wpcomstaging.com\/wp-content\/uploads\/2025\/10\/1758868790973-Ana-Ma-Bujalance-Jurado-e1759573661631.jpg?resize=1024%2C672&amp;ssl=1 1024w, https:\/\/i0.wp.com\/escolagrancapita.wpcomstaging.com\/wp-content\/uploads\/2025\/10\/1758868790973-Ana-Ma-Bujalance-Jurado-e1759573661631.jpg?resize=768%2C504&amp;ssl=1 768w, https:\/\/i0.wp.com\/escolagrancapita.wpcomstaging.com\/wp-content\/uploads\/2025\/10\/1758868790973-Ana-Ma-Bujalance-Jurado-e1759573661631.jpg?resize=1536%2C1008&amp;ssl=1 1536w, https:\/\/i0.wp.com\/escolagrancapita.wpcomstaging.com\/wp-content\/uploads\/2025\/10\/1758868790973-Ana-Ma-Bujalance-Jurado-e1759573661631.jpg?resize=2048%2C1344&amp;ssl=1 2048w, https:\/\/i0.wp.com\/escolagrancapita.wpcomstaging.com\/wp-content\/uploads\/2025\/10\/1758868790973-Ana-Ma-Bujalance-Jurado-e1759573661631.jpg?w=2250&amp;ssl=1 2250w\" sizes=\"auto, (max-width: 750px) 100vw, 750px\" \/>\n\t\t\t<\/div><\/figure>\n\t\t<\/div>\n\n<div id='gallery-3' class='gallery galleryid-26624 gallery-columns-2 gallery-size-full'><figure class='gallery-item'>\n\t\t\t<div class='gallery-icon landscape'>\n\t\t\t\t<img loading=\"lazy\" decoding=\"async\" width=\"5120\" height=\"3840\" src=\"https:\/\/i0.wp.com\/escolagrancapita.wpcomstaging.com\/wp-content\/uploads\/2025\/10\/1758868791163-Ana-Ma-Bujalance-Jurado.jpg?fit=5120%2C3840&amp;ssl=1\" class=\"attachment-full size-full\" alt=\"\" srcset=\"https:\/\/i0.wp.com\/escolagrancapita.wpcomstaging.com\/wp-content\/uploads\/2025\/10\/1758868791163-Ana-Ma-Bujalance-Jurado.jpg?w=5120&amp;ssl=1 5120w, https:\/\/i0.wp.com\/escolagrancapita.wpcomstaging.com\/wp-content\/uploads\/2025\/10\/1758868791163-Ana-Ma-Bujalance-Jurado.jpg?resize=300%2C225&amp;ssl=1 300w, https:\/\/i0.wp.com\/escolagrancapita.wpcomstaging.com\/wp-content\/uploads\/2025\/10\/1758868791163-Ana-Ma-Bujalance-Jurado.jpg?resize=1024%2C768&amp;ssl=1 1024w, https:\/\/i0.wp.com\/escolagrancapita.wpcomstaging.com\/wp-content\/uploads\/2025\/10\/1758868791163-Ana-Ma-Bujalance-Jurado.jpg?resize=768%2C576&amp;ssl=1 768w, https:\/\/i0.wp.com\/escolagrancapita.wpcomstaging.com\/wp-content\/uploads\/2025\/10\/1758868791163-Ana-Ma-Bujalance-Jurado.jpg?resize=1536%2C1152&amp;ssl=1 1536w, https:\/\/i0.wp.com\/escolagrancapita.wpcomstaging.com\/wp-content\/uploads\/2025\/10\/1758868791163-Ana-Ma-Bujalance-Jurado.jpg?resize=2048%2C1536&amp;ssl=1 2048w, https:\/\/i0.wp.com\/escolagrancapita.wpcomstaging.com\/wp-content\/uploads\/2025\/10\/1758868791163-Ana-Ma-Bujalance-Jurado.jpg?w=2250&amp;ssl=1 2250w\" sizes=\"auto, (max-width: 750px) 100vw, 750px\" \/>\n\t\t\t<\/div><\/figure><figure class='gallery-item'>\n\t\t\t<div class='gallery-icon landscape'>\n\t\t\t\t<img loading=\"lazy\" decoding=\"async\" width=\"5120\" height=\"3840\" src=\"https:\/\/i0.wp.com\/escolagrancapita.wpcomstaging.com\/wp-content\/uploads\/2025\/10\/1758868819949-Ana-Ma-Bujalance-Jurado.jpg?fit=5120%2C3840&amp;ssl=1\" class=\"attachment-full size-full\" alt=\"\" srcset=\"https:\/\/i0.wp.com\/escolagrancapita.wpcomstaging.com\/wp-content\/uploads\/2025\/10\/1758868819949-Ana-Ma-Bujalance-Jurado.jpg?w=5120&amp;ssl=1 5120w, https:\/\/i0.wp.com\/escolagrancapita.wpcomstaging.com\/wp-content\/uploads\/2025\/10\/1758868819949-Ana-Ma-Bujalance-Jurado.jpg?resize=300%2C225&amp;ssl=1 300w, https:\/\/i0.wp.com\/escolagrancapita.wpcomstaging.com\/wp-content\/uploads\/2025\/10\/1758868819949-Ana-Ma-Bujalance-Jurado.jpg?resize=1024%2C768&amp;ssl=1 1024w, https:\/\/i0.wp.com\/escolagrancapita.wpcomstaging.com\/wp-content\/uploads\/2025\/10\/1758868819949-Ana-Ma-Bujalance-Jurado.jpg?resize=768%2C576&amp;ssl=1 768w, https:\/\/i0.wp.com\/escolagrancapita.wpcomstaging.com\/wp-content\/uploads\/2025\/10\/1758868819949-Ana-Ma-Bujalance-Jurado.jpg?resize=1536%2C1152&amp;ssl=1 1536w, https:\/\/i0.wp.com\/escolagrancapita.wpcomstaging.com\/wp-content\/uploads\/2025\/10\/1758868819949-Ana-Ma-Bujalance-Jurado.jpg?resize=2048%2C1536&amp;ssl=1 2048w, https:\/\/i0.wp.com\/escolagrancapita.wpcomstaging.com\/wp-content\/uploads\/2025\/10\/1758868819949-Ana-Ma-Bujalance-Jurado.jpg?w=2250&amp;ssl=1 2250w\" sizes=\"auto, (max-width: 750px) 100vw, 750px\" \/>\n\t\t\t<\/div><\/figure>\n\t\t<\/div>\n\n<p style=\"text-align: justify;\">Aquest tipus d\u2019activitats contribueixen a treballar les emocions, l\u2019expressi\u00f3 oral i la vinculaci\u00f3 afectiva, aspectes essencials en el desenvolupament personal i social a l\u2019etapa d\u2019Infantil.<\/p>\n<p style=\"text-align: justify;\"><strong>Benvingudes i benvinguts, fam\u00edlies, a un nou curs ple d\u2019aprenentatges i descobertes compartides!<\/strong><\/p>\n","protected":false},"excerpt":{"rendered":"<p>Aquest setembre, el grup d\u2019I4 va viure una jornada molt especial. Despr\u00e9s de les vacances d\u2019estiu, era moment de retrobar-se, compartir viv\u00e8ncies i explicar com havia anat aquest temps de descans. Mitjan\u00e7ant una din\u00e0mica l\u00fadica i participativa, cada infant va<\/p>\n","protected":false},"author":1,"featured_media":0,"parent":0,"menu_order":0,"comment_status":"closed","ping_status":"closed","template":"","meta":{"_crdt_document":"","footnotes":""},"categories":[],"tags":[151,77],"class_list":["post-26624","page","type-page","status-publish","hentry","tag-curs-2025-26","tag-ed-infantil"],"jetpack_sharing_enabled":true,"_links":{"self":[{"href":"https:\/\/escolagrancapita.wpcomstaging.com\/index.php?rest_route=\/wp\/v2\/pages\/26624","targetHints":{"allow":["GET"]}}],"collection":[{"href":"https:\/\/escolagrancapita.wpcomstaging.com\/index.php?rest_route=\/wp\/v2\/pages"}],"about":[{"href":"https:\/\/escolagrancapita.wpcomstaging.com\/index.php?rest_route=\/wp\/v2\/types\/page"}],"author":[{"embeddable":true,"href":"https:\/\/escolagrancapita.wpcomstaging.com\/index.php?rest_route=\/wp\/v2\/users\/1"}],"replies":[{"embeddable":true,"href":"https:\/\/escolagrancapita.wpcomstaging.com\/index.php?rest_route=%2Fwp%2Fv2%2Fcomments&post=26624"}],"version-history":[{"count":3,"href":"https:\/\/escolagrancapita.wpcomstaging.com\/index.php?rest_route=\/wp\/v2\/pages\/26624\/revisions"}],"predecessor-version":[{"id":26794,"href":"https:\/\/escolagrancapita.wpcomstaging.com\/index.php?rest_route=\/wp\/v2\/pages\/26624\/revisions\/26794"}],"wp:attachment":[{"href":"https:\/\/escolagrancapita.wpcomstaging.com\/index.php?rest_route=%2Fwp%2Fv2%2Fmedia&parent=26624"}],"wp:term":[{"taxonomy":"category","embeddable":true,"href":"https:\/\/escolagrancapita.wpcomstaging.com\/index.php?rest_route=%2Fwp%2Fv2%2Fcategories&post=26624"},{"taxonomy":"post_tag","embeddable":true,"href":"https:\/\/escolagrancapita.wpcomstaging.com\/index.php?rest_route=%2Fwp%2Fv2%2Ftags&post=26624"}],"curies":[{"name":"wp","href":"https:\/\/api.w.org\/{rel}","templated":true}]}}