{"id":26888,"date":"2025-10-12T08:18:54","date_gmt":"2025-10-12T08:18:54","guid":{"rendered":"https:\/\/escolagrancapita.wpcomstaging.com\/?page_id=26888"},"modified":"2025-10-12T08:19:42","modified_gmt":"2025-10-12T08:19:42","slug":"descobrint-la-tardor-a-i3","status":"publish","type":"page","link":"https:\/\/escolagrancapita.wpcomstaging.com\/?page_id=26888","title":{"rendered":"Descobrint la tardor a I3"},"content":{"rendered":"<p style=\"text-align: justify;\">I3 ha viscut unes setmanes plenes de colors, textures i emocions descobrint les meravelles de la tardor. Mitjan\u00e7ant activitats manipulatives, pl\u00e0stiques i sensorials, les criatures han explorat aquesta estaci\u00f3 tan especial, desenvolupant la motricitat fina i compartint moments d\u2019aprenentatge amb el grup.<\/p>\n<p style=\"text-align: justify;\">A l\u2019aula han pintat fulles amb els colors caracter\u00edstics de la tardor \u2014vermell, taronja, groc i marr\u00f3\u2014, han experimentat amb fruits de temporada com les pinyes i han creat composicions art\u00edstiques que decoren els passadissos amb un toc natural i acollidor.<\/p>\n<div id='gallery-1' class='gallery galleryid-26888 gallery-columns-1 gallery-size-full'><figure class='gallery-item'>\n\t\t\t<div class='gallery-icon landscape'>\n\t\t\t\t<img loading=\"lazy\" decoding=\"async\" width=\"4032\" height=\"3024\" src=\"https:\/\/i0.wp.com\/escolagrancapita.wpcomstaging.com\/wp-content\/uploads\/2025\/10\/IMG_4926-Carol-Garcia-Martinez.jpg?fit=4032%2C3024&amp;ssl=1\" class=\"attachment-full size-full\" alt=\"\" srcset=\"https:\/\/i0.wp.com\/escolagrancapita.wpcomstaging.com\/wp-content\/uploads\/2025\/10\/IMG_4926-Carol-Garcia-Martinez.jpg?w=4032&amp;ssl=1 4032w, https:\/\/i0.wp.com\/escolagrancapita.wpcomstaging.com\/wp-content\/uploads\/2025\/10\/IMG_4926-Carol-Garcia-Martinez.jpg?resize=300%2C225&amp;ssl=1 300w, https:\/\/i0.wp.com\/escolagrancapita.wpcomstaging.com\/wp-content\/uploads\/2025\/10\/IMG_4926-Carol-Garcia-Martinez.jpg?resize=1024%2C768&amp;ssl=1 1024w, https:\/\/i0.wp.com\/escolagrancapita.wpcomstaging.com\/wp-content\/uploads\/2025\/10\/IMG_4926-Carol-Garcia-Martinez.jpg?resize=768%2C576&amp;ssl=1 768w, https:\/\/i0.wp.com\/escolagrancapita.wpcomstaging.com\/wp-content\/uploads\/2025\/10\/IMG_4926-Carol-Garcia-Martinez.jpg?resize=1536%2C1152&amp;ssl=1 1536w, https:\/\/i0.wp.com\/escolagrancapita.wpcomstaging.com\/wp-content\/uploads\/2025\/10\/IMG_4926-Carol-Garcia-Martinez.jpg?resize=2048%2C1536&amp;ssl=1 2048w, https:\/\/i0.wp.com\/escolagrancapita.wpcomstaging.com\/wp-content\/uploads\/2025\/10\/IMG_4926-Carol-Garcia-Martinez.jpg?w=2250&amp;ssl=1 2250w\" sizes=\"auto, (max-width: 750px) 100vw, 750px\" \/>\n\t\t\t<\/div><\/figure>\n\t\t<\/div>\n\n<div id='gallery-2' class='gallery galleryid-26888 gallery-columns-3 gallery-size-full'><figure class='gallery-item'>\n\t\t\t<div class='gallery-icon portrait'>\n\t\t\t\t<img loading=\"lazy\" decoding=\"async\" width=\"3024\" height=\"4032\" src=\"https:\/\/i0.wp.com\/escolagrancapita.wpcomstaging.com\/wp-content\/uploads\/2025\/10\/IMG_4916-Carol-Garcia-Martinez-rotated.jpg?fit=3024%2C4032&amp;ssl=1\" class=\"attachment-full size-full\" alt=\"\" srcset=\"https:\/\/i0.wp.com\/escolagrancapita.wpcomstaging.com\/wp-content\/uploads\/2025\/10\/IMG_4916-Carol-Garcia-Martinez-rotated.jpg?w=3024&amp;ssl=1 3024w, https:\/\/i0.wp.com\/escolagrancapita.wpcomstaging.com\/wp-content\/uploads\/2025\/10\/IMG_4916-Carol-Garcia-Martinez-rotated.jpg?resize=225%2C300&amp;ssl=1 225w, https:\/\/i0.wp.com\/escolagrancapita.wpcomstaging.com\/wp-content\/uploads\/2025\/10\/IMG_4916-Carol-Garcia-Martinez-rotated.jpg?resize=768%2C1024&amp;ssl=1 768w, https:\/\/i0.wp.com\/escolagrancapita.wpcomstaging.com\/wp-content\/uploads\/2025\/10\/IMG_4916-Carol-Garcia-Martinez-rotated.jpg?resize=1152%2C1536&amp;ssl=1 1152w, https:\/\/i0.wp.com\/escolagrancapita.wpcomstaging.com\/wp-content\/uploads\/2025\/10\/IMG_4916-Carol-Garcia-Martinez-rotated.jpg?resize=1536%2C2048&amp;ssl=1 1536w, https:\/\/i0.wp.com\/escolagrancapita.wpcomstaging.com\/wp-content\/uploads\/2025\/10\/IMG_4916-Carol-Garcia-Martinez-rotated.jpg?w=2250&amp;ssl=1 2250w\" sizes=\"auto, (max-width: 750px) 100vw, 750px\" \/>\n\t\t\t<\/div><\/figure><figure class='gallery-item'>\n\t\t\t<div class='gallery-icon portrait'>\n\t\t\t\t<img loading=\"lazy\" decoding=\"async\" width=\"1200\" height=\"1600\" src=\"https:\/\/i0.wp.com\/escolagrancapita.wpcomstaging.com\/wp-content\/uploads\/2025\/10\/e2e7ea1e-4511-4a0e-98c7-453440d3a356-Carol-Garcia-Martinez.jpg?fit=1200%2C1600&amp;ssl=1\" class=\"attachment-full size-full\" alt=\"\" srcset=\"https:\/\/i0.wp.com\/escolagrancapita.wpcomstaging.com\/wp-content\/uploads\/2025\/10\/e2e7ea1e-4511-4a0e-98c7-453440d3a356-Carol-Garcia-Martinez.jpg?w=1200&amp;ssl=1 1200w, https:\/\/i0.wp.com\/escolagrancapita.wpcomstaging.com\/wp-content\/uploads\/2025\/10\/e2e7ea1e-4511-4a0e-98c7-453440d3a356-Carol-Garcia-Martinez.jpg?resize=225%2C300&amp;ssl=1 225w, https:\/\/i0.wp.com\/escolagrancapita.wpcomstaging.com\/wp-content\/uploads\/2025\/10\/e2e7ea1e-4511-4a0e-98c7-453440d3a356-Carol-Garcia-Martinez.jpg?resize=768%2C1024&amp;ssl=1 768w, https:\/\/i0.wp.com\/escolagrancapita.wpcomstaging.com\/wp-content\/uploads\/2025\/10\/e2e7ea1e-4511-4a0e-98c7-453440d3a356-Carol-Garcia-Martinez.jpg?resize=1152%2C1536&amp;ssl=1 1152w\" sizes=\"auto, (max-width: 750px) 100vw, 750px\" \/>\n\t\t\t<\/div><\/figure><figure class='gallery-item'>\n\t\t\t<div class='gallery-icon portrait'>\n\t\t\t\t<img loading=\"lazy\" decoding=\"async\" width=\"3024\" height=\"4032\" src=\"https:\/\/i0.wp.com\/escolagrancapita.wpcomstaging.com\/wp-content\/uploads\/2025\/10\/IMG_4924-Carol-Garcia-Martinez-rotated.jpg?fit=3024%2C4032&amp;ssl=1\" class=\"attachment-full size-full\" alt=\"\" srcset=\"https:\/\/i0.wp.com\/escolagrancapita.wpcomstaging.com\/wp-content\/uploads\/2025\/10\/IMG_4924-Carol-Garcia-Martinez-rotated.jpg?w=3024&amp;ssl=1 3024w, https:\/\/i0.wp.com\/escolagrancapita.wpcomstaging.com\/wp-content\/uploads\/2025\/10\/IMG_4924-Carol-Garcia-Martinez-rotated.jpg?resize=225%2C300&amp;ssl=1 225w, https:\/\/i0.wp.com\/escolagrancapita.wpcomstaging.com\/wp-content\/uploads\/2025\/10\/IMG_4924-Carol-Garcia-Martinez-rotated.jpg?resize=768%2C1024&amp;ssl=1 768w, https:\/\/i0.wp.com\/escolagrancapita.wpcomstaging.com\/wp-content\/uploads\/2025\/10\/IMG_4924-Carol-Garcia-Martinez-rotated.jpg?resize=1152%2C1536&amp;ssl=1 1152w, https:\/\/i0.wp.com\/escolagrancapita.wpcomstaging.com\/wp-content\/uploads\/2025\/10\/IMG_4924-Carol-Garcia-Martinez-rotated.jpg?resize=1536%2C2048&amp;ssl=1 1536w, https:\/\/i0.wp.com\/escolagrancapita.wpcomstaging.com\/wp-content\/uploads\/2025\/10\/IMG_4924-Carol-Garcia-Martinez-rotated.jpg?w=2250&amp;ssl=1 2250w\" sizes=\"auto, (max-width: 750px) 100vw, 750px\" \/>\n\t\t\t<\/div><\/figure>\n\t\t<\/div>\n\n<p style=\"text-align: justify;\">Una de les propostes m\u00e9s motivadores ha estat portar elements de la tardor de casa: fulles seques, petits tresors trobats al bosc o al parc i fins i tot fotografies d\u2019excursions en fam\u00edlia. Aquest intercanvi ha perm\u00e8s expressar viv\u00e8ncies personals, refor\u00e7ar el llenguatge oral i enfortir el vincle entre escola i fam\u00edlia.<\/p>\n<div id='gallery-3' class='gallery galleryid-26888 gallery-columns-2 gallery-size-full'><figure class='gallery-item'>\n\t\t\t<div class='gallery-icon portrait'>\n\t\t\t\t<img loading=\"lazy\" decoding=\"async\" width=\"2532\" height=\"2942\" src=\"https:\/\/i0.wp.com\/escolagrancapita.wpcomstaging.com\/wp-content\/uploads\/2025\/10\/IMG_5028-Carol-Garcia-Martinez-rotated-e1760257096797.jpg?fit=2532%2C2942&amp;ssl=1\" class=\"attachment-full size-full\" alt=\"\" srcset=\"https:\/\/i0.wp.com\/escolagrancapita.wpcomstaging.com\/wp-content\/uploads\/2025\/10\/IMG_5028-Carol-Garcia-Martinez-rotated-e1760257096797.jpg?w=2532&amp;ssl=1 2532w, https:\/\/i0.wp.com\/escolagrancapita.wpcomstaging.com\/wp-content\/uploads\/2025\/10\/IMG_5028-Carol-Garcia-Martinez-rotated-e1760257096797.jpg?resize=258%2C300&amp;ssl=1 258w, https:\/\/i0.wp.com\/escolagrancapita.wpcomstaging.com\/wp-content\/uploads\/2025\/10\/IMG_5028-Carol-Garcia-Martinez-rotated-e1760257096797.jpg?resize=881%2C1024&amp;ssl=1 881w, https:\/\/i0.wp.com\/escolagrancapita.wpcomstaging.com\/wp-content\/uploads\/2025\/10\/IMG_5028-Carol-Garcia-Martinez-rotated-e1760257096797.jpg?resize=768%2C892&amp;ssl=1 768w, https:\/\/i0.wp.com\/escolagrancapita.wpcomstaging.com\/wp-content\/uploads\/2025\/10\/IMG_5028-Carol-Garcia-Martinez-rotated-e1760257096797.jpg?resize=1322%2C1536&amp;ssl=1 1322w, https:\/\/i0.wp.com\/escolagrancapita.wpcomstaging.com\/wp-content\/uploads\/2025\/10\/IMG_5028-Carol-Garcia-Martinez-rotated-e1760257096797.jpg?resize=1763%2C2048&amp;ssl=1 1763w, https:\/\/i0.wp.com\/escolagrancapita.wpcomstaging.com\/wp-content\/uploads\/2025\/10\/IMG_5028-Carol-Garcia-Martinez-rotated-e1760257096797.jpg?w=1500&amp;ssl=1 1500w, https:\/\/i0.wp.com\/escolagrancapita.wpcomstaging.com\/wp-content\/uploads\/2025\/10\/IMG_5028-Carol-Garcia-Martinez-rotated-e1760257096797.jpg?w=2250&amp;ssl=1 2250w\" sizes=\"auto, (max-width: 750px) 100vw, 750px\" \/>\n\t\t\t<\/div><\/figure><figure class='gallery-item'>\n\t\t\t<div class='gallery-icon portrait'>\n\t\t\t\t<img loading=\"lazy\" decoding=\"async\" width=\"827\" height=\"963\" src=\"https:\/\/i0.wp.com\/escolagrancapita.wpcomstaging.com\/wp-content\/uploads\/2025\/10\/IMG_5042-Carol-Garcia-Martinez-e1760257124422.png?fit=827%2C963&amp;ssl=1\" class=\"attachment-full size-full\" alt=\"\" srcset=\"https:\/\/i0.wp.com\/escolagrancapita.wpcomstaging.com\/wp-content\/uploads\/2025\/10\/IMG_5042-Carol-Garcia-Martinez-e1760257124422.png?w=827&amp;ssl=1 827w, https:\/\/i0.wp.com\/escolagrancapita.wpcomstaging.com\/wp-content\/uploads\/2025\/10\/IMG_5042-Carol-Garcia-Martinez-e1760257124422.png?resize=258%2C300&amp;ssl=1 258w, https:\/\/i0.wp.com\/escolagrancapita.wpcomstaging.com\/wp-content\/uploads\/2025\/10\/IMG_5042-Carol-Garcia-Martinez-e1760257124422.png?resize=768%2C894&amp;ssl=1 768w\" sizes=\"auto, (max-width: 750px) 100vw, 750px\" \/>\n\t\t\t<\/div><\/figure>\n\t\t<\/div>\n\n<p style=\"text-align: justify;\">Tamb\u00e9 s\u2019ha dut a terme una activitat de <strong>safata sensorial<\/strong>, en qu\u00e8 l\u2019alumnat ha pogut fer trasvasaments amb materials naturals com llegums secs, arr\u00f2s tenyit amb colors c\u00e0lids, escorces, pinyes petites i fulles seques. Aquesta experi\u00e8ncia sensorial ha afavorit la concentraci\u00f3, la coordinaci\u00f3 \u00f2cul-manual i la curiositat per l\u2019experimentaci\u00f3 lliure.<\/p>\n<div id='gallery-4' class='gallery galleryid-26888 gallery-columns-1 gallery-size-full'><figure class='gallery-item'>\n\t\t\t<div class='gallery-icon landscape'>\n\t\t\t\t<img loading=\"lazy\" decoding=\"async\" width=\"3367\" height=\"3024\" src=\"https:\/\/i0.wp.com\/escolagrancapita.wpcomstaging.com\/wp-content\/uploads\/2025\/10\/IMG_5043-Carol-Garcia-Martinez-e1760256964373.jpg?fit=3367%2C3024&amp;ssl=1\" class=\"attachment-full size-full\" alt=\"\" srcset=\"https:\/\/i0.wp.com\/escolagrancapita.wpcomstaging.com\/wp-content\/uploads\/2025\/10\/IMG_5043-Carol-Garcia-Martinez-e1760256964373.jpg?w=3367&amp;ssl=1 3367w, https:\/\/i0.wp.com\/escolagrancapita.wpcomstaging.com\/wp-content\/uploads\/2025\/10\/IMG_5043-Carol-Garcia-Martinez-e1760256964373.jpg?resize=300%2C269&amp;ssl=1 300w, https:\/\/i0.wp.com\/escolagrancapita.wpcomstaging.com\/wp-content\/uploads\/2025\/10\/IMG_5043-Carol-Garcia-Martinez-e1760256964373.jpg?resize=1024%2C920&amp;ssl=1 1024w, https:\/\/i0.wp.com\/escolagrancapita.wpcomstaging.com\/wp-content\/uploads\/2025\/10\/IMG_5043-Carol-Garcia-Martinez-e1760256964373.jpg?resize=768%2C690&amp;ssl=1 768w, https:\/\/i0.wp.com\/escolagrancapita.wpcomstaging.com\/wp-content\/uploads\/2025\/10\/IMG_5043-Carol-Garcia-Martinez-e1760256964373.jpg?resize=1536%2C1380&amp;ssl=1 1536w, https:\/\/i0.wp.com\/escolagrancapita.wpcomstaging.com\/wp-content\/uploads\/2025\/10\/IMG_5043-Carol-Garcia-Martinez-e1760256964373.jpg?resize=2048%2C1839&amp;ssl=1 2048w, https:\/\/i0.wp.com\/escolagrancapita.wpcomstaging.com\/wp-content\/uploads\/2025\/10\/IMG_5043-Carol-Garcia-Martinez-e1760256964373.jpg?w=2250&amp;ssl=1 2250w\" sizes=\"auto, (max-width: 750px) 100vw, 750px\" \/>\n\t\t\t<\/div><\/figure><figure class='gallery-item'>\n\t\t\t<div class='gallery-icon landscape'>\n\t\t\t\t<img loading=\"lazy\" decoding=\"async\" width=\"3024\" height=\"2660\" src=\"https:\/\/i0.wp.com\/escolagrancapita.wpcomstaging.com\/wp-content\/uploads\/2025\/10\/IMG_5045-Carol-Garcia-Martinez-rotated-e1760256950387.jpg?fit=3024%2C2660&amp;ssl=1\" class=\"attachment-full size-full\" alt=\"\" srcset=\"https:\/\/i0.wp.com\/escolagrancapita.wpcomstaging.com\/wp-content\/uploads\/2025\/10\/IMG_5045-Carol-Garcia-Martinez-rotated-e1760256950387.jpg?w=3024&amp;ssl=1 3024w, https:\/\/i0.wp.com\/escolagrancapita.wpcomstaging.com\/wp-content\/uploads\/2025\/10\/IMG_5045-Carol-Garcia-Martinez-rotated-e1760256950387.jpg?resize=300%2C264&amp;ssl=1 300w, https:\/\/i0.wp.com\/escolagrancapita.wpcomstaging.com\/wp-content\/uploads\/2025\/10\/IMG_5045-Carol-Garcia-Martinez-rotated-e1760256950387.jpg?resize=1024%2C901&amp;ssl=1 1024w, https:\/\/i0.wp.com\/escolagrancapita.wpcomstaging.com\/wp-content\/uploads\/2025\/10\/IMG_5045-Carol-Garcia-Martinez-rotated-e1760256950387.jpg?resize=768%2C676&amp;ssl=1 768w, https:\/\/i0.wp.com\/escolagrancapita.wpcomstaging.com\/wp-content\/uploads\/2025\/10\/IMG_5045-Carol-Garcia-Martinez-rotated-e1760256950387.jpg?resize=1536%2C1351&amp;ssl=1 1536w, https:\/\/i0.wp.com\/escolagrancapita.wpcomstaging.com\/wp-content\/uploads\/2025\/10\/IMG_5045-Carol-Garcia-Martinez-rotated-e1760256950387.jpg?resize=2048%2C1801&amp;ssl=1 2048w, https:\/\/i0.wp.com\/escolagrancapita.wpcomstaging.com\/wp-content\/uploads\/2025\/10\/IMG_5045-Carol-Garcia-Martinez-rotated-e1760256950387.jpg?w=2250&amp;ssl=1 2250w\" sizes=\"auto, (max-width: 750px) 100vw, 750px\" \/>\n\t\t\t<\/div><\/figure>\n\t\t<\/div>\n\n<p style=\"text-align: justify;\">Aquest tipus d\u2019activitats estimulen el joc simb\u00f2lic i la descoberta activa, fomentant l\u2019autonomia i la creativitat en un entorn segur i acollidor. A trav\u00e9s del tacte, la vista i l\u2019o\u00efda, les criatures aprenen a observar i estimar la natura, reconeixent els canvis que ens porta la tardor.<\/p>\n<div id='gallery-5' class='gallery galleryid-26888 gallery-columns-3 gallery-size-full'><figure class='gallery-item'>\n\t\t\t<div class='gallery-icon portrait'>\n\t\t\t\t<img loading=\"lazy\" decoding=\"async\" width=\"3024\" height=\"4032\" src=\"https:\/\/i0.wp.com\/escolagrancapita.wpcomstaging.com\/wp-content\/uploads\/2025\/10\/IMG_5052-Carol-Garcia-Martinez-rotated.jpg?fit=3024%2C4032&amp;ssl=1\" class=\"attachment-full size-full\" alt=\"\" srcset=\"https:\/\/i0.wp.com\/escolagrancapita.wpcomstaging.com\/wp-content\/uploads\/2025\/10\/IMG_5052-Carol-Garcia-Martinez-rotated.jpg?w=3024&amp;ssl=1 3024w, https:\/\/i0.wp.com\/escolagrancapita.wpcomstaging.com\/wp-content\/uploads\/2025\/10\/IMG_5052-Carol-Garcia-Martinez-rotated.jpg?resize=225%2C300&amp;ssl=1 225w, https:\/\/i0.wp.com\/escolagrancapita.wpcomstaging.com\/wp-content\/uploads\/2025\/10\/IMG_5052-Carol-Garcia-Martinez-rotated.jpg?resize=768%2C1024&amp;ssl=1 768w, https:\/\/i0.wp.com\/escolagrancapita.wpcomstaging.com\/wp-content\/uploads\/2025\/10\/IMG_5052-Carol-Garcia-Martinez-rotated.jpg?resize=1152%2C1536&amp;ssl=1 1152w, https:\/\/i0.wp.com\/escolagrancapita.wpcomstaging.com\/wp-content\/uploads\/2025\/10\/IMG_5052-Carol-Garcia-Martinez-rotated.jpg?resize=1536%2C2048&amp;ssl=1 1536w, https:\/\/i0.wp.com\/escolagrancapita.wpcomstaging.com\/wp-content\/uploads\/2025\/10\/IMG_5052-Carol-Garcia-Martinez-rotated.jpg?w=2250&amp;ssl=1 2250w\" sizes=\"auto, (max-width: 750px) 100vw, 750px\" \/>\n\t\t\t<\/div><\/figure><figure class='gallery-item'>\n\t\t\t<div class='gallery-icon portrait'>\n\t\t\t\t<img loading=\"lazy\" decoding=\"async\" width=\"3024\" height=\"4032\" src=\"https:\/\/i0.wp.com\/escolagrancapita.wpcomstaging.com\/wp-content\/uploads\/2025\/10\/IMG_4962-Carol-Garcia-Martinez-rotated.jpg?fit=3024%2C4032&amp;ssl=1\" class=\"attachment-full size-full\" alt=\"\" srcset=\"https:\/\/i0.wp.com\/escolagrancapita.wpcomstaging.com\/wp-content\/uploads\/2025\/10\/IMG_4962-Carol-Garcia-Martinez-rotated.jpg?w=3024&amp;ssl=1 3024w, https:\/\/i0.wp.com\/escolagrancapita.wpcomstaging.com\/wp-content\/uploads\/2025\/10\/IMG_4962-Carol-Garcia-Martinez-rotated.jpg?resize=225%2C300&amp;ssl=1 225w, https:\/\/i0.wp.com\/escolagrancapita.wpcomstaging.com\/wp-content\/uploads\/2025\/10\/IMG_4962-Carol-Garcia-Martinez-rotated.jpg?resize=768%2C1024&amp;ssl=1 768w, https:\/\/i0.wp.com\/escolagrancapita.wpcomstaging.com\/wp-content\/uploads\/2025\/10\/IMG_4962-Carol-Garcia-Martinez-rotated.jpg?resize=1152%2C1536&amp;ssl=1 1152w, https:\/\/i0.wp.com\/escolagrancapita.wpcomstaging.com\/wp-content\/uploads\/2025\/10\/IMG_4962-Carol-Garcia-Martinez-rotated.jpg?resize=1536%2C2048&amp;ssl=1 1536w, https:\/\/i0.wp.com\/escolagrancapita.wpcomstaging.com\/wp-content\/uploads\/2025\/10\/IMG_4962-Carol-Garcia-Martinez-rotated.jpg?w=2250&amp;ssl=1 2250w\" sizes=\"auto, (max-width: 750px) 100vw, 750px\" \/>\n\t\t\t<\/div><\/figure><figure class='gallery-item'>\n\t\t\t<div class='gallery-icon portrait'>\n\t\t\t\t<img loading=\"lazy\" decoding=\"async\" width=\"3024\" height=\"4032\" src=\"https:\/\/i0.wp.com\/escolagrancapita.wpcomstaging.com\/wp-content\/uploads\/2025\/10\/IMG_5053-Carol-Garcia-Martinez-rotated.jpg?fit=3024%2C4032&amp;ssl=1\" class=\"attachment-full size-full\" alt=\"\" srcset=\"https:\/\/i0.wp.com\/escolagrancapita.wpcomstaging.com\/wp-content\/uploads\/2025\/10\/IMG_5053-Carol-Garcia-Martinez-rotated.jpg?w=3024&amp;ssl=1 3024w, https:\/\/i0.wp.com\/escolagrancapita.wpcomstaging.com\/wp-content\/uploads\/2025\/10\/IMG_5053-Carol-Garcia-Martinez-rotated.jpg?resize=225%2C300&amp;ssl=1 225w, https:\/\/i0.wp.com\/escolagrancapita.wpcomstaging.com\/wp-content\/uploads\/2025\/10\/IMG_5053-Carol-Garcia-Martinez-rotated.jpg?resize=768%2C1024&amp;ssl=1 768w, https:\/\/i0.wp.com\/escolagrancapita.wpcomstaging.com\/wp-content\/uploads\/2025\/10\/IMG_5053-Carol-Garcia-Martinez-rotated.jpg?resize=1152%2C1536&amp;ssl=1 1152w, https:\/\/i0.wp.com\/escolagrancapita.wpcomstaging.com\/wp-content\/uploads\/2025\/10\/IMG_5053-Carol-Garcia-Martinez-rotated.jpg?resize=1536%2C2048&amp;ssl=1 1536w, https:\/\/i0.wp.com\/escolagrancapita.wpcomstaging.com\/wp-content\/uploads\/2025\/10\/IMG_5053-Carol-Garcia-Martinez-rotated.jpg?w=2250&amp;ssl=1 2250w\" sizes=\"auto, (max-width: 750px) 100vw, 750px\" \/>\n\t\t\t<\/div><\/figure>\n\t\t<\/div>\n\n<p style=\"text-align: justify;\">Una experi\u00e8ncia enriquidora que consolida aprenentatges i contribueix al desenvolupament integral de cada infant.<\/p>\n<div id='gallery-6' class='gallery galleryid-26888 gallery-columns-2 gallery-size-full'><figure class='gallery-item'>\n\t\t\t<div class='gallery-icon portrait'>\n\t\t\t\t<img loading=\"lazy\" decoding=\"async\" width=\"3024\" height=\"4032\" src=\"https:\/\/i0.wp.com\/escolagrancapita.wpcomstaging.com\/wp-content\/uploads\/2025\/10\/IMG_5097-Carol-Garcia-Martinez-rotated.jpg?fit=3024%2C4032&amp;ssl=1\" class=\"attachment-full size-full\" alt=\"\" srcset=\"https:\/\/i0.wp.com\/escolagrancapita.wpcomstaging.com\/wp-content\/uploads\/2025\/10\/IMG_5097-Carol-Garcia-Martinez-rotated.jpg?w=3024&amp;ssl=1 3024w, https:\/\/i0.wp.com\/escolagrancapita.wpcomstaging.com\/wp-content\/uploads\/2025\/10\/IMG_5097-Carol-Garcia-Martinez-rotated.jpg?resize=225%2C300&amp;ssl=1 225w, https:\/\/i0.wp.com\/escolagrancapita.wpcomstaging.com\/wp-content\/uploads\/2025\/10\/IMG_5097-Carol-Garcia-Martinez-rotated.jpg?resize=768%2C1024&amp;ssl=1 768w, https:\/\/i0.wp.com\/escolagrancapita.wpcomstaging.com\/wp-content\/uploads\/2025\/10\/IMG_5097-Carol-Garcia-Martinez-rotated.jpg?resize=1152%2C1536&amp;ssl=1 1152w, https:\/\/i0.wp.com\/escolagrancapita.wpcomstaging.com\/wp-content\/uploads\/2025\/10\/IMG_5097-Carol-Garcia-Martinez-rotated.jpg?resize=1536%2C2048&amp;ssl=1 1536w, https:\/\/i0.wp.com\/escolagrancapita.wpcomstaging.com\/wp-content\/uploads\/2025\/10\/IMG_5097-Carol-Garcia-Martinez-rotated.jpg?w=2250&amp;ssl=1 2250w\" sizes=\"auto, (max-width: 750px) 100vw, 750px\" \/>\n\t\t\t<\/div><\/figure><figure class='gallery-item'>\n\t\t\t<div class='gallery-icon portrait'>\n\t\t\t\t<img loading=\"lazy\" decoding=\"async\" width=\"3024\" height=\"4032\" src=\"https:\/\/i0.wp.com\/escolagrancapita.wpcomstaging.com\/wp-content\/uploads\/2025\/10\/IMG_5100-Carol-Garcia-Martinez-rotated.jpg?fit=3024%2C4032&amp;ssl=1\" class=\"attachment-full size-full\" alt=\"\" srcset=\"https:\/\/i0.wp.com\/escolagrancapita.wpcomstaging.com\/wp-content\/uploads\/2025\/10\/IMG_5100-Carol-Garcia-Martinez-rotated.jpg?w=3024&amp;ssl=1 3024w, https:\/\/i0.wp.com\/escolagrancapita.wpcomstaging.com\/wp-content\/uploads\/2025\/10\/IMG_5100-Carol-Garcia-Martinez-rotated.jpg?resize=225%2C300&amp;ssl=1 225w, https:\/\/i0.wp.com\/escolagrancapita.wpcomstaging.com\/wp-content\/uploads\/2025\/10\/IMG_5100-Carol-Garcia-Martinez-rotated.jpg?resize=768%2C1024&amp;ssl=1 768w, https:\/\/i0.wp.com\/escolagrancapita.wpcomstaging.com\/wp-content\/uploads\/2025\/10\/IMG_5100-Carol-Garcia-Martinez-rotated.jpg?resize=1152%2C1536&amp;ssl=1 1152w, https:\/\/i0.wp.com\/escolagrancapita.wpcomstaging.com\/wp-content\/uploads\/2025\/10\/IMG_5100-Carol-Garcia-Martinez-rotated.jpg?resize=1536%2C2048&amp;ssl=1 1536w, https:\/\/i0.wp.com\/escolagrancapita.wpcomstaging.com\/wp-content\/uploads\/2025\/10\/IMG_5100-Carol-Garcia-Martinez-rotated.jpg?w=2250&amp;ssl=1 2250w\" sizes=\"auto, (max-width: 750px) 100vw, 750px\" \/>\n\t\t\t<\/div><\/figure>\n\t\t<\/div>\n\n<p><strong>Visca la tardor!<\/strong><\/p>\n","protected":false},"excerpt":{"rendered":"<p>I3 ha viscut unes setmanes plenes de colors, textures i emocions descobrint les meravelles de la tardor. Mitjan\u00e7ant activitats manipulatives, pl\u00e0stiques i sensorials, les criatures han explorat aquesta estaci\u00f3 tan especial, desenvolupant la motricitat fina i compartint moments d\u2019aprenentatge amb<\/p>\n","protected":false},"author":1,"featured_media":0,"parent":0,"menu_order":0,"comment_status":"closed","ping_status":"closed","template":"","meta":{"_crdt_document":"","footnotes":""},"categories":[],"tags":[151,77],"class_list":["post-26888","page","type-page","status-publish","hentry","tag-curs-2025-26","tag-ed-infantil"],"jetpack_sharing_enabled":true,"_links":{"self":[{"href":"https:\/\/escolagrancapita.wpcomstaging.com\/index.php?rest_route=\/wp\/v2\/pages\/26888","targetHints":{"allow":["GET"]}}],"collection":[{"href":"https:\/\/escolagrancapita.wpcomstaging.com\/index.php?rest_route=\/wp\/v2\/pages"}],"about":[{"href":"https:\/\/escolagrancapita.wpcomstaging.com\/index.php?rest_route=\/wp\/v2\/types\/page"}],"author":[{"embeddable":true,"href":"https:\/\/escolagrancapita.wpcomstaging.com\/index.php?rest_route=\/wp\/v2\/users\/1"}],"replies":[{"embeddable":true,"href":"https:\/\/escolagrancapita.wpcomstaging.com\/index.php?rest_route=%2Fwp%2Fv2%2Fcomments&post=26888"}],"version-history":[{"count":3,"href":"https:\/\/escolagrancapita.wpcomstaging.com\/index.php?rest_route=\/wp\/v2\/pages\/26888\/revisions"}],"predecessor-version":[{"id":26907,"href":"https:\/\/escolagrancapita.wpcomstaging.com\/index.php?rest_route=\/wp\/v2\/pages\/26888\/revisions\/26907"}],"wp:attachment":[{"href":"https:\/\/escolagrancapita.wpcomstaging.com\/index.php?rest_route=%2Fwp%2Fv2%2Fmedia&parent=26888"}],"wp:term":[{"taxonomy":"category","embeddable":true,"href":"https:\/\/escolagrancapita.wpcomstaging.com\/index.php?rest_route=%2Fwp%2Fv2%2Fcategories&post=26888"},{"taxonomy":"post_tag","embeddable":true,"href":"https:\/\/escolagrancapita.wpcomstaging.com\/index.php?rest_route=%2Fwp%2Fv2%2Ftags&post=26888"}],"curies":[{"name":"wp","href":"https:\/\/api.w.org\/{rel}","templated":true}]}}