{"id":26933,"date":"2025-10-06T08:24:24","date_gmt":"2025-10-06T08:24:24","guid":{"rendered":"https:\/\/escolagrancapita.wpcomstaging.com\/?page_id=26933"},"modified":"2025-10-26T08:28:07","modified_gmt":"2025-10-26T08:28:07","slug":"dia-mundial-del-docent","status":"publish","type":"page","link":"https:\/\/escolagrancapita.wpcomstaging.com\/?page_id=26933","title":{"rendered":"Dia Mundial del Docent"},"content":{"rendered":"<p style=\"text-align: justify;\" data-start=\"82\" data-end=\"236\">El 5 d\u2019octubre hem commemorat el Dia Mundial del Docent, una jornada per recon\u00e8ixer la tasca educativa que es duu a terme dia rere dia al nostre centre.<\/p>\n<p style=\"text-align: justify;\" data-start=\"238\" data-end=\"401\">L\u2019alumnat ha expressat el seu agra\u00efment a tot l\u2019equip docent amb paraules, dibuixos i una vareta simb\u00f2lica amb el missatge: <strong><em data-start=\"362\" data-end=\"398\">\u201cGr\u00e0cies per ajudar-nos a brillar\u201d<\/em><\/strong>.<\/p>\n<p style=\"text-align: center;\" data-start=\"238\" data-end=\"401\"><iframe loading=\"lazy\" title=\"Dia Mundial del Docent\" src=\"https:\/\/www.youtube.com\/embed\/fhbQKvlE5ME\" width=\"482\" height=\"856\" frameborder=\"0\" allowfullscreen=\"allowfullscreen\"><\/iframe><\/p>\n<p style=\"text-align: justify;\" data-start=\"403\" data-end=\"609\">Compartim la m\u00e0gia d\u2019aprendre i cr\u00e9ixer plegats, des dels m\u00e9s petits fins als m\u00e9s grans, valorant el comprom\u00eds i la dedicaci\u00f3 que fan possible una educaci\u00f3 de qualitat per a tothom.<\/p>\n","protected":false},"excerpt":{"rendered":"<p>El 5 d\u2019octubre hem commemorat el Dia Mundial del Docent, una jornada per recon\u00e8ixer la tasca educativa que es duu a terme dia rere dia al nostre centre. L\u2019alumnat ha expressat el seu agra\u00efment a tot l\u2019equip docent amb paraules,<\/p>\n","protected":false},"author":1,"featured_media":0,"parent":0,"menu_order":0,"comment_status":"closed","ping_status":"closed","template":"","meta":{"_crdt_document":"","footnotes":""},"categories":[],"tags":[151,48,62],"class_list":["post-26933","page","type-page","status-publish","hentry","tag-curs-2025-26","tag-escola","tag-valors"],"jetpack_sharing_enabled":true,"_links":{"self":[{"href":"https:\/\/escolagrancapita.wpcomstaging.com\/index.php?rest_route=\/wp\/v2\/pages\/26933","targetHints":{"allow":["GET"]}}],"collection":[{"href":"https:\/\/escolagrancapita.wpcomstaging.com\/index.php?rest_route=\/wp\/v2\/pages"}],"about":[{"href":"https:\/\/escolagrancapita.wpcomstaging.com\/index.php?rest_route=\/wp\/v2\/types\/page"}],"author":[{"embeddable":true,"href":"https:\/\/escolagrancapita.wpcomstaging.com\/index.php?rest_route=\/wp\/v2\/users\/1"}],"replies":[{"embeddable":true,"href":"https:\/\/escolagrancapita.wpcomstaging.com\/index.php?rest_route=%2Fwp%2Fv2%2Fcomments&post=26933"}],"version-history":[{"count":4,"href":"https:\/\/escolagrancapita.wpcomstaging.com\/index.php?rest_route=\/wp\/v2\/pages\/26933\/revisions"}],"predecessor-version":[{"id":26954,"href":"https:\/\/escolagrancapita.wpcomstaging.com\/index.php?rest_route=\/wp\/v2\/pages\/26933\/revisions\/26954"}],"wp:attachment":[{"href":"https:\/\/escolagrancapita.wpcomstaging.com\/index.php?rest_route=%2Fwp%2Fv2%2Fmedia&parent=26933"}],"wp:term":[{"taxonomy":"category","embeddable":true,"href":"https:\/\/escolagrancapita.wpcomstaging.com\/index.php?rest_route=%2Fwp%2Fv2%2Fcategories&post=26933"},{"taxonomy":"post_tag","embeddable":true,"href":"https:\/\/escolagrancapita.wpcomstaging.com\/index.php?rest_route=%2Fwp%2Fv2%2Ftags&post=26933"}],"curies":[{"name":"wp","href":"https:\/\/api.w.org\/{rel}","templated":true}]}}