{"id":26936,"date":"2025-09-12T08:24:22","date_gmt":"2025-09-12T08:24:22","guid":{"rendered":"https:\/\/escolagrancapita.wpcomstaging.com\/?page_id=26936"},"modified":"2025-10-26T08:28:38","modified_gmt":"2025-10-26T08:28:38","slug":"obrint-les-portes-al-curs-2025-2026","status":"publish","type":"page","link":"https:\/\/escolagrancapita.wpcomstaging.com\/?page_id=26936","title":{"rendered":"Obrint les portes al curs 2025\u20132026"},"content":{"rendered":"<p style=\"text-align: justify;\" data-start=\"215\" data-end=\"289\">Donem la benvinguda al nou curs escolar, que enguany gira entorn del lema:<\/p>\n<p style=\"text-align: justify;\" data-start=\"291\" data-end=\"335\"><strong data-start=\"291\" data-end=\"335\">\u201cLlegir \u00e9s obrir la porta a mons m\u00e0gics\u201d<\/strong><\/p>\n<p style=\"text-align: center;\" data-start=\"291\" data-end=\"335\"><iframe loading=\"lazy\" title=\"Obrint les portes al curs 2025\u20132026\" src=\"https:\/\/www.youtube.com\/embed\/WLv8V1Tzrr4\" width=\"482\" height=\"856\" frameborder=\"0\" allowfullscreen=\"allowfullscreen\"><\/iframe><\/p>\n<p style=\"text-align: justify;\" data-start=\"337\" data-end=\"634\" data-is-last-node=\"\" data-is-only-node=\"\">A l\u2019escola comencem el curs amb entusiasme i amb la voluntat de continuar fomentant el gust per la lectura com a via d\u2019aprenentatge, imaginaci\u00f3 i descoberta. Llegir ens permet con\u00e8ixer realitats diverses, cr\u00e9ixer com a persones i compartir experi\u00e8ncies que enriqueixen tota la comunitat educativa.<\/p>\n","protected":false},"excerpt":{"rendered":"<p>Donem la benvinguda al nou curs escolar, que enguany gira entorn del lema: \u201cLlegir \u00e9s obrir la porta a mons m\u00e0gics\u201d A l\u2019escola comencem el curs amb entusiasme i amb la voluntat de continuar fomentant el gust per la lectura<\/p>\n","protected":false},"author":1,"featured_media":0,"parent":0,"menu_order":0,"comment_status":"closed","ping_status":"closed","template":"","meta":{"_crdt_document":"","footnotes":""},"categories":[],"tags":[151,48,62],"class_list":["post-26936","page","type-page","status-publish","hentry","tag-curs-2025-26","tag-escola","tag-valors"],"jetpack_sharing_enabled":true,"_links":{"self":[{"href":"https:\/\/escolagrancapita.wpcomstaging.com\/index.php?rest_route=\/wp\/v2\/pages\/26936","targetHints":{"allow":["GET"]}}],"collection":[{"href":"https:\/\/escolagrancapita.wpcomstaging.com\/index.php?rest_route=\/wp\/v2\/pages"}],"about":[{"href":"https:\/\/escolagrancapita.wpcomstaging.com\/index.php?rest_route=\/wp\/v2\/types\/page"}],"author":[{"embeddable":true,"href":"https:\/\/escolagrancapita.wpcomstaging.com\/index.php?rest_route=\/wp\/v2\/users\/1"}],"replies":[{"embeddable":true,"href":"https:\/\/escolagrancapita.wpcomstaging.com\/index.php?rest_route=%2Fwp%2Fv2%2Fcomments&post=26936"}],"version-history":[{"count":3,"href":"https:\/\/escolagrancapita.wpcomstaging.com\/index.php?rest_route=\/wp\/v2\/pages\/26936\/revisions"}],"predecessor-version":[{"id":26952,"href":"https:\/\/escolagrancapita.wpcomstaging.com\/index.php?rest_route=\/wp\/v2\/pages\/26936\/revisions\/26952"}],"wp:attachment":[{"href":"https:\/\/escolagrancapita.wpcomstaging.com\/index.php?rest_route=%2Fwp%2Fv2%2Fmedia&parent=26936"}],"wp:term":[{"taxonomy":"category","embeddable":true,"href":"https:\/\/escolagrancapita.wpcomstaging.com\/index.php?rest_route=%2Fwp%2Fv2%2Fcategories&post=26936"},{"taxonomy":"post_tag","embeddable":true,"href":"https:\/\/escolagrancapita.wpcomstaging.com\/index.php?rest_route=%2Fwp%2Fv2%2Ftags&post=26936"}],"curies":[{"name":"wp","href":"https:\/\/api.w.org\/{rel}","templated":true}]}}