{"id":27145,"date":"2025-11-23T12:16:41","date_gmt":"2025-11-23T12:16:41","guid":{"rendered":"https:\/\/escolagrancapita.wpcomstaging.com\/?page_id=27145"},"modified":"2025-11-23T12:16:41","modified_gmt":"2025-11-23T12:16:41","slug":"celebrant-santa-cecilia","status":"publish","type":"page","link":"https:\/\/escolagrancapita.wpcomstaging.com\/?page_id=27145","title":{"rendered":"Celebrant Santa Cecilia"},"content":{"rendered":"<p style=\"text-align: justify;\">El 22 de novembre se celebra <strong><a href=\"https:\/\/ca.wikipedia.org\/wiki\/Cec%C3%ADlia_de_Roma\" target=\"_blank\" rel=\"noopener\">Santa Cec\u00edlia<\/a>,<\/strong> patrona de la m\u00fasica i s\u00edmbol universal de la for\u00e7a transformadora de l\u2019art. En aquesta commemoraci\u00f3 recordem el llegat cultural associat a la figura de Cec\u00edlia i, sobretot, la import\u00e0ncia que la m\u00fasica t\u00e9 en la nostra vida quotidiana i en la nostra tradici\u00f3 educativa i comunit\u00e0ria.<\/p>\n<p style=\"text-align: justify;\">La m\u00fasica, alhora senzilla i profunda, \u00e9s un llenguatge universal que ens acompanya al llarg de la vida, afavoreix l\u2019expressi\u00f3 de les emocions i genera vincles entre persones i comunitats. Per aquest motiu, l\u2019escola reivindica el seu valor pedag\u00f2gic i la seva capacitat d\u2019inspirar experi\u00e8ncies d\u2019aprenentatge significatives.<\/p>\n<p style=\"text-align: justify;\">En aquest marc, l\u2019\u00e0rea d\u2019Educaci\u00f3 Art\u00edstica ha dissenyat i organitzat un conjunt d\u2019activitats centrades en aspectes essencials de la pr\u00e0ctica musical, com l\u2019afinaci\u00f3, la pulsaci\u00f3 i el ritme. Les propostes han estat pensades perqu\u00e8 l\u2019alumnat de totes les etapes educatives les visqui d\u2019una manera l\u00fadica, vivencial i afavoridora de la creativitat.<\/p>\n<p style=\"text-align: justify;\">A Educaci\u00f3 Infantil, han descobert el cant coral i han interpretat una can\u00e7\u00f3 amb cada grup de la seva etapa, familiaritzant-se amb l\u2019escolta i la coordinaci\u00f3 de veus.<\/p>\n<p style=\"text-align: justify;\">A Educaci\u00f3 Prim\u00e0ria, s\u2019han desenvolupat activitats diferenciades per cicles: el Cicle Inicial ha treballat la creativitat construint un instrument de percussi\u00f3 per marcar la pulsaci\u00f3 d\u2019una can\u00e7\u00f3; el Cicle Mitj\u00e0 ha combinat cant i moviment coordinat; i el Cicle Superior ha explorat la percussi\u00f3 corporal a partir d\u2019una melodia coneguda com la \u00abPantera Rosa\u00bb.<\/p>\n<p style=\"text-align: justify;\">Finalment, a Secund\u00e0ria (1r, 2n i 3r d\u2019ESO), s\u2019han treballat els mateixos elements musicals mitjan\u00e7ant la dansa i la coordinaci\u00f3 motriu, refor\u00e7ant la consci\u00e8ncia r\u00edtmica i el treball cooperatiu.<\/p>\n<p style=\"text-align: center;\"><iframe loading=\"lazy\" title=\"Celebrant Santa Cecilia\" src=\"https:\/\/www.youtube.com\/embed\/jZhVY7-zTho\" width=\"1310\" height=\"737\" frameborder=\"0\" allowfullscreen=\"allowfullscreen\"><\/iframe><\/p>\n<p style=\"text-align: justify;\">Des de l\u2019escola, agra\u00efm sincerament l\u2019entusiasme i la participaci\u00f3 de tota la comunitat educativa en aquesta diada. Animem a continuar fent de la m\u00fasica un element present en la vida quotidiana, com a font d\u2019expressi\u00f3, benestar i enriquiment personal i col\u00b7lectiu.<\/p>\n","protected":false},"excerpt":{"rendered":"<p>El 22 de novembre se celebra Santa Cec\u00edlia, patrona de la m\u00fasica i s\u00edmbol universal de la for\u00e7a transformadora de l\u2019art. En aquesta commemoraci\u00f3 recordem el llegat cultural associat a la figura de Cec\u00edlia i, sobretot, la import\u00e0ncia que la<\/p>\n","protected":false},"author":1,"featured_media":0,"parent":0,"menu_order":0,"comment_status":"closed","ping_status":"closed","template":"","meta":{"_crdt_document":"","footnotes":""},"categories":[],"tags":[151,77,86,43],"class_list":["post-27145","page","type-page","status-publish","hentry","tag-curs-2025-26","tag-ed-infantil","tag-ed-primaria","tag-ed-secundaria"],"jetpack_sharing_enabled":true,"_links":{"self":[{"href":"https:\/\/escolagrancapita.wpcomstaging.com\/index.php?rest_route=\/wp\/v2\/pages\/27145","targetHints":{"allow":["GET"]}}],"collection":[{"href":"https:\/\/escolagrancapita.wpcomstaging.com\/index.php?rest_route=\/wp\/v2\/pages"}],"about":[{"href":"https:\/\/escolagrancapita.wpcomstaging.com\/index.php?rest_route=\/wp\/v2\/types\/page"}],"author":[{"embeddable":true,"href":"https:\/\/escolagrancapita.wpcomstaging.com\/index.php?rest_route=\/wp\/v2\/users\/1"}],"replies":[{"embeddable":true,"href":"https:\/\/escolagrancapita.wpcomstaging.com\/index.php?rest_route=%2Fwp%2Fv2%2Fcomments&post=27145"}],"version-history":[{"count":3,"href":"https:\/\/escolagrancapita.wpcomstaging.com\/index.php?rest_route=\/wp\/v2\/pages\/27145\/revisions"}],"predecessor-version":[{"id":27148,"href":"https:\/\/escolagrancapita.wpcomstaging.com\/index.php?rest_route=\/wp\/v2\/pages\/27145\/revisions\/27148"}],"wp:attachment":[{"href":"https:\/\/escolagrancapita.wpcomstaging.com\/index.php?rest_route=%2Fwp%2Fv2%2Fmedia&parent=27145"}],"wp:term":[{"taxonomy":"category","embeddable":true,"href":"https:\/\/escolagrancapita.wpcomstaging.com\/index.php?rest_route=%2Fwp%2Fv2%2Fcategories&post=27145"},{"taxonomy":"post_tag","embeddable":true,"href":"https:\/\/escolagrancapita.wpcomstaging.com\/index.php?rest_route=%2Fwp%2Fv2%2Ftags&post=27145"}],"curies":[{"name":"wp","href":"https:\/\/api.w.org\/{rel}","templated":true}]}}