{"id":27158,"date":"2025-12-10T19:24:21","date_gmt":"2025-12-10T19:24:21","guid":{"rendered":"https:\/\/escolagrancapita.wpcomstaging.com\/?page_id=27158"},"modified":"2025-12-13T09:45:02","modified_gmt":"2025-12-13T09:45:02","slug":"experimentant-els-reptes-de-la-mobilitat-reduida","status":"publish","type":"page","link":"https:\/\/escolagrancapita.wpcomstaging.com\/?page_id=27158","title":{"rendered":"Experimentant els reptes de la mobilitat redu\u00efda"},"content":{"rendered":"<p style=\"text-align: justify;\"><span style=\"font-weight: 400;\">Coincidint amb el <a href=\"https:\/\/ca.wikipedia.org\/wiki\/Dia_Internacional_de_les_Persones_amb_Discapacitat\" target=\"_blank\" rel=\"noopener\"><strong>Dia Internacional de les Persones amb Discapacitat<\/strong><\/a>, commemorat cada 3 de desembre, el grup de 4t d\u2019ESO va participar en una activitat immersiva de sensibilitzaci\u00f3 que tenia com a objectiu comprendre, de manera vivencial, les dificultats quotidianes que afronten les persones amb mobilitat redu\u00efda que fan servir cadira de rodes.<\/span><\/p>\n<p style=\"text-align: justify;\"><span style=\"font-weight: 400;\">Al llarg de la jornada, l\u2019alumnat va <strong>rec\u00f3rrer circuits adaptats<\/strong> que reprodu\u00efen obstacles habituals en l\u2019entorn urb\u00e0, com ara rampes inclinades, girs pronunciats o superf\u00edcies irregulars. Aquesta experi\u00e8ncia els va permetre constatar com elements que sovint passen desapercebuts per a la majoria poden convertir-se en aut\u00e8ntiques barreres arquitect\u00f2niques i afectar la llibertat de moviments i la qualitat de vida de les persones.<\/span><\/p>\n<div id='gallery-1' class='gallery galleryid-27158 gallery-columns-2 gallery-size-full'><figure class='gallery-item'>\n\t\t\t<div class='gallery-icon landscape'>\n\t\t\t\t<img loading=\"lazy\" decoding=\"async\" width=\"2016\" height=\"1134\" src=\"https:\/\/i0.wp.com\/escolagrancapita.wpcomstaging.com\/wp-content\/uploads\/2025\/12\/WhatsApp-Image-2025-11-25-at-12.52.28-4-SUSANA-GARCIA-FERRERAS.jpeg?fit=2016%2C1134&amp;ssl=1\" class=\"attachment-full size-full\" alt=\"\" srcset=\"https:\/\/i0.wp.com\/escolagrancapita.wpcomstaging.com\/wp-content\/uploads\/2025\/12\/WhatsApp-Image-2025-11-25-at-12.52.28-4-SUSANA-GARCIA-FERRERAS.jpeg?w=2016&amp;ssl=1 2016w, https:\/\/i0.wp.com\/escolagrancapita.wpcomstaging.com\/wp-content\/uploads\/2025\/12\/WhatsApp-Image-2025-11-25-at-12.52.28-4-SUSANA-GARCIA-FERRERAS.jpeg?resize=300%2C169&amp;ssl=1 300w, https:\/\/i0.wp.com\/escolagrancapita.wpcomstaging.com\/wp-content\/uploads\/2025\/12\/WhatsApp-Image-2025-11-25-at-12.52.28-4-SUSANA-GARCIA-FERRERAS.jpeg?resize=1024%2C576&amp;ssl=1 1024w, https:\/\/i0.wp.com\/escolagrancapita.wpcomstaging.com\/wp-content\/uploads\/2025\/12\/WhatsApp-Image-2025-11-25-at-12.52.28-4-SUSANA-GARCIA-FERRERAS.jpeg?resize=768%2C432&amp;ssl=1 768w, https:\/\/i0.wp.com\/escolagrancapita.wpcomstaging.com\/wp-content\/uploads\/2025\/12\/WhatsApp-Image-2025-11-25-at-12.52.28-4-SUSANA-GARCIA-FERRERAS.jpeg?resize=1536%2C864&amp;ssl=1 1536w\" sizes=\"auto, (max-width: 750px) 100vw, 750px\" \/>\n\t\t\t<\/div><\/figure><figure class='gallery-item'>\n\t\t\t<div class='gallery-icon landscape'>\n\t\t\t\t<img loading=\"lazy\" decoding=\"async\" width=\"2016\" height=\"1134\" src=\"https:\/\/i0.wp.com\/escolagrancapita.wpcomstaging.com\/wp-content\/uploads\/2025\/12\/WhatsApp-Image-2025-11-25-at-12.52.29-1-SUSANA-GARCIA-FERRERAS.jpeg?fit=2016%2C1134&amp;ssl=1\" class=\"attachment-full size-full\" alt=\"\" srcset=\"https:\/\/i0.wp.com\/escolagrancapita.wpcomstaging.com\/wp-content\/uploads\/2025\/12\/WhatsApp-Image-2025-11-25-at-12.52.29-1-SUSANA-GARCIA-FERRERAS.jpeg?w=2016&amp;ssl=1 2016w, https:\/\/i0.wp.com\/escolagrancapita.wpcomstaging.com\/wp-content\/uploads\/2025\/12\/WhatsApp-Image-2025-11-25-at-12.52.29-1-SUSANA-GARCIA-FERRERAS.jpeg?resize=300%2C169&amp;ssl=1 300w, https:\/\/i0.wp.com\/escolagrancapita.wpcomstaging.com\/wp-content\/uploads\/2025\/12\/WhatsApp-Image-2025-11-25-at-12.52.29-1-SUSANA-GARCIA-FERRERAS.jpeg?resize=1024%2C576&amp;ssl=1 1024w, https:\/\/i0.wp.com\/escolagrancapita.wpcomstaging.com\/wp-content\/uploads\/2025\/12\/WhatsApp-Image-2025-11-25-at-12.52.29-1-SUSANA-GARCIA-FERRERAS.jpeg?resize=768%2C432&amp;ssl=1 768w, https:\/\/i0.wp.com\/escolagrancapita.wpcomstaging.com\/wp-content\/uploads\/2025\/12\/WhatsApp-Image-2025-11-25-at-12.52.29-1-SUSANA-GARCIA-FERRERAS.jpeg?resize=1536%2C864&amp;ssl=1 1536w\" sizes=\"auto, (max-width: 750px) 100vw, 750px\" \/>\n\t\t\t<\/div><\/figure><figure class='gallery-item'>\n\t\t\t<div class='gallery-icon landscape'>\n\t\t\t\t<img loading=\"lazy\" decoding=\"async\" width=\"2016\" height=\"1134\" src=\"https:\/\/i0.wp.com\/escolagrancapita.wpcomstaging.com\/wp-content\/uploads\/2025\/12\/WhatsApp-Image-2025-11-25-at-12.52.29-2-SUSANA-GARCIA-FERRERAS.jpeg?fit=2016%2C1134&amp;ssl=1\" class=\"attachment-full size-full\" alt=\"\" srcset=\"https:\/\/i0.wp.com\/escolagrancapita.wpcomstaging.com\/wp-content\/uploads\/2025\/12\/WhatsApp-Image-2025-11-25-at-12.52.29-2-SUSANA-GARCIA-FERRERAS.jpeg?w=2016&amp;ssl=1 2016w, https:\/\/i0.wp.com\/escolagrancapita.wpcomstaging.com\/wp-content\/uploads\/2025\/12\/WhatsApp-Image-2025-11-25-at-12.52.29-2-SUSANA-GARCIA-FERRERAS.jpeg?resize=300%2C169&amp;ssl=1 300w, https:\/\/i0.wp.com\/escolagrancapita.wpcomstaging.com\/wp-content\/uploads\/2025\/12\/WhatsApp-Image-2025-11-25-at-12.52.29-2-SUSANA-GARCIA-FERRERAS.jpeg?resize=1024%2C576&amp;ssl=1 1024w, https:\/\/i0.wp.com\/escolagrancapita.wpcomstaging.com\/wp-content\/uploads\/2025\/12\/WhatsApp-Image-2025-11-25-at-12.52.29-2-SUSANA-GARCIA-FERRERAS.jpeg?resize=768%2C432&amp;ssl=1 768w, https:\/\/i0.wp.com\/escolagrancapita.wpcomstaging.com\/wp-content\/uploads\/2025\/12\/WhatsApp-Image-2025-11-25-at-12.52.29-2-SUSANA-GARCIA-FERRERAS.jpeg?resize=1536%2C864&amp;ssl=1 1536w\" sizes=\"auto, (max-width: 750px) 100vw, 750px\" \/>\n\t\t\t<\/div><\/figure><figure class='gallery-item'>\n\t\t\t<div class='gallery-icon landscape'>\n\t\t\t\t<img loading=\"lazy\" decoding=\"async\" width=\"2016\" height=\"1134\" src=\"https:\/\/i0.wp.com\/escolagrancapita.wpcomstaging.com\/wp-content\/uploads\/2025\/12\/WhatsApp-Image-2025-11-25-at-12.52.30-SUSANA-GARCIA-FERRERAS.jpeg?fit=2016%2C1134&amp;ssl=1\" class=\"attachment-full size-full\" alt=\"\" srcset=\"https:\/\/i0.wp.com\/escolagrancapita.wpcomstaging.com\/wp-content\/uploads\/2025\/12\/WhatsApp-Image-2025-11-25-at-12.52.30-SUSANA-GARCIA-FERRERAS.jpeg?w=2016&amp;ssl=1 2016w, https:\/\/i0.wp.com\/escolagrancapita.wpcomstaging.com\/wp-content\/uploads\/2025\/12\/WhatsApp-Image-2025-11-25-at-12.52.30-SUSANA-GARCIA-FERRERAS.jpeg?resize=300%2C169&amp;ssl=1 300w, https:\/\/i0.wp.com\/escolagrancapita.wpcomstaging.com\/wp-content\/uploads\/2025\/12\/WhatsApp-Image-2025-11-25-at-12.52.30-SUSANA-GARCIA-FERRERAS.jpeg?resize=1024%2C576&amp;ssl=1 1024w, https:\/\/i0.wp.com\/escolagrancapita.wpcomstaging.com\/wp-content\/uploads\/2025\/12\/WhatsApp-Image-2025-11-25-at-12.52.30-SUSANA-GARCIA-FERRERAS.jpeg?resize=768%2C432&amp;ssl=1 768w, https:\/\/i0.wp.com\/escolagrancapita.wpcomstaging.com\/wp-content\/uploads\/2025\/12\/WhatsApp-Image-2025-11-25-at-12.52.30-SUSANA-GARCIA-FERRERAS.jpeg?resize=1536%2C864&amp;ssl=1 1536w\" sizes=\"auto, (max-width: 750px) 100vw, 750px\" \/>\n\t\t\t<\/div><\/figure>\n\t\t<\/div>\n\n<p style=\"text-align: justify;\"><span style=\"font-weight: 400;\">L\u2019activitat va culminar amb un <strong>partit de b\u00e0squet adaptat<\/strong>, que va evidenciar l\u2019esfor\u00e7 f\u00edsic i la t\u00e8cnica que requereix una pr\u00e0ctica esportiva inclusiva. All\u00f2 que inicialment podia semblar una proposta l\u00fadica va esdevenir un exercici intens i exigent que va afavorir la reflexi\u00f3 sobre la necessitat d\u2019adaptar els espais i les activitats perqu\u00e8 tothom hi pugui participar en igualtat de condicions.<\/span><\/p>\n<div id='gallery-2' class='gallery galleryid-27158 gallery-columns-3 gallery-size-full'><figure class='gallery-item'>\n\t\t\t<div class='gallery-icon landscape'>\n\t\t\t\t<img loading=\"lazy\" decoding=\"async\" width=\"2016\" height=\"1134\" src=\"https:\/\/i0.wp.com\/escolagrancapita.wpcomstaging.com\/wp-content\/uploads\/2025\/12\/WhatsApp-Image-2025-11-25-at-12.52.28-2-SUSANA-GARCIA-FERRERAS.jpeg?fit=2016%2C1134&amp;ssl=1\" class=\"attachment-full size-full\" alt=\"\" srcset=\"https:\/\/i0.wp.com\/escolagrancapita.wpcomstaging.com\/wp-content\/uploads\/2025\/12\/WhatsApp-Image-2025-11-25-at-12.52.28-2-SUSANA-GARCIA-FERRERAS.jpeg?w=2016&amp;ssl=1 2016w, https:\/\/i0.wp.com\/escolagrancapita.wpcomstaging.com\/wp-content\/uploads\/2025\/12\/WhatsApp-Image-2025-11-25-at-12.52.28-2-SUSANA-GARCIA-FERRERAS.jpeg?resize=300%2C169&amp;ssl=1 300w, https:\/\/i0.wp.com\/escolagrancapita.wpcomstaging.com\/wp-content\/uploads\/2025\/12\/WhatsApp-Image-2025-11-25-at-12.52.28-2-SUSANA-GARCIA-FERRERAS.jpeg?resize=1024%2C576&amp;ssl=1 1024w, https:\/\/i0.wp.com\/escolagrancapita.wpcomstaging.com\/wp-content\/uploads\/2025\/12\/WhatsApp-Image-2025-11-25-at-12.52.28-2-SUSANA-GARCIA-FERRERAS.jpeg?resize=768%2C432&amp;ssl=1 768w, https:\/\/i0.wp.com\/escolagrancapita.wpcomstaging.com\/wp-content\/uploads\/2025\/12\/WhatsApp-Image-2025-11-25-at-12.52.28-2-SUSANA-GARCIA-FERRERAS.jpeg?resize=1536%2C864&amp;ssl=1 1536w\" sizes=\"auto, (max-width: 750px) 100vw, 750px\" \/>\n\t\t\t<\/div><\/figure><figure class='gallery-item'>\n\t\t\t<div class='gallery-icon landscape'>\n\t\t\t\t<img loading=\"lazy\" decoding=\"async\" width=\"2016\" height=\"1134\" src=\"https:\/\/i0.wp.com\/escolagrancapita.wpcomstaging.com\/wp-content\/uploads\/2025\/12\/WhatsApp-Image-2025-11-25-at-12.52.28-3-SUSANA-GARCIA-FERRERAS.jpeg?fit=2016%2C1134&amp;ssl=1\" class=\"attachment-full size-full\" alt=\"\" srcset=\"https:\/\/i0.wp.com\/escolagrancapita.wpcomstaging.com\/wp-content\/uploads\/2025\/12\/WhatsApp-Image-2025-11-25-at-12.52.28-3-SUSANA-GARCIA-FERRERAS.jpeg?w=2016&amp;ssl=1 2016w, https:\/\/i0.wp.com\/escolagrancapita.wpcomstaging.com\/wp-content\/uploads\/2025\/12\/WhatsApp-Image-2025-11-25-at-12.52.28-3-SUSANA-GARCIA-FERRERAS.jpeg?resize=300%2C169&amp;ssl=1 300w, https:\/\/i0.wp.com\/escolagrancapita.wpcomstaging.com\/wp-content\/uploads\/2025\/12\/WhatsApp-Image-2025-11-25-at-12.52.28-3-SUSANA-GARCIA-FERRERAS.jpeg?resize=1024%2C576&amp;ssl=1 1024w, https:\/\/i0.wp.com\/escolagrancapita.wpcomstaging.com\/wp-content\/uploads\/2025\/12\/WhatsApp-Image-2025-11-25-at-12.52.28-3-SUSANA-GARCIA-FERRERAS.jpeg?resize=768%2C432&amp;ssl=1 768w, https:\/\/i0.wp.com\/escolagrancapita.wpcomstaging.com\/wp-content\/uploads\/2025\/12\/WhatsApp-Image-2025-11-25-at-12.52.28-3-SUSANA-GARCIA-FERRERAS.jpeg?resize=1536%2C864&amp;ssl=1 1536w\" sizes=\"auto, (max-width: 750px) 100vw, 750px\" \/>\n\t\t\t<\/div><\/figure><figure class='gallery-item'>\n\t\t\t<div class='gallery-icon landscape'>\n\t\t\t\t<img loading=\"lazy\" decoding=\"async\" width=\"2016\" height=\"1134\" src=\"https:\/\/i0.wp.com\/escolagrancapita.wpcomstaging.com\/wp-content\/uploads\/2025\/12\/WhatsApp-Image-2025-11-25-at-12.52.28-5-SUSANA-GARCIA-FERRERAS.jpeg?fit=2016%2C1134&amp;ssl=1\" class=\"attachment-full size-full\" alt=\"\" srcset=\"https:\/\/i0.wp.com\/escolagrancapita.wpcomstaging.com\/wp-content\/uploads\/2025\/12\/WhatsApp-Image-2025-11-25-at-12.52.28-5-SUSANA-GARCIA-FERRERAS.jpeg?w=2016&amp;ssl=1 2016w, https:\/\/i0.wp.com\/escolagrancapita.wpcomstaging.com\/wp-content\/uploads\/2025\/12\/WhatsApp-Image-2025-11-25-at-12.52.28-5-SUSANA-GARCIA-FERRERAS.jpeg?resize=300%2C169&amp;ssl=1 300w, https:\/\/i0.wp.com\/escolagrancapita.wpcomstaging.com\/wp-content\/uploads\/2025\/12\/WhatsApp-Image-2025-11-25-at-12.52.28-5-SUSANA-GARCIA-FERRERAS.jpeg?resize=1024%2C576&amp;ssl=1 1024w, https:\/\/i0.wp.com\/escolagrancapita.wpcomstaging.com\/wp-content\/uploads\/2025\/12\/WhatsApp-Image-2025-11-25-at-12.52.28-5-SUSANA-GARCIA-FERRERAS.jpeg?resize=768%2C432&amp;ssl=1 768w, https:\/\/i0.wp.com\/escolagrancapita.wpcomstaging.com\/wp-content\/uploads\/2025\/12\/WhatsApp-Image-2025-11-25-at-12.52.28-5-SUSANA-GARCIA-FERRERAS.jpeg?resize=1536%2C864&amp;ssl=1 1536w\" sizes=\"auto, (max-width: 750px) 100vw, 750px\" \/>\n\t\t\t<\/div><\/figure><figure class='gallery-item'>\n\t\t\t<div class='gallery-icon landscape'>\n\t\t\t\t<img loading=\"lazy\" decoding=\"async\" width=\"2016\" height=\"1134\" src=\"https:\/\/i0.wp.com\/escolagrancapita.wpcomstaging.com\/wp-content\/uploads\/2025\/12\/WhatsApp-Image-2025-11-25-at-12.52.29-3-SUSANA-GARCIA-FERRERAS.jpeg?fit=2016%2C1134&amp;ssl=1\" class=\"attachment-full size-full\" alt=\"\" srcset=\"https:\/\/i0.wp.com\/escolagrancapita.wpcomstaging.com\/wp-content\/uploads\/2025\/12\/WhatsApp-Image-2025-11-25-at-12.52.29-3-SUSANA-GARCIA-FERRERAS.jpeg?w=2016&amp;ssl=1 2016w, https:\/\/i0.wp.com\/escolagrancapita.wpcomstaging.com\/wp-content\/uploads\/2025\/12\/WhatsApp-Image-2025-11-25-at-12.52.29-3-SUSANA-GARCIA-FERRERAS.jpeg?resize=300%2C169&amp;ssl=1 300w, https:\/\/i0.wp.com\/escolagrancapita.wpcomstaging.com\/wp-content\/uploads\/2025\/12\/WhatsApp-Image-2025-11-25-at-12.52.29-3-SUSANA-GARCIA-FERRERAS.jpeg?resize=1024%2C576&amp;ssl=1 1024w, https:\/\/i0.wp.com\/escolagrancapita.wpcomstaging.com\/wp-content\/uploads\/2025\/12\/WhatsApp-Image-2025-11-25-at-12.52.29-3-SUSANA-GARCIA-FERRERAS.jpeg?resize=768%2C432&amp;ssl=1 768w, https:\/\/i0.wp.com\/escolagrancapita.wpcomstaging.com\/wp-content\/uploads\/2025\/12\/WhatsApp-Image-2025-11-25-at-12.52.29-3-SUSANA-GARCIA-FERRERAS.jpeg?resize=1536%2C864&amp;ssl=1 1536w\" sizes=\"auto, (max-width: 750px) 100vw, 750px\" \/>\n\t\t\t<\/div><\/figure><figure class='gallery-item'>\n\t\t\t<div class='gallery-icon landscape'>\n\t\t\t\t<img loading=\"lazy\" decoding=\"async\" width=\"2016\" height=\"1134\" src=\"https:\/\/i0.wp.com\/escolagrancapita.wpcomstaging.com\/wp-content\/uploads\/2025\/12\/WhatsApp-Image-2025-11-25-at-12.52.29-4-SUSANA-GARCIA-FERRERAS.jpeg?fit=2016%2C1134&amp;ssl=1\" class=\"attachment-full size-full\" alt=\"\" srcset=\"https:\/\/i0.wp.com\/escolagrancapita.wpcomstaging.com\/wp-content\/uploads\/2025\/12\/WhatsApp-Image-2025-11-25-at-12.52.29-4-SUSANA-GARCIA-FERRERAS.jpeg?w=2016&amp;ssl=1 2016w, https:\/\/i0.wp.com\/escolagrancapita.wpcomstaging.com\/wp-content\/uploads\/2025\/12\/WhatsApp-Image-2025-11-25-at-12.52.29-4-SUSANA-GARCIA-FERRERAS.jpeg?resize=300%2C169&amp;ssl=1 300w, https:\/\/i0.wp.com\/escolagrancapita.wpcomstaging.com\/wp-content\/uploads\/2025\/12\/WhatsApp-Image-2025-11-25-at-12.52.29-4-SUSANA-GARCIA-FERRERAS.jpeg?resize=1024%2C576&amp;ssl=1 1024w, https:\/\/i0.wp.com\/escolagrancapita.wpcomstaging.com\/wp-content\/uploads\/2025\/12\/WhatsApp-Image-2025-11-25-at-12.52.29-4-SUSANA-GARCIA-FERRERAS.jpeg?resize=768%2C432&amp;ssl=1 768w, https:\/\/i0.wp.com\/escolagrancapita.wpcomstaging.com\/wp-content\/uploads\/2025\/12\/WhatsApp-Image-2025-11-25-at-12.52.29-4-SUSANA-GARCIA-FERRERAS.jpeg?resize=1536%2C864&amp;ssl=1 1536w\" sizes=\"auto, (max-width: 750px) 100vw, 750px\" \/>\n\t\t\t<\/div><\/figure><figure class='gallery-item'>\n\t\t\t<div class='gallery-icon landscape'>\n\t\t\t\t<img loading=\"lazy\" decoding=\"async\" width=\"2016\" height=\"1134\" src=\"https:\/\/i0.wp.com\/escolagrancapita.wpcomstaging.com\/wp-content\/uploads\/2025\/12\/WhatsApp-Image-2025-11-25-at-12.52.30-3-SUSANA-GARCIA-FERRERAS.jpeg?fit=2016%2C1134&amp;ssl=1\" class=\"attachment-full size-full\" alt=\"\" srcset=\"https:\/\/i0.wp.com\/escolagrancapita.wpcomstaging.com\/wp-content\/uploads\/2025\/12\/WhatsApp-Image-2025-11-25-at-12.52.30-3-SUSANA-GARCIA-FERRERAS.jpeg?w=2016&amp;ssl=1 2016w, https:\/\/i0.wp.com\/escolagrancapita.wpcomstaging.com\/wp-content\/uploads\/2025\/12\/WhatsApp-Image-2025-11-25-at-12.52.30-3-SUSANA-GARCIA-FERRERAS.jpeg?resize=300%2C169&amp;ssl=1 300w, https:\/\/i0.wp.com\/escolagrancapita.wpcomstaging.com\/wp-content\/uploads\/2025\/12\/WhatsApp-Image-2025-11-25-at-12.52.30-3-SUSANA-GARCIA-FERRERAS.jpeg?resize=1024%2C576&amp;ssl=1 1024w, https:\/\/i0.wp.com\/escolagrancapita.wpcomstaging.com\/wp-content\/uploads\/2025\/12\/WhatsApp-Image-2025-11-25-at-12.52.30-3-SUSANA-GARCIA-FERRERAS.jpeg?resize=768%2C432&amp;ssl=1 768w, https:\/\/i0.wp.com\/escolagrancapita.wpcomstaging.com\/wp-content\/uploads\/2025\/12\/WhatsApp-Image-2025-11-25-at-12.52.30-3-SUSANA-GARCIA-FERRERAS.jpeg?resize=1536%2C864&amp;ssl=1 1536w\" sizes=\"auto, (max-width: 750px) 100vw, 750px\" \/>\n\t\t\t<\/div><\/figure>\n\t\t<\/div>\n\n<p style=\"text-align: justify;\"><span style=\"font-weight: 400;\">En la <strong>conversa final<\/strong>, l\u2019alumnat va recon\u00e8ixer que, tot i que les persones amb discapacitat f\u00edsica participen activament en m\u00faltiples \u00e0mbits socials, les infraestructures i els espais p\u00fablics encara presenten mancances importants. Van destacar la rellev\u00e0ncia de promoure mesures que evitin situacions de risc \u2014especialment aquelles que poden derivar en lesions medul\u00b7lars\u2014 i d\u2019impulsar una societat m\u00e9s conscient, segura i compromesa amb la inclusi\u00f3.<\/span><\/p>\n<p style=\"text-align: justify;\"><span style=\"font-weight: 400;\">Aquesta iniciativa no sols va fomentar l\u2019empatia, sin\u00f3 que tamb\u00e9 va refor\u00e7ar valors essencials del projecte educatiu del centre: la responsabilitat, el respecte a la diversitat funcional i la defensa dels drets de totes les persones. L\u2019experi\u00e8ncia va contribuir a formar una comunitat educativa m\u00e9s sensibilitzada, cr\u00edtica i implicada en la construcci\u00f3 d\u2019entorns accessibles i igualitaris.<\/span><\/p>\n","protected":false},"excerpt":{"rendered":"<p>Coincidint amb el Dia Internacional de les Persones amb Discapacitat, commemorat cada 3 de desembre, el grup de 4t d\u2019ESO va participar en una activitat immersiva de sensibilitzaci\u00f3 que tenia com a objectiu comprendre, de manera vivencial, les dificultats quotidianes<\/p>\n","protected":false},"author":1,"featured_media":0,"parent":0,"menu_order":0,"comment_status":"closed","ping_status":"closed","template":"","meta":{"_crdt_document":"","footnotes":""},"categories":[],"tags":[151,43,62],"class_list":["post-27158","page","type-page","status-publish","hentry","tag-curs-2025-26","tag-ed-secundaria","tag-valors"],"jetpack_sharing_enabled":true,"_links":{"self":[{"href":"https:\/\/escolagrancapita.wpcomstaging.com\/index.php?rest_route=\/wp\/v2\/pages\/27158","targetHints":{"allow":["GET"]}}],"collection":[{"href":"https:\/\/escolagrancapita.wpcomstaging.com\/index.php?rest_route=\/wp\/v2\/pages"}],"about":[{"href":"https:\/\/escolagrancapita.wpcomstaging.com\/index.php?rest_route=\/wp\/v2\/types\/page"}],"author":[{"embeddable":true,"href":"https:\/\/escolagrancapita.wpcomstaging.com\/index.php?rest_route=\/wp\/v2\/users\/1"}],"replies":[{"embeddable":true,"href":"https:\/\/escolagrancapita.wpcomstaging.com\/index.php?rest_route=%2Fwp%2Fv2%2Fcomments&post=27158"}],"version-history":[{"count":5,"href":"https:\/\/escolagrancapita.wpcomstaging.com\/index.php?rest_route=\/wp\/v2\/pages\/27158\/revisions"}],"predecessor-version":[{"id":27222,"href":"https:\/\/escolagrancapita.wpcomstaging.com\/index.php?rest_route=\/wp\/v2\/pages\/27158\/revisions\/27222"}],"wp:attachment":[{"href":"https:\/\/escolagrancapita.wpcomstaging.com\/index.php?rest_route=%2Fwp%2Fv2%2Fmedia&parent=27158"}],"wp:term":[{"taxonomy":"category","embeddable":true,"href":"https:\/\/escolagrancapita.wpcomstaging.com\/index.php?rest_route=%2Fwp%2Fv2%2Fcategories&post=27158"},{"taxonomy":"post_tag","embeddable":true,"href":"https:\/\/escolagrancapita.wpcomstaging.com\/index.php?rest_route=%2Fwp%2Fv2%2Ftags&post=27158"}],"curies":[{"name":"wp","href":"https:\/\/api.w.org\/{rel}","templated":true}]}}