{"id":27160,"date":"2025-12-11T18:03:33","date_gmt":"2025-12-11T18:03:33","guid":{"rendered":"https:\/\/escolagrancapita.wpcomstaging.com\/?page_id=27160"},"modified":"2025-12-13T09:44:45","modified_gmt":"2025-12-13T09:44:45","slug":"dia-internacional-per-a-leliminacio-de-la-violencia-contra-les-dones","status":"publish","type":"page","link":"https:\/\/escolagrancapita.wpcomstaging.com\/?page_id=27160","title":{"rendered":"Dia Internacional per a l\u2019Eliminaci\u00f3 de la Viol\u00e8ncia contra les Dones"},"content":{"rendered":"<p style=\"text-align: justify;\"><span style=\"font-weight: 400;\">El passat <strong>25 de novembre<\/strong>, amb motiu del <a href=\"https:\/\/ca.wikipedia.org\/wiki\/Dia_internacional_per_a_l%27eliminaci%C3%B3_de_la_viol%C3%A8ncia_contra_les_dones\" target=\"_blank\" rel=\"noopener\"><strong>Dia Internacional per a l\u2019Eliminaci\u00f3 de la Viol\u00e8ncia contra les Dones<\/strong><\/a>, <\/span>4t d\u2019ESO<span style=\"font-weight: 400;\"> va participar en una activitat de sensibilitzaci\u00f3 centrada en la identificaci\u00f3 de comportaments que afavoreixen o destrueixen una relaci\u00f3 afectiva saludable.<\/span><\/p>\n<p style=\"text-align: justify;\"><span style=\"font-weight: 400;\">La jornada va comen\u00e7ar amb una din\u00e0mica participativa en qu\u00e8 les persones participants havien d\u2019<strong>analitzar i classificar diverses accions i actituds<\/strong>, diferenciant aquelles que formen part d\u2019una relaci\u00f3 respectuosa i igualit\u00e0ria d\u2019aquelles que poden desembocar en situacions de control, ab\u00fas o viol\u00e8ncia psicol\u00f2gica. Aquesta tasca va permetre a l\u2019alumnat reflexionar de manera cr\u00edtica, recon\u00e8ixer senyals d\u2019alerta que sovint passen desapercebuts i comprendre la import\u00e0ncia del consens, la comunicaci\u00f3 i el respecte mutu en l\u2019\u00e0mbit afectiu.<\/span><\/p>\n<div id='gallery-1' class='gallery galleryid-27160 gallery-columns-1 gallery-size-full'><figure class='gallery-item'>\n\t\t\t<div class='gallery-icon landscape'>\n\t\t\t\t<img loading=\"lazy\" decoding=\"async\" width=\"1550\" height=\"1184\" src=\"https:\/\/i0.wp.com\/escolagrancapita.wpcomstaging.com\/wp-content\/uploads\/2025\/12\/WhatsApp-Image-2025-11-25-at-17.23.56-7-SUSANA-GARCIA-FERRERAS-e1765476167777.jpeg?fit=1550%2C1184&amp;ssl=1\" class=\"attachment-full size-full\" alt=\"\" srcset=\"https:\/\/i0.wp.com\/escolagrancapita.wpcomstaging.com\/wp-content\/uploads\/2025\/12\/WhatsApp-Image-2025-11-25-at-17.23.56-7-SUSANA-GARCIA-FERRERAS-e1765476167777.jpeg?w=1550&amp;ssl=1 1550w, https:\/\/i0.wp.com\/escolagrancapita.wpcomstaging.com\/wp-content\/uploads\/2025\/12\/WhatsApp-Image-2025-11-25-at-17.23.56-7-SUSANA-GARCIA-FERRERAS-e1765476167777.jpeg?resize=300%2C229&amp;ssl=1 300w, https:\/\/i0.wp.com\/escolagrancapita.wpcomstaging.com\/wp-content\/uploads\/2025\/12\/WhatsApp-Image-2025-11-25-at-17.23.56-7-SUSANA-GARCIA-FERRERAS-e1765476167777.jpeg?resize=1024%2C782&amp;ssl=1 1024w, https:\/\/i0.wp.com\/escolagrancapita.wpcomstaging.com\/wp-content\/uploads\/2025\/12\/WhatsApp-Image-2025-11-25-at-17.23.56-7-SUSANA-GARCIA-FERRERAS-e1765476167777.jpeg?resize=768%2C587&amp;ssl=1 768w, https:\/\/i0.wp.com\/escolagrancapita.wpcomstaging.com\/wp-content\/uploads\/2025\/12\/WhatsApp-Image-2025-11-25-at-17.23.56-7-SUSANA-GARCIA-FERRERAS-e1765476167777.jpeg?resize=1536%2C1173&amp;ssl=1 1536w\" sizes=\"auto, (max-width: 750px) 100vw, 750px\" \/>\n\t\t\t<\/div><\/figure>\n\t\t<\/div>\n\n<div id='gallery-2' class='gallery galleryid-27160 gallery-columns-4 gallery-size-full'><figure class='gallery-item'>\n\t\t\t<div class='gallery-icon portrait'>\n\t\t\t\t<img loading=\"lazy\" decoding=\"async\" width=\"1200\" height=\"1600\" src=\"https:\/\/i0.wp.com\/escolagrancapita.wpcomstaging.com\/wp-content\/uploads\/2025\/12\/WhatsApp-Image-2025-11-25-at-17.23.56-11-SUSANA-GARCIA-FERRERAS.jpeg?fit=1200%2C1600&amp;ssl=1\" class=\"attachment-full size-full\" alt=\"\" srcset=\"https:\/\/i0.wp.com\/escolagrancapita.wpcomstaging.com\/wp-content\/uploads\/2025\/12\/WhatsApp-Image-2025-11-25-at-17.23.56-11-SUSANA-GARCIA-FERRERAS.jpeg?w=1200&amp;ssl=1 1200w, https:\/\/i0.wp.com\/escolagrancapita.wpcomstaging.com\/wp-content\/uploads\/2025\/12\/WhatsApp-Image-2025-11-25-at-17.23.56-11-SUSANA-GARCIA-FERRERAS.jpeg?resize=225%2C300&amp;ssl=1 225w, https:\/\/i0.wp.com\/escolagrancapita.wpcomstaging.com\/wp-content\/uploads\/2025\/12\/WhatsApp-Image-2025-11-25-at-17.23.56-11-SUSANA-GARCIA-FERRERAS.jpeg?resize=768%2C1024&amp;ssl=1 768w, https:\/\/i0.wp.com\/escolagrancapita.wpcomstaging.com\/wp-content\/uploads\/2025\/12\/WhatsApp-Image-2025-11-25-at-17.23.56-11-SUSANA-GARCIA-FERRERAS.jpeg?resize=1152%2C1536&amp;ssl=1 1152w\" sizes=\"auto, (max-width: 750px) 100vw, 750px\" \/>\n\t\t\t<\/div><\/figure><figure class='gallery-item'>\n\t\t\t<div class='gallery-icon portrait'>\n\t\t\t\t<img loading=\"lazy\" decoding=\"async\" width=\"1200\" height=\"1600\" src=\"https:\/\/i0.wp.com\/escolagrancapita.wpcomstaging.com\/wp-content\/uploads\/2025\/12\/WhatsApp-Image-2025-11-25-at-17.23.56-10-SUSANA-GARCIA-FERRERAS.jpeg?fit=1200%2C1600&amp;ssl=1\" class=\"attachment-full size-full\" alt=\"\" srcset=\"https:\/\/i0.wp.com\/escolagrancapita.wpcomstaging.com\/wp-content\/uploads\/2025\/12\/WhatsApp-Image-2025-11-25-at-17.23.56-10-SUSANA-GARCIA-FERRERAS.jpeg?w=1200&amp;ssl=1 1200w, https:\/\/i0.wp.com\/escolagrancapita.wpcomstaging.com\/wp-content\/uploads\/2025\/12\/WhatsApp-Image-2025-11-25-at-17.23.56-10-SUSANA-GARCIA-FERRERAS.jpeg?resize=225%2C300&amp;ssl=1 225w, https:\/\/i0.wp.com\/escolagrancapita.wpcomstaging.com\/wp-content\/uploads\/2025\/12\/WhatsApp-Image-2025-11-25-at-17.23.56-10-SUSANA-GARCIA-FERRERAS.jpeg?resize=768%2C1024&amp;ssl=1 768w, https:\/\/i0.wp.com\/escolagrancapita.wpcomstaging.com\/wp-content\/uploads\/2025\/12\/WhatsApp-Image-2025-11-25-at-17.23.56-10-SUSANA-GARCIA-FERRERAS.jpeg?resize=1152%2C1536&amp;ssl=1 1152w\" sizes=\"auto, (max-width: 750px) 100vw, 750px\" \/>\n\t\t\t<\/div><\/figure><figure class='gallery-item'>\n\t\t\t<div class='gallery-icon portrait'>\n\t\t\t\t<img loading=\"lazy\" decoding=\"async\" width=\"1200\" height=\"1600\" src=\"https:\/\/i0.wp.com\/escolagrancapita.wpcomstaging.com\/wp-content\/uploads\/2025\/12\/WhatsApp-Image-2025-11-25-at-17.23.56-3-SUSANA-GARCIA-FERRERAS.jpeg?fit=1200%2C1600&amp;ssl=1\" class=\"attachment-full size-full\" alt=\"\" srcset=\"https:\/\/i0.wp.com\/escolagrancapita.wpcomstaging.com\/wp-content\/uploads\/2025\/12\/WhatsApp-Image-2025-11-25-at-17.23.56-3-SUSANA-GARCIA-FERRERAS.jpeg?w=1200&amp;ssl=1 1200w, https:\/\/i0.wp.com\/escolagrancapita.wpcomstaging.com\/wp-content\/uploads\/2025\/12\/WhatsApp-Image-2025-11-25-at-17.23.56-3-SUSANA-GARCIA-FERRERAS.jpeg?resize=225%2C300&amp;ssl=1 225w, https:\/\/i0.wp.com\/escolagrancapita.wpcomstaging.com\/wp-content\/uploads\/2025\/12\/WhatsApp-Image-2025-11-25-at-17.23.56-3-SUSANA-GARCIA-FERRERAS.jpeg?resize=768%2C1024&amp;ssl=1 768w, https:\/\/i0.wp.com\/escolagrancapita.wpcomstaging.com\/wp-content\/uploads\/2025\/12\/WhatsApp-Image-2025-11-25-at-17.23.56-3-SUSANA-GARCIA-FERRERAS.jpeg?resize=1152%2C1536&amp;ssl=1 1152w\" sizes=\"auto, (max-width: 750px) 100vw, 750px\" \/>\n\t\t\t<\/div><\/figure><figure class='gallery-item'>\n\t\t\t<div class='gallery-icon portrait'>\n\t\t\t\t<img loading=\"lazy\" decoding=\"async\" width=\"1200\" height=\"1600\" src=\"https:\/\/i0.wp.com\/escolagrancapita.wpcomstaging.com\/wp-content\/uploads\/2025\/12\/WhatsApp-Image-2025-11-25-at-17.23.56-12-SUSANA-GARCIA-FERRERAS.jpeg?fit=1200%2C1600&amp;ssl=1\" class=\"attachment-full size-full\" alt=\"\" srcset=\"https:\/\/i0.wp.com\/escolagrancapita.wpcomstaging.com\/wp-content\/uploads\/2025\/12\/WhatsApp-Image-2025-11-25-at-17.23.56-12-SUSANA-GARCIA-FERRERAS.jpeg?w=1200&amp;ssl=1 1200w, https:\/\/i0.wp.com\/escolagrancapita.wpcomstaging.com\/wp-content\/uploads\/2025\/12\/WhatsApp-Image-2025-11-25-at-17.23.56-12-SUSANA-GARCIA-FERRERAS.jpeg?resize=225%2C300&amp;ssl=1 225w, https:\/\/i0.wp.com\/escolagrancapita.wpcomstaging.com\/wp-content\/uploads\/2025\/12\/WhatsApp-Image-2025-11-25-at-17.23.56-12-SUSANA-GARCIA-FERRERAS.jpeg?resize=768%2C1024&amp;ssl=1 768w, https:\/\/i0.wp.com\/escolagrancapita.wpcomstaging.com\/wp-content\/uploads\/2025\/12\/WhatsApp-Image-2025-11-25-at-17.23.56-12-SUSANA-GARCIA-FERRERAS.jpeg?resize=1152%2C1536&amp;ssl=1 1152w\" sizes=\"auto, (max-width: 750px) 100vw, 750px\" \/>\n\t\t\t<\/div><\/figure>\n\t\t<\/div>\n\n<p style=\"text-align: justify;\"><span style=\"font-weight: 400;\">Tot seguit, el grup va crear un mural commemoratiu on cadascuna de les persones participants va <strong>escriure un missatge<\/strong>, un comprom\u00eds o un desig dedicat a totes les dones que han patit viol\u00e8ncia masclista. El mural es va complementar amb mans de paper elaborades pel mateix alumnat i penjant-les del sostre com a s\u00edmbol de suport col\u00b7lectiu, d\u2019acompanyament i de responsabilitat social en la lluita contra qualsevol forma de viol\u00e8ncia envers les dones.<\/span><\/p>\n<div id='gallery-3' class='gallery galleryid-27160 gallery-columns-3 gallery-size-full'><figure class='gallery-item'>\n\t\t\t<div class='gallery-icon landscape'>\n\t\t\t\t<img loading=\"lazy\" decoding=\"async\" width=\"1600\" height=\"1200\" src=\"https:\/\/i0.wp.com\/escolagrancapita.wpcomstaging.com\/wp-content\/uploads\/2025\/12\/WhatsApp-Image-2025-11-25-at-17.23.56-4-SUSANA-GARCIA-FERRERAS.jpeg?fit=1600%2C1200&amp;ssl=1\" class=\"attachment-full size-full\" alt=\"\" srcset=\"https:\/\/i0.wp.com\/escolagrancapita.wpcomstaging.com\/wp-content\/uploads\/2025\/12\/WhatsApp-Image-2025-11-25-at-17.23.56-4-SUSANA-GARCIA-FERRERAS.jpeg?w=1600&amp;ssl=1 1600w, https:\/\/i0.wp.com\/escolagrancapita.wpcomstaging.com\/wp-content\/uploads\/2025\/12\/WhatsApp-Image-2025-11-25-at-17.23.56-4-SUSANA-GARCIA-FERRERAS.jpeg?resize=300%2C225&amp;ssl=1 300w, https:\/\/i0.wp.com\/escolagrancapita.wpcomstaging.com\/wp-content\/uploads\/2025\/12\/WhatsApp-Image-2025-11-25-at-17.23.56-4-SUSANA-GARCIA-FERRERAS.jpeg?resize=1024%2C768&amp;ssl=1 1024w, https:\/\/i0.wp.com\/escolagrancapita.wpcomstaging.com\/wp-content\/uploads\/2025\/12\/WhatsApp-Image-2025-11-25-at-17.23.56-4-SUSANA-GARCIA-FERRERAS.jpeg?resize=768%2C576&amp;ssl=1 768w, https:\/\/i0.wp.com\/escolagrancapita.wpcomstaging.com\/wp-content\/uploads\/2025\/12\/WhatsApp-Image-2025-11-25-at-17.23.56-4-SUSANA-GARCIA-FERRERAS.jpeg?resize=1536%2C1152&amp;ssl=1 1536w\" sizes=\"auto, (max-width: 750px) 100vw, 750px\" \/>\n\t\t\t<\/div><\/figure><figure class='gallery-item'>\n\t\t\t<div class='gallery-icon landscape'>\n\t\t\t\t<img loading=\"lazy\" decoding=\"async\" width=\"1600\" height=\"1200\" src=\"https:\/\/i0.wp.com\/escolagrancapita.wpcomstaging.com\/wp-content\/uploads\/2025\/12\/WhatsApp-Image-2025-11-25-at-17.23.56-5-SUSANA-GARCIA-FERRERAS.jpeg?fit=1600%2C1200&amp;ssl=1\" class=\"attachment-full size-full\" alt=\"\" srcset=\"https:\/\/i0.wp.com\/escolagrancapita.wpcomstaging.com\/wp-content\/uploads\/2025\/12\/WhatsApp-Image-2025-11-25-at-17.23.56-5-SUSANA-GARCIA-FERRERAS.jpeg?w=1600&amp;ssl=1 1600w, https:\/\/i0.wp.com\/escolagrancapita.wpcomstaging.com\/wp-content\/uploads\/2025\/12\/WhatsApp-Image-2025-11-25-at-17.23.56-5-SUSANA-GARCIA-FERRERAS.jpeg?resize=300%2C225&amp;ssl=1 300w, https:\/\/i0.wp.com\/escolagrancapita.wpcomstaging.com\/wp-content\/uploads\/2025\/12\/WhatsApp-Image-2025-11-25-at-17.23.56-5-SUSANA-GARCIA-FERRERAS.jpeg?resize=1024%2C768&amp;ssl=1 1024w, https:\/\/i0.wp.com\/escolagrancapita.wpcomstaging.com\/wp-content\/uploads\/2025\/12\/WhatsApp-Image-2025-11-25-at-17.23.56-5-SUSANA-GARCIA-FERRERAS.jpeg?resize=768%2C576&amp;ssl=1 768w, https:\/\/i0.wp.com\/escolagrancapita.wpcomstaging.com\/wp-content\/uploads\/2025\/12\/WhatsApp-Image-2025-11-25-at-17.23.56-5-SUSANA-GARCIA-FERRERAS.jpeg?resize=1536%2C1152&amp;ssl=1 1536w\" sizes=\"auto, (max-width: 750px) 100vw, 750px\" \/>\n\t\t\t<\/div><\/figure><figure class='gallery-item'>\n\t\t\t<div class='gallery-icon landscape'>\n\t\t\t\t<img loading=\"lazy\" decoding=\"async\" width=\"1600\" height=\"1200\" src=\"https:\/\/i0.wp.com\/escolagrancapita.wpcomstaging.com\/wp-content\/uploads\/2025\/12\/WhatsApp-Image-2025-11-25-at-17.23.56-6-SUSANA-GARCIA-FERRERAS.jpeg?fit=1600%2C1200&amp;ssl=1\" class=\"attachment-full size-full\" alt=\"\" srcset=\"https:\/\/i0.wp.com\/escolagrancapita.wpcomstaging.com\/wp-content\/uploads\/2025\/12\/WhatsApp-Image-2025-11-25-at-17.23.56-6-SUSANA-GARCIA-FERRERAS.jpeg?w=1600&amp;ssl=1 1600w, https:\/\/i0.wp.com\/escolagrancapita.wpcomstaging.com\/wp-content\/uploads\/2025\/12\/WhatsApp-Image-2025-11-25-at-17.23.56-6-SUSANA-GARCIA-FERRERAS.jpeg?resize=300%2C225&amp;ssl=1 300w, https:\/\/i0.wp.com\/escolagrancapita.wpcomstaging.com\/wp-content\/uploads\/2025\/12\/WhatsApp-Image-2025-11-25-at-17.23.56-6-SUSANA-GARCIA-FERRERAS.jpeg?resize=1024%2C768&amp;ssl=1 1024w, https:\/\/i0.wp.com\/escolagrancapita.wpcomstaging.com\/wp-content\/uploads\/2025\/12\/WhatsApp-Image-2025-11-25-at-17.23.56-6-SUSANA-GARCIA-FERRERAS.jpeg?resize=768%2C576&amp;ssl=1 768w, https:\/\/i0.wp.com\/escolagrancapita.wpcomstaging.com\/wp-content\/uploads\/2025\/12\/WhatsApp-Image-2025-11-25-at-17.23.56-6-SUSANA-GARCIA-FERRERAS.jpeg?resize=1536%2C1152&amp;ssl=1 1536w\" sizes=\"auto, (max-width: 750px) 100vw, 750px\" \/>\n\t\t\t<\/div><\/figure>\n\t\t<\/div>\n\n<p style=\"text-align: justify;\"><span style=\"font-weight: 400;\">Amb aquesta activitat, el centre va reafirmar el seu comprom\u00eds amb la prevenci\u00f3 de les viol\u00e8ncies masclistes i amb l\u2019educaci\u00f3 en valors. L\u2019experi\u00e8ncia va contribuir a fomentar entre els joves una mirada emp\u00e0tica, cr\u00edtica i responsable, posant en relleu la import\u00e0ncia de construir relacions afectives basades en el respecte i la igualtat.<\/span><\/p>\n<div id='gallery-4' class='gallery galleryid-27160 gallery-columns-1 gallery-size-full'><figure class='gallery-item'>\n\t\t\t<div class='gallery-icon landscape'>\n\t\t\t\t<img loading=\"lazy\" decoding=\"async\" width=\"1600\" height=\"1200\" src=\"https:\/\/i0.wp.com\/escolagrancapita.wpcomstaging.com\/wp-content\/uploads\/2025\/12\/WhatsApp-Image-2025-11-25-at-17.23.56-8-SUSANA-GARCIA-FERRERAS.jpeg?fit=1600%2C1200&amp;ssl=1\" class=\"attachment-full size-full\" alt=\"\" srcset=\"https:\/\/i0.wp.com\/escolagrancapita.wpcomstaging.com\/wp-content\/uploads\/2025\/12\/WhatsApp-Image-2025-11-25-at-17.23.56-8-SUSANA-GARCIA-FERRERAS.jpeg?w=1600&amp;ssl=1 1600w, https:\/\/i0.wp.com\/escolagrancapita.wpcomstaging.com\/wp-content\/uploads\/2025\/12\/WhatsApp-Image-2025-11-25-at-17.23.56-8-SUSANA-GARCIA-FERRERAS.jpeg?resize=300%2C225&amp;ssl=1 300w, https:\/\/i0.wp.com\/escolagrancapita.wpcomstaging.com\/wp-content\/uploads\/2025\/12\/WhatsApp-Image-2025-11-25-at-17.23.56-8-SUSANA-GARCIA-FERRERAS.jpeg?resize=1024%2C768&amp;ssl=1 1024w, https:\/\/i0.wp.com\/escolagrancapita.wpcomstaging.com\/wp-content\/uploads\/2025\/12\/WhatsApp-Image-2025-11-25-at-17.23.56-8-SUSANA-GARCIA-FERRERAS.jpeg?resize=768%2C576&amp;ssl=1 768w, https:\/\/i0.wp.com\/escolagrancapita.wpcomstaging.com\/wp-content\/uploads\/2025\/12\/WhatsApp-Image-2025-11-25-at-17.23.56-8-SUSANA-GARCIA-FERRERAS.jpeg?resize=1536%2C1152&amp;ssl=1 1536w\" sizes=\"auto, (max-width: 750px) 100vw, 750px\" \/>\n\t\t\t<\/div><\/figure>\n\t\t<\/div>\n\n","protected":false},"excerpt":{"rendered":"<p>El passat 25 de novembre, amb motiu del Dia Internacional per a l\u2019Eliminaci\u00f3 de la Viol\u00e8ncia contra les Dones, 4t d\u2019ESO va participar en una activitat de sensibilitzaci\u00f3 centrada en la identificaci\u00f3 de comportaments que afavoreixen o destrueixen una relaci\u00f3<\/p>\n","protected":false},"author":1,"featured_media":0,"parent":0,"menu_order":0,"comment_status":"closed","ping_status":"closed","template":"","meta":{"_crdt_document":"","footnotes":""},"categories":[],"tags":[151,43,62],"class_list":["post-27160","page","type-page","status-publish","hentry","tag-curs-2025-26","tag-ed-secundaria","tag-valors"],"jetpack_sharing_enabled":true,"_links":{"self":[{"href":"https:\/\/escolagrancapita.wpcomstaging.com\/index.php?rest_route=\/wp\/v2\/pages\/27160","targetHints":{"allow":["GET"]}}],"collection":[{"href":"https:\/\/escolagrancapita.wpcomstaging.com\/index.php?rest_route=\/wp\/v2\/pages"}],"about":[{"href":"https:\/\/escolagrancapita.wpcomstaging.com\/index.php?rest_route=\/wp\/v2\/types\/page"}],"author":[{"embeddable":true,"href":"https:\/\/escolagrancapita.wpcomstaging.com\/index.php?rest_route=\/wp\/v2\/users\/1"}],"replies":[{"embeddable":true,"href":"https:\/\/escolagrancapita.wpcomstaging.com\/index.php?rest_route=%2Fwp%2Fv2%2Fcomments&post=27160"}],"version-history":[{"count":5,"href":"https:\/\/escolagrancapita.wpcomstaging.com\/index.php?rest_route=\/wp\/v2\/pages\/27160\/revisions"}],"predecessor-version":[{"id":27237,"href":"https:\/\/escolagrancapita.wpcomstaging.com\/index.php?rest_route=\/wp\/v2\/pages\/27160\/revisions\/27237"}],"wp:attachment":[{"href":"https:\/\/escolagrancapita.wpcomstaging.com\/index.php?rest_route=%2Fwp%2Fv2%2Fmedia&parent=27160"}],"wp:term":[{"taxonomy":"category","embeddable":true,"href":"https:\/\/escolagrancapita.wpcomstaging.com\/index.php?rest_route=%2Fwp%2Fv2%2Fcategories&post=27160"},{"taxonomy":"post_tag","embeddable":true,"href":"https:\/\/escolagrancapita.wpcomstaging.com\/index.php?rest_route=%2Fwp%2Fv2%2Ftags&post=27160"}],"curies":[{"name":"wp","href":"https:\/\/api.w.org\/{rel}","templated":true}]}}