{"id":27166,"date":"2025-12-10T19:30:48","date_gmt":"2025-12-10T19:30:48","guid":{"rendered":"https:\/\/escolagrancapita.wpcomstaging.com\/?page_id=27166"},"modified":"2025-12-13T09:44:57","modified_gmt":"2025-12-13T09:44:57","slug":"xerrada-de-la-marato-detectem-ho-arreglem-ho","status":"publish","type":"page","link":"https:\/\/escolagrancapita.wpcomstaging.com\/?page_id=27166","title":{"rendered":"Xerrada de La Marat\u00f3: \u201cDetectem-ho, arreglem-ho\u201d"},"content":{"rendered":"<p style=\"text-align: justify;\"><span style=\"font-weight: 400;\">Amb motiu de la nova edici\u00f3 de <\/span><a href=\"https:\/\/www.3cat.cat\/tv3\/marato\/\" target=\"_blank\" rel=\"noopener\"><b>La Marat\u00f3<\/b><\/a><span style=\"font-weight: 400;\">, centrada enguany en la <strong>recerca sobre el c\u00e0ncer<\/strong>, el centre ha organitzat una xerrada adre\u00e7ada a l\u2019alumnat de Secund\u00e0ria amb l\u2019objectiu de sensibilitzar, informar i fomentar una actitud solid\u00e0ria envers les persones afectades i les seves fam\u00edlies. Sota el lema d\u2019aquesta edici\u00f3, <\/span><strong><i>&#8220;Detectem-ho, arreglem-ho&#8221;<\/i><\/strong><span style=\"font-weight: 400;\">, l\u2019alumnat va poder apropar-se a una realitat que combina el rigor cient\u00edfic amb el component hum\u00e0 que envolta aquesta malaltia.<\/span><\/p>\n<div id='gallery-1' class='gallery galleryid-27166 gallery-columns-2 gallery-size-full'><figure class='gallery-item'>\n\t\t\t<div class='gallery-icon landscape'>\n\t\t\t\t<img loading=\"lazy\" decoding=\"async\" width=\"1200\" height=\"1070\" src=\"https:\/\/i0.wp.com\/escolagrancapita.wpcomstaging.com\/wp-content\/uploads\/2025\/12\/WhatsApp-Image-2025-10-30-at-10.25.13-3-SUSANA-GARCIA-FERRERAS-e1765395364431.jpeg?fit=1200%2C1070&amp;ssl=1\" class=\"attachment-full size-full\" alt=\"\" srcset=\"https:\/\/i0.wp.com\/escolagrancapita.wpcomstaging.com\/wp-content\/uploads\/2025\/12\/WhatsApp-Image-2025-10-30-at-10.25.13-3-SUSANA-GARCIA-FERRERAS-e1765395364431.jpeg?w=1200&amp;ssl=1 1200w, https:\/\/i0.wp.com\/escolagrancapita.wpcomstaging.com\/wp-content\/uploads\/2025\/12\/WhatsApp-Image-2025-10-30-at-10.25.13-3-SUSANA-GARCIA-FERRERAS-e1765395364431.jpeg?resize=300%2C268&amp;ssl=1 300w, https:\/\/i0.wp.com\/escolagrancapita.wpcomstaging.com\/wp-content\/uploads\/2025\/12\/WhatsApp-Image-2025-10-30-at-10.25.13-3-SUSANA-GARCIA-FERRERAS-e1765395364431.jpeg?resize=1024%2C913&amp;ssl=1 1024w, https:\/\/i0.wp.com\/escolagrancapita.wpcomstaging.com\/wp-content\/uploads\/2025\/12\/WhatsApp-Image-2025-10-30-at-10.25.13-3-SUSANA-GARCIA-FERRERAS-e1765395364431.jpeg?resize=768%2C685&amp;ssl=1 768w\" sizes=\"auto, (max-width: 750px) 100vw, 750px\" \/>\n\t\t\t<\/div><\/figure><figure class='gallery-item'>\n\t\t\t<div class='gallery-icon landscape'>\n\t\t\t\t<img loading=\"lazy\" decoding=\"async\" width=\"1200\" height=\"1070\" src=\"https:\/\/i0.wp.com\/escolagrancapita.wpcomstaging.com\/wp-content\/uploads\/2025\/12\/WhatsApp-Image-2025-10-30-at-10.25.14-4-SUSANA-GARCIA-FERRERAS-e1765395390757.jpeg?fit=1200%2C1070&amp;ssl=1\" class=\"attachment-full size-full\" alt=\"\" srcset=\"https:\/\/i0.wp.com\/escolagrancapita.wpcomstaging.com\/wp-content\/uploads\/2025\/12\/WhatsApp-Image-2025-10-30-at-10.25.14-4-SUSANA-GARCIA-FERRERAS-e1765395390757.jpeg?w=1200&amp;ssl=1 1200w, https:\/\/i0.wp.com\/escolagrancapita.wpcomstaging.com\/wp-content\/uploads\/2025\/12\/WhatsApp-Image-2025-10-30-at-10.25.14-4-SUSANA-GARCIA-FERRERAS-e1765395390757.jpeg?resize=300%2C268&amp;ssl=1 300w, https:\/\/i0.wp.com\/escolagrancapita.wpcomstaging.com\/wp-content\/uploads\/2025\/12\/WhatsApp-Image-2025-10-30-at-10.25.14-4-SUSANA-GARCIA-FERRERAS-e1765395390757.jpeg?resize=1024%2C913&amp;ssl=1 1024w, https:\/\/i0.wp.com\/escolagrancapita.wpcomstaging.com\/wp-content\/uploads\/2025\/12\/WhatsApp-Image-2025-10-30-at-10.25.14-4-SUSANA-GARCIA-FERRERAS-e1765395390757.jpeg?resize=768%2C685&amp;ssl=1 768w\" sizes=\"auto, (max-width: 750px) 100vw, 750px\" \/>\n\t\t\t<\/div><\/figure>\n\t\t<\/div>\n\n<p style=\"text-align: justify;\"><span style=\"font-weight: 400;\">La sessi\u00f3 va comptar amb la participaci\u00f3 d\u2019un professional de la salut, que va compartir coneixements i experi\u00e8ncies sobre la import\u00e0ncia del diagn\u00f2stic preco\u00e7, els aven\u00e7os en investigaci\u00f3 i els reptes socials que encara planteja el c\u00e0ncer. Un dels moments m\u00e9s rellevants de la trobada va ser l\u2019an\u00e0lisi de clips divulgatius publicats a TikTok, dissenyats per trencar tab\u00fas i afavorir una conversa oberta sobre temes de salut entre el p\u00fablic adolescent. Aquests materials, pensats per connectar de manera directa i significativa amb els joves, van contribuir a captar la seva atenci\u00f3 i a facilitar una comprensi\u00f3 m\u00e9s profunda dels continguts tractats.<\/span><\/p>\n<div id='gallery-2' class='gallery galleryid-27166 gallery-columns-1 gallery-size-full'><figure class='gallery-item'>\n\t\t\t<div class='gallery-icon landscape'>\n\t\t\t\t<img loading=\"lazy\" decoding=\"async\" width=\"1200\" height=\"1043\" src=\"https:\/\/i0.wp.com\/escolagrancapita.wpcomstaging.com\/wp-content\/uploads\/2025\/12\/WhatsApp-Image-2025-10-30-at-10.25.13-SUSANA-GARCIA-FERRERAS-e1765394987916.jpeg?fit=1200%2C1043&amp;ssl=1\" class=\"attachment-full size-full\" alt=\"\" srcset=\"https:\/\/i0.wp.com\/escolagrancapita.wpcomstaging.com\/wp-content\/uploads\/2025\/12\/WhatsApp-Image-2025-10-30-at-10.25.13-SUSANA-GARCIA-FERRERAS-e1765394987916.jpeg?w=1200&amp;ssl=1 1200w, https:\/\/i0.wp.com\/escolagrancapita.wpcomstaging.com\/wp-content\/uploads\/2025\/12\/WhatsApp-Image-2025-10-30-at-10.25.13-SUSANA-GARCIA-FERRERAS-e1765394987916.jpeg?resize=300%2C261&amp;ssl=1 300w, https:\/\/i0.wp.com\/escolagrancapita.wpcomstaging.com\/wp-content\/uploads\/2025\/12\/WhatsApp-Image-2025-10-30-at-10.25.13-SUSANA-GARCIA-FERRERAS-e1765394987916.jpeg?resize=1024%2C890&amp;ssl=1 1024w, https:\/\/i0.wp.com\/escolagrancapita.wpcomstaging.com\/wp-content\/uploads\/2025\/12\/WhatsApp-Image-2025-10-30-at-10.25.13-SUSANA-GARCIA-FERRERAS-e1765394987916.jpeg?resize=768%2C668&amp;ssl=1 768w\" sizes=\"auto, (max-width: 750px) 100vw, 750px\" \/>\n\t\t\t<\/div><\/figure>\n\t\t<\/div>\n\n<p style=\"text-align: justify;\"><span style=\"font-weight: 400;\">Gr\u00e0cies a aquest format audiovisual accessible i actual, l\u2019alumnat va poder entendre millor la realitat m\u00e8dica i emocional que viuen moltes persones que conviuen amb el c\u00e0ncer, alhora que va prendre consci\u00e8ncia del paper fonamental de la recerca cient\u00edfica per millorar-ne la qualitat de vida.<\/span><\/p>\n<p style=\"text-align: justify;\"><span style=\"font-weight: 400;\">A trav\u00e9s d\u2019aquesta iniciativa, el centre referma el seu comprom\u00eds amb una educaci\u00f3 basada en valors, promovent la consci\u00e8ncia social, l\u2019empatia i el suport col\u00b7lectiu envers les causes solid\u00e0ries que impulsa La Marat\u00f3. Sens dubte, es tracta d\u2019una experi\u00e8ncia que enriqueix la formaci\u00f3 integral de l\u2019alumnat i contribueix a desenvolupar una mirada cr\u00edtica i solid\u00e0ria davant els reptes de salut que afronta la societat.<\/span><\/p>\n","protected":false},"excerpt":{"rendered":"<p>Amb motiu de la nova edici\u00f3 de La Marat\u00f3, centrada enguany en la recerca sobre el c\u00e0ncer, el centre ha organitzat una xerrada adre\u00e7ada a l\u2019alumnat de Secund\u00e0ria amb l\u2019objectiu de sensibilitzar, informar i fomentar una actitud solid\u00e0ria envers les<\/p>\n","protected":false},"author":1,"featured_media":0,"parent":0,"menu_order":0,"comment_status":"closed","ping_status":"closed","template":"","meta":{"_crdt_document":"","footnotes":""},"categories":[],"tags":[151,43,126,62],"class_list":["post-27166","page","type-page","status-publish","hentry","tag-curs-2025-26","tag-ed-secundaria","tag-salut","tag-valors"],"jetpack_sharing_enabled":true,"_links":{"self":[{"href":"https:\/\/escolagrancapita.wpcomstaging.com\/index.php?rest_route=\/wp\/v2\/pages\/27166","targetHints":{"allow":["GET"]}}],"collection":[{"href":"https:\/\/escolagrancapita.wpcomstaging.com\/index.php?rest_route=\/wp\/v2\/pages"}],"about":[{"href":"https:\/\/escolagrancapita.wpcomstaging.com\/index.php?rest_route=\/wp\/v2\/types\/page"}],"author":[{"embeddable":true,"href":"https:\/\/escolagrancapita.wpcomstaging.com\/index.php?rest_route=\/wp\/v2\/users\/1"}],"replies":[{"embeddable":true,"href":"https:\/\/escolagrancapita.wpcomstaging.com\/index.php?rest_route=%2Fwp%2Fv2%2Fcomments&post=27166"}],"version-history":[{"count":8,"href":"https:\/\/escolagrancapita.wpcomstaging.com\/index.php?rest_route=\/wp\/v2\/pages\/27166\/revisions"}],"predecessor-version":[{"id":27226,"href":"https:\/\/escolagrancapita.wpcomstaging.com\/index.php?rest_route=\/wp\/v2\/pages\/27166\/revisions\/27226"}],"wp:attachment":[{"href":"https:\/\/escolagrancapita.wpcomstaging.com\/index.php?rest_route=%2Fwp%2Fv2%2Fmedia&parent=27166"}],"wp:term":[{"taxonomy":"category","embeddable":true,"href":"https:\/\/escolagrancapita.wpcomstaging.com\/index.php?rest_route=%2Fwp%2Fv2%2Fcategories&post=27166"},{"taxonomy":"post_tag","embeddable":true,"href":"https:\/\/escolagrancapita.wpcomstaging.com\/index.php?rest_route=%2Fwp%2Fv2%2Ftags&post=27166"}],"curies":[{"name":"wp","href":"https:\/\/api.w.org\/{rel}","templated":true}]}}