{"id":27230,"date":"2025-12-11T17:46:47","date_gmt":"2025-12-11T17:46:47","guid":{"rendered":"https:\/\/escolagrancapita.wpcomstaging.com\/?page_id=27230"},"modified":"2025-12-13T09:44:53","modified_gmt":"2025-12-13T09:44:53","slug":"un-primer-trimestre-ple-de-descobertes-i-moviment","status":"publish","type":"page","link":"https:\/\/escolagrancapita.wpcomstaging.com\/?page_id=27230","title":{"rendered":"Un primer trimestre ple de descobertes i moviment"},"content":{"rendered":"<p style=\"text-align: justify;\" data-start=\"209\" data-end=\"373\">Aquest primer trimestre ha estat una etapa plena de viv\u00e8ncies i aprenentatges per a tot l\u2019alumnat, i cada etapa educativa l\u2019ha viscuda des de la seva pr\u00f2pia mirada.<\/p>\n<p style=\"text-align: justify;\" data-start=\"375\" data-end=\"927\">A Infantil, han participat en una \u00e0mplia varietat de propostes de joc motor orientades a desenvolupar la coordinaci\u00f3, l\u2019equilibri i la creativitat. Han explorat circuits adaptats a les seves necessitats, han practicat moviments b\u00e0sics \u2014com arrossegar-se, saltar o despla\u00e7ar-se de maneres diverses\u2014 i han compartit moments de joc cooperatiu que han afavorit l\u2019autonomia, la confian\u00e7a i el sentit de pertinen\u00e7a al grup. Tot plegat, en un ambient acollidor que ha convertit cada sessi\u00f3 en una nova oportunitat de descoberta i experimentaci\u00f3.<\/p>\n<p style=\"text-align: center;\" data-start=\"375\" data-end=\"927\"><iframe loading=\"lazy\" title=\"Un primer trimestre ple de descobertes i moviment\" src=\"https:\/\/www.youtube.com\/embed\/EerF4NvAI4Q\" width=\"477\" height=\"848\" frameborder=\"0\" allowfullscreen=\"allowfullscreen\"><\/iframe><\/p>\n<p style=\"text-align: justify;\" data-start=\"929\" data-end=\"1511\">A Prim\u00e0ria, el trimestre s\u2019ha centrat en diverses situacions d\u2019aprenentatge al voltant dels salts, amb activitats dissenyades per refor\u00e7ar habilitats motrius i h\u00e0bits saludables. L\u2019alumnat ha treballat el salt de corda, incorporant ritme i resist\u00e8ncia; el salt d\u2019al\u00e7ada, on ha desenvolupat t\u00e8cnica, concentraci\u00f3 i autocontrol; i el salt de llargada, tot millorant l\u2019impuls, la caiguda i la percepci\u00f3 del propi moviment. Han estat setmanes de reptes progressius que han fomentat l\u2019esfor\u00e7 personal, la const\u00e0ncia i l\u2019esperit de superaci\u00f3, sempre en un entorn motivador i participatiu.<\/p>\n<p style=\"text-align: justify;\" data-start=\"1513\" data-end=\"1776\" data-is-last-node=\"\" data-is-only-node=\"\">En conjunt, aquest primer tram de curs ha estat actiu, enriquidor i ple de moments que han contribu\u00eft al creixement integral de cada grup. Amb tota aquesta energia acumulada, el centre encarar\u00e0 el segon trimestre amb motivaci\u00f3 i noves oportunitats d\u2019aprenentatge.<\/p>\n","protected":false},"excerpt":{"rendered":"<p>Aquest primer trimestre ha estat una etapa plena de viv\u00e8ncies i aprenentatges per a tot l\u2019alumnat, i cada etapa educativa l\u2019ha viscuda des de la seva pr\u00f2pia mirada. A Infantil, han participat en una \u00e0mplia varietat de propostes de joc<\/p>\n","protected":false},"author":1,"featured_media":0,"parent":0,"menu_order":0,"comment_status":"closed","ping_status":"closed","template":"","meta":{"_crdt_document":"","footnotes":""},"categories":[],"tags":[151,77,86,126],"class_list":["post-27230","page","type-page","status-publish","hentry","tag-curs-2025-26","tag-ed-infantil","tag-ed-primaria","tag-salut"],"jetpack_sharing_enabled":true,"_links":{"self":[{"href":"https:\/\/escolagrancapita.wpcomstaging.com\/index.php?rest_route=\/wp\/v2\/pages\/27230","targetHints":{"allow":["GET"]}}],"collection":[{"href":"https:\/\/escolagrancapita.wpcomstaging.com\/index.php?rest_route=\/wp\/v2\/pages"}],"about":[{"href":"https:\/\/escolagrancapita.wpcomstaging.com\/index.php?rest_route=\/wp\/v2\/types\/page"}],"author":[{"embeddable":true,"href":"https:\/\/escolagrancapita.wpcomstaging.com\/index.php?rest_route=\/wp\/v2\/users\/1"}],"replies":[{"embeddable":true,"href":"https:\/\/escolagrancapita.wpcomstaging.com\/index.php?rest_route=%2Fwp%2Fv2%2Fcomments&post=27230"}],"version-history":[{"count":2,"href":"https:\/\/escolagrancapita.wpcomstaging.com\/index.php?rest_route=\/wp\/v2\/pages\/27230\/revisions"}],"predecessor-version":[{"id":27233,"href":"https:\/\/escolagrancapita.wpcomstaging.com\/index.php?rest_route=\/wp\/v2\/pages\/27230\/revisions\/27233"}],"wp:attachment":[{"href":"https:\/\/escolagrancapita.wpcomstaging.com\/index.php?rest_route=%2Fwp%2Fv2%2Fmedia&parent=27230"}],"wp:term":[{"taxonomy":"category","embeddable":true,"href":"https:\/\/escolagrancapita.wpcomstaging.com\/index.php?rest_route=%2Fwp%2Fv2%2Fcategories&post=27230"},{"taxonomy":"post_tag","embeddable":true,"href":"https:\/\/escolagrancapita.wpcomstaging.com\/index.php?rest_route=%2Fwp%2Fv2%2Ftags&post=27230"}],"curies":[{"name":"wp","href":"https:\/\/api.w.org\/{rel}","templated":true}]}}