{"id":27356,"date":"2025-12-15T18:46:37","date_gmt":"2025-12-15T18:46:37","guid":{"rendered":"https:\/\/escolagrancapita.wpcomstaging.com\/?page_id=27356"},"modified":"2025-12-15T18:46:37","modified_gmt":"2025-12-15T18:46:37","slug":"tecniques-destudi","status":"publish","type":"page","link":"https:\/\/escolagrancapita.wpcomstaging.com\/?page_id=27356","title":{"rendered":"T\u00e8cniques d&#8217;estudi"},"content":{"rendered":"<div class=\"flex flex-col text-sm @w-xl\/main:pt-header-height pb-25\">\n<article class=\"text-token-text-primary w-full focus:outline-none [--shadow-height:45px] has-data-writing-block:pointer-events-none has-data-writing-block:-mt-(--shadow-height) has-data-writing-block:pt-(--shadow-height) [&amp;:has([data-writing-block])&gt;*]:pointer-events-auto scroll-mt-[calc(var(--header-height)+min(200px,max(70px,20svh)))]\" dir=\"auto\" tabindex=\"-1\" data-turn-id=\"request-693b02a4-8ec8-8330-87b6-3bc2c11939d4-2\" data-testid=\"conversation-turn-13\" data-scroll-anchor=\"true\" data-turn=\"assistant\">\n<div class=\"text-base my-auto mx-auto pb-10 [--thread-content-margin:--spacing(4)] @w-sm\/main:[--thread-content-margin:--spacing(6)] @w-lg\/main:[--thread-content-margin:--spacing(16)] px-(--thread-content-margin)\">\n<div class=\"[--thread-content-max-width:40rem] @w-lg\/main:[--thread-content-max-width:48rem] mx-auto max-w-(--thread-content-max-width) flex-1 group\/turn-messages focus-visible:outline-hidden relative flex w-full min-w-0 flex-col agent-turn\" tabindex=\"-1\">\n<div class=\"flex max-w-full flex-col grow\">\n<div class=\"min-h-8 text-message relative flex w-full flex-col items-end gap-2 text-start break-words whitespace-normal [.text-message+&amp;]:mt-1\" dir=\"auto\" data-message-author-role=\"assistant\" data-message-id=\"c131022d-b7d1-4052-8a6c-4738cc76a49f\" data-message-model-slug=\"gpt-5-2\">\n<div class=\"flex w-full flex-col gap-1 empty:hidden first:pt-[1px]\">\n<div class=\"markdown prose dark:prose-invert w-full break-words dark markdown-new-styling\">\n<p style=\"text-align: justify;\" data-start=\"92\" data-end=\"601\" data-is-last-node=\"\" data-is-only-node=\"\"><strong>Vols millorar les teves estrat\u00e8gies d\u2019estudi?<\/strong> En aquest v\u00eddeo es presenten diverses t\u00e8cniques per afavorir la concentraci\u00f3 i optimitzar el temps dedicat a l\u2019aprenentatge, alhora que s\u2019analitzen alguns dels errors m\u00e9s habituals que poden interferir en el rendiment acad\u00e8mic.<\/p>\n<p style=\"text-align: center;\" data-start=\"92\" data-end=\"601\" data-is-last-node=\"\" data-is-only-node=\"\"><iframe loading=\"lazy\" title=\"T\u00e8cniques d'estudi\" src=\"https:\/\/www.youtube.com\/embed\/cRa7lRz5XEg\" width=\"478\" height=\"849\" frameborder=\"0\" allowfullscreen=\"allowfullscreen\"><\/iframe><\/p>\n<p style=\"text-align: justify;\" data-start=\"92\" data-end=\"601\" data-is-last-node=\"\" data-is-only-node=\"\">Factors com tenir el tel\u00e8fon m\u00f2bil a prop poden provocar distraccions i dificultar l\u2019atenci\u00f3 sostinguda. T&#8217;oferim orientacions pr\u00e0ctiques per identificar aquests entrebancs i adquirir h\u00e0bits d\u2019estudi m\u00e9s eficients i conscients.\u00a0Amb petites accions i una organitzaci\u00f3 adequada, \u00e9s possible millorar la concentraci\u00f3 i aprofitar millor el temps d\u2019estudi, tot afavorint un aprenentatge m\u00e9s aut\u00f2nom, equilibrat i de qualitat.<\/p>\n<\/div>\n<\/div>\n<\/div>\n<\/div>\n<\/div>\n<\/div>\n<\/article>\n<\/div>\n","protected":false},"excerpt":{"rendered":"<p>Vols millorar les teves estrat\u00e8gies d\u2019estudi? En aquest v\u00eddeo es presenten diverses t\u00e8cniques per afavorir la concentraci\u00f3 i optimitzar el temps dedicat a l\u2019aprenentatge, alhora que s\u2019analitzen alguns dels errors m\u00e9s habituals que poden interferir en el rendiment acad\u00e8mic. Factors<\/p>\n","protected":false},"author":1,"featured_media":0,"parent":0,"menu_order":0,"comment_status":"closed","ping_status":"closed","template":"","meta":{"_crdt_document":"","footnotes":""},"categories":[],"tags":[151,86,43],"class_list":["post-27356","page","type-page","status-publish","hentry","tag-curs-2025-26","tag-ed-primaria","tag-ed-secundaria"],"jetpack_sharing_enabled":true,"_links":{"self":[{"href":"https:\/\/escolagrancapita.wpcomstaging.com\/index.php?rest_route=\/wp\/v2\/pages\/27356","targetHints":{"allow":["GET"]}}],"collection":[{"href":"https:\/\/escolagrancapita.wpcomstaging.com\/index.php?rest_route=\/wp\/v2\/pages"}],"about":[{"href":"https:\/\/escolagrancapita.wpcomstaging.com\/index.php?rest_route=\/wp\/v2\/types\/page"}],"author":[{"embeddable":true,"href":"https:\/\/escolagrancapita.wpcomstaging.com\/index.php?rest_route=\/wp\/v2\/users\/1"}],"replies":[{"embeddable":true,"href":"https:\/\/escolagrancapita.wpcomstaging.com\/index.php?rest_route=%2Fwp%2Fv2%2Fcomments&post=27356"}],"version-history":[{"count":2,"href":"https:\/\/escolagrancapita.wpcomstaging.com\/index.php?rest_route=\/wp\/v2\/pages\/27356\/revisions"}],"predecessor-version":[{"id":27362,"href":"https:\/\/escolagrancapita.wpcomstaging.com\/index.php?rest_route=\/wp\/v2\/pages\/27356\/revisions\/27362"}],"wp:attachment":[{"href":"https:\/\/escolagrancapita.wpcomstaging.com\/index.php?rest_route=%2Fwp%2Fv2%2Fmedia&parent=27356"}],"wp:term":[{"taxonomy":"category","embeddable":true,"href":"https:\/\/escolagrancapita.wpcomstaging.com\/index.php?rest_route=%2Fwp%2Fv2%2Fcategories&post=27356"},{"taxonomy":"post_tag","embeddable":true,"href":"https:\/\/escolagrancapita.wpcomstaging.com\/index.php?rest_route=%2Fwp%2Fv2%2Ftags&post=27356"}],"curies":[{"name":"wp","href":"https:\/\/api.w.org\/{rel}","templated":true}]}}