{"id":27358,"date":"2025-12-15T19:07:09","date_gmt":"2025-12-15T19:07:09","guid":{"rendered":"https:\/\/escolagrancapita.wpcomstaging.com\/?page_id=27358"},"modified":"2025-12-15T19:08:00","modified_gmt":"2025-12-15T19:08:00","slug":"visita-a-licm","status":"publish","type":"page","link":"https:\/\/escolagrancapita.wpcomstaging.com\/?page_id=27358","title":{"rendered":"Visita a l&#8217;ICM"},"content":{"rendered":"<p style=\"text-align: justify;\" data-start=\"120\" data-end=\"774\">El passat dijous 13 de novembre, 3r d\u2019ESO va realitzar una sortida educativa a l\u2019<a href=\"https:\/\/icm.csic.es\/ca\" target=\"_blank\" rel=\"noopener\">Institut de Ci\u00e8ncies del Mar (ICM)<\/a>, un centre de refer\u00e8ncia en recerca cient\u00edfica que forma part del CSIC i treballa conjuntament amb l\u2019Institut de Biologia Evolutiva (CSIC-UPF). Durant la visita, l\u2019alumnat va poder <strong>con\u00e8ixer de primera m\u00e0 la tasca de diversos investigadors i investigadores<\/strong>, que els van explicar com \u00e9s el seu dia a dia en l\u2019\u00e0mbit de la recerca cient\u00edfica i els estudis que es duen a terme relacionats amb la biodiversitat i els processos evolutius. Aquesta activitat va apropar el m\u00f3n de la ci\u00e8ncia a l\u2019alumnat de manera propera i motivadora.<\/p>\n<div id='gallery-1' class='gallery galleryid-27358 gallery-columns-2 gallery-size-full'><figure class='gallery-item'>\n\t\t\t<div class='gallery-icon landscape'>\n\t\t\t\t<img loading=\"lazy\" decoding=\"async\" width=\"1600\" height=\"1200\" src=\"https:\/\/i0.wp.com\/escolagrancapita.wpcomstaging.com\/wp-content\/uploads\/2025\/12\/WhatsApp-Image-2025-12-15-at-19.12.39-4-Cristina-BaHe.jpeg?fit=1600%2C1200&amp;ssl=1\" class=\"attachment-full size-full\" alt=\"\" srcset=\"https:\/\/i0.wp.com\/escolagrancapita.wpcomstaging.com\/wp-content\/uploads\/2025\/12\/WhatsApp-Image-2025-12-15-at-19.12.39-4-Cristina-BaHe.jpeg?w=1600&amp;ssl=1 1600w, https:\/\/i0.wp.com\/escolagrancapita.wpcomstaging.com\/wp-content\/uploads\/2025\/12\/WhatsApp-Image-2025-12-15-at-19.12.39-4-Cristina-BaHe.jpeg?resize=300%2C225&amp;ssl=1 300w, https:\/\/i0.wp.com\/escolagrancapita.wpcomstaging.com\/wp-content\/uploads\/2025\/12\/WhatsApp-Image-2025-12-15-at-19.12.39-4-Cristina-BaHe.jpeg?resize=1024%2C768&amp;ssl=1 1024w, https:\/\/i0.wp.com\/escolagrancapita.wpcomstaging.com\/wp-content\/uploads\/2025\/12\/WhatsApp-Image-2025-12-15-at-19.12.39-4-Cristina-BaHe.jpeg?resize=768%2C576&amp;ssl=1 768w, https:\/\/i0.wp.com\/escolagrancapita.wpcomstaging.com\/wp-content\/uploads\/2025\/12\/WhatsApp-Image-2025-12-15-at-19.12.39-4-Cristina-BaHe.jpeg?resize=1536%2C1152&amp;ssl=1 1536w\" sizes=\"auto, (max-width: 750px) 100vw, 750px\" \/>\n\t\t\t<\/div><\/figure><figure class='gallery-item'>\n\t\t\t<div class='gallery-icon landscape'>\n\t\t\t\t<img loading=\"lazy\" decoding=\"async\" width=\"1600\" height=\"1200\" src=\"https:\/\/i0.wp.com\/escolagrancapita.wpcomstaging.com\/wp-content\/uploads\/2025\/12\/WhatsApp-Image-2025-12-15-at-19.12.39-2-Cristina-BaHe.jpeg?fit=1600%2C1200&amp;ssl=1\" class=\"attachment-full size-full\" alt=\"\" srcset=\"https:\/\/i0.wp.com\/escolagrancapita.wpcomstaging.com\/wp-content\/uploads\/2025\/12\/WhatsApp-Image-2025-12-15-at-19.12.39-2-Cristina-BaHe.jpeg?w=1600&amp;ssl=1 1600w, https:\/\/i0.wp.com\/escolagrancapita.wpcomstaging.com\/wp-content\/uploads\/2025\/12\/WhatsApp-Image-2025-12-15-at-19.12.39-2-Cristina-BaHe.jpeg?resize=300%2C225&amp;ssl=1 300w, https:\/\/i0.wp.com\/escolagrancapita.wpcomstaging.com\/wp-content\/uploads\/2025\/12\/WhatsApp-Image-2025-12-15-at-19.12.39-2-Cristina-BaHe.jpeg?resize=1024%2C768&amp;ssl=1 1024w, https:\/\/i0.wp.com\/escolagrancapita.wpcomstaging.com\/wp-content\/uploads\/2025\/12\/WhatsApp-Image-2025-12-15-at-19.12.39-2-Cristina-BaHe.jpeg?resize=768%2C576&amp;ssl=1 768w, https:\/\/i0.wp.com\/escolagrancapita.wpcomstaging.com\/wp-content\/uploads\/2025\/12\/WhatsApp-Image-2025-12-15-at-19.12.39-2-Cristina-BaHe.jpeg?resize=1536%2C1152&amp;ssl=1 1536w\" sizes=\"auto, (max-width: 750px) 100vw, 750px\" \/>\n\t\t\t<\/div><\/figure>\n\t\t<\/div>\n\n<p style=\"text-align: justify;\" data-start=\"776\" data-end=\"1428\">Un dels moments m\u00e9s destacats de la jornada va ser l\u2019<strong>observaci\u00f3 de diferents mostres marines<\/strong>. Mitjan\u00e7ant equips de gran precisi\u00f3, l\u2019alumnat va poder analitzar zoopl\u00e0ncton i fitopl\u00e0ncton amb microscopis d\u2019alta resoluci\u00f3, descobrint la gran diversitat d\u2019organismes microsc\u00f2pics que habiten els nostres mars.<\/p>\n<div id='gallery-2' class='gallery galleryid-27358 gallery-columns-3 gallery-size-full'><figure class='gallery-item'>\n\t\t\t<div class='gallery-icon portrait'>\n\t\t\t\t<img loading=\"lazy\" decoding=\"async\" width=\"1200\" height=\"1600\" src=\"https:\/\/i0.wp.com\/escolagrancapita.wpcomstaging.com\/wp-content\/uploads\/2025\/12\/WhatsApp-Image-2025-12-15-at-19.12.39-3-Cristina-BaHe.jpeg?fit=1200%2C1600&amp;ssl=1\" class=\"attachment-full size-full\" alt=\"\" srcset=\"https:\/\/i0.wp.com\/escolagrancapita.wpcomstaging.com\/wp-content\/uploads\/2025\/12\/WhatsApp-Image-2025-12-15-at-19.12.39-3-Cristina-BaHe.jpeg?w=1200&amp;ssl=1 1200w, https:\/\/i0.wp.com\/escolagrancapita.wpcomstaging.com\/wp-content\/uploads\/2025\/12\/WhatsApp-Image-2025-12-15-at-19.12.39-3-Cristina-BaHe.jpeg?resize=225%2C300&amp;ssl=1 225w, https:\/\/i0.wp.com\/escolagrancapita.wpcomstaging.com\/wp-content\/uploads\/2025\/12\/WhatsApp-Image-2025-12-15-at-19.12.39-3-Cristina-BaHe.jpeg?resize=768%2C1024&amp;ssl=1 768w, https:\/\/i0.wp.com\/escolagrancapita.wpcomstaging.com\/wp-content\/uploads\/2025\/12\/WhatsApp-Image-2025-12-15-at-19.12.39-3-Cristina-BaHe.jpeg?resize=1152%2C1536&amp;ssl=1 1152w\" sizes=\"auto, (max-width: 750px) 100vw, 750px\" \/>\n\t\t\t<\/div><\/figure><figure class='gallery-item'>\n\t\t\t<div class='gallery-icon portrait'>\n\t\t\t\t<img loading=\"lazy\" decoding=\"async\" width=\"1200\" height=\"1600\" src=\"https:\/\/i0.wp.com\/escolagrancapita.wpcomstaging.com\/wp-content\/uploads\/2025\/12\/WhatsApp-Image-2025-12-15-at-19.12.39-1-Cristina-BaHe.jpeg?fit=1200%2C1600&amp;ssl=1\" class=\"attachment-full size-full\" alt=\"\" srcset=\"https:\/\/i0.wp.com\/escolagrancapita.wpcomstaging.com\/wp-content\/uploads\/2025\/12\/WhatsApp-Image-2025-12-15-at-19.12.39-1-Cristina-BaHe.jpeg?w=1200&amp;ssl=1 1200w, https:\/\/i0.wp.com\/escolagrancapita.wpcomstaging.com\/wp-content\/uploads\/2025\/12\/WhatsApp-Image-2025-12-15-at-19.12.39-1-Cristina-BaHe.jpeg?resize=225%2C300&amp;ssl=1 225w, https:\/\/i0.wp.com\/escolagrancapita.wpcomstaging.com\/wp-content\/uploads\/2025\/12\/WhatsApp-Image-2025-12-15-at-19.12.39-1-Cristina-BaHe.jpeg?resize=768%2C1024&amp;ssl=1 768w, https:\/\/i0.wp.com\/escolagrancapita.wpcomstaging.com\/wp-content\/uploads\/2025\/12\/WhatsApp-Image-2025-12-15-at-19.12.39-1-Cristina-BaHe.jpeg?resize=1152%2C1536&amp;ssl=1 1152w\" sizes=\"auto, (max-width: 750px) 100vw, 750px\" \/>\n\t\t\t<\/div><\/figure><figure class='gallery-item'>\n\t\t\t<div class='gallery-icon portrait'>\n\t\t\t\t<img loading=\"lazy\" decoding=\"async\" width=\"1200\" height=\"1600\" src=\"https:\/\/i0.wp.com\/escolagrancapita.wpcomstaging.com\/wp-content\/uploads\/2025\/12\/WhatsApp-Image-2025-12-15-at-19.12.39-Cristina-BaHe.jpeg?fit=1200%2C1600&amp;ssl=1\" class=\"attachment-full size-full\" alt=\"\" srcset=\"https:\/\/i0.wp.com\/escolagrancapita.wpcomstaging.com\/wp-content\/uploads\/2025\/12\/WhatsApp-Image-2025-12-15-at-19.12.39-Cristina-BaHe.jpeg?w=1200&amp;ssl=1 1200w, https:\/\/i0.wp.com\/escolagrancapita.wpcomstaging.com\/wp-content\/uploads\/2025\/12\/WhatsApp-Image-2025-12-15-at-19.12.39-Cristina-BaHe.jpeg?resize=225%2C300&amp;ssl=1 225w, https:\/\/i0.wp.com\/escolagrancapita.wpcomstaging.com\/wp-content\/uploads\/2025\/12\/WhatsApp-Image-2025-12-15-at-19.12.39-Cristina-BaHe.jpeg?resize=768%2C1024&amp;ssl=1 768w, https:\/\/i0.wp.com\/escolagrancapita.wpcomstaging.com\/wp-content\/uploads\/2025\/12\/WhatsApp-Image-2025-12-15-at-19.12.39-Cristina-BaHe.jpeg?resize=1152%2C1536&amp;ssl=1 1152w\" sizes=\"auto, (max-width: 750px) 100vw, 750px\" \/>\n\t\t\t<\/div><\/figure>\n\t\t<\/div>\n\n<p style=\"text-align: justify;\" data-start=\"776\" data-end=\"1428\">La sortida es va completar amb un <strong>recorregut cultural pel centre hist\u00f2ric de Barcelona<\/strong>, que va incloure visites al Centre Cultural El Born, al Fossar de les Moreres, a la Bas\u00edlica de Santa Maria del Mar i a la Catedral. Aquest itinerari va permetre relacionar els continguts treballats a l\u2019aula amb el patrimoni hist\u00f2ric i cultural de la ciutat.<\/p>\n<div id='gallery-3' class='gallery galleryid-27358 gallery-columns-2 gallery-size-full'><figure class='gallery-item'>\n\t\t\t<div class='gallery-icon landscape'>\n\t\t\t\t<img loading=\"lazy\" decoding=\"async\" width=\"1600\" height=\"1244\" src=\"https:\/\/i0.wp.com\/escolagrancapita.wpcomstaging.com\/wp-content\/uploads\/2025\/12\/WhatsApp-Image-2025-12-15-at-19.14.38-Cristina-BaHe.jpeg?fit=1600%2C1244&amp;ssl=1\" class=\"attachment-full size-full\" alt=\"\" srcset=\"https:\/\/i0.wp.com\/escolagrancapita.wpcomstaging.com\/wp-content\/uploads\/2025\/12\/WhatsApp-Image-2025-12-15-at-19.14.38-Cristina-BaHe.jpeg?w=1600&amp;ssl=1 1600w, https:\/\/i0.wp.com\/escolagrancapita.wpcomstaging.com\/wp-content\/uploads\/2025\/12\/WhatsApp-Image-2025-12-15-at-19.14.38-Cristina-BaHe.jpeg?resize=300%2C233&amp;ssl=1 300w, https:\/\/i0.wp.com\/escolagrancapita.wpcomstaging.com\/wp-content\/uploads\/2025\/12\/WhatsApp-Image-2025-12-15-at-19.14.38-Cristina-BaHe.jpeg?resize=1024%2C796&amp;ssl=1 1024w, https:\/\/i0.wp.com\/escolagrancapita.wpcomstaging.com\/wp-content\/uploads\/2025\/12\/WhatsApp-Image-2025-12-15-at-19.14.38-Cristina-BaHe.jpeg?resize=768%2C597&amp;ssl=1 768w, https:\/\/i0.wp.com\/escolagrancapita.wpcomstaging.com\/wp-content\/uploads\/2025\/12\/WhatsApp-Image-2025-12-15-at-19.14.38-Cristina-BaHe.jpeg?resize=1536%2C1194&amp;ssl=1 1536w\" sizes=\"auto, (max-width: 750px) 100vw, 750px\" \/>\n\t\t\t<\/div><\/figure><figure class='gallery-item'>\n\t\t\t<div class='gallery-icon landscape'>\n\t\t\t\t<img loading=\"lazy\" decoding=\"async\" width=\"1600\" height=\"1200\" src=\"https:\/\/i0.wp.com\/escolagrancapita.wpcomstaging.com\/wp-content\/uploads\/2025\/12\/WhatsApp-Image-2025-12-15-at-19.12.39-5-Cristina-BaHe.jpeg?fit=1600%2C1200&amp;ssl=1\" class=\"attachment-full size-full\" alt=\"\" srcset=\"https:\/\/i0.wp.com\/escolagrancapita.wpcomstaging.com\/wp-content\/uploads\/2025\/12\/WhatsApp-Image-2025-12-15-at-19.12.39-5-Cristina-BaHe.jpeg?w=1600&amp;ssl=1 1600w, https:\/\/i0.wp.com\/escolagrancapita.wpcomstaging.com\/wp-content\/uploads\/2025\/12\/WhatsApp-Image-2025-12-15-at-19.12.39-5-Cristina-BaHe.jpeg?resize=300%2C225&amp;ssl=1 300w, https:\/\/i0.wp.com\/escolagrancapita.wpcomstaging.com\/wp-content\/uploads\/2025\/12\/WhatsApp-Image-2025-12-15-at-19.12.39-5-Cristina-BaHe.jpeg?resize=1024%2C768&amp;ssl=1 1024w, https:\/\/i0.wp.com\/escolagrancapita.wpcomstaging.com\/wp-content\/uploads\/2025\/12\/WhatsApp-Image-2025-12-15-at-19.12.39-5-Cristina-BaHe.jpeg?resize=768%2C576&amp;ssl=1 768w, https:\/\/i0.wp.com\/escolagrancapita.wpcomstaging.com\/wp-content\/uploads\/2025\/12\/WhatsApp-Image-2025-12-15-at-19.12.39-5-Cristina-BaHe.jpeg?resize=1536%2C1152&amp;ssl=1 1536w\" sizes=\"auto, (max-width: 750px) 100vw, 750px\" \/>\n\t\t\t<\/div><\/figure>\n\t\t<\/div>\n\n<p style=\"text-align: justify;\" data-start=\"1430\" data-end=\"1620\">Sens dubte, va ser una jornada molt enriquidora que va combinar ci\u00e8ncia, cultura i conviv\u00e8ncia, i que contribuir\u00e0 a ampliar els coneixements i l\u2019inter\u00e8s de l\u2019alumnat pel m\u00f3n que els envolta.<\/p>\n","protected":false},"excerpt":{"rendered":"<p>El passat dijous 13 de novembre, 3r d\u2019ESO va realitzar una sortida educativa a l\u2019Institut de Ci\u00e8ncies del Mar (ICM), un centre de refer\u00e8ncia en recerca cient\u00edfica que forma part del CSIC i treballa conjuntament amb l\u2019Institut de Biologia Evolutiva<\/p>\n","protected":false},"author":1,"featured_media":0,"parent":0,"menu_order":0,"comment_status":"closed","ping_status":"closed","template":"","meta":{"_crdt_document":"","footnotes":""},"categories":[],"tags":[151,43,82],"class_list":["post-27358","page","type-page","status-publish","hentry","tag-curs-2025-26","tag-ed-secundaria","tag-sortides"],"jetpack_sharing_enabled":true,"_links":{"self":[{"href":"https:\/\/escolagrancapita.wpcomstaging.com\/index.php?rest_route=\/wp\/v2\/pages\/27358","targetHints":{"allow":["GET"]}}],"collection":[{"href":"https:\/\/escolagrancapita.wpcomstaging.com\/index.php?rest_route=\/wp\/v2\/pages"}],"about":[{"href":"https:\/\/escolagrancapita.wpcomstaging.com\/index.php?rest_route=\/wp\/v2\/types\/page"}],"author":[{"embeddable":true,"href":"https:\/\/escolagrancapita.wpcomstaging.com\/index.php?rest_route=\/wp\/v2\/users\/1"}],"replies":[{"embeddable":true,"href":"https:\/\/escolagrancapita.wpcomstaging.com\/index.php?rest_route=%2Fwp%2Fv2%2Fcomments&post=27358"}],"version-history":[{"count":4,"href":"https:\/\/escolagrancapita.wpcomstaging.com\/index.php?rest_route=\/wp\/v2\/pages\/27358\/revisions"}],"predecessor-version":[{"id":27379,"href":"https:\/\/escolagrancapita.wpcomstaging.com\/index.php?rest_route=\/wp\/v2\/pages\/27358\/revisions\/27379"}],"wp:attachment":[{"href":"https:\/\/escolagrancapita.wpcomstaging.com\/index.php?rest_route=%2Fwp%2Fv2%2Fmedia&parent=27358"}],"wp:term":[{"taxonomy":"category","embeddable":true,"href":"https:\/\/escolagrancapita.wpcomstaging.com\/index.php?rest_route=%2Fwp%2Fv2%2Fcategories&post=27358"},{"taxonomy":"post_tag","embeddable":true,"href":"https:\/\/escolagrancapita.wpcomstaging.com\/index.php?rest_route=%2Fwp%2Fv2%2Ftags&post=27358"}],"curies":[{"name":"wp","href":"https:\/\/api.w.org\/{rel}","templated":true}]}}