{"id":27440,"date":"2025-12-17T18:16:50","date_gmt":"2025-12-17T18:16:50","guid":{"rendered":"https:\/\/escolagrancapita.wpcomstaging.com\/?page_id=27440"},"modified":"2025-12-17T18:16:50","modified_gmt":"2025-12-17T18:16:50","slug":"decorant-larbre-de-nadal-amb-la-protagonista-de-la-setmana","status":"publish","type":"page","link":"https:\/\/escolagrancapita.wpcomstaging.com\/?page_id=27440","title":{"rendered":"Decorant l&#8217;arbre de Nadal amb la Protagonista de la Setmana"},"content":{"rendered":"<p style=\"text-align: justify;\">El projecte del <strong>Protagonista de la Setmana<\/strong> \u00e9s una activitat consolidada a l\u2019etapa d\u2019Educaci\u00f3 Infantil que contribueix a refor\u00e7ar el vincle entre l\u2019alumnat, les fam\u00edlies i l\u2019escola. Aquesta proposta educativa afavoreix el coneixement mutu, la comunicaci\u00f3 i l\u2019escolta activa, i permet enriquir els aprenentatges a partir de les experi\u00e8ncies i interessos que les fam\u00edlies comparteixen amb el grup.<\/p>\n<p style=\"text-align: justify;\">Les fam\u00edlies participen regularment visitant l\u2019aula per presentar les seves aficions i activitats quotidianes, fomentant aix\u00ed la implicaci\u00f3 familiar en la vida escolar i el respecte per la diversitat de realitats. Una de les protagonists d&#8217;I4 al desembre ha estat l\u2019<strong>Ona<\/strong>, que ha compartit amb el grup una proposta vinculada a les manualitats, una activitat present en el seu entorn familiar i habitual en el desenvolupament del projecte.<\/p>\n<div id='gallery-1' class='gallery galleryid-27440 gallery-columns-2 gallery-size-full'><figure class='gallery-item'>\n\t\t\t<div class='gallery-icon portrait'>\n\t\t\t\t<img loading=\"lazy\" decoding=\"async\" width=\"2400\" height=\"3500\" src=\"https:\/\/i0.wp.com\/escolagrancapita.wpcomstaging.com\/wp-content\/uploads\/2025\/12\/1765981726008-Ana-Ma-Bujalance-Jurado-e1765995331643.jpg?fit=2400%2C3500&amp;ssl=1\" class=\"attachment-full size-full\" alt=\"\" srcset=\"https:\/\/i0.wp.com\/escolagrancapita.wpcomstaging.com\/wp-content\/uploads\/2025\/12\/1765981726008-Ana-Ma-Bujalance-Jurado-e1765995331643.jpg?w=2400&amp;ssl=1 2400w, https:\/\/i0.wp.com\/escolagrancapita.wpcomstaging.com\/wp-content\/uploads\/2025\/12\/1765981726008-Ana-Ma-Bujalance-Jurado-e1765995331643.jpg?resize=206%2C300&amp;ssl=1 206w, https:\/\/i0.wp.com\/escolagrancapita.wpcomstaging.com\/wp-content\/uploads\/2025\/12\/1765981726008-Ana-Ma-Bujalance-Jurado-e1765995331643.jpg?resize=702%2C1024&amp;ssl=1 702w, https:\/\/i0.wp.com\/escolagrancapita.wpcomstaging.com\/wp-content\/uploads\/2025\/12\/1765981726008-Ana-Ma-Bujalance-Jurado-e1765995331643.jpg?resize=768%2C1120&amp;ssl=1 768w, https:\/\/i0.wp.com\/escolagrancapita.wpcomstaging.com\/wp-content\/uploads\/2025\/12\/1765981726008-Ana-Ma-Bujalance-Jurado-e1765995331643.jpg?resize=1053%2C1536&amp;ssl=1 1053w, https:\/\/i0.wp.com\/escolagrancapita.wpcomstaging.com\/wp-content\/uploads\/2025\/12\/1765981726008-Ana-Ma-Bujalance-Jurado-e1765995331643.jpg?resize=1404%2C2048&amp;ssl=1 1404w, https:\/\/i0.wp.com\/escolagrancapita.wpcomstaging.com\/wp-content\/uploads\/2025\/12\/1765981726008-Ana-Ma-Bujalance-Jurado-e1765995331643.jpg?w=1500&amp;ssl=1 1500w, https:\/\/i0.wp.com\/escolagrancapita.wpcomstaging.com\/wp-content\/uploads\/2025\/12\/1765981726008-Ana-Ma-Bujalance-Jurado-e1765995331643.jpg?w=2250&amp;ssl=1 2250w\" sizes=\"auto, (max-width: 750px) 100vw, 750px\" \/>\n\t\t\t<\/div><\/figure><figure class='gallery-item'>\n\t\t\t<div class='gallery-icon portrait'>\n\t\t\t\t<img loading=\"lazy\" decoding=\"async\" width=\"2400\" height=\"3500\" src=\"https:\/\/i0.wp.com\/escolagrancapita.wpcomstaging.com\/wp-content\/uploads\/2025\/12\/1765981725950-Ana-Ma-Bujalance-Jurado-e1765995361600.jpg?fit=2400%2C3500&amp;ssl=1\" class=\"attachment-full size-full\" alt=\"\" srcset=\"https:\/\/i0.wp.com\/escolagrancapita.wpcomstaging.com\/wp-content\/uploads\/2025\/12\/1765981725950-Ana-Ma-Bujalance-Jurado-e1765995361600.jpg?w=2400&amp;ssl=1 2400w, https:\/\/i0.wp.com\/escolagrancapita.wpcomstaging.com\/wp-content\/uploads\/2025\/12\/1765981725950-Ana-Ma-Bujalance-Jurado-e1765995361600.jpg?resize=206%2C300&amp;ssl=1 206w, https:\/\/i0.wp.com\/escolagrancapita.wpcomstaging.com\/wp-content\/uploads\/2025\/12\/1765981725950-Ana-Ma-Bujalance-Jurado-e1765995361600.jpg?resize=702%2C1024&amp;ssl=1 702w, https:\/\/i0.wp.com\/escolagrancapita.wpcomstaging.com\/wp-content\/uploads\/2025\/12\/1765981725950-Ana-Ma-Bujalance-Jurado-e1765995361600.jpg?resize=768%2C1120&amp;ssl=1 768w, https:\/\/i0.wp.com\/escolagrancapita.wpcomstaging.com\/wp-content\/uploads\/2025\/12\/1765981725950-Ana-Ma-Bujalance-Jurado-e1765995361600.jpg?resize=1053%2C1536&amp;ssl=1 1053w, https:\/\/i0.wp.com\/escolagrancapita.wpcomstaging.com\/wp-content\/uploads\/2025\/12\/1765981725950-Ana-Ma-Bujalance-Jurado-e1765995361600.jpg?resize=1404%2C2048&amp;ssl=1 1404w, https:\/\/i0.wp.com\/escolagrancapita.wpcomstaging.com\/wp-content\/uploads\/2025\/12\/1765981725950-Ana-Ma-Bujalance-Jurado-e1765995361600.jpg?w=1500&amp;ssl=1 1500w, https:\/\/i0.wp.com\/escolagrancapita.wpcomstaging.com\/wp-content\/uploads\/2025\/12\/1765981725950-Ana-Ma-Bujalance-Jurado-e1765995361600.jpg?w=2250&amp;ssl=1 2250w\" sizes=\"auto, (max-width: 750px) 100vw, 750px\" \/>\n\t\t\t<\/div><\/figure>\n\t\t<\/div>\n\n<p style=\"text-align: justify;\">Aprofitant l\u2019apropament d\u2019aquestes dates, es va dur a terme una activitat pl\u00e0stica relacionada amb la decoraci\u00f3 de l\u2019arbre. Cada infant va elaborar el seu propi ornament amb retoladors, una proposta que va afavorir l\u2019expressi\u00f3 art\u00edstica, la motricitat fina i la creativitat, tot respectant els ritmes i les aportacions personals.<\/p>\n<div id='gallery-2' class='gallery galleryid-27440 gallery-columns-4 gallery-size-full'><figure class='gallery-item'>\n\t\t\t<div class='gallery-icon landscape'>\n\t\t\t\t<img loading=\"lazy\" decoding=\"async\" width=\"5760\" height=\"3240\" src=\"https:\/\/i0.wp.com\/escolagrancapita.wpcomstaging.com\/wp-content\/uploads\/2025\/12\/1765981262818-Ana-Ma-Bujalance-Jurado.jpg?fit=5760%2C3240&amp;ssl=1\" class=\"attachment-full size-full\" alt=\"\" srcset=\"https:\/\/i0.wp.com\/escolagrancapita.wpcomstaging.com\/wp-content\/uploads\/2025\/12\/1765981262818-Ana-Ma-Bujalance-Jurado.jpg?w=5760&amp;ssl=1 5760w, https:\/\/i0.wp.com\/escolagrancapita.wpcomstaging.com\/wp-content\/uploads\/2025\/12\/1765981262818-Ana-Ma-Bujalance-Jurado.jpg?resize=300%2C169&amp;ssl=1 300w, https:\/\/i0.wp.com\/escolagrancapita.wpcomstaging.com\/wp-content\/uploads\/2025\/12\/1765981262818-Ana-Ma-Bujalance-Jurado.jpg?resize=1024%2C576&amp;ssl=1 1024w, https:\/\/i0.wp.com\/escolagrancapita.wpcomstaging.com\/wp-content\/uploads\/2025\/12\/1765981262818-Ana-Ma-Bujalance-Jurado.jpg?resize=768%2C432&amp;ssl=1 768w, https:\/\/i0.wp.com\/escolagrancapita.wpcomstaging.com\/wp-content\/uploads\/2025\/12\/1765981262818-Ana-Ma-Bujalance-Jurado.jpg?resize=1536%2C864&amp;ssl=1 1536w, https:\/\/i0.wp.com\/escolagrancapita.wpcomstaging.com\/wp-content\/uploads\/2025\/12\/1765981262818-Ana-Ma-Bujalance-Jurado.jpg?resize=2048%2C1152&amp;ssl=1 2048w, https:\/\/i0.wp.com\/escolagrancapita.wpcomstaging.com\/wp-content\/uploads\/2025\/12\/1765981262818-Ana-Ma-Bujalance-Jurado.jpg?w=2250&amp;ssl=1 2250w\" sizes=\"auto, (max-width: 750px) 100vw, 750px\" \/>\n\t\t\t<\/div><\/figure><figure class='gallery-item'>\n\t\t\t<div class='gallery-icon landscape'>\n\t\t\t\t<img loading=\"lazy\" decoding=\"async\" width=\"5760\" height=\"3240\" src=\"https:\/\/i0.wp.com\/escolagrancapita.wpcomstaging.com\/wp-content\/uploads\/2025\/12\/1765981262944-Ana-Ma-Bujalance-Jurado.jpg?fit=5760%2C3240&amp;ssl=1\" class=\"attachment-full size-full\" alt=\"\" srcset=\"https:\/\/i0.wp.com\/escolagrancapita.wpcomstaging.com\/wp-content\/uploads\/2025\/12\/1765981262944-Ana-Ma-Bujalance-Jurado.jpg?w=5760&amp;ssl=1 5760w, https:\/\/i0.wp.com\/escolagrancapita.wpcomstaging.com\/wp-content\/uploads\/2025\/12\/1765981262944-Ana-Ma-Bujalance-Jurado.jpg?resize=300%2C169&amp;ssl=1 300w, https:\/\/i0.wp.com\/escolagrancapita.wpcomstaging.com\/wp-content\/uploads\/2025\/12\/1765981262944-Ana-Ma-Bujalance-Jurado.jpg?resize=1024%2C576&amp;ssl=1 1024w, https:\/\/i0.wp.com\/escolagrancapita.wpcomstaging.com\/wp-content\/uploads\/2025\/12\/1765981262944-Ana-Ma-Bujalance-Jurado.jpg?resize=768%2C432&amp;ssl=1 768w, https:\/\/i0.wp.com\/escolagrancapita.wpcomstaging.com\/wp-content\/uploads\/2025\/12\/1765981262944-Ana-Ma-Bujalance-Jurado.jpg?resize=1536%2C864&amp;ssl=1 1536w, https:\/\/i0.wp.com\/escolagrancapita.wpcomstaging.com\/wp-content\/uploads\/2025\/12\/1765981262944-Ana-Ma-Bujalance-Jurado.jpg?resize=2048%2C1152&amp;ssl=1 2048w, https:\/\/i0.wp.com\/escolagrancapita.wpcomstaging.com\/wp-content\/uploads\/2025\/12\/1765981262944-Ana-Ma-Bujalance-Jurado.jpg?w=2250&amp;ssl=1 2250w\" sizes=\"auto, (max-width: 750px) 100vw, 750px\" \/>\n\t\t\t<\/div><\/figure><figure class='gallery-item'>\n\t\t\t<div class='gallery-icon landscape'>\n\t\t\t\t<img loading=\"lazy\" decoding=\"async\" width=\"5760\" height=\"3240\" src=\"https:\/\/i0.wp.com\/escolagrancapita.wpcomstaging.com\/wp-content\/uploads\/2025\/12\/1765981262888-Ana-Ma-Bujalance-Jurado.jpg?fit=5760%2C3240&amp;ssl=1\" class=\"attachment-full size-full\" alt=\"\" srcset=\"https:\/\/i0.wp.com\/escolagrancapita.wpcomstaging.com\/wp-content\/uploads\/2025\/12\/1765981262888-Ana-Ma-Bujalance-Jurado.jpg?w=5760&amp;ssl=1 5760w, https:\/\/i0.wp.com\/escolagrancapita.wpcomstaging.com\/wp-content\/uploads\/2025\/12\/1765981262888-Ana-Ma-Bujalance-Jurado.jpg?resize=300%2C169&amp;ssl=1 300w, https:\/\/i0.wp.com\/escolagrancapita.wpcomstaging.com\/wp-content\/uploads\/2025\/12\/1765981262888-Ana-Ma-Bujalance-Jurado.jpg?resize=1024%2C576&amp;ssl=1 1024w, https:\/\/i0.wp.com\/escolagrancapita.wpcomstaging.com\/wp-content\/uploads\/2025\/12\/1765981262888-Ana-Ma-Bujalance-Jurado.jpg?resize=768%2C432&amp;ssl=1 768w, https:\/\/i0.wp.com\/escolagrancapita.wpcomstaging.com\/wp-content\/uploads\/2025\/12\/1765981262888-Ana-Ma-Bujalance-Jurado.jpg?resize=1536%2C864&amp;ssl=1 1536w, https:\/\/i0.wp.com\/escolagrancapita.wpcomstaging.com\/wp-content\/uploads\/2025\/12\/1765981262888-Ana-Ma-Bujalance-Jurado.jpg?resize=2048%2C1152&amp;ssl=1 2048w, https:\/\/i0.wp.com\/escolagrancapita.wpcomstaging.com\/wp-content\/uploads\/2025\/12\/1765981262888-Ana-Ma-Bujalance-Jurado.jpg?w=2250&amp;ssl=1 2250w\" sizes=\"auto, (max-width: 750px) 100vw, 750px\" \/>\n\t\t\t<\/div><\/figure><figure class='gallery-item'>\n\t\t\t<div class='gallery-icon landscape'>\n\t\t\t\t<img loading=\"lazy\" decoding=\"async\" width=\"5760\" height=\"3240\" src=\"https:\/\/i0.wp.com\/escolagrancapita.wpcomstaging.com\/wp-content\/uploads\/2025\/12\/1765981263007-Ana-Ma-Bujalance-Jurado.jpg?fit=5760%2C3240&amp;ssl=1\" class=\"attachment-full size-full\" alt=\"\" srcset=\"https:\/\/i0.wp.com\/escolagrancapita.wpcomstaging.com\/wp-content\/uploads\/2025\/12\/1765981263007-Ana-Ma-Bujalance-Jurado.jpg?w=5760&amp;ssl=1 5760w, https:\/\/i0.wp.com\/escolagrancapita.wpcomstaging.com\/wp-content\/uploads\/2025\/12\/1765981263007-Ana-Ma-Bujalance-Jurado.jpg?resize=300%2C169&amp;ssl=1 300w, https:\/\/i0.wp.com\/escolagrancapita.wpcomstaging.com\/wp-content\/uploads\/2025\/12\/1765981263007-Ana-Ma-Bujalance-Jurado.jpg?resize=1024%2C576&amp;ssl=1 1024w, https:\/\/i0.wp.com\/escolagrancapita.wpcomstaging.com\/wp-content\/uploads\/2025\/12\/1765981263007-Ana-Ma-Bujalance-Jurado.jpg?resize=768%2C432&amp;ssl=1 768w, https:\/\/i0.wp.com\/escolagrancapita.wpcomstaging.com\/wp-content\/uploads\/2025\/12\/1765981263007-Ana-Ma-Bujalance-Jurado.jpg?resize=1536%2C864&amp;ssl=1 1536w, https:\/\/i0.wp.com\/escolagrancapita.wpcomstaging.com\/wp-content\/uploads\/2025\/12\/1765981263007-Ana-Ma-Bujalance-Jurado.jpg?resize=2048%2C1152&amp;ssl=1 2048w, https:\/\/i0.wp.com\/escolagrancapita.wpcomstaging.com\/wp-content\/uploads\/2025\/12\/1765981263007-Ana-Ma-Bujalance-Jurado.jpg?w=2250&amp;ssl=1 2250w\" sizes=\"auto, (max-width: 750px) 100vw, 750px\" \/>\n\t\t\t<\/div><\/figure>\n\t\t<\/div>\n\n<p style=\"text-align: justify;\">Aquest tipus d\u2019activitats, que es repeteixen al llarg del curs gr\u00e0cies a la col\u00b7laboraci\u00f3 de les fam\u00edlies, contribueixen a generar aprenentatges significatius i a potenciar valors com la participaci\u00f3, la cooperaci\u00f3 i el sentiment de pertinen\u00e7a a la comunitat educativa.<\/p>\n<div id='gallery-3' class='gallery galleryid-27440 gallery-columns-1 gallery-size-full'><figure class='gallery-item'>\n\t\t\t<div class='gallery-icon landscape'>\n\t\t\t\t<img loading=\"lazy\" decoding=\"async\" width=\"1600\" height=\"845\" src=\"https:\/\/i0.wp.com\/escolagrancapita.wpcomstaging.com\/wp-content\/uploads\/2025\/12\/1765981262756-Ana-Ma-Bujalance-Jurado-e1765995230839.jpg?fit=1600%2C845&amp;ssl=1\" class=\"attachment-full size-full\" alt=\"\" srcset=\"https:\/\/i0.wp.com\/escolagrancapita.wpcomstaging.com\/wp-content\/uploads\/2025\/12\/1765981262756-Ana-Ma-Bujalance-Jurado-e1765995230839.jpg?w=1600&amp;ssl=1 1600w, https:\/\/i0.wp.com\/escolagrancapita.wpcomstaging.com\/wp-content\/uploads\/2025\/12\/1765981262756-Ana-Ma-Bujalance-Jurado-e1765995230839.jpg?resize=300%2C158&amp;ssl=1 300w, https:\/\/i0.wp.com\/escolagrancapita.wpcomstaging.com\/wp-content\/uploads\/2025\/12\/1765981262756-Ana-Ma-Bujalance-Jurado-e1765995230839.jpg?resize=1024%2C541&amp;ssl=1 1024w, https:\/\/i0.wp.com\/escolagrancapita.wpcomstaging.com\/wp-content\/uploads\/2025\/12\/1765981262756-Ana-Ma-Bujalance-Jurado-e1765995230839.jpg?resize=768%2C406&amp;ssl=1 768w, https:\/\/i0.wp.com\/escolagrancapita.wpcomstaging.com\/wp-content\/uploads\/2025\/12\/1765981262756-Ana-Ma-Bujalance-Jurado-e1765995230839.jpg?resize=1536%2C811&amp;ssl=1 1536w\" sizes=\"auto, (max-width: 750px) 100vw, 750px\" \/>\n\t\t\t<\/div><\/figure>\n\t\t<\/div>\n\n<p>&nbsp;<\/p>\n","protected":false},"excerpt":{"rendered":"<p>El projecte del Protagonista de la Setmana \u00e9s una activitat consolidada a l\u2019etapa d\u2019Educaci\u00f3 Infantil que contribueix a refor\u00e7ar el vincle entre l\u2019alumnat, les fam\u00edlies i l\u2019escola. Aquesta proposta educativa afavoreix el coneixement mutu, la comunicaci\u00f3 i l\u2019escolta activa, i<\/p>\n","protected":false},"author":1,"featured_media":0,"parent":0,"menu_order":0,"comment_status":"closed","ping_status":"closed","template":"","meta":{"_crdt_document":"","footnotes":""},"categories":[],"tags":[151,77,84],"class_list":["post-27440","page","type-page","status-publish","hentry","tag-curs-2025-26","tag-ed-infantil","tag-nadal"],"jetpack_sharing_enabled":true,"_links":{"self":[{"href":"https:\/\/escolagrancapita.wpcomstaging.com\/index.php?rest_route=\/wp\/v2\/pages\/27440","targetHints":{"allow":["GET"]}}],"collection":[{"href":"https:\/\/escolagrancapita.wpcomstaging.com\/index.php?rest_route=\/wp\/v2\/pages"}],"about":[{"href":"https:\/\/escolagrancapita.wpcomstaging.com\/index.php?rest_route=\/wp\/v2\/types\/page"}],"author":[{"embeddable":true,"href":"https:\/\/escolagrancapita.wpcomstaging.com\/index.php?rest_route=\/wp\/v2\/users\/1"}],"replies":[{"embeddable":true,"href":"https:\/\/escolagrancapita.wpcomstaging.com\/index.php?rest_route=%2Fwp%2Fv2%2Fcomments&post=27440"}],"version-history":[{"count":2,"href":"https:\/\/escolagrancapita.wpcomstaging.com\/index.php?rest_route=\/wp\/v2\/pages\/27440\/revisions"}],"predecessor-version":[{"id":27482,"href":"https:\/\/escolagrancapita.wpcomstaging.com\/index.php?rest_route=\/wp\/v2\/pages\/27440\/revisions\/27482"}],"wp:attachment":[{"href":"https:\/\/escolagrancapita.wpcomstaging.com\/index.php?rest_route=%2Fwp%2Fv2%2Fmedia&parent=27440"}],"wp:term":[{"taxonomy":"category","embeddable":true,"href":"https:\/\/escolagrancapita.wpcomstaging.com\/index.php?rest_route=%2Fwp%2Fv2%2Fcategories&post=27440"},{"taxonomy":"post_tag","embeddable":true,"href":"https:\/\/escolagrancapita.wpcomstaging.com\/index.php?rest_route=%2Fwp%2Fv2%2Ftags&post=27440"}],"curies":[{"name":"wp","href":"https:\/\/api.w.org\/{rel}","templated":true}]}}