{"id":27441,"date":"2025-12-17T18:06:39","date_gmt":"2025-12-17T18:06:39","guid":{"rendered":"https:\/\/escolagrancapita.wpcomstaging.com\/?page_id=27441"},"modified":"2025-12-17T19:03:38","modified_gmt":"2025-12-17T19:03:38","slug":"espigolada-als-tarongers-del-barri","status":"publish","type":"page","link":"https:\/\/escolagrancapita.wpcomstaging.com\/?page_id=27441","title":{"rendered":"Espigolada als tarongers del barri"},"content":{"rendered":"<p style=\"text-align: justify;\">Aquest 17 de desembre, 1r d\u2019ESO ha participat en una activitat d\u2019<strong>espigolada als tarongers del barri<\/strong>, amb l\u2019objectiu de prevenir el malbaratament alimentari i promoure una gesti\u00f3 m\u00e9s responsable dels recursos. Aquesta iniciativa s\u2019emmarca en un projecte impulsat per la <a href=\"https:\/\/espigoladors.cat\/\" target=\"_blank\" rel=\"noopener\">Fundaci\u00f3 Espigoladors<\/a>, una entitat sense \u00e0nim de lucre que treballa per reduir les p\u00e8rdues aliment\u00e0ries i garantir el dret a l\u2019alimentaci\u00f3 des d\u2019una perspectiva transformadora, participativa, inclusiva i sostenible.<\/p>\n<div id='gallery-1' class='gallery galleryid-27441 gallery-columns-1 gallery-size-full'><figure class='gallery-item'>\n\t\t\t<div class='gallery-icon landscape'>\n\t\t\t\t<img loading=\"lazy\" decoding=\"async\" width=\"1600\" height=\"1200\" src=\"https:\/\/i0.wp.com\/escolagrancapita.wpcomstaging.com\/wp-content\/uploads\/2025\/12\/WhatsApp-Image-2025-12-17-at-14.18.52-Silvia-Garcia-Gil-Marimon.jpeg?fit=1600%2C1200&amp;ssl=1\" class=\"attachment-full size-full\" alt=\"\" srcset=\"https:\/\/i0.wp.com\/escolagrancapita.wpcomstaging.com\/wp-content\/uploads\/2025\/12\/WhatsApp-Image-2025-12-17-at-14.18.52-Silvia-Garcia-Gil-Marimon.jpeg?w=1600&amp;ssl=1 1600w, https:\/\/i0.wp.com\/escolagrancapita.wpcomstaging.com\/wp-content\/uploads\/2025\/12\/WhatsApp-Image-2025-12-17-at-14.18.52-Silvia-Garcia-Gil-Marimon.jpeg?resize=300%2C225&amp;ssl=1 300w, https:\/\/i0.wp.com\/escolagrancapita.wpcomstaging.com\/wp-content\/uploads\/2025\/12\/WhatsApp-Image-2025-12-17-at-14.18.52-Silvia-Garcia-Gil-Marimon.jpeg?resize=1024%2C768&amp;ssl=1 1024w, https:\/\/i0.wp.com\/escolagrancapita.wpcomstaging.com\/wp-content\/uploads\/2025\/12\/WhatsApp-Image-2025-12-17-at-14.18.52-Silvia-Garcia-Gil-Marimon.jpeg?resize=768%2C576&amp;ssl=1 768w, https:\/\/i0.wp.com\/escolagrancapita.wpcomstaging.com\/wp-content\/uploads\/2025\/12\/WhatsApp-Image-2025-12-17-at-14.18.52-Silvia-Garcia-Gil-Marimon.jpeg?resize=1536%2C1152&amp;ssl=1 1536w\" sizes=\"auto, (max-width: 750px) 100vw, 750px\" \/>\n\t\t\t<\/div><\/figure>\n\t\t<\/div>\n\n<div id='gallery-2' class='gallery galleryid-27441 gallery-columns-3 gallery-size-full'><figure class='gallery-item'>\n\t\t\t<div class='gallery-icon portrait'>\n\t\t\t\t<img loading=\"lazy\" decoding=\"async\" width=\"1200\" height=\"1600\" src=\"https:\/\/i0.wp.com\/escolagrancapita.wpcomstaging.com\/wp-content\/uploads\/2025\/12\/WhatsApp-Image-2025-12-17-at-14.45.41-Silvia-Garcia-Gil-Marimon.jpeg?fit=1200%2C1600&amp;ssl=1\" class=\"attachment-full size-full\" alt=\"\" srcset=\"https:\/\/i0.wp.com\/escolagrancapita.wpcomstaging.com\/wp-content\/uploads\/2025\/12\/WhatsApp-Image-2025-12-17-at-14.45.41-Silvia-Garcia-Gil-Marimon.jpeg?w=1200&amp;ssl=1 1200w, https:\/\/i0.wp.com\/escolagrancapita.wpcomstaging.com\/wp-content\/uploads\/2025\/12\/WhatsApp-Image-2025-12-17-at-14.45.41-Silvia-Garcia-Gil-Marimon.jpeg?resize=225%2C300&amp;ssl=1 225w, https:\/\/i0.wp.com\/escolagrancapita.wpcomstaging.com\/wp-content\/uploads\/2025\/12\/WhatsApp-Image-2025-12-17-at-14.45.41-Silvia-Garcia-Gil-Marimon.jpeg?resize=768%2C1024&amp;ssl=1 768w, https:\/\/i0.wp.com\/escolagrancapita.wpcomstaging.com\/wp-content\/uploads\/2025\/12\/WhatsApp-Image-2025-12-17-at-14.45.41-Silvia-Garcia-Gil-Marimon.jpeg?resize=1152%2C1536&amp;ssl=1 1152w\" sizes=\"auto, (max-width: 750px) 100vw, 750px\" \/>\n\t\t\t<\/div><\/figure><figure class='gallery-item'>\n\t\t\t<div class='gallery-icon portrait'>\n\t\t\t\t<img loading=\"lazy\" decoding=\"async\" width=\"1200\" height=\"1600\" src=\"https:\/\/i0.wp.com\/escolagrancapita.wpcomstaging.com\/wp-content\/uploads\/2025\/12\/WhatsApp-Image-2025-12-17-at-14.45.07-Silvia-Garcia-Gil-Marimon.jpeg?fit=1200%2C1600&amp;ssl=1\" class=\"attachment-full size-full\" alt=\"\" srcset=\"https:\/\/i0.wp.com\/escolagrancapita.wpcomstaging.com\/wp-content\/uploads\/2025\/12\/WhatsApp-Image-2025-12-17-at-14.45.07-Silvia-Garcia-Gil-Marimon.jpeg?w=1200&amp;ssl=1 1200w, https:\/\/i0.wp.com\/escolagrancapita.wpcomstaging.com\/wp-content\/uploads\/2025\/12\/WhatsApp-Image-2025-12-17-at-14.45.07-Silvia-Garcia-Gil-Marimon.jpeg?resize=225%2C300&amp;ssl=1 225w, https:\/\/i0.wp.com\/escolagrancapita.wpcomstaging.com\/wp-content\/uploads\/2025\/12\/WhatsApp-Image-2025-12-17-at-14.45.07-Silvia-Garcia-Gil-Marimon.jpeg?resize=768%2C1024&amp;ssl=1 768w, https:\/\/i0.wp.com\/escolagrancapita.wpcomstaging.com\/wp-content\/uploads\/2025\/12\/WhatsApp-Image-2025-12-17-at-14.45.07-Silvia-Garcia-Gil-Marimon.jpeg?resize=1152%2C1536&amp;ssl=1 1152w\" sizes=\"auto, (max-width: 750px) 100vw, 750px\" \/>\n\t\t\t<\/div><\/figure><figure class='gallery-item'>\n\t\t\t<div class='gallery-icon portrait'>\n\t\t\t\t<img loading=\"lazy\" decoding=\"async\" width=\"1200\" height=\"1600\" src=\"https:\/\/i0.wp.com\/escolagrancapita.wpcomstaging.com\/wp-content\/uploads\/2025\/12\/WhatsApp-Image-2025-12-17-at-14.45.00-Silvia-Garcia-Gil-Marimon.jpeg?fit=1200%2C1600&amp;ssl=1\" class=\"attachment-full size-full\" alt=\"\" srcset=\"https:\/\/i0.wp.com\/escolagrancapita.wpcomstaging.com\/wp-content\/uploads\/2025\/12\/WhatsApp-Image-2025-12-17-at-14.45.00-Silvia-Garcia-Gil-Marimon.jpeg?w=1200&amp;ssl=1 1200w, https:\/\/i0.wp.com\/escolagrancapita.wpcomstaging.com\/wp-content\/uploads\/2025\/12\/WhatsApp-Image-2025-12-17-at-14.45.00-Silvia-Garcia-Gil-Marimon.jpeg?resize=225%2C300&amp;ssl=1 225w, https:\/\/i0.wp.com\/escolagrancapita.wpcomstaging.com\/wp-content\/uploads\/2025\/12\/WhatsApp-Image-2025-12-17-at-14.45.00-Silvia-Garcia-Gil-Marimon.jpeg?resize=768%2C1024&amp;ssl=1 768w, https:\/\/i0.wp.com\/escolagrancapita.wpcomstaging.com\/wp-content\/uploads\/2025\/12\/WhatsApp-Image-2025-12-17-at-14.45.00-Silvia-Garcia-Gil-Marimon.jpeg?resize=1152%2C1536&amp;ssl=1 1152w\" sizes=\"auto, (max-width: 750px) 100vw, 750px\" \/>\n\t\t\t<\/div><\/figure><figure class='gallery-item'>\n\t\t\t<div class='gallery-icon portrait'>\n\t\t\t\t<img loading=\"lazy\" decoding=\"async\" width=\"1200\" height=\"1600\" src=\"https:\/\/i0.wp.com\/escolagrancapita.wpcomstaging.com\/wp-content\/uploads\/2025\/12\/WhatsApp-Image-2025-12-17-at-14.44.59-2-Silvia-Garcia-Gil-Marimon.jpeg?fit=1200%2C1600&amp;ssl=1\" class=\"attachment-full size-full\" alt=\"\" srcset=\"https:\/\/i0.wp.com\/escolagrancapita.wpcomstaging.com\/wp-content\/uploads\/2025\/12\/WhatsApp-Image-2025-12-17-at-14.44.59-2-Silvia-Garcia-Gil-Marimon.jpeg?w=1200&amp;ssl=1 1200w, https:\/\/i0.wp.com\/escolagrancapita.wpcomstaging.com\/wp-content\/uploads\/2025\/12\/WhatsApp-Image-2025-12-17-at-14.44.59-2-Silvia-Garcia-Gil-Marimon.jpeg?resize=225%2C300&amp;ssl=1 225w, https:\/\/i0.wp.com\/escolagrancapita.wpcomstaging.com\/wp-content\/uploads\/2025\/12\/WhatsApp-Image-2025-12-17-at-14.44.59-2-Silvia-Garcia-Gil-Marimon.jpeg?resize=768%2C1024&amp;ssl=1 768w, https:\/\/i0.wp.com\/escolagrancapita.wpcomstaging.com\/wp-content\/uploads\/2025\/12\/WhatsApp-Image-2025-12-17-at-14.44.59-2-Silvia-Garcia-Gil-Marimon.jpeg?resize=1152%2C1536&amp;ssl=1 1152w\" sizes=\"auto, (max-width: 750px) 100vw, 750px\" \/>\n\t\t\t<\/div><\/figure><figure class='gallery-item'>\n\t\t\t<div class='gallery-icon portrait'>\n\t\t\t\t<img loading=\"lazy\" decoding=\"async\" width=\"1200\" height=\"1600\" src=\"https:\/\/i0.wp.com\/escolagrancapita.wpcomstaging.com\/wp-content\/uploads\/2025\/12\/WhatsApp-Image-2025-12-17-at-14.18.54-Silvia-Garcia-Gil-Marimon.jpeg?fit=1200%2C1600&amp;ssl=1\" class=\"attachment-full size-full\" alt=\"\" srcset=\"https:\/\/i0.wp.com\/escolagrancapita.wpcomstaging.com\/wp-content\/uploads\/2025\/12\/WhatsApp-Image-2025-12-17-at-14.18.54-Silvia-Garcia-Gil-Marimon.jpeg?w=1200&amp;ssl=1 1200w, https:\/\/i0.wp.com\/escolagrancapita.wpcomstaging.com\/wp-content\/uploads\/2025\/12\/WhatsApp-Image-2025-12-17-at-14.18.54-Silvia-Garcia-Gil-Marimon.jpeg?resize=225%2C300&amp;ssl=1 225w, https:\/\/i0.wp.com\/escolagrancapita.wpcomstaging.com\/wp-content\/uploads\/2025\/12\/WhatsApp-Image-2025-12-17-at-14.18.54-Silvia-Garcia-Gil-Marimon.jpeg?resize=768%2C1024&amp;ssl=1 768w, https:\/\/i0.wp.com\/escolagrancapita.wpcomstaging.com\/wp-content\/uploads\/2025\/12\/WhatsApp-Image-2025-12-17-at-14.18.54-Silvia-Garcia-Gil-Marimon.jpeg?resize=1152%2C1536&amp;ssl=1 1152w\" sizes=\"auto, (max-width: 750px) 100vw, 750px\" \/>\n\t\t\t<\/div><\/figure><figure class='gallery-item'>\n\t\t\t<div class='gallery-icon portrait'>\n\t\t\t\t<img loading=\"lazy\" decoding=\"async\" width=\"1200\" height=\"1600\" src=\"https:\/\/i0.wp.com\/escolagrancapita.wpcomstaging.com\/wp-content\/uploads\/2025\/12\/WhatsApp-Image-2025-12-17-at-14.18.53-Silvia-Garcia-Gil-Marimon.jpeg?fit=1200%2C1600&amp;ssl=1\" class=\"attachment-full size-full\" alt=\"\" srcset=\"https:\/\/i0.wp.com\/escolagrancapita.wpcomstaging.com\/wp-content\/uploads\/2025\/12\/WhatsApp-Image-2025-12-17-at-14.18.53-Silvia-Garcia-Gil-Marimon.jpeg?w=1200&amp;ssl=1 1200w, https:\/\/i0.wp.com\/escolagrancapita.wpcomstaging.com\/wp-content\/uploads\/2025\/12\/WhatsApp-Image-2025-12-17-at-14.18.53-Silvia-Garcia-Gil-Marimon.jpeg?resize=225%2C300&amp;ssl=1 225w, https:\/\/i0.wp.com\/escolagrancapita.wpcomstaging.com\/wp-content\/uploads\/2025\/12\/WhatsApp-Image-2025-12-17-at-14.18.53-Silvia-Garcia-Gil-Marimon.jpeg?resize=768%2C1024&amp;ssl=1 768w, https:\/\/i0.wp.com\/escolagrancapita.wpcomstaging.com\/wp-content\/uploads\/2025\/12\/WhatsApp-Image-2025-12-17-at-14.18.53-Silvia-Garcia-Gil-Marimon.jpeg?resize=1152%2C1536&amp;ssl=1 1152w\" sizes=\"auto, (max-width: 750px) 100vw, 750px\" \/>\n\t\t\t<\/div><\/figure>\n\t\t<\/div>\n\n<div class=\"flex flex-col text-sm pb-25\">\n<article class=\"text-token-text-primary w-full focus:outline-none [--shadow-height:45px] has-data-writing-block:pointer-events-none has-data-writing-block:-mt-(--shadow-height) has-data-writing-block:pt-(--shadow-height) [&amp;:has([data-writing-block])&gt;*]:pointer-events-auto scroll-mt-[calc(var(--header-height)+min(200px,max(70px,20svh)))]\" dir=\"auto\" tabindex=\"-1\" data-turn-id=\"request-WEB:f0d54b74-2fc9-4121-94ff-699cb7e46626-14\" data-testid=\"conversation-turn-12\" data-scroll-anchor=\"true\" data-turn=\"assistant\">\n<div class=\"text-base my-auto mx-auto pb-10 [--thread-content-margin:--spacing(4)] @w-sm\/main:[--thread-content-margin:--spacing(6)] @w-lg\/main:[--thread-content-margin:--spacing(16)] px-(--thread-content-margin)\">\n<div class=\"[--thread-content-max-width:40rem] @w-lg\/main:[--thread-content-max-width:48rem] mx-auto max-w-(--thread-content-max-width) flex-1 group\/turn-messages focus-visible:outline-hidden relative flex w-full min-w-0 flex-col agent-turn\" tabindex=\"-1\">\n<div class=\"flex max-w-full flex-col grow\">\n<div class=\"min-h-8 text-message relative flex w-full flex-col items-end gap-2 text-start break-words whitespace-normal [.text-message+&amp;]:mt-1\" dir=\"auto\" data-message-author-role=\"assistant\" data-message-id=\"7befc4a7-ba1f-4c31-b0a1-303d76d4289e\" data-message-model-slug=\"gpt-5-2\">\n<div class=\"flex w-full flex-col gap-1 empty:hidden first:pt-[1px]\">\n<div class=\"markdown prose dark:prose-invert w-full break-words dark markdown-new-styling\">\n<p data-start=\"0\" data-end=\"227\" data-is-last-node=\"\" data-is-only-node=\"\">Al llarg del mat\u00ed, l\u2019alumnat ha participat en la recollida de taronges amargues dels arbres del barri, que posteriorment s\u2019han destinat a l\u2019<strong>elaboraci\u00f3 de melmelada<\/strong>, amb la qual han estat obsequiats com a cloenda de l\u2019activitat.<\/p>\n<\/div>\n<\/div>\n<\/div>\n<\/div>\n<\/div>\n<\/div>\n<\/article>\n<\/div>\n<div id='gallery-3' class='gallery galleryid-27441 gallery-columns-2 gallery-size-full'><figure class='gallery-item'>\n\t\t\t<div class='gallery-icon portrait'>\n\t\t\t\t<img loading=\"lazy\" decoding=\"async\" width=\"1200\" height=\"1600\" src=\"https:\/\/i0.wp.com\/escolagrancapita.wpcomstaging.com\/wp-content\/uploads\/2025\/12\/WhatsApp-Image-2025-12-17-at-14.45.06-Silvia-Garcia-Gil-Marimon.jpeg?fit=1200%2C1600&amp;ssl=1\" class=\"attachment-full size-full\" alt=\"\" srcset=\"https:\/\/i0.wp.com\/escolagrancapita.wpcomstaging.com\/wp-content\/uploads\/2025\/12\/WhatsApp-Image-2025-12-17-at-14.45.06-Silvia-Garcia-Gil-Marimon.jpeg?w=1200&amp;ssl=1 1200w, https:\/\/i0.wp.com\/escolagrancapita.wpcomstaging.com\/wp-content\/uploads\/2025\/12\/WhatsApp-Image-2025-12-17-at-14.45.06-Silvia-Garcia-Gil-Marimon.jpeg?resize=225%2C300&amp;ssl=1 225w, https:\/\/i0.wp.com\/escolagrancapita.wpcomstaging.com\/wp-content\/uploads\/2025\/12\/WhatsApp-Image-2025-12-17-at-14.45.06-Silvia-Garcia-Gil-Marimon.jpeg?resize=768%2C1024&amp;ssl=1 768w, https:\/\/i0.wp.com\/escolagrancapita.wpcomstaging.com\/wp-content\/uploads\/2025\/12\/WhatsApp-Image-2025-12-17-at-14.45.06-Silvia-Garcia-Gil-Marimon.jpeg?resize=1152%2C1536&amp;ssl=1 1152w\" sizes=\"auto, (max-width: 750px) 100vw, 750px\" \/>\n\t\t\t<\/div><\/figure><figure class='gallery-item'>\n\t\t\t<div class='gallery-icon portrait'>\n\t\t\t\t<img loading=\"lazy\" decoding=\"async\" width=\"1200\" height=\"1600\" src=\"https:\/\/i0.wp.com\/escolagrancapita.wpcomstaging.com\/wp-content\/uploads\/2025\/12\/WhatsApp-Image-2025-12-17-at-14.44.59-Silvia-Garcia-Gil-Marimon.jpeg?fit=1200%2C1600&amp;ssl=1\" class=\"attachment-full size-full\" alt=\"\" srcset=\"https:\/\/i0.wp.com\/escolagrancapita.wpcomstaging.com\/wp-content\/uploads\/2025\/12\/WhatsApp-Image-2025-12-17-at-14.44.59-Silvia-Garcia-Gil-Marimon.jpeg?w=1200&amp;ssl=1 1200w, https:\/\/i0.wp.com\/escolagrancapita.wpcomstaging.com\/wp-content\/uploads\/2025\/12\/WhatsApp-Image-2025-12-17-at-14.44.59-Silvia-Garcia-Gil-Marimon.jpeg?resize=225%2C300&amp;ssl=1 225w, https:\/\/i0.wp.com\/escolagrancapita.wpcomstaging.com\/wp-content\/uploads\/2025\/12\/WhatsApp-Image-2025-12-17-at-14.44.59-Silvia-Garcia-Gil-Marimon.jpeg?resize=768%2C1024&amp;ssl=1 768w, https:\/\/i0.wp.com\/escolagrancapita.wpcomstaging.com\/wp-content\/uploads\/2025\/12\/WhatsApp-Image-2025-12-17-at-14.44.59-Silvia-Garcia-Gil-Marimon.jpeg?resize=1152%2C1536&amp;ssl=1 1152w\" sizes=\"auto, (max-width: 750px) 100vw, 750px\" \/>\n\t\t\t<\/div><\/figure>\n\t\t<\/div>\n\n<div class=\"flex flex-col text-sm pb-25\">\n<article class=\"text-token-text-primary w-full focus:outline-none [--shadow-height:45px] has-data-writing-block:pointer-events-none has-data-writing-block:-mt-(--shadow-height) has-data-writing-block:pt-(--shadow-height) [&amp;:has([data-writing-block])&gt;*]:pointer-events-auto scroll-mt-[calc(var(--header-height)+min(200px,max(70px,20svh)))]\" dir=\"auto\" tabindex=\"-1\" data-turn-id=\"request-WEB:f0d54b74-2fc9-4121-94ff-699cb7e46626-15\" data-testid=\"conversation-turn-14\" data-scroll-anchor=\"true\" data-turn=\"assistant\">\n<div class=\"text-base my-auto mx-auto pb-10 [--thread-content-margin:--spacing(4)] @w-sm\/main:[--thread-content-margin:--spacing(6)] @w-lg\/main:[--thread-content-margin:--spacing(16)] px-(--thread-content-margin)\">\n<div class=\"[--thread-content-max-width:40rem] @w-lg\/main:[--thread-content-max-width:48rem] mx-auto max-w-(--thread-content-max-width) flex-1 group\/turn-messages focus-visible:outline-hidden relative flex w-full min-w-0 flex-col agent-turn\" tabindex=\"-1\">\n<div class=\"flex max-w-full flex-col grow\">\n<div class=\"min-h-8 text-message relative flex w-full flex-col items-end gap-2 text-start break-words whitespace-normal [.text-message+&amp;]:mt-1\" dir=\"auto\" data-message-author-role=\"assistant\" data-message-id=\"30a88518-de6b-4788-9adb-badb6f570d4e\" data-message-model-slug=\"gpt-5-2\">\n<div class=\"flex w-full flex-col gap-1 empty:hidden first:pt-[1px]\">\n<div class=\"markdown prose dark:prose-invert w-full break-words dark markdown-new-styling\">L\u2019activitat ha afavorit l\u2019aprenentatge vivencial i el treball cooperatiu, tot refor\u00e7ant la responsabilitat social de l\u2019alumnat, el comprom\u00eds amb l\u2019entorn proper i la sensibilitzaci\u00f3 envers el malbaratament alimentari i les iniciatives solid\u00e0ries i sostenibles.<\/div>\n<\/div>\n<\/div>\n<\/div>\n<\/div>\n<\/div>\n<\/article>\n<\/div>\n<div class=\"mt-3 w-full empty:hidden\"><\/div>\n<div id='gallery-4' class='gallery galleryid-27441 gallery-columns-1 gallery-size-full'><figure class='gallery-item'>\n\t\t\t<div class='gallery-icon landscape'>\n\t\t\t\t<img loading=\"lazy\" decoding=\"async\" width=\"1600\" height=\"947\" src=\"https:\/\/i0.wp.com\/escolagrancapita.wpcomstaging.com\/wp-content\/uploads\/2025\/12\/WhatsApp-Image-2025-12-17-at-14.44.59-1-Silvia-Garcia-Gil-Marimon-e1765994505650.jpeg?fit=1600%2C947&amp;ssl=1\" class=\"attachment-full size-full\" alt=\"\" srcset=\"https:\/\/i0.wp.com\/escolagrancapita.wpcomstaging.com\/wp-content\/uploads\/2025\/12\/WhatsApp-Image-2025-12-17-at-14.44.59-1-Silvia-Garcia-Gil-Marimon-e1765994505650.jpeg?w=1600&amp;ssl=1 1600w, https:\/\/i0.wp.com\/escolagrancapita.wpcomstaging.com\/wp-content\/uploads\/2025\/12\/WhatsApp-Image-2025-12-17-at-14.44.59-1-Silvia-Garcia-Gil-Marimon-e1765994505650.jpeg?resize=300%2C178&amp;ssl=1 300w, https:\/\/i0.wp.com\/escolagrancapita.wpcomstaging.com\/wp-content\/uploads\/2025\/12\/WhatsApp-Image-2025-12-17-at-14.44.59-1-Silvia-Garcia-Gil-Marimon-e1765994505650.jpeg?resize=1024%2C606&amp;ssl=1 1024w, https:\/\/i0.wp.com\/escolagrancapita.wpcomstaging.com\/wp-content\/uploads\/2025\/12\/WhatsApp-Image-2025-12-17-at-14.44.59-1-Silvia-Garcia-Gil-Marimon-e1765994505650.jpeg?resize=768%2C455&amp;ssl=1 768w, https:\/\/i0.wp.com\/escolagrancapita.wpcomstaging.com\/wp-content\/uploads\/2025\/12\/WhatsApp-Image-2025-12-17-at-14.44.59-1-Silvia-Garcia-Gil-Marimon-e1765994505650.jpeg?resize=1536%2C909&amp;ssl=1 1536w\" sizes=\"auto, (max-width: 750px) 100vw, 750px\" \/>\n\t\t\t<\/div><\/figure>\n\t\t<\/div>\n\n<p style=\"text-align: justify;\"><strong>80kg recollits! Molt bona feina!<\/strong><\/p>\n","protected":false},"excerpt":{"rendered":"<p>Aquest 17 de desembre, 1r d\u2019ESO ha participat en una activitat d\u2019espigolada als tarongers del barri, amb l\u2019objectiu de prevenir el malbaratament alimentari i promoure una gesti\u00f3 m\u00e9s responsable dels recursos. Aquesta iniciativa s\u2019emmarca en un projecte impulsat per la<\/p>\n","protected":false},"author":1,"featured_media":0,"parent":0,"menu_order":0,"comment_status":"closed","ping_status":"closed","template":"","meta":{"_crdt_document":"","footnotes":""},"categories":[],"tags":[151,43,118],"class_list":["post-27441","page","type-page","status-publish","hentry","tag-curs-2025-26","tag-ed-secundaria","tag-sostenibilitat"],"jetpack_sharing_enabled":true,"_links":{"self":[{"href":"https:\/\/escolagrancapita.wpcomstaging.com\/index.php?rest_route=\/wp\/v2\/pages\/27441","targetHints":{"allow":["GET"]}}],"collection":[{"href":"https:\/\/escolagrancapita.wpcomstaging.com\/index.php?rest_route=\/wp\/v2\/pages"}],"about":[{"href":"https:\/\/escolagrancapita.wpcomstaging.com\/index.php?rest_route=\/wp\/v2\/types\/page"}],"author":[{"embeddable":true,"href":"https:\/\/escolagrancapita.wpcomstaging.com\/index.php?rest_route=\/wp\/v2\/users\/1"}],"replies":[{"embeddable":true,"href":"https:\/\/escolagrancapita.wpcomstaging.com\/index.php?rest_route=%2Fwp%2Fv2%2Fcomments&post=27441"}],"version-history":[{"count":5,"href":"https:\/\/escolagrancapita.wpcomstaging.com\/index.php?rest_route=\/wp\/v2\/pages\/27441\/revisions"}],"predecessor-version":[{"id":27485,"href":"https:\/\/escolagrancapita.wpcomstaging.com\/index.php?rest_route=\/wp\/v2\/pages\/27441\/revisions\/27485"}],"wp:attachment":[{"href":"https:\/\/escolagrancapita.wpcomstaging.com\/index.php?rest_route=%2Fwp%2Fv2%2Fmedia&parent=27441"}],"wp:term":[{"taxonomy":"category","embeddable":true,"href":"https:\/\/escolagrancapita.wpcomstaging.com\/index.php?rest_route=%2Fwp%2Fv2%2Fcategories&post=27441"},{"taxonomy":"post_tag","embeddable":true,"href":"https:\/\/escolagrancapita.wpcomstaging.com\/index.php?rest_route=%2Fwp%2Fv2%2Ftags&post=27441"}],"curies":[{"name":"wp","href":"https:\/\/api.w.org\/{rel}","templated":true}]}}