{"id":27442,"date":"2025-12-17T17:50:48","date_gmt":"2025-12-17T17:50:48","guid":{"rendered":"https:\/\/escolagrancapita.wpcomstaging.com\/?page_id=27442"},"modified":"2025-12-17T17:51:29","modified_gmt":"2025-12-17T17:51:29","slug":"sortida-al-museu-de-ciencies-naturals-de-barcelona","status":"publish","type":"page","link":"https:\/\/escolagrancapita.wpcomstaging.com\/?page_id=27442","title":{"rendered":"Sortida al Museu de Ci\u00e8ncies Naturals de Barcelona"},"content":{"rendered":"<p style=\"text-align: justify;\">l\u2019alumnat de Cicle Superior va realitzar una sortida educativa al <a href=\"https:\/\/museuciencies.cat\/\" target=\"_blank\" rel=\"noopener\">Museu de Ci\u00e8ncies Naturals de Barcelona<\/a>, una activitat formativa que va combinar l\u2019aprenentatge cient\u00edfic, la divulgaci\u00f3 i la reflexi\u00f3 ambiental. Tot i les condicions meteorol\u00f2giques adverses, la sortida es va desenvolupar amb normalitat i amb una participaci\u00f3 molt activa, evidenciant l\u2019inter\u00e8s i la motivaci\u00f3 de l\u2019alumnat per aprofundir en els continguts treballats a l\u2019aula.<\/p>\n<p style=\"text-align: justify;\">La jornada es va iniciar amb un <strong>taller de classificaci\u00f3 d\u2019animals vertebrats<\/strong>, orientat a aprofundir en els criteris cient\u00edfics que permeten ordenar i comprendre la diversitat d\u2019esp\u00e8cies. Acompanyats per especialistes del museu, els grups van dur a terme una visita comentada a la zona de vitrines, on van observar exemplars reals i r\u00e8pliques, tot analitzant-ne les caracter\u00edstiques principals i el paper que tenen dins dels ecosistemes.<\/p>\n<p style=\"text-align: center;\"><iframe loading=\"lazy\" title=\"Sortida al Museu de Ci\u00e8ncies Naturals de Barcelona\" src=\"https:\/\/www.youtube.com\/embed\/95LulCS2JIg\" width=\"477\" height=\"848\" frameborder=\"0\" allowfullscreen=\"allowfullscreen\"><\/iframe><\/p>\n<p style=\"text-align: justify;\">Posteriorment, l\u2019alumnat va participar en un <strong>taller pr\u00e0ctic amb taules interactives<\/strong>, en qu\u00e8, mitjan\u00e7ant materials did\u00e0ctics i recursos visuals, va poder classificar diferents animals dins dels cinc grans grups de vertebrats: peixos, amfibis, r\u00e8ptils, aus i mam\u00edfers. Aquesta proposta va afavorir el treball cooperatiu, el raonament cient\u00edfic i l\u2019aplicaci\u00f3 pr\u00e0ctica dels coneixements te\u00f2rics en un entorn din\u00e0mic i participatiu.<\/p>\n<p style=\"text-align: justify;\">La sortida va finalitzar amb una <strong>visita lliure a les diferents sales del museu i a l\u2019exposici\u00f3 itinerant <em>Animals invisibles<\/em><\/strong>, una proposta que convida a reflexionar sobre les esp\u00e8cies que han desaparegut al llarg del temps, tant per causes naturals com per l\u2019impacte de l\u2019activitat humana. Aquesta experi\u00e8ncia ha contribu\u00eft a ampliar els coneixements cient\u00edfics de l\u2019alumnat i, alhora, a refor\u00e7ar la consci\u00e8ncia cr\u00edtica sobre la import\u00e0ncia de preservar la biodiversitat i el patrimoni natural del planeta.<\/p>\n","protected":false},"excerpt":{"rendered":"<p>l\u2019alumnat de Cicle Superior va realitzar una sortida educativa al Museu de Ci\u00e8ncies Naturals de Barcelona, una activitat formativa que va combinar l\u2019aprenentatge cient\u00edfic, la divulgaci\u00f3 i la reflexi\u00f3 ambiental. Tot i les condicions meteorol\u00f2giques adverses, la sortida es va<\/p>\n","protected":false},"author":1,"featured_media":0,"parent":0,"menu_order":0,"comment_status":"closed","ping_status":"closed","template":"","meta":{"_crdt_document":"","footnotes":""},"categories":[],"tags":[151,86,82],"class_list":["post-27442","page","type-page","status-publish","hentry","tag-curs-2025-26","tag-ed-primaria","tag-sortides"],"jetpack_sharing_enabled":true,"_links":{"self":[{"href":"https:\/\/escolagrancapita.wpcomstaging.com\/index.php?rest_route=\/wp\/v2\/pages\/27442","targetHints":{"allow":["GET"]}}],"collection":[{"href":"https:\/\/escolagrancapita.wpcomstaging.com\/index.php?rest_route=\/wp\/v2\/pages"}],"about":[{"href":"https:\/\/escolagrancapita.wpcomstaging.com\/index.php?rest_route=\/wp\/v2\/types\/page"}],"author":[{"embeddable":true,"href":"https:\/\/escolagrancapita.wpcomstaging.com\/index.php?rest_route=\/wp\/v2\/users\/1"}],"replies":[{"embeddable":true,"href":"https:\/\/escolagrancapita.wpcomstaging.com\/index.php?rest_route=%2Fwp%2Fv2%2Fcomments&post=27442"}],"version-history":[{"count":3,"href":"https:\/\/escolagrancapita.wpcomstaging.com\/index.php?rest_route=\/wp\/v2\/pages\/27442\/revisions"}],"predecessor-version":[{"id":27448,"href":"https:\/\/escolagrancapita.wpcomstaging.com\/index.php?rest_route=\/wp\/v2\/pages\/27442\/revisions\/27448"}],"wp:attachment":[{"href":"https:\/\/escolagrancapita.wpcomstaging.com\/index.php?rest_route=%2Fwp%2Fv2%2Fmedia&parent=27442"}],"wp:term":[{"taxonomy":"category","embeddable":true,"href":"https:\/\/escolagrancapita.wpcomstaging.com\/index.php?rest_route=%2Fwp%2Fv2%2Fcategories&post=27442"},{"taxonomy":"post_tag","embeddable":true,"href":"https:\/\/escolagrancapita.wpcomstaging.com\/index.php?rest_route=%2Fwp%2Fv2%2Ftags&post=27442"}],"curies":[{"name":"wp","href":"https:\/\/api.w.org\/{rel}","templated":true}]}}