{"id":27443,"date":"2025-12-17T18:25:51","date_gmt":"2025-12-17T18:25:51","guid":{"rendered":"https:\/\/escolagrancapita.wpcomstaging.com\/?page_id=27443"},"modified":"2025-12-17T18:25:51","modified_gmt":"2025-12-17T18:25:51","slug":"ambients-daprenentatge-en-temps-de-nadal","status":"publish","type":"page","link":"https:\/\/escolagrancapita.wpcomstaging.com\/?page_id=27443","title":{"rendered":"Ambients d\u2019aprenentatge en temps de Nadal"},"content":{"rendered":"<p style=\"text-align: justify;\" data-start=\"57\" data-end=\"361\">Cada dimarts, a Educaci\u00f3 Infantil, els<strong> ambients d\u2019aprenentatge<\/strong> ofereixen un espai on el joc, l\u2019experimentaci\u00f3 i el treball cooperatiu esdevenen motors de l\u2019aprenentatge. Aquesta metodologia permet als infants explorar i construir coneixement de manera activa, tot respectant els seus interessos i ritmes.<\/p>\n<div id='gallery-1' class='gallery galleryid-27443 gallery-columns-1 gallery-size-full'><figure class='gallery-item'>\n\t\t\t<div class='gallery-icon landscape'>\n\t\t\t\t<img loading=\"lazy\" decoding=\"async\" width=\"1600\" height=\"1200\" src=\"https:\/\/i0.wp.com\/escolagrancapita.wpcomstaging.com\/wp-content\/uploads\/2025\/12\/1765980364099-1-Ana-Ma-Bujalance-Jurado.jpg?fit=1600%2C1200&amp;ssl=1\" class=\"attachment-full size-full\" alt=\"\" srcset=\"https:\/\/i0.wp.com\/escolagrancapita.wpcomstaging.com\/wp-content\/uploads\/2025\/12\/1765980364099-1-Ana-Ma-Bujalance-Jurado.jpg?w=1600&amp;ssl=1 1600w, https:\/\/i0.wp.com\/escolagrancapita.wpcomstaging.com\/wp-content\/uploads\/2025\/12\/1765980364099-1-Ana-Ma-Bujalance-Jurado.jpg?resize=300%2C225&amp;ssl=1 300w, https:\/\/i0.wp.com\/escolagrancapita.wpcomstaging.com\/wp-content\/uploads\/2025\/12\/1765980364099-1-Ana-Ma-Bujalance-Jurado.jpg?resize=1024%2C768&amp;ssl=1 1024w, https:\/\/i0.wp.com\/escolagrancapita.wpcomstaging.com\/wp-content\/uploads\/2025\/12\/1765980364099-1-Ana-Ma-Bujalance-Jurado.jpg?resize=768%2C576&amp;ssl=1 768w, https:\/\/i0.wp.com\/escolagrancapita.wpcomstaging.com\/wp-content\/uploads\/2025\/12\/1765980364099-1-Ana-Ma-Bujalance-Jurado.jpg?resize=1536%2C1152&amp;ssl=1 1536w\" sizes=\"auto, (max-width: 750px) 100vw, 750px\" \/>\n\t\t\t<\/div><\/figure>\n\t\t<\/div>\n\n<div id='gallery-2' class='gallery galleryid-27443 gallery-columns-2 gallery-size-full'><figure class='gallery-item'>\n\t\t\t<div class='gallery-icon portrait'>\n\t\t\t\t<img loading=\"lazy\" decoding=\"async\" width=\"1200\" height=\"1600\" src=\"https:\/\/i0.wp.com\/escolagrancapita.wpcomstaging.com\/wp-content\/uploads\/2025\/12\/1765980364021-Ana-Ma-Bujalance-Jurado.jpg?fit=1200%2C1600&amp;ssl=1\" class=\"attachment-full size-full\" alt=\"\" srcset=\"https:\/\/i0.wp.com\/escolagrancapita.wpcomstaging.com\/wp-content\/uploads\/2025\/12\/1765980364021-Ana-Ma-Bujalance-Jurado.jpg?w=1200&amp;ssl=1 1200w, https:\/\/i0.wp.com\/escolagrancapita.wpcomstaging.com\/wp-content\/uploads\/2025\/12\/1765980364021-Ana-Ma-Bujalance-Jurado.jpg?resize=225%2C300&amp;ssl=1 225w, https:\/\/i0.wp.com\/escolagrancapita.wpcomstaging.com\/wp-content\/uploads\/2025\/12\/1765980364021-Ana-Ma-Bujalance-Jurado.jpg?resize=768%2C1024&amp;ssl=1 768w, https:\/\/i0.wp.com\/escolagrancapita.wpcomstaging.com\/wp-content\/uploads\/2025\/12\/1765980364021-Ana-Ma-Bujalance-Jurado.jpg?resize=1152%2C1536&amp;ssl=1 1152w\" sizes=\"auto, (max-width: 750px) 100vw, 750px\" \/>\n\t\t\t<\/div><\/figure><figure class='gallery-item'>\n\t\t\t<div class='gallery-icon portrait'>\n\t\t\t\t<img loading=\"lazy\" decoding=\"async\" width=\"1200\" height=\"1600\" src=\"https:\/\/i0.wp.com\/escolagrancapita.wpcomstaging.com\/wp-content\/uploads\/2025\/12\/1765980641282-Ana-Ma-Bujalance-Jurado.jpg?fit=1200%2C1600&amp;ssl=1\" class=\"attachment-full size-full\" alt=\"\" srcset=\"https:\/\/i0.wp.com\/escolagrancapita.wpcomstaging.com\/wp-content\/uploads\/2025\/12\/1765980641282-Ana-Ma-Bujalance-Jurado.jpg?w=1200&amp;ssl=1 1200w, https:\/\/i0.wp.com\/escolagrancapita.wpcomstaging.com\/wp-content\/uploads\/2025\/12\/1765980641282-Ana-Ma-Bujalance-Jurado.jpg?resize=225%2C300&amp;ssl=1 225w, https:\/\/i0.wp.com\/escolagrancapita.wpcomstaging.com\/wp-content\/uploads\/2025\/12\/1765980641282-Ana-Ma-Bujalance-Jurado.jpg?resize=768%2C1024&amp;ssl=1 768w, https:\/\/i0.wp.com\/escolagrancapita.wpcomstaging.com\/wp-content\/uploads\/2025\/12\/1765980641282-Ana-Ma-Bujalance-Jurado.jpg?resize=1152%2C1536&amp;ssl=1 1152w\" sizes=\"auto, (max-width: 750px) 100vw, 750px\" \/>\n\t\t\t<\/div><\/figure>\n\t\t<\/div>\n\n<p style=\"text-align: justify;\">\n<p style=\"text-align: justify;\" data-start=\"366\" data-end=\"570\">Aquesta setmana, els ambients s\u2019han adaptat de manera especial amb la proposta de grups-taller i <strong>racons vinculats a les dates pr\u00e8vies al Nadal<\/strong>, fet que ha aportat un nou enfocament a la din\u00e0mica habitual.<\/p>\n<div id='gallery-3' class='gallery galleryid-27443 gallery-columns-3 gallery-size-full'><figure class='gallery-item'>\n\t\t\t<div class='gallery-icon landscape'>\n\t\t\t\t<img loading=\"lazy\" decoding=\"async\" width=\"5760\" height=\"3240\" src=\"https:\/\/i0.wp.com\/escolagrancapita.wpcomstaging.com\/wp-content\/uploads\/2025\/12\/1765980341776-Ana-Ma-Bujalance-Jurado.jpg?fit=5760%2C3240&amp;ssl=1\" class=\"attachment-full size-full\" alt=\"\" srcset=\"https:\/\/i0.wp.com\/escolagrancapita.wpcomstaging.com\/wp-content\/uploads\/2025\/12\/1765980341776-Ana-Ma-Bujalance-Jurado.jpg?w=5760&amp;ssl=1 5760w, https:\/\/i0.wp.com\/escolagrancapita.wpcomstaging.com\/wp-content\/uploads\/2025\/12\/1765980341776-Ana-Ma-Bujalance-Jurado.jpg?resize=300%2C169&amp;ssl=1 300w, https:\/\/i0.wp.com\/escolagrancapita.wpcomstaging.com\/wp-content\/uploads\/2025\/12\/1765980341776-Ana-Ma-Bujalance-Jurado.jpg?resize=1024%2C576&amp;ssl=1 1024w, https:\/\/i0.wp.com\/escolagrancapita.wpcomstaging.com\/wp-content\/uploads\/2025\/12\/1765980341776-Ana-Ma-Bujalance-Jurado.jpg?resize=768%2C432&amp;ssl=1 768w, https:\/\/i0.wp.com\/escolagrancapita.wpcomstaging.com\/wp-content\/uploads\/2025\/12\/1765980341776-Ana-Ma-Bujalance-Jurado.jpg?resize=1536%2C864&amp;ssl=1 1536w, https:\/\/i0.wp.com\/escolagrancapita.wpcomstaging.com\/wp-content\/uploads\/2025\/12\/1765980341776-Ana-Ma-Bujalance-Jurado.jpg?resize=2048%2C1152&amp;ssl=1 2048w, https:\/\/i0.wp.com\/escolagrancapita.wpcomstaging.com\/wp-content\/uploads\/2025\/12\/1765980341776-Ana-Ma-Bujalance-Jurado.jpg?w=2250&amp;ssl=1 2250w\" sizes=\"auto, (max-width: 750px) 100vw, 750px\" \/>\n\t\t\t<\/div><\/figure><figure class='gallery-item'>\n\t\t\t<div class='gallery-icon landscape'>\n\t\t\t\t<img loading=\"lazy\" decoding=\"async\" width=\"5760\" height=\"3240\" src=\"https:\/\/i0.wp.com\/escolagrancapita.wpcomstaging.com\/wp-content\/uploads\/2025\/12\/1765980341883-Ana-Ma-Bujalance-Jurado.jpg?fit=5760%2C3240&amp;ssl=1\" class=\"attachment-full size-full\" alt=\"\" srcset=\"https:\/\/i0.wp.com\/escolagrancapita.wpcomstaging.com\/wp-content\/uploads\/2025\/12\/1765980341883-Ana-Ma-Bujalance-Jurado.jpg?w=5760&amp;ssl=1 5760w, https:\/\/i0.wp.com\/escolagrancapita.wpcomstaging.com\/wp-content\/uploads\/2025\/12\/1765980341883-Ana-Ma-Bujalance-Jurado.jpg?resize=300%2C169&amp;ssl=1 300w, https:\/\/i0.wp.com\/escolagrancapita.wpcomstaging.com\/wp-content\/uploads\/2025\/12\/1765980341883-Ana-Ma-Bujalance-Jurado.jpg?resize=1024%2C576&amp;ssl=1 1024w, https:\/\/i0.wp.com\/escolagrancapita.wpcomstaging.com\/wp-content\/uploads\/2025\/12\/1765980341883-Ana-Ma-Bujalance-Jurado.jpg?resize=768%2C432&amp;ssl=1 768w, https:\/\/i0.wp.com\/escolagrancapita.wpcomstaging.com\/wp-content\/uploads\/2025\/12\/1765980341883-Ana-Ma-Bujalance-Jurado.jpg?resize=1536%2C864&amp;ssl=1 1536w, https:\/\/i0.wp.com\/escolagrancapita.wpcomstaging.com\/wp-content\/uploads\/2025\/12\/1765980341883-Ana-Ma-Bujalance-Jurado.jpg?resize=2048%2C1152&amp;ssl=1 2048w, https:\/\/i0.wp.com\/escolagrancapita.wpcomstaging.com\/wp-content\/uploads\/2025\/12\/1765980341883-Ana-Ma-Bujalance-Jurado.jpg?w=2250&amp;ssl=1 2250w\" sizes=\"auto, (max-width: 750px) 100vw, 750px\" \/>\n\t\t\t<\/div><\/figure><figure class='gallery-item'>\n\t\t\t<div class='gallery-icon landscape'>\n\t\t\t\t<img loading=\"lazy\" decoding=\"async\" width=\"5760\" height=\"3240\" src=\"https:\/\/i0.wp.com\/escolagrancapita.wpcomstaging.com\/wp-content\/uploads\/2025\/12\/1765980341828-Ana-Ma-Bujalance-Jurado.jpg?fit=5760%2C3240&amp;ssl=1\" class=\"attachment-full size-full\" alt=\"\" srcset=\"https:\/\/i0.wp.com\/escolagrancapita.wpcomstaging.com\/wp-content\/uploads\/2025\/12\/1765980341828-Ana-Ma-Bujalance-Jurado.jpg?w=5760&amp;ssl=1 5760w, https:\/\/i0.wp.com\/escolagrancapita.wpcomstaging.com\/wp-content\/uploads\/2025\/12\/1765980341828-Ana-Ma-Bujalance-Jurado.jpg?resize=300%2C169&amp;ssl=1 300w, https:\/\/i0.wp.com\/escolagrancapita.wpcomstaging.com\/wp-content\/uploads\/2025\/12\/1765980341828-Ana-Ma-Bujalance-Jurado.jpg?resize=1024%2C576&amp;ssl=1 1024w, https:\/\/i0.wp.com\/escolagrancapita.wpcomstaging.com\/wp-content\/uploads\/2025\/12\/1765980341828-Ana-Ma-Bujalance-Jurado.jpg?resize=768%2C432&amp;ssl=1 768w, https:\/\/i0.wp.com\/escolagrancapita.wpcomstaging.com\/wp-content\/uploads\/2025\/12\/1765980341828-Ana-Ma-Bujalance-Jurado.jpg?resize=1536%2C864&amp;ssl=1 1536w, https:\/\/i0.wp.com\/escolagrancapita.wpcomstaging.com\/wp-content\/uploads\/2025\/12\/1765980341828-Ana-Ma-Bujalance-Jurado.jpg?resize=2048%2C1152&amp;ssl=1 2048w, https:\/\/i0.wp.com\/escolagrancapita.wpcomstaging.com\/wp-content\/uploads\/2025\/12\/1765980341828-Ana-Ma-Bujalance-Jurado.jpg?w=2250&amp;ssl=1 2250w\" sizes=\"auto, (max-width: 750px) 100vw, 750px\" \/>\n\t\t\t<\/div><\/figure><figure class='gallery-item'>\n\t\t\t<div class='gallery-icon landscape'>\n\t\t\t\t<img loading=\"lazy\" decoding=\"async\" width=\"5760\" height=\"3240\" src=\"https:\/\/i0.wp.com\/escolagrancapita.wpcomstaging.com\/wp-content\/uploads\/2025\/12\/1765980812466-Ana-Ma-Bujalance-Jurado.jpg?fit=5760%2C3240&amp;ssl=1\" class=\"attachment-full size-full\" alt=\"\" srcset=\"https:\/\/i0.wp.com\/escolagrancapita.wpcomstaging.com\/wp-content\/uploads\/2025\/12\/1765980812466-Ana-Ma-Bujalance-Jurado.jpg?w=5760&amp;ssl=1 5760w, https:\/\/i0.wp.com\/escolagrancapita.wpcomstaging.com\/wp-content\/uploads\/2025\/12\/1765980812466-Ana-Ma-Bujalance-Jurado.jpg?resize=300%2C169&amp;ssl=1 300w, https:\/\/i0.wp.com\/escolagrancapita.wpcomstaging.com\/wp-content\/uploads\/2025\/12\/1765980812466-Ana-Ma-Bujalance-Jurado.jpg?resize=1024%2C576&amp;ssl=1 1024w, https:\/\/i0.wp.com\/escolagrancapita.wpcomstaging.com\/wp-content\/uploads\/2025\/12\/1765980812466-Ana-Ma-Bujalance-Jurado.jpg?resize=768%2C432&amp;ssl=1 768w, https:\/\/i0.wp.com\/escolagrancapita.wpcomstaging.com\/wp-content\/uploads\/2025\/12\/1765980812466-Ana-Ma-Bujalance-Jurado.jpg?resize=1536%2C864&amp;ssl=1 1536w, https:\/\/i0.wp.com\/escolagrancapita.wpcomstaging.com\/wp-content\/uploads\/2025\/12\/1765980812466-Ana-Ma-Bujalance-Jurado.jpg?resize=2048%2C1152&amp;ssl=1 2048w, https:\/\/i0.wp.com\/escolagrancapita.wpcomstaging.com\/wp-content\/uploads\/2025\/12\/1765980812466-Ana-Ma-Bujalance-Jurado.jpg?w=2250&amp;ssl=1 2250w\" sizes=\"auto, (max-width: 750px) 100vw, 750px\" \/>\n\t\t\t<\/div><\/figure><figure class='gallery-item'>\n\t\t\t<div class='gallery-icon landscape'>\n\t\t\t\t<img loading=\"lazy\" decoding=\"async\" width=\"5760\" height=\"3240\" src=\"https:\/\/i0.wp.com\/escolagrancapita.wpcomstaging.com\/wp-content\/uploads\/2025\/12\/1765980812359-Ana-Ma-Bujalance-Jurado.jpg?fit=5760%2C3240&amp;ssl=1\" class=\"attachment-full size-full\" alt=\"\" srcset=\"https:\/\/i0.wp.com\/escolagrancapita.wpcomstaging.com\/wp-content\/uploads\/2025\/12\/1765980812359-Ana-Ma-Bujalance-Jurado.jpg?w=5760&amp;ssl=1 5760w, https:\/\/i0.wp.com\/escolagrancapita.wpcomstaging.com\/wp-content\/uploads\/2025\/12\/1765980812359-Ana-Ma-Bujalance-Jurado.jpg?resize=300%2C169&amp;ssl=1 300w, https:\/\/i0.wp.com\/escolagrancapita.wpcomstaging.com\/wp-content\/uploads\/2025\/12\/1765980812359-Ana-Ma-Bujalance-Jurado.jpg?resize=1024%2C576&amp;ssl=1 1024w, https:\/\/i0.wp.com\/escolagrancapita.wpcomstaging.com\/wp-content\/uploads\/2025\/12\/1765980812359-Ana-Ma-Bujalance-Jurado.jpg?resize=768%2C432&amp;ssl=1 768w, https:\/\/i0.wp.com\/escolagrancapita.wpcomstaging.com\/wp-content\/uploads\/2025\/12\/1765980812359-Ana-Ma-Bujalance-Jurado.jpg?resize=1536%2C864&amp;ssl=1 1536w, https:\/\/i0.wp.com\/escolagrancapita.wpcomstaging.com\/wp-content\/uploads\/2025\/12\/1765980812359-Ana-Ma-Bujalance-Jurado.jpg?resize=2048%2C1152&amp;ssl=1 2048w, https:\/\/i0.wp.com\/escolagrancapita.wpcomstaging.com\/wp-content\/uploads\/2025\/12\/1765980812359-Ana-Ma-Bujalance-Jurado.jpg?w=2250&amp;ssl=1 2250w\" sizes=\"auto, (max-width: 750px) 100vw, 750px\" \/>\n\t\t\t<\/div><\/figure><figure class='gallery-item'>\n\t\t\t<div class='gallery-icon landscape'>\n\t\t\t\t<img loading=\"lazy\" decoding=\"async\" width=\"5760\" height=\"3240\" src=\"https:\/\/i0.wp.com\/escolagrancapita.wpcomstaging.com\/wp-content\/uploads\/2025\/12\/1765980812412-Ana-Ma-Bujalance-Jurado.jpg?fit=5760%2C3240&amp;ssl=1\" class=\"attachment-full size-full\" alt=\"\" srcset=\"https:\/\/i0.wp.com\/escolagrancapita.wpcomstaging.com\/wp-content\/uploads\/2025\/12\/1765980812412-Ana-Ma-Bujalance-Jurado.jpg?w=5760&amp;ssl=1 5760w, https:\/\/i0.wp.com\/escolagrancapita.wpcomstaging.com\/wp-content\/uploads\/2025\/12\/1765980812412-Ana-Ma-Bujalance-Jurado.jpg?resize=300%2C169&amp;ssl=1 300w, https:\/\/i0.wp.com\/escolagrancapita.wpcomstaging.com\/wp-content\/uploads\/2025\/12\/1765980812412-Ana-Ma-Bujalance-Jurado.jpg?resize=1024%2C576&amp;ssl=1 1024w, https:\/\/i0.wp.com\/escolagrancapita.wpcomstaging.com\/wp-content\/uploads\/2025\/12\/1765980812412-Ana-Ma-Bujalance-Jurado.jpg?resize=768%2C432&amp;ssl=1 768w, https:\/\/i0.wp.com\/escolagrancapita.wpcomstaging.com\/wp-content\/uploads\/2025\/12\/1765980812412-Ana-Ma-Bujalance-Jurado.jpg?resize=1536%2C864&amp;ssl=1 1536w, https:\/\/i0.wp.com\/escolagrancapita.wpcomstaging.com\/wp-content\/uploads\/2025\/12\/1765980812412-Ana-Ma-Bujalance-Jurado.jpg?resize=2048%2C1152&amp;ssl=1 2048w, https:\/\/i0.wp.com\/escolagrancapita.wpcomstaging.com\/wp-content\/uploads\/2025\/12\/1765980812412-Ana-Ma-Bujalance-Jurado.jpg?w=2250&amp;ssl=1 2250w\" sizes=\"auto, (max-width: 750px) 100vw, 750px\" \/>\n\t\t\t<\/div><\/figure>\n\t\t<\/div>\n\n<p style=\"text-align: justify;\" data-start=\"575\" data-end=\"969\" data-is-last-node=\"\">Les activitats han afavorit el desenvolupament d\u2019habilitats comunicatives, expressives i socials, alhora que han refor\u00e7at valors com la cooperaci\u00f3, el respecte i el sentiment de pertinen\u00e7a. La jornada, molt participativa, ha contribu\u00eft a generar aprenentatges significatius en un clima acollidor i motivador, consolidant els ambients d\u2019aprenentatge <strong>com un element clau del dia a dia a Infantil<\/strong>.<\/p>\n","protected":false},"excerpt":{"rendered":"<p>Cada dimarts, a Educaci\u00f3 Infantil, els ambients d\u2019aprenentatge ofereixen un espai on el joc, l\u2019experimentaci\u00f3 i el treball cooperatiu esdevenen motors de l\u2019aprenentatge. Aquesta metodologia permet als infants explorar i construir coneixement de manera activa, tot respectant els seus interessos<\/p>\n","protected":false},"author":1,"featured_media":0,"parent":0,"menu_order":0,"comment_status":"closed","ping_status":"closed","template":"","meta":{"_crdt_document":"","footnotes":""},"categories":[],"tags":[151,77,84],"class_list":["post-27443","page","type-page","status-publish","hentry","tag-curs-2025-26","tag-ed-infantil","tag-nadal"],"jetpack_sharing_enabled":true,"_links":{"self":[{"href":"https:\/\/escolagrancapita.wpcomstaging.com\/index.php?rest_route=\/wp\/v2\/pages\/27443","targetHints":{"allow":["GET"]}}],"collection":[{"href":"https:\/\/escolagrancapita.wpcomstaging.com\/index.php?rest_route=\/wp\/v2\/pages"}],"about":[{"href":"https:\/\/escolagrancapita.wpcomstaging.com\/index.php?rest_route=\/wp\/v2\/types\/page"}],"author":[{"embeddable":true,"href":"https:\/\/escolagrancapita.wpcomstaging.com\/index.php?rest_route=\/wp\/v2\/users\/1"}],"replies":[{"embeddable":true,"href":"https:\/\/escolagrancapita.wpcomstaging.com\/index.php?rest_route=%2Fwp%2Fv2%2Fcomments&post=27443"}],"version-history":[{"count":3,"href":"https:\/\/escolagrancapita.wpcomstaging.com\/index.php?rest_route=\/wp\/v2\/pages\/27443\/revisions"}],"predecessor-version":[{"id":27484,"href":"https:\/\/escolagrancapita.wpcomstaging.com\/index.php?rest_route=\/wp\/v2\/pages\/27443\/revisions\/27484"}],"wp:attachment":[{"href":"https:\/\/escolagrancapita.wpcomstaging.com\/index.php?rest_route=%2Fwp%2Fv2%2Fmedia&parent=27443"}],"wp:term":[{"taxonomy":"category","embeddable":true,"href":"https:\/\/escolagrancapita.wpcomstaging.com\/index.php?rest_route=%2Fwp%2Fv2%2Fcategories&post=27443"},{"taxonomy":"post_tag","embeddable":true,"href":"https:\/\/escolagrancapita.wpcomstaging.com\/index.php?rest_route=%2Fwp%2Fv2%2Ftags&post=27443"}],"curies":[{"name":"wp","href":"https:\/\/api.w.org\/{rel}","templated":true}]}}