{"id":27487,"date":"2025-12-18T18:29:03","date_gmt":"2025-12-18T18:29:03","guid":{"rendered":"https:\/\/escolagrancapita.wpcomstaging.com\/?page_id=27487"},"modified":"2025-12-18T18:47:06","modified_gmt":"2025-12-18T18:47:06","slug":"intercanvi-de-postals-nadalenques","status":"publish","type":"page","link":"https:\/\/escolagrancapita.wpcomstaging.com\/?page_id=27487","title":{"rendered":"Intercanvi de postals nadalenques"},"content":{"rendered":"<p style=\"text-align: justify;\">6\u00e8 de Prim\u00e0ria ha participat en un <strong>intercanvi de postals nadalenques<\/strong> <strong>amb una escola d\u2019Est\u00f2nia<\/strong> en el marc del projecte europeu <a href=\"https:\/\/escolagrancapita.wpcomstaging.com\/?page_id=7028\" target=\"_blank\" rel=\"noopener\">eTwinning<\/a>. Aquesta activitat s\u2019ha convertit en una experi\u00e8ncia pedag\u00f2gica especialment enriquidora per a l\u2019alumnat del centre.<\/p>\n<div id='gallery-1' class='gallery galleryid-27487 gallery-columns-1 gallery-size-full'><figure class='gallery-item'>\n\t\t\t<div class='gallery-icon portrait'>\n\t\t\t\t<img loading=\"lazy\" decoding=\"async\" width=\"1200\" height=\"1600\" src=\"https:\/\/i0.wp.com\/escolagrancapita.wpcomstaging.com\/wp-content\/uploads\/2025\/12\/WhatsApp-Image-2025-12-18-at-10.38.49-1-REBECA-VANESSA-VILLAMAYOR-CASTANEDA.jpeg?fit=1200%2C1600&amp;ssl=1\" class=\"attachment-full size-full\" alt=\"\" srcset=\"https:\/\/i0.wp.com\/escolagrancapita.wpcomstaging.com\/wp-content\/uploads\/2025\/12\/WhatsApp-Image-2025-12-18-at-10.38.49-1-REBECA-VANESSA-VILLAMAYOR-CASTANEDA.jpeg?w=1200&amp;ssl=1 1200w, https:\/\/i0.wp.com\/escolagrancapita.wpcomstaging.com\/wp-content\/uploads\/2025\/12\/WhatsApp-Image-2025-12-18-at-10.38.49-1-REBECA-VANESSA-VILLAMAYOR-CASTANEDA.jpeg?resize=225%2C300&amp;ssl=1 225w, https:\/\/i0.wp.com\/escolagrancapita.wpcomstaging.com\/wp-content\/uploads\/2025\/12\/WhatsApp-Image-2025-12-18-at-10.38.49-1-REBECA-VANESSA-VILLAMAYOR-CASTANEDA.jpeg?resize=768%2C1024&amp;ssl=1 768w, https:\/\/i0.wp.com\/escolagrancapita.wpcomstaging.com\/wp-content\/uploads\/2025\/12\/WhatsApp-Image-2025-12-18-at-10.38.49-1-REBECA-VANESSA-VILLAMAYOR-CASTANEDA.jpeg?resize=1152%2C1536&amp;ssl=1 1152w\" sizes=\"auto, (max-width: 750px) 100vw, 750px\" \/>\n\t\t\t<\/div><\/figure>\n\t\t<\/div>\n\n<p style=\"text-align: justify;\">La iniciativa, impulsada per les tutores de tots dos centres educatius, ha perm\u00e8s establir un pont cultural entre dues realitats geogr\u00e0ficament llunyanes, per\u00f2 connectades per la voluntat de compartir tradicions i viv\u00e8ncies pr\u00f2pies d\u2019aquestes dates. A trav\u00e9s de les postals, elaborades amb cura i inter\u00e8s, l\u2019alumnat s\u2019ha felicitat les festes i ha explicat com es viuen aquests dies a casa seva.<\/p>\n<div id='gallery-2' class='gallery galleryid-27487 gallery-columns-2 gallery-size-full'><figure class='gallery-item'>\n\t\t\t<div class='gallery-icon portrait'>\n\t\t\t\t<img loading=\"lazy\" decoding=\"async\" width=\"1200\" height=\"1600\" src=\"https:\/\/i0.wp.com\/escolagrancapita.wpcomstaging.com\/wp-content\/uploads\/2025\/12\/WhatsApp-Image-2025-12-18-at-10.38.49-REBECA-VANESSA-VILLAMAYOR-CASTANEDA.jpeg?fit=1200%2C1600&amp;ssl=1\" class=\"attachment-full size-full\" alt=\"\" srcset=\"https:\/\/i0.wp.com\/escolagrancapita.wpcomstaging.com\/wp-content\/uploads\/2025\/12\/WhatsApp-Image-2025-12-18-at-10.38.49-REBECA-VANESSA-VILLAMAYOR-CASTANEDA.jpeg?w=1200&amp;ssl=1 1200w, https:\/\/i0.wp.com\/escolagrancapita.wpcomstaging.com\/wp-content\/uploads\/2025\/12\/WhatsApp-Image-2025-12-18-at-10.38.49-REBECA-VANESSA-VILLAMAYOR-CASTANEDA.jpeg?resize=225%2C300&amp;ssl=1 225w, https:\/\/i0.wp.com\/escolagrancapita.wpcomstaging.com\/wp-content\/uploads\/2025\/12\/WhatsApp-Image-2025-12-18-at-10.38.49-REBECA-VANESSA-VILLAMAYOR-CASTANEDA.jpeg?resize=768%2C1024&amp;ssl=1 768w, https:\/\/i0.wp.com\/escolagrancapita.wpcomstaging.com\/wp-content\/uploads\/2025\/12\/WhatsApp-Image-2025-12-18-at-10.38.49-REBECA-VANESSA-VILLAMAYOR-CASTANEDA.jpeg?resize=1152%2C1536&amp;ssl=1 1152w\" sizes=\"auto, (max-width: 750px) 100vw, 750px\" \/>\n\t\t\t<\/div><\/figure><figure class='gallery-item'>\n\t\t\t<div class='gallery-icon portrait'>\n\t\t\t\t<img loading=\"lazy\" decoding=\"async\" width=\"1200\" height=\"1600\" src=\"https:\/\/i0.wp.com\/escolagrancapita.wpcomstaging.com\/wp-content\/uploads\/2025\/12\/WhatsApp-Image-2025-12-18-at-10.38.48-2-REBECA-VANESSA-VILLAMAYOR-CASTANEDA.jpeg?fit=1200%2C1600&amp;ssl=1\" class=\"attachment-full size-full\" alt=\"\" srcset=\"https:\/\/i0.wp.com\/escolagrancapita.wpcomstaging.com\/wp-content\/uploads\/2025\/12\/WhatsApp-Image-2025-12-18-at-10.38.48-2-REBECA-VANESSA-VILLAMAYOR-CASTANEDA.jpeg?w=1200&amp;ssl=1 1200w, https:\/\/i0.wp.com\/escolagrancapita.wpcomstaging.com\/wp-content\/uploads\/2025\/12\/WhatsApp-Image-2025-12-18-at-10.38.48-2-REBECA-VANESSA-VILLAMAYOR-CASTANEDA.jpeg?resize=225%2C300&amp;ssl=1 225w, https:\/\/i0.wp.com\/escolagrancapita.wpcomstaging.com\/wp-content\/uploads\/2025\/12\/WhatsApp-Image-2025-12-18-at-10.38.48-2-REBECA-VANESSA-VILLAMAYOR-CASTANEDA.jpeg?resize=768%2C1024&amp;ssl=1 768w, https:\/\/i0.wp.com\/escolagrancapita.wpcomstaging.com\/wp-content\/uploads\/2025\/12\/WhatsApp-Image-2025-12-18-at-10.38.48-2-REBECA-VANESSA-VILLAMAYOR-CASTANEDA.jpeg?resize=1152%2C1536&amp;ssl=1 1152w\" sizes=\"auto, (max-width: 750px) 100vw, 750px\" \/>\n\t\t\t<\/div><\/figure><figure class='gallery-item'>\n\t\t\t<div class='gallery-icon portrait'>\n\t\t\t\t<img loading=\"lazy\" decoding=\"async\" width=\"1200\" height=\"1600\" src=\"https:\/\/i0.wp.com\/escolagrancapita.wpcomstaging.com\/wp-content\/uploads\/2025\/12\/WhatsApp-Image-2025-12-18-at-10.38.48-1-REBECA-VANESSA-VILLAMAYOR-CASTANEDA.jpeg?fit=1200%2C1600&amp;ssl=1\" class=\"attachment-full size-full\" alt=\"\" srcset=\"https:\/\/i0.wp.com\/escolagrancapita.wpcomstaging.com\/wp-content\/uploads\/2025\/12\/WhatsApp-Image-2025-12-18-at-10.38.48-1-REBECA-VANESSA-VILLAMAYOR-CASTANEDA.jpeg?w=1200&amp;ssl=1 1200w, https:\/\/i0.wp.com\/escolagrancapita.wpcomstaging.com\/wp-content\/uploads\/2025\/12\/WhatsApp-Image-2025-12-18-at-10.38.48-1-REBECA-VANESSA-VILLAMAYOR-CASTANEDA.jpeg?resize=225%2C300&amp;ssl=1 225w, https:\/\/i0.wp.com\/escolagrancapita.wpcomstaging.com\/wp-content\/uploads\/2025\/12\/WhatsApp-Image-2025-12-18-at-10.38.48-1-REBECA-VANESSA-VILLAMAYOR-CASTANEDA.jpeg?resize=768%2C1024&amp;ssl=1 768w, https:\/\/i0.wp.com\/escolagrancapita.wpcomstaging.com\/wp-content\/uploads\/2025\/12\/WhatsApp-Image-2025-12-18-at-10.38.48-1-REBECA-VANESSA-VILLAMAYOR-CASTANEDA.jpeg?resize=1152%2C1536&amp;ssl=1 1152w\" sizes=\"auto, (max-width: 750px) 100vw, 750px\" \/>\n\t\t\t<\/div><\/figure><figure class='gallery-item'>\n\t\t\t<div class='gallery-icon portrait'>\n\t\t\t\t<img loading=\"lazy\" decoding=\"async\" width=\"1200\" height=\"1600\" src=\"https:\/\/i0.wp.com\/escolagrancapita.wpcomstaging.com\/wp-content\/uploads\/2025\/12\/WhatsApp-Image-2025-12-18-at-10.38.48-REBECA-VANESSA-VILLAMAYOR-CASTANEDA.jpeg?fit=1200%2C1600&amp;ssl=1\" class=\"attachment-full size-full\" alt=\"\" srcset=\"https:\/\/i0.wp.com\/escolagrancapita.wpcomstaging.com\/wp-content\/uploads\/2025\/12\/WhatsApp-Image-2025-12-18-at-10.38.48-REBECA-VANESSA-VILLAMAYOR-CASTANEDA.jpeg?w=1200&amp;ssl=1 1200w, https:\/\/i0.wp.com\/escolagrancapita.wpcomstaging.com\/wp-content\/uploads\/2025\/12\/WhatsApp-Image-2025-12-18-at-10.38.48-REBECA-VANESSA-VILLAMAYOR-CASTANEDA.jpeg?resize=225%2C300&amp;ssl=1 225w, https:\/\/i0.wp.com\/escolagrancapita.wpcomstaging.com\/wp-content\/uploads\/2025\/12\/WhatsApp-Image-2025-12-18-at-10.38.48-REBECA-VANESSA-VILLAMAYOR-CASTANEDA.jpeg?resize=768%2C1024&amp;ssl=1 768w, https:\/\/i0.wp.com\/escolagrancapita.wpcomstaging.com\/wp-content\/uploads\/2025\/12\/WhatsApp-Image-2025-12-18-at-10.38.48-REBECA-VANESSA-VILLAMAYOR-CASTANEDA.jpeg?resize=1152%2C1536&amp;ssl=1 1152w\" sizes=\"auto, (max-width: 750px) 100vw, 750px\" \/>\n\t\t\t<\/div><\/figure>\n\t\t<\/div>\n\n<p style=\"text-align: justify;\">En aquest intercanvi, s\u2019han compartit tradicions com el ti\u00f3, els torrons o les trobades familiars, alhora que es mant\u00e9 l\u2019expectativa per con\u00e8ixer les celebracions i costums de l\u2019alumnat estoni\u00e0. M\u00e9s enll\u00e0 de l\u2019enviament de felicitacions, el projecte ha afavorit el respecte, la curiositat i l\u2019obertura cap a altres cultures. <a href=\"https:\/\/escolagrancapita.wpcomstaging.com\/wp-content\/uploads\/2025\/12\/postal.pdf\" target=\"_blank\" rel=\"noopener\">Podeu llegir el missatge complert aqu\u00ed<\/a>.<\/p>\n<div id='gallery-3' class='gallery galleryid-27487 gallery-columns-1 gallery-size-full'><figure class='gallery-item'>\n\t\t\t<div class='gallery-icon landscape'>\n\t\t\t\t<img loading=\"lazy\" decoding=\"async\" width=\"1420\" height=\"739\" src=\"https:\/\/i0.wp.com\/escolagrancapita.wpcomstaging.com\/wp-content\/uploads\/2025\/12\/WhatsApp-Image-2025-12-18-at-10.39.36-REBECA-VANESSA-VILLAMAYOR-CASTANEDA-e1766082806276.jpeg?fit=1420%2C739&amp;ssl=1\" class=\"attachment-full size-full\" alt=\"\" srcset=\"https:\/\/i0.wp.com\/escolagrancapita.wpcomstaging.com\/wp-content\/uploads\/2025\/12\/WhatsApp-Image-2025-12-18-at-10.39.36-REBECA-VANESSA-VILLAMAYOR-CASTANEDA-e1766082806276.jpeg?w=1420&amp;ssl=1 1420w, https:\/\/i0.wp.com\/escolagrancapita.wpcomstaging.com\/wp-content\/uploads\/2025\/12\/WhatsApp-Image-2025-12-18-at-10.39.36-REBECA-VANESSA-VILLAMAYOR-CASTANEDA-e1766082806276.jpeg?resize=300%2C156&amp;ssl=1 300w, https:\/\/i0.wp.com\/escolagrancapita.wpcomstaging.com\/wp-content\/uploads\/2025\/12\/WhatsApp-Image-2025-12-18-at-10.39.36-REBECA-VANESSA-VILLAMAYOR-CASTANEDA-e1766082806276.jpeg?resize=1024%2C533&amp;ssl=1 1024w, https:\/\/i0.wp.com\/escolagrancapita.wpcomstaging.com\/wp-content\/uploads\/2025\/12\/WhatsApp-Image-2025-12-18-at-10.39.36-REBECA-VANESSA-VILLAMAYOR-CASTANEDA-e1766082806276.jpeg?resize=768%2C400&amp;ssl=1 768w\" sizes=\"auto, (max-width: 750px) 100vw, 750px\" \/>\n\t\t\t<\/div><\/figure>\n\t\t<\/div>\n\n<p style=\"text-align: justify;\">Aquesta experi\u00e8ncia ha perm\u00e8s constatar que, <strong>tot i les difer\u00e8ncies<\/strong> ling\u00fc\u00edstiques i culturals, <strong>hi ha valors compartits com la import\u00e0ncia de les relacions personals, l\u2019amistat i el desig de conviv\u00e8ncia i benestar<\/strong>. El professorat valora molt positivament l\u2019activitat, ja que ha estat una eina educativa rellevant per treballar la compet\u00e8ncia comunicativa, l\u2019educaci\u00f3 en valors i la dimensi\u00f3 internacional de l\u2019aprenentatge.<\/p>\n<p style=\"text-align: justify;\">En un context cada vegada m\u00e9s globalitzat, iniciatives com aquesta mostren com una acci\u00f3 senzilla pot esdevenir una oportunitat significativa per <strong>fomentar l\u2019enteniment i la conviv\u00e8ncia entre cultures<\/strong>.<\/p>\n","protected":false},"excerpt":{"rendered":"<p>6\u00e8 de Prim\u00e0ria ha participat en un intercanvi de postals nadalenques amb una escola d\u2019Est\u00f2nia en el marc del projecte europeu eTwinning. Aquesta activitat s\u2019ha convertit en una experi\u00e8ncia pedag\u00f2gica especialment enriquidora per a l\u2019alumnat del centre. La iniciativa, impulsada<\/p>\n","protected":false},"author":1,"featured_media":0,"parent":0,"menu_order":0,"comment_status":"closed","ping_status":"closed","template":"","meta":{"_crdt_document":"","footnotes":""},"categories":[],"tags":[151,86,137,84,117],"class_list":["post-27487","page","type-page","status-publish","hentry","tag-curs-2025-26","tag-ed-primaria","tag-internacionalitzacio","tag-nadal","tag-plurilinguisme"],"jetpack_sharing_enabled":true,"_links":{"self":[{"href":"https:\/\/escolagrancapita.wpcomstaging.com\/index.php?rest_route=\/wp\/v2\/pages\/27487","targetHints":{"allow":["GET"]}}],"collection":[{"href":"https:\/\/escolagrancapita.wpcomstaging.com\/index.php?rest_route=\/wp\/v2\/pages"}],"about":[{"href":"https:\/\/escolagrancapita.wpcomstaging.com\/index.php?rest_route=\/wp\/v2\/types\/page"}],"author":[{"embeddable":true,"href":"https:\/\/escolagrancapita.wpcomstaging.com\/index.php?rest_route=\/wp\/v2\/users\/1"}],"replies":[{"embeddable":true,"href":"https:\/\/escolagrancapita.wpcomstaging.com\/index.php?rest_route=%2Fwp%2Fv2%2Fcomments&post=27487"}],"version-history":[{"count":4,"href":"https:\/\/escolagrancapita.wpcomstaging.com\/index.php?rest_route=\/wp\/v2\/pages\/27487\/revisions"}],"predecessor-version":[{"id":27526,"href":"https:\/\/escolagrancapita.wpcomstaging.com\/index.php?rest_route=\/wp\/v2\/pages\/27487\/revisions\/27526"}],"wp:attachment":[{"href":"https:\/\/escolagrancapita.wpcomstaging.com\/index.php?rest_route=%2Fwp%2Fv2%2Fmedia&parent=27487"}],"wp:term":[{"taxonomy":"category","embeddable":true,"href":"https:\/\/escolagrancapita.wpcomstaging.com\/index.php?rest_route=%2Fwp%2Fv2%2Fcategories&post=27487"},{"taxonomy":"post_tag","embeddable":true,"href":"https:\/\/escolagrancapita.wpcomstaging.com\/index.php?rest_route=%2Fwp%2Fv2%2Ftags&post=27487"}],"curies":[{"name":"wp","href":"https:\/\/api.w.org\/{rel}","templated":true}]}}