{"id":27617,"date":"2026-01-25T09:47:08","date_gmt":"2026-01-25T09:47:08","guid":{"rendered":"https:\/\/escolagrancapita.wpcomstaging.com\/?page_id=27617"},"modified":"2026-01-25T09:58:20","modified_gmt":"2026-01-25T09:58:20","slug":"sessio-de-robotica-en-familia","status":"publish","type":"page","link":"https:\/\/escolagrancapita.wpcomstaging.com\/?page_id=27617","title":{"rendered":"Sessi\u00f3 de rob\u00f2tica en fam\u00edlia"},"content":{"rendered":"<p style=\"text-align: justify;\">6\u00e8 de Prim\u00e0ria ha participat en una sessi\u00f3 de rob\u00f2tica en fam\u00edlia que ha afavorit la conviv\u00e8ncia i l\u2019aprenentatge compartit. L\u2019activitat ha perm\u00e8s obrir l\u2019aula a les fam\u00edlies i donar a con\u00e8ixer, de primera m\u00e0, com es treballen la rob\u00f2tica i la programaci\u00f3 a l\u2019escola.<\/p>\n<p style=\"text-align: justify;\">Durant la sessi\u00f3, les fam\u00edlies han col\u00b7laborat activament amb l\u2019alumnat en la construcci\u00f3 i la programaci\u00f3 de diferents robots amb el kit <strong>SPIKE Prime de LEGO Education<\/strong>, un recurs que impulsa l\u2019aprenentatge <a href=\"https:\/\/escolagrancapita.wpcomstaging.com\/web\/?page_id=2387\" target=\"_blank\" rel=\"noopener\">STEAM<\/a> i el desenvolupament del pensament computacional a les darreres etapes de Prim\u00e0ria. L\u2019alumnat ha assumit el rol d\u2019expert, explicant els passos a seguir i guiant les persones adultes tant en el muntatge dels models com en la programaci\u00f3 per blocs.<\/p>\n<p><img data-recalc-dims=\"1\" loading=\"lazy\" decoding=\"async\" class=\"aligncenter size-full wp-image-26480\" src=\"https:\/\/i0.wp.com\/escolagrancapita.wpcomstaging.com\/wp-content\/uploads\/2025\/07\/lego-education-spike-prime-e1751798061736.jpg?resize=750%2C569&#038;ssl=1\" alt=\"\" width=\"750\" height=\"569\" srcset=\"https:\/\/i0.wp.com\/escolagrancapita.wpcomstaging.com\/wp-content\/uploads\/2025\/07\/lego-education-spike-prime-e1751798061736.jpg?w=1100&amp;ssl=1 1100w, https:\/\/i0.wp.com\/escolagrancapita.wpcomstaging.com\/wp-content\/uploads\/2025\/07\/lego-education-spike-prime-e1751798061736.jpg?resize=300%2C227&amp;ssl=1 300w, https:\/\/i0.wp.com\/escolagrancapita.wpcomstaging.com\/wp-content\/uploads\/2025\/07\/lego-education-spike-prime-e1751798061736.jpg?resize=1024%2C776&amp;ssl=1 1024w, https:\/\/i0.wp.com\/escolagrancapita.wpcomstaging.com\/wp-content\/uploads\/2025\/07\/lego-education-spike-prime-e1751798061736.jpg?resize=768%2C582&amp;ssl=1 768w\" sizes=\"auto, (max-width: 750px) 100vw, 750px\" \/><\/p>\n<p style=\"text-align: justify;\">Aquesta din\u00e0mica ha fomentat la cooperaci\u00f3, la comunicaci\u00f3 i la resoluci\u00f3 conjunta de petits reptes tecnol\u00f2gics, alhora que ha refor\u00e7at la confian\u00e7a i l\u2019autonomia de l\u2019alumnat en compartir els seus coneixements. L\u2019ambient de la sessi\u00f3 ha estat proper i participatiu, i les fam\u00edlies han valorat molt positivament l\u2019oportunitat de viure l\u2019experi\u00e8ncia educativa des de dins.<\/p>\n<p style=\"text-align: center;\"><iframe loading=\"lazy\" title=\"Sessi\u00f3 de rob\u00f2tica en fam\u00edlia\" src=\"https:\/\/www.youtube.com\/embed\/IghO18o-3Rw\" width=\"477\" height=\"848\" frameborder=\"0\" allowfullscreen=\"allowfullscreen\"><\/iframe><\/p>\n<p style=\"text-align: justify;\">L\u2019activitat ha resultat especialment significativa per a 6\u00e8, que s\u2019ha mostrat motivat i satisfet de poder compartir els seus aprenentatges amb les fam\u00edlies, consolidant aix\u00ed el vincle entre escola i comunitat educativa.<\/p>\n","protected":false},"excerpt":{"rendered":"<p>6\u00e8 de Prim\u00e0ria ha participat en una sessi\u00f3 de rob\u00f2tica en fam\u00edlia que ha afavorit la conviv\u00e8ncia i l\u2019aprenentatge compartit. L\u2019activitat ha perm\u00e8s obrir l\u2019aula a les fam\u00edlies i donar a con\u00e8ixer, de primera m\u00e0, com es treballen la rob\u00f2tica<\/p>\n","protected":false},"author":1,"featured_media":0,"parent":0,"menu_order":0,"comment_status":"closed","ping_status":"closed","template":"","meta":{"_crdt_document":"","footnotes":""},"categories":[],"tags":[151,86,111],"class_list":["post-27617","page","type-page","status-publish","hentry","tag-curs-2025-26","tag-ed-primaria","tag-steam"],"jetpack_sharing_enabled":true,"_links":{"self":[{"href":"https:\/\/escolagrancapita.wpcomstaging.com\/index.php?rest_route=\/wp\/v2\/pages\/27617","targetHints":{"allow":["GET"]}}],"collection":[{"href":"https:\/\/escolagrancapita.wpcomstaging.com\/index.php?rest_route=\/wp\/v2\/pages"}],"about":[{"href":"https:\/\/escolagrancapita.wpcomstaging.com\/index.php?rest_route=\/wp\/v2\/types\/page"}],"author":[{"embeddable":true,"href":"https:\/\/escolagrancapita.wpcomstaging.com\/index.php?rest_route=\/wp\/v2\/users\/1"}],"replies":[{"embeddable":true,"href":"https:\/\/escolagrancapita.wpcomstaging.com\/index.php?rest_route=%2Fwp%2Fv2%2Fcomments&post=27617"}],"version-history":[{"count":5,"href":"https:\/\/escolagrancapita.wpcomstaging.com\/index.php?rest_route=\/wp\/v2\/pages\/27617\/revisions"}],"predecessor-version":[{"id":27637,"href":"https:\/\/escolagrancapita.wpcomstaging.com\/index.php?rest_route=\/wp\/v2\/pages\/27617\/revisions\/27637"}],"wp:attachment":[{"href":"https:\/\/escolagrancapita.wpcomstaging.com\/index.php?rest_route=%2Fwp%2Fv2%2Fmedia&parent=27617"}],"wp:term":[{"taxonomy":"category","embeddable":true,"href":"https:\/\/escolagrancapita.wpcomstaging.com\/index.php?rest_route=%2Fwp%2Fv2%2Fcategories&post=27617"},{"taxonomy":"post_tag","embeddable":true,"href":"https:\/\/escolagrancapita.wpcomstaging.com\/index.php?rest_route=%2Fwp%2Fv2%2Ftags&post=27617"}],"curies":[{"name":"wp","href":"https:\/\/api.w.org\/{rel}","templated":true}]}}