{"id":27861,"date":"2026-02-14T16:30:39","date_gmt":"2026-02-14T16:30:39","guid":{"rendered":"https:\/\/escolagrancapita.wpcomstaging.com\/?page_id=27861"},"modified":"2026-02-14T16:30:41","modified_gmt":"2026-02-14T16:30:41","slug":"preparant-el-concert-de-la-clika","status":"publish","type":"page","link":"https:\/\/escolagrancapita.wpcomstaging.com\/?page_id=27861","title":{"rendered":"Preparant el concert de la Clika"},"content":{"rendered":"\n<p style=\"text-align: justify;\">3r de Prim\u00e0ria est\u00e0 assajant les can\u00e7ons del concert de <strong><a href=\"https:\/\/laclika.cat\/\" target=\"_blank\" rel=\"noopener\">la Clika<\/a><\/strong>, previst per al proper mes d\u2019abril.<\/p>\n<p style=\"text-align: justify;\">Les can\u00e7ons resulten especialment motivadores per a l\u2019alumnat, ja que presenten melodies agradables, properes i f\u00e0cils de recordar, i incorporen petites coreografies senzilles que faciliten la participaci\u00f3 activa i el gaudi col\u00b7lectiu.<\/p>\n<p><iframe loading=\"lazy\" title=\"Preparant el concert de la Clika\" src=\"https:\/\/www.youtube.com\/embed\/ylJCoEmyk-Y\" width=\"1396\" height=\"785\" frameborder=\"0\" allowfullscreen=\"allowfullscreen\"><\/iframe><\/p>\n<p style=\"text-align: justify;\">A trav\u00e9s d\u2019aquesta activitat musical, treballen conceptes b\u00e0sics de la m\u00fasica com el fraseig musical, el seguiment de la pulsaci\u00f3, la respiraci\u00f3 adequada, el cant coral i l\u2019escolta activa, tant d\u2019un mateix com del conjunt del grup. Alhora, es fomenta la capacitat de seguir indicacions i pautes d\u2019una direcci\u00f3 musical, afavorint la concentraci\u00f3 i el treball cooperatiu.<\/p>\n<p style=\"text-align: justify;\">Es tracta d\u2019una proposta que permet aprendre m\u00fasica a trav\u00e9s del cant, en un context l\u00fadic i vivencial, que afavoreix l\u2019aprenentatge significatiu i contribueix a crear un clima positiu i engrescador a l\u2019aula.<\/p>\n","protected":false},"excerpt":{"rendered":"<p>3r de Prim\u00e0ria est\u00e0 assajant les can\u00e7ons del concert de la Clika, previst per al proper mes d\u2019abril. Les can\u00e7ons resulten especialment motivadores per a l\u2019alumnat, ja que presenten melodies agradables, properes i f\u00e0cils de recordar, i incorporen petites coreografies<\/p>\n","protected":false},"author":1,"featured_media":0,"parent":0,"menu_order":0,"comment_status":"closed","ping_status":"closed","template":"","meta":{"_crdt_document":"","footnotes":""},"categories":[],"tags":[151,86],"class_list":["post-27861","page","type-page","status-publish","hentry","tag-curs-2025-26","tag-ed-primaria"],"jetpack_sharing_enabled":true,"_links":{"self":[{"href":"https:\/\/escolagrancapita.wpcomstaging.com\/index.php?rest_route=\/wp\/v2\/pages\/27861","targetHints":{"allow":["GET"]}}],"collection":[{"href":"https:\/\/escolagrancapita.wpcomstaging.com\/index.php?rest_route=\/wp\/v2\/pages"}],"about":[{"href":"https:\/\/escolagrancapita.wpcomstaging.com\/index.php?rest_route=\/wp\/v2\/types\/page"}],"author":[{"embeddable":true,"href":"https:\/\/escolagrancapita.wpcomstaging.com\/index.php?rest_route=\/wp\/v2\/users\/1"}],"replies":[{"embeddable":true,"href":"https:\/\/escolagrancapita.wpcomstaging.com\/index.php?rest_route=%2Fwp%2Fv2%2Fcomments&post=27861"}],"version-history":[{"count":2,"href":"https:\/\/escolagrancapita.wpcomstaging.com\/index.php?rest_route=\/wp\/v2\/pages\/27861\/revisions"}],"predecessor-version":[{"id":27930,"href":"https:\/\/escolagrancapita.wpcomstaging.com\/index.php?rest_route=\/wp\/v2\/pages\/27861\/revisions\/27930"}],"wp:attachment":[{"href":"https:\/\/escolagrancapita.wpcomstaging.com\/index.php?rest_route=%2Fwp%2Fv2%2Fmedia&parent=27861"}],"wp:term":[{"taxonomy":"category","embeddable":true,"href":"https:\/\/escolagrancapita.wpcomstaging.com\/index.php?rest_route=%2Fwp%2Fv2%2Fcategories&post=27861"},{"taxonomy":"post_tag","embeddable":true,"href":"https:\/\/escolagrancapita.wpcomstaging.com\/index.php?rest_route=%2Fwp%2Fv2%2Ftags&post=27861"}],"curies":[{"name":"wp","href":"https:\/\/api.w.org\/{rel}","templated":true}]}}