{"id":27882,"date":"2026-02-14T16:16:07","date_gmt":"2026-02-14T16:16:07","guid":{"rendered":"https:\/\/escolagrancapita.wpcomstaging.com\/?page_id=27882"},"modified":"2026-02-14T16:16:09","modified_gmt":"2026-02-14T16:16:09","slug":"sortida-al-mnac","status":"publish","type":"page","link":"https:\/\/escolagrancapita.wpcomstaging.com\/?page_id=27882","title":{"rendered":"Sortida al MNAC"},"content":{"rendered":"\n<p style=\"text-align: justify;\" data-start=\"119\" data-end=\"323\">Al febrer, 2n d\u2019ESO va realitzar una sortida cultural al <strong><a href=\"https:\/\/www.museunacional.cat\/ca\" target=\"_blank\" rel=\"noopener\"><span class=\"hover:entity-accent entity-underline inline cursor-pointer align-baseline\"><span class=\"whitespace-normal\">Museu Nacional d\u2019Art de Catalunya<\/span><\/span><\/a><\/strong>, per visitar la col\u00b7lecci\u00f3 permanent d\u2019<a href=\"https:\/\/ca.wikipedia.org\/wiki\/Art_rom%C3%A0nic\" target=\"_blank\" rel=\"noopener\">art rom\u00e0nic<\/a>.<\/p>\n<div id='gallery-1' class='gallery galleryid-27882 gallery-columns-2 gallery-size-full'><figure class='gallery-item'>\n\t\t\t<div class='gallery-icon landscape'>\n\t\t\t\t<img loading=\"lazy\" decoding=\"async\" width=\"2576\" height=\"1932\" src=\"https:\/\/i0.wp.com\/escolagrancapita.wpcomstaging.com\/wp-content\/uploads\/2026\/02\/20260204_094557-jordi-bretcha-solano.jpg?fit=2576%2C1932&amp;ssl=1\" class=\"attachment-full size-full\" alt=\"\" srcset=\"https:\/\/i0.wp.com\/escolagrancapita.wpcomstaging.com\/wp-content\/uploads\/2026\/02\/20260204_094557-jordi-bretcha-solano.jpg?w=2576&amp;ssl=1 2576w, https:\/\/i0.wp.com\/escolagrancapita.wpcomstaging.com\/wp-content\/uploads\/2026\/02\/20260204_094557-jordi-bretcha-solano.jpg?resize=300%2C225&amp;ssl=1 300w, https:\/\/i0.wp.com\/escolagrancapita.wpcomstaging.com\/wp-content\/uploads\/2026\/02\/20260204_094557-jordi-bretcha-solano.jpg?resize=1024%2C768&amp;ssl=1 1024w, https:\/\/i0.wp.com\/escolagrancapita.wpcomstaging.com\/wp-content\/uploads\/2026\/02\/20260204_094557-jordi-bretcha-solano.jpg?resize=768%2C576&amp;ssl=1 768w, https:\/\/i0.wp.com\/escolagrancapita.wpcomstaging.com\/wp-content\/uploads\/2026\/02\/20260204_094557-jordi-bretcha-solano.jpg?resize=1536%2C1152&amp;ssl=1 1536w, https:\/\/i0.wp.com\/escolagrancapita.wpcomstaging.com\/wp-content\/uploads\/2026\/02\/20260204_094557-jordi-bretcha-solano.jpg?resize=2048%2C1536&amp;ssl=1 2048w, https:\/\/i0.wp.com\/escolagrancapita.wpcomstaging.com\/wp-content\/uploads\/2026\/02\/20260204_094557-jordi-bretcha-solano.jpg?w=2250&amp;ssl=1 2250w\" sizes=\"auto, (max-width: 750px) 100vw, 750px\" \/>\n\t\t\t<\/div><\/figure><figure class='gallery-item'>\n\t\t\t<div class='gallery-icon landscape'>\n\t\t\t\t<img loading=\"lazy\" decoding=\"async\" width=\"1600\" height=\"1200\" src=\"https:\/\/i0.wp.com\/escolagrancapita.wpcomstaging.com\/wp-content\/uploads\/2026\/02\/IMG-20260209-WA0020-jordi-bretcha-solano.jpg?fit=1600%2C1200&amp;ssl=1\" class=\"attachment-full size-full\" alt=\"\" srcset=\"https:\/\/i0.wp.com\/escolagrancapita.wpcomstaging.com\/wp-content\/uploads\/2026\/02\/IMG-20260209-WA0020-jordi-bretcha-solano.jpg?w=1600&amp;ssl=1 1600w, https:\/\/i0.wp.com\/escolagrancapita.wpcomstaging.com\/wp-content\/uploads\/2026\/02\/IMG-20260209-WA0020-jordi-bretcha-solano.jpg?resize=300%2C225&amp;ssl=1 300w, https:\/\/i0.wp.com\/escolagrancapita.wpcomstaging.com\/wp-content\/uploads\/2026\/02\/IMG-20260209-WA0020-jordi-bretcha-solano.jpg?resize=1024%2C768&amp;ssl=1 1024w, https:\/\/i0.wp.com\/escolagrancapita.wpcomstaging.com\/wp-content\/uploads\/2026\/02\/IMG-20260209-WA0020-jordi-bretcha-solano.jpg?resize=768%2C576&amp;ssl=1 768w, https:\/\/i0.wp.com\/escolagrancapita.wpcomstaging.com\/wp-content\/uploads\/2026\/02\/IMG-20260209-WA0020-jordi-bretcha-solano.jpg?resize=1536%2C1152&amp;ssl=1 1536w\" sizes=\"auto, (max-width: 750px) 100vw, 750px\" \/>\n\t\t\t<\/div><\/figure>\n\t\t<\/div>\n\n<p style=\"text-align: justify;\" data-start=\"330\" data-end=\"615\">Durant la visita, van poder observar de prop les pintures murals rom\u00e0niques, con\u00e8ixer el proc\u00e9s de trasllat des de les esgl\u00e9sies originals fins al museu i aprofundir en el significat religi\u00f3s i simb\u00f2lic d\u2019obres emblem\u00e0tiques com el <a href=\"https:\/\/ca.wikipedia.org\/wiki\/Absis_central_de_Sant_Climent_de_Ta%C3%BCll\" target=\"_blank\" rel=\"noopener\"><strong data-start=\"571\" data-end=\"612\"><span class=\"hover:entity-accent entity-underline inline cursor-pointer align-baseline\"><span class=\"whitespace-normal\">Pantocr\u00e0tor de Sant Climent de Ta\u00fcll<\/span><\/span><\/strong><\/a>.<\/p>\n<div id='gallery-2' class='gallery galleryid-27882 gallery-columns-2 gallery-size-full'><figure class='gallery-item'>\n\t\t\t<div class='gallery-icon landscape'>\n\t\t\t\t<img loading=\"lazy\" decoding=\"async\" width=\"1600\" height=\"1200\" src=\"https:\/\/i0.wp.com\/escolagrancapita.wpcomstaging.com\/wp-content\/uploads\/2026\/02\/IMG-20260209-WA0025-jordi-bretcha-solano.jpg?fit=1600%2C1200&amp;ssl=1\" class=\"attachment-full size-full\" alt=\"\" srcset=\"https:\/\/i0.wp.com\/escolagrancapita.wpcomstaging.com\/wp-content\/uploads\/2026\/02\/IMG-20260209-WA0025-jordi-bretcha-solano.jpg?w=1600&amp;ssl=1 1600w, https:\/\/i0.wp.com\/escolagrancapita.wpcomstaging.com\/wp-content\/uploads\/2026\/02\/IMG-20260209-WA0025-jordi-bretcha-solano.jpg?resize=300%2C225&amp;ssl=1 300w, https:\/\/i0.wp.com\/escolagrancapita.wpcomstaging.com\/wp-content\/uploads\/2026\/02\/IMG-20260209-WA0025-jordi-bretcha-solano.jpg?resize=1024%2C768&amp;ssl=1 1024w, https:\/\/i0.wp.com\/escolagrancapita.wpcomstaging.com\/wp-content\/uploads\/2026\/02\/IMG-20260209-WA0025-jordi-bretcha-solano.jpg?resize=768%2C576&amp;ssl=1 768w, https:\/\/i0.wp.com\/escolagrancapita.wpcomstaging.com\/wp-content\/uploads\/2026\/02\/IMG-20260209-WA0025-jordi-bretcha-solano.jpg?resize=1536%2C1152&amp;ssl=1 1536w\" sizes=\"auto, (max-width: 750px) 100vw, 750px\" \/>\n\t\t\t<\/div><\/figure><figure class='gallery-item'>\n\t\t\t<div class='gallery-icon landscape'>\n\t\t\t\t<img loading=\"lazy\" decoding=\"async\" width=\"1600\" height=\"1200\" src=\"https:\/\/i0.wp.com\/escolagrancapita.wpcomstaging.com\/wp-content\/uploads\/2026\/02\/IMG-20260209-WA0030-jordi-bretcha-solano.jpg?fit=1600%2C1200&amp;ssl=1\" class=\"attachment-full size-full\" alt=\"\" srcset=\"https:\/\/i0.wp.com\/escolagrancapita.wpcomstaging.com\/wp-content\/uploads\/2026\/02\/IMG-20260209-WA0030-jordi-bretcha-solano.jpg?w=1600&amp;ssl=1 1600w, https:\/\/i0.wp.com\/escolagrancapita.wpcomstaging.com\/wp-content\/uploads\/2026\/02\/IMG-20260209-WA0030-jordi-bretcha-solano.jpg?resize=300%2C225&amp;ssl=1 300w, https:\/\/i0.wp.com\/escolagrancapita.wpcomstaging.com\/wp-content\/uploads\/2026\/02\/IMG-20260209-WA0030-jordi-bretcha-solano.jpg?resize=1024%2C768&amp;ssl=1 1024w, https:\/\/i0.wp.com\/escolagrancapita.wpcomstaging.com\/wp-content\/uploads\/2026\/02\/IMG-20260209-WA0030-jordi-bretcha-solano.jpg?resize=768%2C576&amp;ssl=1 768w, https:\/\/i0.wp.com\/escolagrancapita.wpcomstaging.com\/wp-content\/uploads\/2026\/02\/IMG-20260209-WA0030-jordi-bretcha-solano.jpg?resize=1536%2C1152&amp;ssl=1 1536w\" sizes=\"auto, (max-width: 750px) 100vw, 750px\" \/>\n\t\t\t<\/div><\/figure><figure class='gallery-item'>\n\t\t\t<div class='gallery-icon portrait'>\n\t\t\t\t<img loading=\"lazy\" decoding=\"async\" width=\"1200\" height=\"1600\" src=\"https:\/\/i0.wp.com\/escolagrancapita.wpcomstaging.com\/wp-content\/uploads\/2026\/02\/IMG-20260209-WA0027-jordi-bretcha-solano.jpg?fit=1200%2C1600&amp;ssl=1\" class=\"attachment-full size-full\" alt=\"\" srcset=\"https:\/\/i0.wp.com\/escolagrancapita.wpcomstaging.com\/wp-content\/uploads\/2026\/02\/IMG-20260209-WA0027-jordi-bretcha-solano.jpg?w=1200&amp;ssl=1 1200w, https:\/\/i0.wp.com\/escolagrancapita.wpcomstaging.com\/wp-content\/uploads\/2026\/02\/IMG-20260209-WA0027-jordi-bretcha-solano.jpg?resize=225%2C300&amp;ssl=1 225w, https:\/\/i0.wp.com\/escolagrancapita.wpcomstaging.com\/wp-content\/uploads\/2026\/02\/IMG-20260209-WA0027-jordi-bretcha-solano.jpg?resize=768%2C1024&amp;ssl=1 768w, https:\/\/i0.wp.com\/escolagrancapita.wpcomstaging.com\/wp-content\/uploads\/2026\/02\/IMG-20260209-WA0027-jordi-bretcha-solano.jpg?resize=1152%2C1536&amp;ssl=1 1152w\" sizes=\"auto, (max-width: 750px) 100vw, 750px\" \/>\n\t\t\t<\/div><\/figure><figure class='gallery-item'>\n\t\t\t<div class='gallery-icon portrait'>\n\t\t\t\t<img loading=\"lazy\" decoding=\"async\" width=\"1200\" height=\"1600\" src=\"https:\/\/i0.wp.com\/escolagrancapita.wpcomstaging.com\/wp-content\/uploads\/2026\/02\/IMG-20260209-WA0021-jordi-bretcha-solano.jpg?fit=1200%2C1600&amp;ssl=1\" class=\"attachment-full size-full\" alt=\"\" srcset=\"https:\/\/i0.wp.com\/escolagrancapita.wpcomstaging.com\/wp-content\/uploads\/2026\/02\/IMG-20260209-WA0021-jordi-bretcha-solano.jpg?w=1200&amp;ssl=1 1200w, https:\/\/i0.wp.com\/escolagrancapita.wpcomstaging.com\/wp-content\/uploads\/2026\/02\/IMG-20260209-WA0021-jordi-bretcha-solano.jpg?resize=225%2C300&amp;ssl=1 225w, https:\/\/i0.wp.com\/escolagrancapita.wpcomstaging.com\/wp-content\/uploads\/2026\/02\/IMG-20260209-WA0021-jordi-bretcha-solano.jpg?resize=768%2C1024&amp;ssl=1 768w, https:\/\/i0.wp.com\/escolagrancapita.wpcomstaging.com\/wp-content\/uploads\/2026\/02\/IMG-20260209-WA0021-jordi-bretcha-solano.jpg?resize=1152%2C1536&amp;ssl=1 1152w\" sizes=\"auto, (max-width: 750px) 100vw, 750px\" \/>\n\t\t\t<\/div><\/figure>\n\t\t<\/div>\n\n<p style=\"text-align: justify;\" data-start=\"622\" data-end=\"800\">Tamb\u00e9 es van treballar aspectes clau de l\u2019arquitectura rom\u00e0nica, com l\u2019estructura de les esgl\u00e9sies, la funci\u00f3 dels absis i l\u2019\u00fas del color i dels s\u00edmbols en la pintura medieval.<\/p>\n<div id='gallery-3' class='gallery galleryid-27882 gallery-columns-1 gallery-size-full'><figure class='gallery-item'>\n\t\t\t<div class='gallery-icon landscape'>\n\t\t\t\t<img loading=\"lazy\" decoding=\"async\" width=\"2576\" height=\"1932\" src=\"https:\/\/i0.wp.com\/escolagrancapita.wpcomstaging.com\/wp-content\/uploads\/2026\/02\/20260204_100559-jordi-bretcha-solano.jpg?fit=2576%2C1932&amp;ssl=1\" class=\"attachment-full size-full\" alt=\"\" srcset=\"https:\/\/i0.wp.com\/escolagrancapita.wpcomstaging.com\/wp-content\/uploads\/2026\/02\/20260204_100559-jordi-bretcha-solano.jpg?w=2576&amp;ssl=1 2576w, https:\/\/i0.wp.com\/escolagrancapita.wpcomstaging.com\/wp-content\/uploads\/2026\/02\/20260204_100559-jordi-bretcha-solano.jpg?resize=300%2C225&amp;ssl=1 300w, https:\/\/i0.wp.com\/escolagrancapita.wpcomstaging.com\/wp-content\/uploads\/2026\/02\/20260204_100559-jordi-bretcha-solano.jpg?resize=1024%2C768&amp;ssl=1 1024w, https:\/\/i0.wp.com\/escolagrancapita.wpcomstaging.com\/wp-content\/uploads\/2026\/02\/20260204_100559-jordi-bretcha-solano.jpg?resize=768%2C576&amp;ssl=1 768w, https:\/\/i0.wp.com\/escolagrancapita.wpcomstaging.com\/wp-content\/uploads\/2026\/02\/20260204_100559-jordi-bretcha-solano.jpg?resize=1536%2C1152&amp;ssl=1 1536w, https:\/\/i0.wp.com\/escolagrancapita.wpcomstaging.com\/wp-content\/uploads\/2026\/02\/20260204_100559-jordi-bretcha-solano.jpg?resize=2048%2C1536&amp;ssl=1 2048w, https:\/\/i0.wp.com\/escolagrancapita.wpcomstaging.com\/wp-content\/uploads\/2026\/02\/20260204_100559-jordi-bretcha-solano.jpg?w=2250&amp;ssl=1 2250w\" sizes=\"auto, (max-width: 750px) 100vw, 750px\" \/>\n\t\t\t<\/div><\/figure><figure class='gallery-item'>\n\t\t\t<div class='gallery-icon landscape'>\n\t\t\t\t<img loading=\"lazy\" decoding=\"async\" width=\"2576\" height=\"1932\" src=\"https:\/\/i0.wp.com\/escolagrancapita.wpcomstaging.com\/wp-content\/uploads\/2026\/02\/20260204_094238-jordi-bretcha-solano.jpg?fit=2576%2C1932&amp;ssl=1\" class=\"attachment-full size-full\" alt=\"\" srcset=\"https:\/\/i0.wp.com\/escolagrancapita.wpcomstaging.com\/wp-content\/uploads\/2026\/02\/20260204_094238-jordi-bretcha-solano.jpg?w=2576&amp;ssl=1 2576w, https:\/\/i0.wp.com\/escolagrancapita.wpcomstaging.com\/wp-content\/uploads\/2026\/02\/20260204_094238-jordi-bretcha-solano.jpg?resize=300%2C225&amp;ssl=1 300w, https:\/\/i0.wp.com\/escolagrancapita.wpcomstaging.com\/wp-content\/uploads\/2026\/02\/20260204_094238-jordi-bretcha-solano.jpg?resize=1024%2C768&amp;ssl=1 1024w, https:\/\/i0.wp.com\/escolagrancapita.wpcomstaging.com\/wp-content\/uploads\/2026\/02\/20260204_094238-jordi-bretcha-solano.jpg?resize=768%2C576&amp;ssl=1 768w, https:\/\/i0.wp.com\/escolagrancapita.wpcomstaging.com\/wp-content\/uploads\/2026\/02\/20260204_094238-jordi-bretcha-solano.jpg?resize=1536%2C1152&amp;ssl=1 1536w, https:\/\/i0.wp.com\/escolagrancapita.wpcomstaging.com\/wp-content\/uploads\/2026\/02\/20260204_094238-jordi-bretcha-solano.jpg?resize=2048%2C1536&amp;ssl=1 2048w, https:\/\/i0.wp.com\/escolagrancapita.wpcomstaging.com\/wp-content\/uploads\/2026\/02\/20260204_094238-jordi-bretcha-solano.jpg?w=2250&amp;ssl=1 2250w\" sizes=\"auto, (max-width: 750px) 100vw, 750px\" \/>\n\t\t\t<\/div><\/figure>\n\t\t<\/div>\n\n<p style=\"text-align: justify;\" data-start=\"807\" data-end=\"1111\" data-is-last-node=\"\">Aquesta activitat ha perm\u00e8s refor\u00e7ar els continguts treballats a l\u2019aula d\u2019Hist\u00f2ria i Art, alhora que ha ofert una experi\u00e8ncia cultural directa i enriquidora fora del centre. Tant l\u2019alumnat com el professorat han valorat molt positivament la sortida, que ha resultat educativa, motivadora i significativa.<\/p>\n","protected":false},"excerpt":{"rendered":"<p>Al febrer, 2n d\u2019ESO va realitzar una sortida cultural al Museu Nacional d\u2019Art de Catalunya, per visitar la col\u00b7lecci\u00f3 permanent d\u2019art rom\u00e0nic. Durant la visita, van poder observar de prop les pintures murals rom\u00e0niques, con\u00e8ixer el proc\u00e9s de trasllat des<\/p>\n","protected":false},"author":1,"featured_media":0,"parent":0,"menu_order":0,"comment_status":"closed","ping_status":"closed","template":"","meta":{"_crdt_document":"","footnotes":""},"categories":[],"tags":[151,43,82],"class_list":["post-27882","page","type-page","status-publish","hentry","tag-curs-2025-26","tag-ed-secundaria","tag-sortides"],"jetpack_sharing_enabled":true,"_links":{"self":[{"href":"https:\/\/escolagrancapita.wpcomstaging.com\/index.php?rest_route=\/wp\/v2\/pages\/27882","targetHints":{"allow":["GET"]}}],"collection":[{"href":"https:\/\/escolagrancapita.wpcomstaging.com\/index.php?rest_route=\/wp\/v2\/pages"}],"about":[{"href":"https:\/\/escolagrancapita.wpcomstaging.com\/index.php?rest_route=\/wp\/v2\/types\/page"}],"author":[{"embeddable":true,"href":"https:\/\/escolagrancapita.wpcomstaging.com\/index.php?rest_route=\/wp\/v2\/users\/1"}],"replies":[{"embeddable":true,"href":"https:\/\/escolagrancapita.wpcomstaging.com\/index.php?rest_route=%2Fwp%2Fv2%2Fcomments&post=27882"}],"version-history":[{"count":3,"href":"https:\/\/escolagrancapita.wpcomstaging.com\/index.php?rest_route=\/wp\/v2\/pages\/27882\/revisions"}],"predecessor-version":[{"id":27913,"href":"https:\/\/escolagrancapita.wpcomstaging.com\/index.php?rest_route=\/wp\/v2\/pages\/27882\/revisions\/27913"}],"wp:attachment":[{"href":"https:\/\/escolagrancapita.wpcomstaging.com\/index.php?rest_route=%2Fwp%2Fv2%2Fmedia&parent=27882"}],"wp:term":[{"taxonomy":"category","embeddable":true,"href":"https:\/\/escolagrancapita.wpcomstaging.com\/index.php?rest_route=%2Fwp%2Fv2%2Fcategories&post=27882"},{"taxonomy":"post_tag","embeddable":true,"href":"https:\/\/escolagrancapita.wpcomstaging.com\/index.php?rest_route=%2Fwp%2Fv2%2Ftags&post=27882"}],"curies":[{"name":"wp","href":"https:\/\/api.w.org\/{rel}","templated":true}]}}