{"id":27886,"date":"2026-02-14T17:13:14","date_gmt":"2026-02-14T17:13:14","guid":{"rendered":"https:\/\/escolagrancapita.wpcomstaging.com\/?page_id=27886"},"modified":"2026-02-14T17:13:16","modified_gmt":"2026-02-14T17:13:16","slug":"abs-agencia-de-viatges","status":"publish","type":"page","link":"https:\/\/escolagrancapita.wpcomstaging.com\/?page_id=27886","title":{"rendered":"ABS: Ag\u00e8ncia de viatges"},"content":{"rendered":"\n<p style=\"text-align: justify;\" data-start=\"119\" data-end=\"317\"><strong data-start=\"119\" data-end=\"315\">5\u00e8 de Prim\u00e0ria ha dut a terme una activitat de Llengua Castellana en qu\u00e8 s\u2019ha convertit en una \u201cag\u00e8ncia de viatges\u201d per un dia, elaborant fullets informatius sobre diferents ciutats d\u2019Espanya.<\/strong><\/p>\n<p style=\"text-align: justify;\" data-start=\"324\" data-end=\"669\">A partir d\u2019un model de fullet tur\u00edstic, l\u2019alumnat ha investigat i redactat textos propis sobre destinacions com <strong data-start=\"436\" data-end=\"477\"><span class=\"hover:entity-accent entity-underline inline cursor-pointer align-baseline\"><span class=\"whitespace-normal\">Madrid<\/span><\/span><\/strong>, <strong data-start=\"479\" data-end=\"520\"><span class=\"hover:entity-accent entity-underline inline cursor-pointer align-baseline\"><span class=\"whitespace-normal\">Barcelona<\/span><\/span><\/strong>, <strong data-start=\"522\" data-end=\"563\"><span class=\"hover:entity-accent entity-underline inline cursor-pointer align-baseline\"><span class=\"whitespace-normal\">Val\u00e8ncia<\/span><\/span><\/strong>, <strong data-start=\"565\" data-end=\"606\"><span class=\"hover:entity-accent entity-underline inline cursor-pointer align-baseline\"><span class=\"whitespace-normal\">Sevilla<\/span><\/span><\/strong> o <strong data-start=\"609\" data-end=\"650\"><span class=\"hover:entity-accent entity-underline inline cursor-pointer align-baseline\"><span class=\"whitespace-normal\">Saragossa<\/span><\/span><\/strong>, entre d\u2019altres.<\/p>\n<div id='gallery-1' class='gallery galleryid-27886 gallery-columns-2 gallery-size-full'><figure class='gallery-item'>\n\t\t\t<div class='gallery-icon landscape'>\n\t\t\t\t<img loading=\"lazy\" decoding=\"async\" width=\"2048\" height=\"921\" src=\"https:\/\/i0.wp.com\/escolagrancapita.wpcomstaging.com\/wp-content\/uploads\/2026\/02\/WhatsApp-Image-2026-02-11-at-10.26.59-1-Montse-Ramos.jpeg?fit=2048%2C921&amp;ssl=1\" class=\"attachment-full size-full\" alt=\"\" srcset=\"https:\/\/i0.wp.com\/escolagrancapita.wpcomstaging.com\/wp-content\/uploads\/2026\/02\/WhatsApp-Image-2026-02-11-at-10.26.59-1-Montse-Ramos.jpeg?w=2048&amp;ssl=1 2048w, https:\/\/i0.wp.com\/escolagrancapita.wpcomstaging.com\/wp-content\/uploads\/2026\/02\/WhatsApp-Image-2026-02-11-at-10.26.59-1-Montse-Ramos.jpeg?resize=300%2C135&amp;ssl=1 300w, https:\/\/i0.wp.com\/escolagrancapita.wpcomstaging.com\/wp-content\/uploads\/2026\/02\/WhatsApp-Image-2026-02-11-at-10.26.59-1-Montse-Ramos.jpeg?resize=1024%2C461&amp;ssl=1 1024w, https:\/\/i0.wp.com\/escolagrancapita.wpcomstaging.com\/wp-content\/uploads\/2026\/02\/WhatsApp-Image-2026-02-11-at-10.26.59-1-Montse-Ramos.jpeg?resize=768%2C345&amp;ssl=1 768w, https:\/\/i0.wp.com\/escolagrancapita.wpcomstaging.com\/wp-content\/uploads\/2026\/02\/WhatsApp-Image-2026-02-11-at-10.26.59-1-Montse-Ramos.jpeg?resize=1536%2C691&amp;ssl=1 1536w\" sizes=\"auto, (max-width: 750px) 100vw, 750px\" \/>\n\t\t\t<\/div><\/figure><figure class='gallery-item'>\n\t\t\t<div class='gallery-icon landscape'>\n\t\t\t\t<img loading=\"lazy\" decoding=\"async\" width=\"2048\" height=\"921\" src=\"https:\/\/i0.wp.com\/escolagrancapita.wpcomstaging.com\/wp-content\/uploads\/2026\/02\/WhatsApp-Image-2026-02-11-at-10.26.59-Montse-Ramos.jpeg?fit=2048%2C921&amp;ssl=1\" class=\"attachment-full size-full\" alt=\"\" srcset=\"https:\/\/i0.wp.com\/escolagrancapita.wpcomstaging.com\/wp-content\/uploads\/2026\/02\/WhatsApp-Image-2026-02-11-at-10.26.59-Montse-Ramos.jpeg?w=2048&amp;ssl=1 2048w, https:\/\/i0.wp.com\/escolagrancapita.wpcomstaging.com\/wp-content\/uploads\/2026\/02\/WhatsApp-Image-2026-02-11-at-10.26.59-Montse-Ramos.jpeg?resize=300%2C135&amp;ssl=1 300w, https:\/\/i0.wp.com\/escolagrancapita.wpcomstaging.com\/wp-content\/uploads\/2026\/02\/WhatsApp-Image-2026-02-11-at-10.26.59-Montse-Ramos.jpeg?resize=1024%2C461&amp;ssl=1 1024w, https:\/\/i0.wp.com\/escolagrancapita.wpcomstaging.com\/wp-content\/uploads\/2026\/02\/WhatsApp-Image-2026-02-11-at-10.26.59-Montse-Ramos.jpeg?resize=768%2C345&amp;ssl=1 768w, https:\/\/i0.wp.com\/escolagrancapita.wpcomstaging.com\/wp-content\/uploads\/2026\/02\/WhatsApp-Image-2026-02-11-at-10.26.59-Montse-Ramos.jpeg?resize=1536%2C691&amp;ssl=1 1536w\" sizes=\"auto, (max-width: 750px) 100vw, 750px\" \/>\n\t\t\t<\/div><\/figure>\n\t\t<\/div>\n\n<p style=\"text-align: justify;\" data-start=\"676\" data-end=\"1017\">En cada fullet s\u2019hi ha incl\u00f2s informaci\u00f3 sobre espais emblem\u00e0tics de la ciutat \u2014monuments, museus, places i entorns naturals\u2014 aix\u00ed com dades d\u2019inter\u00e8s i propostes d\u2019activitats per gaudir en fam\u00edlia. Tamb\u00e9 s\u2019ha dedicat un apartat a la gastronomia t\u00edpica, amb la descripci\u00f3 de plats tradicionals i productes caracter\u00edstics de cada territori.<\/p>\n<div id='gallery-2' class='gallery galleryid-27886 gallery-columns-3 gallery-size-full'><figure class='gallery-item'>\n\t\t\t<div class='gallery-icon landscape'>\n\t\t\t\t<img loading=\"lazy\" decoding=\"async\" width=\"2048\" height=\"921\" src=\"https:\/\/i0.wp.com\/escolagrancapita.wpcomstaging.com\/wp-content\/uploads\/2026\/02\/WhatsApp-Image-2026-02-11-at-10.26.58-3-Montse-Ramos.jpeg?fit=2048%2C921&amp;ssl=1\" class=\"attachment-full size-full\" alt=\"\" srcset=\"https:\/\/i0.wp.com\/escolagrancapita.wpcomstaging.com\/wp-content\/uploads\/2026\/02\/WhatsApp-Image-2026-02-11-at-10.26.58-3-Montse-Ramos.jpeg?w=2048&amp;ssl=1 2048w, https:\/\/i0.wp.com\/escolagrancapita.wpcomstaging.com\/wp-content\/uploads\/2026\/02\/WhatsApp-Image-2026-02-11-at-10.26.58-3-Montse-Ramos.jpeg?resize=300%2C135&amp;ssl=1 300w, https:\/\/i0.wp.com\/escolagrancapita.wpcomstaging.com\/wp-content\/uploads\/2026\/02\/WhatsApp-Image-2026-02-11-at-10.26.58-3-Montse-Ramos.jpeg?resize=1024%2C461&amp;ssl=1 1024w, https:\/\/i0.wp.com\/escolagrancapita.wpcomstaging.com\/wp-content\/uploads\/2026\/02\/WhatsApp-Image-2026-02-11-at-10.26.58-3-Montse-Ramos.jpeg?resize=768%2C345&amp;ssl=1 768w, https:\/\/i0.wp.com\/escolagrancapita.wpcomstaging.com\/wp-content\/uploads\/2026\/02\/WhatsApp-Image-2026-02-11-at-10.26.58-3-Montse-Ramos.jpeg?resize=1536%2C691&amp;ssl=1 1536w\" sizes=\"auto, (max-width: 750px) 100vw, 750px\" \/>\n\t\t\t<\/div><\/figure><figure class='gallery-item'>\n\t\t\t<div class='gallery-icon landscape'>\n\t\t\t\t<img loading=\"lazy\" decoding=\"async\" width=\"2048\" height=\"921\" src=\"https:\/\/i0.wp.com\/escolagrancapita.wpcomstaging.com\/wp-content\/uploads\/2026\/02\/WhatsApp-Image-2026-02-11-at-10.26.58-2-Montse-Ramos.jpeg?fit=2048%2C921&amp;ssl=1\" class=\"attachment-full size-full\" alt=\"\" srcset=\"https:\/\/i0.wp.com\/escolagrancapita.wpcomstaging.com\/wp-content\/uploads\/2026\/02\/WhatsApp-Image-2026-02-11-at-10.26.58-2-Montse-Ramos.jpeg?w=2048&amp;ssl=1 2048w, https:\/\/i0.wp.com\/escolagrancapita.wpcomstaging.com\/wp-content\/uploads\/2026\/02\/WhatsApp-Image-2026-02-11-at-10.26.58-2-Montse-Ramos.jpeg?resize=300%2C135&amp;ssl=1 300w, https:\/\/i0.wp.com\/escolagrancapita.wpcomstaging.com\/wp-content\/uploads\/2026\/02\/WhatsApp-Image-2026-02-11-at-10.26.58-2-Montse-Ramos.jpeg?resize=1024%2C461&amp;ssl=1 1024w, https:\/\/i0.wp.com\/escolagrancapita.wpcomstaging.com\/wp-content\/uploads\/2026\/02\/WhatsApp-Image-2026-02-11-at-10.26.58-2-Montse-Ramos.jpeg?resize=768%2C345&amp;ssl=1 768w, https:\/\/i0.wp.com\/escolagrancapita.wpcomstaging.com\/wp-content\/uploads\/2026\/02\/WhatsApp-Image-2026-02-11-at-10.26.58-2-Montse-Ramos.jpeg?resize=1536%2C691&amp;ssl=1 1536w\" sizes=\"auto, (max-width: 750px) 100vw, 750px\" \/>\n\t\t\t<\/div><\/figure><figure class='gallery-item'>\n\t\t\t<div class='gallery-icon landscape'>\n\t\t\t\t<img loading=\"lazy\" decoding=\"async\" width=\"2048\" height=\"921\" src=\"https:\/\/i0.wp.com\/escolagrancapita.wpcomstaging.com\/wp-content\/uploads\/2026\/02\/WhatsApp-Image-2026-02-11-at-10.26.58-1-Montse-Ramos.jpeg?fit=2048%2C921&amp;ssl=1\" class=\"attachment-full size-full\" alt=\"\" srcset=\"https:\/\/i0.wp.com\/escolagrancapita.wpcomstaging.com\/wp-content\/uploads\/2026\/02\/WhatsApp-Image-2026-02-11-at-10.26.58-1-Montse-Ramos.jpeg?w=2048&amp;ssl=1 2048w, https:\/\/i0.wp.com\/escolagrancapita.wpcomstaging.com\/wp-content\/uploads\/2026\/02\/WhatsApp-Image-2026-02-11-at-10.26.58-1-Montse-Ramos.jpeg?resize=300%2C135&amp;ssl=1 300w, https:\/\/i0.wp.com\/escolagrancapita.wpcomstaging.com\/wp-content\/uploads\/2026\/02\/WhatsApp-Image-2026-02-11-at-10.26.58-1-Montse-Ramos.jpeg?resize=1024%2C461&amp;ssl=1 1024w, https:\/\/i0.wp.com\/escolagrancapita.wpcomstaging.com\/wp-content\/uploads\/2026\/02\/WhatsApp-Image-2026-02-11-at-10.26.58-1-Montse-Ramos.jpeg?resize=768%2C345&amp;ssl=1 768w, https:\/\/i0.wp.com\/escolagrancapita.wpcomstaging.com\/wp-content\/uploads\/2026\/02\/WhatsApp-Image-2026-02-11-at-10.26.58-1-Montse-Ramos.jpeg?resize=1536%2C691&amp;ssl=1 1536w\" sizes=\"auto, (max-width: 750px) 100vw, 750px\" \/>\n\t\t\t<\/div><\/figure>\n\t\t<\/div>\n\n<div id='gallery-3' class='gallery galleryid-27886 gallery-columns-2 gallery-size-full'><figure class='gallery-item'>\n\t\t\t<div class='gallery-icon landscape'>\n\t\t\t\t<img loading=\"lazy\" decoding=\"async\" width=\"2048\" height=\"921\" src=\"https:\/\/i0.wp.com\/escolagrancapita.wpcomstaging.com\/wp-content\/uploads\/2026\/02\/WhatsApp-Image-2026-02-11-at-10.26.58-Montse-Ramos.jpeg?fit=2048%2C921&amp;ssl=1\" class=\"attachment-full size-full\" alt=\"\" srcset=\"https:\/\/i0.wp.com\/escolagrancapita.wpcomstaging.com\/wp-content\/uploads\/2026\/02\/WhatsApp-Image-2026-02-11-at-10.26.58-Montse-Ramos.jpeg?w=2048&amp;ssl=1 2048w, https:\/\/i0.wp.com\/escolagrancapita.wpcomstaging.com\/wp-content\/uploads\/2026\/02\/WhatsApp-Image-2026-02-11-at-10.26.58-Montse-Ramos.jpeg?resize=300%2C135&amp;ssl=1 300w, https:\/\/i0.wp.com\/escolagrancapita.wpcomstaging.com\/wp-content\/uploads\/2026\/02\/WhatsApp-Image-2026-02-11-at-10.26.58-Montse-Ramos.jpeg?resize=1024%2C461&amp;ssl=1 1024w, https:\/\/i0.wp.com\/escolagrancapita.wpcomstaging.com\/wp-content\/uploads\/2026\/02\/WhatsApp-Image-2026-02-11-at-10.26.58-Montse-Ramos.jpeg?resize=768%2C345&amp;ssl=1 768w, https:\/\/i0.wp.com\/escolagrancapita.wpcomstaging.com\/wp-content\/uploads\/2026\/02\/WhatsApp-Image-2026-02-11-at-10.26.58-Montse-Ramos.jpeg?resize=1536%2C691&amp;ssl=1 1536w\" sizes=\"auto, (max-width: 750px) 100vw, 750px\" \/>\n\t\t\t<\/div><\/figure><figure class='gallery-item'>\n\t\t\t<div class='gallery-icon landscape'>\n\t\t\t\t<img loading=\"lazy\" decoding=\"async\" width=\"2048\" height=\"921\" src=\"https:\/\/i0.wp.com\/escolagrancapita.wpcomstaging.com\/wp-content\/uploads\/2026\/02\/WhatsApp-Image-2026-02-11-at-10.26.57-Montse-Ramos.jpeg?fit=2048%2C921&amp;ssl=1\" class=\"attachment-full size-full\" alt=\"\" srcset=\"https:\/\/i0.wp.com\/escolagrancapita.wpcomstaging.com\/wp-content\/uploads\/2026\/02\/WhatsApp-Image-2026-02-11-at-10.26.57-Montse-Ramos.jpeg?w=2048&amp;ssl=1 2048w, https:\/\/i0.wp.com\/escolagrancapita.wpcomstaging.com\/wp-content\/uploads\/2026\/02\/WhatsApp-Image-2026-02-11-at-10.26.57-Montse-Ramos.jpeg?resize=300%2C135&amp;ssl=1 300w, https:\/\/i0.wp.com\/escolagrancapita.wpcomstaging.com\/wp-content\/uploads\/2026\/02\/WhatsApp-Image-2026-02-11-at-10.26.57-Montse-Ramos.jpeg?resize=1024%2C461&amp;ssl=1 1024w, https:\/\/i0.wp.com\/escolagrancapita.wpcomstaging.com\/wp-content\/uploads\/2026\/02\/WhatsApp-Image-2026-02-11-at-10.26.57-Montse-Ramos.jpeg?resize=768%2C345&amp;ssl=1 768w, https:\/\/i0.wp.com\/escolagrancapita.wpcomstaging.com\/wp-content\/uploads\/2026\/02\/WhatsApp-Image-2026-02-11-at-10.26.57-Montse-Ramos.jpeg?resize=1536%2C691&amp;ssl=1 1536w\" sizes=\"auto, (max-width: 750px) 100vw, 750px\" \/>\n\t\t\t<\/div><\/figure>\n\t\t<\/div>\n\n<p style=\"text-align: justify;\" data-start=\"1024\" data-end=\"1309\" data-is-last-node=\"\">Aquesta proposta ha esdevingut una manera motivadora d\u2019apropar l\u2019alumnat a la diversitat cultural i geogr\u00e0fica del pa\u00eds, alhora que s\u2019han refor\u00e7at les compet\u00e8ncies ling\u00fc\u00edstiques relacionades amb la recerca d\u2019informaci\u00f3, la redacci\u00f3 de textos informatius i l\u2019organitzaci\u00f3 de continguts.<\/p>\n","protected":false},"excerpt":{"rendered":"<p>5\u00e8 de Prim\u00e0ria ha dut a terme una activitat de Llengua Castellana en qu\u00e8 s\u2019ha convertit en una \u201cag\u00e8ncia de viatges\u201d per un dia, elaborant fullets informatius sobre diferents ciutats d\u2019Espanya. A partir d\u2019un model de fullet tur\u00edstic, l\u2019alumnat ha<\/p>\n","protected":false},"author":1,"featured_media":0,"parent":0,"menu_order":0,"comment_status":"closed","ping_status":"closed","template":"","meta":{"_crdt_document":"","footnotes":""},"categories":[],"tags":[151,86,79],"class_list":["post-27886","page","type-page","status-publish","hentry","tag-curs-2025-26","tag-ed-primaria","tag-projectes"],"jetpack_sharing_enabled":true,"_links":{"self":[{"href":"https:\/\/escolagrancapita.wpcomstaging.com\/index.php?rest_route=\/wp\/v2\/pages\/27886","targetHints":{"allow":["GET"]}}],"collection":[{"href":"https:\/\/escolagrancapita.wpcomstaging.com\/index.php?rest_route=\/wp\/v2\/pages"}],"about":[{"href":"https:\/\/escolagrancapita.wpcomstaging.com\/index.php?rest_route=\/wp\/v2\/types\/page"}],"author":[{"embeddable":true,"href":"https:\/\/escolagrancapita.wpcomstaging.com\/index.php?rest_route=\/wp\/v2\/users\/1"}],"replies":[{"embeddable":true,"href":"https:\/\/escolagrancapita.wpcomstaging.com\/index.php?rest_route=%2Fwp%2Fv2%2Fcomments&post=27886"}],"version-history":[{"count":2,"href":"https:\/\/escolagrancapita.wpcomstaging.com\/index.php?rest_route=\/wp\/v2\/pages\/27886\/revisions"}],"predecessor-version":[{"id":27950,"href":"https:\/\/escolagrancapita.wpcomstaging.com\/index.php?rest_route=\/wp\/v2\/pages\/27886\/revisions\/27950"}],"wp:attachment":[{"href":"https:\/\/escolagrancapita.wpcomstaging.com\/index.php?rest_route=%2Fwp%2Fv2%2Fmedia&parent=27886"}],"wp:term":[{"taxonomy":"category","embeddable":true,"href":"https:\/\/escolagrancapita.wpcomstaging.com\/index.php?rest_route=%2Fwp%2Fv2%2Fcategories&post=27886"},{"taxonomy":"post_tag","embeddable":true,"href":"https:\/\/escolagrancapita.wpcomstaging.com\/index.php?rest_route=%2Fwp%2Fv2%2Ftags&post=27886"}],"curies":[{"name":"wp","href":"https:\/\/api.w.org\/{rel}","templated":true}]}}