{"id":27982,"date":"2026-01-05T17:37:00","date_gmt":"2026-01-05T17:37:00","guid":{"rendered":"https:\/\/escolagrancapita.wpcomstaging.com\/?page_id=27982"},"modified":"2026-02-15T17:48:33","modified_gmt":"2026-02-15T17:48:33","slug":"programant-amb-ritme","status":"publish","type":"page","link":"https:\/\/escolagrancapita.wpcomstaging.com\/?page_id=27982","title":{"rendered":"Programant amb ritme"},"content":{"rendered":"\n<p style=\"text-align: justify;\" data-start=\"119\" data-end=\"328\">Durant el primer trimestre, 4t d\u2019ESO ha desenvolupat un projecte tecnol\u00f2gic i creatiu basat en la <strong>construcci\u00f3 i programaci\u00f3 d\u2019una taula de DJ<\/strong> amb el kit <strong>LEGO Mindstorms Education EV3<\/strong> i el seu programari.<\/p>\n<p style=\"text-align: justify;\" data-start=\"335\" data-end=\"589\">L\u2019activitat s\u2019ha iniciat amb una introducci\u00f3 a l\u2019evoluci\u00f3 de les taules de DJ, des dels discos de vinil i els CD fins a les mem\u00f2ries USB i les actuals taules digitals, que permeten combinar sons de m\u00faltiples fonts i ampliar les possibilitats de mescla.<\/p>\n<div id='gallery-1' class='gallery galleryid-27982 gallery-columns-1 gallery-size-full'><figure class='gallery-item'>\n\t\t\t<div class='gallery-icon portrait'>\n\t\t\t\t<img loading=\"lazy\" decoding=\"async\" width=\"2827\" height=\"2860\" src=\"https:\/\/i0.wp.com\/escolagrancapita.wpcomstaging.com\/wp-content\/uploads\/2026\/02\/PXL_20260205_152553805-e1771177296597.jpg?fit=2827%2C2860&amp;ssl=1\" class=\"attachment-full size-full\" alt=\"\" srcset=\"https:\/\/i0.wp.com\/escolagrancapita.wpcomstaging.com\/wp-content\/uploads\/2026\/02\/PXL_20260205_152553805-e1771177296597.jpg?w=2827&amp;ssl=1 2827w, https:\/\/i0.wp.com\/escolagrancapita.wpcomstaging.com\/wp-content\/uploads\/2026\/02\/PXL_20260205_152553805-e1771177296597.jpg?resize=297%2C300&amp;ssl=1 297w, https:\/\/i0.wp.com\/escolagrancapita.wpcomstaging.com\/wp-content\/uploads\/2026\/02\/PXL_20260205_152553805-e1771177296597.jpg?resize=1012%2C1024&amp;ssl=1 1012w, https:\/\/i0.wp.com\/escolagrancapita.wpcomstaging.com\/wp-content\/uploads\/2026\/02\/PXL_20260205_152553805-e1771177296597.jpg?resize=768%2C777&amp;ssl=1 768w, https:\/\/i0.wp.com\/escolagrancapita.wpcomstaging.com\/wp-content\/uploads\/2026\/02\/PXL_20260205_152553805-e1771177296597.jpg?resize=1518%2C1536&amp;ssl=1 1518w, https:\/\/i0.wp.com\/escolagrancapita.wpcomstaging.com\/wp-content\/uploads\/2026\/02\/PXL_20260205_152553805-e1771177296597.jpg?resize=2024%2C2048&amp;ssl=1 2024w, https:\/\/i0.wp.com\/escolagrancapita.wpcomstaging.com\/wp-content\/uploads\/2026\/02\/PXL_20260205_152553805-e1771177296597.jpg?w=2250&amp;ssl=1 2250w\" sizes=\"auto, (max-width: 750px) 100vw, 750px\" \/>\n\t\t\t<\/div><\/figure>\n\t\t<\/div>\n\n<p style=\"text-align: justify;\" data-start=\"596\" data-end=\"758\">A partir d\u2019aquest context, l\u2019alumnat ha dissenyat i programat la seva pr\u00f2pia taula de DJ, treballant continguts vinculats a la rob\u00f2tica i la programaci\u00f3, com ara:<\/p>\n<p style=\"text-align: justify;\" data-start=\"765\" data-end=\"1420\">\u2013 la creaci\u00f3 i reproducci\u00f3 de *samples* propis,<br \/>\u2013 el control dels sons amb el sensor t\u00e0ctil (activaci\u00f3, aturada o reproducci\u00f3 mentre es mant\u00e9 premut),<br \/>\u2013 la reproducci\u00f3 simult\u00e0nia de diversos sons,<br \/>\u2013 l\u2019associaci\u00f3 de sons i colors mitjan\u00e7ant el sensor de color,<br \/>\u2013 i la programaci\u00f3 del sensor ultras\u00f2nic per interactuar amb el so (regulant el volum, mostrant la dist\u00e0ncia en pantalla o modificant la freq\u00fc\u00e8ncia d\u2019un to segons la proximitat detectada).<\/p>\n<p style=\"text-align: justify;\" data-start=\"1427\" data-end=\"1790\">El projecte s\u2019ha plantejat com una proposta oberta, que ha perm\u00e8s a cada grup escollir lliurement els seus sons, imatges i el funcionament espec\u00edfic de la taula. Posteriorment, s\u2019han compartit totes les creacions i s\u2019ha realitzat una reflexi\u00f3 conjunta sobre els resultats, analitzant quines propostes eren m\u00e9s equilibrades des del punt de vista sonor i per qu\u00e8.<\/p>\n<div id='gallery-2' class='gallery galleryid-27982 gallery-columns-2 gallery-size-full'><figure class='gallery-item'>\n\t\t\t<div class='gallery-icon portrait'>\n\t\t\t\t<img loading=\"lazy\" decoding=\"async\" width=\"3000\" height=\"4000\" src=\"https:\/\/i0.wp.com\/escolagrancapita.wpcomstaging.com\/wp-content\/uploads\/2026\/02\/PXL_20260205_152608288.jpg?fit=3000%2C4000&amp;ssl=1\" class=\"attachment-full size-full\" alt=\"\" srcset=\"https:\/\/i0.wp.com\/escolagrancapita.wpcomstaging.com\/wp-content\/uploads\/2026\/02\/PXL_20260205_152608288.jpg?w=3000&amp;ssl=1 3000w, https:\/\/i0.wp.com\/escolagrancapita.wpcomstaging.com\/wp-content\/uploads\/2026\/02\/PXL_20260205_152608288.jpg?resize=225%2C300&amp;ssl=1 225w, https:\/\/i0.wp.com\/escolagrancapita.wpcomstaging.com\/wp-content\/uploads\/2026\/02\/PXL_20260205_152608288.jpg?resize=768%2C1024&amp;ssl=1 768w, https:\/\/i0.wp.com\/escolagrancapita.wpcomstaging.com\/wp-content\/uploads\/2026\/02\/PXL_20260205_152608288.jpg?resize=1152%2C1536&amp;ssl=1 1152w, https:\/\/i0.wp.com\/escolagrancapita.wpcomstaging.com\/wp-content\/uploads\/2026\/02\/PXL_20260205_152608288.jpg?resize=1536%2C2048&amp;ssl=1 1536w, https:\/\/i0.wp.com\/escolagrancapita.wpcomstaging.com\/wp-content\/uploads\/2026\/02\/PXL_20260205_152608288.jpg?w=2250&amp;ssl=1 2250w\" sizes=\"auto, (max-width: 750px) 100vw, 750px\" \/>\n\t\t\t<\/div><\/figure><figure class='gallery-item'>\n\t\t\t<div class='gallery-icon portrait'>\n\t\t\t\t<img loading=\"lazy\" decoding=\"async\" width=\"3000\" height=\"4000\" src=\"https:\/\/i0.wp.com\/escolagrancapita.wpcomstaging.com\/wp-content\/uploads\/2026\/02\/PXL_20260205_152620827.jpg?fit=3000%2C4000&amp;ssl=1\" class=\"attachment-full size-full\" alt=\"\" srcset=\"https:\/\/i0.wp.com\/escolagrancapita.wpcomstaging.com\/wp-content\/uploads\/2026\/02\/PXL_20260205_152620827.jpg?w=3000&amp;ssl=1 3000w, https:\/\/i0.wp.com\/escolagrancapita.wpcomstaging.com\/wp-content\/uploads\/2026\/02\/PXL_20260205_152620827.jpg?resize=225%2C300&amp;ssl=1 225w, https:\/\/i0.wp.com\/escolagrancapita.wpcomstaging.com\/wp-content\/uploads\/2026\/02\/PXL_20260205_152620827.jpg?resize=768%2C1024&amp;ssl=1 768w, https:\/\/i0.wp.com\/escolagrancapita.wpcomstaging.com\/wp-content\/uploads\/2026\/02\/PXL_20260205_152620827.jpg?resize=1152%2C1536&amp;ssl=1 1152w, https:\/\/i0.wp.com\/escolagrancapita.wpcomstaging.com\/wp-content\/uploads\/2026\/02\/PXL_20260205_152620827.jpg?resize=1536%2C2048&amp;ssl=1 1536w, https:\/\/i0.wp.com\/escolagrancapita.wpcomstaging.com\/wp-content\/uploads\/2026\/02\/PXL_20260205_152620827.jpg?w=2250&amp;ssl=1 2250w\" sizes=\"auto, (max-width: 750px) 100vw, 750px\" \/>\n\t\t\t<\/div><\/figure><figure class='gallery-item'>\n\t\t\t<div class='gallery-icon portrait'>\n\t\t\t\t<img loading=\"lazy\" decoding=\"async\" width=\"3000\" height=\"4000\" src=\"https:\/\/i0.wp.com\/escolagrancapita.wpcomstaging.com\/wp-content\/uploads\/2026\/02\/PXL_20260205_152625022.jpg?fit=3000%2C4000&amp;ssl=1\" class=\"attachment-full size-full\" alt=\"\" srcset=\"https:\/\/i0.wp.com\/escolagrancapita.wpcomstaging.com\/wp-content\/uploads\/2026\/02\/PXL_20260205_152625022.jpg?w=3000&amp;ssl=1 3000w, https:\/\/i0.wp.com\/escolagrancapita.wpcomstaging.com\/wp-content\/uploads\/2026\/02\/PXL_20260205_152625022.jpg?resize=225%2C300&amp;ssl=1 225w, https:\/\/i0.wp.com\/escolagrancapita.wpcomstaging.com\/wp-content\/uploads\/2026\/02\/PXL_20260205_152625022.jpg?resize=768%2C1024&amp;ssl=1 768w, https:\/\/i0.wp.com\/escolagrancapita.wpcomstaging.com\/wp-content\/uploads\/2026\/02\/PXL_20260205_152625022.jpg?resize=1152%2C1536&amp;ssl=1 1152w, https:\/\/i0.wp.com\/escolagrancapita.wpcomstaging.com\/wp-content\/uploads\/2026\/02\/PXL_20260205_152625022.jpg?resize=1536%2C2048&amp;ssl=1 1536w, https:\/\/i0.wp.com\/escolagrancapita.wpcomstaging.com\/wp-content\/uploads\/2026\/02\/PXL_20260205_152625022.jpg?w=2250&amp;ssl=1 2250w\" sizes=\"auto, (max-width: 750px) 100vw, 750px\" \/>\n\t\t\t<\/div><\/figure><figure class='gallery-item'>\n\t\t\t<div class='gallery-icon portrait'>\n\t\t\t\t<img loading=\"lazy\" decoding=\"async\" width=\"3000\" height=\"4000\" src=\"https:\/\/i0.wp.com\/escolagrancapita.wpcomstaging.com\/wp-content\/uploads\/2026\/02\/PXL_20260205_152627083.jpg?fit=3000%2C4000&amp;ssl=1\" class=\"attachment-full size-full\" alt=\"\" srcset=\"https:\/\/i0.wp.com\/escolagrancapita.wpcomstaging.com\/wp-content\/uploads\/2026\/02\/PXL_20260205_152627083.jpg?w=3000&amp;ssl=1 3000w, https:\/\/i0.wp.com\/escolagrancapita.wpcomstaging.com\/wp-content\/uploads\/2026\/02\/PXL_20260205_152627083.jpg?resize=225%2C300&amp;ssl=1 225w, https:\/\/i0.wp.com\/escolagrancapita.wpcomstaging.com\/wp-content\/uploads\/2026\/02\/PXL_20260205_152627083.jpg?resize=768%2C1024&amp;ssl=1 768w, https:\/\/i0.wp.com\/escolagrancapita.wpcomstaging.com\/wp-content\/uploads\/2026\/02\/PXL_20260205_152627083.jpg?resize=1152%2C1536&amp;ssl=1 1152w, https:\/\/i0.wp.com\/escolagrancapita.wpcomstaging.com\/wp-content\/uploads\/2026\/02\/PXL_20260205_152627083.jpg?resize=1536%2C2048&amp;ssl=1 1536w, https:\/\/i0.wp.com\/escolagrancapita.wpcomstaging.com\/wp-content\/uploads\/2026\/02\/PXL_20260205_152627083.jpg?w=2250&amp;ssl=1 2250w\" sizes=\"auto, (max-width: 750px) 100vw, 750px\" \/>\n\t\t\t<\/div><\/figure><figure class='gallery-item'>\n\t\t\t<div class='gallery-icon portrait'>\n\t\t\t\t<img loading=\"lazy\" decoding=\"async\" width=\"3000\" height=\"4000\" src=\"https:\/\/i0.wp.com\/escolagrancapita.wpcomstaging.com\/wp-content\/uploads\/2026\/02\/PXL_20260205_152654169.jpg?fit=3000%2C4000&amp;ssl=1\" class=\"attachment-full size-full\" alt=\"\" srcset=\"https:\/\/i0.wp.com\/escolagrancapita.wpcomstaging.com\/wp-content\/uploads\/2026\/02\/PXL_20260205_152654169.jpg?w=3000&amp;ssl=1 3000w, https:\/\/i0.wp.com\/escolagrancapita.wpcomstaging.com\/wp-content\/uploads\/2026\/02\/PXL_20260205_152654169.jpg?resize=225%2C300&amp;ssl=1 225w, https:\/\/i0.wp.com\/escolagrancapita.wpcomstaging.com\/wp-content\/uploads\/2026\/02\/PXL_20260205_152654169.jpg?resize=768%2C1024&amp;ssl=1 768w, https:\/\/i0.wp.com\/escolagrancapita.wpcomstaging.com\/wp-content\/uploads\/2026\/02\/PXL_20260205_152654169.jpg?resize=1152%2C1536&amp;ssl=1 1152w, https:\/\/i0.wp.com\/escolagrancapita.wpcomstaging.com\/wp-content\/uploads\/2026\/02\/PXL_20260205_152654169.jpg?resize=1536%2C2048&amp;ssl=1 1536w, https:\/\/i0.wp.com\/escolagrancapita.wpcomstaging.com\/wp-content\/uploads\/2026\/02\/PXL_20260205_152654169.jpg?w=2250&amp;ssl=1 2250w\" sizes=\"auto, (max-width: 750px) 100vw, 750px\" \/>\n\t\t\t<\/div><\/figure><figure class='gallery-item'>\n\t\t\t<div class='gallery-icon portrait'>\n\t\t\t\t<img loading=\"lazy\" decoding=\"async\" width=\"3000\" height=\"4000\" src=\"https:\/\/i0.wp.com\/escolagrancapita.wpcomstaging.com\/wp-content\/uploads\/2026\/02\/PXL_20260205_152702760.jpg?fit=3000%2C4000&amp;ssl=1\" class=\"attachment-full size-full\" alt=\"\" srcset=\"https:\/\/i0.wp.com\/escolagrancapita.wpcomstaging.com\/wp-content\/uploads\/2026\/02\/PXL_20260205_152702760.jpg?w=3000&amp;ssl=1 3000w, https:\/\/i0.wp.com\/escolagrancapita.wpcomstaging.com\/wp-content\/uploads\/2026\/02\/PXL_20260205_152702760.jpg?resize=225%2C300&amp;ssl=1 225w, https:\/\/i0.wp.com\/escolagrancapita.wpcomstaging.com\/wp-content\/uploads\/2026\/02\/PXL_20260205_152702760.jpg?resize=768%2C1024&amp;ssl=1 768w, https:\/\/i0.wp.com\/escolagrancapita.wpcomstaging.com\/wp-content\/uploads\/2026\/02\/PXL_20260205_152702760.jpg?resize=1152%2C1536&amp;ssl=1 1152w, https:\/\/i0.wp.com\/escolagrancapita.wpcomstaging.com\/wp-content\/uploads\/2026\/02\/PXL_20260205_152702760.jpg?resize=1536%2C2048&amp;ssl=1 1536w, https:\/\/i0.wp.com\/escolagrancapita.wpcomstaging.com\/wp-content\/uploads\/2026\/02\/PXL_20260205_152702760.jpg?w=2250&amp;ssl=1 2250w\" sizes=\"auto, (max-width: 750px) 100vw, 750px\" \/>\n\t\t\t<\/div><\/figure>\n\t\t<\/div>\n\n<p style=\"text-align: justify;\" data-start=\"1797\" data-end=\"2002\" data-is-last-node=\"\">Aquesta experi\u00e8ncia ha integrat programaci\u00f3, tecnologia, creativitat i treball cooperatiu, demostrant que l\u2019aprenentatge competencial pot desenvolupar-se a trav\u00e9s de propostes motivadores i significatives.<\/p>\n","protected":false},"excerpt":{"rendered":"<p>Durant el primer trimestre, 4t d\u2019ESO ha desenvolupat un projecte tecnol\u00f2gic i creatiu basat en la construcci\u00f3 i programaci\u00f3 d\u2019una taula de DJ amb el kit LEGO Mindstorms Education EV3 i el seu programari. L\u2019activitat s\u2019ha iniciat amb una introducci\u00f3<\/p>\n","protected":false},"author":1,"featured_media":0,"parent":0,"menu_order":0,"comment_status":"closed","ping_status":"closed","template":"","meta":{"_crdt_document":"","footnotes":""},"categories":[],"tags":[151,43,111],"class_list":["post-27982","page","type-page","status-publish","hentry","tag-curs-2025-26","tag-ed-secundaria","tag-steam"],"jetpack_sharing_enabled":true,"_links":{"self":[{"href":"https:\/\/escolagrancapita.wpcomstaging.com\/index.php?rest_route=\/wp\/v2\/pages\/27982","targetHints":{"allow":["GET"]}}],"collection":[{"href":"https:\/\/escolagrancapita.wpcomstaging.com\/index.php?rest_route=\/wp\/v2\/pages"}],"about":[{"href":"https:\/\/escolagrancapita.wpcomstaging.com\/index.php?rest_route=\/wp\/v2\/types\/page"}],"author":[{"embeddable":true,"href":"https:\/\/escolagrancapita.wpcomstaging.com\/index.php?rest_route=\/wp\/v2\/users\/1"}],"replies":[{"embeddable":true,"href":"https:\/\/escolagrancapita.wpcomstaging.com\/index.php?rest_route=%2Fwp%2Fv2%2Fcomments&post=27982"}],"version-history":[{"count":3,"href":"https:\/\/escolagrancapita.wpcomstaging.com\/index.php?rest_route=\/wp\/v2\/pages\/27982\/revisions"}],"predecessor-version":[{"id":27995,"href":"https:\/\/escolagrancapita.wpcomstaging.com\/index.php?rest_route=\/wp\/v2\/pages\/27982\/revisions\/27995"}],"wp:attachment":[{"href":"https:\/\/escolagrancapita.wpcomstaging.com\/index.php?rest_route=%2Fwp%2Fv2%2Fmedia&parent=27982"}],"wp:term":[{"taxonomy":"category","embeddable":true,"href":"https:\/\/escolagrancapita.wpcomstaging.com\/index.php?rest_route=%2Fwp%2Fv2%2Fcategories&post=27982"},{"taxonomy":"post_tag","embeddable":true,"href":"https:\/\/escolagrancapita.wpcomstaging.com\/index.php?rest_route=%2Fwp%2Fv2%2Ftags&post=27982"}],"curies":[{"name":"wp","href":"https:\/\/api.w.org\/{rel}","templated":true}]}}