{"id":28185,"date":"2026-03-22T10:15:51","date_gmt":"2026-03-22T10:15:51","guid":{"rendered":"https:\/\/escolagrancapita.wpcomstaging.com\/?page_id=28185"},"modified":"2026-03-22T10:15:51","modified_gmt":"2026-03-22T10:15:51","slug":"mes-que-un-conte","status":"publish","type":"page","link":"https:\/\/escolagrancapita.wpcomstaging.com\/?page_id=28185","title":{"rendered":"M\u00e9s que un conte"},"content":{"rendered":"<p style=\"text-align: justify;\">Al mar\u00e7, Cicle Superior va canviar les aules per les butaques per gaudir d\u2019una <strong>adaptaci\u00f3 teatral en llengua anglesa<\/strong> del cl\u00e0ssic <strong><em>La Bella i la B\u00e8stia<\/em><\/strong>.<\/p>\n<p style=\"text-align: justify;\">La jornada es va convertir en una aut\u00e8ntica experi\u00e8ncia d\u2019immersi\u00f3 ling\u00fc\u00edstica i cultural en qu\u00e8, m\u00e9s enll\u00e0 dels llibres de text, es va poder posar a prova la comprensi\u00f3 auditiva en un context real i significatiu. Gr\u00e0cies a un gui\u00f3 adaptat, amb un vocabulari adequat i una pronunciaci\u00f3 clara, l\u2019alumnat va seguir el fil narratiu amb facilitat, evidenciant que el teatre \u00e9s una eina pedag\u00f2gica molt efica\u00e7 per a l\u2019aprenentatge actiu d\u2019una llengua estrangera.<\/p>\n<div id='gallery-1' class='gallery galleryid-28185 gallery-columns-1 gallery-size-full'><figure class='gallery-item'>\n\t\t\t<div class='gallery-icon portrait'>\n\t\t\t\t<img loading=\"lazy\" decoding=\"async\" width=\"1500\" height=\"1567\" src=\"https:\/\/i0.wp.com\/escolagrancapita.wpcomstaging.com\/wp-content\/uploads\/2026\/03\/WhatsApp-Image-2026-03-10-at-15.28.11-REBECA-VANESSA-VILLAMAYOR-CASTANEDA-e1774174501351.jpeg?fit=1500%2C1567&amp;ssl=1\" class=\"attachment-full size-full\" alt=\"\" srcset=\"https:\/\/i0.wp.com\/escolagrancapita.wpcomstaging.com\/wp-content\/uploads\/2026\/03\/WhatsApp-Image-2026-03-10-at-15.28.11-REBECA-VANESSA-VILLAMAYOR-CASTANEDA-e1774174501351.jpeg?w=1500&amp;ssl=1 1500w, https:\/\/i0.wp.com\/escolagrancapita.wpcomstaging.com\/wp-content\/uploads\/2026\/03\/WhatsApp-Image-2026-03-10-at-15.28.11-REBECA-VANESSA-VILLAMAYOR-CASTANEDA-e1774174501351.jpeg?resize=287%2C300&amp;ssl=1 287w, https:\/\/i0.wp.com\/escolagrancapita.wpcomstaging.com\/wp-content\/uploads\/2026\/03\/WhatsApp-Image-2026-03-10-at-15.28.11-REBECA-VANESSA-VILLAMAYOR-CASTANEDA-e1774174501351.jpeg?resize=980%2C1024&amp;ssl=1 980w, https:\/\/i0.wp.com\/escolagrancapita.wpcomstaging.com\/wp-content\/uploads\/2026\/03\/WhatsApp-Image-2026-03-10-at-15.28.11-REBECA-VANESSA-VILLAMAYOR-CASTANEDA-e1774174501351.jpeg?resize=768%2C802&amp;ssl=1 768w, https:\/\/i0.wp.com\/escolagrancapita.wpcomstaging.com\/wp-content\/uploads\/2026\/03\/WhatsApp-Image-2026-03-10-at-15.28.11-REBECA-VANESSA-VILLAMAYOR-CASTANEDA-e1774174501351.jpeg?resize=1470%2C1536&amp;ssl=1 1470w\" sizes=\"auto, (max-width: 750px) 100vw, 750px\" \/>\n\t\t\t<\/div><\/figure>\n\t\t<\/div>\n\n<p style=\"text-align: justify;\">L\u2019espectacle va anar m\u00e9s enll\u00e0 de la simple observaci\u00f3, ja que el repartiment va implicar el p\u00fablic en el desenvolupament de la hist\u00f2ria. Mitjan\u00e7ant can\u00e7ons participatives i di\u00e0legs directes, es va afavorir que l\u2019alumnat intervingu\u00e9s en angl\u00e8s amb naturalitat, fet que va contribuir a refor\u00e7ar la confian\u00e7a i les habilitats comunicatives.<\/p>\n<div id='gallery-2' class='gallery galleryid-28185 gallery-columns-1 gallery-size-full'><figure class='gallery-item'>\n\t\t\t<div class='gallery-icon landscape'>\n\t\t\t\t<img loading=\"lazy\" decoding=\"async\" width=\"2000\" height=\"807\" src=\"https:\/\/i0.wp.com\/escolagrancapita.wpcomstaging.com\/wp-content\/uploads\/2026\/03\/WhatsApp-Image-2026-03-10-at-15.28.11-1-REBECA-VANESSA-VILLAMAYOR-CASTANEDA-e1774174473668.jpeg?fit=2000%2C807&amp;ssl=1\" class=\"attachment-full size-full\" alt=\"\" srcset=\"https:\/\/i0.wp.com\/escolagrancapita.wpcomstaging.com\/wp-content\/uploads\/2026\/03\/WhatsApp-Image-2026-03-10-at-15.28.11-1-REBECA-VANESSA-VILLAMAYOR-CASTANEDA-e1774174473668.jpeg?w=2000&amp;ssl=1 2000w, https:\/\/i0.wp.com\/escolagrancapita.wpcomstaging.com\/wp-content\/uploads\/2026\/03\/WhatsApp-Image-2026-03-10-at-15.28.11-1-REBECA-VANESSA-VILLAMAYOR-CASTANEDA-e1774174473668.jpeg?resize=300%2C121&amp;ssl=1 300w, https:\/\/i0.wp.com\/escolagrancapita.wpcomstaging.com\/wp-content\/uploads\/2026\/03\/WhatsApp-Image-2026-03-10-at-15.28.11-1-REBECA-VANESSA-VILLAMAYOR-CASTANEDA-e1774174473668.jpeg?resize=1024%2C413&amp;ssl=1 1024w, https:\/\/i0.wp.com\/escolagrancapita.wpcomstaging.com\/wp-content\/uploads\/2026\/03\/WhatsApp-Image-2026-03-10-at-15.28.11-1-REBECA-VANESSA-VILLAMAYOR-CASTANEDA-e1774174473668.jpeg?resize=768%2C310&amp;ssl=1 768w, https:\/\/i0.wp.com\/escolagrancapita.wpcomstaging.com\/wp-content\/uploads\/2026\/03\/WhatsApp-Image-2026-03-10-at-15.28.11-1-REBECA-VANESSA-VILLAMAYOR-CASTANEDA-e1774174473668.jpeg?resize=1536%2C620&amp;ssl=1 1536w\" sizes=\"auto, (max-width: 750px) 100vw, 750px\" \/>\n\t\t\t<\/div><\/figure><figure class='gallery-item'>\n\t\t\t<div class='gallery-icon landscape'>\n\t\t\t\t<img loading=\"lazy\" decoding=\"async\" width=\"1330\" height=\"773\" src=\"https:\/\/i0.wp.com\/escolagrancapita.wpcomstaging.com\/wp-content\/uploads\/2026\/03\/WhatsApp-Image-2026-03-10-at-15.28.11-2-REBECA-VANESSA-VILLAMAYOR-CASTANEDA-e1774174444738.jpeg?fit=1330%2C773&amp;ssl=1\" class=\"attachment-full size-full\" alt=\"\" srcset=\"https:\/\/i0.wp.com\/escolagrancapita.wpcomstaging.com\/wp-content\/uploads\/2026\/03\/WhatsApp-Image-2026-03-10-at-15.28.11-2-REBECA-VANESSA-VILLAMAYOR-CASTANEDA-e1774174444738.jpeg?w=1330&amp;ssl=1 1330w, https:\/\/i0.wp.com\/escolagrancapita.wpcomstaging.com\/wp-content\/uploads\/2026\/03\/WhatsApp-Image-2026-03-10-at-15.28.11-2-REBECA-VANESSA-VILLAMAYOR-CASTANEDA-e1774174444738.jpeg?resize=300%2C174&amp;ssl=1 300w, https:\/\/i0.wp.com\/escolagrancapita.wpcomstaging.com\/wp-content\/uploads\/2026\/03\/WhatsApp-Image-2026-03-10-at-15.28.11-2-REBECA-VANESSA-VILLAMAYOR-CASTANEDA-e1774174444738.jpeg?resize=1024%2C595&amp;ssl=1 1024w, https:\/\/i0.wp.com\/escolagrancapita.wpcomstaging.com\/wp-content\/uploads\/2026\/03\/WhatsApp-Image-2026-03-10-at-15.28.11-2-REBECA-VANESSA-VILLAMAYOR-CASTANEDA-e1774174444738.jpeg?resize=768%2C446&amp;ssl=1 768w\" sizes=\"auto, (max-width: 750px) 100vw, 750px\" \/>\n\t\t\t<\/div><\/figure>\n\t\t<\/div>\n\n<p style=\"text-align: justify;\">La sortida va finalitzar amb una valoraci\u00f3 molt positiva per part del professorat, que destaca <strong>la import\u00e0ncia de treure l\u2019aprenentatge de l\u2019idioma fora de l\u2019aula i convertir-lo en una experi\u00e8ncia vivencial i motivadora<\/strong>. Propostes com aquesta reforcen el comprom\u00eds del centre amb una educaci\u00f3 pluriling\u00fce que prioritza la comunicaci\u00f3 oral, la participaci\u00f3 activa i el gaudi de les arts esc\u00e8niques com a motors d\u2019aprenentatge.<\/p>\n","protected":false},"excerpt":{"rendered":"<p>Al mar\u00e7, Cicle Superior va canviar les aules per les butaques per gaudir d\u2019una adaptaci\u00f3 teatral en llengua anglesa del cl\u00e0ssic La Bella i la B\u00e8stia. La jornada es va convertir en una aut\u00e8ntica experi\u00e8ncia d\u2019immersi\u00f3 ling\u00fc\u00edstica i cultural en<\/p>\n","protected":false},"author":1,"featured_media":0,"parent":0,"menu_order":0,"comment_status":"closed","ping_status":"closed","template":"","meta":{"_crdt_document":"","footnotes":""},"categories":[],"tags":[151,86,82],"class_list":["post-28185","page","type-page","status-publish","hentry","tag-curs-2025-26","tag-ed-primaria","tag-sortides"],"jetpack_sharing_enabled":true,"_links":{"self":[{"href":"https:\/\/escolagrancapita.wpcomstaging.com\/index.php?rest_route=\/wp\/v2\/pages\/28185","targetHints":{"allow":["GET"]}}],"collection":[{"href":"https:\/\/escolagrancapita.wpcomstaging.com\/index.php?rest_route=\/wp\/v2\/pages"}],"about":[{"href":"https:\/\/escolagrancapita.wpcomstaging.com\/index.php?rest_route=\/wp\/v2\/types\/page"}],"author":[{"embeddable":true,"href":"https:\/\/escolagrancapita.wpcomstaging.com\/index.php?rest_route=\/wp\/v2\/users\/1"}],"replies":[{"embeddable":true,"href":"https:\/\/escolagrancapita.wpcomstaging.com\/index.php?rest_route=%2Fwp%2Fv2%2Fcomments&post=28185"}],"version-history":[{"count":2,"href":"https:\/\/escolagrancapita.wpcomstaging.com\/index.php?rest_route=\/wp\/v2\/pages\/28185\/revisions"}],"predecessor-version":[{"id":28264,"href":"https:\/\/escolagrancapita.wpcomstaging.com\/index.php?rest_route=\/wp\/v2\/pages\/28185\/revisions\/28264"}],"wp:attachment":[{"href":"https:\/\/escolagrancapita.wpcomstaging.com\/index.php?rest_route=%2Fwp%2Fv2%2Fmedia&parent=28185"}],"wp:term":[{"taxonomy":"category","embeddable":true,"href":"https:\/\/escolagrancapita.wpcomstaging.com\/index.php?rest_route=%2Fwp%2Fv2%2Fcategories&post=28185"},{"taxonomy":"post_tag","embeddable":true,"href":"https:\/\/escolagrancapita.wpcomstaging.com\/index.php?rest_route=%2Fwp%2Fv2%2Ftags&post=28185"}],"curies":[{"name":"wp","href":"https:\/\/api.w.org\/{rel}","templated":true}]}}