{"id":28187,"date":"2026-03-22T12:06:19","date_gmt":"2026-03-22T12:06:19","guid":{"rendered":"https:\/\/escolagrancapita.wpcomstaging.com\/?page_id=28187"},"modified":"2026-03-22T12:06:19","modified_gmt":"2026-03-22T12:06:19","slug":"un-dia-molt-nevat-al-laboratori","status":"publish","type":"page","link":"https:\/\/escolagrancapita.wpcomstaging.com\/?page_id=28187","title":{"rendered":"Un dia molt \u201cnevat\u201d al laboratori!"},"content":{"rendered":"<p style=\"text-align: justify;\">I3 ha viscut una <strong>experi\u00e8ncia molt enriquidora al voltant de la neu<\/strong>, combinant joc, descoberta i iniciaci\u00f3 al pensament cient\u00edfic.<\/p>\n<p style=\"text-align: justify;\">Abans de comen\u00e7ar l\u2019activitat, a l\u2019aula es van treballar les <strong>normes b\u00e0siques del laboratori<\/strong>, amb l\u2019objectiu de con\u00e8ixer aquest espai i utilitzar-lo amb seguretat i responsabilitat. Aquesta preparaci\u00f3 pr\u00e8via ha perm\u00e8s desenvolupar actituds de respecte, curiositat i autonomia.<\/p>\n<div id='gallery-1' class='gallery galleryid-28187 gallery-columns-1 gallery-size-full'><figure class='gallery-item'>\n\t\t\t<div class='gallery-icon portrait'>\n\t\t\t\t<img loading=\"lazy\" decoding=\"async\" width=\"2628\" height=\"3212\" src=\"https:\/\/i0.wp.com\/escolagrancapita.wpcomstaging.com\/wp-content\/uploads\/2026\/03\/IMG_6848-Carol-Garcia-Martinez-rotated-e1774180932939.jpg?fit=2628%2C3212&amp;ssl=1\" class=\"attachment-full size-full\" alt=\"\" srcset=\"https:\/\/i0.wp.com\/escolagrancapita.wpcomstaging.com\/wp-content\/uploads\/2026\/03\/IMG_6848-Carol-Garcia-Martinez-rotated-e1774180932939.jpg?w=2628&amp;ssl=1 2628w, https:\/\/i0.wp.com\/escolagrancapita.wpcomstaging.com\/wp-content\/uploads\/2026\/03\/IMG_6848-Carol-Garcia-Martinez-rotated-e1774180932939.jpg?resize=245%2C300&amp;ssl=1 245w, https:\/\/i0.wp.com\/escolagrancapita.wpcomstaging.com\/wp-content\/uploads\/2026\/03\/IMG_6848-Carol-Garcia-Martinez-rotated-e1774180932939.jpg?resize=838%2C1024&amp;ssl=1 838w, https:\/\/i0.wp.com\/escolagrancapita.wpcomstaging.com\/wp-content\/uploads\/2026\/03\/IMG_6848-Carol-Garcia-Martinez-rotated-e1774180932939.jpg?resize=768%2C939&amp;ssl=1 768w, https:\/\/i0.wp.com\/escolagrancapita.wpcomstaging.com\/wp-content\/uploads\/2026\/03\/IMG_6848-Carol-Garcia-Martinez-rotated-e1774180932939.jpg?resize=1257%2C1536&amp;ssl=1 1257w, https:\/\/i0.wp.com\/escolagrancapita.wpcomstaging.com\/wp-content\/uploads\/2026\/03\/IMG_6848-Carol-Garcia-Martinez-rotated-e1774180932939.jpg?resize=1676%2C2048&amp;ssl=1 1676w, https:\/\/i0.wp.com\/escolagrancapita.wpcomstaging.com\/wp-content\/uploads\/2026\/03\/IMG_6848-Carol-Garcia-Martinez-rotated-e1774180932939.jpg?w=1500&amp;ssl=1 1500w, https:\/\/i0.wp.com\/escolagrancapita.wpcomstaging.com\/wp-content\/uploads\/2026\/03\/IMG_6848-Carol-Garcia-Martinez-rotated-e1774180932939.jpg?w=2250&amp;ssl=1 2250w\" sizes=\"auto, (max-width: 750px) 100vw, 750px\" \/>\n\t\t\t<\/div><\/figure>\n\t\t<\/div>\n\n<p style=\"text-align: justify;\">Un cop al laboratori, es van elaborar <strong>tres propostes experimentals<\/strong> amb materials senzills:<\/p>\n<ul style=\"text-align: justify;\">\n<li>Neu instant\u00e0nia (amb bicarbonat i aigua molt freda)<\/li>\n<li>Neu esponjosa (amb bicarbonat i escuma d\u2019afaitar)<\/li>\n<li>Neu expansiva (a partir de materials absorbents i aigua)<\/li>\n<\/ul>\n<div id='gallery-2' class='gallery galleryid-28187 gallery-columns-3 gallery-size-full'><figure class='gallery-item'>\n\t\t\t<div class='gallery-icon portrait'>\n\t\t\t\t<img loading=\"lazy\" decoding=\"async\" width=\"3024\" height=\"4032\" src=\"https:\/\/i0.wp.com\/escolagrancapita.wpcomstaging.com\/wp-content\/uploads\/2026\/03\/IMG_6853-Carol-Garcia-Martinez-rotated.jpg?fit=3024%2C4032&amp;ssl=1\" class=\"attachment-full size-full\" alt=\"\" srcset=\"https:\/\/i0.wp.com\/escolagrancapita.wpcomstaging.com\/wp-content\/uploads\/2026\/03\/IMG_6853-Carol-Garcia-Martinez-rotated.jpg?w=3024&amp;ssl=1 3024w, https:\/\/i0.wp.com\/escolagrancapita.wpcomstaging.com\/wp-content\/uploads\/2026\/03\/IMG_6853-Carol-Garcia-Martinez-rotated.jpg?resize=225%2C300&amp;ssl=1 225w, https:\/\/i0.wp.com\/escolagrancapita.wpcomstaging.com\/wp-content\/uploads\/2026\/03\/IMG_6853-Carol-Garcia-Martinez-rotated.jpg?resize=768%2C1024&amp;ssl=1 768w, https:\/\/i0.wp.com\/escolagrancapita.wpcomstaging.com\/wp-content\/uploads\/2026\/03\/IMG_6853-Carol-Garcia-Martinez-rotated.jpg?resize=1152%2C1536&amp;ssl=1 1152w, https:\/\/i0.wp.com\/escolagrancapita.wpcomstaging.com\/wp-content\/uploads\/2026\/03\/IMG_6853-Carol-Garcia-Martinez-rotated.jpg?resize=1536%2C2048&amp;ssl=1 1536w, https:\/\/i0.wp.com\/escolagrancapita.wpcomstaging.com\/wp-content\/uploads\/2026\/03\/IMG_6853-Carol-Garcia-Martinez-rotated.jpg?w=2250&amp;ssl=1 2250w\" sizes=\"auto, (max-width: 750px) 100vw, 750px\" \/>\n\t\t\t<\/div><\/figure><figure class='gallery-item'>\n\t\t\t<div class='gallery-icon portrait'>\n\t\t\t\t<img loading=\"lazy\" decoding=\"async\" width=\"3024\" height=\"4032\" src=\"https:\/\/i0.wp.com\/escolagrancapita.wpcomstaging.com\/wp-content\/uploads\/2026\/03\/IMG_6860-Carol-Garcia-Martinez-rotated.jpg?fit=3024%2C4032&amp;ssl=1\" class=\"attachment-full size-full\" alt=\"\" srcset=\"https:\/\/i0.wp.com\/escolagrancapita.wpcomstaging.com\/wp-content\/uploads\/2026\/03\/IMG_6860-Carol-Garcia-Martinez-rotated.jpg?w=3024&amp;ssl=1 3024w, https:\/\/i0.wp.com\/escolagrancapita.wpcomstaging.com\/wp-content\/uploads\/2026\/03\/IMG_6860-Carol-Garcia-Martinez-rotated.jpg?resize=225%2C300&amp;ssl=1 225w, https:\/\/i0.wp.com\/escolagrancapita.wpcomstaging.com\/wp-content\/uploads\/2026\/03\/IMG_6860-Carol-Garcia-Martinez-rotated.jpg?resize=768%2C1024&amp;ssl=1 768w, https:\/\/i0.wp.com\/escolagrancapita.wpcomstaging.com\/wp-content\/uploads\/2026\/03\/IMG_6860-Carol-Garcia-Martinez-rotated.jpg?resize=1152%2C1536&amp;ssl=1 1152w, https:\/\/i0.wp.com\/escolagrancapita.wpcomstaging.com\/wp-content\/uploads\/2026\/03\/IMG_6860-Carol-Garcia-Martinez-rotated.jpg?resize=1536%2C2048&amp;ssl=1 1536w, https:\/\/i0.wp.com\/escolagrancapita.wpcomstaging.com\/wp-content\/uploads\/2026\/03\/IMG_6860-Carol-Garcia-Martinez-rotated.jpg?w=2250&amp;ssl=1 2250w\" sizes=\"auto, (max-width: 750px) 100vw, 750px\" \/>\n\t\t\t<\/div><\/figure><figure class='gallery-item'>\n\t\t\t<div class='gallery-icon portrait'>\n\t\t\t\t<img loading=\"lazy\" decoding=\"async\" width=\"3024\" height=\"4032\" src=\"https:\/\/i0.wp.com\/escolagrancapita.wpcomstaging.com\/wp-content\/uploads\/2026\/03\/IMG_6861-Carol-Garcia-Martinez-rotated.jpg?fit=3024%2C4032&amp;ssl=1\" class=\"attachment-full size-full\" alt=\"\" srcset=\"https:\/\/i0.wp.com\/escolagrancapita.wpcomstaging.com\/wp-content\/uploads\/2026\/03\/IMG_6861-Carol-Garcia-Martinez-rotated.jpg?w=3024&amp;ssl=1 3024w, https:\/\/i0.wp.com\/escolagrancapita.wpcomstaging.com\/wp-content\/uploads\/2026\/03\/IMG_6861-Carol-Garcia-Martinez-rotated.jpg?resize=225%2C300&amp;ssl=1 225w, https:\/\/i0.wp.com\/escolagrancapita.wpcomstaging.com\/wp-content\/uploads\/2026\/03\/IMG_6861-Carol-Garcia-Martinez-rotated.jpg?resize=768%2C1024&amp;ssl=1 768w, https:\/\/i0.wp.com\/escolagrancapita.wpcomstaging.com\/wp-content\/uploads\/2026\/03\/IMG_6861-Carol-Garcia-Martinez-rotated.jpg?resize=1152%2C1536&amp;ssl=1 1152w, https:\/\/i0.wp.com\/escolagrancapita.wpcomstaging.com\/wp-content\/uploads\/2026\/03\/IMG_6861-Carol-Garcia-Martinez-rotated.jpg?resize=1536%2C2048&amp;ssl=1 1536w, https:\/\/i0.wp.com\/escolagrancapita.wpcomstaging.com\/wp-content\/uploads\/2026\/03\/IMG_6861-Carol-Garcia-Martinez-rotated.jpg?w=2250&amp;ssl=1 2250w\" sizes=\"auto, (max-width: 750px) 100vw, 750px\" \/>\n\t\t\t<\/div><\/figure>\n\t\t<\/div>\n\n<div id='gallery-3' class='gallery galleryid-28187 gallery-columns-2 gallery-size-full'><figure class='gallery-item'>\n\t\t\t<div class='gallery-icon landscape'>\n\t\t\t\t<img loading=\"lazy\" decoding=\"async\" width=\"4032\" height=\"3024\" src=\"https:\/\/i0.wp.com\/escolagrancapita.wpcomstaging.com\/wp-content\/uploads\/2026\/03\/IMG_6859-Carol-Garcia-Martinez.jpg?fit=4032%2C3024&amp;ssl=1\" class=\"attachment-full size-full\" alt=\"\" srcset=\"https:\/\/i0.wp.com\/escolagrancapita.wpcomstaging.com\/wp-content\/uploads\/2026\/03\/IMG_6859-Carol-Garcia-Martinez.jpg?w=4032&amp;ssl=1 4032w, https:\/\/i0.wp.com\/escolagrancapita.wpcomstaging.com\/wp-content\/uploads\/2026\/03\/IMG_6859-Carol-Garcia-Martinez.jpg?resize=300%2C225&amp;ssl=1 300w, https:\/\/i0.wp.com\/escolagrancapita.wpcomstaging.com\/wp-content\/uploads\/2026\/03\/IMG_6859-Carol-Garcia-Martinez.jpg?resize=1024%2C768&amp;ssl=1 1024w, https:\/\/i0.wp.com\/escolagrancapita.wpcomstaging.com\/wp-content\/uploads\/2026\/03\/IMG_6859-Carol-Garcia-Martinez.jpg?resize=768%2C576&amp;ssl=1 768w, https:\/\/i0.wp.com\/escolagrancapita.wpcomstaging.com\/wp-content\/uploads\/2026\/03\/IMG_6859-Carol-Garcia-Martinez.jpg?resize=1536%2C1152&amp;ssl=1 1536w, https:\/\/i0.wp.com\/escolagrancapita.wpcomstaging.com\/wp-content\/uploads\/2026\/03\/IMG_6859-Carol-Garcia-Martinez.jpg?resize=2048%2C1536&amp;ssl=1 2048w, https:\/\/i0.wp.com\/escolagrancapita.wpcomstaging.com\/wp-content\/uploads\/2026\/03\/IMG_6859-Carol-Garcia-Martinez.jpg?w=2250&amp;ssl=1 2250w\" sizes=\"auto, (max-width: 750px) 100vw, 750px\" \/>\n\t\t\t<\/div><\/figure><figure class='gallery-item'>\n\t\t\t<div class='gallery-icon landscape'>\n\t\t\t\t<img loading=\"lazy\" decoding=\"async\" width=\"4032\" height=\"3024\" src=\"https:\/\/i0.wp.com\/escolagrancapita.wpcomstaging.com\/wp-content\/uploads\/2026\/03\/IMG_6865-Carol-Garcia-Martinez.jpg?fit=4032%2C3024&amp;ssl=1\" class=\"attachment-full size-full\" alt=\"\" srcset=\"https:\/\/i0.wp.com\/escolagrancapita.wpcomstaging.com\/wp-content\/uploads\/2026\/03\/IMG_6865-Carol-Garcia-Martinez.jpg?w=4032&amp;ssl=1 4032w, https:\/\/i0.wp.com\/escolagrancapita.wpcomstaging.com\/wp-content\/uploads\/2026\/03\/IMG_6865-Carol-Garcia-Martinez.jpg?resize=300%2C225&amp;ssl=1 300w, https:\/\/i0.wp.com\/escolagrancapita.wpcomstaging.com\/wp-content\/uploads\/2026\/03\/IMG_6865-Carol-Garcia-Martinez.jpg?resize=1024%2C768&amp;ssl=1 1024w, https:\/\/i0.wp.com\/escolagrancapita.wpcomstaging.com\/wp-content\/uploads\/2026\/03\/IMG_6865-Carol-Garcia-Martinez.jpg?resize=768%2C576&amp;ssl=1 768w, https:\/\/i0.wp.com\/escolagrancapita.wpcomstaging.com\/wp-content\/uploads\/2026\/03\/IMG_6865-Carol-Garcia-Martinez.jpg?resize=1536%2C1152&amp;ssl=1 1536w, https:\/\/i0.wp.com\/escolagrancapita.wpcomstaging.com\/wp-content\/uploads\/2026\/03\/IMG_6865-Carol-Garcia-Martinez.jpg?resize=2048%2C1536&amp;ssl=1 2048w, https:\/\/i0.wp.com\/escolagrancapita.wpcomstaging.com\/wp-content\/uploads\/2026\/03\/IMG_6865-Carol-Garcia-Martinez.jpg?w=2250&amp;ssl=1 2250w\" sizes=\"auto, (max-width: 750px) 100vw, 750px\" \/>\n\t\t\t<\/div><\/figure>\n\t\t<\/div>\n\n<p style=\"text-align: justify;\">Posteriorment, a l\u2019aula, es va experimentar lliurement amb aquestes textures, observant-ne les propietats i manipulant-les amb les mans. Aquesta fase ha afavorit l\u2019exploraci\u00f3 sensorial i la formulaci\u00f3 de primeres hip\u00f2tesis, com ara comprovar que la superf\u00edcie esdev\u00e9 relliscosa en trepitjar-la.<\/p>\n<p style=\"text-align: justify;\">La sessi\u00f3 es va completar amb una <strong>petita observaci\u00f3 cient\u00edfica sobre la formaci\u00f3 dels flocs de neu<\/strong>, utilitzant materials que han perm\u00e8s visualitzar-ne l\u2019estructura de manera senzilla i entenedora.<\/p>\n<div id='gallery-4' class='gallery galleryid-28187 gallery-columns-1 gallery-size-full'><figure class='gallery-item'>\n\t\t\t<div class='gallery-icon landscape'>\n\t\t\t\t<img loading=\"lazy\" decoding=\"async\" width=\"4032\" height=\"3024\" src=\"https:\/\/i0.wp.com\/escolagrancapita.wpcomstaging.com\/wp-content\/uploads\/2026\/03\/IMG_7125-Carol-Garcia-Martinez.jpg?fit=4032%2C3024&amp;ssl=1\" class=\"attachment-full size-full\" alt=\"\" srcset=\"https:\/\/i0.wp.com\/escolagrancapita.wpcomstaging.com\/wp-content\/uploads\/2026\/03\/IMG_7125-Carol-Garcia-Martinez.jpg?w=4032&amp;ssl=1 4032w, https:\/\/i0.wp.com\/escolagrancapita.wpcomstaging.com\/wp-content\/uploads\/2026\/03\/IMG_7125-Carol-Garcia-Martinez.jpg?resize=300%2C225&amp;ssl=1 300w, https:\/\/i0.wp.com\/escolagrancapita.wpcomstaging.com\/wp-content\/uploads\/2026\/03\/IMG_7125-Carol-Garcia-Martinez.jpg?resize=1024%2C768&amp;ssl=1 1024w, https:\/\/i0.wp.com\/escolagrancapita.wpcomstaging.com\/wp-content\/uploads\/2026\/03\/IMG_7125-Carol-Garcia-Martinez.jpg?resize=768%2C576&amp;ssl=1 768w, https:\/\/i0.wp.com\/escolagrancapita.wpcomstaging.com\/wp-content\/uploads\/2026\/03\/IMG_7125-Carol-Garcia-Martinez.jpg?resize=1536%2C1152&amp;ssl=1 1536w, https:\/\/i0.wp.com\/escolagrancapita.wpcomstaging.com\/wp-content\/uploads\/2026\/03\/IMG_7125-Carol-Garcia-Martinez.jpg?resize=2048%2C1536&amp;ssl=1 2048w, https:\/\/i0.wp.com\/escolagrancapita.wpcomstaging.com\/wp-content\/uploads\/2026\/03\/IMG_7125-Carol-Garcia-Martinez.jpg?w=2250&amp;ssl=1 2250w\" sizes=\"auto, (max-width: 750px) 100vw, 750px\" \/>\n\t\t\t<\/div><\/figure>\n\t\t<\/div>\n\n<div id='gallery-5' class='gallery galleryid-28187 gallery-columns-2 gallery-size-full'><figure class='gallery-item'>\n\t\t\t<div class='gallery-icon portrait'>\n\t\t\t\t<img loading=\"lazy\" decoding=\"async\" width=\"3024\" height=\"4032\" src=\"https:\/\/i0.wp.com\/escolagrancapita.wpcomstaging.com\/wp-content\/uploads\/2026\/03\/IMG_7130-Carol-Garcia-Martinez-rotated.jpg?fit=3024%2C4032&amp;ssl=1\" class=\"attachment-full size-full\" alt=\"\" srcset=\"https:\/\/i0.wp.com\/escolagrancapita.wpcomstaging.com\/wp-content\/uploads\/2026\/03\/IMG_7130-Carol-Garcia-Martinez-rotated.jpg?w=3024&amp;ssl=1 3024w, https:\/\/i0.wp.com\/escolagrancapita.wpcomstaging.com\/wp-content\/uploads\/2026\/03\/IMG_7130-Carol-Garcia-Martinez-rotated.jpg?resize=225%2C300&amp;ssl=1 225w, https:\/\/i0.wp.com\/escolagrancapita.wpcomstaging.com\/wp-content\/uploads\/2026\/03\/IMG_7130-Carol-Garcia-Martinez-rotated.jpg?resize=768%2C1024&amp;ssl=1 768w, https:\/\/i0.wp.com\/escolagrancapita.wpcomstaging.com\/wp-content\/uploads\/2026\/03\/IMG_7130-Carol-Garcia-Martinez-rotated.jpg?resize=1152%2C1536&amp;ssl=1 1152w, https:\/\/i0.wp.com\/escolagrancapita.wpcomstaging.com\/wp-content\/uploads\/2026\/03\/IMG_7130-Carol-Garcia-Martinez-rotated.jpg?resize=1536%2C2048&amp;ssl=1 1536w, https:\/\/i0.wp.com\/escolagrancapita.wpcomstaging.com\/wp-content\/uploads\/2026\/03\/IMG_7130-Carol-Garcia-Martinez-rotated.jpg?w=2250&amp;ssl=1 2250w\" sizes=\"auto, (max-width: 750px) 100vw, 750px\" \/>\n\t\t\t<\/div><\/figure><figure class='gallery-item'>\n\t\t\t<div class='gallery-icon portrait'>\n\t\t\t\t<img loading=\"lazy\" decoding=\"async\" width=\"3024\" height=\"4032\" src=\"https:\/\/i0.wp.com\/escolagrancapita.wpcomstaging.com\/wp-content\/uploads\/2026\/03\/IMG_7132-Carol-Garcia-Martinez-rotated.jpg?fit=3024%2C4032&amp;ssl=1\" class=\"attachment-full size-full\" alt=\"\" srcset=\"https:\/\/i0.wp.com\/escolagrancapita.wpcomstaging.com\/wp-content\/uploads\/2026\/03\/IMG_7132-Carol-Garcia-Martinez-rotated.jpg?w=3024&amp;ssl=1 3024w, https:\/\/i0.wp.com\/escolagrancapita.wpcomstaging.com\/wp-content\/uploads\/2026\/03\/IMG_7132-Carol-Garcia-Martinez-rotated.jpg?resize=225%2C300&amp;ssl=1 225w, https:\/\/i0.wp.com\/escolagrancapita.wpcomstaging.com\/wp-content\/uploads\/2026\/03\/IMG_7132-Carol-Garcia-Martinez-rotated.jpg?resize=768%2C1024&amp;ssl=1 768w, https:\/\/i0.wp.com\/escolagrancapita.wpcomstaging.com\/wp-content\/uploads\/2026\/03\/IMG_7132-Carol-Garcia-Martinez-rotated.jpg?resize=1152%2C1536&amp;ssl=1 1152w, https:\/\/i0.wp.com\/escolagrancapita.wpcomstaging.com\/wp-content\/uploads\/2026\/03\/IMG_7132-Carol-Garcia-Martinez-rotated.jpg?resize=1536%2C2048&amp;ssl=1 1536w, https:\/\/i0.wp.com\/escolagrancapita.wpcomstaging.com\/wp-content\/uploads\/2026\/03\/IMG_7132-Carol-Garcia-Martinez-rotated.jpg?w=2250&amp;ssl=1 2250w\" sizes=\"auto, (max-width: 750px) 100vw, 750px\" \/>\n\t\t\t<\/div><\/figure>\n\t\t<\/div>\n\n<div id='gallery-6' class='gallery galleryid-28187 gallery-columns-2 gallery-size-full'><figure class='gallery-item'>\n\t\t\t<div class='gallery-icon portrait'>\n\t\t\t\t<img loading=\"lazy\" decoding=\"async\" width=\"1536\" height=\"1736\" src=\"https:\/\/i0.wp.com\/escolagrancapita.wpcomstaging.com\/wp-content\/uploads\/2026\/03\/cde4f6ac-cbe6-4268-829c-22b817ceeb5c-Carol-Garcia-Martinez.jpg?fit=1536%2C1736&amp;ssl=1\" class=\"attachment-full size-full\" alt=\"\" srcset=\"https:\/\/i0.wp.com\/escolagrancapita.wpcomstaging.com\/wp-content\/uploads\/2026\/03\/cde4f6ac-cbe6-4268-829c-22b817ceeb5c-Carol-Garcia-Martinez.jpg?w=1536&amp;ssl=1 1536w, https:\/\/i0.wp.com\/escolagrancapita.wpcomstaging.com\/wp-content\/uploads\/2026\/03\/cde4f6ac-cbe6-4268-829c-22b817ceeb5c-Carol-Garcia-Martinez.jpg?resize=265%2C300&amp;ssl=1 265w, https:\/\/i0.wp.com\/escolagrancapita.wpcomstaging.com\/wp-content\/uploads\/2026\/03\/cde4f6ac-cbe6-4268-829c-22b817ceeb5c-Carol-Garcia-Martinez.jpg?resize=906%2C1024&amp;ssl=1 906w, https:\/\/i0.wp.com\/escolagrancapita.wpcomstaging.com\/wp-content\/uploads\/2026\/03\/cde4f6ac-cbe6-4268-829c-22b817ceeb5c-Carol-Garcia-Martinez.jpg?resize=768%2C868&amp;ssl=1 768w, https:\/\/i0.wp.com\/escolagrancapita.wpcomstaging.com\/wp-content\/uploads\/2026\/03\/cde4f6ac-cbe6-4268-829c-22b817ceeb5c-Carol-Garcia-Martinez.jpg?resize=1359%2C1536&amp;ssl=1 1359w\" sizes=\"auto, (max-width: 750px) 100vw, 750px\" \/>\n\t\t\t<\/div><\/figure><figure class='gallery-item'>\n\t\t\t<div class='gallery-icon portrait'>\n\t\t\t\t<img loading=\"lazy\" decoding=\"async\" width=\"1536\" height=\"1736\" src=\"https:\/\/i0.wp.com\/escolagrancapita.wpcomstaging.com\/wp-content\/uploads\/2026\/03\/c8a5e6bd-596c-4e64-89cb-1ffa19faadbd-Carol-Garcia-Martinez-e1774181082208.jpg?fit=1536%2C1736&amp;ssl=1\" class=\"attachment-full size-full\" alt=\"\" srcset=\"https:\/\/i0.wp.com\/escolagrancapita.wpcomstaging.com\/wp-content\/uploads\/2026\/03\/c8a5e6bd-596c-4e64-89cb-1ffa19faadbd-Carol-Garcia-Martinez-e1774181082208.jpg?w=1536&amp;ssl=1 1536w, https:\/\/i0.wp.com\/escolagrancapita.wpcomstaging.com\/wp-content\/uploads\/2026\/03\/c8a5e6bd-596c-4e64-89cb-1ffa19faadbd-Carol-Garcia-Martinez-e1774181082208.jpg?resize=265%2C300&amp;ssl=1 265w, https:\/\/i0.wp.com\/escolagrancapita.wpcomstaging.com\/wp-content\/uploads\/2026\/03\/c8a5e6bd-596c-4e64-89cb-1ffa19faadbd-Carol-Garcia-Martinez-e1774181082208.jpg?resize=906%2C1024&amp;ssl=1 906w, https:\/\/i0.wp.com\/escolagrancapita.wpcomstaging.com\/wp-content\/uploads\/2026\/03\/c8a5e6bd-596c-4e64-89cb-1ffa19faadbd-Carol-Garcia-Martinez-e1774181082208.jpg?resize=768%2C868&amp;ssl=1 768w, https:\/\/i0.wp.com\/escolagrancapita.wpcomstaging.com\/wp-content\/uploads\/2026\/03\/c8a5e6bd-596c-4e64-89cb-1ffa19faadbd-Carol-Garcia-Martinez-e1774181082208.jpg?resize=1359%2C1536&amp;ssl=1 1359w\" sizes=\"auto, (max-width: 750px) 100vw, 750px\" \/>\n\t\t\t<\/div><\/figure>\n\t\t<\/div>\n\n<p style=\"text-align: justify;\">Aquesta proposta ha contribu\u00eft a despertar l\u2019inter\u00e8s per la ci\u00e8ncia des de ben petits, tot fomentant la curiositat, l\u2019observaci\u00f3 i el gaudi per aprendre a trav\u00e9s de l\u2019experi\u00e8ncia directa. I3 continua aix\u00ed el seu cam\u00ed de descoberta, preparant-se per seguir investigant i aprenent amb l\u2019arribada de noves estacions i nous projectes.<\/p>\n","protected":false},"excerpt":{"rendered":"<p>I3 ha viscut una experi\u00e8ncia molt enriquidora al voltant de la neu, combinant joc, descoberta i iniciaci\u00f3 al pensament cient\u00edfic. Abans de comen\u00e7ar l\u2019activitat, a l\u2019aula es van treballar les normes b\u00e0siques del laboratori, amb l\u2019objectiu de con\u00e8ixer aquest espai<\/p>\n","protected":false},"author":1,"featured_media":0,"parent":0,"menu_order":0,"comment_status":"closed","ping_status":"closed","template":"","meta":{"_crdt_document":"","footnotes":""},"categories":[],"tags":[151,77],"class_list":["post-28187","page","type-page","status-publish","hentry","tag-curs-2025-26","tag-ed-infantil"],"jetpack_sharing_enabled":true,"_links":{"self":[{"href":"https:\/\/escolagrancapita.wpcomstaging.com\/index.php?rest_route=\/wp\/v2\/pages\/28187","targetHints":{"allow":["GET"]}}],"collection":[{"href":"https:\/\/escolagrancapita.wpcomstaging.com\/index.php?rest_route=\/wp\/v2\/pages"}],"about":[{"href":"https:\/\/escolagrancapita.wpcomstaging.com\/index.php?rest_route=\/wp\/v2\/types\/page"}],"author":[{"embeddable":true,"href":"https:\/\/escolagrancapita.wpcomstaging.com\/index.php?rest_route=\/wp\/v2\/users\/1"}],"replies":[{"embeddable":true,"href":"https:\/\/escolagrancapita.wpcomstaging.com\/index.php?rest_route=%2Fwp%2Fv2%2Fcomments&post=28187"}],"version-history":[{"count":3,"href":"https:\/\/escolagrancapita.wpcomstaging.com\/index.php?rest_route=\/wp\/v2\/pages\/28187\/revisions"}],"predecessor-version":[{"id":28278,"href":"https:\/\/escolagrancapita.wpcomstaging.com\/index.php?rest_route=\/wp\/v2\/pages\/28187\/revisions\/28278"}],"wp:attachment":[{"href":"https:\/\/escolagrancapita.wpcomstaging.com\/index.php?rest_route=%2Fwp%2Fv2%2Fmedia&parent=28187"}],"wp:term":[{"taxonomy":"category","embeddable":true,"href":"https:\/\/escolagrancapita.wpcomstaging.com\/index.php?rest_route=%2Fwp%2Fv2%2Fcategories&post=28187"},{"taxonomy":"post_tag","embeddable":true,"href":"https:\/\/escolagrancapita.wpcomstaging.com\/index.php?rest_route=%2Fwp%2Fv2%2Ftags&post=28187"}],"curies":[{"name":"wp","href":"https:\/\/api.w.org\/{rel}","templated":true}]}}