{"id":28191,"date":"2026-03-22T10:03:54","date_gmt":"2026-03-22T10:03:54","guid":{"rendered":"https:\/\/escolagrancapita.wpcomstaging.com\/?page_id=28191"},"modified":"2026-03-22T10:03:54","modified_gmt":"2026-03-22T10:03:54","slug":"joc-de-paraules","status":"publish","type":"page","link":"https:\/\/escolagrancapita.wpcomstaging.com\/?page_id=28191","title":{"rendered":"Joc de paraules"},"content":{"rendered":"<p style=\"text-align: justify;\">A I5 s\u2019ha dut a terme una activitat de llengua molt significativa sota el t\u00edtol <strong><em>Joc de paraules<\/em><\/strong>, orientada a desenvolupar la lectoescriptura d\u2019una manera creativa i motivadora.<\/p>\n<div id='gallery-1' class='gallery galleryid-28191 gallery-columns-2 gallery-size-full'><figure class='gallery-item'>\n\t\t\t<div class='gallery-icon portrait'>\n\t\t\t\t<img loading=\"lazy\" decoding=\"async\" width=\"1512\" height=\"2016\" src=\"https:\/\/i0.wp.com\/escolagrancapita.wpcomstaging.com\/wp-content\/uploads\/2026\/03\/WhatsApp-Image-2026-03-19-at-14.20.07-Sandra-Garcia.jpeg?fit=1512%2C2016&amp;ssl=1\" class=\"attachment-full size-full\" alt=\"\" srcset=\"https:\/\/i0.wp.com\/escolagrancapita.wpcomstaging.com\/wp-content\/uploads\/2026\/03\/WhatsApp-Image-2026-03-19-at-14.20.07-Sandra-Garcia.jpeg?w=1512&amp;ssl=1 1512w, https:\/\/i0.wp.com\/escolagrancapita.wpcomstaging.com\/wp-content\/uploads\/2026\/03\/WhatsApp-Image-2026-03-19-at-14.20.07-Sandra-Garcia.jpeg?resize=225%2C300&amp;ssl=1 225w, https:\/\/i0.wp.com\/escolagrancapita.wpcomstaging.com\/wp-content\/uploads\/2026\/03\/WhatsApp-Image-2026-03-19-at-14.20.07-Sandra-Garcia.jpeg?resize=768%2C1024&amp;ssl=1 768w, https:\/\/i0.wp.com\/escolagrancapita.wpcomstaging.com\/wp-content\/uploads\/2026\/03\/WhatsApp-Image-2026-03-19-at-14.20.07-Sandra-Garcia.jpeg?resize=1152%2C1536&amp;ssl=1 1152w\" sizes=\"auto, (max-width: 750px) 100vw, 750px\" \/>\n\t\t\t<\/div><\/figure><figure class='gallery-item'>\n\t\t\t<div class='gallery-icon portrait'>\n\t\t\t\t<img loading=\"lazy\" decoding=\"async\" width=\"1512\" height=\"2016\" src=\"https:\/\/i0.wp.com\/escolagrancapita.wpcomstaging.com\/wp-content\/uploads\/2026\/03\/WhatsApp-Image-2026-03-19-at-14.20.08-Sandra-Garcia.jpeg?fit=1512%2C2016&amp;ssl=1\" class=\"attachment-full size-full\" alt=\"\" srcset=\"https:\/\/i0.wp.com\/escolagrancapita.wpcomstaging.com\/wp-content\/uploads\/2026\/03\/WhatsApp-Image-2026-03-19-at-14.20.08-Sandra-Garcia.jpeg?w=1512&amp;ssl=1 1512w, https:\/\/i0.wp.com\/escolagrancapita.wpcomstaging.com\/wp-content\/uploads\/2026\/03\/WhatsApp-Image-2026-03-19-at-14.20.08-Sandra-Garcia.jpeg?resize=225%2C300&amp;ssl=1 225w, https:\/\/i0.wp.com\/escolagrancapita.wpcomstaging.com\/wp-content\/uploads\/2026\/03\/WhatsApp-Image-2026-03-19-at-14.20.08-Sandra-Garcia.jpeg?resize=768%2C1024&amp;ssl=1 768w, https:\/\/i0.wp.com\/escolagrancapita.wpcomstaging.com\/wp-content\/uploads\/2026\/03\/WhatsApp-Image-2026-03-19-at-14.20.08-Sandra-Garcia.jpeg?resize=1152%2C1536&amp;ssl=1 1152w\" sizes=\"auto, (max-width: 750px) 100vw, 750px\" \/>\n\t\t\t<\/div><\/figure>\n\t\t<\/div>\n\n<p style=\"text-align: justify;\">Cada infant ha rebut una lletra com a punt de partida i, a partir d\u2019aquesta, ha pensat una paraula. Posteriorment, s\u2019ha treballat l\u2019escriptura amb cura, tant en lletra de pal com en lletra lligada, refor\u00e7ant el proc\u00e9s d\u2019aprenentatge de l\u2019escriptura i la consci\u00e8ncia fonol\u00f2gica.<\/p>\n<div id='gallery-2' class='gallery galleryid-28191 gallery-columns-3 gallery-size-full'><figure class='gallery-item'>\n\t\t\t<div class='gallery-icon portrait'>\n\t\t\t\t<img loading=\"lazy\" decoding=\"async\" width=\"1512\" height=\"2016\" src=\"https:\/\/i0.wp.com\/escolagrancapita.wpcomstaging.com\/wp-content\/uploads\/2026\/03\/WhatsApp-Image-2026-03-19-at-14.20.08-2-Sandra-Garcia.jpeg?fit=1512%2C2016&amp;ssl=1\" class=\"attachment-full size-full\" alt=\"\" srcset=\"https:\/\/i0.wp.com\/escolagrancapita.wpcomstaging.com\/wp-content\/uploads\/2026\/03\/WhatsApp-Image-2026-03-19-at-14.20.08-2-Sandra-Garcia.jpeg?w=1512&amp;ssl=1 1512w, https:\/\/i0.wp.com\/escolagrancapita.wpcomstaging.com\/wp-content\/uploads\/2026\/03\/WhatsApp-Image-2026-03-19-at-14.20.08-2-Sandra-Garcia.jpeg?resize=225%2C300&amp;ssl=1 225w, https:\/\/i0.wp.com\/escolagrancapita.wpcomstaging.com\/wp-content\/uploads\/2026\/03\/WhatsApp-Image-2026-03-19-at-14.20.08-2-Sandra-Garcia.jpeg?resize=768%2C1024&amp;ssl=1 768w, https:\/\/i0.wp.com\/escolagrancapita.wpcomstaging.com\/wp-content\/uploads\/2026\/03\/WhatsApp-Image-2026-03-19-at-14.20.08-2-Sandra-Garcia.jpeg?resize=1152%2C1536&amp;ssl=1 1152w\" sizes=\"auto, (max-width: 750px) 100vw, 750px\" \/>\n\t\t\t<\/div><\/figure><figure class='gallery-item'>\n\t\t\t<div class='gallery-icon portrait'>\n\t\t\t\t<img loading=\"lazy\" decoding=\"async\" width=\"1512\" height=\"2016\" src=\"https:\/\/i0.wp.com\/escolagrancapita.wpcomstaging.com\/wp-content\/uploads\/2026\/03\/WhatsApp-Image-2026-03-19-at-14.20.08-1-Sandra-Garcia.jpeg?fit=1512%2C2016&amp;ssl=1\" class=\"attachment-full size-full\" alt=\"\" srcset=\"https:\/\/i0.wp.com\/escolagrancapita.wpcomstaging.com\/wp-content\/uploads\/2026\/03\/WhatsApp-Image-2026-03-19-at-14.20.08-1-Sandra-Garcia.jpeg?w=1512&amp;ssl=1 1512w, https:\/\/i0.wp.com\/escolagrancapita.wpcomstaging.com\/wp-content\/uploads\/2026\/03\/WhatsApp-Image-2026-03-19-at-14.20.08-1-Sandra-Garcia.jpeg?resize=225%2C300&amp;ssl=1 225w, https:\/\/i0.wp.com\/escolagrancapita.wpcomstaging.com\/wp-content\/uploads\/2026\/03\/WhatsApp-Image-2026-03-19-at-14.20.08-1-Sandra-Garcia.jpeg?resize=768%2C1024&amp;ssl=1 768w, https:\/\/i0.wp.com\/escolagrancapita.wpcomstaging.com\/wp-content\/uploads\/2026\/03\/WhatsApp-Image-2026-03-19-at-14.20.08-1-Sandra-Garcia.jpeg?resize=1152%2C1536&amp;ssl=1 1152w\" sizes=\"auto, (max-width: 750px) 100vw, 750px\" \/>\n\t\t\t<\/div><\/figure><figure class='gallery-item'>\n\t\t\t<div class='gallery-icon portrait'>\n\t\t\t\t<img loading=\"lazy\" decoding=\"async\" width=\"1512\" height=\"2016\" src=\"https:\/\/i0.wp.com\/escolagrancapita.wpcomstaging.com\/wp-content\/uploads\/2026\/03\/WhatsApp-Image-2026-03-19-at-14.20.07-1-Sandra-Garcia.jpeg?fit=1512%2C2016&amp;ssl=1\" class=\"attachment-full size-full\" alt=\"\" srcset=\"https:\/\/i0.wp.com\/escolagrancapita.wpcomstaging.com\/wp-content\/uploads\/2026\/03\/WhatsApp-Image-2026-03-19-at-14.20.07-1-Sandra-Garcia.jpeg?w=1512&amp;ssl=1 1512w, https:\/\/i0.wp.com\/escolagrancapita.wpcomstaging.com\/wp-content\/uploads\/2026\/03\/WhatsApp-Image-2026-03-19-at-14.20.07-1-Sandra-Garcia.jpeg?resize=225%2C300&amp;ssl=1 225w, https:\/\/i0.wp.com\/escolagrancapita.wpcomstaging.com\/wp-content\/uploads\/2026\/03\/WhatsApp-Image-2026-03-19-at-14.20.07-1-Sandra-Garcia.jpeg?resize=768%2C1024&amp;ssl=1 768w, https:\/\/i0.wp.com\/escolagrancapita.wpcomstaging.com\/wp-content\/uploads\/2026\/03\/WhatsApp-Image-2026-03-19-at-14.20.07-1-Sandra-Garcia.jpeg?resize=1152%2C1536&amp;ssl=1 1152w\" sizes=\"auto, (max-width: 750px) 100vw, 750px\" \/>\n\t\t\t<\/div><\/figure>\n\t\t<\/div>\n\n<p style=\"text-align: justify;\">La proposta s\u2019ha completat amb una activitat art\u00edstica en qu\u00e8 cada infant ha representat visualment la seva paraula. Aquesta combinaci\u00f3 d\u2019expressi\u00f3 escrita i pl\u00e0stica ha perm\u00e8s integrar diferents llenguatges i potenciar la creativitat.<\/p>\n<div id='gallery-3' class='gallery galleryid-28191 gallery-columns-1 gallery-size-full'><figure class='gallery-item'>\n\t\t\t<div class='gallery-icon landscape'>\n\t\t\t\t<img loading=\"lazy\" decoding=\"async\" width=\"1020\" height=\"835\" src=\"https:\/\/i0.wp.com\/escolagrancapita.wpcomstaging.com\/wp-content\/uploads\/2026\/03\/WhatsApp-Image-2026-03-19-at-14.20.06-Sandra-Garcia-e1774173804568.jpeg?fit=1020%2C835&amp;ssl=1\" class=\"attachment-full size-full\" alt=\"\" srcset=\"https:\/\/i0.wp.com\/escolagrancapita.wpcomstaging.com\/wp-content\/uploads\/2026\/03\/WhatsApp-Image-2026-03-19-at-14.20.06-Sandra-Garcia-e1774173804568.jpeg?w=1020&amp;ssl=1 1020w, https:\/\/i0.wp.com\/escolagrancapita.wpcomstaging.com\/wp-content\/uploads\/2026\/03\/WhatsApp-Image-2026-03-19-at-14.20.06-Sandra-Garcia-e1774173804568.jpeg?resize=300%2C246&amp;ssl=1 300w, https:\/\/i0.wp.com\/escolagrancapita.wpcomstaging.com\/wp-content\/uploads\/2026\/03\/WhatsApp-Image-2026-03-19-at-14.20.06-Sandra-Garcia-e1774173804568.jpeg?resize=768%2C629&amp;ssl=1 768w\" sizes=\"auto, (max-width: 750px) 100vw, 750px\" \/>\n\t\t\t<\/div><\/figure>\n\t\t<\/div>\n\n<p style=\"text-align: justify;\">Aquesta experi\u00e8ncia ha afavorit el <strong>desenvolupament de la lectoescriptura, l\u2019expressi\u00f3 art\u00edstica i la capacitat d\u2019associar idees<\/strong>, tot en un context l\u00fadic i participatiu. I5 continua aix\u00ed avan\u00e7ant en el descobriment del llenguatge escrit com a eina de comunicaci\u00f3 i expressi\u00f3.<\/p>\n","protected":false},"excerpt":{"rendered":"<p>A I5 s\u2019ha dut a terme una activitat de llengua molt significativa sota el t\u00edtol Joc de paraules, orientada a desenvolupar la lectoescriptura d\u2019una manera creativa i motivadora. Cada infant ha rebut una lletra com a punt de partida i,<\/p>\n","protected":false},"author":1,"featured_media":0,"parent":0,"menu_order":0,"comment_status":"closed","ping_status":"closed","template":"","meta":{"_crdt_document":"","footnotes":""},"categories":[],"tags":[151,77],"class_list":["post-28191","page","type-page","status-publish","hentry","tag-curs-2025-26","tag-ed-infantil"],"jetpack_sharing_enabled":true,"_links":{"self":[{"href":"https:\/\/escolagrancapita.wpcomstaging.com\/index.php?rest_route=\/wp\/v2\/pages\/28191","targetHints":{"allow":["GET"]}}],"collection":[{"href":"https:\/\/escolagrancapita.wpcomstaging.com\/index.php?rest_route=\/wp\/v2\/pages"}],"about":[{"href":"https:\/\/escolagrancapita.wpcomstaging.com\/index.php?rest_route=\/wp\/v2\/types\/page"}],"author":[{"embeddable":true,"href":"https:\/\/escolagrancapita.wpcomstaging.com\/index.php?rest_route=\/wp\/v2\/users\/1"}],"replies":[{"embeddable":true,"href":"https:\/\/escolagrancapita.wpcomstaging.com\/index.php?rest_route=%2Fwp%2Fv2%2Fcomments&post=28191"}],"version-history":[{"count":2,"href":"https:\/\/escolagrancapita.wpcomstaging.com\/index.php?rest_route=\/wp\/v2\/pages\/28191\/revisions"}],"predecessor-version":[{"id":28235,"href":"https:\/\/escolagrancapita.wpcomstaging.com\/index.php?rest_route=\/wp\/v2\/pages\/28191\/revisions\/28235"}],"wp:attachment":[{"href":"https:\/\/escolagrancapita.wpcomstaging.com\/index.php?rest_route=%2Fwp%2Fv2%2Fmedia&parent=28191"}],"wp:term":[{"taxonomy":"category","embeddable":true,"href":"https:\/\/escolagrancapita.wpcomstaging.com\/index.php?rest_route=%2Fwp%2Fv2%2Fcategories&post=28191"},{"taxonomy":"post_tag","embeddable":true,"href":"https:\/\/escolagrancapita.wpcomstaging.com\/index.php?rest_route=%2Fwp%2Fv2%2Ftags&post=28191"}],"curies":[{"name":"wp","href":"https:\/\/api.w.org\/{rel}","templated":true}]}}