{"id":28257,"date":"2026-03-22T10:34:21","date_gmt":"2026-03-22T10:34:21","guid":{"rendered":"https:\/\/escolagrancapita.wpcomstaging.com\/?page_id=28257"},"modified":"2026-03-22T10:34:21","modified_gmt":"2026-03-22T10:34:21","slug":"un-pas-mes-en-robotica-amb-kubo","status":"publish","type":"page","link":"https:\/\/escolagrancapita.wpcomstaging.com\/?page_id=28257","title":{"rendered":"Un pas m\u00e9s en rob\u00f2tica amb KUBO"},"content":{"rendered":"<p style=\"text-align: justify;\">I5 ha iniciat aquest trimestre un nou treball amb <a href=\"https:\/\/kubo-robot.com\/\" target=\"_blank\" rel=\"noopener\">KUBO<\/a>, un robot educatiu que permet continuar avan\u00e7ant en el m\u00f3n de la rob\u00f2tica i la programaci\u00f3 d\u2019una manera manipulativa i significativa.<\/p>\n<p style=\"text-align: justify;\">Al llarg de l\u2019etapa d\u2019Infantil, s\u2019ha fet una primera aproximaci\u00f3 a la rob\u00f2tica amb Bee-Bot, que ha perm\u00e8s comprendre accions b\u00e0siques com avan\u00e7ar, girar o retrocedir a partir d\u2019instruccions senzilles. Aquesta experi\u00e8ncia inicial ha estat clau per comen\u00e7ar a desenvolupar la capacitat de planificar i anticipar moviments.<\/p>\n<p style=\"text-align: justify;\">Amb KUBO, <strong>es fa un pas m\u00e9s en aquest aprenentatge<\/strong>. En lloc de programar amb botons, s\u2019utilitzen peces f\u00edsiques que representen instruccions i que es col\u00b7loquen sobre un recorregut perqu\u00e8 el robot les interpreti i les segueixi. Aquest sistema facilita la comprensi\u00f3 de les seq\u00fc\u00e8ncies d\u2019ordres i introdueix conceptes b\u00e0sics del pensament computacional de manera visual i accessible.<\/p>\n<div id='gallery-1' class='gallery galleryid-28257 gallery-columns-2 gallery-size-full'><figure class='gallery-item'>\n\t\t\t<div class='gallery-icon portrait'>\n\t\t\t\t<img loading=\"lazy\" decoding=\"async\" width=\"1536\" height=\"2048\" src=\"https:\/\/i0.wp.com\/escolagrancapita.wpcomstaging.com\/wp-content\/uploads\/2026\/03\/1773690114325-Ana-Ma-Bujalance-Jurado.jpg?fit=1536%2C2048&amp;ssl=1\" class=\"attachment-full size-full\" alt=\"\" srcset=\"https:\/\/i0.wp.com\/escolagrancapita.wpcomstaging.com\/wp-content\/uploads\/2026\/03\/1773690114325-Ana-Ma-Bujalance-Jurado.jpg?w=1536&amp;ssl=1 1536w, https:\/\/i0.wp.com\/escolagrancapita.wpcomstaging.com\/wp-content\/uploads\/2026\/03\/1773690114325-Ana-Ma-Bujalance-Jurado.jpg?resize=225%2C300&amp;ssl=1 225w, https:\/\/i0.wp.com\/escolagrancapita.wpcomstaging.com\/wp-content\/uploads\/2026\/03\/1773690114325-Ana-Ma-Bujalance-Jurado.jpg?resize=768%2C1024&amp;ssl=1 768w, https:\/\/i0.wp.com\/escolagrancapita.wpcomstaging.com\/wp-content\/uploads\/2026\/03\/1773690114325-Ana-Ma-Bujalance-Jurado.jpg?resize=1152%2C1536&amp;ssl=1 1152w\" sizes=\"auto, (max-width: 750px) 100vw, 750px\" \/>\n\t\t\t<\/div><\/figure><figure class='gallery-item'>\n\t\t\t<div class='gallery-icon portrait'>\n\t\t\t\t<img loading=\"lazy\" decoding=\"async\" width=\"1536\" height=\"2048\" src=\"https:\/\/i0.wp.com\/escolagrancapita.wpcomstaging.com\/wp-content\/uploads\/2026\/03\/1773690114428-Ana-Ma-Bujalance-Jurado.jpg?fit=1536%2C2048&amp;ssl=1\" class=\"attachment-full size-full\" alt=\"\" srcset=\"https:\/\/i0.wp.com\/escolagrancapita.wpcomstaging.com\/wp-content\/uploads\/2026\/03\/1773690114428-Ana-Ma-Bujalance-Jurado.jpg?w=1536&amp;ssl=1 1536w, https:\/\/i0.wp.com\/escolagrancapita.wpcomstaging.com\/wp-content\/uploads\/2026\/03\/1773690114428-Ana-Ma-Bujalance-Jurado.jpg?resize=225%2C300&amp;ssl=1 225w, https:\/\/i0.wp.com\/escolagrancapita.wpcomstaging.com\/wp-content\/uploads\/2026\/03\/1773690114428-Ana-Ma-Bujalance-Jurado.jpg?resize=768%2C1024&amp;ssl=1 768w, https:\/\/i0.wp.com\/escolagrancapita.wpcomstaging.com\/wp-content\/uploads\/2026\/03\/1773690114428-Ana-Ma-Bujalance-Jurado.jpg?resize=1152%2C1536&amp;ssl=1 1152w\" sizes=\"auto, (max-width: 750px) 100vw, 750px\" \/>\n\t\t\t<\/div><\/figure>\n\t\t<\/div>\n\n<p style=\"text-align: justify;\">A trav\u00e9s de diferents propostes i reptes, es treballa la planificaci\u00f3, la resoluci\u00f3 de problemes i la capacitat d\u2019observaci\u00f3. Es posen en pr\u00e0ctica estrat\u00e8gies com provar, revisar i ajustar les accions quan el resultat no \u00e9s l\u2019esperat, afavorint aix\u00ed l\u2019aprenentatge a partir de l\u2019error.<\/p>\n<div id='gallery-2' class='gallery galleryid-28257 gallery-columns-1 gallery-size-full'><figure class='gallery-item'>\n\t\t\t<div class='gallery-icon portrait'>\n\t\t\t\t<img loading=\"lazy\" decoding=\"async\" width=\"1152\" height=\"1326\" src=\"https:\/\/i0.wp.com\/escolagrancapita.wpcomstaging.com\/wp-content\/uploads\/2026\/03\/1773690114268-Ana-Ma-Bujalance-Jurado-e1774175623185.jpg?fit=1152%2C1326&amp;ssl=1\" class=\"attachment-full size-full\" alt=\"\" srcset=\"https:\/\/i0.wp.com\/escolagrancapita.wpcomstaging.com\/wp-content\/uploads\/2026\/03\/1773690114268-Ana-Ma-Bujalance-Jurado-e1774175623185.jpg?w=1152&amp;ssl=1 1152w, https:\/\/i0.wp.com\/escolagrancapita.wpcomstaging.com\/wp-content\/uploads\/2026\/03\/1773690114268-Ana-Ma-Bujalance-Jurado-e1774175623185.jpg?resize=261%2C300&amp;ssl=1 261w, https:\/\/i0.wp.com\/escolagrancapita.wpcomstaging.com\/wp-content\/uploads\/2026\/03\/1773690114268-Ana-Ma-Bujalance-Jurado-e1774175623185.jpg?resize=890%2C1024&amp;ssl=1 890w, https:\/\/i0.wp.com\/escolagrancapita.wpcomstaging.com\/wp-content\/uploads\/2026\/03\/1773690114268-Ana-Ma-Bujalance-Jurado-e1774175623185.jpg?resize=768%2C884&amp;ssl=1 768w\" sizes=\"auto, (max-width: 750px) 100vw, 750px\" \/>\n\t\t\t<\/div><\/figure>\n\t\t<\/div>\n\n<p style=\"text-align: justify;\">Les activitats tamb\u00e9 fomenten el treball cooperatiu i la comunicaci\u00f3, ja que sovint cal prendre decisions conjuntes sobre els recorreguts i les instruccions. A m\u00e9s, es potencia la creativitat en el disseny de nous camins i situacions per al robot.<\/p>\n<div id='gallery-3' class='gallery galleryid-28257 gallery-columns-1 gallery-size-full'><figure class='gallery-item'>\n\t\t\t<div class='gallery-icon landscape'>\n\t\t\t\t<img loading=\"lazy\" decoding=\"async\" width=\"2048\" height=\"1222\" src=\"https:\/\/i0.wp.com\/escolagrancapita.wpcomstaging.com\/wp-content\/uploads\/2026\/03\/1773690114374-Ana-Ma-Bujalance-Jurado-e1774175534526.jpg?fit=2048%2C1222&amp;ssl=1\" class=\"attachment-full size-full\" alt=\"\" srcset=\"https:\/\/i0.wp.com\/escolagrancapita.wpcomstaging.com\/wp-content\/uploads\/2026\/03\/1773690114374-Ana-Ma-Bujalance-Jurado-e1774175534526.jpg?w=2048&amp;ssl=1 2048w, https:\/\/i0.wp.com\/escolagrancapita.wpcomstaging.com\/wp-content\/uploads\/2026\/03\/1773690114374-Ana-Ma-Bujalance-Jurado-e1774175534526.jpg?resize=300%2C179&amp;ssl=1 300w, https:\/\/i0.wp.com\/escolagrancapita.wpcomstaging.com\/wp-content\/uploads\/2026\/03\/1773690114374-Ana-Ma-Bujalance-Jurado-e1774175534526.jpg?resize=1024%2C611&amp;ssl=1 1024w, https:\/\/i0.wp.com\/escolagrancapita.wpcomstaging.com\/wp-content\/uploads\/2026\/03\/1773690114374-Ana-Ma-Bujalance-Jurado-e1774175534526.jpg?resize=768%2C458&amp;ssl=1 768w, https:\/\/i0.wp.com\/escolagrancapita.wpcomstaging.com\/wp-content\/uploads\/2026\/03\/1773690114374-Ana-Ma-Bujalance-Jurado-e1774175534526.jpg?resize=1536%2C917&amp;ssl=1 1536w\" sizes=\"auto, (max-width: 750px) 100vw, 750px\" \/>\n\t\t\t<\/div><\/figure><figure class='gallery-item'>\n\t\t\t<div class='gallery-icon landscape'>\n\t\t\t\t<img loading=\"lazy\" decoding=\"async\" width=\"1535\" height=\"1272\" src=\"https:\/\/i0.wp.com\/escolagrancapita.wpcomstaging.com\/wp-content\/uploads\/2026\/03\/1773690114489-Ana-Ma-Bujalance-Jurado-e1774175655266.jpg?fit=1535%2C1272&amp;ssl=1\" class=\"attachment-full size-full\" alt=\"\" srcset=\"https:\/\/i0.wp.com\/escolagrancapita.wpcomstaging.com\/wp-content\/uploads\/2026\/03\/1773690114489-Ana-Ma-Bujalance-Jurado-e1774175655266.jpg?w=1535&amp;ssl=1 1535w, https:\/\/i0.wp.com\/escolagrancapita.wpcomstaging.com\/wp-content\/uploads\/2026\/03\/1773690114489-Ana-Ma-Bujalance-Jurado-e1774175655266.jpg?resize=300%2C249&amp;ssl=1 300w, https:\/\/i0.wp.com\/escolagrancapita.wpcomstaging.com\/wp-content\/uploads\/2026\/03\/1773690114489-Ana-Ma-Bujalance-Jurado-e1774175655266.jpg?resize=1024%2C849&amp;ssl=1 1024w, https:\/\/i0.wp.com\/escolagrancapita.wpcomstaging.com\/wp-content\/uploads\/2026\/03\/1773690114489-Ana-Ma-Bujalance-Jurado-e1774175655266.jpg?resize=768%2C636&amp;ssl=1 768w\" sizes=\"auto, (max-width: 750px) 100vw, 750px\" \/>\n\t\t\t<\/div><\/figure>\n\t\t<\/div>\n\n<p style=\"text-align: justify;\">Aquesta proposta contribueix al desenvolupament d\u2019habilitats com la concentraci\u00f3, la perseveran\u00e7a i el pensament l\u00f2gic, tot oferint una experi\u00e8ncia motivadora i adaptada a l\u2019edat. I5 continua aix\u00ed avan\u00e7ant en la descoberta de la tecnologia com a eina d\u2019aprenentatge activa i significativa.<\/p>\n","protected":false},"excerpt":{"rendered":"<p>I5 ha iniciat aquest trimestre un nou treball amb KUBO, un robot educatiu que permet continuar avan\u00e7ant en el m\u00f3n de la rob\u00f2tica i la programaci\u00f3 d\u2019una manera manipulativa i significativa. Al llarg de l\u2019etapa d\u2019Infantil, s\u2019ha fet una primera<\/p>\n","protected":false},"author":1,"featured_media":0,"parent":0,"menu_order":0,"comment_status":"closed","ping_status":"closed","template":"","meta":{"_crdt_document":"","footnotes":""},"categories":[],"tags":[151,77,111],"class_list":["post-28257","page","type-page","status-publish","hentry","tag-curs-2025-26","tag-ed-infantil","tag-steam"],"jetpack_sharing_enabled":true,"_links":{"self":[{"href":"https:\/\/escolagrancapita.wpcomstaging.com\/index.php?rest_route=\/wp\/v2\/pages\/28257","targetHints":{"allow":["GET"]}}],"collection":[{"href":"https:\/\/escolagrancapita.wpcomstaging.com\/index.php?rest_route=\/wp\/v2\/pages"}],"about":[{"href":"https:\/\/escolagrancapita.wpcomstaging.com\/index.php?rest_route=\/wp\/v2\/types\/page"}],"author":[{"embeddable":true,"href":"https:\/\/escolagrancapita.wpcomstaging.com\/index.php?rest_route=\/wp\/v2\/users\/1"}],"replies":[{"embeddable":true,"href":"https:\/\/escolagrancapita.wpcomstaging.com\/index.php?rest_route=%2Fwp%2Fv2%2Fcomments&post=28257"}],"version-history":[{"count":2,"href":"https:\/\/escolagrancapita.wpcomstaging.com\/index.php?rest_route=\/wp\/v2\/pages\/28257\/revisions"}],"predecessor-version":[{"id":28271,"href":"https:\/\/escolagrancapita.wpcomstaging.com\/index.php?rest_route=\/wp\/v2\/pages\/28257\/revisions\/28271"}],"wp:attachment":[{"href":"https:\/\/escolagrancapita.wpcomstaging.com\/index.php?rest_route=%2Fwp%2Fv2%2Fmedia&parent=28257"}],"wp:term":[{"taxonomy":"category","embeddable":true,"href":"https:\/\/escolagrancapita.wpcomstaging.com\/index.php?rest_route=%2Fwp%2Fv2%2Fcategories&post=28257"},{"taxonomy":"post_tag","embeddable":true,"href":"https:\/\/escolagrancapita.wpcomstaging.com\/index.php?rest_route=%2Fwp%2Fv2%2Ftags&post=28257"}],"curies":[{"name":"wp","href":"https:\/\/api.w.org\/{rel}","templated":true}]}}