{"id":36,"date":"2019-09-05T20:00:48","date_gmt":"2019-09-05T20:00:48","guid":{"rendered":"http:\/\/escolagrancapita.wpcomstaging.com\/?page_id=36"},"modified":"2025-09-24T08:43:58","modified_gmt":"2025-09-24T08:43:58","slug":"consell-escolar","status":"publish","type":"page","link":"https:\/\/escolagrancapita.wpcomstaging.com\/?page_id=36","title":{"rendered":"Consell escolar"},"content":{"rendered":"<p>Els membres del consell escolar s\u00f3n:<\/p>\n<table style=\"width: 100%;\" border=\"1\" width=\"100%\" cellspacing=\"0\" cellpadding=\"0\">\n<tbody>\n<tr>\n<td style=\"width: 50%; background-color: #f7f7f7;\" valign=\"top\"><strong>Presid\u00e8ncia del consell<\/strong><\/td>\n<td style=\"width: 50%;\">Inmaculada Bujalance<\/td>\n<\/tr>\n<tr>\n<td style=\"width: 50%; background-color: #f7f7f7;\" valign=\"top\"><strong>Representants de la titularitat<\/strong><\/td>\n<td style=\"width: 50%;\">M. Dolors Bujalance<\/p>\n<p>Jos\u00e9 R. Bujalance<\/p>\n<p>Javier Bujalance<\/td>\n<\/tr>\n<tr>\n<td style=\"width: 50%; background-color: #f7f7f7;\" valign=\"top\"><strong>Representants del professorat<\/strong><\/td>\n<td style=\"width: 50%;\">Jordi Bretcha<\/p>\n<p>Marta Redondo<\/p>\n<p>S\u00edlvia Garc\u00eda-Gil<\/td>\n<\/tr>\n<tr>\n<td style=\"width: 50%; background-color: #f7f7f7;\" valign=\"top\"><strong>Representants dels pares i mares de l\u2019alumnat<\/strong><\/td>\n<td style=\"width: 50%;\">M\u00aa Angels S\u00e1nchez (AFA)<\/p>\n<p>Iv\u00e1n Meseguer<\/p>\n<p>Mariona Villamayor<\/p>\n<p>Sara Alc\u00e1ntara<\/td>\n<\/tr>\n<tr>\n<td style=\"width: 50%; background-color: #f7f7f7;\" valign=\"top\"><strong>Representants de l\u2019alumnat<\/strong><\/td>\n<td style=\"width: 50%;\"><span style=\"color: #999999;\"><em>Pendent<\/em><\/span><\/td>\n<\/tr>\n<tr>\n<td style=\"width: 50%; background-color: #f7f7f7;\" valign=\"top\"><strong>Representant del personal d\u2019administraci\u00f3 i serveis<\/strong><\/td>\n<td style=\"width: 50%;\">Javier Bujalance<\/td>\n<\/tr>\n<tr>\n<td style=\"width: 50%; background-color: #f7f7f7;\" valign=\"top\"><strong>Representant municipal<\/strong><\/td>\n<td style=\"width: 50%;\">Eva Marfil<\/td>\n<\/tr>\n<\/tbody>\n<\/table>\n","protected":false},"excerpt":{"rendered":"<p>Els membres del consell escolar s\u00f3n: Presid\u00e8ncia del consell Inmaculada Bujalance Representants de la titularitat M. Dolors Bujalance Jos\u00e9 R. Bujalance Javier Bujalance Representants del professorat Jordi Bretcha Marta Redondo S\u00edlvia Garc\u00eda-Gil Representants dels pares i mares de l\u2019alumnat M\u00aa<\/p>\n","protected":false},"author":1,"featured_media":0,"parent":17,"menu_order":6,"comment_status":"closed","ping_status":"closed","template":"","meta":{"_crdt_document":"","footnotes":""},"categories":[91],"tags":[],"class_list":["post-36","page","type-page","status-publish","hentry","category-web"],"jetpack_sharing_enabled":true,"_links":{"self":[{"href":"https:\/\/escolagrancapita.wpcomstaging.com\/index.php?rest_route=\/wp\/v2\/pages\/36","targetHints":{"allow":["GET"]}}],"collection":[{"href":"https:\/\/escolagrancapita.wpcomstaging.com\/index.php?rest_route=\/wp\/v2\/pages"}],"about":[{"href":"https:\/\/escolagrancapita.wpcomstaging.com\/index.php?rest_route=\/wp\/v2\/types\/page"}],"author":[{"embeddable":true,"href":"https:\/\/escolagrancapita.wpcomstaging.com\/index.php?rest_route=\/wp\/v2\/users\/1"}],"replies":[{"embeddable":true,"href":"https:\/\/escolagrancapita.wpcomstaging.com\/index.php?rest_route=%2Fwp%2Fv2%2Fcomments&post=36"}],"version-history":[{"count":5,"href":"https:\/\/escolagrancapita.wpcomstaging.com\/index.php?rest_route=\/wp\/v2\/pages\/36\/revisions"}],"predecessor-version":[{"id":26607,"href":"https:\/\/escolagrancapita.wpcomstaging.com\/index.php?rest_route=\/wp\/v2\/pages\/36\/revisions\/26607"}],"up":[{"embeddable":true,"href":"https:\/\/escolagrancapita.wpcomstaging.com\/index.php?rest_route=\/wp\/v2\/pages\/17"}],"wp:attachment":[{"href":"https:\/\/escolagrancapita.wpcomstaging.com\/index.php?rest_route=%2Fwp%2Fv2%2Fmedia&parent=36"}],"wp:term":[{"taxonomy":"category","embeddable":true,"href":"https:\/\/escolagrancapita.wpcomstaging.com\/index.php?rest_route=%2Fwp%2Fv2%2Fcategories&post=36"},{"taxonomy":"post_tag","embeddable":true,"href":"https:\/\/escolagrancapita.wpcomstaging.com\/index.php?rest_route=%2Fwp%2Fv2%2Ftags&post=36"}],"curies":[{"name":"wp","href":"https:\/\/api.w.org\/{rel}","templated":true}]}}