{"id":5418,"date":"2018-02-25T18:48:06","date_gmt":"2018-02-25T18:48:06","guid":{"rendered":"http:\/\/escolagrancapita.wpcomstaging.com\/?page_id=5418"},"modified":"2019-02-19T20:31:51","modified_gmt":"2019-02-19T20:31:51","slug":"larribada-de-la-vella-quaresma","status":"publish","type":"page","link":"https:\/\/escolagrancapita.wpcomstaging.com\/?page_id=5418","title":{"rendered":"L&#8217;arribada de la Vella Quaresma"},"content":{"rendered":"<p>Despr\u00e9s de gaudir de la festa i de la gresca del rei Carnestoltes, arriba el moment de la Vella Quaresma.<\/p>\n<p><a href=\"https:\/\/i0.wp.com\/escolagrancapita.wpcomstaging.com\/wp-content\/uploads\/2018\/02\/vellaquaresma.jpg?ssl=1\"><img data-recalc-dims=\"1\" loading=\"lazy\" decoding=\"async\" class=\" wp-image-5445 aligncenter\" src=\"https:\/\/i0.wp.com\/escolagrancapita.wpcomstaging.com\/wp-content\/uploads\/2018\/02\/vellaquaresma.jpg?resize=289%2C310&#038;ssl=1\" alt=\"\" width=\"289\" height=\"310\" srcset=\"https:\/\/i0.wp.com\/escolagrancapita.wpcomstaging.com\/wp-content\/uploads\/2018\/02\/vellaquaresma.jpg?resize=953%2C1024&amp;ssl=1 953w, https:\/\/i0.wp.com\/escolagrancapita.wpcomstaging.com\/wp-content\/uploads\/2018\/02\/vellaquaresma.jpg?resize=279%2C300&amp;ssl=1 279w, https:\/\/i0.wp.com\/escolagrancapita.wpcomstaging.com\/wp-content\/uploads\/2018\/02\/vellaquaresma.jpg?resize=768%2C825&amp;ssl=1 768w, https:\/\/i0.wp.com\/escolagrancapita.wpcomstaging.com\/wp-content\/uploads\/2018\/02\/vellaquaresma.jpg?w=1024&amp;ssl=1 1024w\" sizes=\"auto, (max-width: 289px) 100vw, 289px\" \/><\/a><\/p>\n<p>La Vella Quaresma \u00e9s una senyora arrugada i xaruga, amb set cames que va perdent d&#8217;una en una a mesura que van passant les setmanes de Quaresma.<\/p>\n<p>Va apar\u00e8ixer Dimecres de Cendra al vest\u00edbul d&#8217;Educaci\u00f3 Infantil amb una carta per les mestres.\u00a0All\u00e0 els explicava que cada setmana dur\u00e0 un missatge a la cama que li treguin amb un objectiu a complir relacionat amb el\u00a0lema que s&#8217;est\u00e0 treballant a l&#8217;escola:<\/p>\n<h4 style=\"text-align: center;\">\u201cM\u2019estimo, t\u2019estimo, ens estimen\u201d<\/h4>\n<p>Cada divendres, tot el cicle d\u2019Educaci\u00f3 Infantil es troba al vest\u00edbul, li treu una cama, llegeix el missatge que els ha deixat i li canten <a href=\"https:\/\/www.youtube.com\/watch?v=BVTNUVGl-_k\">la seva can\u00e7\u00f3<\/a>:<\/p>\n<h5 style=\"text-align: center;\"><em>\u201cVella Quaresma, Vella Quaresma<\/em><br \/>\n<em> Ai! Que no pot caminar.<\/em><br \/>\n<em> T\u00e9 moltes cames i s\u2019entrebanca;<\/em><br \/>\n<em> entre tots l\u2019hem d\u2019ajudar.<\/em><\/h5>\n<h5 style=\"text-align: center;\"><em>\u00c9s que n\u2019hi hem de treure una,<\/em><br \/>\n<em> Una, una, una, una &#8230;<\/em><br \/>\n<em> \u00c9s que n\u2019hi hem de treure u<\/em><em>na,<\/em><br \/>\n<em> perqu\u00e8 pugui\u00a0<\/em><em>caminar&#8221;<\/em><\/h5>\n<div id='gallery-1' class='gallery galleryid-5418 gallery-columns-2 gallery-size-large'><figure class='gallery-item'>\n\t\t\t<div class='gallery-icon portrait'>\n\t\t\t\t<img loading=\"lazy\" decoding=\"async\" width=\"750\" height=\"1000\" src=\"https:\/\/i0.wp.com\/escolagrancapita.wpcomstaging.com\/wp-content\/uploads\/2018\/02\/vella-quaresma2.jpg?fit=750%2C1000&amp;ssl=1\" class=\"attachment-large size-large\" alt=\"\" srcset=\"https:\/\/i0.wp.com\/escolagrancapita.wpcomstaging.com\/wp-content\/uploads\/2018\/02\/vella-quaresma2.jpg?w=3240&amp;ssl=1 3240w, https:\/\/i0.wp.com\/escolagrancapita.wpcomstaging.com\/wp-content\/uploads\/2018\/02\/vella-quaresma2.jpg?resize=225%2C300&amp;ssl=1 225w, https:\/\/i0.wp.com\/escolagrancapita.wpcomstaging.com\/wp-content\/uploads\/2018\/02\/vella-quaresma2.jpg?resize=768%2C1024&amp;ssl=1 768w, https:\/\/i0.wp.com\/escolagrancapita.wpcomstaging.com\/wp-content\/uploads\/2018\/02\/vella-quaresma2.jpg?w=1500&amp;ssl=1 1500w, https:\/\/i0.wp.com\/escolagrancapita.wpcomstaging.com\/wp-content\/uploads\/2018\/02\/vella-quaresma2.jpg?w=2250&amp;ssl=1 2250w\" sizes=\"auto, (max-width: 750px) 100vw, 750px\" \/>\n\t\t\t<\/div><\/figure><figure class='gallery-item'>\n\t\t\t<div class='gallery-icon portrait'>\n\t\t\t\t<img loading=\"lazy\" decoding=\"async\" width=\"750\" height=\"1000\" src=\"https:\/\/i0.wp.com\/escolagrancapita.wpcomstaging.com\/wp-content\/uploads\/2018\/02\/vella-quaresma1.jpg?fit=750%2C1000&amp;ssl=1\" class=\"attachment-large size-large\" alt=\"\" srcset=\"https:\/\/i0.wp.com\/escolagrancapita.wpcomstaging.com\/wp-content\/uploads\/2018\/02\/vella-quaresma1.jpg?w=3240&amp;ssl=1 3240w, https:\/\/i0.wp.com\/escolagrancapita.wpcomstaging.com\/wp-content\/uploads\/2018\/02\/vella-quaresma1.jpg?resize=225%2C300&amp;ssl=1 225w, https:\/\/i0.wp.com\/escolagrancapita.wpcomstaging.com\/wp-content\/uploads\/2018\/02\/vella-quaresma1.jpg?resize=768%2C1024&amp;ssl=1 768w, https:\/\/i0.wp.com\/escolagrancapita.wpcomstaging.com\/wp-content\/uploads\/2018\/02\/vella-quaresma1.jpg?w=1500&amp;ssl=1 1500w, https:\/\/i0.wp.com\/escolagrancapita.wpcomstaging.com\/wp-content\/uploads\/2018\/02\/vella-quaresma1.jpg?w=2250&amp;ssl=1 2250w\" sizes=\"auto, (max-width: 750px) 100vw, 750px\" \/>\n\t\t\t<\/div><\/figure>\n\t\t<\/div>\n\n","protected":false},"excerpt":{"rendered":"<p>Despr\u00e9s de gaudir de la festa i de la gresca del rei Carnestoltes, arriba el moment de la Vella Quaresma. La Vella Quaresma \u00e9s una senyora arrugada i xaruga, amb set cames que va perdent d&#8217;una en una a mesura<\/p>\n","protected":false},"author":1,"featured_media":0,"parent":2927,"menu_order":0,"comment_status":"closed","ping_status":"closed","template":"","meta":{"_crdt_document":"","footnotes":""},"categories":[75],"tags":[72,77],"class_list":["post-5418","page","type-page","status-publish","hentry","category-activitats","tag-curs-2017-18","tag-ed-infantil"],"jetpack_sharing_enabled":true,"_links":{"self":[{"href":"https:\/\/escolagrancapita.wpcomstaging.com\/index.php?rest_route=\/wp\/v2\/pages\/5418","targetHints":{"allow":["GET"]}}],"collection":[{"href":"https:\/\/escolagrancapita.wpcomstaging.com\/index.php?rest_route=\/wp\/v2\/pages"}],"about":[{"href":"https:\/\/escolagrancapita.wpcomstaging.com\/index.php?rest_route=\/wp\/v2\/types\/page"}],"author":[{"embeddable":true,"href":"https:\/\/escolagrancapita.wpcomstaging.com\/index.php?rest_route=\/wp\/v2\/users\/1"}],"replies":[{"embeddable":true,"href":"https:\/\/escolagrancapita.wpcomstaging.com\/index.php?rest_route=%2Fwp%2Fv2%2Fcomments&post=5418"}],"version-history":[{"count":0,"href":"https:\/\/escolagrancapita.wpcomstaging.com\/index.php?rest_route=\/wp\/v2\/pages\/5418\/revisions"}],"up":[{"embeddable":true,"href":"https:\/\/escolagrancapita.wpcomstaging.com\/index.php?rest_route=\/wp\/v2\/pages\/2927"}],"wp:attachment":[{"href":"https:\/\/escolagrancapita.wpcomstaging.com\/index.php?rest_route=%2Fwp%2Fv2%2Fmedia&parent=5418"}],"wp:term":[{"taxonomy":"category","embeddable":true,"href":"https:\/\/escolagrancapita.wpcomstaging.com\/index.php?rest_route=%2Fwp%2Fv2%2Fcategories&post=5418"},{"taxonomy":"post_tag","embeddable":true,"href":"https:\/\/escolagrancapita.wpcomstaging.com\/index.php?rest_route=%2Fwp%2Fv2%2Ftags&post=5418"}],"curies":[{"name":"wp","href":"https:\/\/api.w.org\/{rel}","templated":true}]}}