{"id":6519,"date":"2018-06-17T10:35:45","date_gmt":"2018-06-17T10:35:45","guid":{"rendered":"http:\/\/escolagrancapita.wpcomstaging.com\/?page_id=6519"},"modified":"2025-01-26T10:13:13","modified_gmt":"2025-01-26T10:13:13","slug":"politica-de-privadesa","status":"publish","type":"page","link":"https:\/\/escolagrancapita.wpcomstaging.com\/?page_id=6519","title":{"rendered":"Pol\u00edtica de privacitat i protecci\u00f3 de dades"},"content":{"rendered":"<p style=\"text-align: justify;\"><span style=\"font-size: 12pt;\">En compliment del principi de transpar\u00e8ncia i deure d&#8217;informaci\u00f3 establert per la normativa comunit\u00e0ria i nacional en mat\u00e8ria de protecci\u00f3 de dades, el centre educatiu <strong>INSTITUCI\u00d3 EDUCATIVA GRAN CAPIT\u00c0 S.L.<\/strong> procedeix a informar als USUARIS d&#8217;aquest lloc web, sobre les circumst\u00e0ncies i condicions del tractament de les seves dades, aix\u00ed com dels drets que l&#8217;assisteixen a cada interessat.<\/span><\/p>\n<h6 style=\"text-align: justify;\"><strong><span style=\"font-size: 12pt;\">Qui \u00e9s el responsable del tractament de les seves dades?<\/span><\/strong><\/h6>\n<ul style=\"list-style-type: square; text-align: justify;\">\n<li><span style=\"font-size: 12pt;\"><strong>Identitat:<\/strong> INSTITUCI\u00d3 EDUCATIVA GRAN CAPIT\u00c0 S.L.<\/span><\/li>\n<li><span style=\"font-size: 12pt;\"><strong>CIF:<\/strong> B-61199592<\/span><\/li>\n<li><span style=\"font-size: 12pt;\"><strong>Adre\u00e7a postal:<\/strong> C\/ Josep Maria Trias de Bes, 11, Sant Joan Desp\u00ed, 08970 (Barcelona)<\/span><\/li>\n<li><span style=\"font-size: 12pt;\"><strong>Tel\u00e8fon:<\/strong> 93 373 53 51<\/span><\/li>\n<li><span style=\"font-size: 12pt;\"><strong>Correu electr\u00f2nic:<\/strong> <span style=\"font-weight: 400;\"><a href=\"mailto:col-grancapita@xtec.cat\">col-grancapita@xtec.cat<\/a><\/span><\/span><\/li>\n<li><span style=\"font-size: 12pt;\"><strong>Delegat de Protecci\u00f3 de Dades:<\/strong> <a href=\"mailto:javier.bujalance@grancapita.com\"><span style=\"font-weight: 400;\">javier.bujalance@grancapita.com<\/span><\/a><\/span><\/li>\n<\/ul>\n<h6 style=\"text-align: justify;\"><strong><span style=\"font-size: 12pt;\">Amb quina finalitat tractem les seves dades personals?<\/span><\/strong><\/h6>\n<p style=\"text-align: justify;\"><span style=\"font-size: 12pt;\">Tractem les dades personals dels interessats per les seg\u00fcents finalitats:<\/span><\/p>\n<ul style=\"list-style-type: square; text-align: justify;\">\n<li><span style=\"font-size: 12pt;\">Prestaci\u00f3 de la doc\u00e8ncia i gesti\u00f3 de la relaci\u00f3 amb els alumnes, els seus pares, tutors o representants legals.<\/span><\/li>\n<li><span style=\"font-size: 12pt;\">Gestionar la relaci\u00f3 laboral amb els nostres treballadors.<\/span><\/li>\n<li><span style=\"font-size: 12pt;\">Gestionar les vacants laborals dels nostres centres i la relaci\u00f3 amb els candidats.<\/span><\/li>\n<li><span style=\"font-size: 12pt;\">Manteniment i gesti\u00f3 de la relaci\u00f3 comercial amb els nostres prove\u00efdors de productes i serveis.<\/span><\/li>\n<li><span style=\"font-size: 12pt;\">Garantir la seguretat de les persones, b\u00e9ns i instal\u00b7lacions.<\/span><\/li>\n<li><span style=\"font-size: 12pt;\">Respondre les consultes que realitzen el usuaris a trav\u00e9s del formulari de contacte de la nostra p\u00e0gina web.<\/span><\/li>\n<li><span style=\"font-size: 12pt;\">Difusi\u00f3 del Centre educatiu i de les seues activitats. Per exemple, la publicaci\u00f3 d&#8217;imatges i v\u00eddeos a la web, xarxes socials o altres mitjans per donar a con\u00e8ixer les activitats desenvolupades pel Centre.<\/span><\/li>\n<\/ul>\n<h6 style=\"text-align: justify;\"><strong><span style=\"font-size: 12pt;\">Durant quant de temps conservem les seves dades?<\/span><\/strong><\/h6>\n<p style=\"text-align: justify;\"><span style=\"font-size: 12pt;\">Les dades personals es conservaran durant el temps necessari per complir amb la finalitat per a la qual es van demanar i per determinar les possibles responsabilitats que es puguin derivar d&#8217;aquesta finalitat i del tractament de les dades. Si \u00e9s el cas, es conservaran les dades personals mentre no se sol\u00b7liciti la seva supressi\u00f3.<\/span><\/p>\n<h6 style=\"text-align: justify;\"><strong><span style=\"font-size: 12pt;\">Quina categoria de dades recaptem?<\/span><\/strong><\/h6>\n<p style=\"text-align: justify;\"><span style=\"font-size: 12pt;\">En relaci\u00f3 amb els alumnes, la normativa vigent legitima els centres educatius a demanar dades de car\u00e0cter personal per a la funci\u00f3 docent i orientadora dels mateixos en refer\u00e8ncia a l&#8217;origen i ambient familiar i social, les caracter\u00edstiques o condicions personals, el desenvolupament i resultats de l&#8217;escolaritzaci\u00f3, i les circumst\u00e0ncies que siguin necess\u00e0ries per educar i orientar als alumnes.<\/span><\/p>\n<p style=\"text-align: justify;\"><span style=\"font-size: 12pt;\">D&#8217;altra banda, prenent en consideraci\u00f3 les finalitats esmentades en els apartats anteriors, s\u00f3n objecte de tractament pel Centre les seg\u00fcents categories de dades, segons correspongui a cadascun dels interessats: <strong>Dades de car\u00e0cter identificatiu<\/strong>: nom i cognom, adre\u00e7a (postal i electr\u00f2nica), document d&#8217;identitat i imatge. <strong>Altres dades personals<\/strong>: data i lloc de naixement, edat, sexe, nacionalitat i llengua materna. <strong>Dades acad\u00e8miques<\/strong>: formaci\u00f3 i titulacions. <strong>Dades de fam\u00edlia<\/strong>. <strong>Dades de salut<\/strong>, si \u00e9s el cas. <strong>Dades professionals<\/strong>: experi\u00e8ncia professional, pertinen\u00e7a a col\u00b7legis i associacions professionals. <strong>Dades banc\u00e0ries<\/strong>. <strong>Dades d&#8217;informaci\u00f3 comercial<\/strong>: activitats, negocis i llic\u00e8ncies comercials.<\/span><\/p>\n<h6 style=\"text-align: justify;\"><strong><span style=\"font-size: 12pt;\">Quina \u00e9s la legitimaci\u00f3 pel tractament de les seves dades?<\/span><\/strong><\/h6>\n<p style=\"text-align: justify;\"><span style=\"font-size: 12pt;\">La base legal pel tractament de les seves dades personals estar\u00e0 relacionat amb la finalitat per a la qual les dades van ser recollides. En aquest sentit, el tractament de les seves dades personals estar\u00e0 legitimat per alguna de les seg\u00fcents condicions:<\/span><\/p>\n<ul style=\"list-style-type: square;\">\n<li style=\"text-align: justify;\"><span style=\"font-size: 12pt;\">L&#8217;execuci\u00f3 del contracte de prestaci\u00f3 de doc\u00e8ncia i la Llei Org\u00e0nica d&#8217;Educaci\u00f3 com a base de legitimaci\u00f3 per dur a terme la prestaci\u00f3 de doc\u00e8ncia i gesti\u00f3 de la relaci\u00f3 amb els alumnes, els seus pares, tutors o representants legals L&#8217;execuci\u00f3 del contracte de prestaci\u00f3 de serveis com a base de legitimaci\u00f3 per al manteniment i la gesti\u00f3 de la relaci\u00f3 comercial amb els nostres prove\u00efdors de productes i serveis.<\/span><\/li>\n<li style=\"text-align: justify;\"><span style=\"font-size: 12pt;\">L&#8217;execuci\u00f3 del contracte laboral i el compliment d&#8217;una obligaci\u00f3 legal com a base de legitimaci\u00f3 per gestionar la relaci\u00f3laboral amb els nostres treballadors, aix\u00ed com el compliment de les obligacions imposades per la normativa tribut\u00e0ria i de Seguretat Social.<\/span><\/li>\n<li style=\"text-align: justify;\"><span style=\"font-size: 12pt;\">El compliment d&#8217;una missi\u00f3 realitzada en inter\u00e8s p\u00fablic i l&#8217;inter\u00e8s leg\u00edtim com a base legitimadora per a la utilitzaci\u00f3 de sistemes de videovigil\u00e0ncia a fi de garantir la seguretat de les persones, b\u00e9ns i instal\u00b7lacions.<\/span><\/li>\n<li style=\"text-align: justify;\"><span style=\"font-size: 12pt;\">El consentiment atorgat per part de l&#8217;interessat com a base legitimadora per gestionar les vacants laborals dels nostres centres i la relaci\u00f3 amb els candidats.<\/span><\/li>\n<li style=\"text-align: justify;\"><span style=\"font-size: 12pt;\">El consentiment atorgat per part de l&#8217;interessat com a base legitimadora per respondre les consultes que fan els usuaris a trav\u00e9s del formulari de contacte de la nostra p\u00e0gina web.<\/span><\/li>\n<li style=\"text-align: justify;\"><span style=\"font-size: 12pt;\">El consentiment atorgat per part de l&#8217;interessat com a base legitimadora per a l&#8217;enviament d&#8217;informaci\u00f3 sobre les activitats del centre.<\/span><\/li>\n<li style=\"text-align: justify;\"><span style=\"font-size: 12pt;\">El consentiment atorgat per part de l&#8217;interessat com a base legitimadora per al tractament de la imatge de l&#8217;interessat amb fins de difusi\u00f3 del centre educatiu i de les seves activitats.<\/span><\/li>\n<\/ul>\n<h6 style=\"text-align: justify;\"><strong><span style=\"font-size: 12pt;\">A quins destinataris es comunicaran les seves dades?<\/span><\/strong><\/h6>\n<p style=\"text-align: justify;\"><span style=\"font-size: 12pt;\">Amb car\u00e0cter general no es comunicaran les dades personals a tercers, excepte obligaci\u00f3 legal.<\/span><\/p>\n<h6 style=\"text-align: justify;\"><strong><span style=\"font-size: 12pt;\">Quins s\u00f3n els seus drets quan ens facilita les seves dades?<\/span><\/strong><\/h6>\n<p style=\"text-align: justify;\"><span style=\"font-size: 12pt;\">Qualsevol persona t\u00e9 dret a obtenir confirmaci\u00f3 sobre si en el Centre estem tractant dades personals que els concerneixin.<\/span><\/p>\n<p style=\"text-align: justify;\"><span style=\"font-size: 12pt;\">Les persones interessades tenen dret a accedir a les seves dades personals, aix\u00ed com a sol\u00b7licitar la rectificaci\u00f3 de les dades inexactes o, si s&#8217;escau, sol\u00b7licitar la seva supressi\u00f3 quan, entre d&#8217;altres motius, les dades ja no siguin necessaries per als fins que van ser recollides. En aquests casos, el Centre ho comunicar\u00e0 a cadascun dels destinataris als quals s&#8217;hagin comunicat les seves dades<\/span><br \/>\n<span style=\"font-size: 12pt;\">personals.<\/span><\/p>\n<p style=\"text-align: justify;\"><span style=\"font-size: 12pt;\">En determinades circumst\u00e0ncies, els interessats podran sol\u00b7licitar la limitaci\u00f3 del tractament de les seves dades, en aquest cas, \u00fanicament les conservarem per a l&#8217;exercici o la defensa de possibles reclamacions.<\/span><\/p>\n<p style=\"text-align: justify;\"><span style=\"font-size: 12pt;\">En determinades circumst\u00e0ncies, i per motius relacionats amb la seva situaci\u00f3 particular, els interessats podran oposar-se al tractament de les seves dades. El Centre deixar\u00e0 de tractar les dades, excepte motius leg\u00edtims imperiosos o l&#8217;exercici de defensa de possibles reclamacions.<\/span><\/p>\n<p style=\"text-align: justify;\"><span style=\"font-size: 12pt;\">Els interessats tenen dret a rebre les dades personals que li incumbeixin, que hagin facilitat a el Centre, en un format estructurat, d&#8217;\u00fas com\u00fa i lectura mec\u00e0nica.<\/span><\/p>\n<p style=\"text-align: justify;\"><span style=\"font-size: 12pt;\">Tamb\u00e9 tindran dret a retirar el seu consentiment en qualsevol moment, sense que aix\u00f2 afecti la licitud del tractament basat en el consentiment previ a la seva retirada.<\/span><\/p>\n<p style=\"text-align: justify;\"><span style=\"font-size: 12pt;\">Per a l&#8217;exercici dels drets esmentats en els apartats anteriors, els usuaris poden dirigir una comunicaci\u00f3 per escrit al domicili social de el Centre o les adreces de correu electr\u00f2nic.<\/span><\/p>\n<p style=\"text-align: justify;\"><span style=\"font-size: 12pt;\">Tamb\u00e9 l&#8217;informem del seu dret a presentar una reclamaci\u00f3 davant l&#8217;Ag\u00e8ncia Espanyola de Protecci\u00f3 de Dades, si considera que en el tractament de les seves dades no s&#8217;estan respectant els seus drets.<\/span><\/p>\n<h6 style=\"text-align: justify;\"><strong><span style=\"font-size: 12pt;\">Quines mesures de seguretat tenim implantades?<\/span><\/strong><\/h6>\n<p style=\"text-align: justify;\"><span style=\"font-size: 12pt;\">El centre l&#8217;informa que t\u00e9 implantades les mesures de seguretat d&#8217;\u00edndole t\u00e8cnica i organitzatives necess\u00e0ries per garantir la seguretat de les seves dades de car\u00e0cter personal i evitar la seva alteraci\u00f3, p\u00e8rdua i tractament o acc\u00e9s no autoritzat.<\/span><\/p>\n<p style=\"text-align: justify;\"><span style=\"font-size: 12pt;\">Aix\u00ed mateix, El centre ha establert mesures per refor\u00e7ar la confidencialitat i integritat de la informaci\u00f3 en la seva organitzaci\u00f3.\u00a0Mantenint cont\u00ednuament la supervisi\u00f3, control i avaluaci\u00f3 dels processos per assegurar el respecte a la privacitat de les dades.<\/span><\/p>\n","protected":false},"excerpt":{"rendered":"<p>En compliment del principi de transpar\u00e8ncia i deure d&#8217;informaci\u00f3 establert per la normativa comunit\u00e0ria i nacional en mat\u00e8ria de protecci\u00f3 de dades, el centre educatiu INSTITUCI\u00d3 EDUCATIVA GRAN CAPIT\u00c0 S.L. procedeix a informar als USUARIS d&#8217;aquest lloc web, sobre les<\/p>\n","protected":false},"author":1,"featured_media":0,"parent":17,"menu_order":0,"comment_status":"closed","ping_status":"closed","template":"","meta":{"_crdt_document":"","footnotes":""},"categories":[91],"tags":[],"class_list":["post-6519","page","type-page","status-publish","hentry","category-web"],"jetpack_sharing_enabled":true,"_links":{"self":[{"href":"https:\/\/escolagrancapita.wpcomstaging.com\/index.php?rest_route=\/wp\/v2\/pages\/6519","targetHints":{"allow":["GET"]}}],"collection":[{"href":"https:\/\/escolagrancapita.wpcomstaging.com\/index.php?rest_route=\/wp\/v2\/pages"}],"about":[{"href":"https:\/\/escolagrancapita.wpcomstaging.com\/index.php?rest_route=\/wp\/v2\/types\/page"}],"author":[{"embeddable":true,"href":"https:\/\/escolagrancapita.wpcomstaging.com\/index.php?rest_route=\/wp\/v2\/users\/1"}],"replies":[{"embeddable":true,"href":"https:\/\/escolagrancapita.wpcomstaging.com\/index.php?rest_route=%2Fwp%2Fv2%2Fcomments&post=6519"}],"version-history":[{"count":8,"href":"https:\/\/escolagrancapita.wpcomstaging.com\/index.php?rest_route=\/wp\/v2\/pages\/6519\/revisions"}],"predecessor-version":[{"id":24637,"href":"https:\/\/escolagrancapita.wpcomstaging.com\/index.php?rest_route=\/wp\/v2\/pages\/6519\/revisions\/24637"}],"up":[{"embeddable":true,"href":"https:\/\/escolagrancapita.wpcomstaging.com\/index.php?rest_route=\/wp\/v2\/pages\/17"}],"wp:attachment":[{"href":"https:\/\/escolagrancapita.wpcomstaging.com\/index.php?rest_route=%2Fwp%2Fv2%2Fmedia&parent=6519"}],"wp:term":[{"taxonomy":"category","embeddable":true,"href":"https:\/\/escolagrancapita.wpcomstaging.com\/index.php?rest_route=%2Fwp%2Fv2%2Fcategories&post=6519"},{"taxonomy":"post_tag","embeddable":true,"href":"https:\/\/escolagrancapita.wpcomstaging.com\/index.php?rest_route=%2Fwp%2Fv2%2Ftags&post=6519"}],"curies":[{"name":"wp","href":"https:\/\/api.w.org\/{rel}","templated":true}]}}