{"id":7211,"date":"2018-11-04T13:20:40","date_gmt":"2018-11-04T13:20:40","guid":{"rendered":"https:\/\/escolagrancapita.wpcomstaging.com\/?page_id=7211"},"modified":"2018-11-10T19:01:59","modified_gmt":"2018-11-10T19:01:59","slug":"treballant-les-habilitats-linguistiques-amb-una-metodologia-diferent","status":"publish","type":"page","link":"https:\/\/escolagrancapita.wpcomstaging.com\/?page_id=7211","title":{"rendered":"Treballant les habilitats ling\u00fc\u00edstiques amb una metodologia diferent!"},"content":{"rendered":"<p>Des de 1r fins a 6\u00e8 de prim\u00e0ria, els nostres alumnes treballen la llengua mitjan\u00e7ant el llibre de <strong>Llengua+<\/strong> i altres materials complementaris l\u00fadics.<\/p>\n<p>Aquest nou llibre permet als alumnes aprendre d\u2019una manera m\u00e9s lliure i din\u00e0mica. El llibre consta de diferents apartats per desenvolupar correctament totes les habilitats ling\u00fc\u00edstiques.<\/p>\n<p>Els professors podem organitzar les diferents tasques en funci\u00f3 de les necessitats dels nostres alumnes .<\/p>\n<p>Aquesta nova metodologia fomenta el joc i sobretot el treball d\u2019expressi\u00f3 oral.<\/p>\n<p>Us mostrem algunes imatges dels nostres alumnes treballant la llengua:<\/p>\n<div id='gallery-1' class='gallery galleryid-7211 gallery-columns-3 gallery-size-large'><figure class='gallery-item'>\n\t\t\t<div class='gallery-icon landscape'>\n\t\t\t\t<img loading=\"lazy\" decoding=\"async\" width=\"750\" height=\"563\" src=\"https:\/\/i0.wp.com\/escolagrancapita.wpcomstaging.com\/wp-content\/uploads\/2018\/10\/IMG-1574-2.jpg?fit=750%2C563&amp;ssl=1\" class=\"attachment-large size-large\" alt=\"\" srcset=\"https:\/\/i0.wp.com\/escolagrancapita.wpcomstaging.com\/wp-content\/uploads\/2018\/10\/IMG-1574-2.jpg?w=3264&amp;ssl=1 3264w, https:\/\/i0.wp.com\/escolagrancapita.wpcomstaging.com\/wp-content\/uploads\/2018\/10\/IMG-1574-2.jpg?resize=300%2C225&amp;ssl=1 300w, https:\/\/i0.wp.com\/escolagrancapita.wpcomstaging.com\/wp-content\/uploads\/2018\/10\/IMG-1574-2.jpg?resize=768%2C576&amp;ssl=1 768w, https:\/\/i0.wp.com\/escolagrancapita.wpcomstaging.com\/wp-content\/uploads\/2018\/10\/IMG-1574-2.jpg?resize=1024%2C768&amp;ssl=1 1024w, https:\/\/i0.wp.com\/escolagrancapita.wpcomstaging.com\/wp-content\/uploads\/2018\/10\/IMG-1574-2.jpg?w=1500&amp;ssl=1 1500w, https:\/\/i0.wp.com\/escolagrancapita.wpcomstaging.com\/wp-content\/uploads\/2018\/10\/IMG-1574-2.jpg?w=2250&amp;ssl=1 2250w\" sizes=\"auto, (max-width: 750px) 100vw, 750px\" \/>\n\t\t\t<\/div><\/figure><figure class='gallery-item'>\n\t\t\t<div class='gallery-icon landscape'>\n\t\t\t\t<img loading=\"lazy\" decoding=\"async\" width=\"750\" height=\"563\" src=\"https:\/\/i0.wp.com\/escolagrancapita.wpcomstaging.com\/wp-content\/uploads\/2018\/10\/IMG-1575.jpg?fit=750%2C563&amp;ssl=1\" class=\"attachment-large size-large\" alt=\"\" srcset=\"https:\/\/i0.wp.com\/escolagrancapita.wpcomstaging.com\/wp-content\/uploads\/2018\/10\/IMG-1575.jpg?w=3264&amp;ssl=1 3264w, https:\/\/i0.wp.com\/escolagrancapita.wpcomstaging.com\/wp-content\/uploads\/2018\/10\/IMG-1575.jpg?resize=300%2C225&amp;ssl=1 300w, https:\/\/i0.wp.com\/escolagrancapita.wpcomstaging.com\/wp-content\/uploads\/2018\/10\/IMG-1575.jpg?resize=768%2C576&amp;ssl=1 768w, https:\/\/i0.wp.com\/escolagrancapita.wpcomstaging.com\/wp-content\/uploads\/2018\/10\/IMG-1575.jpg?resize=1024%2C768&amp;ssl=1 1024w, https:\/\/i0.wp.com\/escolagrancapita.wpcomstaging.com\/wp-content\/uploads\/2018\/10\/IMG-1575.jpg?w=1500&amp;ssl=1 1500w, https:\/\/i0.wp.com\/escolagrancapita.wpcomstaging.com\/wp-content\/uploads\/2018\/10\/IMG-1575.jpg?w=2250&amp;ssl=1 2250w\" sizes=\"auto, (max-width: 750px) 100vw, 750px\" \/>\n\t\t\t<\/div><\/figure><figure class='gallery-item'>\n\t\t\t<div class='gallery-icon landscape'>\n\t\t\t\t<img loading=\"lazy\" decoding=\"async\" width=\"750\" height=\"563\" src=\"https:\/\/i0.wp.com\/escolagrancapita.wpcomstaging.com\/wp-content\/uploads\/2018\/10\/thumbnail_IMG_4494.jpg?fit=750%2C563&amp;ssl=1\" class=\"attachment-large size-large\" alt=\"\" srcset=\"https:\/\/i0.wp.com\/escolagrancapita.wpcomstaging.com\/wp-content\/uploads\/2018\/10\/thumbnail_IMG_4494.jpg?w=1280&amp;ssl=1 1280w, https:\/\/i0.wp.com\/escolagrancapita.wpcomstaging.com\/wp-content\/uploads\/2018\/10\/thumbnail_IMG_4494.jpg?resize=300%2C225&amp;ssl=1 300w, https:\/\/i0.wp.com\/escolagrancapita.wpcomstaging.com\/wp-content\/uploads\/2018\/10\/thumbnail_IMG_4494.jpg?resize=768%2C576&amp;ssl=1 768w, https:\/\/i0.wp.com\/escolagrancapita.wpcomstaging.com\/wp-content\/uploads\/2018\/10\/thumbnail_IMG_4494.jpg?resize=1024%2C768&amp;ssl=1 1024w\" sizes=\"auto, (max-width: 750px) 100vw, 750px\" \/>\n\t\t\t<\/div><\/figure>\n\t\t<\/div>\n\n<div id='gallery-2' class='gallery galleryid-7211 gallery-columns-2 gallery-size-large'><figure class='gallery-item'>\n\t\t\t<div class='gallery-icon landscape'>\n\t\t\t\t<img loading=\"lazy\" decoding=\"async\" width=\"750\" height=\"563\" src=\"https:\/\/i0.wp.com\/escolagrancapita.wpcomstaging.com\/wp-content\/uploads\/2018\/10\/cinqu%C3%A8.jpg?fit=750%2C563&amp;ssl=1\" class=\"attachment-large size-large\" alt=\"\" \/>\n\t\t\t<\/div><\/figure><figure class='gallery-item'>\n\t\t\t<div class='gallery-icon landscape'>\n\t\t\t\t<img loading=\"lazy\" decoding=\"async\" width=\"750\" height=\"563\" src=\"https:\/\/i0.wp.com\/escolagrancapita.wpcomstaging.com\/wp-content\/uploads\/2018\/10\/thumbnail_IMG_5214.jpg?fit=750%2C563&amp;ssl=1\" class=\"attachment-large size-large\" alt=\"\" srcset=\"https:\/\/i0.wp.com\/escolagrancapita.wpcomstaging.com\/wp-content\/uploads\/2018\/10\/thumbnail_IMG_5214.jpg?w=1280&amp;ssl=1 1280w, https:\/\/i0.wp.com\/escolagrancapita.wpcomstaging.com\/wp-content\/uploads\/2018\/10\/thumbnail_IMG_5214.jpg?resize=300%2C225&amp;ssl=1 300w, https:\/\/i0.wp.com\/escolagrancapita.wpcomstaging.com\/wp-content\/uploads\/2018\/10\/thumbnail_IMG_5214.jpg?resize=768%2C576&amp;ssl=1 768w, https:\/\/i0.wp.com\/escolagrancapita.wpcomstaging.com\/wp-content\/uploads\/2018\/10\/thumbnail_IMG_5214.jpg?resize=1024%2C768&amp;ssl=1 1024w\" sizes=\"auto, (max-width: 750px) 100vw, 750px\" \/>\n\t\t\t<\/div><\/figure>\n\t\t<\/div>\n\n","protected":false},"excerpt":{"rendered":"<p>Des de 1r fins a 6\u00e8 de prim\u00e0ria, els nostres alumnes treballen la llengua mitjan\u00e7ant el llibre de Llengua+ i altres materials complementaris l\u00fadics. Aquest nou llibre permet als alumnes aprendre d\u2019una manera m\u00e9s lliure i din\u00e0mica. El llibre consta<\/p>\n","protected":false},"author":1,"featured_media":0,"parent":661,"menu_order":0,"comment_status":"closed","ping_status":"closed","template":"","meta":{"_crdt_document":"","footnotes":""},"categories":[75],"tags":[109,86],"class_list":["post-7211","page","type-page","status-publish","hentry","category-activitats","tag-curs-2018-19","tag-ed-primaria"],"jetpack_sharing_enabled":true,"_links":{"self":[{"href":"https:\/\/escolagrancapita.wpcomstaging.com\/index.php?rest_route=\/wp\/v2\/pages\/7211","targetHints":{"allow":["GET"]}}],"collection":[{"href":"https:\/\/escolagrancapita.wpcomstaging.com\/index.php?rest_route=\/wp\/v2\/pages"}],"about":[{"href":"https:\/\/escolagrancapita.wpcomstaging.com\/index.php?rest_route=\/wp\/v2\/types\/page"}],"author":[{"embeddable":true,"href":"https:\/\/escolagrancapita.wpcomstaging.com\/index.php?rest_route=\/wp\/v2\/users\/1"}],"replies":[{"embeddable":true,"href":"https:\/\/escolagrancapita.wpcomstaging.com\/index.php?rest_route=%2Fwp%2Fv2%2Fcomments&post=7211"}],"version-history":[{"count":0,"href":"https:\/\/escolagrancapita.wpcomstaging.com\/index.php?rest_route=\/wp\/v2\/pages\/7211\/revisions"}],"up":[{"embeddable":true,"href":"https:\/\/escolagrancapita.wpcomstaging.com\/index.php?rest_route=\/wp\/v2\/pages\/661"}],"wp:attachment":[{"href":"https:\/\/escolagrancapita.wpcomstaging.com\/index.php?rest_route=%2Fwp%2Fv2%2Fmedia&parent=7211"}],"wp:term":[{"taxonomy":"category","embeddable":true,"href":"https:\/\/escolagrancapita.wpcomstaging.com\/index.php?rest_route=%2Fwp%2Fv2%2Fcategories&post=7211"},{"taxonomy":"post_tag","embeddable":true,"href":"https:\/\/escolagrancapita.wpcomstaging.com\/index.php?rest_route=%2Fwp%2Fv2%2Ftags&post=7211"}],"curies":[{"name":"wp","href":"https:\/\/api.w.org\/{rel}","templated":true}]}}