{"id":7536,"date":"2018-11-18T18:13:36","date_gmt":"2018-11-18T18:13:36","guid":{"rendered":"https:\/\/escolagrancapita.wpcomstaging.com\/?page_id=7536"},"modified":"2019-11-03T18:13:28","modified_gmt":"2019-11-03T18:13:28","slug":"6e-i-1r-deso-participen-a-la-gimcana-matematica","status":"publish","type":"page","link":"https:\/\/escolagrancapita.wpcomstaging.com\/?page_id=7536","title":{"rendered":"Setmana de la Ci\u00e8ncia:  Gimcana matem\u00e0tica"},"content":{"rendered":"<p style=\"text-align: justify;\">El passat divendres 16 de novembre, els nostres alumnes de 6\u00e8 i 1r d&#8217;ESO van participar a la 4a Setmana de la Ci\u00e8ncia de Sant Joan Desp\u00ed.<\/p>\n<p style=\"text-align: justify;\">Aquests dies estan dedicats a posar en valor la import\u00e0ncia de la ci\u00e8ncia per entendre el m\u00f3n i despertar la curiositat pel descobriment cient\u00edfic entre els nens i nenes.<\/p>\n<p style=\"text-align: justify;\">Aix\u00ed, la nostra escola va participar a l&#8217;activitat d&#8217;intercanvi entre alumnes de 6\u00e8 i 1r d&#8217;ESO al voltant de la matem\u00e0tica i la resoluci\u00f3 de problemes.<\/p>\n<p style=\"text-align: justify;\">A m\u00e9s d&#8217;estimular el pensament reflexiu i l\u00f2gic, els alumnes van passar una molt bona estona amb els companys d&#8217;altres escoles.<\/p>\n<p style=\"text-align: justify;\">Podeu veure algunes fotos!<\/p>\n<div id='gallery-1' class='gallery galleryid-7536 gallery-columns-2 gallery-size-large'><figure class='gallery-item'>\n\t\t\t<div class='gallery-icon portrait'>\n\t\t\t\t<img loading=\"lazy\" decoding=\"async\" width=\"750\" height=\"1000\" src=\"https:\/\/i0.wp.com\/escolagrancapita.wpcomstaging.com\/wp-content\/uploads\/2018\/11\/6PRI_CIENCIA_1.jpg?fit=750%2C1000&amp;ssl=1\" class=\"attachment-large size-large\" alt=\"\" srcset=\"https:\/\/i0.wp.com\/escolagrancapita.wpcomstaging.com\/wp-content\/uploads\/2018\/11\/6PRI_CIENCIA_1.jpg?w=1200&amp;ssl=1 1200w, https:\/\/i0.wp.com\/escolagrancapita.wpcomstaging.com\/wp-content\/uploads\/2018\/11\/6PRI_CIENCIA_1.jpg?resize=225%2C300&amp;ssl=1 225w, https:\/\/i0.wp.com\/escolagrancapita.wpcomstaging.com\/wp-content\/uploads\/2018\/11\/6PRI_CIENCIA_1.jpg?resize=768%2C1024&amp;ssl=1 768w\" sizes=\"auto, (max-width: 750px) 100vw, 750px\" \/>\n\t\t\t<\/div><\/figure><figure class='gallery-item'>\n\t\t\t<div class='gallery-icon portrait'>\n\t\t\t\t<img loading=\"lazy\" decoding=\"async\" width=\"750\" height=\"1000\" src=\"https:\/\/i0.wp.com\/escolagrancapita.wpcomstaging.com\/wp-content\/uploads\/2018\/11\/6PRI_CIENCIA_2.jpg?fit=750%2C1000&amp;ssl=1\" class=\"attachment-large size-large\" alt=\"\" srcset=\"https:\/\/i0.wp.com\/escolagrancapita.wpcomstaging.com\/wp-content\/uploads\/2018\/11\/6PRI_CIENCIA_2.jpg?w=1200&amp;ssl=1 1200w, https:\/\/i0.wp.com\/escolagrancapita.wpcomstaging.com\/wp-content\/uploads\/2018\/11\/6PRI_CIENCIA_2.jpg?resize=225%2C300&amp;ssl=1 225w, https:\/\/i0.wp.com\/escolagrancapita.wpcomstaging.com\/wp-content\/uploads\/2018\/11\/6PRI_CIENCIA_2.jpg?resize=768%2C1024&amp;ssl=1 768w\" sizes=\"auto, (max-width: 750px) 100vw, 750px\" \/>\n\t\t\t<\/div><\/figure>\n\t\t<\/div>\n\n<div id='gallery-2' class='gallery galleryid-7536 gallery-columns-3 gallery-size-large'><figure class='gallery-item'>\n\t\t\t<div class='gallery-icon landscape'>\n\t\t\t\t<img loading=\"lazy\" decoding=\"async\" width=\"640\" height=\"480\" src=\"https:\/\/i0.wp.com\/escolagrancapita.wpcomstaging.com\/wp-content\/uploads\/2018\/11\/6PRI_CIENCIA_3.jpg?fit=640%2C480&amp;ssl=1\" class=\"attachment-large size-large\" alt=\"\" srcset=\"https:\/\/i0.wp.com\/escolagrancapita.wpcomstaging.com\/wp-content\/uploads\/2018\/11\/6PRI_CIENCIA_3.jpg?w=640&amp;ssl=1 640w, https:\/\/i0.wp.com\/escolagrancapita.wpcomstaging.com\/wp-content\/uploads\/2018\/11\/6PRI_CIENCIA_3.jpg?resize=300%2C225&amp;ssl=1 300w\" sizes=\"auto, (max-width: 640px) 100vw, 640px\" \/>\n\t\t\t<\/div><\/figure><figure class='gallery-item'>\n\t\t\t<div class='gallery-icon landscape'>\n\t\t\t\t<img loading=\"lazy\" decoding=\"async\" width=\"640\" height=\"480\" src=\"https:\/\/i0.wp.com\/escolagrancapita.wpcomstaging.com\/wp-content\/uploads\/2018\/11\/6PRI_CIENCIA_4.jpg?fit=640%2C480&amp;ssl=1\" class=\"attachment-large size-large\" alt=\"\" srcset=\"https:\/\/i0.wp.com\/escolagrancapita.wpcomstaging.com\/wp-content\/uploads\/2018\/11\/6PRI_CIENCIA_4.jpg?w=640&amp;ssl=1 640w, https:\/\/i0.wp.com\/escolagrancapita.wpcomstaging.com\/wp-content\/uploads\/2018\/11\/6PRI_CIENCIA_4.jpg?resize=300%2C225&amp;ssl=1 300w\" sizes=\"auto, (max-width: 640px) 100vw, 640px\" \/>\n\t\t\t<\/div><\/figure><figure class='gallery-item'>\n\t\t\t<div class='gallery-icon landscape'>\n\t\t\t\t<img loading=\"lazy\" decoding=\"async\" width=\"640\" height=\"480\" src=\"https:\/\/i0.wp.com\/escolagrancapita.wpcomstaging.com\/wp-content\/uploads\/2018\/11\/6PRI_CIENCIA_5.jpg?fit=640%2C480&amp;ssl=1\" class=\"attachment-large size-large\" alt=\"\" srcset=\"https:\/\/i0.wp.com\/escolagrancapita.wpcomstaging.com\/wp-content\/uploads\/2018\/11\/6PRI_CIENCIA_5.jpg?w=640&amp;ssl=1 640w, https:\/\/i0.wp.com\/escolagrancapita.wpcomstaging.com\/wp-content\/uploads\/2018\/11\/6PRI_CIENCIA_5.jpg?resize=300%2C225&amp;ssl=1 300w\" sizes=\"auto, (max-width: 640px) 100vw, 640px\" \/>\n\t\t\t<\/div><\/figure>\n\t\t<\/div>\n\n<div id='gallery-3' class='gallery galleryid-7536 gallery-columns-1 gallery-size-full'><figure class='gallery-item'>\n\t\t\t<div class='gallery-icon landscape'>\n\t\t\t\t<img loading=\"lazy\" decoding=\"async\" width=\"564\" height=\"370\" src=\"https:\/\/i0.wp.com\/escolagrancapita.wpcomstaging.com\/wp-content\/uploads\/2018\/11\/6PRI_CIENCIA_6.jpg?fit=564%2C370&amp;ssl=1\" class=\"attachment-full size-full\" alt=\"\" srcset=\"https:\/\/i0.wp.com\/escolagrancapita.wpcomstaging.com\/wp-content\/uploads\/2018\/11\/6PRI_CIENCIA_6.jpg?w=564&amp;ssl=1 564w, https:\/\/i0.wp.com\/escolagrancapita.wpcomstaging.com\/wp-content\/uploads\/2018\/11\/6PRI_CIENCIA_6.jpg?resize=300%2C197&amp;ssl=1 300w\" sizes=\"auto, (max-width: 564px) 100vw, 564px\" \/>\n\t\t\t<\/div><\/figure>\n\t\t<\/div>\n\n","protected":false},"excerpt":{"rendered":"<p>El passat divendres 16 de novembre, els nostres alumnes de 6\u00e8 i 1r d&#8217;ESO van participar a la 4a Setmana de la Ci\u00e8ncia de Sant Joan Desp\u00ed. Aquests dies estan dedicats a posar en valor la import\u00e0ncia de la ci\u00e8ncia<\/p>\n","protected":false},"author":1,"featured_media":0,"parent":4246,"menu_order":0,"comment_status":"closed","ping_status":"closed","template":"","meta":{"_crdt_document":"","footnotes":""},"categories":[75],"tags":[109,86,43,56,102],"class_list":["post-7536","page","type-page","status-publish","hentry","category-activitats","tag-curs-2018-19","tag-ed-primaria","tag-ed-secundaria","tag-sant-joan-despi","tag-setmana-de-la-ciencia"],"jetpack_sharing_enabled":true,"_links":{"self":[{"href":"https:\/\/escolagrancapita.wpcomstaging.com\/index.php?rest_route=\/wp\/v2\/pages\/7536","targetHints":{"allow":["GET"]}}],"collection":[{"href":"https:\/\/escolagrancapita.wpcomstaging.com\/index.php?rest_route=\/wp\/v2\/pages"}],"about":[{"href":"https:\/\/escolagrancapita.wpcomstaging.com\/index.php?rest_route=\/wp\/v2\/types\/page"}],"author":[{"embeddable":true,"href":"https:\/\/escolagrancapita.wpcomstaging.com\/index.php?rest_route=\/wp\/v2\/users\/1"}],"replies":[{"embeddable":true,"href":"https:\/\/escolagrancapita.wpcomstaging.com\/index.php?rest_route=%2Fwp%2Fv2%2Fcomments&post=7536"}],"version-history":[{"count":0,"href":"https:\/\/escolagrancapita.wpcomstaging.com\/index.php?rest_route=\/wp\/v2\/pages\/7536\/revisions"}],"up":[{"embeddable":true,"href":"https:\/\/escolagrancapita.wpcomstaging.com\/index.php?rest_route=\/wp\/v2\/pages\/4246"}],"wp:attachment":[{"href":"https:\/\/escolagrancapita.wpcomstaging.com\/index.php?rest_route=%2Fwp%2Fv2%2Fmedia&parent=7536"}],"wp:term":[{"taxonomy":"category","embeddable":true,"href":"https:\/\/escolagrancapita.wpcomstaging.com\/index.php?rest_route=%2Fwp%2Fv2%2Fcategories&post=7536"},{"taxonomy":"post_tag","embeddable":true,"href":"https:\/\/escolagrancapita.wpcomstaging.com\/index.php?rest_route=%2Fwp%2Fv2%2Ftags&post=7536"}],"curies":[{"name":"wp","href":"https:\/\/api.w.org\/{rel}","templated":true}]}}