{"id":7710,"date":"2018-11-27T21:16:14","date_gmt":"2018-11-27T21:16:14","guid":{"rendered":"https:\/\/escolagrancapita.wpcomstaging.com\/?page_id=7710"},"modified":"2018-11-27T21:16:14","modified_gmt":"2018-11-27T21:16:14","slug":"qui-viu-a-lestany","status":"publish","type":"page","link":"https:\/\/escolagrancapita.wpcomstaging.com\/?page_id=7710","title":{"rendered":"Qui viu a l&#8217;estany?"},"content":{"rendered":"<p>El dia 13 de novembre, celebrant la <a href=\"https:\/\/escolagrancapita.wpcomstaging.com\/?p=7351\">4a Setmana de la Ci\u00e8ncia<\/a>, 1r de Prim\u00e0ria va fer una sortida al Parc de la Fontsanta per realitzar l&#8217;activitat &#8220;<a href=\"http:\/\/www.amb.cat\/es\/web\/medi-ambient\/agenda\/detall\/-\/activitat\/qui-viu-a-l-estany-\/5735317\/11818\">Qui viu a l&#8217;estany?<\/a>&#8220;.<\/p>\n<p>Dies abans, a classe, es va fer una introducci\u00f3 al tema. Es va estudiar qu\u00e8 \u00e9s un estany, quins \u00e9ssers vius hi podem trobar i qu\u00e8 fer per cuidar-lo i conservar-lo.<\/p>\n<p>El dia de la sortida, un monitor va explicar als alumnes quines s\u00f3n les esp\u00e8cies (animals i vegetals) que viuen en aquest ecosistema i tot seguit les van observar de ben a prop!<\/p>\n<p>Els nens i nenes van poder veure en detall capgrossos, lib\u00e8l\u00b7lules&#8230; i tot un bon grapat d&#8217;amfibis, invertebrats, insectes i plantes que habiten l&#8217;estany del parc.<\/p>\n<p>Els monitors van fer molt din\u00e0miques les seves explicacions mitjan\u00e7ant el joc. Va ser un experi\u00e8ncia molt enriquidora i divertida!<\/p>\n<p>No us podeu imaginar quanta vida s&#8217;amaga al bell mig de la nostra ciutat!<\/p>\n<div id='gallery-1' class='gallery galleryid-7710 gallery-columns-4 gallery-size-large'><figure class='gallery-item'>\n\t\t\t<div class='gallery-icon portrait'>\n\t\t\t\t<img loading=\"lazy\" decoding=\"async\" width=\"750\" height=\"1000\" src=\"https:\/\/i0.wp.com\/escolagrancapita.wpcomstaging.com\/wp-content\/uploads\/2018\/11\/IMG_9640-e1543174604456.jpg?fit=750%2C1000&amp;ssl=1\" class=\"attachment-large size-large\" alt=\"\" srcset=\"https:\/\/i0.wp.com\/escolagrancapita.wpcomstaging.com\/wp-content\/uploads\/2018\/11\/IMG_9640-e1543174604456.jpg?w=1512&amp;ssl=1 1512w, https:\/\/i0.wp.com\/escolagrancapita.wpcomstaging.com\/wp-content\/uploads\/2018\/11\/IMG_9640-e1543174604456.jpg?resize=225%2C300&amp;ssl=1 225w, https:\/\/i0.wp.com\/escolagrancapita.wpcomstaging.com\/wp-content\/uploads\/2018\/11\/IMG_9640-e1543174604456.jpg?resize=768%2C1024&amp;ssl=1 768w\" sizes=\"auto, (max-width: 750px) 100vw, 750px\" \/>\n\t\t\t<\/div><\/figure><figure class='gallery-item'>\n\t\t\t<div class='gallery-icon portrait'>\n\t\t\t\t<img loading=\"lazy\" decoding=\"async\" width=\"750\" height=\"1000\" src=\"https:\/\/i0.wp.com\/escolagrancapita.wpcomstaging.com\/wp-content\/uploads\/2018\/11\/IMG_9641-e1543174580670.jpg?fit=750%2C1000&amp;ssl=1\" class=\"attachment-large size-large\" alt=\"\" srcset=\"https:\/\/i0.wp.com\/escolagrancapita.wpcomstaging.com\/wp-content\/uploads\/2018\/11\/IMG_9641-e1543174580670.jpg?w=1512&amp;ssl=1 1512w, https:\/\/i0.wp.com\/escolagrancapita.wpcomstaging.com\/wp-content\/uploads\/2018\/11\/IMG_9641-e1543174580670.jpg?resize=225%2C300&amp;ssl=1 225w, https:\/\/i0.wp.com\/escolagrancapita.wpcomstaging.com\/wp-content\/uploads\/2018\/11\/IMG_9641-e1543174580670.jpg?resize=768%2C1024&amp;ssl=1 768w\" sizes=\"auto, (max-width: 750px) 100vw, 750px\" \/>\n\t\t\t<\/div><\/figure><figure class='gallery-item'>\n\t\t\t<div class='gallery-icon portrait'>\n\t\t\t\t<img loading=\"lazy\" decoding=\"async\" width=\"750\" height=\"1000\" src=\"https:\/\/i0.wp.com\/escolagrancapita.wpcomstaging.com\/wp-content\/uploads\/2018\/11\/IMG_9647-e1543174556220.jpg?fit=750%2C1000&amp;ssl=1\" class=\"attachment-large size-large\" alt=\"\" srcset=\"https:\/\/i0.wp.com\/escolagrancapita.wpcomstaging.com\/wp-content\/uploads\/2018\/11\/IMG_9647-e1543174556220.jpg?w=1512&amp;ssl=1 1512w, https:\/\/i0.wp.com\/escolagrancapita.wpcomstaging.com\/wp-content\/uploads\/2018\/11\/IMG_9647-e1543174556220.jpg?resize=225%2C300&amp;ssl=1 225w, https:\/\/i0.wp.com\/escolagrancapita.wpcomstaging.com\/wp-content\/uploads\/2018\/11\/IMG_9647-e1543174556220.jpg?resize=768%2C1024&amp;ssl=1 768w\" sizes=\"auto, (max-width: 750px) 100vw, 750px\" \/>\n\t\t\t<\/div><\/figure><figure class='gallery-item'>\n\t\t\t<div class='gallery-icon portrait'>\n\t\t\t\t<img loading=\"lazy\" decoding=\"async\" width=\"750\" height=\"1000\" src=\"https:\/\/i0.wp.com\/escolagrancapita.wpcomstaging.com\/wp-content\/uploads\/2018\/11\/IMG_9650-e1543174474618.jpg?fit=750%2C1000&amp;ssl=1\" class=\"attachment-large size-large\" alt=\"\" srcset=\"https:\/\/i0.wp.com\/escolagrancapita.wpcomstaging.com\/wp-content\/uploads\/2018\/11\/IMG_9650-e1543174474618.jpg?w=1512&amp;ssl=1 1512w, https:\/\/i0.wp.com\/escolagrancapita.wpcomstaging.com\/wp-content\/uploads\/2018\/11\/IMG_9650-e1543174474618.jpg?resize=225%2C300&amp;ssl=1 225w, https:\/\/i0.wp.com\/escolagrancapita.wpcomstaging.com\/wp-content\/uploads\/2018\/11\/IMG_9650-e1543174474618.jpg?resize=768%2C1024&amp;ssl=1 768w\" sizes=\"auto, (max-width: 750px) 100vw, 750px\" \/>\n\t\t\t<\/div><\/figure>\n\t\t<\/div>\n\n","protected":false},"excerpt":{"rendered":"<p>El dia 13 de novembre, celebrant la 4a Setmana de la Ci\u00e8ncia, 1r de Prim\u00e0ria va fer una sortida al Parc de la Fontsanta per realitzar l&#8217;activitat &#8220;Qui viu a l&#8217;estany?&#8220;. Dies abans, a classe, es va fer una introducci\u00f3<\/p>\n","protected":false},"author":1,"featured_media":0,"parent":661,"menu_order":0,"comment_status":"closed","ping_status":"closed","template":"","meta":{"_crdt_document":"","footnotes":""},"categories":[75],"tags":[109,86,102],"class_list":["post-7710","page","type-page","status-publish","hentry","category-activitats","tag-curs-2018-19","tag-ed-primaria","tag-setmana-de-la-ciencia"],"jetpack_sharing_enabled":true,"_links":{"self":[{"href":"https:\/\/escolagrancapita.wpcomstaging.com\/index.php?rest_route=\/wp\/v2\/pages\/7710","targetHints":{"allow":["GET"]}}],"collection":[{"href":"https:\/\/escolagrancapita.wpcomstaging.com\/index.php?rest_route=\/wp\/v2\/pages"}],"about":[{"href":"https:\/\/escolagrancapita.wpcomstaging.com\/index.php?rest_route=\/wp\/v2\/types\/page"}],"author":[{"embeddable":true,"href":"https:\/\/escolagrancapita.wpcomstaging.com\/index.php?rest_route=\/wp\/v2\/users\/1"}],"replies":[{"embeddable":true,"href":"https:\/\/escolagrancapita.wpcomstaging.com\/index.php?rest_route=%2Fwp%2Fv2%2Fcomments&post=7710"}],"version-history":[{"count":0,"href":"https:\/\/escolagrancapita.wpcomstaging.com\/index.php?rest_route=\/wp\/v2\/pages\/7710\/revisions"}],"up":[{"embeddable":true,"href":"https:\/\/escolagrancapita.wpcomstaging.com\/index.php?rest_route=\/wp\/v2\/pages\/661"}],"wp:attachment":[{"href":"https:\/\/escolagrancapita.wpcomstaging.com\/index.php?rest_route=%2Fwp%2Fv2%2Fmedia&parent=7710"}],"wp:term":[{"taxonomy":"category","embeddable":true,"href":"https:\/\/escolagrancapita.wpcomstaging.com\/index.php?rest_route=%2Fwp%2Fv2%2Fcategories&post=7710"},{"taxonomy":"post_tag","embeddable":true,"href":"https:\/\/escolagrancapita.wpcomstaging.com\/index.php?rest_route=%2Fwp%2Fv2%2Ftags&post=7710"}],"curies":[{"name":"wp","href":"https:\/\/api.w.org\/{rel}","templated":true}]}}