{"id":7926,"date":"2018-12-16T11:26:52","date_gmt":"2018-12-16T11:26:52","guid":{"rendered":"https:\/\/escolagrancapita.wpcomstaging.com\/?page_id=7926"},"modified":"2019-02-17T16:31:20","modified_gmt":"2019-02-17T16:31:20","slug":"fem-la-carta-als-reis","status":"publish","type":"page","link":"https:\/\/escolagrancapita.wpcomstaging.com\/?page_id=7926","title":{"rendered":"Fem la carta als reis"},"content":{"rendered":"<p><a href=\"https:\/\/escolagrancapita.wpcomstaging.com\/?page_id=7556\">Com ja sabeu<\/a>, els\/les alumnes de 2n de Prim\u00e0ria s\u00f3n els padrins i madrines dels nens i nenes de P5 (Els cavalls\u00a0<span class=\"emoji\">&#x1f40e;<\/span>).<\/p>\n<p>En sessions anteriors van gaudir de contes que van preparar els grans amb molta il\u00b7lusi\u00f3.<\/p>\n<p>Ara que s&#8217;apropen les festes nadalenques, toca escriure la carta als Reis Mags.<\/p>\n<p>Despr\u00e9s de triar les joguines desitjades, amb l&#8217;ajuda dels seus padrins i madrines, cada fillol\/a va escriure els regals que volien, juntament amb dibuixos de cadascun i la seva signatura.<\/p>\n<p>Un dels objectius principals d\u2019aquesta activitat \u00e9s la relaci\u00f3 i cooperaci\u00f3 entre els alumnes d&#8217;Infantil i els de Prim\u00e0ria. L&#8217;estreta relaci\u00f3 entre els nens i nenes facilita molt l&#8217;aprenentatge.<\/p>\n<p>Ara les cartes ja\u00a0estan preparades, nom\u00e9s queda enviar-les\u2026 Quins nervis!\u00a0<span class=\"emoji\">&#x1f381;<\/span><span class=\"emoji\">!<\/span><\/p>\n<div id='gallery-1' class='gallery galleryid-7926 gallery-columns-3 gallery-size-large'><figure class='gallery-item'>\n\t\t\t<div class='gallery-icon portrait'>\n\t\t\t\t<img loading=\"lazy\" decoding=\"async\" width=\"750\" height=\"1000\" src=\"https:\/\/i0.wp.com\/escolagrancapita.wpcomstaging.com\/wp-content\/uploads\/2018\/12\/Carta-reis_P5-INF_2-e1544554894429.jpg?fit=750%2C1000&amp;ssl=1\" class=\"attachment-large size-large\" alt=\"\" srcset=\"https:\/\/i0.wp.com\/escolagrancapita.wpcomstaging.com\/wp-content\/uploads\/2018\/12\/Carta-reis_P5-INF_2-e1544554894429.jpg?w=2448&amp;ssl=1 2448w, https:\/\/i0.wp.com\/escolagrancapita.wpcomstaging.com\/wp-content\/uploads\/2018\/12\/Carta-reis_P5-INF_2-e1544554894429.jpg?resize=225%2C300&amp;ssl=1 225w, https:\/\/i0.wp.com\/escolagrancapita.wpcomstaging.com\/wp-content\/uploads\/2018\/12\/Carta-reis_P5-INF_2-e1544554894429.jpg?resize=768%2C1024&amp;ssl=1 768w, https:\/\/i0.wp.com\/escolagrancapita.wpcomstaging.com\/wp-content\/uploads\/2018\/12\/Carta-reis_P5-INF_2-e1544554894429.jpg?w=1500&amp;ssl=1 1500w, https:\/\/i0.wp.com\/escolagrancapita.wpcomstaging.com\/wp-content\/uploads\/2018\/12\/Carta-reis_P5-INF_2-e1544554894429.jpg?w=2250&amp;ssl=1 2250w\" sizes=\"auto, (max-width: 750px) 100vw, 750px\" \/>\n\t\t\t<\/div><\/figure><figure class='gallery-item'>\n\t\t\t<div class='gallery-icon portrait'>\n\t\t\t\t<img loading=\"lazy\" decoding=\"async\" width=\"750\" height=\"1000\" src=\"https:\/\/i0.wp.com\/escolagrancapita.wpcomstaging.com\/wp-content\/uploads\/2018\/12\/Carta-reis_P5-INF_1-e1544554906596.jpg?fit=750%2C1000&amp;ssl=1\" class=\"attachment-large size-large\" alt=\"\" srcset=\"https:\/\/i0.wp.com\/escolagrancapita.wpcomstaging.com\/wp-content\/uploads\/2018\/12\/Carta-reis_P5-INF_1-e1544554906596.jpg?w=2448&amp;ssl=1 2448w, https:\/\/i0.wp.com\/escolagrancapita.wpcomstaging.com\/wp-content\/uploads\/2018\/12\/Carta-reis_P5-INF_1-e1544554906596.jpg?resize=225%2C300&amp;ssl=1 225w, https:\/\/i0.wp.com\/escolagrancapita.wpcomstaging.com\/wp-content\/uploads\/2018\/12\/Carta-reis_P5-INF_1-e1544554906596.jpg?resize=768%2C1024&amp;ssl=1 768w, https:\/\/i0.wp.com\/escolagrancapita.wpcomstaging.com\/wp-content\/uploads\/2018\/12\/Carta-reis_P5-INF_1-e1544554906596.jpg?w=1500&amp;ssl=1 1500w, https:\/\/i0.wp.com\/escolagrancapita.wpcomstaging.com\/wp-content\/uploads\/2018\/12\/Carta-reis_P5-INF_1-e1544554906596.jpg?w=2250&amp;ssl=1 2250w\" sizes=\"auto, (max-width: 750px) 100vw, 750px\" \/>\n\t\t\t<\/div><\/figure><figure class='gallery-item'>\n\t\t\t<div class='gallery-icon portrait'>\n\t\t\t\t<img loading=\"lazy\" decoding=\"async\" width=\"750\" height=\"1000\" src=\"https:\/\/i0.wp.com\/escolagrancapita.wpcomstaging.com\/wp-content\/uploads\/2018\/12\/Carta-reis_P5INF_3-e1544554879211.jpg?fit=750%2C1000&amp;ssl=1\" class=\"attachment-large size-large\" alt=\"\" srcset=\"https:\/\/i0.wp.com\/escolagrancapita.wpcomstaging.com\/wp-content\/uploads\/2018\/12\/Carta-reis_P5INF_3-e1544554879211.jpg?w=2448&amp;ssl=1 2448w, https:\/\/i0.wp.com\/escolagrancapita.wpcomstaging.com\/wp-content\/uploads\/2018\/12\/Carta-reis_P5INF_3-e1544554879211.jpg?resize=225%2C300&amp;ssl=1 225w, https:\/\/i0.wp.com\/escolagrancapita.wpcomstaging.com\/wp-content\/uploads\/2018\/12\/Carta-reis_P5INF_3-e1544554879211.jpg?resize=768%2C1024&amp;ssl=1 768w, https:\/\/i0.wp.com\/escolagrancapita.wpcomstaging.com\/wp-content\/uploads\/2018\/12\/Carta-reis_P5INF_3-e1544554879211.jpg?w=1500&amp;ssl=1 1500w, https:\/\/i0.wp.com\/escolagrancapita.wpcomstaging.com\/wp-content\/uploads\/2018\/12\/Carta-reis_P5INF_3-e1544554879211.jpg?w=2250&amp;ssl=1 2250w\" sizes=\"auto, (max-width: 750px) 100vw, 750px\" \/>\n\t\t\t<\/div><\/figure>\n\t\t<\/div>\n\n<p>&nbsp;<\/p>\n","protected":false},"excerpt":{"rendered":"<p>Com ja sabeu, els\/les alumnes de 2n de Prim\u00e0ria s\u00f3n els padrins i madrines dels nens i nenes de P5 (Els cavalls\u00a0&#x1f40e;). En sessions anteriors van gaudir de contes que van preparar els grans amb molta il\u00b7lusi\u00f3. Ara que s&#8217;apropen<\/p>\n","protected":false},"author":1,"featured_media":0,"parent":2927,"menu_order":0,"comment_status":"closed","ping_status":"closed","template":"","meta":{"_crdt_document":"","footnotes":""},"categories":[75],"tags":[109,77,86,84],"class_list":["post-7926","page","type-page","status-publish","hentry","category-activitats","tag-curs-2018-19","tag-ed-infantil","tag-ed-primaria","tag-nadal"],"jetpack_sharing_enabled":true,"_links":{"self":[{"href":"https:\/\/escolagrancapita.wpcomstaging.com\/index.php?rest_route=\/wp\/v2\/pages\/7926","targetHints":{"allow":["GET"]}}],"collection":[{"href":"https:\/\/escolagrancapita.wpcomstaging.com\/index.php?rest_route=\/wp\/v2\/pages"}],"about":[{"href":"https:\/\/escolagrancapita.wpcomstaging.com\/index.php?rest_route=\/wp\/v2\/types\/page"}],"author":[{"embeddable":true,"href":"https:\/\/escolagrancapita.wpcomstaging.com\/index.php?rest_route=\/wp\/v2\/users\/1"}],"replies":[{"embeddable":true,"href":"https:\/\/escolagrancapita.wpcomstaging.com\/index.php?rest_route=%2Fwp%2Fv2%2Fcomments&post=7926"}],"version-history":[{"count":0,"href":"https:\/\/escolagrancapita.wpcomstaging.com\/index.php?rest_route=\/wp\/v2\/pages\/7926\/revisions"}],"up":[{"embeddable":true,"href":"https:\/\/escolagrancapita.wpcomstaging.com\/index.php?rest_route=\/wp\/v2\/pages\/2927"}],"wp:attachment":[{"href":"https:\/\/escolagrancapita.wpcomstaging.com\/index.php?rest_route=%2Fwp%2Fv2%2Fmedia&parent=7926"}],"wp:term":[{"taxonomy":"category","embeddable":true,"href":"https:\/\/escolagrancapita.wpcomstaging.com\/index.php?rest_route=%2Fwp%2Fv2%2Fcategories&post=7926"},{"taxonomy":"post_tag","embeddable":true,"href":"https:\/\/escolagrancapita.wpcomstaging.com\/index.php?rest_route=%2Fwp%2Fv2%2Ftags&post=7926"}],"curies":[{"name":"wp","href":"https:\/\/api.w.org\/{rel}","templated":true}]}}